{"id":59063,"date":"2025-10-20T20:43:07","date_gmt":"2025-10-20T17:43:07","guid":{"rendered":"https:\/\/malinashop.lt\/?post_type=product&#038;p=59063"},"modified":"2026-04-03T15:14:03","modified_gmt":"2026-04-03T12:14:03","slug":"wabi-lupu-balzamas-glossy-touch-candy-sky-15-ml","status":"publish","type":"product","link":"https:\/\/www.malinashop.lt\/en\/shop\/wabi-lupu-balzamas-glossy-touch-candy-sky-15-ml\/","title":{"rendered":"WABI l\u016bp\u0173 balzamas GLOSSY TOUCH Candy Sky, 15 ml"},"content":{"rendered":"<p data-start=\"350\" data-end=\"624\"><strong data-start=\"350\" data-end=\"395\">WABI l\u016bp\u0173 balzamas GLOSSY TOUCH Candy Sky<\/strong> \u2013 tai \u017eaismingas ir efektyvus l\u016bp\u0173 prie\u017ei\u016bros produktas, suteikiantis intensyv\u0173 dr\u0117kinim\u0105, apsaug\u0105 ir nat\u016bral\u0173 putlinimo efekt\u0105. \u0160is balzamas derina gro\u017e\u012f ir komfort\u0105, tod\u0117l l\u016bpos atrodo sveikos, \u0161velnios ir vizualiai pilnesn\u0117s.<\/p>\n<p data-start=\"626\" data-end=\"892\">Maitinanti formul\u0117 su <strong data-start=\"648\" data-end=\"702\">kokos\u0173 aliejumi, mango sviestu ir sezam\u0173 ekstraktu<\/strong> suteikia l\u016bpoms \u0161velnumo, glotnumo ir ilgalaik\u0117s prie\u017ei\u016bros. Inovatyvus <strong data-start=\"775\" data-end=\"794\">\u010dili ekstraktas<\/strong> suaktyvina kraujotak\u0105 ir suteikia subtil\u0173 dilg\u010diojim\u0105, kuris <strong data-start=\"856\" data-end=\"891\">nat\u016braliai padidina l\u016bp\u0173 apimt\u012f<\/strong>.<\/p>\n<p data-start=\"894\" data-end=\"1034\">Saldus ir gaivus <strong data-start=\"911\" data-end=\"935\">\u201eCandy Sky\u201c aromatas<\/strong> suteikia \u017eaisming\u0105 akcent\u0105, tod\u0117l balzamo naudojimas tampa smagia kasdien\u0117s gro\u017eio rutinos dalimi.<\/p>\n<p data-start=\"1036\" data-end=\"1153\"><strong data-start=\"1036\" data-end=\"1051\">Rezultatas?<\/strong> Sudr\u0117kintos, mink\u0161tos, gyvybingos ir vizualiai putlesn\u0117s l\u016bpos su maloniu blizgesiu ir gaiviu skoniu.<\/p>\n<p data-start=\"1155\" data-end=\"1183\"><strong data-start=\"1155\" data-end=\"1183\">Pagrindiniai privalumai:<\/strong><\/p>\n<ul data-start=\"1184\" data-end=\"1402\">\n<li data-start=\"1184\" data-end=\"1210\">\n<p data-start=\"1186\" data-end=\"1210\">Dr\u0117kina ir maitina l\u016bpas<\/p>\n<\/li>\n<li data-start=\"1211\" data-end=\"1250\">\n<p data-start=\"1213\" data-end=\"1250\">Nat\u016braliai putlina d\u0117l \u010dili ekstrakto<\/p>\n<\/li>\n<li data-start=\"1251\" data-end=\"1290\">\n<p data-start=\"1253\" data-end=\"1290\">\u201eCandy Sky\u201c saldus ir gaivus aromatas<\/p>\n<\/li>\n<li data-start=\"1291\" data-end=\"1324\">\n<p data-start=\"1293\" data-end=\"1324\">Suteikia \u0161veln\u0173 glossy spindes\u012f<\/p>\n<\/li>\n<li data-start=\"1325\" data-end=\"1363\">\n<p data-start=\"1327\" data-end=\"1363\">Mink\u0161tina, glotnina ir apsaugo l\u016bpas<\/p>\n<\/li>\n<li data-start=\"1364\" data-end=\"1402\">\n<p data-start=\"1366\" data-end=\"1402\">Tinka naudoti kasdien ir su l\u016bpda\u017eiu<\/p>\n<\/li>\n<\/ul>\n<p data-start=\"1404\" data-end=\"1568\"><strong data-start=\"1404\" data-end=\"1419\">Naudojimas:<\/strong><br data-start=\"1419\" data-end=\"1422\" \/>Tepkite <strong data-start=\"1430\" data-end=\"1461\">WABI GLOSSY TOUCH Candy Sky<\/strong> l\u016bp\u0173 balzam\u0105 tiesiai ant l\u016bp\u0173. Galite naudoti vien\u0105, prie\u0161 l\u016bpda\u017e\u012f arba ant vir\u0161aus papildomam spindesiui.<\/p>\n","protected":false},"excerpt":{"rendered":"<p data-start=\"191\" data-end=\"287\">WABI GLOSSY TOUCH Candy Sky balzamas dr\u0117kina, putlina l\u016bpas ir suteikia sald\u0173 \u017eaisming\u0105 aromat\u0105.<\/p>\n","protected":false},"featured_media":59067,"template":"","meta":[],"product_brand":[1355],"product_cat":[102,708,523],"product_tag":[1628],"class_list":{"0":"post-59063","1":"product","2":"type-product","3":"status-publish","4":"has-post-thumbnail","6":"product_brand-wabi","7":"product_cat-dekoratyvine-kosmetika","8":"product_cat-lupoms","9":"product_cat-lupu-blizgiai","10":"product_tag-wabi","12":"first","13":"instock","14":"sale","15":"taxable","16":"shipping-taxable","17":"purchasable","18":"product-type-simple"},"yoast_head":"<!-- This site is optimized with the Yoast SEO plugin v27.4 - https:\/\/yoast.com\/product\/yoast-seo-wordpress\/ -->\n<title>WABI l\u016bp\u0173 balzamas GLOSSY TOUCH Candy Sky, 15 ml - MalinaShop.lt J\u016bs\u0173 sveikatai ir gro\u017eiui.<\/title>\n<meta name=\"description\" content=\"MalinaShop.lt J\u016bs\u0173 sveikatai ir gro\u017eiui. WABI Candy Sky balzamas dr\u0117kina, putlina l\u016bpas ir suteikia sald\u0173 \u017eaisming\u0105 aromat\u0105 bei \u0161veln\u0173 blizges\u012f.\" \/>\n<meta name=\"robots\" content=\"index, follow, max-snippet:-1, max-image-preview:large, max-video-preview:-1\" \/>\n<link rel=\"canonical\" href=\"https:\/\/www.malinashop.lt\/en\/shop\/wabi-lupu-balzamas-glossy-touch-candy-sky-15-ml\/\" \/>\n<meta property=\"og:locale\" content=\"en_GB\" \/>\n<meta property=\"og:type\" content=\"article\" \/>\n<meta property=\"og:title\" content=\"WABI l\u016bp\u0173 balzamas GLOSSY TOUCH Candy Sky, 15 ml - MalinaShop.lt J\u016bs\u0173 sveikatai ir gro\u017eiui.\" \/>\n<meta property=\"og:description\" content=\"MalinaShop.lt J\u016bs\u0173 sveikatai ir gro\u017eiui. WABI Candy Sky balzamas dr\u0117kina, putlina l\u016bpas ir suteikia sald\u0173 \u017eaisming\u0105 aromat\u0105 bei \u0161veln\u0173 blizges\u012f.\" \/>\n<meta property=\"og:url\" content=\"https:\/\/www.malinashop.lt\/en\/shop\/wabi-lupu-balzamas-glossy-touch-candy-sky-15-ml\/\" \/>\n<meta property=\"og:site_name\" content=\"MalinaShop.lt J\u016bs\u0173 sveikatai ir gro\u017eiui.\" \/>\n<meta property=\"article:modified_time\" content=\"2026-04-03T12:14:03+00:00\" \/>\n<meta property=\"og:image\" content=\"https:\/\/www.malinashop.lt\/wp-content\/uploads\/2025\/10\/WABI-lupu-balzamas-GLOSSY-TOUCH-Candy-Sky-15-ml.webp\" \/>\n\t<meta property=\"og:image:width\" content=\"768\" \/>\n\t<meta property=\"og:image:height\" content=\"768\" \/>\n\t<meta property=\"og:image:type\" content=\"image\/webp\" \/>\n<meta name=\"twitter:card\" content=\"summary_large_image\" \/>\n<script type=\"application\/ld+json\" class=\"yoast-schema-graph\">{\"@context\":\"https:\\\/\\\/schema.org\",\"@graph\":[{\"@type\":\"WebPage\",\"@id\":\"https:\\\/\\\/www.malinashop.lt\\\/lt_lt\\\/shop\\\/wabi-lupu-balzamas-glossy-touch-candy-sky-15-ml\\\/\",\"url\":\"https:\\\/\\\/www.malinashop.lt\\\/lt_lt\\\/shop\\\/wabi-lupu-balzamas-glossy-touch-candy-sky-15-ml\\\/\",\"name\":\"WABI l\u016bp\u0173 balzamas GLOSSY TOUCH Candy Sky, 15 ml - MalinaShop.lt J\u016bs\u0173 sveikatai ir gro\u017eiui.\",\"isPartOf\":{\"@id\":\"https:\\\/\\\/www.malinashop.lt\\\/en\\\/#website\"},\"primaryImageOfPage\":{\"@id\":\"https:\\\/\\\/www.malinashop.lt\\\/lt_lt\\\/shop\\\/wabi-lupu-balzamas-glossy-touch-candy-sky-15-ml\\\/#primaryimage\"},\"image\":{\"@id\":\"https:\\\/\\\/www.malinashop.lt\\\/lt_lt\\\/shop\\\/wabi-lupu-balzamas-glossy-touch-candy-sky-15-ml\\\/#primaryimage\"},\"thumbnailUrl\":\"https:\\\/\\\/www.malinashop.lt\\\/wp-content\\\/uploads\\\/2025\\\/10\\\/WABI-lupu-balzamas-GLOSSY-TOUCH-Candy-Sky-15-ml.webp\",\"datePublished\":\"2025-10-20T17:43:07+00:00\",\"dateModified\":\"2026-04-03T12:14:03+00:00\",\"description\":\"MalinaShop.lt J\u016bs\u0173 sveikatai ir gro\u017eiui. WABI Candy Sky balzamas dr\u0117kina, putlina l\u016bpas ir suteikia sald\u0173 \u017eaisming\u0105 aromat\u0105 bei \u0161veln\u0173 blizges\u012f.\",\"breadcrumb\":{\"@id\":\"https:\\\/\\\/www.malinashop.lt\\\/lt_lt\\\/shop\\\/wabi-lupu-balzamas-glossy-touch-candy-sky-15-ml\\\/#breadcrumb\"},\"inLanguage\":\"en-GB\",\"potentialAction\":[{\"@type\":\"ReadAction\",\"target\":[\"https:\\\/\\\/www.malinashop.lt\\\/lt_lt\\\/shop\\\/wabi-lupu-balzamas-glossy-touch-candy-sky-15-ml\\\/\"]}]},{\"@type\":\"ImageObject\",\"inLanguage\":\"en-GB\",\"@id\":\"https:\\\/\\\/www.malinashop.lt\\\/lt_lt\\\/shop\\\/wabi-lupu-balzamas-glossy-touch-candy-sky-15-ml\\\/#primaryimage\",\"url\":\"https:\\\/\\\/www.malinashop.lt\\\/wp-content\\\/uploads\\\/2025\\\/10\\\/WABI-lupu-balzamas-GLOSSY-TOUCH-Candy-Sky-15-ml.webp\",\"contentUrl\":\"https:\\\/\\\/www.malinashop.lt\\\/wp-content\\\/uploads\\\/2025\\\/10\\\/WABI-lupu-balzamas-GLOSSY-TOUCH-Candy-Sky-15-ml.webp\",\"width\":768,\"height\":768},{\"@type\":\"BreadcrumbList\",\"@id\":\"https:\\\/\\\/www.malinashop.lt\\\/lt_lt\\\/shop\\\/wabi-lupu-balzamas-glossy-touch-candy-sky-15-ml\\\/#breadcrumb\",\"itemListElement\":[{\"@type\":\"ListItem\",\"position\":1,\"name\":\"Home\",\"item\":\"https:\\\/\\\/www.malinashop.lt\\\/en\\\/\"},{\"@type\":\"ListItem\",\"position\":2,\"name\":\"Parduotuv\u0117\",\"item\":\"https:\\\/\\\/www.malinashop.lt\\\/en\\\/parduotuve\\\/\"},{\"@type\":\"ListItem\",\"position\":3,\"name\":\"WABI l\u016bp\u0173 balzamas GLOSSY TOUCH Candy Sky, 15 ml\"}]},{\"@type\":\"WebSite\",\"@id\":\"https:\\\/\\\/www.malinashop.lt\\\/en\\\/#website\",\"url\":\"https:\\\/\\\/www.malinashop.lt\\\/en\\\/\",\"name\":\"COM Group Ecommerce\",\"description\":\"MalinaShop.lt - Gro\u017eio ir sveikatos produktai i\u0161 patikim\u0173 preki\u0173 \u017eenkl\u0173. Atraskite auk\u0161tos kokyb\u0117s kosmetik\u0105 u\u017e puiki\u0105 kain\u0105.\",\"publisher\":{\"@id\":\"https:\\\/\\\/www.malinashop.lt\\\/en\\\/#organization\"},\"potentialAction\":[{\"@type\":\"SearchAction\",\"target\":{\"@type\":\"EntryPoint\",\"urlTemplate\":\"https:\\\/\\\/www.malinashop.lt\\\/en\\\/?s={search_term_string}\"},\"query-input\":{\"@type\":\"PropertyValueSpecification\",\"valueRequired\":true,\"valueName\":\"search_term_string\"}}],\"inLanguage\":\"en-GB\"},{\"@type\":\"Organization\",\"@id\":\"https:\\\/\\\/www.malinashop.lt\\\/en\\\/#organization\",\"name\":\"COM Group Ecommerce\",\"url\":\"https:\\\/\\\/www.malinashop.lt\\\/en\\\/\",\"logo\":{\"@type\":\"ImageObject\",\"inLanguage\":\"en-GB\",\"@id\":\"https:\\\/\\\/www.malinashop.lt\\\/en\\\/#\\\/schema\\\/logo\\\/image\\\/\",\"url\":\"https:\\\/\\\/www.malinashop.lt\\\/wp-content\\\/uploads\\\/2024\\\/08\\\/462559670_3787732518133670_9795632669273463_n-e1731525914575.png\",\"contentUrl\":\"https:\\\/\\\/www.malinashop.lt\\\/wp-content\\\/uploads\\\/2024\\\/08\\\/462559670_3787732518133670_9795632669273463_n-e1731525914575.png\",\"width\":180,\"height\":60,\"caption\":\"COM Group Ecommerce\"},\"image\":{\"@id\":\"https:\\\/\\\/www.malinashop.lt\\\/en\\\/#\\\/schema\\\/logo\\\/image\\\/\"}}]}<\/script>\n<!-- \/ Yoast SEO plugin. -->","yoast_head_json":{"title":"WABI l\u016bp\u0173 balzamas GLOSSY TOUCH Candy Sky, 15 ml - MalinaShop.lt J\u016bs\u0173 sveikatai ir gro\u017eiui.","description":"MalinaShop.lt J\u016bs\u0173 sveikatai ir gro\u017eiui. WABI Candy Sky balzamas dr\u0117kina, putlina l\u016bpas ir suteikia sald\u0173 \u017eaisming\u0105 aromat\u0105 bei \u0161veln\u0173 blizges\u012f.","robots":{"index":"index","follow":"follow","max-snippet":"max-snippet:-1","max-image-preview":"max-image-preview:large","max-video-preview":"max-video-preview:-1"},"canonical":"https:\/\/www.malinashop.lt\/en\/shop\/wabi-lupu-balzamas-glossy-touch-candy-sky-15-ml\/","og_locale":"en_GB","og_type":"article","og_title":"WABI l\u016bp\u0173 balzamas GLOSSY TOUCH Candy Sky, 15 ml - MalinaShop.lt J\u016bs\u0173 sveikatai ir gro\u017eiui.","og_description":"MalinaShop.lt J\u016bs\u0173 sveikatai ir gro\u017eiui. WABI Candy Sky balzamas dr\u0117kina, putlina l\u016bpas ir suteikia sald\u0173 \u017eaisming\u0105 aromat\u0105 bei \u0161veln\u0173 blizges\u012f.","og_url":"https:\/\/www.malinashop.lt\/en\/shop\/wabi-lupu-balzamas-glossy-touch-candy-sky-15-ml\/","og_site_name":"MalinaShop.lt J\u016bs\u0173 sveikatai ir gro\u017eiui.","article_modified_time":"2026-04-03T12:14:03+00:00","og_image":[{"width":768,"height":768,"url":"https:\/\/www.malinashop.lt\/wp-content\/uploads\/2025\/10\/WABI-lupu-balzamas-GLOSSY-TOUCH-Candy-Sky-15-ml.webp","type":"image\/webp"}],"twitter_card":"summary_large_image","schema":{"@context":"https:\/\/schema.org","@graph":[{"@type":"WebPage","@id":"https:\/\/www.malinashop.lt\/lt_lt\/shop\/wabi-lupu-balzamas-glossy-touch-candy-sky-15-ml\/","url":"https:\/\/www.malinashop.lt\/lt_lt\/shop\/wabi-lupu-balzamas-glossy-touch-candy-sky-15-ml\/","name":"WABI l\u016bp\u0173 balzamas GLOSSY TOUCH Candy Sky, 15 ml - MalinaShop.lt J\u016bs\u0173 sveikatai ir gro\u017eiui.","isPartOf":{"@id":"https:\/\/www.malinashop.lt\/en\/#website"},"primaryImageOfPage":{"@id":"https:\/\/www.malinashop.lt\/lt_lt\/shop\/wabi-lupu-balzamas-glossy-touch-candy-sky-15-ml\/#primaryimage"},"image":{"@id":"https:\/\/www.malinashop.lt\/lt_lt\/shop\/wabi-lupu-balzamas-glossy-touch-candy-sky-15-ml\/#primaryimage"},"thumbnailUrl":"https:\/\/www.malinashop.lt\/wp-content\/uploads\/2025\/10\/WABI-lupu-balzamas-GLOSSY-TOUCH-Candy-Sky-15-ml.webp","datePublished":"2025-10-20T17:43:07+00:00","dateModified":"2026-04-03T12:14:03+00:00","description":"MalinaShop.lt J\u016bs\u0173 sveikatai ir gro\u017eiui. WABI Candy Sky balzamas dr\u0117kina, putlina l\u016bpas ir suteikia sald\u0173 \u017eaisming\u0105 aromat\u0105 bei \u0161veln\u0173 blizges\u012f.","breadcrumb":{"@id":"https:\/\/www.malinashop.lt\/lt_lt\/shop\/wabi-lupu-balzamas-glossy-touch-candy-sky-15-ml\/#breadcrumb"},"inLanguage":"en-GB","potentialAction":[{"@type":"ReadAction","target":["https:\/\/www.malinashop.lt\/lt_lt\/shop\/wabi-lupu-balzamas-glossy-touch-candy-sky-15-ml\/"]}]},{"@type":"ImageObject","inLanguage":"en-GB","@id":"https:\/\/www.malinashop.lt\/lt_lt\/shop\/wabi-lupu-balzamas-glossy-touch-candy-sky-15-ml\/#primaryimage","url":"https:\/\/www.malinashop.lt\/wp-content\/uploads\/2025\/10\/WABI-lupu-balzamas-GLOSSY-TOUCH-Candy-Sky-15-ml.webp","contentUrl":"https:\/\/www.malinashop.lt\/wp-content\/uploads\/2025\/10\/WABI-lupu-balzamas-GLOSSY-TOUCH-Candy-Sky-15-ml.webp","width":768,"height":768},{"@type":"BreadcrumbList","@id":"https:\/\/www.malinashop.lt\/lt_lt\/shop\/wabi-lupu-balzamas-glossy-touch-candy-sky-15-ml\/#breadcrumb","itemListElement":[{"@type":"ListItem","position":1,"name":"Home","item":"https:\/\/www.malinashop.lt\/en\/"},{"@type":"ListItem","position":2,"name":"Parduotuv\u0117","item":"https:\/\/www.malinashop.lt\/en\/parduotuve\/"},{"@type":"ListItem","position":3,"name":"WABI l\u016bp\u0173 balzamas GLOSSY TOUCH Candy Sky, 15 ml"}]},{"@type":"WebSite","@id":"https:\/\/www.malinashop.lt\/en\/#website","url":"https:\/\/www.malinashop.lt\/en\/","name":"COM Group Ecommerce","description":"MalinaShop.lt - Gro\u017eio ir sveikatos produktai i\u0161 patikim\u0173 preki\u0173 \u017eenkl\u0173. Atraskite auk\u0161tos kokyb\u0117s kosmetik\u0105 u\u017e puiki\u0105 kain\u0105.","publisher":{"@id":"https:\/\/www.malinashop.lt\/en\/#organization"},"potentialAction":[{"@type":"SearchAction","target":{"@type":"EntryPoint","urlTemplate":"https:\/\/www.malinashop.lt\/en\/?s={search_term_string}"},"query-input":{"@type":"PropertyValueSpecification","valueRequired":true,"valueName":"search_term_string"}}],"inLanguage":"en-GB"},{"@type":"Organization","@id":"https:\/\/www.malinashop.lt\/en\/#organization","name":"COM Group Ecommerce","url":"https:\/\/www.malinashop.lt\/en\/","logo":{"@type":"ImageObject","inLanguage":"en-GB","@id":"https:\/\/www.malinashop.lt\/en\/#\/schema\/logo\/image\/","url":"https:\/\/www.malinashop.lt\/wp-content\/uploads\/2024\/08\/462559670_3787732518133670_9795632669273463_n-e1731525914575.png","contentUrl":"https:\/\/www.malinashop.lt\/wp-content\/uploads\/2024\/08\/462559670_3787732518133670_9795632669273463_n-e1731525914575.png","width":180,"height":60,"caption":"COM Group Ecommerce"},"image":{"@id":"https:\/\/www.malinashop.lt\/en\/#\/schema\/logo\/image\/"}}]}},"jetpack_sharing_enabled":true,"_links":{"self":[{"href":"https:\/\/www.malinashop.lt\/en\/wp-json\/wp\/v2\/product\/59063","targetHints":{"allow":["GET"]}}],"collection":[{"href":"https:\/\/www.malinashop.lt\/en\/wp-json\/wp\/v2\/product"}],"about":[{"href":"https:\/\/www.malinashop.lt\/en\/wp-json\/wp\/v2\/types\/product"}],"version-history":[{"count":1,"href":"https:\/\/www.malinashop.lt\/en\/wp-json\/wp\/v2\/product\/59063\/revisions"}],"predecessor-version":[{"id":59068,"href":"https:\/\/www.malinashop.lt\/en\/wp-json\/wp\/v2\/product\/59063\/revisions\/59068"}],"wp:featuredmedia":[{"embeddable":true,"href":"https:\/\/www.malinashop.lt\/en\/wp-json\/wp\/v2\/media\/59067"}],"wp:attachment":[{"href":"https:\/\/www.malinashop.lt\/en\/wp-json\/wp\/v2\/media?parent=59063"}],"wp:term":[{"taxonomy":"product_brand","embeddable":true,"href":"https:\/\/www.malinashop.lt\/en\/wp-json\/wp\/v2\/product_brand?post=59063"},{"taxonomy":"product_cat","embeddable":true,"href":"https:\/\/www.malinashop.lt\/en\/wp-json\/wp\/v2\/product_cat?post=59063"},{"taxonomy":"product_tag","embeddable":true,"href":"https:\/\/www.malinashop.lt\/en\/wp-json\/wp\/v2\/product_tag?post=59063"}],"curies":[{"name":"wp","href":"https:\/\/api.w.org\/{rel}","templated":true}]}}