{"id":59057,"date":"2025-10-20T20:40:03","date_gmt":"2025-10-20T17:40:03","guid":{"rendered":"https:\/\/malinashop.lt\/?post_type=product&#038;p=59057"},"modified":"2026-04-03T15:14:03","modified_gmt":"2026-04-03T12:14:03","slug":"wabi-lupu-balzamas-glossy-touch-pink-paradise-15-ml","status":"publish","type":"product","link":"https:\/\/www.malinashop.lt\/en\/shop\/wabi-lupu-balzamas-glossy-touch-pink-paradise-15-ml\/","title":{"rendered":"WABI l\u016bp\u0173 balzamas GLOSSY TOUCH Pink Paradise, 15 ml"},"content":{"rendered":"<p data-start=\"367\" data-end=\"681\"><strong data-start=\"367\" data-end=\"416\">WABI l\u016bp\u0173 balzamas GLOSSY TOUCH Pink Paradise<\/strong> \u2013 tai \u017eaismingas ir efektyvus l\u016bp\u0173 prie\u017ei\u016bros balzamas, kuris suteikia l\u016bpoms dr\u0117gm\u0117s, \u0161velnumo ir nat\u016bral\u0173 putlinimo efekt\u0105. \u0160i priemon\u0117 ne tik saugo l\u016bpas nuo i\u0161saus\u0117jimo, bet ir padeda i\u0161ry\u0161kinti j\u0173 apimt\u012f, kad jos atrodyt\u0173 vizualiai pilnesn\u0117s ir gyvybingesn\u0117s.<\/p>\n<p data-start=\"683\" data-end=\"953\">Maitinan\u010dioje formul\u0117je esantis <strong data-start=\"715\" data-end=\"770\">kokos\u0173 aliejus, mango sviestas ir sezam\u0173 ekstraktas<\/strong> giliai dr\u0117kina ir mink\u0161tina l\u016bpas, suteikia glotnumo ir komforto poj\u016bt\u012f. <strong data-start=\"844\" data-end=\"863\">\u010cili ekstraktas<\/strong> lengvai aktyvina kraujotak\u0105 ir sukuria nat\u016bral\u0173 putlinimo efekt\u0105 bei subtil\u0173 dilg\u010diojim\u0105.<\/p>\n<p data-start=\"955\" data-end=\"1099\">\u017daismingas <strong data-start=\"966\" data-end=\"994\">\u201ePink Paradise\u201c aromatas<\/strong> suteikia sald\u0173 ir gaiv\u0173 akcent\u0105, tod\u0117l balzamo naudojimas tampa malonia kasdien\u0117s gro\u017eio rutinos dalimi.<\/p>\n<p data-start=\"1101\" data-end=\"1208\"><strong data-start=\"1101\" data-end=\"1116\">Rezultatas?<\/strong> Sudr\u0117kintos, \u0161velnios, vizualiai putlesn\u0117s ir \u017evilgan\u010dios l\u016bpos su maloniu sald\u017eiu aromatu.<\/p>\n<p data-start=\"1210\" data-end=\"1238\"><strong data-start=\"1210\" data-end=\"1238\">Pagrindiniai privalumai:<\/strong><\/p>\n<ul data-start=\"1239\" data-end=\"1437\">\n<li data-start=\"1239\" data-end=\"1266\">\n<p data-start=\"1241\" data-end=\"1266\">Giliai dr\u0117kina ir maitina<\/p>\n<\/li>\n<li data-start=\"1267\" data-end=\"1314\">\n<p data-start=\"1269\" data-end=\"1314\">Nat\u016bralus putlinimo efektas su \u010dili ekstraktu<\/p>\n<\/li>\n<li data-start=\"1315\" data-end=\"1348\">\n<p data-start=\"1317\" data-end=\"1348\">Saldus \u201ePink Paradise\u201c aromatas<\/p>\n<\/li>\n<li data-start=\"1349\" data-end=\"1368\">\n<p data-start=\"1351\" data-end=\"1368\">Lengvas blizgesys<\/p>\n<\/li>\n<li data-start=\"1369\" data-end=\"1394\">\n<p data-start=\"1371\" data-end=\"1394\">Apsaugo nuo i\u0161saus\u0117jimo<\/p>\n<\/li>\n<li data-start=\"1395\" data-end=\"1437\">\n<p data-start=\"1397\" data-end=\"1437\">Galima naudoti vien\u0105 arba su l\u016bp\u0173 da\u017eais<\/p>\n<\/li>\n<\/ul>\n<p data-start=\"1439\" data-end=\"1607\"><strong data-start=\"1439\" data-end=\"1454\">Naudojimas:<\/strong><br data-start=\"1454\" data-end=\"1457\" \/>Tepkite <strong data-start=\"1465\" data-end=\"1500\">WABI GLOSSY TOUCH Pink Paradise<\/strong> l\u016bp\u0173 balzam\u0105 tiesiai ant l\u016bp\u0173. Galite naudoti vien\u0105, prie\u0161 l\u016bpda\u017e\u012f arba ant vir\u0161aus papildomam spindesiui.<\/p>\n","protected":false},"excerpt":{"rendered":"<p data-start=\"207\" data-end=\"304\">WABI GLOSSY TOUCH Pink Paradise balzamas dr\u0117kina, putlina l\u016bpas ir suteikia sald\u0173, gaiv\u0173 aromat\u0105.<\/p>\n","protected":false},"featured_media":59061,"template":"","meta":[],"product_brand":[1355],"product_cat":[102,708,523],"product_tag":[1628],"class_list":{"0":"post-59057","1":"product","2":"type-product","3":"status-publish","4":"has-post-thumbnail","6":"product_brand-wabi","7":"product_cat-dekoratyvine-kosmetika","8":"product_cat-lupoms","9":"product_cat-lupu-blizgiai","10":"product_tag-wabi","12":"first","13":"instock","14":"sale","15":"taxable","16":"shipping-taxable","17":"purchasable","18":"product-type-simple"},"yoast_head":"<!-- This site is optimized with the Yoast SEO plugin v27.4 - https:\/\/yoast.com\/product\/yoast-seo-wordpress\/ -->\n<title>WABI l\u016bp\u0173 balzamas GLOSSY TOUCH Pink Paradise, 15 ml - MalinaShop.lt J\u016bs\u0173 sveikatai ir gro\u017eiui.<\/title>\n<meta name=\"description\" content=\"MalinaShop.lt J\u016bs\u0173 sveikatai ir gro\u017eiui. WABI Pink Paradise balzamas dr\u0117kina, putlina l\u016bpas ir suteikia sald\u0173, gaiv\u0173 aromat\u0105 bei \u0161veln\u0173 blizges\u012f.\" \/>\n<meta name=\"robots\" content=\"index, follow, max-snippet:-1, max-image-preview:large, max-video-preview:-1\" \/>\n<link rel=\"canonical\" href=\"https:\/\/www.malinashop.lt\/en\/shop\/wabi-lupu-balzamas-glossy-touch-pink-paradise-15-ml\/\" \/>\n<meta property=\"og:locale\" content=\"en_GB\" \/>\n<meta property=\"og:type\" content=\"article\" \/>\n<meta property=\"og:title\" content=\"WABI l\u016bp\u0173 balzamas GLOSSY TOUCH Pink Paradise, 15 ml - MalinaShop.lt J\u016bs\u0173 sveikatai ir gro\u017eiui.\" \/>\n<meta property=\"og:description\" content=\"MalinaShop.lt J\u016bs\u0173 sveikatai ir gro\u017eiui. WABI Pink Paradise balzamas dr\u0117kina, putlina l\u016bpas ir suteikia sald\u0173, gaiv\u0173 aromat\u0105 bei \u0161veln\u0173 blizges\u012f.\" \/>\n<meta property=\"og:url\" content=\"https:\/\/www.malinashop.lt\/en\/shop\/wabi-lupu-balzamas-glossy-touch-pink-paradise-15-ml\/\" \/>\n<meta property=\"og:site_name\" content=\"MalinaShop.lt J\u016bs\u0173 sveikatai ir gro\u017eiui.\" \/>\n<meta property=\"article:modified_time\" content=\"2026-04-03T12:14:03+00:00\" \/>\n<meta property=\"og:image\" content=\"https:\/\/www.malinashop.lt\/wp-content\/uploads\/2025\/10\/WABI-lupu-balzamas-GLOSSY-TOUCH-Pink-Paradise-15-ml.webp\" \/>\n\t<meta property=\"og:image:width\" content=\"768\" \/>\n\t<meta property=\"og:image:height\" content=\"768\" \/>\n\t<meta property=\"og:image:type\" content=\"image\/webp\" \/>\n<meta name=\"twitter:card\" content=\"summary_large_image\" \/>\n<script type=\"application\/ld+json\" class=\"yoast-schema-graph\">{\"@context\":\"https:\\\/\\\/schema.org\",\"@graph\":[{\"@type\":\"WebPage\",\"@id\":\"https:\\\/\\\/www.malinashop.lt\\\/en\\\/shop\\\/wabi-lupu-balzamas-glossy-touch-pink-paradise-15-ml\\\/\",\"url\":\"https:\\\/\\\/www.malinashop.lt\\\/en\\\/shop\\\/wabi-lupu-balzamas-glossy-touch-pink-paradise-15-ml\\\/\",\"name\":\"WABI l\u016bp\u0173 balzamas GLOSSY TOUCH Pink Paradise, 15 ml - MalinaShop.lt J\u016bs\u0173 sveikatai ir gro\u017eiui.\",\"isPartOf\":{\"@id\":\"https:\\\/\\\/www.malinashop.lt\\\/#website\"},\"primaryImageOfPage\":{\"@id\":\"https:\\\/\\\/www.malinashop.lt\\\/en\\\/shop\\\/wabi-lupu-balzamas-glossy-touch-pink-paradise-15-ml\\\/#primaryimage\"},\"image\":{\"@id\":\"https:\\\/\\\/www.malinashop.lt\\\/en\\\/shop\\\/wabi-lupu-balzamas-glossy-touch-pink-paradise-15-ml\\\/#primaryimage\"},\"thumbnailUrl\":\"https:\\\/\\\/www.malinashop.lt\\\/wp-content\\\/uploads\\\/2025\\\/10\\\/WABI-lupu-balzamas-GLOSSY-TOUCH-Pink-Paradise-15-ml.webp\",\"datePublished\":\"2025-10-20T17:40:03+00:00\",\"dateModified\":\"2026-04-03T12:14:03+00:00\",\"description\":\"MalinaShop.lt J\u016bs\u0173 sveikatai ir gro\u017eiui. WABI Pink Paradise balzamas dr\u0117kina, putlina l\u016bpas ir suteikia sald\u0173, gaiv\u0173 aromat\u0105 bei \u0161veln\u0173 blizges\u012f.\",\"breadcrumb\":{\"@id\":\"https:\\\/\\\/www.malinashop.lt\\\/en\\\/shop\\\/wabi-lupu-balzamas-glossy-touch-pink-paradise-15-ml\\\/#breadcrumb\"},\"inLanguage\":\"en-GB\",\"potentialAction\":[{\"@type\":\"ReadAction\",\"target\":[\"https:\\\/\\\/www.malinashop.lt\\\/en\\\/shop\\\/wabi-lupu-balzamas-glossy-touch-pink-paradise-15-ml\\\/\"]}]},{\"@type\":\"ImageObject\",\"inLanguage\":\"en-GB\",\"@id\":\"https:\\\/\\\/www.malinashop.lt\\\/en\\\/shop\\\/wabi-lupu-balzamas-glossy-touch-pink-paradise-15-ml\\\/#primaryimage\",\"url\":\"https:\\\/\\\/www.malinashop.lt\\\/wp-content\\\/uploads\\\/2025\\\/10\\\/WABI-lupu-balzamas-GLOSSY-TOUCH-Pink-Paradise-15-ml.webp\",\"contentUrl\":\"https:\\\/\\\/www.malinashop.lt\\\/wp-content\\\/uploads\\\/2025\\\/10\\\/WABI-lupu-balzamas-GLOSSY-TOUCH-Pink-Paradise-15-ml.webp\",\"width\":768,\"height\":768},{\"@type\":\"BreadcrumbList\",\"@id\":\"https:\\\/\\\/www.malinashop.lt\\\/en\\\/shop\\\/wabi-lupu-balzamas-glossy-touch-pink-paradise-15-ml\\\/#breadcrumb\",\"itemListElement\":[{\"@type\":\"ListItem\",\"position\":1,\"name\":\"Pagrindinis\",\"item\":\"https:\\\/\\\/www.malinashop.lt\\\/\"},{\"@type\":\"ListItem\",\"position\":2,\"name\":\"Parduotuv\u0117\",\"item\":\"https:\\\/\\\/www.malinashop.lt\\\/en\\\/parduotuve\\\/\"},{\"@type\":\"ListItem\",\"position\":3,\"name\":\"WABI l\u016bp\u0173 balzamas GLOSSY TOUCH Pink Paradise, 15 ml\"}]},{\"@type\":\"WebSite\",\"@id\":\"https:\\\/\\\/www.malinashop.lt\\\/#website\",\"url\":\"https:\\\/\\\/www.malinashop.lt\\\/\",\"name\":\"COM Group Ecommerce\",\"description\":\"MalinaShop.lt - Gro\u017eio ir sveikatos produktai i\u0161 patikim\u0173 preki\u0173 \u017eenkl\u0173. Atraskite auk\u0161tos kokyb\u0117s kosmetik\u0105 u\u017e puiki\u0105 kain\u0105.\",\"publisher\":{\"@id\":\"https:\\\/\\\/www.malinashop.lt\\\/#organization\"},\"potentialAction\":[{\"@type\":\"SearchAction\",\"target\":{\"@type\":\"EntryPoint\",\"urlTemplate\":\"https:\\\/\\\/www.malinashop.lt\\\/?s={search_term_string}\"},\"query-input\":{\"@type\":\"PropertyValueSpecification\",\"valueRequired\":true,\"valueName\":\"search_term_string\"}}],\"inLanguage\":\"en-GB\"},{\"@type\":\"Organization\",\"@id\":\"https:\\\/\\\/www.malinashop.lt\\\/#organization\",\"name\":\"COM Group Ecommerce\",\"url\":\"https:\\\/\\\/www.malinashop.lt\\\/\",\"logo\":{\"@type\":\"ImageObject\",\"inLanguage\":\"en-GB\",\"@id\":\"https:\\\/\\\/www.malinashop.lt\\\/#\\\/schema\\\/logo\\\/image\\\/\",\"url\":\"https:\\\/\\\/www.malinashop.lt\\\/wp-content\\\/uploads\\\/2024\\\/08\\\/462559670_3787732518133670_9795632669273463_n-e1731525914575.png\",\"contentUrl\":\"https:\\\/\\\/www.malinashop.lt\\\/wp-content\\\/uploads\\\/2024\\\/08\\\/462559670_3787732518133670_9795632669273463_n-e1731525914575.png\",\"width\":180,\"height\":60,\"caption\":\"COM Group Ecommerce\"},\"image\":{\"@id\":\"https:\\\/\\\/www.malinashop.lt\\\/#\\\/schema\\\/logo\\\/image\\\/\"}}]}<\/script>\n<!-- \/ Yoast SEO plugin. -->","yoast_head_json":{"title":"WABI l\u016bp\u0173 balzamas GLOSSY TOUCH Pink Paradise, 15 ml - MalinaShop.lt J\u016bs\u0173 sveikatai ir gro\u017eiui.","description":"MalinaShop.lt J\u016bs\u0173 sveikatai ir gro\u017eiui. WABI Pink Paradise balzamas dr\u0117kina, putlina l\u016bpas ir suteikia sald\u0173, gaiv\u0173 aromat\u0105 bei \u0161veln\u0173 blizges\u012f.","robots":{"index":"index","follow":"follow","max-snippet":"max-snippet:-1","max-image-preview":"max-image-preview:large","max-video-preview":"max-video-preview:-1"},"canonical":"https:\/\/www.malinashop.lt\/en\/shop\/wabi-lupu-balzamas-glossy-touch-pink-paradise-15-ml\/","og_locale":"en_GB","og_type":"article","og_title":"WABI l\u016bp\u0173 balzamas GLOSSY TOUCH Pink Paradise, 15 ml - MalinaShop.lt J\u016bs\u0173 sveikatai ir gro\u017eiui.","og_description":"MalinaShop.lt J\u016bs\u0173 sveikatai ir gro\u017eiui. WABI Pink Paradise balzamas dr\u0117kina, putlina l\u016bpas ir suteikia sald\u0173, gaiv\u0173 aromat\u0105 bei \u0161veln\u0173 blizges\u012f.","og_url":"https:\/\/www.malinashop.lt\/en\/shop\/wabi-lupu-balzamas-glossy-touch-pink-paradise-15-ml\/","og_site_name":"MalinaShop.lt J\u016bs\u0173 sveikatai ir gro\u017eiui.","article_modified_time":"2026-04-03T12:14:03+00:00","og_image":[{"width":768,"height":768,"url":"https:\/\/www.malinashop.lt\/wp-content\/uploads\/2025\/10\/WABI-lupu-balzamas-GLOSSY-TOUCH-Pink-Paradise-15-ml.webp","type":"image\/webp"}],"twitter_card":"summary_large_image","schema":{"@context":"https:\/\/schema.org","@graph":[{"@type":"WebPage","@id":"https:\/\/www.malinashop.lt\/en\/shop\/wabi-lupu-balzamas-glossy-touch-pink-paradise-15-ml\/","url":"https:\/\/www.malinashop.lt\/en\/shop\/wabi-lupu-balzamas-glossy-touch-pink-paradise-15-ml\/","name":"WABI l\u016bp\u0173 balzamas GLOSSY TOUCH Pink Paradise, 15 ml - MalinaShop.lt J\u016bs\u0173 sveikatai ir gro\u017eiui.","isPartOf":{"@id":"https:\/\/www.malinashop.lt\/#website"},"primaryImageOfPage":{"@id":"https:\/\/www.malinashop.lt\/en\/shop\/wabi-lupu-balzamas-glossy-touch-pink-paradise-15-ml\/#primaryimage"},"image":{"@id":"https:\/\/www.malinashop.lt\/en\/shop\/wabi-lupu-balzamas-glossy-touch-pink-paradise-15-ml\/#primaryimage"},"thumbnailUrl":"https:\/\/www.malinashop.lt\/wp-content\/uploads\/2025\/10\/WABI-lupu-balzamas-GLOSSY-TOUCH-Pink-Paradise-15-ml.webp","datePublished":"2025-10-20T17:40:03+00:00","dateModified":"2026-04-03T12:14:03+00:00","description":"MalinaShop.lt J\u016bs\u0173 sveikatai ir gro\u017eiui. WABI Pink Paradise balzamas dr\u0117kina, putlina l\u016bpas ir suteikia sald\u0173, gaiv\u0173 aromat\u0105 bei \u0161veln\u0173 blizges\u012f.","breadcrumb":{"@id":"https:\/\/www.malinashop.lt\/en\/shop\/wabi-lupu-balzamas-glossy-touch-pink-paradise-15-ml\/#breadcrumb"},"inLanguage":"en-GB","potentialAction":[{"@type":"ReadAction","target":["https:\/\/www.malinashop.lt\/en\/shop\/wabi-lupu-balzamas-glossy-touch-pink-paradise-15-ml\/"]}]},{"@type":"ImageObject","inLanguage":"en-GB","@id":"https:\/\/www.malinashop.lt\/en\/shop\/wabi-lupu-balzamas-glossy-touch-pink-paradise-15-ml\/#primaryimage","url":"https:\/\/www.malinashop.lt\/wp-content\/uploads\/2025\/10\/WABI-lupu-balzamas-GLOSSY-TOUCH-Pink-Paradise-15-ml.webp","contentUrl":"https:\/\/www.malinashop.lt\/wp-content\/uploads\/2025\/10\/WABI-lupu-balzamas-GLOSSY-TOUCH-Pink-Paradise-15-ml.webp","width":768,"height":768},{"@type":"BreadcrumbList","@id":"https:\/\/www.malinashop.lt\/en\/shop\/wabi-lupu-balzamas-glossy-touch-pink-paradise-15-ml\/#breadcrumb","itemListElement":[{"@type":"ListItem","position":1,"name":"Pagrindinis","item":"https:\/\/www.malinashop.lt\/"},{"@type":"ListItem","position":2,"name":"Parduotuv\u0117","item":"https:\/\/www.malinashop.lt\/en\/parduotuve\/"},{"@type":"ListItem","position":3,"name":"WABI l\u016bp\u0173 balzamas GLOSSY TOUCH Pink Paradise, 15 ml"}]},{"@type":"WebSite","@id":"https:\/\/www.malinashop.lt\/#website","url":"https:\/\/www.malinashop.lt\/","name":"COM Group Ecommerce","description":"MalinaShop.lt - Gro\u017eio ir sveikatos produktai i\u0161 patikim\u0173 preki\u0173 \u017eenkl\u0173. Atraskite auk\u0161tos kokyb\u0117s kosmetik\u0105 u\u017e puiki\u0105 kain\u0105.","publisher":{"@id":"https:\/\/www.malinashop.lt\/#organization"},"potentialAction":[{"@type":"SearchAction","target":{"@type":"EntryPoint","urlTemplate":"https:\/\/www.malinashop.lt\/?s={search_term_string}"},"query-input":{"@type":"PropertyValueSpecification","valueRequired":true,"valueName":"search_term_string"}}],"inLanguage":"en-GB"},{"@type":"Organization","@id":"https:\/\/www.malinashop.lt\/#organization","name":"COM Group Ecommerce","url":"https:\/\/www.malinashop.lt\/","logo":{"@type":"ImageObject","inLanguage":"en-GB","@id":"https:\/\/www.malinashop.lt\/#\/schema\/logo\/image\/","url":"https:\/\/www.malinashop.lt\/wp-content\/uploads\/2024\/08\/462559670_3787732518133670_9795632669273463_n-e1731525914575.png","contentUrl":"https:\/\/www.malinashop.lt\/wp-content\/uploads\/2024\/08\/462559670_3787732518133670_9795632669273463_n-e1731525914575.png","width":180,"height":60,"caption":"COM Group Ecommerce"},"image":{"@id":"https:\/\/www.malinashop.lt\/#\/schema\/logo\/image\/"}}]}},"jetpack_sharing_enabled":true,"_links":{"self":[{"href":"https:\/\/www.malinashop.lt\/en\/wp-json\/wp\/v2\/product\/59057","targetHints":{"allow":["GET"]}}],"collection":[{"href":"https:\/\/www.malinashop.lt\/en\/wp-json\/wp\/v2\/product"}],"about":[{"href":"https:\/\/www.malinashop.lt\/en\/wp-json\/wp\/v2\/types\/product"}],"version-history":[{"count":1,"href":"https:\/\/www.malinashop.lt\/en\/wp-json\/wp\/v2\/product\/59057\/revisions"}],"predecessor-version":[{"id":59062,"href":"https:\/\/www.malinashop.lt\/en\/wp-json\/wp\/v2\/product\/59057\/revisions\/59062"}],"wp:featuredmedia":[{"embeddable":true,"href":"https:\/\/www.malinashop.lt\/en\/wp-json\/wp\/v2\/media\/59061"}],"wp:attachment":[{"href":"https:\/\/www.malinashop.lt\/en\/wp-json\/wp\/v2\/media?parent=59057"}],"wp:term":[{"taxonomy":"product_brand","embeddable":true,"href":"https:\/\/www.malinashop.lt\/en\/wp-json\/wp\/v2\/product_brand?post=59057"},{"taxonomy":"product_cat","embeddable":true,"href":"https:\/\/www.malinashop.lt\/en\/wp-json\/wp\/v2\/product_cat?post=59057"},{"taxonomy":"product_tag","embeddable":true,"href":"https:\/\/www.malinashop.lt\/en\/wp-json\/wp\/v2\/product_tag?post=59057"}],"curies":[{"name":"wp","href":"https:\/\/api.w.org\/{rel}","templated":true}]}}