{"id":59022,"date":"2025-10-20T20:17:16","date_gmt":"2025-10-20T17:17:16","guid":{"rendered":"https:\/\/malinashop.lt\/?post_type=product&#038;p=59022"},"modified":"2026-03-18T12:27:54","modified_gmt":"2026-03-18T09:27:54","slug":"sinoz-kuno-sveitiklis-liberty-300-ml","status":"publish","type":"product","link":"https:\/\/www.malinashop.lt\/en\/shop\/sinoz-kuno-sveitiklis-liberty-300-ml\/","title":{"rendered":"SINOZ k\u016bno \u0161veitiklis LIBERTY, 300 ml"},"content":{"rendered":"<p data-start=\"345\" data-end=\"645\"><strong data-start=\"345\" data-end=\"378\">SINOZ k\u016bno \u0161veitiklis LIBERTY<\/strong> \u2013 tai prabangus \u0161vei\u010diamasis ir dr\u0117kinamasis k\u016bno prie\u017ei\u016bros produktas, skirtas vis\u0173 tip\u0173 odai. Praturtintas simondsij\u0173, ricinos ir avokad\u0173 aliejais, \u0161is \u0161veitiklis efektyviai pa\u0161alina negyvas odos l\u0105steles, giliai maitina od\u0105 ir suteikia jai \u0161velnumo bei spindesio.<\/p>\n<p data-start=\"647\" data-end=\"1017\">SINOZ k\u016bno \u0161veitiklis LIBERTY taip pat papildytas arbatmed\u017eio, kokos\u0173 ir agurk\u0173 s\u0117kl\u0173 aliejais, vitaminu E, glicerinu ir nat\u016bralia j\u016bros druska. \u0160is ingredient\u0173 derinys \u0161velniai, bet veiksmingai \u0161vei\u010dia od\u0105, skatina jos atsinaujinim\u0105 ir apsaugo nuo i\u0161saus\u0117jimo. Mistinis, ilgai i\u0161liekantis aromatas sukuria SPA poj\u016bt\u012f namuose ir pagerina kasdien\u0119 odos prie\u017ei\u016bros rutin\u0105.<\/p>\n<p data-start=\"1019\" data-end=\"1047\"><strong data-start=\"1019\" data-end=\"1047\">Pagrindiniai privalumai:<\/strong><\/p>\n<ul data-start=\"1048\" data-end=\"1359\">\n<li data-start=\"1048\" data-end=\"1080\">\n<p data-start=\"1050\" data-end=\"1080\">Pa\u0161alina negyvas odos l\u0105steles<\/p>\n<\/li>\n<li data-start=\"1081\" data-end=\"1105\">\n<p data-start=\"1083\" data-end=\"1105\">Dr\u0117kina ir maitina od\u0105<\/p>\n<\/li>\n<li data-start=\"1106\" data-end=\"1147\">\n<p data-start=\"1108\" data-end=\"1147\">Mink\u0161tina, lygina ir suteikia spindesio<\/p>\n<\/li>\n<li data-start=\"1148\" data-end=\"1221\">\n<p data-start=\"1150\" data-end=\"1221\">Praturtintas simondsij\u0173, ricinos, avokad\u0173, kokos\u0173, arbatmed\u017eio aliejais<\/p>\n<\/li>\n<li data-start=\"1222\" data-end=\"1264\">\n<p data-start=\"1224\" data-end=\"1264\">Su vitaminu E, glicerinu ir j\u016bros druska<\/p>\n<\/li>\n<li data-start=\"1265\" data-end=\"1301\">\n<p data-start=\"1267\" data-end=\"1301\">Mistinis, ilgai i\u0161liekantis kvapas<\/p>\n<\/li>\n<li data-start=\"1302\" data-end=\"1329\">\n<p data-start=\"1304\" data-end=\"1329\">Tinka visiems odos tipams<\/p>\n<\/li>\n<li data-start=\"1330\" data-end=\"1359\">\n<p data-start=\"1332\" data-end=\"1359\">Dermatologi\u0161kai patikrintas<\/p>\n<\/li>\n<\/ul>\n<p data-start=\"1361\" data-end=\"1700\"><strong data-start=\"1361\" data-end=\"1376\">Naudojimas:<\/strong><br data-start=\"1376\" data-end=\"1379\" \/>Su\u0161lapinkite od\u0105. U\u017etepkite <strong data-start=\"1407\" data-end=\"1439\">SINOZ k\u016bno \u0161veitikl\u012f LIBERTY<\/strong> ir \u012fmasa\u017euokite sukamaisiais judesiais. Palikite kelioms minut\u0117ms, kad veikliosios med\u017eiagos \u012fsigert\u0173, tuomet nuplaukite \u0161iltu vandeniu. Naudokite 2\u20133 kartus per savait\u0119. Prie\u0161 naudojim\u0105 i\u0161mai\u0161ykite indelio turin\u012f, kad aliejai ir druska tolygiai pasiskirstyt\u0173.<\/p>\n","protected":false},"excerpt":{"rendered":"<p data-start=\"193\" data-end=\"282\">SINOZ LIBERTY k\u016bno \u0161veitiklis \u0161velniai pa\u0161alina negyvas l\u0105steles, dr\u0117kina ir maitina od\u0105.<\/p>\n","protected":false},"featured_media":59023,"template":"","meta":[],"product_brand":[1354],"product_cat":[557,731],"product_tag":[1619],"class_list":{"0":"post-59022","1":"product","2":"type-product","3":"status-publish","4":"has-post-thumbnail","6":"product_brand-sinoz","7":"product_cat-kuno-sveitikliai","8":"product_cat-kunui","9":"product_tag-sinoz","11":"first","12":"instock","13":"sale","14":"taxable","15":"shipping-taxable","16":"purchasable","17":"product-type-simple"},"yoast_head":"<!-- This site is optimized with the Yoast SEO plugin v27.4 - https:\/\/yoast.com\/product\/yoast-seo-wordpress\/ -->\n<title>SINOZ k\u016bno \u0161veitiklis LIBERTY, 300 ml - MalinaShop.lt J\u016bs\u0173 sveikatai ir gro\u017eiui.<\/title>\n<meta name=\"description\" content=\"SINOZ LIBERTY k\u016bno \u0161veitiklis \u0161velniai \u0161vei\u010dia, maitina ir dr\u0117kina od\u0105, suteikdamas jai \u0161velnumo ir spindesio. SINOZ k\u016bno \u0161veitiklis LIBERTY, 300 ml\" \/>\n<meta name=\"robots\" content=\"index, follow, max-snippet:-1, max-image-preview:large, max-video-preview:-1\" \/>\n<link rel=\"canonical\" href=\"https:\/\/www.malinashop.lt\/en\/shop\/sinoz-kuno-sveitiklis-liberty-300-ml\/\" \/>\n<meta property=\"og:locale\" content=\"en_GB\" \/>\n<meta property=\"og:type\" content=\"article\" \/>\n<meta property=\"og:title\" content=\"SINOZ k\u016bno \u0161veitiklis LIBERTY, 300 ml - MalinaShop.lt J\u016bs\u0173 sveikatai ir gro\u017eiui.\" \/>\n<meta property=\"og:description\" content=\"SINOZ LIBERTY k\u016bno \u0161veitiklis \u0161velniai \u0161vei\u010dia, maitina ir dr\u0117kina od\u0105, suteikdamas jai \u0161velnumo ir spindesio. SINOZ k\u016bno \u0161veitiklis LIBERTY, 300 ml\" \/>\n<meta property=\"og:url\" content=\"https:\/\/www.malinashop.lt\/en\/shop\/sinoz-kuno-sveitiklis-liberty-300-ml\/\" \/>\n<meta property=\"og:site_name\" content=\"MalinaShop.lt J\u016bs\u0173 sveikatai ir gro\u017eiui.\" \/>\n<meta property=\"article:modified_time\" content=\"2026-03-18T09:27:54+00:00\" \/>\n<meta property=\"og:image\" content=\"https:\/\/www.malinashop.lt\/wp-content\/uploads\/2025\/10\/SINOZ-kuno-sveitiklis-LIBERTY-300-ml.webp\" \/>\n\t<meta property=\"og:image:width\" content=\"504\" \/>\n\t<meta property=\"og:image:height\" content=\"495\" \/>\n\t<meta property=\"og:image:type\" content=\"image\/webp\" \/>\n<meta name=\"twitter:card\" content=\"summary_large_image\" \/>\n<script type=\"application\/ld+json\" class=\"yoast-schema-graph\">{\"@context\":\"https:\\\/\\\/schema.org\",\"@graph\":[{\"@type\":\"WebPage\",\"@id\":\"https:\\\/\\\/www.malinashop.lt\\\/en\\\/shop\\\/sinoz-kuno-sveitiklis-liberty-300-ml\\\/\",\"url\":\"https:\\\/\\\/www.malinashop.lt\\\/en\\\/shop\\\/sinoz-kuno-sveitiklis-liberty-300-ml\\\/\",\"name\":\"SINOZ k\u016bno \u0161veitiklis LIBERTY, 300 ml - MalinaShop.lt J\u016bs\u0173 sveikatai ir gro\u017eiui.\",\"isPartOf\":{\"@id\":\"https:\\\/\\\/www.malinashop.lt\\\/#website\"},\"primaryImageOfPage\":{\"@id\":\"https:\\\/\\\/www.malinashop.lt\\\/en\\\/shop\\\/sinoz-kuno-sveitiklis-liberty-300-ml\\\/#primaryimage\"},\"image\":{\"@id\":\"https:\\\/\\\/www.malinashop.lt\\\/en\\\/shop\\\/sinoz-kuno-sveitiklis-liberty-300-ml\\\/#primaryimage\"},\"thumbnailUrl\":\"https:\\\/\\\/www.malinashop.lt\\\/wp-content\\\/uploads\\\/2025\\\/10\\\/SINOZ-kuno-sveitiklis-LIBERTY-300-ml.webp\",\"datePublished\":\"2025-10-20T17:17:16+00:00\",\"dateModified\":\"2026-03-18T09:27:54+00:00\",\"description\":\"SINOZ LIBERTY k\u016bno \u0161veitiklis \u0161velniai \u0161vei\u010dia, maitina ir dr\u0117kina od\u0105, suteikdamas jai \u0161velnumo ir spindesio. SINOZ k\u016bno \u0161veitiklis LIBERTY, 300 ml\",\"breadcrumb\":{\"@id\":\"https:\\\/\\\/www.malinashop.lt\\\/en\\\/shop\\\/sinoz-kuno-sveitiklis-liberty-300-ml\\\/#breadcrumb\"},\"inLanguage\":\"en-GB\",\"potentialAction\":[{\"@type\":\"ReadAction\",\"target\":[\"https:\\\/\\\/www.malinashop.lt\\\/en\\\/shop\\\/sinoz-kuno-sveitiklis-liberty-300-ml\\\/\"]}]},{\"@type\":\"ImageObject\",\"inLanguage\":\"en-GB\",\"@id\":\"https:\\\/\\\/www.malinashop.lt\\\/en\\\/shop\\\/sinoz-kuno-sveitiklis-liberty-300-ml\\\/#primaryimage\",\"url\":\"https:\\\/\\\/www.malinashop.lt\\\/wp-content\\\/uploads\\\/2025\\\/10\\\/SINOZ-kuno-sveitiklis-LIBERTY-300-ml.webp\",\"contentUrl\":\"https:\\\/\\\/www.malinashop.lt\\\/wp-content\\\/uploads\\\/2025\\\/10\\\/SINOZ-kuno-sveitiklis-LIBERTY-300-ml.webp\",\"width\":504,\"height\":495},{\"@type\":\"BreadcrumbList\",\"@id\":\"https:\\\/\\\/www.malinashop.lt\\\/en\\\/shop\\\/sinoz-kuno-sveitiklis-liberty-300-ml\\\/#breadcrumb\",\"itemListElement\":[{\"@type\":\"ListItem\",\"position\":1,\"name\":\"Pagrindinis\",\"item\":\"https:\\\/\\\/www.malinashop.lt\\\/\"},{\"@type\":\"ListItem\",\"position\":2,\"name\":\"Parduotuv\u0117\",\"item\":\"https:\\\/\\\/www.malinashop.lt\\\/en\\\/parduotuve\\\/\"},{\"@type\":\"ListItem\",\"position\":3,\"name\":\"SINOZ k\u016bno \u0161veitiklis LIBERTY, 300 ml\"}]},{\"@type\":\"WebSite\",\"@id\":\"https:\\\/\\\/www.malinashop.lt\\\/#website\",\"url\":\"https:\\\/\\\/www.malinashop.lt\\\/\",\"name\":\"COM Group Ecommerce\",\"description\":\"MalinaShop.lt - Gro\u017eio ir sveikatos produktai i\u0161 patikim\u0173 preki\u0173 \u017eenkl\u0173. Atraskite auk\u0161tos kokyb\u0117s kosmetik\u0105 u\u017e puiki\u0105 kain\u0105.\",\"publisher\":{\"@id\":\"https:\\\/\\\/www.malinashop.lt\\\/#organization\"},\"potentialAction\":[{\"@type\":\"SearchAction\",\"target\":{\"@type\":\"EntryPoint\",\"urlTemplate\":\"https:\\\/\\\/www.malinashop.lt\\\/?s={search_term_string}\"},\"query-input\":{\"@type\":\"PropertyValueSpecification\",\"valueRequired\":true,\"valueName\":\"search_term_string\"}}],\"inLanguage\":\"en-GB\"},{\"@type\":\"Organization\",\"@id\":\"https:\\\/\\\/www.malinashop.lt\\\/#organization\",\"name\":\"COM Group Ecommerce\",\"url\":\"https:\\\/\\\/www.malinashop.lt\\\/\",\"logo\":{\"@type\":\"ImageObject\",\"inLanguage\":\"en-GB\",\"@id\":\"https:\\\/\\\/www.malinashop.lt\\\/#\\\/schema\\\/logo\\\/image\\\/\",\"url\":\"https:\\\/\\\/www.malinashop.lt\\\/wp-content\\\/uploads\\\/2024\\\/08\\\/462559670_3787732518133670_9795632669273463_n-e1731525914575.png\",\"contentUrl\":\"https:\\\/\\\/www.malinashop.lt\\\/wp-content\\\/uploads\\\/2024\\\/08\\\/462559670_3787732518133670_9795632669273463_n-e1731525914575.png\",\"width\":180,\"height\":60,\"caption\":\"COM Group Ecommerce\"},\"image\":{\"@id\":\"https:\\\/\\\/www.malinashop.lt\\\/#\\\/schema\\\/logo\\\/image\\\/\"}}]}<\/script>\n<!-- \/ Yoast SEO plugin. -->","yoast_head_json":{"title":"SINOZ k\u016bno \u0161veitiklis LIBERTY, 300 ml - MalinaShop.lt J\u016bs\u0173 sveikatai ir gro\u017eiui.","description":"SINOZ LIBERTY k\u016bno \u0161veitiklis \u0161velniai \u0161vei\u010dia, maitina ir dr\u0117kina od\u0105, suteikdamas jai \u0161velnumo ir spindesio. SINOZ k\u016bno \u0161veitiklis LIBERTY, 300 ml","robots":{"index":"index","follow":"follow","max-snippet":"max-snippet:-1","max-image-preview":"max-image-preview:large","max-video-preview":"max-video-preview:-1"},"canonical":"https:\/\/www.malinashop.lt\/en\/shop\/sinoz-kuno-sveitiklis-liberty-300-ml\/","og_locale":"en_GB","og_type":"article","og_title":"SINOZ k\u016bno \u0161veitiklis LIBERTY, 300 ml - MalinaShop.lt J\u016bs\u0173 sveikatai ir gro\u017eiui.","og_description":"SINOZ LIBERTY k\u016bno \u0161veitiklis \u0161velniai \u0161vei\u010dia, maitina ir dr\u0117kina od\u0105, suteikdamas jai \u0161velnumo ir spindesio. SINOZ k\u016bno \u0161veitiklis LIBERTY, 300 ml","og_url":"https:\/\/www.malinashop.lt\/en\/shop\/sinoz-kuno-sveitiklis-liberty-300-ml\/","og_site_name":"MalinaShop.lt J\u016bs\u0173 sveikatai ir gro\u017eiui.","article_modified_time":"2026-03-18T09:27:54+00:00","og_image":[{"width":504,"height":495,"url":"https:\/\/www.malinashop.lt\/wp-content\/uploads\/2025\/10\/SINOZ-kuno-sveitiklis-LIBERTY-300-ml.webp","type":"image\/webp"}],"twitter_card":"summary_large_image","schema":{"@context":"https:\/\/schema.org","@graph":[{"@type":"WebPage","@id":"https:\/\/www.malinashop.lt\/en\/shop\/sinoz-kuno-sveitiklis-liberty-300-ml\/","url":"https:\/\/www.malinashop.lt\/en\/shop\/sinoz-kuno-sveitiklis-liberty-300-ml\/","name":"SINOZ k\u016bno \u0161veitiklis LIBERTY, 300 ml - MalinaShop.lt J\u016bs\u0173 sveikatai ir gro\u017eiui.","isPartOf":{"@id":"https:\/\/www.malinashop.lt\/#website"},"primaryImageOfPage":{"@id":"https:\/\/www.malinashop.lt\/en\/shop\/sinoz-kuno-sveitiklis-liberty-300-ml\/#primaryimage"},"image":{"@id":"https:\/\/www.malinashop.lt\/en\/shop\/sinoz-kuno-sveitiklis-liberty-300-ml\/#primaryimage"},"thumbnailUrl":"https:\/\/www.malinashop.lt\/wp-content\/uploads\/2025\/10\/SINOZ-kuno-sveitiklis-LIBERTY-300-ml.webp","datePublished":"2025-10-20T17:17:16+00:00","dateModified":"2026-03-18T09:27:54+00:00","description":"SINOZ LIBERTY k\u016bno \u0161veitiklis \u0161velniai \u0161vei\u010dia, maitina ir dr\u0117kina od\u0105, suteikdamas jai \u0161velnumo ir spindesio. SINOZ k\u016bno \u0161veitiklis LIBERTY, 300 ml","breadcrumb":{"@id":"https:\/\/www.malinashop.lt\/en\/shop\/sinoz-kuno-sveitiklis-liberty-300-ml\/#breadcrumb"},"inLanguage":"en-GB","potentialAction":[{"@type":"ReadAction","target":["https:\/\/www.malinashop.lt\/en\/shop\/sinoz-kuno-sveitiklis-liberty-300-ml\/"]}]},{"@type":"ImageObject","inLanguage":"en-GB","@id":"https:\/\/www.malinashop.lt\/en\/shop\/sinoz-kuno-sveitiklis-liberty-300-ml\/#primaryimage","url":"https:\/\/www.malinashop.lt\/wp-content\/uploads\/2025\/10\/SINOZ-kuno-sveitiklis-LIBERTY-300-ml.webp","contentUrl":"https:\/\/www.malinashop.lt\/wp-content\/uploads\/2025\/10\/SINOZ-kuno-sveitiklis-LIBERTY-300-ml.webp","width":504,"height":495},{"@type":"BreadcrumbList","@id":"https:\/\/www.malinashop.lt\/en\/shop\/sinoz-kuno-sveitiklis-liberty-300-ml\/#breadcrumb","itemListElement":[{"@type":"ListItem","position":1,"name":"Pagrindinis","item":"https:\/\/www.malinashop.lt\/"},{"@type":"ListItem","position":2,"name":"Parduotuv\u0117","item":"https:\/\/www.malinashop.lt\/en\/parduotuve\/"},{"@type":"ListItem","position":3,"name":"SINOZ k\u016bno \u0161veitiklis LIBERTY, 300 ml"}]},{"@type":"WebSite","@id":"https:\/\/www.malinashop.lt\/#website","url":"https:\/\/www.malinashop.lt\/","name":"COM Group Ecommerce","description":"MalinaShop.lt - Gro\u017eio ir sveikatos produktai i\u0161 patikim\u0173 preki\u0173 \u017eenkl\u0173. Atraskite auk\u0161tos kokyb\u0117s kosmetik\u0105 u\u017e puiki\u0105 kain\u0105.","publisher":{"@id":"https:\/\/www.malinashop.lt\/#organization"},"potentialAction":[{"@type":"SearchAction","target":{"@type":"EntryPoint","urlTemplate":"https:\/\/www.malinashop.lt\/?s={search_term_string}"},"query-input":{"@type":"PropertyValueSpecification","valueRequired":true,"valueName":"search_term_string"}}],"inLanguage":"en-GB"},{"@type":"Organization","@id":"https:\/\/www.malinashop.lt\/#organization","name":"COM Group Ecommerce","url":"https:\/\/www.malinashop.lt\/","logo":{"@type":"ImageObject","inLanguage":"en-GB","@id":"https:\/\/www.malinashop.lt\/#\/schema\/logo\/image\/","url":"https:\/\/www.malinashop.lt\/wp-content\/uploads\/2024\/08\/462559670_3787732518133670_9795632669273463_n-e1731525914575.png","contentUrl":"https:\/\/www.malinashop.lt\/wp-content\/uploads\/2024\/08\/462559670_3787732518133670_9795632669273463_n-e1731525914575.png","width":180,"height":60,"caption":"COM Group Ecommerce"},"image":{"@id":"https:\/\/www.malinashop.lt\/#\/schema\/logo\/image\/"}}]}},"jetpack_sharing_enabled":true,"_links":{"self":[{"href":"https:\/\/www.malinashop.lt\/en\/wp-json\/wp\/v2\/product\/59022","targetHints":{"allow":["GET"]}}],"collection":[{"href":"https:\/\/www.malinashop.lt\/en\/wp-json\/wp\/v2\/product"}],"about":[{"href":"https:\/\/www.malinashop.lt\/en\/wp-json\/wp\/v2\/types\/product"}],"version-history":[{"count":1,"href":"https:\/\/www.malinashop.lt\/en\/wp-json\/wp\/v2\/product\/59022\/revisions"}],"predecessor-version":[{"id":59024,"href":"https:\/\/www.malinashop.lt\/en\/wp-json\/wp\/v2\/product\/59022\/revisions\/59024"}],"wp:featuredmedia":[{"embeddable":true,"href":"https:\/\/www.malinashop.lt\/en\/wp-json\/wp\/v2\/media\/59023"}],"wp:attachment":[{"href":"https:\/\/www.malinashop.lt\/en\/wp-json\/wp\/v2\/media?parent=59022"}],"wp:term":[{"taxonomy":"product_brand","embeddable":true,"href":"https:\/\/www.malinashop.lt\/en\/wp-json\/wp\/v2\/product_brand?post=59022"},{"taxonomy":"product_cat","embeddable":true,"href":"https:\/\/www.malinashop.lt\/en\/wp-json\/wp\/v2\/product_cat?post=59022"},{"taxonomy":"product_tag","embeddable":true,"href":"https:\/\/www.malinashop.lt\/en\/wp-json\/wp\/v2\/product_tag?post=59022"}],"curies":[{"name":"wp","href":"https:\/\/api.w.org\/{rel}","templated":true}]}}