{"id":59014,"date":"2025-09-20T20:11:44","date_gmt":"2025-09-20T17:11:44","guid":{"rendered":"https:\/\/malinashop.lt\/?post_type=product&#038;p=59014"},"modified":"2026-03-18T12:28:15","modified_gmt":"2026-03-18T09:28:15","slug":"sinoz-duso-gelis-su-liepziedziu-ekstraktu-linden-garden-400-ml","status":"publish","type":"product","link":"https:\/\/www.malinashop.lt\/en\/shop\/sinoz-duso-gelis-su-liepziedziu-ekstraktu-linden-garden-400-ml\/","title":{"rendered":"SINOZ du\u0161o gelis su liep\u017eied\u017ei\u0173 ekstraktu LINDEN GARDEN, 400 ml"},"content":{"rendered":"<p data-start=\"328\" data-end=\"601\"><strong data-start=\"328\" data-end=\"387\">SINOZ du\u0161o gelis su liep\u017eied\u017ei\u0173 ekstraktu LINDEN GARDEN<\/strong> \u2013 tai dr\u0117kinamasis ir maitinamasis du\u0161o gelis, sukurtas sausai ir jautriai odai. Praturtintas liep\u017eied\u017ei\u0173 ekstraktais, jis \u0161velniai valo od\u0105, suteikia jai gaivumo, \u0161velnumo ir padeda atkurti nat\u016bral\u0173 odos balans\u0105.<\/p>\n<p data-start=\"603\" data-end=\"938\">SINOZ du\u0161o gelis su liep\u017eied\u017ei\u0173 ekstraktu LINDEN GARDEN mink\u0161tina od\u0105, suteikia jai glotnumo ir elastingumo, o unikalios liep\u0173 \u017eied\u0173 savyb\u0117s padeda odai atrodyti lygesnei ir stangresnei. Du\u0161o gelio formul\u0117 be paraben\u0173 ir alkoholio yra saugi ir dermatologi\u0161kai patikrinta, tod\u0117l puikiai tinka kasdieniam naudojimui net ir jautriai odai.<\/p>\n<p data-start=\"940\" data-end=\"968\"><strong data-start=\"940\" data-end=\"968\">Pagrindiniai privalumai:<\/strong><\/p>\n<ul data-start=\"969\" data-end=\"1190\">\n<li data-start=\"969\" data-end=\"1009\">\n<p data-start=\"971\" data-end=\"1009\">Praturtintas liep\u017eied\u017ei\u0173 ekstraktais<\/p>\n<\/li>\n<li data-start=\"1010\" data-end=\"1036\">\n<p data-start=\"1012\" data-end=\"1036\">Dr\u0117kina ir maitina od\u0105<\/p>\n<\/li>\n<li data-start=\"1037\" data-end=\"1069\">\n<p data-start=\"1039\" data-end=\"1069\">Mink\u0161tina, gaivina ir ramina<\/p>\n<\/li>\n<li data-start=\"1070\" data-end=\"1095\">\n<p data-start=\"1072\" data-end=\"1095\">Stiprina odos barjer\u0105<\/p>\n<\/li>\n<li data-start=\"1096\" data-end=\"1124\">\n<p data-start=\"1098\" data-end=\"1124\">Be paraben\u0173 ir alkoholio<\/p>\n<\/li>\n<li data-start=\"1125\" data-end=\"1158\">\n<p data-start=\"1127\" data-end=\"1158\">Tinka sausai ir jautriai odai<\/p>\n<\/li>\n<li data-start=\"1159\" data-end=\"1190\">\n<p data-start=\"1161\" data-end=\"1190\">Dermatologi\u0161kai patikrintas<\/p>\n<\/li>\n<\/ul>\n<p data-start=\"1192\" data-end=\"1497\"><strong data-start=\"1192\" data-end=\"1207\">Naudojimas:<\/strong><br data-start=\"1207\" data-end=\"1210\" \/>Su\u0161lapinkite k\u016bn\u0105 po du\u0161u. \u012epilkite <strong data-start=\"1246\" data-end=\"1305\">SINOZ du\u0161o gelio su liep\u017eied\u017ei\u0173 ekstraktu LINDEN GARDEN<\/strong> \u012f deln\u0105, \u0161velniai \u012fmasa\u017euokite \u012f od\u0105, kol suputos. Palaukite kelias akimirkas ir nuplaukite \u0161iltu vandeniu. Nor\u0117dami papildomai pasir\u016bpinti oda, po du\u0161o galite naudoti dr\u0117kinam\u0105j\u012f k\u016bno krem\u0105.<\/p>\n","protected":false},"excerpt":{"rendered":"<p data-start=\"178\" data-end=\"265\">SINOZ LINDEN GARDEN du\u0161o gelis dr\u0117kina, maitina ir ramina od\u0105 su liep\u017eied\u017ei\u0173 ekstraktu.<\/p>\n","protected":false},"featured_media":59016,"template":"","meta":[],"product_brand":[1354],"product_cat":[538,731],"product_tag":[1619],"class_list":{"0":"post-59014","1":"product","2":"type-product","3":"status-publish","4":"has-post-thumbnail","6":"product_brand-sinoz","7":"product_cat-kuno-prausikliai-duso-geliai","8":"product_cat-kunui","9":"product_tag-sinoz","11":"first","12":"outofstock","13":"sale","14":"taxable","15":"shipping-taxable","16":"purchasable","17":"product-type-simple"},"yoast_head":"<!-- This site is optimized with the Yoast SEO plugin v27.4 - https:\/\/yoast.com\/product\/yoast-seo-wordpress\/ -->\n<title>SINOZ du\u0161o gelis su liep\u017eied\u017ei\u0173 ekstraktu LINDEN GARDEN, 400 ml - MalinaShop.lt J\u016bs\u0173 sveikatai ir gro\u017eiui.<\/title>\n<meta name=\"description\" content=\"SINOZ LINDEN GARDEN du\u0161o gelis su liep\u017eied\u017eiais dr\u0117kina, ramina ir mink\u0161tina od\u0105 \u2013 idealu sausai ir jautriai odai.\" \/>\n<meta name=\"robots\" content=\"index, follow, max-snippet:-1, max-image-preview:large, max-video-preview:-1\" \/>\n<link rel=\"canonical\" href=\"https:\/\/www.malinashop.lt\/en\/shop\/sinoz-duso-gelis-su-liepziedziu-ekstraktu-linden-garden-400-ml\/\" \/>\n<meta property=\"og:locale\" content=\"en_GB\" \/>\n<meta property=\"og:type\" content=\"article\" \/>\n<meta property=\"og:title\" content=\"SINOZ du\u0161o gelis su liep\u017eied\u017ei\u0173 ekstraktu LINDEN GARDEN, 400 ml - MalinaShop.lt J\u016bs\u0173 sveikatai ir gro\u017eiui.\" \/>\n<meta property=\"og:description\" content=\"SINOZ LINDEN GARDEN du\u0161o gelis su liep\u017eied\u017eiais dr\u0117kina, ramina ir mink\u0161tina od\u0105 \u2013 idealu sausai ir jautriai odai.\" \/>\n<meta property=\"og:url\" content=\"https:\/\/www.malinashop.lt\/en\/shop\/sinoz-duso-gelis-su-liepziedziu-ekstraktu-linden-garden-400-ml\/\" \/>\n<meta property=\"og:site_name\" content=\"MalinaShop.lt J\u016bs\u0173 sveikatai ir gro\u017eiui.\" \/>\n<meta property=\"article:modified_time\" content=\"2026-03-18T09:28:15+00:00\" \/>\n<meta property=\"og:image\" content=\"https:\/\/www.malinashop.lt\/wp-content\/uploads\/2025\/10\/SINOZ-duso-gelis-su-liepziedziu-ekstraktu-LINDEN-GARDEN-400-ml.webp\" \/>\n\t<meta property=\"og:image:width\" content=\"550\" \/>\n\t<meta property=\"og:image:height\" content=\"550\" \/>\n\t<meta property=\"og:image:type\" content=\"image\/webp\" \/>\n<meta name=\"twitter:card\" content=\"summary_large_image\" \/>\n<script type=\"application\/ld+json\" class=\"yoast-schema-graph\">{\"@context\":\"https:\\\/\\\/schema.org\",\"@graph\":[{\"@type\":\"WebPage\",\"@id\":\"https:\\\/\\\/www.malinashop.lt\\\/shop\\\/sinoz-duso-gelis-su-liepziedziu-ekstraktu-linden-garden-400-ml\\\/\",\"url\":\"https:\\\/\\\/www.malinashop.lt\\\/shop\\\/sinoz-duso-gelis-su-liepziedziu-ekstraktu-linden-garden-400-ml\\\/\",\"name\":\"SINOZ du\u0161o gelis su liep\u017eied\u017ei\u0173 ekstraktu LINDEN GARDEN, 400 ml - MalinaShop.lt J\u016bs\u0173 sveikatai ir gro\u017eiui.\",\"isPartOf\":{\"@id\":\"https:\\\/\\\/www.malinashop.lt\\\/#website\"},\"primaryImageOfPage\":{\"@id\":\"https:\\\/\\\/www.malinashop.lt\\\/shop\\\/sinoz-duso-gelis-su-liepziedziu-ekstraktu-linden-garden-400-ml\\\/#primaryimage\"},\"image\":{\"@id\":\"https:\\\/\\\/www.malinashop.lt\\\/shop\\\/sinoz-duso-gelis-su-liepziedziu-ekstraktu-linden-garden-400-ml\\\/#primaryimage\"},\"thumbnailUrl\":\"https:\\\/\\\/www.malinashop.lt\\\/wp-content\\\/uploads\\\/2025\\\/10\\\/SINOZ-duso-gelis-su-liepziedziu-ekstraktu-LINDEN-GARDEN-400-ml.webp\",\"datePublished\":\"2025-09-20T17:11:44+00:00\",\"dateModified\":\"2026-03-18T09:28:15+00:00\",\"description\":\"SINOZ LINDEN GARDEN du\u0161o gelis su liep\u017eied\u017eiais dr\u0117kina, ramina ir mink\u0161tina od\u0105 \u2013 idealu sausai ir jautriai odai.\",\"breadcrumb\":{\"@id\":\"https:\\\/\\\/www.malinashop.lt\\\/shop\\\/sinoz-duso-gelis-su-liepziedziu-ekstraktu-linden-garden-400-ml\\\/#breadcrumb\"},\"inLanguage\":\"en-GB\",\"potentialAction\":[{\"@type\":\"ReadAction\",\"target\":[\"https:\\\/\\\/www.malinashop.lt\\\/shop\\\/sinoz-duso-gelis-su-liepziedziu-ekstraktu-linden-garden-400-ml\\\/\"]}]},{\"@type\":\"ImageObject\",\"inLanguage\":\"en-GB\",\"@id\":\"https:\\\/\\\/www.malinashop.lt\\\/shop\\\/sinoz-duso-gelis-su-liepziedziu-ekstraktu-linden-garden-400-ml\\\/#primaryimage\",\"url\":\"https:\\\/\\\/www.malinashop.lt\\\/wp-content\\\/uploads\\\/2025\\\/10\\\/SINOZ-duso-gelis-su-liepziedziu-ekstraktu-LINDEN-GARDEN-400-ml.webp\",\"contentUrl\":\"https:\\\/\\\/www.malinashop.lt\\\/wp-content\\\/uploads\\\/2025\\\/10\\\/SINOZ-duso-gelis-su-liepziedziu-ekstraktu-LINDEN-GARDEN-400-ml.webp\",\"width\":550,\"height\":550},{\"@type\":\"BreadcrumbList\",\"@id\":\"https:\\\/\\\/www.malinashop.lt\\\/shop\\\/sinoz-duso-gelis-su-liepziedziu-ekstraktu-linden-garden-400-ml\\\/#breadcrumb\",\"itemListElement\":[{\"@type\":\"ListItem\",\"position\":1,\"name\":\"Pagrindinis\",\"item\":\"https:\\\/\\\/www.malinashop.lt\\\/\"},{\"@type\":\"ListItem\",\"position\":2,\"name\":\"Parduotuv\u0117\",\"item\":\"https:\\\/\\\/www.malinashop.lt\\\/en\\\/parduotuve\\\/\"},{\"@type\":\"ListItem\",\"position\":3,\"name\":\"SINOZ du\u0161o gelis su liep\u017eied\u017ei\u0173 ekstraktu LINDEN GARDEN, 400 ml\"}]},{\"@type\":\"WebSite\",\"@id\":\"https:\\\/\\\/www.malinashop.lt\\\/#website\",\"url\":\"https:\\\/\\\/www.malinashop.lt\\\/\",\"name\":\"COM Group Ecommerce\",\"description\":\"MalinaShop.lt - Gro\u017eio ir sveikatos produktai i\u0161 patikim\u0173 preki\u0173 \u017eenkl\u0173. Atraskite auk\u0161tos kokyb\u0117s kosmetik\u0105 u\u017e puiki\u0105 kain\u0105.\",\"publisher\":{\"@id\":\"https:\\\/\\\/www.malinashop.lt\\\/#organization\"},\"potentialAction\":[{\"@type\":\"SearchAction\",\"target\":{\"@type\":\"EntryPoint\",\"urlTemplate\":\"https:\\\/\\\/www.malinashop.lt\\\/?s={search_term_string}\"},\"query-input\":{\"@type\":\"PropertyValueSpecification\",\"valueRequired\":true,\"valueName\":\"search_term_string\"}}],\"inLanguage\":\"en-GB\"},{\"@type\":\"Organization\",\"@id\":\"https:\\\/\\\/www.malinashop.lt\\\/#organization\",\"name\":\"COM Group Ecommerce\",\"url\":\"https:\\\/\\\/www.malinashop.lt\\\/\",\"logo\":{\"@type\":\"ImageObject\",\"inLanguage\":\"en-GB\",\"@id\":\"https:\\\/\\\/www.malinashop.lt\\\/#\\\/schema\\\/logo\\\/image\\\/\",\"url\":\"https:\\\/\\\/www.malinashop.lt\\\/wp-content\\\/uploads\\\/2024\\\/08\\\/462559670_3787732518133670_9795632669273463_n-e1731525914575.png\",\"contentUrl\":\"https:\\\/\\\/www.malinashop.lt\\\/wp-content\\\/uploads\\\/2024\\\/08\\\/462559670_3787732518133670_9795632669273463_n-e1731525914575.png\",\"width\":180,\"height\":60,\"caption\":\"COM Group Ecommerce\"},\"image\":{\"@id\":\"https:\\\/\\\/www.malinashop.lt\\\/#\\\/schema\\\/logo\\\/image\\\/\"}}]}<\/script>\n<!-- \/ Yoast SEO plugin. -->","yoast_head_json":{"title":"SINOZ du\u0161o gelis su liep\u017eied\u017ei\u0173 ekstraktu LINDEN GARDEN, 400 ml - MalinaShop.lt J\u016bs\u0173 sveikatai ir gro\u017eiui.","description":"SINOZ LINDEN GARDEN du\u0161o gelis su liep\u017eied\u017eiais dr\u0117kina, ramina ir mink\u0161tina od\u0105 \u2013 idealu sausai ir jautriai odai.","robots":{"index":"index","follow":"follow","max-snippet":"max-snippet:-1","max-image-preview":"max-image-preview:large","max-video-preview":"max-video-preview:-1"},"canonical":"https:\/\/www.malinashop.lt\/en\/shop\/sinoz-duso-gelis-su-liepziedziu-ekstraktu-linden-garden-400-ml\/","og_locale":"en_GB","og_type":"article","og_title":"SINOZ du\u0161o gelis su liep\u017eied\u017ei\u0173 ekstraktu LINDEN GARDEN, 400 ml - MalinaShop.lt J\u016bs\u0173 sveikatai ir gro\u017eiui.","og_description":"SINOZ LINDEN GARDEN du\u0161o gelis su liep\u017eied\u017eiais dr\u0117kina, ramina ir mink\u0161tina od\u0105 \u2013 idealu sausai ir jautriai odai.","og_url":"https:\/\/www.malinashop.lt\/en\/shop\/sinoz-duso-gelis-su-liepziedziu-ekstraktu-linden-garden-400-ml\/","og_site_name":"MalinaShop.lt J\u016bs\u0173 sveikatai ir gro\u017eiui.","article_modified_time":"2026-03-18T09:28:15+00:00","og_image":[{"width":550,"height":550,"url":"https:\/\/www.malinashop.lt\/wp-content\/uploads\/2025\/10\/SINOZ-duso-gelis-su-liepziedziu-ekstraktu-LINDEN-GARDEN-400-ml.webp","type":"image\/webp"}],"twitter_card":"summary_large_image","schema":{"@context":"https:\/\/schema.org","@graph":[{"@type":"WebPage","@id":"https:\/\/www.malinashop.lt\/shop\/sinoz-duso-gelis-su-liepziedziu-ekstraktu-linden-garden-400-ml\/","url":"https:\/\/www.malinashop.lt\/shop\/sinoz-duso-gelis-su-liepziedziu-ekstraktu-linden-garden-400-ml\/","name":"SINOZ du\u0161o gelis su liep\u017eied\u017ei\u0173 ekstraktu LINDEN GARDEN, 400 ml - MalinaShop.lt J\u016bs\u0173 sveikatai ir gro\u017eiui.","isPartOf":{"@id":"https:\/\/www.malinashop.lt\/#website"},"primaryImageOfPage":{"@id":"https:\/\/www.malinashop.lt\/shop\/sinoz-duso-gelis-su-liepziedziu-ekstraktu-linden-garden-400-ml\/#primaryimage"},"image":{"@id":"https:\/\/www.malinashop.lt\/shop\/sinoz-duso-gelis-su-liepziedziu-ekstraktu-linden-garden-400-ml\/#primaryimage"},"thumbnailUrl":"https:\/\/www.malinashop.lt\/wp-content\/uploads\/2025\/10\/SINOZ-duso-gelis-su-liepziedziu-ekstraktu-LINDEN-GARDEN-400-ml.webp","datePublished":"2025-09-20T17:11:44+00:00","dateModified":"2026-03-18T09:28:15+00:00","description":"SINOZ LINDEN GARDEN du\u0161o gelis su liep\u017eied\u017eiais dr\u0117kina, ramina ir mink\u0161tina od\u0105 \u2013 idealu sausai ir jautriai odai.","breadcrumb":{"@id":"https:\/\/www.malinashop.lt\/shop\/sinoz-duso-gelis-su-liepziedziu-ekstraktu-linden-garden-400-ml\/#breadcrumb"},"inLanguage":"en-GB","potentialAction":[{"@type":"ReadAction","target":["https:\/\/www.malinashop.lt\/shop\/sinoz-duso-gelis-su-liepziedziu-ekstraktu-linden-garden-400-ml\/"]}]},{"@type":"ImageObject","inLanguage":"en-GB","@id":"https:\/\/www.malinashop.lt\/shop\/sinoz-duso-gelis-su-liepziedziu-ekstraktu-linden-garden-400-ml\/#primaryimage","url":"https:\/\/www.malinashop.lt\/wp-content\/uploads\/2025\/10\/SINOZ-duso-gelis-su-liepziedziu-ekstraktu-LINDEN-GARDEN-400-ml.webp","contentUrl":"https:\/\/www.malinashop.lt\/wp-content\/uploads\/2025\/10\/SINOZ-duso-gelis-su-liepziedziu-ekstraktu-LINDEN-GARDEN-400-ml.webp","width":550,"height":550},{"@type":"BreadcrumbList","@id":"https:\/\/www.malinashop.lt\/shop\/sinoz-duso-gelis-su-liepziedziu-ekstraktu-linden-garden-400-ml\/#breadcrumb","itemListElement":[{"@type":"ListItem","position":1,"name":"Pagrindinis","item":"https:\/\/www.malinashop.lt\/"},{"@type":"ListItem","position":2,"name":"Parduotuv\u0117","item":"https:\/\/www.malinashop.lt\/en\/parduotuve\/"},{"@type":"ListItem","position":3,"name":"SINOZ du\u0161o gelis su liep\u017eied\u017ei\u0173 ekstraktu LINDEN GARDEN, 400 ml"}]},{"@type":"WebSite","@id":"https:\/\/www.malinashop.lt\/#website","url":"https:\/\/www.malinashop.lt\/","name":"COM Group Ecommerce","description":"MalinaShop.lt - Gro\u017eio ir sveikatos produktai i\u0161 patikim\u0173 preki\u0173 \u017eenkl\u0173. Atraskite auk\u0161tos kokyb\u0117s kosmetik\u0105 u\u017e puiki\u0105 kain\u0105.","publisher":{"@id":"https:\/\/www.malinashop.lt\/#organization"},"potentialAction":[{"@type":"SearchAction","target":{"@type":"EntryPoint","urlTemplate":"https:\/\/www.malinashop.lt\/?s={search_term_string}"},"query-input":{"@type":"PropertyValueSpecification","valueRequired":true,"valueName":"search_term_string"}}],"inLanguage":"en-GB"},{"@type":"Organization","@id":"https:\/\/www.malinashop.lt\/#organization","name":"COM Group Ecommerce","url":"https:\/\/www.malinashop.lt\/","logo":{"@type":"ImageObject","inLanguage":"en-GB","@id":"https:\/\/www.malinashop.lt\/#\/schema\/logo\/image\/","url":"https:\/\/www.malinashop.lt\/wp-content\/uploads\/2024\/08\/462559670_3787732518133670_9795632669273463_n-e1731525914575.png","contentUrl":"https:\/\/www.malinashop.lt\/wp-content\/uploads\/2024\/08\/462559670_3787732518133670_9795632669273463_n-e1731525914575.png","width":180,"height":60,"caption":"COM Group Ecommerce"},"image":{"@id":"https:\/\/www.malinashop.lt\/#\/schema\/logo\/image\/"}}]}},"jetpack_sharing_enabled":true,"_links":{"self":[{"href":"https:\/\/www.malinashop.lt\/en\/wp-json\/wp\/v2\/product\/59014","targetHints":{"allow":["GET"]}}],"collection":[{"href":"https:\/\/www.malinashop.lt\/en\/wp-json\/wp\/v2\/product"}],"about":[{"href":"https:\/\/www.malinashop.lt\/en\/wp-json\/wp\/v2\/types\/product"}],"version-history":[{"count":1,"href":"https:\/\/www.malinashop.lt\/en\/wp-json\/wp\/v2\/product\/59014\/revisions"}],"predecessor-version":[{"id":59017,"href":"https:\/\/www.malinashop.lt\/en\/wp-json\/wp\/v2\/product\/59014\/revisions\/59017"}],"wp:featuredmedia":[{"embeddable":true,"href":"https:\/\/www.malinashop.lt\/en\/wp-json\/wp\/v2\/media\/59016"}],"wp:attachment":[{"href":"https:\/\/www.malinashop.lt\/en\/wp-json\/wp\/v2\/media?parent=59014"}],"wp:term":[{"taxonomy":"product_brand","embeddable":true,"href":"https:\/\/www.malinashop.lt\/en\/wp-json\/wp\/v2\/product_brand?post=59014"},{"taxonomy":"product_cat","embeddable":true,"href":"https:\/\/www.malinashop.lt\/en\/wp-json\/wp\/v2\/product_cat?post=59014"},{"taxonomy":"product_tag","embeddable":true,"href":"https:\/\/www.malinashop.lt\/en\/wp-json\/wp\/v2\/product_tag?post=59014"}],"curies":[{"name":"wp","href":"https:\/\/api.w.org\/{rel}","templated":true}]}}