{"id":59010,"date":"2025-10-20T20:08:09","date_gmt":"2025-10-20T17:08:09","guid":{"rendered":"https:\/\/malinashop.lt\/?post_type=product&#038;p=59010"},"modified":"2026-03-18T12:27:55","modified_gmt":"2026-03-18T09:27:55","slug":"sinoz-kuno-purskiklis-vaniles-kvapo-sweet-vanilla-200-ml","status":"publish","type":"product","link":"https:\/\/www.malinashop.lt\/en\/shop\/sinoz-kuno-purskiklis-vaniles-kvapo-sweet-vanilla-200-ml\/","title":{"rendered":"SINOZ k\u016bno pur\u0161kiklis vanil\u0117s kvapo SWEET VANILLA, 200 ml"},"content":{"rendered":"<p data-start=\"363\" data-end=\"631\"><strong data-start=\"363\" data-end=\"416\">SINOZ k\u016bno pur\u0161kiklis vanil\u0117s kvapo SWEET VANILLA<\/strong> \u2013 tai \u0161velnus ir saldus k\u016bno pur\u0161kiklis, suteikiantis gaivumo ir ilgai i\u0161liekant\u012f vanil\u0117s aromat\u0105. Jo i\u0161skirtin\u0117s, \u0161iltos vanil\u0117s natos harmoningai susilieja su oda ir suteikia jauk\u0173, gurmani\u0161k\u0105 kvap\u0105 visai dienai.<\/p>\n<p data-start=\"633\" data-end=\"938\">SINOZ k\u016bno pur\u0161kiklis vanil\u0117s kvapo SWEET VANILLA gali b\u016bti naudojamas tiek ant k\u016bno, tiek ant plauk\u0173, tod\u0117l tai puikus pasirinkimas po du\u0161o arba bet kuriuo metu, kai norisi atgaivinti kvap\u0105. Lengva ir neriebi tekst\u016bra neapsunkina odos, o subtilus aromatas suteikia pasitik\u0117jimo savimi ir komforto jausm\u0105.<\/p>\n<p data-start=\"940\" data-end=\"968\"><strong data-start=\"940\" data-end=\"968\">Pagrindiniai privalumai:<\/strong><\/p>\n<ul data-start=\"969\" data-end=\"1150\">\n<li data-start=\"969\" data-end=\"1004\">\n<p data-start=\"971\" data-end=\"1004\">Saldus ir jaukus vanil\u0117s kvapas<\/p>\n<\/li>\n<li data-start=\"1005\" data-end=\"1035\">\n<p data-start=\"1007\" data-end=\"1035\">Ilgai i\u0161liekantis aromatas<\/p>\n<\/li>\n<li data-start=\"1036\" data-end=\"1063\">\n<p data-start=\"1038\" data-end=\"1063\">Gaivina k\u016bn\u0105 ir plaukus<\/p>\n<\/li>\n<li data-start=\"1064\" data-end=\"1115\">\n<p data-start=\"1066\" data-end=\"1115\">Tinka naudoti kasdien ir kelis kartus per dien\u0105<\/p>\n<\/li>\n<li data-start=\"1116\" data-end=\"1150\">\n<p data-start=\"1118\" data-end=\"1150\">Lengva, neapsunkinanti formul\u0117<\/p>\n<\/li>\n<\/ul>\n<p data-start=\"1152\" data-end=\"1348\"><strong data-start=\"1152\" data-end=\"1167\">Naudojimas:<\/strong><br data-start=\"1167\" data-end=\"1170\" \/>Purk\u0161kite <strong data-start=\"1180\" data-end=\"1232\">SINOZ k\u016bno pur\u0161kikl\u012f vanil\u0117s kvapo SWEET VANILLA<\/strong> ant odos ar plauk\u0173 15\u201320 cm atstumu. Naudokite po du\u0161o arba bet kuriuo metu dienos eigoje. Venkite patekimo \u012f akis.<\/p>\n","protected":false},"excerpt":{"rendered":"<p data-start=\"198\" data-end=\"300\">SINOZ SWEET VANILLA k\u016bno pur\u0161kiklis suteikia ilgalaik\u012f vanil\u0117s aromat\u0105 ir gaivina od\u0105 bet kuriuo metu.<\/p>\n","protected":false},"featured_media":59012,"template":"","meta":[],"product_brand":[1354],"product_cat":[542,731],"product_tag":[1619],"class_list":{"0":"post-59010","1":"product","2":"type-product","3":"status-publish","4":"has-post-thumbnail","6":"product_brand-sinoz","7":"product_cat-kuno-dulksna-purskikliai","8":"product_cat-kunui","9":"product_tag-sinoz","11":"first","12":"outofstock","13":"sale","14":"taxable","15":"shipping-taxable","16":"purchasable","17":"product-type-simple"},"yoast_head":"<!-- This site is optimized with the Yoast SEO plugin v27.4 - https:\/\/yoast.com\/product\/yoast-seo-wordpress\/ -->\n<title>SINOZ k\u016bno pur\u0161kiklis vanil\u0117s kvapo SWEET VANILLA, 200 ml - MalinaShop.lt J\u016bs\u0173 sveikatai ir gro\u017eiui.<\/title>\n<meta name=\"description\" content=\"SINOZ SWEET VANILLA k\u016bno pur\u0161kiklis suteikia ilgai i\u0161liekant\u012f vanil\u0117s aromat\u0105 ir gaivina k\u016bn\u0105 bei plaukus. MalinaShop.lt J\u016bs\u0173 sveikatai ir gro\u017eiui.\" \/>\n<meta name=\"robots\" content=\"index, follow, max-snippet:-1, max-image-preview:large, max-video-preview:-1\" \/>\n<link rel=\"canonical\" href=\"https:\/\/www.malinashop.lt\/en\/shop\/sinoz-kuno-purskiklis-vaniles-kvapo-sweet-vanilla-200-ml\/\" \/>\n<meta property=\"og:locale\" content=\"en_GB\" \/>\n<meta property=\"og:type\" content=\"article\" \/>\n<meta property=\"og:title\" content=\"SINOZ k\u016bno pur\u0161kiklis vanil\u0117s kvapo SWEET VANILLA, 200 ml - MalinaShop.lt J\u016bs\u0173 sveikatai ir gro\u017eiui.\" \/>\n<meta property=\"og:description\" content=\"SINOZ SWEET VANILLA k\u016bno pur\u0161kiklis suteikia ilgai i\u0161liekant\u012f vanil\u0117s aromat\u0105 ir gaivina k\u016bn\u0105 bei plaukus. MalinaShop.lt J\u016bs\u0173 sveikatai ir gro\u017eiui.\" \/>\n<meta property=\"og:url\" content=\"https:\/\/www.malinashop.lt\/en\/shop\/sinoz-kuno-purskiklis-vaniles-kvapo-sweet-vanilla-200-ml\/\" \/>\n<meta property=\"og:site_name\" content=\"MalinaShop.lt J\u016bs\u0173 sveikatai ir gro\u017eiui.\" \/>\n<meta property=\"article:modified_time\" content=\"2026-03-18T09:27:55+00:00\" \/>\n<meta property=\"og:image\" content=\"https:\/\/www.malinashop.lt\/wp-content\/uploads\/2025\/10\/SINOZ-kuno-purskiklis-vaniles-kvapo-SWEET-VANILLA-200-ml.webp\" \/>\n\t<meta property=\"og:image:width\" content=\"768\" \/>\n\t<meta property=\"og:image:height\" content=\"768\" \/>\n\t<meta property=\"og:image:type\" content=\"image\/webp\" \/>\n<meta name=\"twitter:card\" content=\"summary_large_image\" \/>\n<script type=\"application\/ld+json\" class=\"yoast-schema-graph\">{\"@context\":\"https:\\\/\\\/schema.org\",\"@graph\":[{\"@type\":\"WebPage\",\"@id\":\"https:\\\/\\\/www.malinashop.lt\\\/shop\\\/sinoz-kuno-purskiklis-vaniles-kvapo-sweet-vanilla-200-ml\\\/\",\"url\":\"https:\\\/\\\/www.malinashop.lt\\\/shop\\\/sinoz-kuno-purskiklis-vaniles-kvapo-sweet-vanilla-200-ml\\\/\",\"name\":\"SINOZ k\u016bno pur\u0161kiklis vanil\u0117s kvapo SWEET VANILLA, 200 ml - MalinaShop.lt J\u016bs\u0173 sveikatai ir gro\u017eiui.\",\"isPartOf\":{\"@id\":\"https:\\\/\\\/www.malinashop.lt\\\/#website\"},\"primaryImageOfPage\":{\"@id\":\"https:\\\/\\\/www.malinashop.lt\\\/shop\\\/sinoz-kuno-purskiklis-vaniles-kvapo-sweet-vanilla-200-ml\\\/#primaryimage\"},\"image\":{\"@id\":\"https:\\\/\\\/www.malinashop.lt\\\/shop\\\/sinoz-kuno-purskiklis-vaniles-kvapo-sweet-vanilla-200-ml\\\/#primaryimage\"},\"thumbnailUrl\":\"https:\\\/\\\/www.malinashop.lt\\\/wp-content\\\/uploads\\\/2025\\\/10\\\/SINOZ-kuno-purskiklis-vaniles-kvapo-SWEET-VANILLA-200-ml.webp\",\"datePublished\":\"2025-10-20T17:08:09+00:00\",\"dateModified\":\"2026-03-18T09:27:55+00:00\",\"description\":\"SINOZ SWEET VANILLA k\u016bno pur\u0161kiklis suteikia ilgai i\u0161liekant\u012f vanil\u0117s aromat\u0105 ir gaivina k\u016bn\u0105 bei plaukus. MalinaShop.lt J\u016bs\u0173 sveikatai ir gro\u017eiui.\",\"breadcrumb\":{\"@id\":\"https:\\\/\\\/www.malinashop.lt\\\/shop\\\/sinoz-kuno-purskiklis-vaniles-kvapo-sweet-vanilla-200-ml\\\/#breadcrumb\"},\"inLanguage\":\"en-GB\",\"potentialAction\":[{\"@type\":\"ReadAction\",\"target\":[\"https:\\\/\\\/www.malinashop.lt\\\/shop\\\/sinoz-kuno-purskiklis-vaniles-kvapo-sweet-vanilla-200-ml\\\/\"]}]},{\"@type\":\"ImageObject\",\"inLanguage\":\"en-GB\",\"@id\":\"https:\\\/\\\/www.malinashop.lt\\\/shop\\\/sinoz-kuno-purskiklis-vaniles-kvapo-sweet-vanilla-200-ml\\\/#primaryimage\",\"url\":\"https:\\\/\\\/www.malinashop.lt\\\/wp-content\\\/uploads\\\/2025\\\/10\\\/SINOZ-kuno-purskiklis-vaniles-kvapo-SWEET-VANILLA-200-ml.webp\",\"contentUrl\":\"https:\\\/\\\/www.malinashop.lt\\\/wp-content\\\/uploads\\\/2025\\\/10\\\/SINOZ-kuno-purskiklis-vaniles-kvapo-SWEET-VANILLA-200-ml.webp\",\"width\":768,\"height\":768},{\"@type\":\"BreadcrumbList\",\"@id\":\"https:\\\/\\\/www.malinashop.lt\\\/shop\\\/sinoz-kuno-purskiklis-vaniles-kvapo-sweet-vanilla-200-ml\\\/#breadcrumb\",\"itemListElement\":[{\"@type\":\"ListItem\",\"position\":1,\"name\":\"Pagrindinis\",\"item\":\"https:\\\/\\\/www.malinashop.lt\\\/\"},{\"@type\":\"ListItem\",\"position\":2,\"name\":\"Parduotuv\u0117\",\"item\":\"https:\\\/\\\/www.malinashop.lt\\\/en\\\/parduotuve\\\/\"},{\"@type\":\"ListItem\",\"position\":3,\"name\":\"SINOZ k\u016bno pur\u0161kiklis vanil\u0117s kvapo SWEET VANILLA, 200 ml\"}]},{\"@type\":\"WebSite\",\"@id\":\"https:\\\/\\\/www.malinashop.lt\\\/#website\",\"url\":\"https:\\\/\\\/www.malinashop.lt\\\/\",\"name\":\"COM Group Ecommerce\",\"description\":\"MalinaShop.lt - Gro\u017eio ir sveikatos produktai i\u0161 patikim\u0173 preki\u0173 \u017eenkl\u0173. Atraskite auk\u0161tos kokyb\u0117s kosmetik\u0105 u\u017e puiki\u0105 kain\u0105.\",\"publisher\":{\"@id\":\"https:\\\/\\\/www.malinashop.lt\\\/#organization\"},\"potentialAction\":[{\"@type\":\"SearchAction\",\"target\":{\"@type\":\"EntryPoint\",\"urlTemplate\":\"https:\\\/\\\/www.malinashop.lt\\\/?s={search_term_string}\"},\"query-input\":{\"@type\":\"PropertyValueSpecification\",\"valueRequired\":true,\"valueName\":\"search_term_string\"}}],\"inLanguage\":\"en-GB\"},{\"@type\":\"Organization\",\"@id\":\"https:\\\/\\\/www.malinashop.lt\\\/#organization\",\"name\":\"COM Group Ecommerce\",\"url\":\"https:\\\/\\\/www.malinashop.lt\\\/\",\"logo\":{\"@type\":\"ImageObject\",\"inLanguage\":\"en-GB\",\"@id\":\"https:\\\/\\\/www.malinashop.lt\\\/#\\\/schema\\\/logo\\\/image\\\/\",\"url\":\"https:\\\/\\\/www.malinashop.lt\\\/wp-content\\\/uploads\\\/2024\\\/08\\\/462559670_3787732518133670_9795632669273463_n-e1731525914575.png\",\"contentUrl\":\"https:\\\/\\\/www.malinashop.lt\\\/wp-content\\\/uploads\\\/2024\\\/08\\\/462559670_3787732518133670_9795632669273463_n-e1731525914575.png\",\"width\":180,\"height\":60,\"caption\":\"COM Group Ecommerce\"},\"image\":{\"@id\":\"https:\\\/\\\/www.malinashop.lt\\\/#\\\/schema\\\/logo\\\/image\\\/\"}}]}<\/script>\n<!-- \/ Yoast SEO plugin. -->","yoast_head_json":{"title":"SINOZ k\u016bno pur\u0161kiklis vanil\u0117s kvapo SWEET VANILLA, 200 ml - MalinaShop.lt J\u016bs\u0173 sveikatai ir gro\u017eiui.","description":"SINOZ SWEET VANILLA k\u016bno pur\u0161kiklis suteikia ilgai i\u0161liekant\u012f vanil\u0117s aromat\u0105 ir gaivina k\u016bn\u0105 bei plaukus. MalinaShop.lt J\u016bs\u0173 sveikatai ir gro\u017eiui.","robots":{"index":"index","follow":"follow","max-snippet":"max-snippet:-1","max-image-preview":"max-image-preview:large","max-video-preview":"max-video-preview:-1"},"canonical":"https:\/\/www.malinashop.lt\/en\/shop\/sinoz-kuno-purskiklis-vaniles-kvapo-sweet-vanilla-200-ml\/","og_locale":"en_GB","og_type":"article","og_title":"SINOZ k\u016bno pur\u0161kiklis vanil\u0117s kvapo SWEET VANILLA, 200 ml - MalinaShop.lt J\u016bs\u0173 sveikatai ir gro\u017eiui.","og_description":"SINOZ SWEET VANILLA k\u016bno pur\u0161kiklis suteikia ilgai i\u0161liekant\u012f vanil\u0117s aromat\u0105 ir gaivina k\u016bn\u0105 bei plaukus. MalinaShop.lt J\u016bs\u0173 sveikatai ir gro\u017eiui.","og_url":"https:\/\/www.malinashop.lt\/en\/shop\/sinoz-kuno-purskiklis-vaniles-kvapo-sweet-vanilla-200-ml\/","og_site_name":"MalinaShop.lt J\u016bs\u0173 sveikatai ir gro\u017eiui.","article_modified_time":"2026-03-18T09:27:55+00:00","og_image":[{"width":768,"height":768,"url":"https:\/\/www.malinashop.lt\/wp-content\/uploads\/2025\/10\/SINOZ-kuno-purskiklis-vaniles-kvapo-SWEET-VANILLA-200-ml.webp","type":"image\/webp"}],"twitter_card":"summary_large_image","schema":{"@context":"https:\/\/schema.org","@graph":[{"@type":"WebPage","@id":"https:\/\/www.malinashop.lt\/shop\/sinoz-kuno-purskiklis-vaniles-kvapo-sweet-vanilla-200-ml\/","url":"https:\/\/www.malinashop.lt\/shop\/sinoz-kuno-purskiklis-vaniles-kvapo-sweet-vanilla-200-ml\/","name":"SINOZ k\u016bno pur\u0161kiklis vanil\u0117s kvapo SWEET VANILLA, 200 ml - MalinaShop.lt J\u016bs\u0173 sveikatai ir gro\u017eiui.","isPartOf":{"@id":"https:\/\/www.malinashop.lt\/#website"},"primaryImageOfPage":{"@id":"https:\/\/www.malinashop.lt\/shop\/sinoz-kuno-purskiklis-vaniles-kvapo-sweet-vanilla-200-ml\/#primaryimage"},"image":{"@id":"https:\/\/www.malinashop.lt\/shop\/sinoz-kuno-purskiklis-vaniles-kvapo-sweet-vanilla-200-ml\/#primaryimage"},"thumbnailUrl":"https:\/\/www.malinashop.lt\/wp-content\/uploads\/2025\/10\/SINOZ-kuno-purskiklis-vaniles-kvapo-SWEET-VANILLA-200-ml.webp","datePublished":"2025-10-20T17:08:09+00:00","dateModified":"2026-03-18T09:27:55+00:00","description":"SINOZ SWEET VANILLA k\u016bno pur\u0161kiklis suteikia ilgai i\u0161liekant\u012f vanil\u0117s aromat\u0105 ir gaivina k\u016bn\u0105 bei plaukus. MalinaShop.lt J\u016bs\u0173 sveikatai ir gro\u017eiui.","breadcrumb":{"@id":"https:\/\/www.malinashop.lt\/shop\/sinoz-kuno-purskiklis-vaniles-kvapo-sweet-vanilla-200-ml\/#breadcrumb"},"inLanguage":"en-GB","potentialAction":[{"@type":"ReadAction","target":["https:\/\/www.malinashop.lt\/shop\/sinoz-kuno-purskiklis-vaniles-kvapo-sweet-vanilla-200-ml\/"]}]},{"@type":"ImageObject","inLanguage":"en-GB","@id":"https:\/\/www.malinashop.lt\/shop\/sinoz-kuno-purskiklis-vaniles-kvapo-sweet-vanilla-200-ml\/#primaryimage","url":"https:\/\/www.malinashop.lt\/wp-content\/uploads\/2025\/10\/SINOZ-kuno-purskiklis-vaniles-kvapo-SWEET-VANILLA-200-ml.webp","contentUrl":"https:\/\/www.malinashop.lt\/wp-content\/uploads\/2025\/10\/SINOZ-kuno-purskiklis-vaniles-kvapo-SWEET-VANILLA-200-ml.webp","width":768,"height":768},{"@type":"BreadcrumbList","@id":"https:\/\/www.malinashop.lt\/shop\/sinoz-kuno-purskiklis-vaniles-kvapo-sweet-vanilla-200-ml\/#breadcrumb","itemListElement":[{"@type":"ListItem","position":1,"name":"Pagrindinis","item":"https:\/\/www.malinashop.lt\/"},{"@type":"ListItem","position":2,"name":"Parduotuv\u0117","item":"https:\/\/www.malinashop.lt\/en\/parduotuve\/"},{"@type":"ListItem","position":3,"name":"SINOZ k\u016bno pur\u0161kiklis vanil\u0117s kvapo SWEET VANILLA, 200 ml"}]},{"@type":"WebSite","@id":"https:\/\/www.malinashop.lt\/#website","url":"https:\/\/www.malinashop.lt\/","name":"COM Group Ecommerce","description":"MalinaShop.lt - Gro\u017eio ir sveikatos produktai i\u0161 patikim\u0173 preki\u0173 \u017eenkl\u0173. Atraskite auk\u0161tos kokyb\u0117s kosmetik\u0105 u\u017e puiki\u0105 kain\u0105.","publisher":{"@id":"https:\/\/www.malinashop.lt\/#organization"},"potentialAction":[{"@type":"SearchAction","target":{"@type":"EntryPoint","urlTemplate":"https:\/\/www.malinashop.lt\/?s={search_term_string}"},"query-input":{"@type":"PropertyValueSpecification","valueRequired":true,"valueName":"search_term_string"}}],"inLanguage":"en-GB"},{"@type":"Organization","@id":"https:\/\/www.malinashop.lt\/#organization","name":"COM Group Ecommerce","url":"https:\/\/www.malinashop.lt\/","logo":{"@type":"ImageObject","inLanguage":"en-GB","@id":"https:\/\/www.malinashop.lt\/#\/schema\/logo\/image\/","url":"https:\/\/www.malinashop.lt\/wp-content\/uploads\/2024\/08\/462559670_3787732518133670_9795632669273463_n-e1731525914575.png","contentUrl":"https:\/\/www.malinashop.lt\/wp-content\/uploads\/2024\/08\/462559670_3787732518133670_9795632669273463_n-e1731525914575.png","width":180,"height":60,"caption":"COM Group Ecommerce"},"image":{"@id":"https:\/\/www.malinashop.lt\/#\/schema\/logo\/image\/"}}]}},"jetpack_sharing_enabled":true,"_links":{"self":[{"href":"https:\/\/www.malinashop.lt\/en\/wp-json\/wp\/v2\/product\/59010","targetHints":{"allow":["GET"]}}],"collection":[{"href":"https:\/\/www.malinashop.lt\/en\/wp-json\/wp\/v2\/product"}],"about":[{"href":"https:\/\/www.malinashop.lt\/en\/wp-json\/wp\/v2\/types\/product"}],"version-history":[{"count":1,"href":"https:\/\/www.malinashop.lt\/en\/wp-json\/wp\/v2\/product\/59010\/revisions"}],"predecessor-version":[{"id":59013,"href":"https:\/\/www.malinashop.lt\/en\/wp-json\/wp\/v2\/product\/59010\/revisions\/59013"}],"wp:featuredmedia":[{"embeddable":true,"href":"https:\/\/www.malinashop.lt\/en\/wp-json\/wp\/v2\/media\/59012"}],"wp:attachment":[{"href":"https:\/\/www.malinashop.lt\/en\/wp-json\/wp\/v2\/media?parent=59010"}],"wp:term":[{"taxonomy":"product_brand","embeddable":true,"href":"https:\/\/www.malinashop.lt\/en\/wp-json\/wp\/v2\/product_brand?post=59010"},{"taxonomy":"product_cat","embeddable":true,"href":"https:\/\/www.malinashop.lt\/en\/wp-json\/wp\/v2\/product_cat?post=59010"},{"taxonomy":"product_tag","embeddable":true,"href":"https:\/\/www.malinashop.lt\/en\/wp-json\/wp\/v2\/product_tag?post=59010"}],"curies":[{"name":"wp","href":"https:\/\/api.w.org\/{rel}","templated":true}]}}