{"id":58987,"date":"2025-10-20T15:43:28","date_gmt":"2025-10-20T12:43:28","guid":{"rendered":"https:\/\/malinashop.lt\/?post_type=product&#038;p=58987"},"modified":"2026-03-18T12:27:56","modified_gmt":"2026-03-18T09:27:56","slug":"sinoz-duso-pirstine-silk-bath-glove-1-vnt","status":"publish","type":"product","link":"https:\/\/www.malinashop.lt\/en\/shop\/sinoz-duso-pirstine-silk-bath-glove-1-vnt\/","title":{"rendered":"SINOZ du\u0161o pir\u0161tin\u0117 SILK BATH GLOVE, 1 vnt"},"content":{"rendered":"<p data-start=\"579\" data-end=\"859\"><strong data-start=\"579\" data-end=\"618\">SINOZ du\u0161o pir\u0161tin\u0117 SILK BATH GLOVE<\/strong> \u2013 tai prakti\u0161kas ir \u0161velnus kasdienio prausimosi \u012frankis, padedantis efektyviau nuvalyti od\u0105 ir pagerinti du\u0161o priemoni\u0173 veikim\u0105. \u0160i <strong data-start=\"752\" data-end=\"769\">du\u0161o pir\u0161tin\u0117<\/strong> padeda sukurti daugiau put\u0173, tod\u0117l du\u0161o gelis pasiskirsto tolygiau ir veikia intensyviau.<\/p>\n<p data-start=\"861\" data-end=\"1108\">Lengvas masa\u017euojantis efektas <strong data-start=\"891\" data-end=\"954\">skatina kraujotak\u0105, \u0161velniai pa\u0161alina negyvas odos l\u0105steles<\/strong>, atgaivina ir suteikia odai \u0161velnumo bei gaivos poj\u016bt\u012f. Tinka viso k\u016bno prausimui, taip pat jautresn\u0117ms vietoms, nes pir\u0161tin\u0117 yra mink\u0161ta ir \u0161velni odai.<\/p>\n<p data-start=\"1110\" data-end=\"1231\">Puikiai tinka kasdieniam naudojimui, ekonomi\u0161ka (sunaudojama ma\u017eiau du\u0161o gelio), lengvai i\u0161skalaujama ir greitai d\u017ei\u016bsta.<\/p>\n<p data-start=\"1233\" data-end=\"1270\"><strong data-start=\"1233\" data-end=\"1270\">SINOZ SILK BATH GLOVE privalumai:<\/strong><\/p>\n<ul data-start=\"1271\" data-end=\"1526\">\n<li data-start=\"1271\" data-end=\"1303\">\n<p data-start=\"1273\" data-end=\"1303\">\u0160velniai masa\u017euoja ir valo od\u0105<\/p>\n<\/li>\n<li data-start=\"1304\" data-end=\"1331\">\n<p data-start=\"1306\" data-end=\"1331\">Skatina mikrocirkuliacij\u0105<\/p>\n<\/li>\n<li data-start=\"1332\" data-end=\"1367\">\n<p data-start=\"1334\" data-end=\"1367\">Padeda pa\u0161alinti negyvas l\u0105steles<\/p>\n<\/li>\n<li data-start=\"1368\" data-end=\"1404\">\n<p data-start=\"1370\" data-end=\"1404\">Sukuria daugiau put\u0173 i\u0161 du\u0161o gelio<\/p>\n<\/li>\n<li data-start=\"1405\" data-end=\"1438\">\n<p data-start=\"1407\" data-end=\"1438\">Pagerina odos glotnum\u0105 ir \u0161var\u0105<\/p>\n<\/li>\n<li data-start=\"1439\" data-end=\"1465\">\n<p data-start=\"1441\" data-end=\"1465\">Ekonomi\u0161ka ir higieni\u0161ka<\/p>\n<\/li>\n<li data-start=\"1466\" data-end=\"1495\">\n<p data-start=\"1468\" data-end=\"1495\">Tinka kasdieniam naudojimui<\/p>\n<\/li>\n<li data-start=\"1496\" data-end=\"1526\">\n<p data-start=\"1498\" data-end=\"1526\">\u0160velni odai, net ir jautriai<\/p>\n<\/li>\n<\/ul>\n<p data-start=\"1528\" data-end=\"1718\"><strong data-start=\"1528\" data-end=\"1543\">Naudojimas:<\/strong><br data-start=\"1543\" data-end=\"1546\" \/>Sudr\u0117kinkite pir\u0161tin\u0119 \u0161iltu vandeniu ir u\u017etepkite du\u0161o gelio. Masa\u017euokite od\u0105 sukamaisiais judesiais, kol suputos. Kruop\u0161\u010diai nuskalaukite od\u0105 ir nusausinkite rank\u0161luos\u010diu.<\/p>\n<p data-start=\"1720\" data-end=\"1811\"><strong data-start=\"1720\" data-end=\"1745\">SINOZ SILK BATH GLOVE<\/strong> \u2013 du\u0161o pir\u0161tin\u0117 glotnesnei, \u0161varesnei ir labiau pamaitintai odai.<\/p>\n","protected":false},"excerpt":{"rendered":"<p data-start=\"395\" data-end=\"504\">SINOZ du\u0161o pir\u0161tin\u0117 \u0161velniai masa\u017euoja od\u0105, padeda geriau putoti du\u0161o geliui ir u\u017etikrina gilesn\u012f prausim\u0105si.<\/p>\n","protected":false},"featured_media":58988,"template":"","meta":[],"product_brand":[1354],"product_cat":[538,731],"product_tag":[1619],"class_list":{"0":"post-58987","1":"product","2":"type-product","3":"status-publish","4":"has-post-thumbnail","6":"product_brand-sinoz","7":"product_cat-kuno-prausikliai-duso-geliai","8":"product_cat-kunui","9":"product_tag-sinoz","11":"first","12":"instock","13":"sale","14":"taxable","15":"shipping-taxable","16":"purchasable","17":"product-type-simple"},"yoast_head":"<!-- This site is optimized with the Yoast SEO plugin v27.4 - https:\/\/yoast.com\/product\/yoast-seo-wordpress\/ -->\n<title>SINOZ du\u0161o pir\u0161tin\u0117 SILK BATH GLOVE, 1 vnt - MalinaShop.lt J\u016bs\u0173 sveikatai ir gro\u017eiui.<\/title>\n<meta name=\"description\" content=\"SINOZ du\u0161o pir\u0161tin\u0117 \u0161velniai masa\u017euoja od\u0105, padeda geriau putoti du\u0161o geliui ir u\u017etikrina gilesn\u012f prausim\u0105si.\u0160velniai \u0161vei\u010dia ir valo od\u0105! SINOZ du\u0161o pir\u0161tin\u0117 sukuria daugiau put\u0173, masa\u017euoja k\u016bn\u0105 ir palieka od\u0105 \u0161vari\u0105 bei glotni\u0105.\" \/>\n<meta name=\"robots\" content=\"index, follow, max-snippet:-1, max-image-preview:large, max-video-preview:-1\" \/>\n<link rel=\"canonical\" href=\"https:\/\/www.malinashop.lt\/en\/shop\/sinoz-duso-pirstine-silk-bath-glove-1-vnt\/\" \/>\n<meta property=\"og:locale\" content=\"en_GB\" \/>\n<meta property=\"og:type\" content=\"article\" \/>\n<meta property=\"og:title\" content=\"SINOZ du\u0161o pir\u0161tin\u0117 SILK BATH GLOVE, 1 vnt - MalinaShop.lt J\u016bs\u0173 sveikatai ir gro\u017eiui.\" \/>\n<meta property=\"og:description\" content=\"SINOZ du\u0161o pir\u0161tin\u0117 \u0161velniai masa\u017euoja od\u0105, padeda geriau putoti du\u0161o geliui ir u\u017etikrina gilesn\u012f prausim\u0105si.\u0160velniai \u0161vei\u010dia ir valo od\u0105! SINOZ du\u0161o pir\u0161tin\u0117 sukuria daugiau put\u0173, masa\u017euoja k\u016bn\u0105 ir palieka od\u0105 \u0161vari\u0105 bei glotni\u0105.\" \/>\n<meta property=\"og:url\" content=\"https:\/\/www.malinashop.lt\/en\/shop\/sinoz-duso-pirstine-silk-bath-glove-1-vnt\/\" \/>\n<meta property=\"og:site_name\" content=\"MalinaShop.lt J\u016bs\u0173 sveikatai ir gro\u017eiui.\" \/>\n<meta property=\"article:modified_time\" content=\"2026-03-18T09:27:56+00:00\" \/>\n<meta property=\"og:image\" content=\"https:\/\/www.malinashop.lt\/wp-content\/uploads\/2025\/10\/SINOZ-duso-pirstine-SILK-BATH-GLOVE-1-vnt.webp\" \/>\n\t<meta property=\"og:image:width\" content=\"768\" \/>\n\t<meta property=\"og:image:height\" content=\"768\" \/>\n\t<meta property=\"og:image:type\" content=\"image\/webp\" \/>\n<meta name=\"twitter:card\" content=\"summary_large_image\" \/>\n<script type=\"application\/ld+json\" class=\"yoast-schema-graph\">{\"@context\":\"https:\\\/\\\/schema.org\",\"@graph\":[{\"@type\":\"WebPage\",\"@id\":\"https:\\\/\\\/www.malinashop.lt\\\/en\\\/shop\\\/sinoz-duso-pirstine-silk-bath-glove-1-vnt\\\/\",\"url\":\"https:\\\/\\\/www.malinashop.lt\\\/en\\\/shop\\\/sinoz-duso-pirstine-silk-bath-glove-1-vnt\\\/\",\"name\":\"SINOZ du\u0161o pir\u0161tin\u0117 SILK BATH GLOVE, 1 vnt - MalinaShop.lt J\u016bs\u0173 sveikatai ir gro\u017eiui.\",\"isPartOf\":{\"@id\":\"https:\\\/\\\/www.malinashop.lt\\\/#website\"},\"primaryImageOfPage\":{\"@id\":\"https:\\\/\\\/www.malinashop.lt\\\/en\\\/shop\\\/sinoz-duso-pirstine-silk-bath-glove-1-vnt\\\/#primaryimage\"},\"image\":{\"@id\":\"https:\\\/\\\/www.malinashop.lt\\\/en\\\/shop\\\/sinoz-duso-pirstine-silk-bath-glove-1-vnt\\\/#primaryimage\"},\"thumbnailUrl\":\"https:\\\/\\\/www.malinashop.lt\\\/wp-content\\\/uploads\\\/2025\\\/10\\\/SINOZ-duso-pirstine-SILK-BATH-GLOVE-1-vnt.webp\",\"datePublished\":\"2025-10-20T12:43:28+00:00\",\"dateModified\":\"2026-03-18T09:27:56+00:00\",\"description\":\"SINOZ du\u0161o pir\u0161tin\u0117 \u0161velniai masa\u017euoja od\u0105, padeda geriau putoti du\u0161o geliui ir u\u017etikrina gilesn\u012f prausim\u0105si.\u0160velniai \u0161vei\u010dia ir valo od\u0105! SINOZ du\u0161o pir\u0161tin\u0117 sukuria daugiau put\u0173, masa\u017euoja k\u016bn\u0105 ir palieka od\u0105 \u0161vari\u0105 bei glotni\u0105.\",\"breadcrumb\":{\"@id\":\"https:\\\/\\\/www.malinashop.lt\\\/en\\\/shop\\\/sinoz-duso-pirstine-silk-bath-glove-1-vnt\\\/#breadcrumb\"},\"inLanguage\":\"en-GB\",\"potentialAction\":[{\"@type\":\"ReadAction\",\"target\":[\"https:\\\/\\\/www.malinashop.lt\\\/en\\\/shop\\\/sinoz-duso-pirstine-silk-bath-glove-1-vnt\\\/\"]}]},{\"@type\":\"ImageObject\",\"inLanguage\":\"en-GB\",\"@id\":\"https:\\\/\\\/www.malinashop.lt\\\/en\\\/shop\\\/sinoz-duso-pirstine-silk-bath-glove-1-vnt\\\/#primaryimage\",\"url\":\"https:\\\/\\\/www.malinashop.lt\\\/wp-content\\\/uploads\\\/2025\\\/10\\\/SINOZ-duso-pirstine-SILK-BATH-GLOVE-1-vnt.webp\",\"contentUrl\":\"https:\\\/\\\/www.malinashop.lt\\\/wp-content\\\/uploads\\\/2025\\\/10\\\/SINOZ-duso-pirstine-SILK-BATH-GLOVE-1-vnt.webp\",\"width\":768,\"height\":768},{\"@type\":\"BreadcrumbList\",\"@id\":\"https:\\\/\\\/www.malinashop.lt\\\/en\\\/shop\\\/sinoz-duso-pirstine-silk-bath-glove-1-vnt\\\/#breadcrumb\",\"itemListElement\":[{\"@type\":\"ListItem\",\"position\":1,\"name\":\"Pagrindinis\",\"item\":\"https:\\\/\\\/www.malinashop.lt\\\/\"},{\"@type\":\"ListItem\",\"position\":2,\"name\":\"Parduotuv\u0117\",\"item\":\"https:\\\/\\\/www.malinashop.lt\\\/en\\\/parduotuve\\\/\"},{\"@type\":\"ListItem\",\"position\":3,\"name\":\"SINOZ du\u0161o pir\u0161tin\u0117 SILK BATH GLOVE, 1 vnt\"}]},{\"@type\":\"WebSite\",\"@id\":\"https:\\\/\\\/www.malinashop.lt\\\/#website\",\"url\":\"https:\\\/\\\/www.malinashop.lt\\\/\",\"name\":\"COM Group Ecommerce\",\"description\":\"MalinaShop.lt - Gro\u017eio ir sveikatos produktai i\u0161 patikim\u0173 preki\u0173 \u017eenkl\u0173. Atraskite auk\u0161tos kokyb\u0117s kosmetik\u0105 u\u017e puiki\u0105 kain\u0105.\",\"publisher\":{\"@id\":\"https:\\\/\\\/www.malinashop.lt\\\/#organization\"},\"potentialAction\":[{\"@type\":\"SearchAction\",\"target\":{\"@type\":\"EntryPoint\",\"urlTemplate\":\"https:\\\/\\\/www.malinashop.lt\\\/?s={search_term_string}\"},\"query-input\":{\"@type\":\"PropertyValueSpecification\",\"valueRequired\":true,\"valueName\":\"search_term_string\"}}],\"inLanguage\":\"en-GB\"},{\"@type\":\"Organization\",\"@id\":\"https:\\\/\\\/www.malinashop.lt\\\/#organization\",\"name\":\"COM Group Ecommerce\",\"url\":\"https:\\\/\\\/www.malinashop.lt\\\/\",\"logo\":{\"@type\":\"ImageObject\",\"inLanguage\":\"en-GB\",\"@id\":\"https:\\\/\\\/www.malinashop.lt\\\/#\\\/schema\\\/logo\\\/image\\\/\",\"url\":\"https:\\\/\\\/www.malinashop.lt\\\/wp-content\\\/uploads\\\/2024\\\/08\\\/462559670_3787732518133670_9795632669273463_n-e1731525914575.png\",\"contentUrl\":\"https:\\\/\\\/www.malinashop.lt\\\/wp-content\\\/uploads\\\/2024\\\/08\\\/462559670_3787732518133670_9795632669273463_n-e1731525914575.png\",\"width\":180,\"height\":60,\"caption\":\"COM Group Ecommerce\"},\"image\":{\"@id\":\"https:\\\/\\\/www.malinashop.lt\\\/#\\\/schema\\\/logo\\\/image\\\/\"}}]}<\/script>\n<!-- \/ Yoast SEO plugin. -->","yoast_head_json":{"title":"SINOZ du\u0161o pir\u0161tin\u0117 SILK BATH GLOVE, 1 vnt - MalinaShop.lt J\u016bs\u0173 sveikatai ir gro\u017eiui.","description":"SINOZ du\u0161o pir\u0161tin\u0117 \u0161velniai masa\u017euoja od\u0105, padeda geriau putoti du\u0161o geliui ir u\u017etikrina gilesn\u012f prausim\u0105si.\u0160velniai \u0161vei\u010dia ir valo od\u0105! SINOZ du\u0161o pir\u0161tin\u0117 sukuria daugiau put\u0173, masa\u017euoja k\u016bn\u0105 ir palieka od\u0105 \u0161vari\u0105 bei glotni\u0105.","robots":{"index":"index","follow":"follow","max-snippet":"max-snippet:-1","max-image-preview":"max-image-preview:large","max-video-preview":"max-video-preview:-1"},"canonical":"https:\/\/www.malinashop.lt\/en\/shop\/sinoz-duso-pirstine-silk-bath-glove-1-vnt\/","og_locale":"en_GB","og_type":"article","og_title":"SINOZ du\u0161o pir\u0161tin\u0117 SILK BATH GLOVE, 1 vnt - MalinaShop.lt J\u016bs\u0173 sveikatai ir gro\u017eiui.","og_description":"SINOZ du\u0161o pir\u0161tin\u0117 \u0161velniai masa\u017euoja od\u0105, padeda geriau putoti du\u0161o geliui ir u\u017etikrina gilesn\u012f prausim\u0105si.\u0160velniai \u0161vei\u010dia ir valo od\u0105! SINOZ du\u0161o pir\u0161tin\u0117 sukuria daugiau put\u0173, masa\u017euoja k\u016bn\u0105 ir palieka od\u0105 \u0161vari\u0105 bei glotni\u0105.","og_url":"https:\/\/www.malinashop.lt\/en\/shop\/sinoz-duso-pirstine-silk-bath-glove-1-vnt\/","og_site_name":"MalinaShop.lt J\u016bs\u0173 sveikatai ir gro\u017eiui.","article_modified_time":"2026-03-18T09:27:56+00:00","og_image":[{"width":768,"height":768,"url":"https:\/\/www.malinashop.lt\/wp-content\/uploads\/2025\/10\/SINOZ-duso-pirstine-SILK-BATH-GLOVE-1-vnt.webp","type":"image\/webp"}],"twitter_card":"summary_large_image","schema":{"@context":"https:\/\/schema.org","@graph":[{"@type":"WebPage","@id":"https:\/\/www.malinashop.lt\/en\/shop\/sinoz-duso-pirstine-silk-bath-glove-1-vnt\/","url":"https:\/\/www.malinashop.lt\/en\/shop\/sinoz-duso-pirstine-silk-bath-glove-1-vnt\/","name":"SINOZ du\u0161o pir\u0161tin\u0117 SILK BATH GLOVE, 1 vnt - MalinaShop.lt J\u016bs\u0173 sveikatai ir gro\u017eiui.","isPartOf":{"@id":"https:\/\/www.malinashop.lt\/#website"},"primaryImageOfPage":{"@id":"https:\/\/www.malinashop.lt\/en\/shop\/sinoz-duso-pirstine-silk-bath-glove-1-vnt\/#primaryimage"},"image":{"@id":"https:\/\/www.malinashop.lt\/en\/shop\/sinoz-duso-pirstine-silk-bath-glove-1-vnt\/#primaryimage"},"thumbnailUrl":"https:\/\/www.malinashop.lt\/wp-content\/uploads\/2025\/10\/SINOZ-duso-pirstine-SILK-BATH-GLOVE-1-vnt.webp","datePublished":"2025-10-20T12:43:28+00:00","dateModified":"2026-03-18T09:27:56+00:00","description":"SINOZ du\u0161o pir\u0161tin\u0117 \u0161velniai masa\u017euoja od\u0105, padeda geriau putoti du\u0161o geliui ir u\u017etikrina gilesn\u012f prausim\u0105si.\u0160velniai \u0161vei\u010dia ir valo od\u0105! SINOZ du\u0161o pir\u0161tin\u0117 sukuria daugiau put\u0173, masa\u017euoja k\u016bn\u0105 ir palieka od\u0105 \u0161vari\u0105 bei glotni\u0105.","breadcrumb":{"@id":"https:\/\/www.malinashop.lt\/en\/shop\/sinoz-duso-pirstine-silk-bath-glove-1-vnt\/#breadcrumb"},"inLanguage":"en-GB","potentialAction":[{"@type":"ReadAction","target":["https:\/\/www.malinashop.lt\/en\/shop\/sinoz-duso-pirstine-silk-bath-glove-1-vnt\/"]}]},{"@type":"ImageObject","inLanguage":"en-GB","@id":"https:\/\/www.malinashop.lt\/en\/shop\/sinoz-duso-pirstine-silk-bath-glove-1-vnt\/#primaryimage","url":"https:\/\/www.malinashop.lt\/wp-content\/uploads\/2025\/10\/SINOZ-duso-pirstine-SILK-BATH-GLOVE-1-vnt.webp","contentUrl":"https:\/\/www.malinashop.lt\/wp-content\/uploads\/2025\/10\/SINOZ-duso-pirstine-SILK-BATH-GLOVE-1-vnt.webp","width":768,"height":768},{"@type":"BreadcrumbList","@id":"https:\/\/www.malinashop.lt\/en\/shop\/sinoz-duso-pirstine-silk-bath-glove-1-vnt\/#breadcrumb","itemListElement":[{"@type":"ListItem","position":1,"name":"Pagrindinis","item":"https:\/\/www.malinashop.lt\/"},{"@type":"ListItem","position":2,"name":"Parduotuv\u0117","item":"https:\/\/www.malinashop.lt\/en\/parduotuve\/"},{"@type":"ListItem","position":3,"name":"SINOZ du\u0161o pir\u0161tin\u0117 SILK BATH GLOVE, 1 vnt"}]},{"@type":"WebSite","@id":"https:\/\/www.malinashop.lt\/#website","url":"https:\/\/www.malinashop.lt\/","name":"COM Group Ecommerce","description":"MalinaShop.lt - Gro\u017eio ir sveikatos produktai i\u0161 patikim\u0173 preki\u0173 \u017eenkl\u0173. Atraskite auk\u0161tos kokyb\u0117s kosmetik\u0105 u\u017e puiki\u0105 kain\u0105.","publisher":{"@id":"https:\/\/www.malinashop.lt\/#organization"},"potentialAction":[{"@type":"SearchAction","target":{"@type":"EntryPoint","urlTemplate":"https:\/\/www.malinashop.lt\/?s={search_term_string}"},"query-input":{"@type":"PropertyValueSpecification","valueRequired":true,"valueName":"search_term_string"}}],"inLanguage":"en-GB"},{"@type":"Organization","@id":"https:\/\/www.malinashop.lt\/#organization","name":"COM Group Ecommerce","url":"https:\/\/www.malinashop.lt\/","logo":{"@type":"ImageObject","inLanguage":"en-GB","@id":"https:\/\/www.malinashop.lt\/#\/schema\/logo\/image\/","url":"https:\/\/www.malinashop.lt\/wp-content\/uploads\/2024\/08\/462559670_3787732518133670_9795632669273463_n-e1731525914575.png","contentUrl":"https:\/\/www.malinashop.lt\/wp-content\/uploads\/2024\/08\/462559670_3787732518133670_9795632669273463_n-e1731525914575.png","width":180,"height":60,"caption":"COM Group Ecommerce"},"image":{"@id":"https:\/\/www.malinashop.lt\/#\/schema\/logo\/image\/"}}]}},"jetpack_sharing_enabled":true,"_links":{"self":[{"href":"https:\/\/www.malinashop.lt\/en\/wp-json\/wp\/v2\/product\/58987","targetHints":{"allow":["GET"]}}],"collection":[{"href":"https:\/\/www.malinashop.lt\/en\/wp-json\/wp\/v2\/product"}],"about":[{"href":"https:\/\/www.malinashop.lt\/en\/wp-json\/wp\/v2\/types\/product"}],"version-history":[{"count":1,"href":"https:\/\/www.malinashop.lt\/en\/wp-json\/wp\/v2\/product\/58987\/revisions"}],"predecessor-version":[{"id":58989,"href":"https:\/\/www.malinashop.lt\/en\/wp-json\/wp\/v2\/product\/58987\/revisions\/58989"}],"wp:featuredmedia":[{"embeddable":true,"href":"https:\/\/www.malinashop.lt\/en\/wp-json\/wp\/v2\/media\/58988"}],"wp:attachment":[{"href":"https:\/\/www.malinashop.lt\/en\/wp-json\/wp\/v2\/media?parent=58987"}],"wp:term":[{"taxonomy":"product_brand","embeddable":true,"href":"https:\/\/www.malinashop.lt\/en\/wp-json\/wp\/v2\/product_brand?post=58987"},{"taxonomy":"product_cat","embeddable":true,"href":"https:\/\/www.malinashop.lt\/en\/wp-json\/wp\/v2\/product_cat?post=58987"},{"taxonomy":"product_tag","embeddable":true,"href":"https:\/\/www.malinashop.lt\/en\/wp-json\/wp\/v2\/product_tag?post=58987"}],"curies":[{"name":"wp","href":"https:\/\/api.w.org\/{rel}","templated":true}]}}