{"id":58984,"date":"2025-09-20T15:31:24","date_gmt":"2025-09-20T12:31:24","guid":{"rendered":"https:\/\/malinashop.lt\/?post_type=product&#038;p=58984"},"modified":"2026-03-18T12:28:16","modified_gmt":"2026-03-18T09:28:16","slug":"sinoz-drekinamasis-ranku-kremas-gold-aura-30-ml","status":"publish","type":"product","link":"https:\/\/www.malinashop.lt\/en\/shop\/sinoz-drekinamasis-ranku-kremas-gold-aura-30-ml\/","title":{"rendered":"SINOZ dr\u0117kinamasis rank\u0173 kremas GOLD AUR\u2026"},"content":{"rendered":"<p data-start=\"573\" data-end=\"855\"><strong data-start=\"573\" data-end=\"629\">SINOZ dr\u0117kinamasis rank\u0173 kremas GOLD AURA HAND CREAM<\/strong> \u2013 tai intensyviai maitinantis kremas, sukurtas jautriai ir sausumui linkusiai rank\u0173 odai. \u0160is <strong data-start=\"724\" data-end=\"753\">dr\u0117kinamasis rank\u0173 kremas<\/strong> apsaugo nuo i\u0161saus\u0117jimo, \u012ftr\u016bkim\u0173 ir aplinkos poveikio, suteikdamas ilgalaik\u012f mink\u0161tum\u0105 bei komfort\u0105.<\/p>\n<p data-start=\"857\" data-end=\"1063\">Formul\u0117 praturtinta <strong data-start=\"877\" data-end=\"891\">pantenoliu<\/strong>, kuris ramina ir atstato od\u0105, <strong data-start=\"922\" data-end=\"944\">taukmed\u017eio sviestu<\/strong>, kuris maitina ir stiprina apsaugin\u012f barjer\u0105, bei <strong data-start=\"995\" data-end=\"1009\">vitaminu E<\/strong>, saugan\u010diu nuo laisv\u0173j\u0173 radikal\u0173 ir sen\u0117jimo po\u017eymi\u0173.<\/p>\n<p data-start=\"1065\" data-end=\"1271\">Lengva tekst\u016bra greitai \u012fsigeria, <strong data-start=\"1099\" data-end=\"1128\">nepalieka riebumo poj\u016b\u010dio<\/strong>, tod\u0117l puikiai tinka naudoti vis\u0105 dien\u0105 \u2013 tiek namuose, tiek darbe ar keliaujant. Kremas palieka od\u0105 \u0161velni\u0105, glotni\u0105 ir subtiliai kvepian\u010di\u0105.<\/p>\n<p data-start=\"1273\" data-end=\"1316\"><strong data-start=\"1273\" data-end=\"1316\">SINOZ GOLD AURA rank\u0173 kremo privalumai:<\/strong><\/p>\n<ul data-start=\"1317\" data-end=\"1551\">\n<li data-start=\"1317\" data-end=\"1349\">\n<p data-start=\"1319\" data-end=\"1349\">Intensyviai dr\u0117kina ir maitina<\/p>\n<\/li>\n<li data-start=\"1350\" data-end=\"1383\">\n<p data-start=\"1352\" data-end=\"1383\">Apsaugo nuo sausumo ir \u012ftr\u016bkim\u0173<\/p>\n<\/li>\n<li data-start=\"1384\" data-end=\"1407\">\n<p data-start=\"1386\" data-end=\"1407\">Stiprina odos barjer\u0105<\/p>\n<\/li>\n<li data-start=\"1408\" data-end=\"1436\">\n<p data-start=\"1410\" data-end=\"1436\">Ramina ir mink\u0161tina rankas<\/p>\n<\/li>\n<li data-start=\"1437\" data-end=\"1472\">\n<p data-start=\"1439\" data-end=\"1472\">Lengva tekst\u016bra, greitai \u012fsigeria<\/p>\n<\/li>\n<li data-start=\"1473\" data-end=\"1492\">\n<p data-start=\"1475\" data-end=\"1492\">Nepalieka riebumo<\/p>\n<\/li>\n<li data-start=\"1493\" data-end=\"1521\">\n<p data-start=\"1495\" data-end=\"1521\">Prabangus, subtilus kvapas<\/p>\n<\/li>\n<li data-start=\"1522\" data-end=\"1551\">\n<p data-start=\"1524\" data-end=\"1551\">Tinka kasdieniam naudojimui<\/p>\n<\/li>\n<\/ul>\n<p data-start=\"1553\" data-end=\"1675\"><strong data-start=\"1553\" data-end=\"1568\">Naudojimas:<\/strong><br data-start=\"1568\" data-end=\"1571\" \/>Tepkite krem\u0105 ant \u0161vari\u0173 rank\u0173 ir \u0161velniai \u012fmasa\u017euokite, kol visi\u0161kai susigers. Naudokite pagal poreik\u012f.<\/p>\n<p data-start=\"1677\" data-end=\"1766\"><strong data-start=\"1677\" data-end=\"1696\">SINOZ GOLD AURA<\/strong> \u2013 dr\u0117kinamasis rank\u0173 kremas, suteikiantis prabang\u0173 mink\u0161tum\u0105 kasdien.<\/p>\n","protected":false},"excerpt":{"rendered":"<p data-start=\"409\" data-end=\"507\">SINOZ dr\u0117kinamasis rank\u0173 kremas maitina, saugo nuo i\u0161saus\u0117jimo ir palieka od\u0105 \u0161velni\u0105 bei glotni\u0105.<\/p>\n","protected":false},"featured_media":58985,"template":"","meta":[],"product_brand":[1354],"product_cat":[731,540],"product_tag":[1619],"class_list":{"0":"post-58984","1":"product","2":"type-product","3":"status-publish","4":"has-post-thumbnail","6":"product_brand-sinoz","7":"product_cat-kunui","8":"product_cat-ranku-prieziura-muilai-ranku-kremai","9":"product_tag-sinoz","11":"first","12":"outofstock","13":"sale","14":"taxable","15":"shipping-taxable","16":"purchasable","17":"product-type-simple"},"yoast_head":"<!-- This site is optimized with the Yoast SEO plugin v27.4 - https:\/\/yoast.com\/product\/yoast-seo-wordpress\/ -->\n<title>SINOZ dr\u0117kinamasis rank\u0173 kremas GOLD AUR\u2026 - MalinaShop.lt J\u016bs\u0173 sveikatai ir gro\u017eiui.<\/title>\n<meta name=\"description\" content=\"Prabangi rank\u0173 prie\u017ei\u016bra kasdien! SINOZ dr\u0117kinamasis rank\u0173 kremas GOLD AURA maitina, saugo nuo sausumo ir palieka od\u0105 \u0161velni\u0105 bei glotni\u0105.\" \/>\n<meta name=\"robots\" content=\"index, follow, max-snippet:-1, max-image-preview:large, max-video-preview:-1\" \/>\n<link rel=\"canonical\" href=\"https:\/\/www.malinashop.lt\/en\/shop\/sinoz-drekinamasis-ranku-kremas-gold-aura-30-ml\/\" \/>\n<meta property=\"og:locale\" content=\"en_GB\" \/>\n<meta property=\"og:type\" content=\"article\" \/>\n<meta property=\"og:title\" content=\"SINOZ dr\u0117kinamasis rank\u0173 kremas GOLD AUR\u2026 - MalinaShop.lt J\u016bs\u0173 sveikatai ir gro\u017eiui.\" \/>\n<meta property=\"og:description\" content=\"Prabangi rank\u0173 prie\u017ei\u016bra kasdien! SINOZ dr\u0117kinamasis rank\u0173 kremas GOLD AURA maitina, saugo nuo sausumo ir palieka od\u0105 \u0161velni\u0105 bei glotni\u0105.\" \/>\n<meta property=\"og:url\" content=\"https:\/\/www.malinashop.lt\/en\/shop\/sinoz-drekinamasis-ranku-kremas-gold-aura-30-ml\/\" \/>\n<meta property=\"og:site_name\" content=\"MalinaShop.lt J\u016bs\u0173 sveikatai ir gro\u017eiui.\" \/>\n<meta property=\"article:modified_time\" content=\"2026-03-18T09:28:16+00:00\" \/>\n<meta property=\"og:image\" content=\"https:\/\/www.malinashop.lt\/wp-content\/uploads\/2025\/10\/SINOZ-drekinamasis-ranku-kremas-GOLD-AURA-30-ml.webp\" \/>\n\t<meta property=\"og:image:width\" content=\"768\" \/>\n\t<meta property=\"og:image:height\" content=\"768\" \/>\n\t<meta property=\"og:image:type\" content=\"image\/webp\" \/>\n<meta name=\"twitter:card\" content=\"summary_large_image\" \/>\n<script type=\"application\/ld+json\" class=\"yoast-schema-graph\">{\"@context\":\"https:\\\/\\\/schema.org\",\"@graph\":[{\"@type\":\"WebPage\",\"@id\":\"https:\\\/\\\/www.malinashop.lt\\\/en\\\/shop\\\/sinoz-drekinamasis-ranku-kremas-gold-aura-30-ml\\\/\",\"url\":\"https:\\\/\\\/www.malinashop.lt\\\/en\\\/shop\\\/sinoz-drekinamasis-ranku-kremas-gold-aura-30-ml\\\/\",\"name\":\"SINOZ dr\u0117kinamasis rank\u0173 kremas GOLD AUR\u2026 - MalinaShop.lt J\u016bs\u0173 sveikatai ir gro\u017eiui.\",\"isPartOf\":{\"@id\":\"https:\\\/\\\/www.malinashop.lt\\\/en\\\/#website\"},\"primaryImageOfPage\":{\"@id\":\"https:\\\/\\\/www.malinashop.lt\\\/en\\\/shop\\\/sinoz-drekinamasis-ranku-kremas-gold-aura-30-ml\\\/#primaryimage\"},\"image\":{\"@id\":\"https:\\\/\\\/www.malinashop.lt\\\/en\\\/shop\\\/sinoz-drekinamasis-ranku-kremas-gold-aura-30-ml\\\/#primaryimage\"},\"thumbnailUrl\":\"https:\\\/\\\/www.malinashop.lt\\\/wp-content\\\/uploads\\\/2025\\\/10\\\/SINOZ-drekinamasis-ranku-kremas-GOLD-AURA-30-ml.webp\",\"datePublished\":\"2025-09-20T12:31:24+00:00\",\"dateModified\":\"2026-03-18T09:28:16+00:00\",\"description\":\"Prabangi rank\u0173 prie\u017ei\u016bra kasdien! SINOZ dr\u0117kinamasis rank\u0173 kremas GOLD AURA maitina, saugo nuo sausumo ir palieka od\u0105 \u0161velni\u0105 bei glotni\u0105.\",\"breadcrumb\":{\"@id\":\"https:\\\/\\\/www.malinashop.lt\\\/en\\\/shop\\\/sinoz-drekinamasis-ranku-kremas-gold-aura-30-ml\\\/#breadcrumb\"},\"inLanguage\":\"en-GB\",\"potentialAction\":[{\"@type\":\"ReadAction\",\"target\":[\"https:\\\/\\\/www.malinashop.lt\\\/en\\\/shop\\\/sinoz-drekinamasis-ranku-kremas-gold-aura-30-ml\\\/\"]}]},{\"@type\":\"ImageObject\",\"inLanguage\":\"en-GB\",\"@id\":\"https:\\\/\\\/www.malinashop.lt\\\/en\\\/shop\\\/sinoz-drekinamasis-ranku-kremas-gold-aura-30-ml\\\/#primaryimage\",\"url\":\"https:\\\/\\\/www.malinashop.lt\\\/wp-content\\\/uploads\\\/2025\\\/10\\\/SINOZ-drekinamasis-ranku-kremas-GOLD-AURA-30-ml.webp\",\"contentUrl\":\"https:\\\/\\\/www.malinashop.lt\\\/wp-content\\\/uploads\\\/2025\\\/10\\\/SINOZ-drekinamasis-ranku-kremas-GOLD-AURA-30-ml.webp\",\"width\":768,\"height\":768},{\"@type\":\"BreadcrumbList\",\"@id\":\"https:\\\/\\\/www.malinashop.lt\\\/en\\\/shop\\\/sinoz-drekinamasis-ranku-kremas-gold-aura-30-ml\\\/#breadcrumb\",\"itemListElement\":[{\"@type\":\"ListItem\",\"position\":1,\"name\":\"Home\",\"item\":\"https:\\\/\\\/www.malinashop.lt\\\/en\\\/\"},{\"@type\":\"ListItem\",\"position\":2,\"name\":\"Parduotuv\u0117\",\"item\":\"https:\\\/\\\/www.malinashop.lt\\\/en\\\/parduotuve\\\/\"},{\"@type\":\"ListItem\",\"position\":3,\"name\":\"SINOZ dr\u0117kinamasis rank\u0173 kremas GOLD AUR\u2026\"}]},{\"@type\":\"WebSite\",\"@id\":\"https:\\\/\\\/www.malinashop.lt\\\/en\\\/#website\",\"url\":\"https:\\\/\\\/www.malinashop.lt\\\/en\\\/\",\"name\":\"COM Group Ecommerce\",\"description\":\"MalinaShop.lt - Gro\u017eio ir sveikatos produktai i\u0161 patikim\u0173 preki\u0173 \u017eenkl\u0173. Atraskite auk\u0161tos kokyb\u0117s kosmetik\u0105 u\u017e puiki\u0105 kain\u0105.\",\"publisher\":{\"@id\":\"https:\\\/\\\/www.malinashop.lt\\\/en\\\/#organization\"},\"potentialAction\":[{\"@type\":\"SearchAction\",\"target\":{\"@type\":\"EntryPoint\",\"urlTemplate\":\"https:\\\/\\\/www.malinashop.lt\\\/en\\\/?s={search_term_string}\"},\"query-input\":{\"@type\":\"PropertyValueSpecification\",\"valueRequired\":true,\"valueName\":\"search_term_string\"}}],\"inLanguage\":\"en-GB\"},{\"@type\":\"Organization\",\"@id\":\"https:\\\/\\\/www.malinashop.lt\\\/en\\\/#organization\",\"name\":\"COM Group Ecommerce\",\"url\":\"https:\\\/\\\/www.malinashop.lt\\\/en\\\/\",\"logo\":{\"@type\":\"ImageObject\",\"inLanguage\":\"en-GB\",\"@id\":\"https:\\\/\\\/www.malinashop.lt\\\/en\\\/#\\\/schema\\\/logo\\\/image\\\/\",\"url\":\"https:\\\/\\\/www.malinashop.lt\\\/wp-content\\\/uploads\\\/2024\\\/08\\\/462559670_3787732518133670_9795632669273463_n-e1731525914575.png\",\"contentUrl\":\"https:\\\/\\\/www.malinashop.lt\\\/wp-content\\\/uploads\\\/2024\\\/08\\\/462559670_3787732518133670_9795632669273463_n-e1731525914575.png\",\"width\":180,\"height\":60,\"caption\":\"COM Group Ecommerce\"},\"image\":{\"@id\":\"https:\\\/\\\/www.malinashop.lt\\\/en\\\/#\\\/schema\\\/logo\\\/image\\\/\"}}]}<\/script>\n<!-- \/ Yoast SEO plugin. -->","yoast_head_json":{"title":"SINOZ dr\u0117kinamasis rank\u0173 kremas GOLD AUR\u2026 - MalinaShop.lt J\u016bs\u0173 sveikatai ir gro\u017eiui.","description":"Prabangi rank\u0173 prie\u017ei\u016bra kasdien! SINOZ dr\u0117kinamasis rank\u0173 kremas GOLD AURA maitina, saugo nuo sausumo ir palieka od\u0105 \u0161velni\u0105 bei glotni\u0105.","robots":{"index":"index","follow":"follow","max-snippet":"max-snippet:-1","max-image-preview":"max-image-preview:large","max-video-preview":"max-video-preview:-1"},"canonical":"https:\/\/www.malinashop.lt\/en\/shop\/sinoz-drekinamasis-ranku-kremas-gold-aura-30-ml\/","og_locale":"en_GB","og_type":"article","og_title":"SINOZ dr\u0117kinamasis rank\u0173 kremas GOLD AUR\u2026 - MalinaShop.lt J\u016bs\u0173 sveikatai ir gro\u017eiui.","og_description":"Prabangi rank\u0173 prie\u017ei\u016bra kasdien! SINOZ dr\u0117kinamasis rank\u0173 kremas GOLD AURA maitina, saugo nuo sausumo ir palieka od\u0105 \u0161velni\u0105 bei glotni\u0105.","og_url":"https:\/\/www.malinashop.lt\/en\/shop\/sinoz-drekinamasis-ranku-kremas-gold-aura-30-ml\/","og_site_name":"MalinaShop.lt J\u016bs\u0173 sveikatai ir gro\u017eiui.","article_modified_time":"2026-03-18T09:28:16+00:00","og_image":[{"width":768,"height":768,"url":"https:\/\/www.malinashop.lt\/wp-content\/uploads\/2025\/10\/SINOZ-drekinamasis-ranku-kremas-GOLD-AURA-30-ml.webp","type":"image\/webp"}],"twitter_card":"summary_large_image","schema":{"@context":"https:\/\/schema.org","@graph":[{"@type":"WebPage","@id":"https:\/\/www.malinashop.lt\/en\/shop\/sinoz-drekinamasis-ranku-kremas-gold-aura-30-ml\/","url":"https:\/\/www.malinashop.lt\/en\/shop\/sinoz-drekinamasis-ranku-kremas-gold-aura-30-ml\/","name":"SINOZ dr\u0117kinamasis rank\u0173 kremas GOLD AUR\u2026 - MalinaShop.lt J\u016bs\u0173 sveikatai ir gro\u017eiui.","isPartOf":{"@id":"https:\/\/www.malinashop.lt\/en\/#website"},"primaryImageOfPage":{"@id":"https:\/\/www.malinashop.lt\/en\/shop\/sinoz-drekinamasis-ranku-kremas-gold-aura-30-ml\/#primaryimage"},"image":{"@id":"https:\/\/www.malinashop.lt\/en\/shop\/sinoz-drekinamasis-ranku-kremas-gold-aura-30-ml\/#primaryimage"},"thumbnailUrl":"https:\/\/www.malinashop.lt\/wp-content\/uploads\/2025\/10\/SINOZ-drekinamasis-ranku-kremas-GOLD-AURA-30-ml.webp","datePublished":"2025-09-20T12:31:24+00:00","dateModified":"2026-03-18T09:28:16+00:00","description":"Prabangi rank\u0173 prie\u017ei\u016bra kasdien! SINOZ dr\u0117kinamasis rank\u0173 kremas GOLD AURA maitina, saugo nuo sausumo ir palieka od\u0105 \u0161velni\u0105 bei glotni\u0105.","breadcrumb":{"@id":"https:\/\/www.malinashop.lt\/en\/shop\/sinoz-drekinamasis-ranku-kremas-gold-aura-30-ml\/#breadcrumb"},"inLanguage":"en-GB","potentialAction":[{"@type":"ReadAction","target":["https:\/\/www.malinashop.lt\/en\/shop\/sinoz-drekinamasis-ranku-kremas-gold-aura-30-ml\/"]}]},{"@type":"ImageObject","inLanguage":"en-GB","@id":"https:\/\/www.malinashop.lt\/en\/shop\/sinoz-drekinamasis-ranku-kremas-gold-aura-30-ml\/#primaryimage","url":"https:\/\/www.malinashop.lt\/wp-content\/uploads\/2025\/10\/SINOZ-drekinamasis-ranku-kremas-GOLD-AURA-30-ml.webp","contentUrl":"https:\/\/www.malinashop.lt\/wp-content\/uploads\/2025\/10\/SINOZ-drekinamasis-ranku-kremas-GOLD-AURA-30-ml.webp","width":768,"height":768},{"@type":"BreadcrumbList","@id":"https:\/\/www.malinashop.lt\/en\/shop\/sinoz-drekinamasis-ranku-kremas-gold-aura-30-ml\/#breadcrumb","itemListElement":[{"@type":"ListItem","position":1,"name":"Home","item":"https:\/\/www.malinashop.lt\/en\/"},{"@type":"ListItem","position":2,"name":"Parduotuv\u0117","item":"https:\/\/www.malinashop.lt\/en\/parduotuve\/"},{"@type":"ListItem","position":3,"name":"SINOZ dr\u0117kinamasis rank\u0173 kremas GOLD AUR\u2026"}]},{"@type":"WebSite","@id":"https:\/\/www.malinashop.lt\/en\/#website","url":"https:\/\/www.malinashop.lt\/en\/","name":"COM Group Ecommerce","description":"MalinaShop.lt - Gro\u017eio ir sveikatos produktai i\u0161 patikim\u0173 preki\u0173 \u017eenkl\u0173. Atraskite auk\u0161tos kokyb\u0117s kosmetik\u0105 u\u017e puiki\u0105 kain\u0105.","publisher":{"@id":"https:\/\/www.malinashop.lt\/en\/#organization"},"potentialAction":[{"@type":"SearchAction","target":{"@type":"EntryPoint","urlTemplate":"https:\/\/www.malinashop.lt\/en\/?s={search_term_string}"},"query-input":{"@type":"PropertyValueSpecification","valueRequired":true,"valueName":"search_term_string"}}],"inLanguage":"en-GB"},{"@type":"Organization","@id":"https:\/\/www.malinashop.lt\/en\/#organization","name":"COM Group Ecommerce","url":"https:\/\/www.malinashop.lt\/en\/","logo":{"@type":"ImageObject","inLanguage":"en-GB","@id":"https:\/\/www.malinashop.lt\/en\/#\/schema\/logo\/image\/","url":"https:\/\/www.malinashop.lt\/wp-content\/uploads\/2024\/08\/462559670_3787732518133670_9795632669273463_n-e1731525914575.png","contentUrl":"https:\/\/www.malinashop.lt\/wp-content\/uploads\/2024\/08\/462559670_3787732518133670_9795632669273463_n-e1731525914575.png","width":180,"height":60,"caption":"COM Group Ecommerce"},"image":{"@id":"https:\/\/www.malinashop.lt\/en\/#\/schema\/logo\/image\/"}}]}},"jetpack_sharing_enabled":true,"_links":{"self":[{"href":"https:\/\/www.malinashop.lt\/en\/wp-json\/wp\/v2\/product\/58984","targetHints":{"allow":["GET"]}}],"collection":[{"href":"https:\/\/www.malinashop.lt\/en\/wp-json\/wp\/v2\/product"}],"about":[{"href":"https:\/\/www.malinashop.lt\/en\/wp-json\/wp\/v2\/types\/product"}],"version-history":[{"count":2,"href":"https:\/\/www.malinashop.lt\/en\/wp-json\/wp\/v2\/product\/58984\/revisions"}],"predecessor-version":[{"id":71845,"href":"https:\/\/www.malinashop.lt\/en\/wp-json\/wp\/v2\/product\/58984\/revisions\/71845"}],"wp:featuredmedia":[{"embeddable":true,"href":"https:\/\/www.malinashop.lt\/en\/wp-json\/wp\/v2\/media\/58985"}],"wp:attachment":[{"href":"https:\/\/www.malinashop.lt\/en\/wp-json\/wp\/v2\/media?parent=58984"}],"wp:term":[{"taxonomy":"product_brand","embeddable":true,"href":"https:\/\/www.malinashop.lt\/en\/wp-json\/wp\/v2\/product_brand?post=58984"},{"taxonomy":"product_cat","embeddable":true,"href":"https:\/\/www.malinashop.lt\/en\/wp-json\/wp\/v2\/product_cat?post=58984"},{"taxonomy":"product_tag","embeddable":true,"href":"https:\/\/www.malinashop.lt\/en\/wp-json\/wp\/v2\/product_tag?post=58984"}],"curies":[{"name":"wp","href":"https:\/\/api.w.org\/{rel}","templated":true}]}}