{"id":58938,"date":"2025-10-20T14:22:52","date_gmt":"2025-10-20T11:22:52","guid":{"rendered":"https:\/\/malinashop.lt\/?post_type=product&#038;p=58938"},"modified":"2026-03-18T12:28:01","modified_gmt":"2026-03-18T09:28:01","slug":"sinoz-maitinamasis-naktinis-veido-kremas-nutritive-night-cream-50-ml","status":"publish","type":"product","link":"https:\/\/www.malinashop.lt\/en\/shop\/sinoz-maitinamasis-naktinis-veido-kremas-nutritive-night-cream-50-ml\/","title":{"rendered":"SINOZ maitinamasis naktinis veido kremas NUTRITIVE NIGHT CREAM, 50 ml"},"content":{"rendered":"<p data-start=\"611\" data-end=\"872\"><strong data-start=\"611\" data-end=\"677\">SINOZ maitinamasis naktinis veido kremas NUTRITIVE NIGHT CREAM<\/strong> \u2013 tai intensyviai veikiantis kremas, kuris atkuria ir pamaitina od\u0105 nakties metu. \u0160is <strong data-start=\"764\" data-end=\"789\">naktinis veido kremas<\/strong> padeda stangrinti od\u0105, ma\u017einti rauk\u0161li\u0173 atsiradim\u0105 ir suteikia nat\u016bral\u0173 \u0161vyt\u0117jim\u0105.<\/p>\n<p data-start=\"874\" data-end=\"1129\">Formul\u0117 praturtinta <strong data-start=\"894\" data-end=\"916\">hialurono r\u016bg\u0161timi<\/strong>, kuri giliai dr\u0117kina od\u0105 ir sulaiko dr\u0117gm\u0119, <strong data-start=\"961\" data-end=\"975\">pantenoliu<\/strong>, kuris ramina ir regeneruoja, <strong data-start=\"1006\" data-end=\"1028\">taukmed\u017eio sviestu<\/strong>, kuris maitina ir mink\u0161tina, bei <strong data-start=\"1062\" data-end=\"1075\">peptidais<\/strong>, kurie skatina odos atsinaujinim\u0105 ir kolageno gamyb\u0105.<\/p>\n<p data-start=\"1131\" data-end=\"1308\">Nakties metu oda intensyviausiai atsistato, tod\u0117l \u0161is <strong data-start=\"1185\" data-end=\"1210\">naktinis veido kremas<\/strong> padeda paspartinti atsinaujinimo procesus ir ryte oda atrodo lygesn\u0117, elastingesn\u0117 ir pails\u0117jusi.<\/p>\n<p data-start=\"1310\" data-end=\"1353\"><strong data-start=\"1310\" data-end=\"1353\">SINOZ NUTRITIVE NIGHT CREAM privalumai:<\/strong><\/p>\n<ul data-start=\"1354\" data-end=\"1571\">\n<li data-start=\"1354\" data-end=\"1381\">\n<p data-start=\"1356\" data-end=\"1381\">Maitina ir giliai dr\u0117kina<\/p>\n<\/li>\n<li data-start=\"1382\" data-end=\"1397\">\n<p data-start=\"1384\" data-end=\"1397\">Stangrina od\u0105<\/p>\n<\/li>\n<li data-start=\"1398\" data-end=\"1423\">\n<p data-start=\"1400\" data-end=\"1423\">Padeda ma\u017einti rauk\u0161les<\/p>\n<\/li>\n<li data-start=\"1424\" data-end=\"1449\">\n<p data-start=\"1426\" data-end=\"1449\">Gerina odos elastingum\u0105<\/p>\n<\/li>\n<li data-start=\"1450\" data-end=\"1478\">\n<p data-start=\"1452\" data-end=\"1478\">Skatina odos atsinaujinim\u0105<\/p>\n<\/li>\n<li data-start=\"1479\" data-end=\"1500\">\n<p data-start=\"1481\" data-end=\"1500\">Ramina ir saugo od\u0105<\/p>\n<\/li>\n<li data-start=\"1501\" data-end=\"1528\">\n<p data-start=\"1503\" data-end=\"1528\">Suteikia sveik\u0105 \u0161vyt\u0117jim\u0105<\/p>\n<\/li>\n<li data-start=\"1529\" data-end=\"1548\">\n<p data-start=\"1531\" data-end=\"1548\">Veikia miego metu<\/p>\n<\/li>\n<li data-start=\"1549\" data-end=\"1571\">\n<p data-start=\"1551\" data-end=\"1571\">Tinka vis\u0173 tip\u0173 odai<\/p>\n<\/li>\n<\/ul>\n<p data-start=\"1573\" data-end=\"1696\"><strong data-start=\"1573\" data-end=\"1588\">Naudojimas:<\/strong><br data-start=\"1588\" data-end=\"1591\" \/>\u0160velniai \u012fmasa\u017euokite krem\u0105 sukamaisiais judesiais ant \u0161varios veido odos vakare. Galima naudoti kasdien.<\/p>\n<p data-start=\"1698\" data-end=\"1774\"><strong data-start=\"1698\" data-end=\"1729\">SINOZ NUTRITIVE NIGHT CREAM<\/strong> \u2013 intensyvi odos prie\u017ei\u016bra, kol J\u016bs miegate.<\/p>\n","protected":false},"excerpt":{"rendered":"<p data-start=\"441\" data-end=\"539\">SINOZ naktinis veido kremas maitina, dr\u0117kina, stangrina od\u0105 ir padeda ma\u017einti rauk\u0161les miego metu.<\/p>\n","protected":false},"featured_media":58939,"template":"","meta":[],"product_brand":[1354],"product_cat":[187,728],"product_tag":[1619],"class_list":{"0":"post-58938","1":"product","2":"type-product","3":"status-publish","4":"has-post-thumbnail","6":"product_brand-sinoz","7":"product_cat-veido-kremai","8":"product_cat-veidui","9":"product_tag-sinoz","11":"first","12":"instock","13":"sale","14":"taxable","15":"shipping-taxable","16":"purchasable","17":"product-type-simple"},"yoast_head":"<!-- This site is optimized with the Yoast SEO plugin v27.4 - https:\/\/yoast.com\/product\/yoast-seo-wordpress\/ -->\n<title>MalinaShop.lt J\u016bs\u0173 sveikatai ir gro\u017eiui. SINOZ maitinamasis naktinis veido kremas NUTRITIVE NIGHT CREAM, 50 ml -<\/title>\n<meta name=\"description\" content=\"Atsibusk su stangresne ir sudr\u0117kinta oda! SINOZ naktinis veido kremas maitina, ma\u017eina rauk\u0161les ir suteikia odai \u0161vyt\u0117jimo miego metu.\" \/>\n<meta name=\"robots\" content=\"index, follow, max-snippet:-1, max-image-preview:large, max-video-preview:-1\" \/>\n<link rel=\"canonical\" href=\"https:\/\/www.malinashop.lt\/en\/shop\/sinoz-maitinamasis-naktinis-veido-kremas-nutritive-night-cream-50-ml\/\" \/>\n<meta property=\"og:locale\" content=\"en_GB\" \/>\n<meta property=\"og:type\" content=\"article\" \/>\n<meta property=\"og:title\" content=\"MalinaShop.lt J\u016bs\u0173 sveikatai ir gro\u017eiui. SINOZ maitinamasis naktinis veido kremas NUTRITIVE NIGHT CREAM, 50 ml -\" \/>\n<meta property=\"og:description\" content=\"Atsibusk su stangresne ir sudr\u0117kinta oda! SINOZ naktinis veido kremas maitina, ma\u017eina rauk\u0161les ir suteikia odai \u0161vyt\u0117jimo miego metu.\" \/>\n<meta property=\"og:url\" content=\"https:\/\/www.malinashop.lt\/en\/shop\/sinoz-maitinamasis-naktinis-veido-kremas-nutritive-night-cream-50-ml\/\" \/>\n<meta property=\"og:site_name\" content=\"MalinaShop.lt J\u016bs\u0173 sveikatai ir gro\u017eiui.\" \/>\n<meta property=\"article:modified_time\" content=\"2026-03-18T09:28:01+00:00\" \/>\n<meta property=\"og:image\" content=\"https:\/\/www.malinashop.lt\/wp-content\/uploads\/2025\/10\/SINOZ-maitinamasis-naktinis-veido-kremas-NUTRITIVE-NIGHT-CREAM-50-ml.webp\" \/>\n\t<meta property=\"og:image:width\" content=\"768\" \/>\n\t<meta property=\"og:image:height\" content=\"768\" \/>\n\t<meta property=\"og:image:type\" content=\"image\/webp\" \/>\n<meta name=\"twitter:card\" content=\"summary_large_image\" \/>\n<script type=\"application\/ld+json\" class=\"yoast-schema-graph\">{\"@context\":\"https:\\\/\\\/schema.org\",\"@graph\":[{\"@type\":\"WebPage\",\"@id\":\"https:\\\/\\\/www.malinashop.lt\\\/shop\\\/sinoz-maitinamasis-naktinis-veido-kremas-nutritive-night-cream-50-ml\\\/\",\"url\":\"https:\\\/\\\/www.malinashop.lt\\\/shop\\\/sinoz-maitinamasis-naktinis-veido-kremas-nutritive-night-cream-50-ml\\\/\",\"name\":\"MalinaShop.lt J\u016bs\u0173 sveikatai ir gro\u017eiui. SINOZ maitinamasis naktinis veido kremas NUTRITIVE NIGHT CREAM, 50 ml -\",\"isPartOf\":{\"@id\":\"https:\\\/\\\/www.malinashop.lt\\\/#website\"},\"primaryImageOfPage\":{\"@id\":\"https:\\\/\\\/www.malinashop.lt\\\/shop\\\/sinoz-maitinamasis-naktinis-veido-kremas-nutritive-night-cream-50-ml\\\/#primaryimage\"},\"image\":{\"@id\":\"https:\\\/\\\/www.malinashop.lt\\\/shop\\\/sinoz-maitinamasis-naktinis-veido-kremas-nutritive-night-cream-50-ml\\\/#primaryimage\"},\"thumbnailUrl\":\"https:\\\/\\\/www.malinashop.lt\\\/wp-content\\\/uploads\\\/2025\\\/10\\\/SINOZ-maitinamasis-naktinis-veido-kremas-NUTRITIVE-NIGHT-CREAM-50-ml.webp\",\"datePublished\":\"2025-10-20T11:22:52+00:00\",\"dateModified\":\"2026-03-18T09:28:01+00:00\",\"description\":\"Atsibusk su stangresne ir sudr\u0117kinta oda! SINOZ naktinis veido kremas maitina, ma\u017eina rauk\u0161les ir suteikia odai \u0161vyt\u0117jimo miego metu.\",\"breadcrumb\":{\"@id\":\"https:\\\/\\\/www.malinashop.lt\\\/shop\\\/sinoz-maitinamasis-naktinis-veido-kremas-nutritive-night-cream-50-ml\\\/#breadcrumb\"},\"inLanguage\":\"en-GB\",\"potentialAction\":[{\"@type\":\"ReadAction\",\"target\":[\"https:\\\/\\\/www.malinashop.lt\\\/shop\\\/sinoz-maitinamasis-naktinis-veido-kremas-nutritive-night-cream-50-ml\\\/\"]}]},{\"@type\":\"ImageObject\",\"inLanguage\":\"en-GB\",\"@id\":\"https:\\\/\\\/www.malinashop.lt\\\/shop\\\/sinoz-maitinamasis-naktinis-veido-kremas-nutritive-night-cream-50-ml\\\/#primaryimage\",\"url\":\"https:\\\/\\\/www.malinashop.lt\\\/wp-content\\\/uploads\\\/2025\\\/10\\\/SINOZ-maitinamasis-naktinis-veido-kremas-NUTRITIVE-NIGHT-CREAM-50-ml.webp\",\"contentUrl\":\"https:\\\/\\\/www.malinashop.lt\\\/wp-content\\\/uploads\\\/2025\\\/10\\\/SINOZ-maitinamasis-naktinis-veido-kremas-NUTRITIVE-NIGHT-CREAM-50-ml.webp\",\"width\":768,\"height\":768},{\"@type\":\"BreadcrumbList\",\"@id\":\"https:\\\/\\\/www.malinashop.lt\\\/shop\\\/sinoz-maitinamasis-naktinis-veido-kremas-nutritive-night-cream-50-ml\\\/#breadcrumb\",\"itemListElement\":[{\"@type\":\"ListItem\",\"position\":1,\"name\":\"Pagrindinis\",\"item\":\"https:\\\/\\\/www.malinashop.lt\\\/\"},{\"@type\":\"ListItem\",\"position\":2,\"name\":\"Parduotuv\u0117\",\"item\":\"https:\\\/\\\/www.malinashop.lt\\\/en\\\/parduotuve\\\/\"},{\"@type\":\"ListItem\",\"position\":3,\"name\":\"SINOZ maitinamasis naktinis veido kremas NUTRITIVE NIGHT CREAM, 50 ml\"}]},{\"@type\":\"WebSite\",\"@id\":\"https:\\\/\\\/www.malinashop.lt\\\/#website\",\"url\":\"https:\\\/\\\/www.malinashop.lt\\\/\",\"name\":\"COM Group Ecommerce\",\"description\":\"MalinaShop.lt - Gro\u017eio ir sveikatos produktai i\u0161 patikim\u0173 preki\u0173 \u017eenkl\u0173. Atraskite auk\u0161tos kokyb\u0117s kosmetik\u0105 u\u017e puiki\u0105 kain\u0105.\",\"publisher\":{\"@id\":\"https:\\\/\\\/www.malinashop.lt\\\/#organization\"},\"potentialAction\":[{\"@type\":\"SearchAction\",\"target\":{\"@type\":\"EntryPoint\",\"urlTemplate\":\"https:\\\/\\\/www.malinashop.lt\\\/?s={search_term_string}\"},\"query-input\":{\"@type\":\"PropertyValueSpecification\",\"valueRequired\":true,\"valueName\":\"search_term_string\"}}],\"inLanguage\":\"en-GB\"},{\"@type\":\"Organization\",\"@id\":\"https:\\\/\\\/www.malinashop.lt\\\/#organization\",\"name\":\"COM Group Ecommerce\",\"url\":\"https:\\\/\\\/www.malinashop.lt\\\/\",\"logo\":{\"@type\":\"ImageObject\",\"inLanguage\":\"en-GB\",\"@id\":\"https:\\\/\\\/www.malinashop.lt\\\/#\\\/schema\\\/logo\\\/image\\\/\",\"url\":\"https:\\\/\\\/www.malinashop.lt\\\/wp-content\\\/uploads\\\/2024\\\/08\\\/462559670_3787732518133670_9795632669273463_n-e1731525914575.png\",\"contentUrl\":\"https:\\\/\\\/www.malinashop.lt\\\/wp-content\\\/uploads\\\/2024\\\/08\\\/462559670_3787732518133670_9795632669273463_n-e1731525914575.png\",\"width\":180,\"height\":60,\"caption\":\"COM Group Ecommerce\"},\"image\":{\"@id\":\"https:\\\/\\\/www.malinashop.lt\\\/#\\\/schema\\\/logo\\\/image\\\/\"}}]}<\/script>\n<!-- \/ Yoast SEO plugin. -->","yoast_head_json":{"title":"MalinaShop.lt J\u016bs\u0173 sveikatai ir gro\u017eiui. SINOZ maitinamasis naktinis veido kremas NUTRITIVE NIGHT CREAM, 50 ml -","description":"Atsibusk su stangresne ir sudr\u0117kinta oda! SINOZ naktinis veido kremas maitina, ma\u017eina rauk\u0161les ir suteikia odai \u0161vyt\u0117jimo miego metu.","robots":{"index":"index","follow":"follow","max-snippet":"max-snippet:-1","max-image-preview":"max-image-preview:large","max-video-preview":"max-video-preview:-1"},"canonical":"https:\/\/www.malinashop.lt\/en\/shop\/sinoz-maitinamasis-naktinis-veido-kremas-nutritive-night-cream-50-ml\/","og_locale":"en_GB","og_type":"article","og_title":"MalinaShop.lt J\u016bs\u0173 sveikatai ir gro\u017eiui. SINOZ maitinamasis naktinis veido kremas NUTRITIVE NIGHT CREAM, 50 ml -","og_description":"Atsibusk su stangresne ir sudr\u0117kinta oda! SINOZ naktinis veido kremas maitina, ma\u017eina rauk\u0161les ir suteikia odai \u0161vyt\u0117jimo miego metu.","og_url":"https:\/\/www.malinashop.lt\/en\/shop\/sinoz-maitinamasis-naktinis-veido-kremas-nutritive-night-cream-50-ml\/","og_site_name":"MalinaShop.lt J\u016bs\u0173 sveikatai ir gro\u017eiui.","article_modified_time":"2026-03-18T09:28:01+00:00","og_image":[{"width":768,"height":768,"url":"https:\/\/www.malinashop.lt\/wp-content\/uploads\/2025\/10\/SINOZ-maitinamasis-naktinis-veido-kremas-NUTRITIVE-NIGHT-CREAM-50-ml.webp","type":"image\/webp"}],"twitter_card":"summary_large_image","schema":{"@context":"https:\/\/schema.org","@graph":[{"@type":"WebPage","@id":"https:\/\/www.malinashop.lt\/shop\/sinoz-maitinamasis-naktinis-veido-kremas-nutritive-night-cream-50-ml\/","url":"https:\/\/www.malinashop.lt\/shop\/sinoz-maitinamasis-naktinis-veido-kremas-nutritive-night-cream-50-ml\/","name":"MalinaShop.lt J\u016bs\u0173 sveikatai ir gro\u017eiui. SINOZ maitinamasis naktinis veido kremas NUTRITIVE NIGHT CREAM, 50 ml -","isPartOf":{"@id":"https:\/\/www.malinashop.lt\/#website"},"primaryImageOfPage":{"@id":"https:\/\/www.malinashop.lt\/shop\/sinoz-maitinamasis-naktinis-veido-kremas-nutritive-night-cream-50-ml\/#primaryimage"},"image":{"@id":"https:\/\/www.malinashop.lt\/shop\/sinoz-maitinamasis-naktinis-veido-kremas-nutritive-night-cream-50-ml\/#primaryimage"},"thumbnailUrl":"https:\/\/www.malinashop.lt\/wp-content\/uploads\/2025\/10\/SINOZ-maitinamasis-naktinis-veido-kremas-NUTRITIVE-NIGHT-CREAM-50-ml.webp","datePublished":"2025-10-20T11:22:52+00:00","dateModified":"2026-03-18T09:28:01+00:00","description":"Atsibusk su stangresne ir sudr\u0117kinta oda! SINOZ naktinis veido kremas maitina, ma\u017eina rauk\u0161les ir suteikia odai \u0161vyt\u0117jimo miego metu.","breadcrumb":{"@id":"https:\/\/www.malinashop.lt\/shop\/sinoz-maitinamasis-naktinis-veido-kremas-nutritive-night-cream-50-ml\/#breadcrumb"},"inLanguage":"en-GB","potentialAction":[{"@type":"ReadAction","target":["https:\/\/www.malinashop.lt\/shop\/sinoz-maitinamasis-naktinis-veido-kremas-nutritive-night-cream-50-ml\/"]}]},{"@type":"ImageObject","inLanguage":"en-GB","@id":"https:\/\/www.malinashop.lt\/shop\/sinoz-maitinamasis-naktinis-veido-kremas-nutritive-night-cream-50-ml\/#primaryimage","url":"https:\/\/www.malinashop.lt\/wp-content\/uploads\/2025\/10\/SINOZ-maitinamasis-naktinis-veido-kremas-NUTRITIVE-NIGHT-CREAM-50-ml.webp","contentUrl":"https:\/\/www.malinashop.lt\/wp-content\/uploads\/2025\/10\/SINOZ-maitinamasis-naktinis-veido-kremas-NUTRITIVE-NIGHT-CREAM-50-ml.webp","width":768,"height":768},{"@type":"BreadcrumbList","@id":"https:\/\/www.malinashop.lt\/shop\/sinoz-maitinamasis-naktinis-veido-kremas-nutritive-night-cream-50-ml\/#breadcrumb","itemListElement":[{"@type":"ListItem","position":1,"name":"Pagrindinis","item":"https:\/\/www.malinashop.lt\/"},{"@type":"ListItem","position":2,"name":"Parduotuv\u0117","item":"https:\/\/www.malinashop.lt\/en\/parduotuve\/"},{"@type":"ListItem","position":3,"name":"SINOZ maitinamasis naktinis veido kremas NUTRITIVE NIGHT CREAM, 50 ml"}]},{"@type":"WebSite","@id":"https:\/\/www.malinashop.lt\/#website","url":"https:\/\/www.malinashop.lt\/","name":"COM Group Ecommerce","description":"MalinaShop.lt - Gro\u017eio ir sveikatos produktai i\u0161 patikim\u0173 preki\u0173 \u017eenkl\u0173. Atraskite auk\u0161tos kokyb\u0117s kosmetik\u0105 u\u017e puiki\u0105 kain\u0105.","publisher":{"@id":"https:\/\/www.malinashop.lt\/#organization"},"potentialAction":[{"@type":"SearchAction","target":{"@type":"EntryPoint","urlTemplate":"https:\/\/www.malinashop.lt\/?s={search_term_string}"},"query-input":{"@type":"PropertyValueSpecification","valueRequired":true,"valueName":"search_term_string"}}],"inLanguage":"en-GB"},{"@type":"Organization","@id":"https:\/\/www.malinashop.lt\/#organization","name":"COM Group Ecommerce","url":"https:\/\/www.malinashop.lt\/","logo":{"@type":"ImageObject","inLanguage":"en-GB","@id":"https:\/\/www.malinashop.lt\/#\/schema\/logo\/image\/","url":"https:\/\/www.malinashop.lt\/wp-content\/uploads\/2024\/08\/462559670_3787732518133670_9795632669273463_n-e1731525914575.png","contentUrl":"https:\/\/www.malinashop.lt\/wp-content\/uploads\/2024\/08\/462559670_3787732518133670_9795632669273463_n-e1731525914575.png","width":180,"height":60,"caption":"COM Group Ecommerce"},"image":{"@id":"https:\/\/www.malinashop.lt\/#\/schema\/logo\/image\/"}}]}},"jetpack_sharing_enabled":true,"_links":{"self":[{"href":"https:\/\/www.malinashop.lt\/en\/wp-json\/wp\/v2\/product\/58938","targetHints":{"allow":["GET"]}}],"collection":[{"href":"https:\/\/www.malinashop.lt\/en\/wp-json\/wp\/v2\/product"}],"about":[{"href":"https:\/\/www.malinashop.lt\/en\/wp-json\/wp\/v2\/types\/product"}],"version-history":[{"count":1,"href":"https:\/\/www.malinashop.lt\/en\/wp-json\/wp\/v2\/product\/58938\/revisions"}],"predecessor-version":[{"id":58940,"href":"https:\/\/www.malinashop.lt\/en\/wp-json\/wp\/v2\/product\/58938\/revisions\/58940"}],"wp:featuredmedia":[{"embeddable":true,"href":"https:\/\/www.malinashop.lt\/en\/wp-json\/wp\/v2\/media\/58939"}],"wp:attachment":[{"href":"https:\/\/www.malinashop.lt\/en\/wp-json\/wp\/v2\/media?parent=58938"}],"wp:term":[{"taxonomy":"product_brand","embeddable":true,"href":"https:\/\/www.malinashop.lt\/en\/wp-json\/wp\/v2\/product_brand?post=58938"},{"taxonomy":"product_cat","embeddable":true,"href":"https:\/\/www.malinashop.lt\/en\/wp-json\/wp\/v2\/product_cat?post=58938"},{"taxonomy":"product_tag","embeddable":true,"href":"https:\/\/www.malinashop.lt\/en\/wp-json\/wp\/v2\/product_tag?post=58938"}],"curies":[{"name":"wp","href":"https:\/\/api.w.org\/{rel}","templated":true}]}}