{"id":58932,"date":"2025-10-20T14:18:21","date_gmt":"2025-10-20T11:18:21","guid":{"rendered":"https:\/\/malinashop.lt\/?post_type=product&#038;p=58932"},"modified":"2026-03-18T12:28:02","modified_gmt":"2026-03-18T09:28:02","slug":"sinoz-veido-serumas-nuo-pigmentiniu-demiu-alpha-arbutin-serum-30-ml","status":"publish","type":"product","link":"https:\/\/www.malinashop.lt\/en\/shop\/sinoz-veido-serumas-nuo-pigmentiniu-demiu-alpha-arbutin-serum-30-ml\/","title":{"rendered":"SINOZ veido serumas nuo pigmentini\u0173 d\u0117mi\u0173 ALPHA ARBUTIN SERUM, 30 ml"},"content":{"rendered":"<p data-start=\"703\" data-end=\"1066\"><strong data-start=\"703\" data-end=\"785\">SINOZ veido serumas nuo pigmentini\u0173 d\u0117mi\u0173 ALPHA ARBUTIN SERUM \u2013 ANTI-DARK SPOT<\/strong> \u2013 tai veiksmingas sprendimas kovojant su tamsiomis d\u0117m\u0117mis, netolygiu odos tonu ir hiperpigmentacija. \u0160is <strong data-start=\"892\" data-end=\"931\">veido serumas nuo pigmentini\u0173 d\u0117mi\u0173<\/strong> veikia tiek odos pavir\u0161iuje, tiek gilesniuose sluoksniuose, kad suma\u017eint\u0173 esam\u0173 d\u0117mi\u0173 intensyvum\u0105 ir u\u017ekirst\u0173 keli\u0105 nauj\u0173 atsiradimui.<\/p>\n<p data-start=\"1068\" data-end=\"1311\">Pagrindin\u0117 veiklioji med\u017eiaga <strong data-start=\"1098\" data-end=\"1117\">alpha arbutinas<\/strong> slopina melanino gamyb\u0105, tod\u0117l oda atrodo skaistesn\u0117, lygesn\u0117 ir harmoningesn\u0117. Serumas padeda suma\u017einti <strong data-start=\"1223\" data-end=\"1311\">spuog\u0173 paliktas d\u0117mes, saul\u0117s sukelt\u0105 pigmentacij\u0105, netolygi\u0105 spalv\u0105 ir papilk\u0117jim\u0105.<\/strong><\/p>\n<p data-start=\"1313\" data-end=\"1482\">Lengva tekst\u016bra greitai \u012fsigeria ir netepa odos, tod\u0117l tinka naudoti tiek ryte, tiek vakare. Reguliariai naudojant, oda tampa \u0161vytinti, lygesn\u0117 ir vizualiai atjaun\u0117jusi.<\/p>\n<p data-start=\"1484\" data-end=\"1526\"><strong data-start=\"1484\" data-end=\"1526\">SINOZ ALPHA ARBUTIN serumo privalumai:<\/strong><\/p>\n<ul data-start=\"1527\" data-end=\"1769\">\n<li data-start=\"1527\" data-end=\"1562\">\n<p data-start=\"1529\" data-end=\"1562\">Ma\u017eina pigmentini\u0173 d\u0117mi\u0173 matomum\u0105<\/p>\n<\/li>\n<li data-start=\"1563\" data-end=\"1588\">\n<p data-start=\"1565\" data-end=\"1588\">Slopina melanino gamyb\u0105<\/p>\n<\/li>\n<li data-start=\"1589\" data-end=\"1625\">\n<p data-start=\"1591\" data-end=\"1625\">Apsaugo nuo nauj\u0173 d\u0117mi\u0173 atsiradimo<\/p>\n<\/li>\n<li data-start=\"1626\" data-end=\"1658\">\n<p data-start=\"1628\" data-end=\"1658\">Sulygina ir \u0161viesina odos ton\u0105<\/p>\n<\/li>\n<li data-start=\"1659\" data-end=\"1683\">\n<p data-start=\"1661\" data-end=\"1683\">Skaistina ir atgaivina<\/p>\n<\/li>\n<li data-start=\"1684\" data-end=\"1708\">\n<p data-start=\"1686\" data-end=\"1708\">Pagerina odos tekst\u016br\u0105<\/p>\n<\/li>\n<li data-start=\"1709\" data-end=\"1746\">\n<p data-start=\"1711\" data-end=\"1746\">Lengva, greitai \u012fsigerianti formul\u0117<\/p>\n<\/li>\n<li data-start=\"1747\" data-end=\"1769\">\n<p data-start=\"1749\" data-end=\"1769\">Tinka vis\u0173 tip\u0173 odai<\/p>\n<\/li>\n<\/ul>\n<p data-start=\"1771\" data-end=\"1933\"><strong data-start=\"1771\" data-end=\"1786\">Naudojimas:<\/strong><br data-start=\"1786\" data-end=\"1789\" \/>\u0160velniai \u012fmasa\u017euokite kelis la\u0161us serumo ant \u0161varios veido odos. Naudokite ryte ir \/ arba vakare. Ryte rekomenduojama kartu naudoti SPF apsaug\u0105.<\/p>\n<p data-start=\"1935\" data-end=\"2023\"><strong data-start=\"1935\" data-end=\"1964\">SINOZ ALPHA ARBUTIN SERUM<\/strong> \u2013 tolygesnis odos tonas ir matomai ma\u017eesn\u0117s d\u0117m\u0117s kasdien.<\/p>\n","protected":false},"excerpt":{"rendered":"<p data-start=\"499\" data-end=\"618\">SINOZ veido serumas nuo pigmentini\u0173 d\u0117mi\u0173 ma\u017eina j\u0173 matomum\u0105, sulygina odos ton\u0105 ir apsaugo nuo nauj\u0173 d\u0117mi\u0173 atsiradimo.<\/p>\n","protected":false},"featured_media":58933,"template":"","meta":[],"product_brand":[1354],"product_cat":[550,728],"product_tag":[1619],"class_list":{"0":"post-58932","1":"product","2":"type-product","3":"status-publish","4":"has-post-thumbnail","6":"product_brand-sinoz","7":"product_cat-veido-serumai","8":"product_cat-veidui","9":"product_tag-sinoz","11":"first","12":"instock","13":"sale","14":"taxable","15":"shipping-taxable","16":"purchasable","17":"product-type-simple"},"yoast_head":"<!-- This site is optimized with the Yoast SEO plugin v27.4 - https:\/\/yoast.com\/product\/yoast-seo-wordpress\/ -->\n<title>MalinaShop.lt J\u016bs\u0173 sveikatai ir gro\u017eiui. SINOZ veido serumas nuo pigmentini\u0173 d\u0117mi\u0173 ALPHA ARBUTIN SERUM, 30 ml -<\/title>\n<meta name=\"description\" content=\"Pasiek lygesn\u0119 ir \u0161viesesn\u0119 od\u0105! SINOZ veido serumas nuo pigmentini\u0173 d\u0117mi\u0173 su alpha arbutinu ma\u017eina d\u0117mes ir apsaugo nuo nauj\u0173 atsiradimo kasdien.\" \/>\n<meta name=\"robots\" content=\"index, follow, max-snippet:-1, max-image-preview:large, max-video-preview:-1\" \/>\n<link rel=\"canonical\" href=\"https:\/\/www.malinashop.lt\/en\/shop\/sinoz-veido-serumas-nuo-pigmentiniu-demiu-alpha-arbutin-serum-30-ml\/\" \/>\n<meta property=\"og:locale\" content=\"en_GB\" \/>\n<meta property=\"og:type\" content=\"article\" \/>\n<meta property=\"og:title\" content=\"MalinaShop.lt J\u016bs\u0173 sveikatai ir gro\u017eiui. SINOZ veido serumas nuo pigmentini\u0173 d\u0117mi\u0173 ALPHA ARBUTIN SERUM, 30 ml -\" \/>\n<meta property=\"og:description\" content=\"Pasiek lygesn\u0119 ir \u0161viesesn\u0119 od\u0105! SINOZ veido serumas nuo pigmentini\u0173 d\u0117mi\u0173 su alpha arbutinu ma\u017eina d\u0117mes ir apsaugo nuo nauj\u0173 atsiradimo kasdien.\" \/>\n<meta property=\"og:url\" content=\"https:\/\/www.malinashop.lt\/en\/shop\/sinoz-veido-serumas-nuo-pigmentiniu-demiu-alpha-arbutin-serum-30-ml\/\" \/>\n<meta property=\"og:site_name\" content=\"MalinaShop.lt J\u016bs\u0173 sveikatai ir gro\u017eiui.\" \/>\n<meta property=\"article:modified_time\" content=\"2026-03-18T09:28:02+00:00\" \/>\n<meta property=\"og:image\" content=\"https:\/\/www.malinashop.lt\/wp-content\/uploads\/2025\/10\/SINOZ-veido-serumas-nuo-pigmentiniu-demiu-ALPHA-ARBUTIN-SERUM-30-ml.webp\" \/>\n\t<meta property=\"og:image:width\" content=\"768\" \/>\n\t<meta property=\"og:image:height\" content=\"768\" \/>\n\t<meta property=\"og:image:type\" content=\"image\/webp\" \/>\n<meta name=\"twitter:card\" content=\"summary_large_image\" \/>\n<script type=\"application\/ld+json\" class=\"yoast-schema-graph\">{\"@context\":\"https:\\\/\\\/schema.org\",\"@graph\":[{\"@type\":\"WebPage\",\"@id\":\"https:\\\/\\\/www.malinashop.lt\\\/lt_lt\\\/shop\\\/sinoz-veido-serumas-nuo-pigmentiniu-demiu-alpha-arbutin-serum-30-ml\\\/\",\"url\":\"https:\\\/\\\/www.malinashop.lt\\\/lt_lt\\\/shop\\\/sinoz-veido-serumas-nuo-pigmentiniu-demiu-alpha-arbutin-serum-30-ml\\\/\",\"name\":\"MalinaShop.lt J\u016bs\u0173 sveikatai ir gro\u017eiui. SINOZ veido serumas nuo pigmentini\u0173 d\u0117mi\u0173 ALPHA ARBUTIN SERUM, 30 ml -\",\"isPartOf\":{\"@id\":\"https:\\\/\\\/www.malinashop.lt\\\/#website\"},\"primaryImageOfPage\":{\"@id\":\"https:\\\/\\\/www.malinashop.lt\\\/lt_lt\\\/shop\\\/sinoz-veido-serumas-nuo-pigmentiniu-demiu-alpha-arbutin-serum-30-ml\\\/#primaryimage\"},\"image\":{\"@id\":\"https:\\\/\\\/www.malinashop.lt\\\/lt_lt\\\/shop\\\/sinoz-veido-serumas-nuo-pigmentiniu-demiu-alpha-arbutin-serum-30-ml\\\/#primaryimage\"},\"thumbnailUrl\":\"https:\\\/\\\/www.malinashop.lt\\\/wp-content\\\/uploads\\\/2025\\\/10\\\/SINOZ-veido-serumas-nuo-pigmentiniu-demiu-ALPHA-ARBUTIN-SERUM-30-ml.webp\",\"datePublished\":\"2025-10-20T11:18:21+00:00\",\"dateModified\":\"2026-03-18T09:28:02+00:00\",\"description\":\"Pasiek lygesn\u0119 ir \u0161viesesn\u0119 od\u0105! SINOZ veido serumas nuo pigmentini\u0173 d\u0117mi\u0173 su alpha arbutinu ma\u017eina d\u0117mes ir apsaugo nuo nauj\u0173 atsiradimo kasdien.\",\"breadcrumb\":{\"@id\":\"https:\\\/\\\/www.malinashop.lt\\\/lt_lt\\\/shop\\\/sinoz-veido-serumas-nuo-pigmentiniu-demiu-alpha-arbutin-serum-30-ml\\\/#breadcrumb\"},\"inLanguage\":\"en-GB\",\"potentialAction\":[{\"@type\":\"ReadAction\",\"target\":[\"https:\\\/\\\/www.malinashop.lt\\\/lt_lt\\\/shop\\\/sinoz-veido-serumas-nuo-pigmentiniu-demiu-alpha-arbutin-serum-30-ml\\\/\"]}]},{\"@type\":\"ImageObject\",\"inLanguage\":\"en-GB\",\"@id\":\"https:\\\/\\\/www.malinashop.lt\\\/lt_lt\\\/shop\\\/sinoz-veido-serumas-nuo-pigmentiniu-demiu-alpha-arbutin-serum-30-ml\\\/#primaryimage\",\"url\":\"https:\\\/\\\/www.malinashop.lt\\\/wp-content\\\/uploads\\\/2025\\\/10\\\/SINOZ-veido-serumas-nuo-pigmentiniu-demiu-ALPHA-ARBUTIN-SERUM-30-ml.webp\",\"contentUrl\":\"https:\\\/\\\/www.malinashop.lt\\\/wp-content\\\/uploads\\\/2025\\\/10\\\/SINOZ-veido-serumas-nuo-pigmentiniu-demiu-ALPHA-ARBUTIN-SERUM-30-ml.webp\",\"width\":768,\"height\":768},{\"@type\":\"BreadcrumbList\",\"@id\":\"https:\\\/\\\/www.malinashop.lt\\\/lt_lt\\\/shop\\\/sinoz-veido-serumas-nuo-pigmentiniu-demiu-alpha-arbutin-serum-30-ml\\\/#breadcrumb\",\"itemListElement\":[{\"@type\":\"ListItem\",\"position\":1,\"name\":\"Pagrindinis\",\"item\":\"https:\\\/\\\/www.malinashop.lt\\\/\"},{\"@type\":\"ListItem\",\"position\":2,\"name\":\"Parduotuv\u0117\",\"item\":\"https:\\\/\\\/www.malinashop.lt\\\/en\\\/parduotuve\\\/\"},{\"@type\":\"ListItem\",\"position\":3,\"name\":\"SINOZ veido serumas nuo pigmentini\u0173 d\u0117mi\u0173 ALPHA ARBUTIN SERUM, 30 ml\"}]},{\"@type\":\"WebSite\",\"@id\":\"https:\\\/\\\/www.malinashop.lt\\\/#website\",\"url\":\"https:\\\/\\\/www.malinashop.lt\\\/\",\"name\":\"COM Group Ecommerce\",\"description\":\"MalinaShop.lt - Gro\u017eio ir sveikatos produktai i\u0161 patikim\u0173 preki\u0173 \u017eenkl\u0173. Atraskite auk\u0161tos kokyb\u0117s kosmetik\u0105 u\u017e puiki\u0105 kain\u0105.\",\"publisher\":{\"@id\":\"https:\\\/\\\/www.malinashop.lt\\\/#organization\"},\"potentialAction\":[{\"@type\":\"SearchAction\",\"target\":{\"@type\":\"EntryPoint\",\"urlTemplate\":\"https:\\\/\\\/www.malinashop.lt\\\/?s={search_term_string}\"},\"query-input\":{\"@type\":\"PropertyValueSpecification\",\"valueRequired\":true,\"valueName\":\"search_term_string\"}}],\"inLanguage\":\"en-GB\"},{\"@type\":\"Organization\",\"@id\":\"https:\\\/\\\/www.malinashop.lt\\\/#organization\",\"name\":\"COM Group Ecommerce\",\"url\":\"https:\\\/\\\/www.malinashop.lt\\\/\",\"logo\":{\"@type\":\"ImageObject\",\"inLanguage\":\"en-GB\",\"@id\":\"https:\\\/\\\/www.malinashop.lt\\\/#\\\/schema\\\/logo\\\/image\\\/\",\"url\":\"https:\\\/\\\/www.malinashop.lt\\\/wp-content\\\/uploads\\\/2024\\\/08\\\/462559670_3787732518133670_9795632669273463_n-e1731525914575.png\",\"contentUrl\":\"https:\\\/\\\/www.malinashop.lt\\\/wp-content\\\/uploads\\\/2024\\\/08\\\/462559670_3787732518133670_9795632669273463_n-e1731525914575.png\",\"width\":180,\"height\":60,\"caption\":\"COM Group Ecommerce\"},\"image\":{\"@id\":\"https:\\\/\\\/www.malinashop.lt\\\/#\\\/schema\\\/logo\\\/image\\\/\"}}]}<\/script>\n<!-- \/ Yoast SEO plugin. -->","yoast_head_json":{"title":"MalinaShop.lt J\u016bs\u0173 sveikatai ir gro\u017eiui. SINOZ veido serumas nuo pigmentini\u0173 d\u0117mi\u0173 ALPHA ARBUTIN SERUM, 30 ml -","description":"Pasiek lygesn\u0119 ir \u0161viesesn\u0119 od\u0105! SINOZ veido serumas nuo pigmentini\u0173 d\u0117mi\u0173 su alpha arbutinu ma\u017eina d\u0117mes ir apsaugo nuo nauj\u0173 atsiradimo kasdien.","robots":{"index":"index","follow":"follow","max-snippet":"max-snippet:-1","max-image-preview":"max-image-preview:large","max-video-preview":"max-video-preview:-1"},"canonical":"https:\/\/www.malinashop.lt\/en\/shop\/sinoz-veido-serumas-nuo-pigmentiniu-demiu-alpha-arbutin-serum-30-ml\/","og_locale":"en_GB","og_type":"article","og_title":"MalinaShop.lt J\u016bs\u0173 sveikatai ir gro\u017eiui. SINOZ veido serumas nuo pigmentini\u0173 d\u0117mi\u0173 ALPHA ARBUTIN SERUM, 30 ml -","og_description":"Pasiek lygesn\u0119 ir \u0161viesesn\u0119 od\u0105! SINOZ veido serumas nuo pigmentini\u0173 d\u0117mi\u0173 su alpha arbutinu ma\u017eina d\u0117mes ir apsaugo nuo nauj\u0173 atsiradimo kasdien.","og_url":"https:\/\/www.malinashop.lt\/en\/shop\/sinoz-veido-serumas-nuo-pigmentiniu-demiu-alpha-arbutin-serum-30-ml\/","og_site_name":"MalinaShop.lt J\u016bs\u0173 sveikatai ir gro\u017eiui.","article_modified_time":"2026-03-18T09:28:02+00:00","og_image":[{"width":768,"height":768,"url":"https:\/\/www.malinashop.lt\/wp-content\/uploads\/2025\/10\/SINOZ-veido-serumas-nuo-pigmentiniu-demiu-ALPHA-ARBUTIN-SERUM-30-ml.webp","type":"image\/webp"}],"twitter_card":"summary_large_image","schema":{"@context":"https:\/\/schema.org","@graph":[{"@type":"WebPage","@id":"https:\/\/www.malinashop.lt\/lt_lt\/shop\/sinoz-veido-serumas-nuo-pigmentiniu-demiu-alpha-arbutin-serum-30-ml\/","url":"https:\/\/www.malinashop.lt\/lt_lt\/shop\/sinoz-veido-serumas-nuo-pigmentiniu-demiu-alpha-arbutin-serum-30-ml\/","name":"MalinaShop.lt J\u016bs\u0173 sveikatai ir gro\u017eiui. SINOZ veido serumas nuo pigmentini\u0173 d\u0117mi\u0173 ALPHA ARBUTIN SERUM, 30 ml -","isPartOf":{"@id":"https:\/\/www.malinashop.lt\/#website"},"primaryImageOfPage":{"@id":"https:\/\/www.malinashop.lt\/lt_lt\/shop\/sinoz-veido-serumas-nuo-pigmentiniu-demiu-alpha-arbutin-serum-30-ml\/#primaryimage"},"image":{"@id":"https:\/\/www.malinashop.lt\/lt_lt\/shop\/sinoz-veido-serumas-nuo-pigmentiniu-demiu-alpha-arbutin-serum-30-ml\/#primaryimage"},"thumbnailUrl":"https:\/\/www.malinashop.lt\/wp-content\/uploads\/2025\/10\/SINOZ-veido-serumas-nuo-pigmentiniu-demiu-ALPHA-ARBUTIN-SERUM-30-ml.webp","datePublished":"2025-10-20T11:18:21+00:00","dateModified":"2026-03-18T09:28:02+00:00","description":"Pasiek lygesn\u0119 ir \u0161viesesn\u0119 od\u0105! SINOZ veido serumas nuo pigmentini\u0173 d\u0117mi\u0173 su alpha arbutinu ma\u017eina d\u0117mes ir apsaugo nuo nauj\u0173 atsiradimo kasdien.","breadcrumb":{"@id":"https:\/\/www.malinashop.lt\/lt_lt\/shop\/sinoz-veido-serumas-nuo-pigmentiniu-demiu-alpha-arbutin-serum-30-ml\/#breadcrumb"},"inLanguage":"en-GB","potentialAction":[{"@type":"ReadAction","target":["https:\/\/www.malinashop.lt\/lt_lt\/shop\/sinoz-veido-serumas-nuo-pigmentiniu-demiu-alpha-arbutin-serum-30-ml\/"]}]},{"@type":"ImageObject","inLanguage":"en-GB","@id":"https:\/\/www.malinashop.lt\/lt_lt\/shop\/sinoz-veido-serumas-nuo-pigmentiniu-demiu-alpha-arbutin-serum-30-ml\/#primaryimage","url":"https:\/\/www.malinashop.lt\/wp-content\/uploads\/2025\/10\/SINOZ-veido-serumas-nuo-pigmentiniu-demiu-ALPHA-ARBUTIN-SERUM-30-ml.webp","contentUrl":"https:\/\/www.malinashop.lt\/wp-content\/uploads\/2025\/10\/SINOZ-veido-serumas-nuo-pigmentiniu-demiu-ALPHA-ARBUTIN-SERUM-30-ml.webp","width":768,"height":768},{"@type":"BreadcrumbList","@id":"https:\/\/www.malinashop.lt\/lt_lt\/shop\/sinoz-veido-serumas-nuo-pigmentiniu-demiu-alpha-arbutin-serum-30-ml\/#breadcrumb","itemListElement":[{"@type":"ListItem","position":1,"name":"Pagrindinis","item":"https:\/\/www.malinashop.lt\/"},{"@type":"ListItem","position":2,"name":"Parduotuv\u0117","item":"https:\/\/www.malinashop.lt\/en\/parduotuve\/"},{"@type":"ListItem","position":3,"name":"SINOZ veido serumas nuo pigmentini\u0173 d\u0117mi\u0173 ALPHA ARBUTIN SERUM, 30 ml"}]},{"@type":"WebSite","@id":"https:\/\/www.malinashop.lt\/#website","url":"https:\/\/www.malinashop.lt\/","name":"COM Group Ecommerce","description":"MalinaShop.lt - Gro\u017eio ir sveikatos produktai i\u0161 patikim\u0173 preki\u0173 \u017eenkl\u0173. Atraskite auk\u0161tos kokyb\u0117s kosmetik\u0105 u\u017e puiki\u0105 kain\u0105.","publisher":{"@id":"https:\/\/www.malinashop.lt\/#organization"},"potentialAction":[{"@type":"SearchAction","target":{"@type":"EntryPoint","urlTemplate":"https:\/\/www.malinashop.lt\/?s={search_term_string}"},"query-input":{"@type":"PropertyValueSpecification","valueRequired":true,"valueName":"search_term_string"}}],"inLanguage":"en-GB"},{"@type":"Organization","@id":"https:\/\/www.malinashop.lt\/#organization","name":"COM Group Ecommerce","url":"https:\/\/www.malinashop.lt\/","logo":{"@type":"ImageObject","inLanguage":"en-GB","@id":"https:\/\/www.malinashop.lt\/#\/schema\/logo\/image\/","url":"https:\/\/www.malinashop.lt\/wp-content\/uploads\/2024\/08\/462559670_3787732518133670_9795632669273463_n-e1731525914575.png","contentUrl":"https:\/\/www.malinashop.lt\/wp-content\/uploads\/2024\/08\/462559670_3787732518133670_9795632669273463_n-e1731525914575.png","width":180,"height":60,"caption":"COM Group Ecommerce"},"image":{"@id":"https:\/\/www.malinashop.lt\/#\/schema\/logo\/image\/"}}]}},"jetpack_sharing_enabled":true,"_links":{"self":[{"href":"https:\/\/www.malinashop.lt\/en\/wp-json\/wp\/v2\/product\/58932","targetHints":{"allow":["GET"]}}],"collection":[{"href":"https:\/\/www.malinashop.lt\/en\/wp-json\/wp\/v2\/product"}],"about":[{"href":"https:\/\/www.malinashop.lt\/en\/wp-json\/wp\/v2\/types\/product"}],"version-history":[{"count":1,"href":"https:\/\/www.malinashop.lt\/en\/wp-json\/wp\/v2\/product\/58932\/revisions"}],"predecessor-version":[{"id":58934,"href":"https:\/\/www.malinashop.lt\/en\/wp-json\/wp\/v2\/product\/58932\/revisions\/58934"}],"wp:featuredmedia":[{"embeddable":true,"href":"https:\/\/www.malinashop.lt\/en\/wp-json\/wp\/v2\/media\/58933"}],"wp:attachment":[{"href":"https:\/\/www.malinashop.lt\/en\/wp-json\/wp\/v2\/media?parent=58932"}],"wp:term":[{"taxonomy":"product_brand","embeddable":true,"href":"https:\/\/www.malinashop.lt\/en\/wp-json\/wp\/v2\/product_brand?post=58932"},{"taxonomy":"product_cat","embeddable":true,"href":"https:\/\/www.malinashop.lt\/en\/wp-json\/wp\/v2\/product_cat?post=58932"},{"taxonomy":"product_tag","embeddable":true,"href":"https:\/\/www.malinashop.lt\/en\/wp-json\/wp\/v2\/product_tag?post=58932"}],"curies":[{"name":"wp","href":"https:\/\/api.w.org\/{rel}","templated":true}]}}