{"id":58922,"date":"2025-10-20T14:10:32","date_gmt":"2025-10-20T11:10:32","guid":{"rendered":"https:\/\/malinashop.lt\/?post_type=product&#038;p=58922"},"modified":"2026-03-18T12:28:03","modified_gmt":"2026-03-18T09:28:03","slug":"sinoz-svytejimo-suteikiantis-veido-tonikas-glow-tonic-200-ml","status":"publish","type":"product","link":"https:\/\/www.malinashop.lt\/en\/shop\/sinoz-svytejimo-suteikiantis-veido-tonikas-glow-tonic-200-ml\/","title":{"rendered":"SINOZ \u0161vyt\u0117jimo suteikiantis veido tonikas GLOW TONIC, 200 ml"},"content":{"rendered":"<p data-start=\"644\" data-end=\"962\"><strong data-start=\"644\" data-end=\"701\">SINOZ \u0161vyt\u0117jimo suteikiantis veido tonikas GLOW TONIC<\/strong> \u2013 tai gaivinanti ir od\u0105 atnaujinanti tonizuojanti priemon\u0117, kuri padeda i\u0161laikyti \u0161vari\u0105, lygi\u0105 ir \u0161vytin\u010di\u0105 od\u0105. \u0160is <strong data-start=\"820\" data-end=\"860\">\u0161vyt\u0117jimo suteikiantis veido tonikas<\/strong> nuvalo riebal\u0173 pertekli\u0173, ne\u0161varumus ir makia\u017eo liku\u010dius, sulygina odos atspalv\u012f ir suteikia gaivumo.<\/p>\n<p data-start=\"964\" data-end=\"1245\">Formul\u0117 praturtinta <strong data-start=\"984\" data-end=\"1008\">5% glikolio r\u016bg\u0161timi<\/strong>, kuri lengvai eksfoliuoja odos pavir\u0161i\u0173, skatina l\u0105steli\u0173 atsinaujinim\u0105 ir suteikia skaistumo. <strong data-start=\"1104\" data-end=\"1120\">Niacinamidas<\/strong> padeda ma\u017einti pigmentines d\u0117mes ir por\u0173 matomum\u0105, <strong data-start=\"1172\" data-end=\"1184\">alavijas<\/strong> ramina, o <strong data-start=\"1195\" data-end=\"1207\">\u017een\u0161enis<\/strong> atgaivina od\u0105 bei suteikia energijos.<\/p>\n<p data-start=\"1247\" data-end=\"1362\">\u0160is tonikas taip pat padeda <strong data-start=\"1275\" data-end=\"1362\">stangrinti od\u0105, pagerina jos tekst\u016br\u0105 ir sukuria ilgalaik\u012f sveiko \u0161vyt\u0117jimo efekt\u0105.<\/strong><\/p>\n<p data-start=\"1364\" data-end=\"1396\"><strong data-start=\"1364\" data-end=\"1396\">SINOZ GLOW TONIC privalumai:<\/strong><\/p>\n<ul data-start=\"1397\" data-end=\"1716\">\n<li data-start=\"1397\" data-end=\"1439\">\n<p data-start=\"1399\" data-end=\"1439\">Nuvalo ne\u0161varumus ir riebal\u0173 pertekli\u0173<\/p>\n<\/li>\n<li data-start=\"1440\" data-end=\"1474\">\n<p data-start=\"1442\" data-end=\"1474\">\u0160viesina ir sulygina odos ton\u0105<\/p>\n<\/li>\n<li data-start=\"1475\" data-end=\"1506\">\n<p data-start=\"1477\" data-end=\"1506\">Suteikia nat\u016bral\u0173 \u0161vyt\u0117jim\u0105<\/p>\n<\/li>\n<li data-start=\"1507\" data-end=\"1551\">\n<p data-start=\"1509\" data-end=\"1551\">5% glikolio r\u016bg\u0161tis \u0161velniai eksfoliuoja<\/p>\n<\/li>\n<li data-start=\"1552\" data-end=\"1588\">\n<p data-start=\"1554\" data-end=\"1588\">Niacinamidas ma\u017eina pigmentacij\u0105<\/p>\n<\/li>\n<li data-start=\"1589\" data-end=\"1612\">\n<p data-start=\"1591\" data-end=\"1612\">Alavijas ramina od\u0105<\/p>\n<\/li>\n<li data-start=\"1613\" data-end=\"1657\">\n<p data-start=\"1615\" data-end=\"1657\">\u017den\u0161enis atgaivina ir suteikia energijos<\/p>\n<\/li>\n<li data-start=\"1658\" data-end=\"1686\">\n<p data-start=\"1660\" data-end=\"1686\">Stangrina ir gaivina od\u0105<\/p>\n<\/li>\n<li data-start=\"1687\" data-end=\"1716\">\n<p data-start=\"1689\" data-end=\"1716\">Tinka kasdieniam naudojimui<\/p>\n<\/li>\n<\/ul>\n<p data-start=\"1718\" data-end=\"1902\"><strong data-start=\"1718\" data-end=\"1733\">Naudojimas:<\/strong><br data-start=\"1733\" data-end=\"1736\" \/>Tepkite tonik\u0105 ryte ir \/ arba vakare ant \u0161varios odos su vatos diskeliu po makia\u017eo pa\u0161alinimo. Nenuskalaukite. Jei naudojate ryte \u2013 rekomenduojama apsauga nuo saul\u0117s.<\/p>\n<p data-start=\"1904\" data-end=\"1981\"><strong data-start=\"1904\" data-end=\"1924\">SINOZ GLOW TONIC<\/strong> \u2013 skaisti, lygi ir \u0161vytinti oda vos per kelias sekundes.<\/p>\n","protected":false},"excerpt":{"rendered":"<p data-start=\"459\" data-end=\"572\">SINOZ \u0161vyt\u0117jimo suteikiantis veido tonikas valo od\u0105, \u0161viesina atspalv\u012f, stangrina ir suteikia nat\u016bral\u0173 \u0161vyt\u0117jim\u0105.<\/p>\n<p data-start=\"459\" data-end=\"572\">\n","protected":false},"featured_media":58923,"template":"","meta":[],"product_brand":[1354],"product_cat":[537,728],"product_tag":[1619],"class_list":{"0":"post-58922","1":"product","2":"type-product","3":"status-publish","4":"has-post-thumbnail","6":"product_brand-sinoz","7":"product_cat-veido-valymo-priemones","8":"product_cat-veidui","9":"product_tag-sinoz","11":"first","12":"instock","13":"sale","14":"taxable","15":"shipping-taxable","16":"purchasable","17":"product-type-simple"},"yoast_head":"<!-- This site is optimized with the Yoast SEO plugin v27.4 - https:\/\/yoast.com\/product\/yoast-seo-wordpress\/ -->\n<title>MalinaShop.lt J\u016bs\u0173 sveikatai ir gro\u017eiui. SINOZ \u0161vyt\u0117jimo suteikiantis veido tonikas GLOW TONIC, 200 ml -<\/title>\n<meta name=\"description\" content=\"Suteik odai \u0161vyt\u0117jimo! SINOZ \u0161vyt\u0117jimo suteikiantis veido tonikas su glikolio r\u016bg\u0161timi valo, skaistina, stangrina ir atgaivina od\u0105 kasdien.\" \/>\n<meta name=\"robots\" content=\"index, follow, max-snippet:-1, max-image-preview:large, max-video-preview:-1\" \/>\n<link rel=\"canonical\" href=\"https:\/\/www.malinashop.lt\/en\/shop\/sinoz-svytejimo-suteikiantis-veido-tonikas-glow-tonic-200-ml\/\" \/>\n<meta property=\"og:locale\" content=\"en_GB\" \/>\n<meta property=\"og:type\" content=\"article\" \/>\n<meta property=\"og:title\" content=\"MalinaShop.lt J\u016bs\u0173 sveikatai ir gro\u017eiui. SINOZ \u0161vyt\u0117jimo suteikiantis veido tonikas GLOW TONIC, 200 ml -\" \/>\n<meta property=\"og:description\" content=\"Suteik odai \u0161vyt\u0117jimo! SINOZ \u0161vyt\u0117jimo suteikiantis veido tonikas su glikolio r\u016bg\u0161timi valo, skaistina, stangrina ir atgaivina od\u0105 kasdien.\" \/>\n<meta property=\"og:url\" content=\"https:\/\/www.malinashop.lt\/en\/shop\/sinoz-svytejimo-suteikiantis-veido-tonikas-glow-tonic-200-ml\/\" \/>\n<meta property=\"og:site_name\" content=\"MalinaShop.lt J\u016bs\u0173 sveikatai ir gro\u017eiui.\" \/>\n<meta property=\"article:modified_time\" content=\"2026-03-18T09:28:03+00:00\" \/>\n<meta property=\"og:image\" content=\"https:\/\/www.malinashop.lt\/wp-content\/uploads\/2025\/10\/SINOZ-svytejimo-suteikiantis-veido-tonikas-GLOW-TONIC-200-ml.webp\" \/>\n\t<meta property=\"og:image:width\" content=\"768\" \/>\n\t<meta property=\"og:image:height\" content=\"768\" \/>\n\t<meta property=\"og:image:type\" content=\"image\/webp\" \/>\n<meta name=\"twitter:card\" content=\"summary_large_image\" \/>\n<script type=\"application\/ld+json\" class=\"yoast-schema-graph\">{\"@context\":\"https:\\\/\\\/schema.org\",\"@graph\":[{\"@type\":\"WebPage\",\"@id\":\"https:\\\/\\\/www.malinashop.lt\\\/shop\\\/sinoz-svytejimo-suteikiantis-veido-tonikas-glow-tonic-200-ml\\\/\",\"url\":\"https:\\\/\\\/www.malinashop.lt\\\/shop\\\/sinoz-svytejimo-suteikiantis-veido-tonikas-glow-tonic-200-ml\\\/\",\"name\":\"MalinaShop.lt J\u016bs\u0173 sveikatai ir gro\u017eiui. SINOZ \u0161vyt\u0117jimo suteikiantis veido tonikas GLOW TONIC, 200 ml -\",\"isPartOf\":{\"@id\":\"https:\\\/\\\/www.malinashop.lt\\\/#website\"},\"primaryImageOfPage\":{\"@id\":\"https:\\\/\\\/www.malinashop.lt\\\/shop\\\/sinoz-svytejimo-suteikiantis-veido-tonikas-glow-tonic-200-ml\\\/#primaryimage\"},\"image\":{\"@id\":\"https:\\\/\\\/www.malinashop.lt\\\/shop\\\/sinoz-svytejimo-suteikiantis-veido-tonikas-glow-tonic-200-ml\\\/#primaryimage\"},\"thumbnailUrl\":\"https:\\\/\\\/www.malinashop.lt\\\/wp-content\\\/uploads\\\/2025\\\/10\\\/SINOZ-svytejimo-suteikiantis-veido-tonikas-GLOW-TONIC-200-ml.webp\",\"datePublished\":\"2025-10-20T11:10:32+00:00\",\"dateModified\":\"2026-03-18T09:28:03+00:00\",\"description\":\"Suteik odai \u0161vyt\u0117jimo! SINOZ \u0161vyt\u0117jimo suteikiantis veido tonikas su glikolio r\u016bg\u0161timi valo, skaistina, stangrina ir atgaivina od\u0105 kasdien.\",\"breadcrumb\":{\"@id\":\"https:\\\/\\\/www.malinashop.lt\\\/shop\\\/sinoz-svytejimo-suteikiantis-veido-tonikas-glow-tonic-200-ml\\\/#breadcrumb\"},\"inLanguage\":\"en-GB\",\"potentialAction\":[{\"@type\":\"ReadAction\",\"target\":[\"https:\\\/\\\/www.malinashop.lt\\\/shop\\\/sinoz-svytejimo-suteikiantis-veido-tonikas-glow-tonic-200-ml\\\/\"]}]},{\"@type\":\"ImageObject\",\"inLanguage\":\"en-GB\",\"@id\":\"https:\\\/\\\/www.malinashop.lt\\\/shop\\\/sinoz-svytejimo-suteikiantis-veido-tonikas-glow-tonic-200-ml\\\/#primaryimage\",\"url\":\"https:\\\/\\\/www.malinashop.lt\\\/wp-content\\\/uploads\\\/2025\\\/10\\\/SINOZ-svytejimo-suteikiantis-veido-tonikas-GLOW-TONIC-200-ml.webp\",\"contentUrl\":\"https:\\\/\\\/www.malinashop.lt\\\/wp-content\\\/uploads\\\/2025\\\/10\\\/SINOZ-svytejimo-suteikiantis-veido-tonikas-GLOW-TONIC-200-ml.webp\",\"width\":768,\"height\":768},{\"@type\":\"BreadcrumbList\",\"@id\":\"https:\\\/\\\/www.malinashop.lt\\\/shop\\\/sinoz-svytejimo-suteikiantis-veido-tonikas-glow-tonic-200-ml\\\/#breadcrumb\",\"itemListElement\":[{\"@type\":\"ListItem\",\"position\":1,\"name\":\"Pagrindinis\",\"item\":\"https:\\\/\\\/www.malinashop.lt\\\/\"},{\"@type\":\"ListItem\",\"position\":2,\"name\":\"Parduotuv\u0117\",\"item\":\"https:\\\/\\\/www.malinashop.lt\\\/en\\\/parduotuve\\\/\"},{\"@type\":\"ListItem\",\"position\":3,\"name\":\"SINOZ \u0161vyt\u0117jimo suteikiantis veido tonikas GLOW TONIC, 200 ml\"}]},{\"@type\":\"WebSite\",\"@id\":\"https:\\\/\\\/www.malinashop.lt\\\/#website\",\"url\":\"https:\\\/\\\/www.malinashop.lt\\\/\",\"name\":\"COM Group Ecommerce\",\"description\":\"MalinaShop.lt - Gro\u017eio ir sveikatos produktai i\u0161 patikim\u0173 preki\u0173 \u017eenkl\u0173. Atraskite auk\u0161tos kokyb\u0117s kosmetik\u0105 u\u017e puiki\u0105 kain\u0105.\",\"publisher\":{\"@id\":\"https:\\\/\\\/www.malinashop.lt\\\/#organization\"},\"potentialAction\":[{\"@type\":\"SearchAction\",\"target\":{\"@type\":\"EntryPoint\",\"urlTemplate\":\"https:\\\/\\\/www.malinashop.lt\\\/?s={search_term_string}\"},\"query-input\":{\"@type\":\"PropertyValueSpecification\",\"valueRequired\":true,\"valueName\":\"search_term_string\"}}],\"inLanguage\":\"en-GB\"},{\"@type\":\"Organization\",\"@id\":\"https:\\\/\\\/www.malinashop.lt\\\/#organization\",\"name\":\"COM Group Ecommerce\",\"url\":\"https:\\\/\\\/www.malinashop.lt\\\/\",\"logo\":{\"@type\":\"ImageObject\",\"inLanguage\":\"en-GB\",\"@id\":\"https:\\\/\\\/www.malinashop.lt\\\/#\\\/schema\\\/logo\\\/image\\\/\",\"url\":\"https:\\\/\\\/www.malinashop.lt\\\/wp-content\\\/uploads\\\/2024\\\/08\\\/462559670_3787732518133670_9795632669273463_n-e1731525914575.png\",\"contentUrl\":\"https:\\\/\\\/www.malinashop.lt\\\/wp-content\\\/uploads\\\/2024\\\/08\\\/462559670_3787732518133670_9795632669273463_n-e1731525914575.png\",\"width\":180,\"height\":60,\"caption\":\"COM Group Ecommerce\"},\"image\":{\"@id\":\"https:\\\/\\\/www.malinashop.lt\\\/#\\\/schema\\\/logo\\\/image\\\/\"}}]}<\/script>\n<!-- \/ Yoast SEO plugin. -->","yoast_head_json":{"title":"MalinaShop.lt J\u016bs\u0173 sveikatai ir gro\u017eiui. SINOZ \u0161vyt\u0117jimo suteikiantis veido tonikas GLOW TONIC, 200 ml -","description":"Suteik odai \u0161vyt\u0117jimo! SINOZ \u0161vyt\u0117jimo suteikiantis veido tonikas su glikolio r\u016bg\u0161timi valo, skaistina, stangrina ir atgaivina od\u0105 kasdien.","robots":{"index":"index","follow":"follow","max-snippet":"max-snippet:-1","max-image-preview":"max-image-preview:large","max-video-preview":"max-video-preview:-1"},"canonical":"https:\/\/www.malinashop.lt\/en\/shop\/sinoz-svytejimo-suteikiantis-veido-tonikas-glow-tonic-200-ml\/","og_locale":"en_GB","og_type":"article","og_title":"MalinaShop.lt J\u016bs\u0173 sveikatai ir gro\u017eiui. SINOZ \u0161vyt\u0117jimo suteikiantis veido tonikas GLOW TONIC, 200 ml -","og_description":"Suteik odai \u0161vyt\u0117jimo! SINOZ \u0161vyt\u0117jimo suteikiantis veido tonikas su glikolio r\u016bg\u0161timi valo, skaistina, stangrina ir atgaivina od\u0105 kasdien.","og_url":"https:\/\/www.malinashop.lt\/en\/shop\/sinoz-svytejimo-suteikiantis-veido-tonikas-glow-tonic-200-ml\/","og_site_name":"MalinaShop.lt J\u016bs\u0173 sveikatai ir gro\u017eiui.","article_modified_time":"2026-03-18T09:28:03+00:00","og_image":[{"width":768,"height":768,"url":"https:\/\/www.malinashop.lt\/wp-content\/uploads\/2025\/10\/SINOZ-svytejimo-suteikiantis-veido-tonikas-GLOW-TONIC-200-ml.webp","type":"image\/webp"}],"twitter_card":"summary_large_image","schema":{"@context":"https:\/\/schema.org","@graph":[{"@type":"WebPage","@id":"https:\/\/www.malinashop.lt\/shop\/sinoz-svytejimo-suteikiantis-veido-tonikas-glow-tonic-200-ml\/","url":"https:\/\/www.malinashop.lt\/shop\/sinoz-svytejimo-suteikiantis-veido-tonikas-glow-tonic-200-ml\/","name":"MalinaShop.lt J\u016bs\u0173 sveikatai ir gro\u017eiui. SINOZ \u0161vyt\u0117jimo suteikiantis veido tonikas GLOW TONIC, 200 ml -","isPartOf":{"@id":"https:\/\/www.malinashop.lt\/#website"},"primaryImageOfPage":{"@id":"https:\/\/www.malinashop.lt\/shop\/sinoz-svytejimo-suteikiantis-veido-tonikas-glow-tonic-200-ml\/#primaryimage"},"image":{"@id":"https:\/\/www.malinashop.lt\/shop\/sinoz-svytejimo-suteikiantis-veido-tonikas-glow-tonic-200-ml\/#primaryimage"},"thumbnailUrl":"https:\/\/www.malinashop.lt\/wp-content\/uploads\/2025\/10\/SINOZ-svytejimo-suteikiantis-veido-tonikas-GLOW-TONIC-200-ml.webp","datePublished":"2025-10-20T11:10:32+00:00","dateModified":"2026-03-18T09:28:03+00:00","description":"Suteik odai \u0161vyt\u0117jimo! SINOZ \u0161vyt\u0117jimo suteikiantis veido tonikas su glikolio r\u016bg\u0161timi valo, skaistina, stangrina ir atgaivina od\u0105 kasdien.","breadcrumb":{"@id":"https:\/\/www.malinashop.lt\/shop\/sinoz-svytejimo-suteikiantis-veido-tonikas-glow-tonic-200-ml\/#breadcrumb"},"inLanguage":"en-GB","potentialAction":[{"@type":"ReadAction","target":["https:\/\/www.malinashop.lt\/shop\/sinoz-svytejimo-suteikiantis-veido-tonikas-glow-tonic-200-ml\/"]}]},{"@type":"ImageObject","inLanguage":"en-GB","@id":"https:\/\/www.malinashop.lt\/shop\/sinoz-svytejimo-suteikiantis-veido-tonikas-glow-tonic-200-ml\/#primaryimage","url":"https:\/\/www.malinashop.lt\/wp-content\/uploads\/2025\/10\/SINOZ-svytejimo-suteikiantis-veido-tonikas-GLOW-TONIC-200-ml.webp","contentUrl":"https:\/\/www.malinashop.lt\/wp-content\/uploads\/2025\/10\/SINOZ-svytejimo-suteikiantis-veido-tonikas-GLOW-TONIC-200-ml.webp","width":768,"height":768},{"@type":"BreadcrumbList","@id":"https:\/\/www.malinashop.lt\/shop\/sinoz-svytejimo-suteikiantis-veido-tonikas-glow-tonic-200-ml\/#breadcrumb","itemListElement":[{"@type":"ListItem","position":1,"name":"Pagrindinis","item":"https:\/\/www.malinashop.lt\/"},{"@type":"ListItem","position":2,"name":"Parduotuv\u0117","item":"https:\/\/www.malinashop.lt\/en\/parduotuve\/"},{"@type":"ListItem","position":3,"name":"SINOZ \u0161vyt\u0117jimo suteikiantis veido tonikas GLOW TONIC, 200 ml"}]},{"@type":"WebSite","@id":"https:\/\/www.malinashop.lt\/#website","url":"https:\/\/www.malinashop.lt\/","name":"COM Group Ecommerce","description":"MalinaShop.lt - Gro\u017eio ir sveikatos produktai i\u0161 patikim\u0173 preki\u0173 \u017eenkl\u0173. Atraskite auk\u0161tos kokyb\u0117s kosmetik\u0105 u\u017e puiki\u0105 kain\u0105.","publisher":{"@id":"https:\/\/www.malinashop.lt\/#organization"},"potentialAction":[{"@type":"SearchAction","target":{"@type":"EntryPoint","urlTemplate":"https:\/\/www.malinashop.lt\/?s={search_term_string}"},"query-input":{"@type":"PropertyValueSpecification","valueRequired":true,"valueName":"search_term_string"}}],"inLanguage":"en-GB"},{"@type":"Organization","@id":"https:\/\/www.malinashop.lt\/#organization","name":"COM Group Ecommerce","url":"https:\/\/www.malinashop.lt\/","logo":{"@type":"ImageObject","inLanguage":"en-GB","@id":"https:\/\/www.malinashop.lt\/#\/schema\/logo\/image\/","url":"https:\/\/www.malinashop.lt\/wp-content\/uploads\/2024\/08\/462559670_3787732518133670_9795632669273463_n-e1731525914575.png","contentUrl":"https:\/\/www.malinashop.lt\/wp-content\/uploads\/2024\/08\/462559670_3787732518133670_9795632669273463_n-e1731525914575.png","width":180,"height":60,"caption":"COM Group Ecommerce"},"image":{"@id":"https:\/\/www.malinashop.lt\/#\/schema\/logo\/image\/"}}]}},"jetpack_sharing_enabled":true,"_links":{"self":[{"href":"https:\/\/www.malinashop.lt\/en\/wp-json\/wp\/v2\/product\/58922","targetHints":{"allow":["GET"]}}],"collection":[{"href":"https:\/\/www.malinashop.lt\/en\/wp-json\/wp\/v2\/product"}],"about":[{"href":"https:\/\/www.malinashop.lt\/en\/wp-json\/wp\/v2\/types\/product"}],"version-history":[{"count":2,"href":"https:\/\/www.malinashop.lt\/en\/wp-json\/wp\/v2\/product\/58922\/revisions"}],"predecessor-version":[{"id":58928,"href":"https:\/\/www.malinashop.lt\/en\/wp-json\/wp\/v2\/product\/58922\/revisions\/58928"}],"wp:featuredmedia":[{"embeddable":true,"href":"https:\/\/www.malinashop.lt\/en\/wp-json\/wp\/v2\/media\/58923"}],"wp:attachment":[{"href":"https:\/\/www.malinashop.lt\/en\/wp-json\/wp\/v2\/media?parent=58922"}],"wp:term":[{"taxonomy":"product_brand","embeddable":true,"href":"https:\/\/www.malinashop.lt\/en\/wp-json\/wp\/v2\/product_brand?post=58922"},{"taxonomy":"product_cat","embeddable":true,"href":"https:\/\/www.malinashop.lt\/en\/wp-json\/wp\/v2\/product_cat?post=58922"},{"taxonomy":"product_tag","embeddable":true,"href":"https:\/\/www.malinashop.lt\/en\/wp-json\/wp\/v2\/product_tag?post=58922"}],"curies":[{"name":"wp","href":"https:\/\/api.w.org\/{rel}","templated":true}]}}