{"id":58919,"date":"2025-10-20T13:57:50","date_gmt":"2025-10-20T10:57:50","guid":{"rendered":"https:\/\/malinashop.lt\/?post_type=product&#038;p=58919"},"modified":"2026-03-18T12:28:04","modified_gmt":"2026-03-18T09:28:04","slug":"sinoz-gelinis-veido-prausiklis-riebiai-ir-misriai-odai-perfect-sebum-400-ml","status":"publish","type":"product","link":"https:\/\/www.malinashop.lt\/en\/shop\/sinoz-gelinis-veido-prausiklis-riebiai-ir-misriai-odai-perfect-sebum-400-ml\/","title":{"rendered":"SINOZ gelinis veido prausiklis riebiai ir mi\u0161riai odai PERFECT SEBUM, 400 ml"},"content":{"rendered":"<p data-start=\"611\" data-end=\"955\"><strong data-start=\"611\" data-end=\"683\">SINOZ gelinis veido prausiklis riebiai ir mi\u0161riai odai PERFECT SEBUM<\/strong> \u2013 intensyviai, bet \u0161velniai valantis prausiklis, sukurtas odai, linkusiai \u012f riebum\u0105, blizges\u012f, spuogus ir ink\u0161tirus. \u0160is <strong data-start=\"805\" data-end=\"846\">gelinis veido prausiklis riebiai odai<\/strong> pa\u0161alina riebal\u0173 pertekli\u0173, ne\u0161varumus, makia\u017e\u0105 ir padeda i\u0161laikyti \u0161vari\u0105, subalansuot\u0105 od\u0105 be diskomforto.<\/p>\n<p data-start=\"957\" data-end=\"1204\">Formul\u0117 padeda <strong data-start=\"972\" data-end=\"999\">suma\u017einti por\u0173 matomum\u0105<\/strong>, reguliuoja sebumo gamyb\u0105 ir apsaugo nuo nauj\u0173 odos netobulum\u0173 atsiradimo. D\u0117l veikli\u0173j\u0173 med\u017eiag\u0173 prausiklis <strong data-start=\"1109\" data-end=\"1156\">nesausina odos ir nesukelia tempimo poj\u016b\u010dio<\/strong>, tod\u0117l oda i\u0161lieka \u0161vari, gaivi ir komforti\u0161ka.<\/p>\n<p data-start=\"1206\" data-end=\"1319\">Be to, <strong data-start=\"1213\" data-end=\"1266\">gelinis veido prausiklis dr\u0117kina ir atjaunina od\u0105<\/strong>, suteikia matin\u012f efekt\u0105 ir palaiko nat\u016bral\u0173 balans\u0105.<\/p>\n<p data-start=\"1321\" data-end=\"1356\"><strong data-start=\"1321\" data-end=\"1356\">SINOZ PERFECT SEBUM privalumai:<\/strong><\/p>\n<ul data-start=\"1357\" data-end=\"1670\">\n<li data-start=\"1357\" data-end=\"1376\">\n<p data-start=\"1359\" data-end=\"1376\">Giliai valo poras<\/p>\n<\/li>\n<li data-start=\"1377\" data-end=\"1425\">\n<p data-start=\"1379\" data-end=\"1425\">Pa\u0161alina riebal\u0173 pertekli\u0173 ir makia\u017eo liku\u010dius<\/p>\n<\/li>\n<li data-start=\"1426\" data-end=\"1464\">\n<p data-start=\"1428\" data-end=\"1464\">Ma\u017eina spuog\u0173 ir ink\u0161tir\u0173 atsiradim\u0105<\/p>\n<\/li>\n<li data-start=\"1465\" data-end=\"1503\">\n<p data-start=\"1467\" data-end=\"1503\">Sutraukia poras ir reguliuoja sebum\u0105<\/p>\n<\/li>\n<li data-start=\"1504\" data-end=\"1539\">\n<p data-start=\"1506\" data-end=\"1539\">Nesausina odos, nesukelia tempimo<\/p>\n<\/li>\n<li data-start=\"1540\" data-end=\"1560\">\n<p data-start=\"1542\" data-end=\"1560\">Dr\u0117kina ir gaivina<\/p>\n<\/li>\n<li data-start=\"1561\" data-end=\"1586\">\n<p data-start=\"1563\" data-end=\"1586\">Atjaunina odos i\u0161vaizd\u0105<\/p>\n<\/li>\n<li data-start=\"1587\" data-end=\"1618\">\n<p data-start=\"1589\" data-end=\"1618\">Tinka riebiai ir mi\u0161riai odai<\/p>\n<\/li>\n<li data-start=\"1619\" data-end=\"1670\">\n<p data-start=\"1621\" data-end=\"1670\">Didesn\u0117 400 ml pakuot\u0117 \u2013 ekonomi\u0161kas pasirinkimas<\/p>\n<\/li>\n<\/ul>\n<p data-start=\"1672\" data-end=\"1805\"><strong data-start=\"1672\" data-end=\"1687\">Naudojimas:<\/strong><br data-start=\"1687\" data-end=\"1690\" \/>Tepkite ant dr\u0117gnos odos, masa\u017euokite sukamaisiais judesiais, tuomet nuplaukite vandeniu. Naudokite ryte ir vakare.<\/p>\n<p data-start=\"1807\" data-end=\"1886\"><strong data-start=\"1807\" data-end=\"1837\">SINOZ PERFECT SEBUM 400 ml<\/strong> \u2013 \u0161vari, matin\u0117 ir subalansuota oda be pastang\u0173.<\/p>\n","protected":false},"excerpt":{"rendered":"<p data-start=\"401\" data-end=\"539\">SINOZ gelinis veido prausiklis riebiai ir mi\u0161riai odai \u0161velniai valo, ma\u017eina riebal\u0173 pertekli\u0173, sutraukia poras ir padeda i\u0161vengti spuog\u0173.<\/p>\n","protected":false},"featured_media":58920,"template":"","meta":[],"product_brand":[1354],"product_cat":[537,728],"product_tag":[1619],"class_list":{"0":"post-58919","1":"product","2":"type-product","3":"status-publish","4":"has-post-thumbnail","6":"product_brand-sinoz","7":"product_cat-veido-valymo-priemones","8":"product_cat-veidui","9":"product_tag-sinoz","11":"first","12":"instock","13":"sale","14":"taxable","15":"shipping-taxable","16":"purchasable","17":"product-type-simple"},"yoast_head":"<!-- This site is optimized with the Yoast SEO plugin v27.4 - https:\/\/yoast.com\/product\/yoast-seo-wordpress\/ -->\n<title>MalinaShop.lt J\u016bs\u0173 sveikatai ir gro\u017eiui. SINOZ gelinis veido prausiklis riebiai ir mi\u0161riai odai PERFECT SEBUM, 400 ml -<\/title>\n<meta name=\"description\" content=\"Idealiai tinka riebiai ir mi\u0161riai odai! SINOZ gelinis veido prausiklis ma\u017eina blizges\u012f, valo poras ir padeda i\u0161vengti spuog\u0173 nesausindamas odos. %\" \/>\n<meta name=\"robots\" content=\"index, follow, max-snippet:-1, max-image-preview:large, max-video-preview:-1\" \/>\n<link rel=\"canonical\" href=\"https:\/\/www.malinashop.lt\/en\/shop\/sinoz-gelinis-veido-prausiklis-riebiai-ir-misriai-odai-perfect-sebum-400-ml\/\" \/>\n<meta property=\"og:locale\" content=\"en_GB\" \/>\n<meta property=\"og:type\" content=\"article\" \/>\n<meta property=\"og:title\" content=\"MalinaShop.lt J\u016bs\u0173 sveikatai ir gro\u017eiui. SINOZ gelinis veido prausiklis riebiai ir mi\u0161riai odai PERFECT SEBUM, 400 ml -\" \/>\n<meta property=\"og:description\" content=\"Idealiai tinka riebiai ir mi\u0161riai odai! SINOZ gelinis veido prausiklis ma\u017eina blizges\u012f, valo poras ir padeda i\u0161vengti spuog\u0173 nesausindamas odos. %\" \/>\n<meta property=\"og:url\" content=\"https:\/\/www.malinashop.lt\/en\/shop\/sinoz-gelinis-veido-prausiklis-riebiai-ir-misriai-odai-perfect-sebum-400-ml\/\" \/>\n<meta property=\"og:site_name\" content=\"MalinaShop.lt J\u016bs\u0173 sveikatai ir gro\u017eiui.\" \/>\n<meta property=\"article:modified_time\" content=\"2026-03-18T09:28:04+00:00\" \/>\n<meta property=\"og:image\" content=\"https:\/\/www.malinashop.lt\/wp-content\/uploads\/2025\/10\/SINOZ-gelinis-veido-prausiklis-riebiai-ir-misriai-odai-PERFECT-SEBUM-400-ml.webp\" \/>\n\t<meta property=\"og:image:width\" content=\"768\" \/>\n\t<meta property=\"og:image:height\" content=\"768\" \/>\n\t<meta property=\"og:image:type\" content=\"image\/webp\" \/>\n<meta name=\"twitter:card\" content=\"summary_large_image\" \/>\n<script type=\"application\/ld+json\" class=\"yoast-schema-graph\">{\"@context\":\"https:\\\/\\\/schema.org\",\"@graph\":[{\"@type\":\"WebPage\",\"@id\":\"https:\\\/\\\/www.malinashop.lt\\\/en\\\/shop\\\/sinoz-gelinis-veido-prausiklis-riebiai-ir-misriai-odai-perfect-sebum-400-ml\\\/\",\"url\":\"https:\\\/\\\/www.malinashop.lt\\\/en\\\/shop\\\/sinoz-gelinis-veido-prausiklis-riebiai-ir-misriai-odai-perfect-sebum-400-ml\\\/\",\"name\":\"MalinaShop.lt J\u016bs\u0173 sveikatai ir gro\u017eiui. SINOZ gelinis veido prausiklis riebiai ir mi\u0161riai odai PERFECT SEBUM, 400 ml -\",\"isPartOf\":{\"@id\":\"https:\\\/\\\/www.malinashop.lt\\\/#website\"},\"primaryImageOfPage\":{\"@id\":\"https:\\\/\\\/www.malinashop.lt\\\/en\\\/shop\\\/sinoz-gelinis-veido-prausiklis-riebiai-ir-misriai-odai-perfect-sebum-400-ml\\\/#primaryimage\"},\"image\":{\"@id\":\"https:\\\/\\\/www.malinashop.lt\\\/en\\\/shop\\\/sinoz-gelinis-veido-prausiklis-riebiai-ir-misriai-odai-perfect-sebum-400-ml\\\/#primaryimage\"},\"thumbnailUrl\":\"https:\\\/\\\/www.malinashop.lt\\\/wp-content\\\/uploads\\\/2025\\\/10\\\/SINOZ-gelinis-veido-prausiklis-riebiai-ir-misriai-odai-PERFECT-SEBUM-400-ml.webp\",\"datePublished\":\"2025-10-20T10:57:50+00:00\",\"dateModified\":\"2026-03-18T09:28:04+00:00\",\"description\":\"Idealiai tinka riebiai ir mi\u0161riai odai! SINOZ gelinis veido prausiklis ma\u017eina blizges\u012f, valo poras ir padeda i\u0161vengti spuog\u0173 nesausindamas odos. %\",\"breadcrumb\":{\"@id\":\"https:\\\/\\\/www.malinashop.lt\\\/en\\\/shop\\\/sinoz-gelinis-veido-prausiklis-riebiai-ir-misriai-odai-perfect-sebum-400-ml\\\/#breadcrumb\"},\"inLanguage\":\"en-GB\",\"potentialAction\":[{\"@type\":\"ReadAction\",\"target\":[\"https:\\\/\\\/www.malinashop.lt\\\/en\\\/shop\\\/sinoz-gelinis-veido-prausiklis-riebiai-ir-misriai-odai-perfect-sebum-400-ml\\\/\"]}]},{\"@type\":\"ImageObject\",\"inLanguage\":\"en-GB\",\"@id\":\"https:\\\/\\\/www.malinashop.lt\\\/en\\\/shop\\\/sinoz-gelinis-veido-prausiklis-riebiai-ir-misriai-odai-perfect-sebum-400-ml\\\/#primaryimage\",\"url\":\"https:\\\/\\\/www.malinashop.lt\\\/wp-content\\\/uploads\\\/2025\\\/10\\\/SINOZ-gelinis-veido-prausiklis-riebiai-ir-misriai-odai-PERFECT-SEBUM-400-ml.webp\",\"contentUrl\":\"https:\\\/\\\/www.malinashop.lt\\\/wp-content\\\/uploads\\\/2025\\\/10\\\/SINOZ-gelinis-veido-prausiklis-riebiai-ir-misriai-odai-PERFECT-SEBUM-400-ml.webp\",\"width\":768,\"height\":768},{\"@type\":\"BreadcrumbList\",\"@id\":\"https:\\\/\\\/www.malinashop.lt\\\/en\\\/shop\\\/sinoz-gelinis-veido-prausiklis-riebiai-ir-misriai-odai-perfect-sebum-400-ml\\\/#breadcrumb\",\"itemListElement\":[{\"@type\":\"ListItem\",\"position\":1,\"name\":\"Pagrindinis\",\"item\":\"https:\\\/\\\/www.malinashop.lt\\\/\"},{\"@type\":\"ListItem\",\"position\":2,\"name\":\"Parduotuv\u0117\",\"item\":\"https:\\\/\\\/www.malinashop.lt\\\/en\\\/parduotuve\\\/\"},{\"@type\":\"ListItem\",\"position\":3,\"name\":\"SINOZ gelinis veido prausiklis riebiai ir mi\u0161riai odai PERFECT SEBUM, 400 ml\"}]},{\"@type\":\"WebSite\",\"@id\":\"https:\\\/\\\/www.malinashop.lt\\\/#website\",\"url\":\"https:\\\/\\\/www.malinashop.lt\\\/\",\"name\":\"COM Group Ecommerce\",\"description\":\"MalinaShop.lt - Gro\u017eio ir sveikatos produktai i\u0161 patikim\u0173 preki\u0173 \u017eenkl\u0173. Atraskite auk\u0161tos kokyb\u0117s kosmetik\u0105 u\u017e puiki\u0105 kain\u0105.\",\"publisher\":{\"@id\":\"https:\\\/\\\/www.malinashop.lt\\\/#organization\"},\"potentialAction\":[{\"@type\":\"SearchAction\",\"target\":{\"@type\":\"EntryPoint\",\"urlTemplate\":\"https:\\\/\\\/www.malinashop.lt\\\/?s={search_term_string}\"},\"query-input\":{\"@type\":\"PropertyValueSpecification\",\"valueRequired\":true,\"valueName\":\"search_term_string\"}}],\"inLanguage\":\"en-GB\"},{\"@type\":\"Organization\",\"@id\":\"https:\\\/\\\/www.malinashop.lt\\\/#organization\",\"name\":\"COM Group Ecommerce\",\"url\":\"https:\\\/\\\/www.malinashop.lt\\\/\",\"logo\":{\"@type\":\"ImageObject\",\"inLanguage\":\"en-GB\",\"@id\":\"https:\\\/\\\/www.malinashop.lt\\\/#\\\/schema\\\/logo\\\/image\\\/\",\"url\":\"https:\\\/\\\/www.malinashop.lt\\\/wp-content\\\/uploads\\\/2024\\\/08\\\/462559670_3787732518133670_9795632669273463_n-e1731525914575.png\",\"contentUrl\":\"https:\\\/\\\/www.malinashop.lt\\\/wp-content\\\/uploads\\\/2024\\\/08\\\/462559670_3787732518133670_9795632669273463_n-e1731525914575.png\",\"width\":180,\"height\":60,\"caption\":\"COM Group Ecommerce\"},\"image\":{\"@id\":\"https:\\\/\\\/www.malinashop.lt\\\/#\\\/schema\\\/logo\\\/image\\\/\"}}]}<\/script>\n<!-- \/ Yoast SEO plugin. -->","yoast_head_json":{"title":"MalinaShop.lt J\u016bs\u0173 sveikatai ir gro\u017eiui. SINOZ gelinis veido prausiklis riebiai ir mi\u0161riai odai PERFECT SEBUM, 400 ml -","description":"Idealiai tinka riebiai ir mi\u0161riai odai! SINOZ gelinis veido prausiklis ma\u017eina blizges\u012f, valo poras ir padeda i\u0161vengti spuog\u0173 nesausindamas odos. %","robots":{"index":"index","follow":"follow","max-snippet":"max-snippet:-1","max-image-preview":"max-image-preview:large","max-video-preview":"max-video-preview:-1"},"canonical":"https:\/\/www.malinashop.lt\/en\/shop\/sinoz-gelinis-veido-prausiklis-riebiai-ir-misriai-odai-perfect-sebum-400-ml\/","og_locale":"en_GB","og_type":"article","og_title":"MalinaShop.lt J\u016bs\u0173 sveikatai ir gro\u017eiui. SINOZ gelinis veido prausiklis riebiai ir mi\u0161riai odai PERFECT SEBUM, 400 ml -","og_description":"Idealiai tinka riebiai ir mi\u0161riai odai! SINOZ gelinis veido prausiklis ma\u017eina blizges\u012f, valo poras ir padeda i\u0161vengti spuog\u0173 nesausindamas odos. %","og_url":"https:\/\/www.malinashop.lt\/en\/shop\/sinoz-gelinis-veido-prausiklis-riebiai-ir-misriai-odai-perfect-sebum-400-ml\/","og_site_name":"MalinaShop.lt J\u016bs\u0173 sveikatai ir gro\u017eiui.","article_modified_time":"2026-03-18T09:28:04+00:00","og_image":[{"width":768,"height":768,"url":"https:\/\/www.malinashop.lt\/wp-content\/uploads\/2025\/10\/SINOZ-gelinis-veido-prausiklis-riebiai-ir-misriai-odai-PERFECT-SEBUM-400-ml.webp","type":"image\/webp"}],"twitter_card":"summary_large_image","schema":{"@context":"https:\/\/schema.org","@graph":[{"@type":"WebPage","@id":"https:\/\/www.malinashop.lt\/en\/shop\/sinoz-gelinis-veido-prausiklis-riebiai-ir-misriai-odai-perfect-sebum-400-ml\/","url":"https:\/\/www.malinashop.lt\/en\/shop\/sinoz-gelinis-veido-prausiklis-riebiai-ir-misriai-odai-perfect-sebum-400-ml\/","name":"MalinaShop.lt J\u016bs\u0173 sveikatai ir gro\u017eiui. SINOZ gelinis veido prausiklis riebiai ir mi\u0161riai odai PERFECT SEBUM, 400 ml -","isPartOf":{"@id":"https:\/\/www.malinashop.lt\/#website"},"primaryImageOfPage":{"@id":"https:\/\/www.malinashop.lt\/en\/shop\/sinoz-gelinis-veido-prausiklis-riebiai-ir-misriai-odai-perfect-sebum-400-ml\/#primaryimage"},"image":{"@id":"https:\/\/www.malinashop.lt\/en\/shop\/sinoz-gelinis-veido-prausiklis-riebiai-ir-misriai-odai-perfect-sebum-400-ml\/#primaryimage"},"thumbnailUrl":"https:\/\/www.malinashop.lt\/wp-content\/uploads\/2025\/10\/SINOZ-gelinis-veido-prausiklis-riebiai-ir-misriai-odai-PERFECT-SEBUM-400-ml.webp","datePublished":"2025-10-20T10:57:50+00:00","dateModified":"2026-03-18T09:28:04+00:00","description":"Idealiai tinka riebiai ir mi\u0161riai odai! SINOZ gelinis veido prausiklis ma\u017eina blizges\u012f, valo poras ir padeda i\u0161vengti spuog\u0173 nesausindamas odos. %","breadcrumb":{"@id":"https:\/\/www.malinashop.lt\/en\/shop\/sinoz-gelinis-veido-prausiklis-riebiai-ir-misriai-odai-perfect-sebum-400-ml\/#breadcrumb"},"inLanguage":"en-GB","potentialAction":[{"@type":"ReadAction","target":["https:\/\/www.malinashop.lt\/en\/shop\/sinoz-gelinis-veido-prausiklis-riebiai-ir-misriai-odai-perfect-sebum-400-ml\/"]}]},{"@type":"ImageObject","inLanguage":"en-GB","@id":"https:\/\/www.malinashop.lt\/en\/shop\/sinoz-gelinis-veido-prausiklis-riebiai-ir-misriai-odai-perfect-sebum-400-ml\/#primaryimage","url":"https:\/\/www.malinashop.lt\/wp-content\/uploads\/2025\/10\/SINOZ-gelinis-veido-prausiklis-riebiai-ir-misriai-odai-PERFECT-SEBUM-400-ml.webp","contentUrl":"https:\/\/www.malinashop.lt\/wp-content\/uploads\/2025\/10\/SINOZ-gelinis-veido-prausiklis-riebiai-ir-misriai-odai-PERFECT-SEBUM-400-ml.webp","width":768,"height":768},{"@type":"BreadcrumbList","@id":"https:\/\/www.malinashop.lt\/en\/shop\/sinoz-gelinis-veido-prausiklis-riebiai-ir-misriai-odai-perfect-sebum-400-ml\/#breadcrumb","itemListElement":[{"@type":"ListItem","position":1,"name":"Pagrindinis","item":"https:\/\/www.malinashop.lt\/"},{"@type":"ListItem","position":2,"name":"Parduotuv\u0117","item":"https:\/\/www.malinashop.lt\/en\/parduotuve\/"},{"@type":"ListItem","position":3,"name":"SINOZ gelinis veido prausiklis riebiai ir mi\u0161riai odai PERFECT SEBUM, 400 ml"}]},{"@type":"WebSite","@id":"https:\/\/www.malinashop.lt\/#website","url":"https:\/\/www.malinashop.lt\/","name":"COM Group Ecommerce","description":"MalinaShop.lt - Gro\u017eio ir sveikatos produktai i\u0161 patikim\u0173 preki\u0173 \u017eenkl\u0173. Atraskite auk\u0161tos kokyb\u0117s kosmetik\u0105 u\u017e puiki\u0105 kain\u0105.","publisher":{"@id":"https:\/\/www.malinashop.lt\/#organization"},"potentialAction":[{"@type":"SearchAction","target":{"@type":"EntryPoint","urlTemplate":"https:\/\/www.malinashop.lt\/?s={search_term_string}"},"query-input":{"@type":"PropertyValueSpecification","valueRequired":true,"valueName":"search_term_string"}}],"inLanguage":"en-GB"},{"@type":"Organization","@id":"https:\/\/www.malinashop.lt\/#organization","name":"COM Group Ecommerce","url":"https:\/\/www.malinashop.lt\/","logo":{"@type":"ImageObject","inLanguage":"en-GB","@id":"https:\/\/www.malinashop.lt\/#\/schema\/logo\/image\/","url":"https:\/\/www.malinashop.lt\/wp-content\/uploads\/2024\/08\/462559670_3787732518133670_9795632669273463_n-e1731525914575.png","contentUrl":"https:\/\/www.malinashop.lt\/wp-content\/uploads\/2024\/08\/462559670_3787732518133670_9795632669273463_n-e1731525914575.png","width":180,"height":60,"caption":"COM Group Ecommerce"},"image":{"@id":"https:\/\/www.malinashop.lt\/#\/schema\/logo\/image\/"}}]}},"jetpack_sharing_enabled":true,"_links":{"self":[{"href":"https:\/\/www.malinashop.lt\/en\/wp-json\/wp\/v2\/product\/58919","targetHints":{"allow":["GET"]}}],"collection":[{"href":"https:\/\/www.malinashop.lt\/en\/wp-json\/wp\/v2\/product"}],"about":[{"href":"https:\/\/www.malinashop.lt\/en\/wp-json\/wp\/v2\/types\/product"}],"version-history":[{"count":1,"href":"https:\/\/www.malinashop.lt\/en\/wp-json\/wp\/v2\/product\/58919\/revisions"}],"predecessor-version":[{"id":58921,"href":"https:\/\/www.malinashop.lt\/en\/wp-json\/wp\/v2\/product\/58919\/revisions\/58921"}],"wp:featuredmedia":[{"embeddable":true,"href":"https:\/\/www.malinashop.lt\/en\/wp-json\/wp\/v2\/media\/58920"}],"wp:attachment":[{"href":"https:\/\/www.malinashop.lt\/en\/wp-json\/wp\/v2\/media?parent=58919"}],"wp:term":[{"taxonomy":"product_brand","embeddable":true,"href":"https:\/\/www.malinashop.lt\/en\/wp-json\/wp\/v2\/product_brand?post=58919"},{"taxonomy":"product_cat","embeddable":true,"href":"https:\/\/www.malinashop.lt\/en\/wp-json\/wp\/v2\/product_cat?post=58919"},{"taxonomy":"product_tag","embeddable":true,"href":"https:\/\/www.malinashop.lt\/en\/wp-json\/wp\/v2\/product_tag?post=58919"}],"curies":[{"name":"wp","href":"https:\/\/api.w.org\/{rel}","templated":true}]}}