{"id":58916,"date":"2025-10-20T13:55:52","date_gmt":"2025-10-20T10:55:52","guid":{"rendered":"https:\/\/malinashop.lt\/?post_type=product&#038;p=58916"},"modified":"2026-03-18T12:28:04","modified_gmt":"2026-03-18T09:28:04","slug":"sinoz-gelinis-veido-prausiklis-riebiai-ir-misriai-odai-perfect-sebum-200-ml","status":"publish","type":"product","link":"https:\/\/www.malinashop.lt\/en\/shop\/sinoz-gelinis-veido-prausiklis-riebiai-ir-misriai-odai-perfect-sebum-200-ml\/","title":{"rendered":"SINOZ gelinis veido prausiklis riebiai ir mi\u0161riai odai PERFECT SEBUM, 200 ml"},"content":{"rendered":"<p data-start=\"640\" data-end=\"946\"><strong data-start=\"640\" data-end=\"712\">SINOZ gelinis veido prausiklis riebiai ir mi\u0161riai odai PERFECT SEBUM<\/strong> sukurtas specialiai odai, linkusiai \u012f riebum\u0105, spuogus ir ink\u0161tirus. \u0160is <strong data-start=\"786\" data-end=\"827\">gelinis veido prausiklis riebiai odai<\/strong> efektyviai pa\u0161alina riebal\u0173 pertekli\u0173, ne\u0161varumus ir makia\u017eo liku\u010dius, padeda i\u0161valyti poras ir suma\u017einti j\u0173 matomum\u0105.<\/p>\n<p data-start=\"948\" data-end=\"1188\">D\u0117l subalansuotos formul\u0117s prausiklis <strong data-start=\"986\" data-end=\"1025\">nesausina odos ir nesukelia tempimo<\/strong>, i\u0161laikomas nat\u016bralus odos balansas. Sud\u0117tyje esan\u010dios veikliosios med\u017eiagos padeda <strong data-start=\"1110\" data-end=\"1140\">kontroliuoti sebumo gamyb\u0105<\/strong>, u\u017ekirsti keli\u0105 spuog\u0173 ir ink\u0161tir\u0173 atsiradimui.<\/p>\n<p data-start=\"1190\" data-end=\"1301\">Be to, <strong data-start=\"1197\" data-end=\"1236\">dr\u0117kinantis ir gaivinantis poveikis<\/strong> atjaunina veido i\u0161vaizd\u0105 ir suteikia matin\u012f efekt\u0105 be blizgesio.<\/p>\n<p data-start=\"1303\" data-end=\"1338\"><strong data-start=\"1303\" data-end=\"1338\">SINOZ PERFECT SEBUM privalumai:<\/strong><\/p>\n<ul data-start=\"1339\" data-end=\"1595\">\n<li data-start=\"1339\" data-end=\"1358\">\n<p data-start=\"1341\" data-end=\"1358\">Giliai valo poras<\/p>\n<\/li>\n<li data-start=\"1359\" data-end=\"1387\">\n<p data-start=\"1361\" data-end=\"1387\">Pa\u0161alina riebal\u0173 pertekli\u0173<\/p>\n<\/li>\n<li data-start=\"1388\" data-end=\"1426\">\n<p data-start=\"1390\" data-end=\"1426\">Ma\u017eina spuog\u0173 ir ink\u0161tir\u0173 atsiradim\u0105<\/p>\n<\/li>\n<li data-start=\"1427\" data-end=\"1444\">\n<p data-start=\"1429\" data-end=\"1444\">Sutraukia poras<\/p>\n<\/li>\n<li data-start=\"1445\" data-end=\"1472\">\n<p data-start=\"1447\" data-end=\"1472\">Gaivina ir balansuoja od\u0105<\/p>\n<\/li>\n<li data-start=\"1473\" data-end=\"1505\">\n<p data-start=\"1475\" data-end=\"1505\">Nesausina ir nesukelia tempimo<\/p>\n<\/li>\n<li data-start=\"1506\" data-end=\"1532\">\n<p data-start=\"1508\" data-end=\"1532\">Reguliuoja sebumo gamyb\u0105<\/p>\n<\/li>\n<li data-start=\"1533\" data-end=\"1564\">\n<p data-start=\"1535\" data-end=\"1564\">Tinka riebiai ir mi\u0161riai odai<\/p>\n<\/li>\n<li data-start=\"1565\" data-end=\"1595\">\n<p data-start=\"1567\" data-end=\"1595\">Idealu kasdieniam naudojimui<\/p>\n<\/li>\n<\/ul>\n<p data-start=\"1597\" data-end=\"1735\"><strong data-start=\"1597\" data-end=\"1612\">Naudojimas:<\/strong><br data-start=\"1612\" data-end=\"1615\" \/>U\u017etepkite ant dr\u0117gnos odos, masa\u017euokite sukamaisiais judesiais, po to kruop\u0161\u010diai nuskalaukite. Naudokite ryte ir vakare.<\/p>\n<p data-start=\"1737\" data-end=\"1819\"><strong data-start=\"1737\" data-end=\"1760\">SINOZ PERFECT SEBUM<\/strong> \u2013 \u0161vari, gaivi ir subalansuota oda be blizgesio ir spuog\u0173.<\/p>\n","protected":false},"excerpt":{"rendered":"<p data-start=\"286\" data-end=\"388\">SINOZ gelinis veido prausiklis riebiai ir mi\u0161riai odai \u0161velniai valo, ma\u017eina riebal\u0173 pertekli\u0173, sutraukia poras ir padeda i\u0161vengti spuog\u0173.<\/p>\n","protected":false},"featured_media":58917,"template":"","meta":[],"product_brand":[1354],"product_cat":[537,728],"product_tag":[1619],"class_list":{"0":"post-58916","1":"product","2":"type-product","3":"status-publish","4":"has-post-thumbnail","6":"product_brand-sinoz","7":"product_cat-veido-valymo-priemones","8":"product_cat-veidui","9":"product_tag-sinoz","11":"first","12":"instock","13":"sale","14":"taxable","15":"shipping-taxable","16":"purchasable","17":"product-type-simple"},"yoast_head":"<!-- This site is optimized with the Yoast SEO plugin v27.4 - https:\/\/yoast.com\/product\/yoast-seo-wordpress\/ -->\n<title>SINOZ gelinis veido prausiklis riebiai ir mi\u0161riai odai PERFECT SEBUM, 200 ml - MalinaShop.lt J\u016bs\u0173 sveikatai ir gro\u017eiui.<\/title>\n<meta name=\"description\" content=\"SINOZ gelinis veido prausiklis riebiai ir mi\u0161riai odai \u0161velniai valo, ma\u017eina riebal\u0173 pertekli\u0173, sutraukia poras ir padeda i\u0161vengti spuog\u0173. Kontroliuok riebal\u0173 pertekli\u0173 ir spuogus! SINOZ gelinis veido prausiklis riebiai odai valo poras, ma\u017eina blizges\u012f ir palaiko odos balans\u0105 be sausumo.\" \/>\n<meta name=\"robots\" content=\"index, follow, max-snippet:-1, max-image-preview:large, max-video-preview:-1\" \/>\n<link rel=\"canonical\" href=\"https:\/\/www.malinashop.lt\/en\/shop\/sinoz-gelinis-veido-prausiklis-riebiai-ir-misriai-odai-perfect-sebum-200-ml\/\" \/>\n<meta property=\"og:locale\" content=\"en_GB\" \/>\n<meta property=\"og:type\" content=\"article\" \/>\n<meta property=\"og:title\" content=\"SINOZ gelinis veido prausiklis riebiai ir mi\u0161riai odai PERFECT SEBUM, 200 ml - MalinaShop.lt J\u016bs\u0173 sveikatai ir gro\u017eiui.\" \/>\n<meta property=\"og:description\" content=\"SINOZ gelinis veido prausiklis riebiai ir mi\u0161riai odai \u0161velniai valo, ma\u017eina riebal\u0173 pertekli\u0173, sutraukia poras ir padeda i\u0161vengti spuog\u0173. Kontroliuok riebal\u0173 pertekli\u0173 ir spuogus! SINOZ gelinis veido prausiklis riebiai odai valo poras, ma\u017eina blizges\u012f ir palaiko odos balans\u0105 be sausumo.\" \/>\n<meta property=\"og:url\" content=\"https:\/\/www.malinashop.lt\/en\/shop\/sinoz-gelinis-veido-prausiklis-riebiai-ir-misriai-odai-perfect-sebum-200-ml\/\" \/>\n<meta property=\"og:site_name\" content=\"MalinaShop.lt J\u016bs\u0173 sveikatai ir gro\u017eiui.\" \/>\n<meta property=\"article:modified_time\" content=\"2026-03-18T09:28:04+00:00\" \/>\n<meta property=\"og:image\" content=\"https:\/\/www.malinashop.lt\/wp-content\/uploads\/2025\/10\/SINOZ-gelinis-veido-prausiklis-riebiai-ir-misriai-odai-PERFECT-SEBUM-200-ml.webp\" \/>\n\t<meta property=\"og:image:width\" content=\"768\" \/>\n\t<meta property=\"og:image:height\" content=\"768\" \/>\n\t<meta property=\"og:image:type\" content=\"image\/webp\" \/>\n<meta name=\"twitter:card\" content=\"summary_large_image\" \/>\n<script type=\"application\/ld+json\" class=\"yoast-schema-graph\">{\"@context\":\"https:\\\/\\\/schema.org\",\"@graph\":[{\"@type\":\"WebPage\",\"@id\":\"https:\\\/\\\/www.malinashop.lt\\\/en\\\/shop\\\/sinoz-gelinis-veido-prausiklis-riebiai-ir-misriai-odai-perfect-sebum-200-ml\\\/\",\"url\":\"https:\\\/\\\/www.malinashop.lt\\\/en\\\/shop\\\/sinoz-gelinis-veido-prausiklis-riebiai-ir-misriai-odai-perfect-sebum-200-ml\\\/\",\"name\":\"SINOZ gelinis veido prausiklis riebiai ir mi\u0161riai odai PERFECT SEBUM, 200 ml - MalinaShop.lt J\u016bs\u0173 sveikatai ir gro\u017eiui.\",\"isPartOf\":{\"@id\":\"https:\\\/\\\/www.malinashop.lt\\\/#website\"},\"primaryImageOfPage\":{\"@id\":\"https:\\\/\\\/www.malinashop.lt\\\/en\\\/shop\\\/sinoz-gelinis-veido-prausiklis-riebiai-ir-misriai-odai-perfect-sebum-200-ml\\\/#primaryimage\"},\"image\":{\"@id\":\"https:\\\/\\\/www.malinashop.lt\\\/en\\\/shop\\\/sinoz-gelinis-veido-prausiklis-riebiai-ir-misriai-odai-perfect-sebum-200-ml\\\/#primaryimage\"},\"thumbnailUrl\":\"https:\\\/\\\/www.malinashop.lt\\\/wp-content\\\/uploads\\\/2025\\\/10\\\/SINOZ-gelinis-veido-prausiklis-riebiai-ir-misriai-odai-PERFECT-SEBUM-200-ml.webp\",\"datePublished\":\"2025-10-20T10:55:52+00:00\",\"dateModified\":\"2026-03-18T09:28:04+00:00\",\"description\":\"SINOZ gelinis veido prausiklis riebiai ir mi\u0161riai odai \u0161velniai valo, ma\u017eina riebal\u0173 pertekli\u0173, sutraukia poras ir padeda i\u0161vengti spuog\u0173. Kontroliuok riebal\u0173 pertekli\u0173 ir spuogus! SINOZ gelinis veido prausiklis riebiai odai valo poras, ma\u017eina blizges\u012f ir palaiko odos balans\u0105 be sausumo.\",\"breadcrumb\":{\"@id\":\"https:\\\/\\\/www.malinashop.lt\\\/en\\\/shop\\\/sinoz-gelinis-veido-prausiklis-riebiai-ir-misriai-odai-perfect-sebum-200-ml\\\/#breadcrumb\"},\"inLanguage\":\"en-GB\",\"potentialAction\":[{\"@type\":\"ReadAction\",\"target\":[\"https:\\\/\\\/www.malinashop.lt\\\/en\\\/shop\\\/sinoz-gelinis-veido-prausiklis-riebiai-ir-misriai-odai-perfect-sebum-200-ml\\\/\"]}]},{\"@type\":\"ImageObject\",\"inLanguage\":\"en-GB\",\"@id\":\"https:\\\/\\\/www.malinashop.lt\\\/en\\\/shop\\\/sinoz-gelinis-veido-prausiklis-riebiai-ir-misriai-odai-perfect-sebum-200-ml\\\/#primaryimage\",\"url\":\"https:\\\/\\\/www.malinashop.lt\\\/wp-content\\\/uploads\\\/2025\\\/10\\\/SINOZ-gelinis-veido-prausiklis-riebiai-ir-misriai-odai-PERFECT-SEBUM-200-ml.webp\",\"contentUrl\":\"https:\\\/\\\/www.malinashop.lt\\\/wp-content\\\/uploads\\\/2025\\\/10\\\/SINOZ-gelinis-veido-prausiklis-riebiai-ir-misriai-odai-PERFECT-SEBUM-200-ml.webp\",\"width\":768,\"height\":768},{\"@type\":\"BreadcrumbList\",\"@id\":\"https:\\\/\\\/www.malinashop.lt\\\/en\\\/shop\\\/sinoz-gelinis-veido-prausiklis-riebiai-ir-misriai-odai-perfect-sebum-200-ml\\\/#breadcrumb\",\"itemListElement\":[{\"@type\":\"ListItem\",\"position\":1,\"name\":\"Pagrindinis\",\"item\":\"https:\\\/\\\/www.malinashop.lt\\\/\"},{\"@type\":\"ListItem\",\"position\":2,\"name\":\"Parduotuv\u0117\",\"item\":\"https:\\\/\\\/www.malinashop.lt\\\/en\\\/parduotuve\\\/\"},{\"@type\":\"ListItem\",\"position\":3,\"name\":\"SINOZ gelinis veido prausiklis riebiai ir mi\u0161riai odai PERFECT SEBUM, 200 ml\"}]},{\"@type\":\"WebSite\",\"@id\":\"https:\\\/\\\/www.malinashop.lt\\\/#website\",\"url\":\"https:\\\/\\\/www.malinashop.lt\\\/\",\"name\":\"COM Group Ecommerce\",\"description\":\"MalinaShop.lt - Gro\u017eio ir sveikatos produktai i\u0161 patikim\u0173 preki\u0173 \u017eenkl\u0173. Atraskite auk\u0161tos kokyb\u0117s kosmetik\u0105 u\u017e puiki\u0105 kain\u0105.\",\"publisher\":{\"@id\":\"https:\\\/\\\/www.malinashop.lt\\\/#organization\"},\"potentialAction\":[{\"@type\":\"SearchAction\",\"target\":{\"@type\":\"EntryPoint\",\"urlTemplate\":\"https:\\\/\\\/www.malinashop.lt\\\/?s={search_term_string}\"},\"query-input\":{\"@type\":\"PropertyValueSpecification\",\"valueRequired\":true,\"valueName\":\"search_term_string\"}}],\"inLanguage\":\"en-GB\"},{\"@type\":\"Organization\",\"@id\":\"https:\\\/\\\/www.malinashop.lt\\\/#organization\",\"name\":\"COM Group Ecommerce\",\"url\":\"https:\\\/\\\/www.malinashop.lt\\\/\",\"logo\":{\"@type\":\"ImageObject\",\"inLanguage\":\"en-GB\",\"@id\":\"https:\\\/\\\/www.malinashop.lt\\\/#\\\/schema\\\/logo\\\/image\\\/\",\"url\":\"https:\\\/\\\/www.malinashop.lt\\\/wp-content\\\/uploads\\\/2024\\\/08\\\/462559670_3787732518133670_9795632669273463_n-e1731525914575.png\",\"contentUrl\":\"https:\\\/\\\/www.malinashop.lt\\\/wp-content\\\/uploads\\\/2024\\\/08\\\/462559670_3787732518133670_9795632669273463_n-e1731525914575.png\",\"width\":180,\"height\":60,\"caption\":\"COM Group Ecommerce\"},\"image\":{\"@id\":\"https:\\\/\\\/www.malinashop.lt\\\/#\\\/schema\\\/logo\\\/image\\\/\"}}]}<\/script>\n<!-- \/ Yoast SEO plugin. -->","yoast_head_json":{"title":"SINOZ gelinis veido prausiklis riebiai ir mi\u0161riai odai PERFECT SEBUM, 200 ml - MalinaShop.lt J\u016bs\u0173 sveikatai ir gro\u017eiui.","description":"SINOZ gelinis veido prausiklis riebiai ir mi\u0161riai odai \u0161velniai valo, ma\u017eina riebal\u0173 pertekli\u0173, sutraukia poras ir padeda i\u0161vengti spuog\u0173. Kontroliuok riebal\u0173 pertekli\u0173 ir spuogus! SINOZ gelinis veido prausiklis riebiai odai valo poras, ma\u017eina blizges\u012f ir palaiko odos balans\u0105 be sausumo.","robots":{"index":"index","follow":"follow","max-snippet":"max-snippet:-1","max-image-preview":"max-image-preview:large","max-video-preview":"max-video-preview:-1"},"canonical":"https:\/\/www.malinashop.lt\/en\/shop\/sinoz-gelinis-veido-prausiklis-riebiai-ir-misriai-odai-perfect-sebum-200-ml\/","og_locale":"en_GB","og_type":"article","og_title":"SINOZ gelinis veido prausiklis riebiai ir mi\u0161riai odai PERFECT SEBUM, 200 ml - MalinaShop.lt J\u016bs\u0173 sveikatai ir gro\u017eiui.","og_description":"SINOZ gelinis veido prausiklis riebiai ir mi\u0161riai odai \u0161velniai valo, ma\u017eina riebal\u0173 pertekli\u0173, sutraukia poras ir padeda i\u0161vengti spuog\u0173. Kontroliuok riebal\u0173 pertekli\u0173 ir spuogus! SINOZ gelinis veido prausiklis riebiai odai valo poras, ma\u017eina blizges\u012f ir palaiko odos balans\u0105 be sausumo.","og_url":"https:\/\/www.malinashop.lt\/en\/shop\/sinoz-gelinis-veido-prausiklis-riebiai-ir-misriai-odai-perfect-sebum-200-ml\/","og_site_name":"MalinaShop.lt J\u016bs\u0173 sveikatai ir gro\u017eiui.","article_modified_time":"2026-03-18T09:28:04+00:00","og_image":[{"width":768,"height":768,"url":"https:\/\/www.malinashop.lt\/wp-content\/uploads\/2025\/10\/SINOZ-gelinis-veido-prausiklis-riebiai-ir-misriai-odai-PERFECT-SEBUM-200-ml.webp","type":"image\/webp"}],"twitter_card":"summary_large_image","schema":{"@context":"https:\/\/schema.org","@graph":[{"@type":"WebPage","@id":"https:\/\/www.malinashop.lt\/en\/shop\/sinoz-gelinis-veido-prausiklis-riebiai-ir-misriai-odai-perfect-sebum-200-ml\/","url":"https:\/\/www.malinashop.lt\/en\/shop\/sinoz-gelinis-veido-prausiklis-riebiai-ir-misriai-odai-perfect-sebum-200-ml\/","name":"SINOZ gelinis veido prausiklis riebiai ir mi\u0161riai odai PERFECT SEBUM, 200 ml - MalinaShop.lt J\u016bs\u0173 sveikatai ir gro\u017eiui.","isPartOf":{"@id":"https:\/\/www.malinashop.lt\/#website"},"primaryImageOfPage":{"@id":"https:\/\/www.malinashop.lt\/en\/shop\/sinoz-gelinis-veido-prausiklis-riebiai-ir-misriai-odai-perfect-sebum-200-ml\/#primaryimage"},"image":{"@id":"https:\/\/www.malinashop.lt\/en\/shop\/sinoz-gelinis-veido-prausiklis-riebiai-ir-misriai-odai-perfect-sebum-200-ml\/#primaryimage"},"thumbnailUrl":"https:\/\/www.malinashop.lt\/wp-content\/uploads\/2025\/10\/SINOZ-gelinis-veido-prausiklis-riebiai-ir-misriai-odai-PERFECT-SEBUM-200-ml.webp","datePublished":"2025-10-20T10:55:52+00:00","dateModified":"2026-03-18T09:28:04+00:00","description":"SINOZ gelinis veido prausiklis riebiai ir mi\u0161riai odai \u0161velniai valo, ma\u017eina riebal\u0173 pertekli\u0173, sutraukia poras ir padeda i\u0161vengti spuog\u0173. Kontroliuok riebal\u0173 pertekli\u0173 ir spuogus! SINOZ gelinis veido prausiklis riebiai odai valo poras, ma\u017eina blizges\u012f ir palaiko odos balans\u0105 be sausumo.","breadcrumb":{"@id":"https:\/\/www.malinashop.lt\/en\/shop\/sinoz-gelinis-veido-prausiklis-riebiai-ir-misriai-odai-perfect-sebum-200-ml\/#breadcrumb"},"inLanguage":"en-GB","potentialAction":[{"@type":"ReadAction","target":["https:\/\/www.malinashop.lt\/en\/shop\/sinoz-gelinis-veido-prausiklis-riebiai-ir-misriai-odai-perfect-sebum-200-ml\/"]}]},{"@type":"ImageObject","inLanguage":"en-GB","@id":"https:\/\/www.malinashop.lt\/en\/shop\/sinoz-gelinis-veido-prausiklis-riebiai-ir-misriai-odai-perfect-sebum-200-ml\/#primaryimage","url":"https:\/\/www.malinashop.lt\/wp-content\/uploads\/2025\/10\/SINOZ-gelinis-veido-prausiklis-riebiai-ir-misriai-odai-PERFECT-SEBUM-200-ml.webp","contentUrl":"https:\/\/www.malinashop.lt\/wp-content\/uploads\/2025\/10\/SINOZ-gelinis-veido-prausiklis-riebiai-ir-misriai-odai-PERFECT-SEBUM-200-ml.webp","width":768,"height":768},{"@type":"BreadcrumbList","@id":"https:\/\/www.malinashop.lt\/en\/shop\/sinoz-gelinis-veido-prausiklis-riebiai-ir-misriai-odai-perfect-sebum-200-ml\/#breadcrumb","itemListElement":[{"@type":"ListItem","position":1,"name":"Pagrindinis","item":"https:\/\/www.malinashop.lt\/"},{"@type":"ListItem","position":2,"name":"Parduotuv\u0117","item":"https:\/\/www.malinashop.lt\/en\/parduotuve\/"},{"@type":"ListItem","position":3,"name":"SINOZ gelinis veido prausiklis riebiai ir mi\u0161riai odai PERFECT SEBUM, 200 ml"}]},{"@type":"WebSite","@id":"https:\/\/www.malinashop.lt\/#website","url":"https:\/\/www.malinashop.lt\/","name":"COM Group Ecommerce","description":"MalinaShop.lt - Gro\u017eio ir sveikatos produktai i\u0161 patikim\u0173 preki\u0173 \u017eenkl\u0173. Atraskite auk\u0161tos kokyb\u0117s kosmetik\u0105 u\u017e puiki\u0105 kain\u0105.","publisher":{"@id":"https:\/\/www.malinashop.lt\/#organization"},"potentialAction":[{"@type":"SearchAction","target":{"@type":"EntryPoint","urlTemplate":"https:\/\/www.malinashop.lt\/?s={search_term_string}"},"query-input":{"@type":"PropertyValueSpecification","valueRequired":true,"valueName":"search_term_string"}}],"inLanguage":"en-GB"},{"@type":"Organization","@id":"https:\/\/www.malinashop.lt\/#organization","name":"COM Group Ecommerce","url":"https:\/\/www.malinashop.lt\/","logo":{"@type":"ImageObject","inLanguage":"en-GB","@id":"https:\/\/www.malinashop.lt\/#\/schema\/logo\/image\/","url":"https:\/\/www.malinashop.lt\/wp-content\/uploads\/2024\/08\/462559670_3787732518133670_9795632669273463_n-e1731525914575.png","contentUrl":"https:\/\/www.malinashop.lt\/wp-content\/uploads\/2024\/08\/462559670_3787732518133670_9795632669273463_n-e1731525914575.png","width":180,"height":60,"caption":"COM Group Ecommerce"},"image":{"@id":"https:\/\/www.malinashop.lt\/#\/schema\/logo\/image\/"}}]}},"jetpack_sharing_enabled":true,"_links":{"self":[{"href":"https:\/\/www.malinashop.lt\/en\/wp-json\/wp\/v2\/product\/58916","targetHints":{"allow":["GET"]}}],"collection":[{"href":"https:\/\/www.malinashop.lt\/en\/wp-json\/wp\/v2\/product"}],"about":[{"href":"https:\/\/www.malinashop.lt\/en\/wp-json\/wp\/v2\/types\/product"}],"version-history":[{"count":1,"href":"https:\/\/www.malinashop.lt\/en\/wp-json\/wp\/v2\/product\/58916\/revisions"}],"predecessor-version":[{"id":58918,"href":"https:\/\/www.malinashop.lt\/en\/wp-json\/wp\/v2\/product\/58916\/revisions\/58918"}],"wp:featuredmedia":[{"embeddable":true,"href":"https:\/\/www.malinashop.lt\/en\/wp-json\/wp\/v2\/media\/58917"}],"wp:attachment":[{"href":"https:\/\/www.malinashop.lt\/en\/wp-json\/wp\/v2\/media?parent=58916"}],"wp:term":[{"taxonomy":"product_brand","embeddable":true,"href":"https:\/\/www.malinashop.lt\/en\/wp-json\/wp\/v2\/product_brand?post=58916"},{"taxonomy":"product_cat","embeddable":true,"href":"https:\/\/www.malinashop.lt\/en\/wp-json\/wp\/v2\/product_cat?post=58916"},{"taxonomy":"product_tag","embeddable":true,"href":"https:\/\/www.malinashop.lt\/en\/wp-json\/wp\/v2\/product_tag?post=58916"}],"curies":[{"name":"wp","href":"https:\/\/api.w.org\/{rel}","templated":true}]}}