{"id":58913,"date":"2025-10-20T13:52:46","date_gmt":"2025-10-20T10:52:46","guid":{"rendered":"https:\/\/malinashop.lt\/?post_type=product&#038;p=58913"},"modified":"2026-03-18T12:28:05","modified_gmt":"2026-03-18T09:28:05","slug":"sinoz-gelinis-veido-prausiklis-sausai-ir-jautriai-odai-hydrapro-intense-400-ml","status":"publish","type":"product","link":"https:\/\/www.malinashop.lt\/en\/shop\/sinoz-gelinis-veido-prausiklis-sausai-ir-jautriai-odai-hydrapro-intense-400-ml\/","title":{"rendered":"SINOZ gelinis veido prausiklis sausai ir jautriai odai HYDRAPRO INTENSE, 400 ml"},"content":{"rendered":"<p data-start=\"677\" data-end=\"1032\"><strong data-start=\"677\" data-end=\"752\">SINOZ gelinis veido prausiklis sausai ir jautriai odai HYDRAPRO INTENSE<\/strong> \u2013 tai \u0161velni, od\u0105 tausojanti formul\u0117, sukurta specialiai sausai, jautriai ir sudirgusiai odai. \u0160is <strong data-start=\"852\" data-end=\"904\">gelinis veido prausiklis sausai ir jautriai odai<\/strong> efektyviai pa\u0161alina ne\u0161varumus, makia\u017eo ir odos prie\u017ei\u016bros priemoni\u0173 liku\u010dius, ta\u010diau <strong data-start=\"991\" data-end=\"1031\">nesukelia tempimo ar sausumo poj\u016b\u010dio<\/strong>.<\/p>\n<p data-start=\"1034\" data-end=\"1257\">Formul\u0117je esantys <strong data-start=\"1052\" data-end=\"1081\">pantenolis ir vitaminas E<\/strong> ramina, atkuria ir maitina od\u0105, <strong data-start=\"1114\" data-end=\"1142\">babassu (atali\u0173) aliejus<\/strong> mink\u0161tina ir apsaugo, o <strong data-start=\"1167\" data-end=\"1194\">sniego grybo ekstraktas<\/strong> suteikia intensyv\u0173 dr\u0117kinim\u0105, prilygstant\u012f hialurono r\u016bg\u0161\u010diai.<\/p>\n<p data-start=\"1259\" data-end=\"1492\">\u0160is <strong data-start=\"1263\" data-end=\"1304\">dr\u0117kinamasis gelinis veido prausiklis<\/strong> padeda i\u0161laikyti odos elastingum\u0105, ma\u017eina sudirgim\u0105, stiprina apsaugin\u012f barjer\u0105 ir suteikia komforto poj\u016bt\u012f.<br data-start=\"1413\" data-end=\"1416\" \/><strong data-start=\"1416\" data-end=\"1492\">Didesn\u0117 400 ml pakuot\u0117 \u2013 ekonomi\u0161kas pasirinkimas kasdieniam naudojimui.<\/strong><\/p>\n<p data-start=\"1494\" data-end=\"1509\"><strong data-start=\"1494\" data-end=\"1509\">Privalumai:<\/strong><\/p>\n<ul data-start=\"1510\" data-end=\"1785\">\n<li data-start=\"1510\" data-end=\"1537\">\n<p data-start=\"1512\" data-end=\"1537\">\u0160velniai, bet giliai valo<\/p>\n<\/li>\n<li data-start=\"1538\" data-end=\"1570\">\n<p data-start=\"1540\" data-end=\"1570\">Nesausina ir nema\u017eina komforto<\/p>\n<\/li>\n<li data-start=\"1571\" data-end=\"1590\">\n<p data-start=\"1573\" data-end=\"1590\">Ramina sudirgimus<\/p>\n<\/li>\n<li data-start=\"1591\" data-end=\"1626\">\n<p data-start=\"1593\" data-end=\"1626\">Dr\u0117kina su sniego grybo ekstraktu<\/p>\n<\/li>\n<li data-start=\"1627\" data-end=\"1664\">\n<p data-start=\"1629\" data-end=\"1664\">Maitina su pantenoliu ir vitaminu E<\/p>\n<\/li>\n<li data-start=\"1665\" data-end=\"1696\">\n<p data-start=\"1667\" data-end=\"1696\">Babassu aliejus mink\u0161tina od\u0105<\/p>\n<\/li>\n<li data-start=\"1697\" data-end=\"1720\">\n<p data-start=\"1699\" data-end=\"1720\">Stiprina odos barjer\u0105<\/p>\n<\/li>\n<li data-start=\"1721\" data-end=\"1752\">\n<p data-start=\"1723\" data-end=\"1752\">Tinka sausai ir jautriai odai<\/p>\n<\/li>\n<li data-start=\"1753\" data-end=\"1785\">\n<p data-start=\"1755\" data-end=\"1785\">400 ml pakuot\u0117 \u2013 u\u017etenka ilgam<\/p>\n<\/li>\n<\/ul>\n<p data-start=\"1787\" data-end=\"1929\"><strong data-start=\"1787\" data-end=\"1802\">Naudojimas:<\/strong><br data-start=\"1802\" data-end=\"1805\" \/>U\u017etepkite ant dr\u0117gnos odos, \u0161velniai masa\u017euokite sukamaisiais judesiais, tada nuplaukite vandeniu. Naudokite ryte ir vakare.<\/p>\n<p data-start=\"1931\" data-end=\"2037\"><strong data-start=\"1931\" data-end=\"1964\">SINOZ HYDRAPRO INTENSE 400 ml<\/strong> \u2013 \u0161velnus valymas ir intensyvus dr\u0117kinimas net pa\u010diai jautriausiai odai.<\/p>\n","protected":false},"excerpt":{"rendered":"<p data-start=\"286\" data-end=\"388\">SINOZ gelinis veido prausiklis sausai ir jautriai odai \u0161velniai valo, dr\u0117kina, ramina od\u0105 ir apsaugo jos barjer\u0105 su pantenoliu bei sniego grybo ekstraktu.<\/p>\n","protected":false},"featured_media":58914,"template":"","meta":[],"product_brand":[1354],"product_cat":[537,728],"product_tag":[1619],"class_list":{"0":"post-58913","1":"product","2":"type-product","3":"status-publish","4":"has-post-thumbnail","6":"product_brand-sinoz","7":"product_cat-veido-valymo-priemones","8":"product_cat-veidui","9":"product_tag-sinoz","11":"first","12":"instock","13":"sale","14":"taxable","15":"shipping-taxable","16":"purchasable","17":"product-type-simple"},"yoast_head":"<!-- This site is optimized with the Yoast SEO plugin v27.4 - https:\/\/yoast.com\/product\/yoast-seo-wordpress\/ -->\n<title>SINOZ gelinis veido prausiklis sausai ir jautriai odai HYDRAPRO INTENSE, 400 ml - MalinaShop.lt J\u016bs\u0173 sveikatai ir gro\u017eiui.<\/title>\n<meta name=\"description\" content=\"SINOZ gelinis veido prausiklis sausai ir jautriai odai \u0161velniai valo, dr\u0117kina, ramina od\u0105 ir apsaugo jos barjer\u0105 su pantenoliu bei sniego grybo ekstraktu. M\u0117gaukis \u0161velniai valoma ir dr\u0117kinta oda! SINOZ gelinis veido prausiklis sausai ir jautriai odai ramina, maitina ir saugo odos barjer\u0105 kasdien.\" \/>\n<meta name=\"robots\" content=\"index, follow, max-snippet:-1, max-image-preview:large, max-video-preview:-1\" \/>\n<link rel=\"canonical\" href=\"https:\/\/www.malinashop.lt\/en\/shop\/sinoz-gelinis-veido-prausiklis-sausai-ir-jautriai-odai-hydrapro-intense-400-ml\/\" \/>\n<meta property=\"og:locale\" content=\"en_GB\" \/>\n<meta property=\"og:type\" content=\"article\" \/>\n<meta property=\"og:title\" content=\"SINOZ gelinis veido prausiklis sausai ir jautriai odai HYDRAPRO INTENSE, 400 ml - MalinaShop.lt J\u016bs\u0173 sveikatai ir gro\u017eiui.\" \/>\n<meta property=\"og:description\" content=\"SINOZ gelinis veido prausiklis sausai ir jautriai odai \u0161velniai valo, dr\u0117kina, ramina od\u0105 ir apsaugo jos barjer\u0105 su pantenoliu bei sniego grybo ekstraktu. M\u0117gaukis \u0161velniai valoma ir dr\u0117kinta oda! SINOZ gelinis veido prausiklis sausai ir jautriai odai ramina, maitina ir saugo odos barjer\u0105 kasdien.\" \/>\n<meta property=\"og:url\" content=\"https:\/\/www.malinashop.lt\/en\/shop\/sinoz-gelinis-veido-prausiklis-sausai-ir-jautriai-odai-hydrapro-intense-400-ml\/\" \/>\n<meta property=\"og:site_name\" content=\"MalinaShop.lt J\u016bs\u0173 sveikatai ir gro\u017eiui.\" \/>\n<meta property=\"article:modified_time\" content=\"2026-03-18T09:28:05+00:00\" \/>\n<meta property=\"og:image\" content=\"https:\/\/www.malinashop.lt\/wp-content\/uploads\/2025\/10\/SINOZ-gelinis-veido-prausiklis-sausai-ir-jautriai-odai-HYDRAPRO-INTENSE-400-ml.webp\" \/>\n\t<meta property=\"og:image:width\" content=\"768\" \/>\n\t<meta property=\"og:image:height\" content=\"768\" \/>\n\t<meta property=\"og:image:type\" content=\"image\/webp\" \/>\n<meta name=\"twitter:card\" content=\"summary_large_image\" \/>\n<script type=\"application\/ld+json\" class=\"yoast-schema-graph\">{\"@context\":\"https:\\\/\\\/schema.org\",\"@graph\":[{\"@type\":\"WebPage\",\"@id\":\"https:\\\/\\\/www.malinashop.lt\\\/shop\\\/sinoz-gelinis-veido-prausiklis-sausai-ir-jautriai-odai-hydrapro-intense-400-ml\\\/\",\"url\":\"https:\\\/\\\/www.malinashop.lt\\\/shop\\\/sinoz-gelinis-veido-prausiklis-sausai-ir-jautriai-odai-hydrapro-intense-400-ml\\\/\",\"name\":\"SINOZ gelinis veido prausiklis sausai ir jautriai odai HYDRAPRO INTENSE, 400 ml - MalinaShop.lt J\u016bs\u0173 sveikatai ir gro\u017eiui.\",\"isPartOf\":{\"@id\":\"https:\\\/\\\/www.malinashop.lt\\\/#website\"},\"primaryImageOfPage\":{\"@id\":\"https:\\\/\\\/www.malinashop.lt\\\/shop\\\/sinoz-gelinis-veido-prausiklis-sausai-ir-jautriai-odai-hydrapro-intense-400-ml\\\/#primaryimage\"},\"image\":{\"@id\":\"https:\\\/\\\/www.malinashop.lt\\\/shop\\\/sinoz-gelinis-veido-prausiklis-sausai-ir-jautriai-odai-hydrapro-intense-400-ml\\\/#primaryimage\"},\"thumbnailUrl\":\"https:\\\/\\\/www.malinashop.lt\\\/wp-content\\\/uploads\\\/2025\\\/10\\\/SINOZ-gelinis-veido-prausiklis-sausai-ir-jautriai-odai-HYDRAPRO-INTENSE-400-ml.webp\",\"datePublished\":\"2025-10-20T10:52:46+00:00\",\"dateModified\":\"2026-03-18T09:28:05+00:00\",\"description\":\"SINOZ gelinis veido prausiklis sausai ir jautriai odai \u0161velniai valo, dr\u0117kina, ramina od\u0105 ir apsaugo jos barjer\u0105 su pantenoliu bei sniego grybo ekstraktu. M\u0117gaukis \u0161velniai valoma ir dr\u0117kinta oda! SINOZ gelinis veido prausiklis sausai ir jautriai odai ramina, maitina ir saugo odos barjer\u0105 kasdien.\",\"breadcrumb\":{\"@id\":\"https:\\\/\\\/www.malinashop.lt\\\/shop\\\/sinoz-gelinis-veido-prausiklis-sausai-ir-jautriai-odai-hydrapro-intense-400-ml\\\/#breadcrumb\"},\"inLanguage\":\"en-GB\",\"potentialAction\":[{\"@type\":\"ReadAction\",\"target\":[\"https:\\\/\\\/www.malinashop.lt\\\/shop\\\/sinoz-gelinis-veido-prausiklis-sausai-ir-jautriai-odai-hydrapro-intense-400-ml\\\/\"]}]},{\"@type\":\"ImageObject\",\"inLanguage\":\"en-GB\",\"@id\":\"https:\\\/\\\/www.malinashop.lt\\\/shop\\\/sinoz-gelinis-veido-prausiklis-sausai-ir-jautriai-odai-hydrapro-intense-400-ml\\\/#primaryimage\",\"url\":\"https:\\\/\\\/www.malinashop.lt\\\/wp-content\\\/uploads\\\/2025\\\/10\\\/SINOZ-gelinis-veido-prausiklis-sausai-ir-jautriai-odai-HYDRAPRO-INTENSE-400-ml.webp\",\"contentUrl\":\"https:\\\/\\\/www.malinashop.lt\\\/wp-content\\\/uploads\\\/2025\\\/10\\\/SINOZ-gelinis-veido-prausiklis-sausai-ir-jautriai-odai-HYDRAPRO-INTENSE-400-ml.webp\",\"width\":768,\"height\":768},{\"@type\":\"BreadcrumbList\",\"@id\":\"https:\\\/\\\/www.malinashop.lt\\\/shop\\\/sinoz-gelinis-veido-prausiklis-sausai-ir-jautriai-odai-hydrapro-intense-400-ml\\\/#breadcrumb\",\"itemListElement\":[{\"@type\":\"ListItem\",\"position\":1,\"name\":\"Pagrindinis\",\"item\":\"https:\\\/\\\/www.malinashop.lt\\\/\"},{\"@type\":\"ListItem\",\"position\":2,\"name\":\"Parduotuv\u0117\",\"item\":\"https:\\\/\\\/www.malinashop.lt\\\/en\\\/parduotuve\\\/\"},{\"@type\":\"ListItem\",\"position\":3,\"name\":\"SINOZ gelinis veido prausiklis sausai ir jautriai odai HYDRAPRO INTENSE, 400 ml\"}]},{\"@type\":\"WebSite\",\"@id\":\"https:\\\/\\\/www.malinashop.lt\\\/#website\",\"url\":\"https:\\\/\\\/www.malinashop.lt\\\/\",\"name\":\"COM Group Ecommerce\",\"description\":\"MalinaShop.lt - Gro\u017eio ir sveikatos produktai i\u0161 patikim\u0173 preki\u0173 \u017eenkl\u0173. Atraskite auk\u0161tos kokyb\u0117s kosmetik\u0105 u\u017e puiki\u0105 kain\u0105.\",\"publisher\":{\"@id\":\"https:\\\/\\\/www.malinashop.lt\\\/#organization\"},\"potentialAction\":[{\"@type\":\"SearchAction\",\"target\":{\"@type\":\"EntryPoint\",\"urlTemplate\":\"https:\\\/\\\/www.malinashop.lt\\\/?s={search_term_string}\"},\"query-input\":{\"@type\":\"PropertyValueSpecification\",\"valueRequired\":true,\"valueName\":\"search_term_string\"}}],\"inLanguage\":\"en-GB\"},{\"@type\":\"Organization\",\"@id\":\"https:\\\/\\\/www.malinashop.lt\\\/#organization\",\"name\":\"COM Group Ecommerce\",\"url\":\"https:\\\/\\\/www.malinashop.lt\\\/\",\"logo\":{\"@type\":\"ImageObject\",\"inLanguage\":\"en-GB\",\"@id\":\"https:\\\/\\\/www.malinashop.lt\\\/#\\\/schema\\\/logo\\\/image\\\/\",\"url\":\"https:\\\/\\\/www.malinashop.lt\\\/wp-content\\\/uploads\\\/2024\\\/08\\\/462559670_3787732518133670_9795632669273463_n-e1731525914575.png\",\"contentUrl\":\"https:\\\/\\\/www.malinashop.lt\\\/wp-content\\\/uploads\\\/2024\\\/08\\\/462559670_3787732518133670_9795632669273463_n-e1731525914575.png\",\"width\":180,\"height\":60,\"caption\":\"COM Group Ecommerce\"},\"image\":{\"@id\":\"https:\\\/\\\/www.malinashop.lt\\\/#\\\/schema\\\/logo\\\/image\\\/\"}}]}<\/script>\n<!-- \/ Yoast SEO plugin. -->","yoast_head_json":{"title":"SINOZ gelinis veido prausiklis sausai ir jautriai odai HYDRAPRO INTENSE, 400 ml - MalinaShop.lt J\u016bs\u0173 sveikatai ir gro\u017eiui.","description":"SINOZ gelinis veido prausiklis sausai ir jautriai odai \u0161velniai valo, dr\u0117kina, ramina od\u0105 ir apsaugo jos barjer\u0105 su pantenoliu bei sniego grybo ekstraktu. M\u0117gaukis \u0161velniai valoma ir dr\u0117kinta oda! SINOZ gelinis veido prausiklis sausai ir jautriai odai ramina, maitina ir saugo odos barjer\u0105 kasdien.","robots":{"index":"index","follow":"follow","max-snippet":"max-snippet:-1","max-image-preview":"max-image-preview:large","max-video-preview":"max-video-preview:-1"},"canonical":"https:\/\/www.malinashop.lt\/en\/shop\/sinoz-gelinis-veido-prausiklis-sausai-ir-jautriai-odai-hydrapro-intense-400-ml\/","og_locale":"en_GB","og_type":"article","og_title":"SINOZ gelinis veido prausiklis sausai ir jautriai odai HYDRAPRO INTENSE, 400 ml - MalinaShop.lt J\u016bs\u0173 sveikatai ir gro\u017eiui.","og_description":"SINOZ gelinis veido prausiklis sausai ir jautriai odai \u0161velniai valo, dr\u0117kina, ramina od\u0105 ir apsaugo jos barjer\u0105 su pantenoliu bei sniego grybo ekstraktu. M\u0117gaukis \u0161velniai valoma ir dr\u0117kinta oda! SINOZ gelinis veido prausiklis sausai ir jautriai odai ramina, maitina ir saugo odos barjer\u0105 kasdien.","og_url":"https:\/\/www.malinashop.lt\/en\/shop\/sinoz-gelinis-veido-prausiklis-sausai-ir-jautriai-odai-hydrapro-intense-400-ml\/","og_site_name":"MalinaShop.lt J\u016bs\u0173 sveikatai ir gro\u017eiui.","article_modified_time":"2026-03-18T09:28:05+00:00","og_image":[{"width":768,"height":768,"url":"https:\/\/www.malinashop.lt\/wp-content\/uploads\/2025\/10\/SINOZ-gelinis-veido-prausiklis-sausai-ir-jautriai-odai-HYDRAPRO-INTENSE-400-ml.webp","type":"image\/webp"}],"twitter_card":"summary_large_image","schema":{"@context":"https:\/\/schema.org","@graph":[{"@type":"WebPage","@id":"https:\/\/www.malinashop.lt\/shop\/sinoz-gelinis-veido-prausiklis-sausai-ir-jautriai-odai-hydrapro-intense-400-ml\/","url":"https:\/\/www.malinashop.lt\/shop\/sinoz-gelinis-veido-prausiklis-sausai-ir-jautriai-odai-hydrapro-intense-400-ml\/","name":"SINOZ gelinis veido prausiklis sausai ir jautriai odai HYDRAPRO INTENSE, 400 ml - MalinaShop.lt J\u016bs\u0173 sveikatai ir gro\u017eiui.","isPartOf":{"@id":"https:\/\/www.malinashop.lt\/#website"},"primaryImageOfPage":{"@id":"https:\/\/www.malinashop.lt\/shop\/sinoz-gelinis-veido-prausiklis-sausai-ir-jautriai-odai-hydrapro-intense-400-ml\/#primaryimage"},"image":{"@id":"https:\/\/www.malinashop.lt\/shop\/sinoz-gelinis-veido-prausiklis-sausai-ir-jautriai-odai-hydrapro-intense-400-ml\/#primaryimage"},"thumbnailUrl":"https:\/\/www.malinashop.lt\/wp-content\/uploads\/2025\/10\/SINOZ-gelinis-veido-prausiklis-sausai-ir-jautriai-odai-HYDRAPRO-INTENSE-400-ml.webp","datePublished":"2025-10-20T10:52:46+00:00","dateModified":"2026-03-18T09:28:05+00:00","description":"SINOZ gelinis veido prausiklis sausai ir jautriai odai \u0161velniai valo, dr\u0117kina, ramina od\u0105 ir apsaugo jos barjer\u0105 su pantenoliu bei sniego grybo ekstraktu. M\u0117gaukis \u0161velniai valoma ir dr\u0117kinta oda! SINOZ gelinis veido prausiklis sausai ir jautriai odai ramina, maitina ir saugo odos barjer\u0105 kasdien.","breadcrumb":{"@id":"https:\/\/www.malinashop.lt\/shop\/sinoz-gelinis-veido-prausiklis-sausai-ir-jautriai-odai-hydrapro-intense-400-ml\/#breadcrumb"},"inLanguage":"en-GB","potentialAction":[{"@type":"ReadAction","target":["https:\/\/www.malinashop.lt\/shop\/sinoz-gelinis-veido-prausiklis-sausai-ir-jautriai-odai-hydrapro-intense-400-ml\/"]}]},{"@type":"ImageObject","inLanguage":"en-GB","@id":"https:\/\/www.malinashop.lt\/shop\/sinoz-gelinis-veido-prausiklis-sausai-ir-jautriai-odai-hydrapro-intense-400-ml\/#primaryimage","url":"https:\/\/www.malinashop.lt\/wp-content\/uploads\/2025\/10\/SINOZ-gelinis-veido-prausiklis-sausai-ir-jautriai-odai-HYDRAPRO-INTENSE-400-ml.webp","contentUrl":"https:\/\/www.malinashop.lt\/wp-content\/uploads\/2025\/10\/SINOZ-gelinis-veido-prausiklis-sausai-ir-jautriai-odai-HYDRAPRO-INTENSE-400-ml.webp","width":768,"height":768},{"@type":"BreadcrumbList","@id":"https:\/\/www.malinashop.lt\/shop\/sinoz-gelinis-veido-prausiklis-sausai-ir-jautriai-odai-hydrapro-intense-400-ml\/#breadcrumb","itemListElement":[{"@type":"ListItem","position":1,"name":"Pagrindinis","item":"https:\/\/www.malinashop.lt\/"},{"@type":"ListItem","position":2,"name":"Parduotuv\u0117","item":"https:\/\/www.malinashop.lt\/en\/parduotuve\/"},{"@type":"ListItem","position":3,"name":"SINOZ gelinis veido prausiklis sausai ir jautriai odai HYDRAPRO INTENSE, 400 ml"}]},{"@type":"WebSite","@id":"https:\/\/www.malinashop.lt\/#website","url":"https:\/\/www.malinashop.lt\/","name":"COM Group Ecommerce","description":"MalinaShop.lt - Gro\u017eio ir sveikatos produktai i\u0161 patikim\u0173 preki\u0173 \u017eenkl\u0173. Atraskite auk\u0161tos kokyb\u0117s kosmetik\u0105 u\u017e puiki\u0105 kain\u0105.","publisher":{"@id":"https:\/\/www.malinashop.lt\/#organization"},"potentialAction":[{"@type":"SearchAction","target":{"@type":"EntryPoint","urlTemplate":"https:\/\/www.malinashop.lt\/?s={search_term_string}"},"query-input":{"@type":"PropertyValueSpecification","valueRequired":true,"valueName":"search_term_string"}}],"inLanguage":"en-GB"},{"@type":"Organization","@id":"https:\/\/www.malinashop.lt\/#organization","name":"COM Group Ecommerce","url":"https:\/\/www.malinashop.lt\/","logo":{"@type":"ImageObject","inLanguage":"en-GB","@id":"https:\/\/www.malinashop.lt\/#\/schema\/logo\/image\/","url":"https:\/\/www.malinashop.lt\/wp-content\/uploads\/2024\/08\/462559670_3787732518133670_9795632669273463_n-e1731525914575.png","contentUrl":"https:\/\/www.malinashop.lt\/wp-content\/uploads\/2024\/08\/462559670_3787732518133670_9795632669273463_n-e1731525914575.png","width":180,"height":60,"caption":"COM Group Ecommerce"},"image":{"@id":"https:\/\/www.malinashop.lt\/#\/schema\/logo\/image\/"}}]}},"jetpack_sharing_enabled":true,"_links":{"self":[{"href":"https:\/\/www.malinashop.lt\/en\/wp-json\/wp\/v2\/product\/58913","targetHints":{"allow":["GET"]}}],"collection":[{"href":"https:\/\/www.malinashop.lt\/en\/wp-json\/wp\/v2\/product"}],"about":[{"href":"https:\/\/www.malinashop.lt\/en\/wp-json\/wp\/v2\/types\/product"}],"version-history":[{"count":1,"href":"https:\/\/www.malinashop.lt\/en\/wp-json\/wp\/v2\/product\/58913\/revisions"}],"predecessor-version":[{"id":58915,"href":"https:\/\/www.malinashop.lt\/en\/wp-json\/wp\/v2\/product\/58913\/revisions\/58915"}],"wp:featuredmedia":[{"embeddable":true,"href":"https:\/\/www.malinashop.lt\/en\/wp-json\/wp\/v2\/media\/58914"}],"wp:attachment":[{"href":"https:\/\/www.malinashop.lt\/en\/wp-json\/wp\/v2\/media?parent=58913"}],"wp:term":[{"taxonomy":"product_brand","embeddable":true,"href":"https:\/\/www.malinashop.lt\/en\/wp-json\/wp\/v2\/product_brand?post=58913"},{"taxonomy":"product_cat","embeddable":true,"href":"https:\/\/www.malinashop.lt\/en\/wp-json\/wp\/v2\/product_cat?post=58913"},{"taxonomy":"product_tag","embeddable":true,"href":"https:\/\/www.malinashop.lt\/en\/wp-json\/wp\/v2\/product_tag?post=58913"}],"curies":[{"name":"wp","href":"https:\/\/api.w.org\/{rel}","templated":true}]}}