{"id":58894,"date":"2025-10-20T12:50:52","date_gmt":"2025-10-20T09:50:52","guid":{"rendered":"https:\/\/malinashop.lt\/?post_type=product&#038;p=58894"},"modified":"2026-03-18T12:28:07","modified_gmt":"2026-03-18T09:28:07","slug":"sinoz-daugiafunkcinis-aliejus-miracle-oil-no16-100-ml","status":"publish","type":"product","link":"https:\/\/www.malinashop.lt\/en\/shop\/sinoz-daugiafunkcinis-aliejus-miracle-oil-no16-100-ml\/","title":{"rendered":"SINOZ daugiafunkcinis aliejus MIRACLE OIL No:16, 100 ml"},"content":{"rendered":"<p data-start=\"480\" data-end=\"786\"><strong data-start=\"480\" data-end=\"531\">SINOZ daugiafunkcinis aliejus MIRACLE OIL No:16<\/strong> \u2013 tai profesionali, intensyviai maitinanti priemon\u0117, sukurta ypa\u010d sausai, jautriai ir pa\u017eeistai odai, taip pat rankoms, nagams ir sausiems plaukams. \u0160is <strong data-start=\"685\" data-end=\"712\">daugiafunkcinis aliejus<\/strong> pasi\u017eymi dr\u0117kinan\u010diu, regeneruojan\u010diu, raminan\u010diu ir apsauginiu poveikiu.<\/p>\n<p data-start=\"788\" data-end=\"1024\">Formul\u0117je esantys <strong data-start=\"806\" data-end=\"850\">16 prabangi\u0173 \u017eoleli\u0173 ir nat\u016brali\u0173 aliej\u0173<\/strong> atkuria odos barjer\u0105, gerina elastingum\u0105 ir saugo nuo i\u0161saus\u0117jimo. Aliejus mink\u0161tina od\u0105, suteikia jai \u0161velnumo ir sveiko \u0161vyt\u0117jimo, o plaukams gr\u0105\u017eina glotnum\u0105 ir \u017evilges\u012f.<\/p>\n<p data-start=\"1026\" data-end=\"1098\"><strong data-start=\"1026\" data-end=\"1047\">Kerintis aromatas<\/strong> palieka ilgai i\u0161liekant\u012f, prabang\u0173 kvap\u0105 ant k\u016bno.<\/p>\n<p data-start=\"1100\" data-end=\"1139\"><strong data-start=\"1100\" data-end=\"1139\">SINOZ MIRACLE OIL No:16 privalumai:<\/strong><\/p>\n<ul data-start=\"1140\" data-end=\"1466\">\n<li data-start=\"1140\" data-end=\"1197\">\n<p data-start=\"1142\" data-end=\"1197\">5 viename: k\u016bnui, veidui, rankoms, nagams ir plaukams<\/p>\n<\/li>\n<li data-start=\"1198\" data-end=\"1227\">\n<p data-start=\"1200\" data-end=\"1227\">Dr\u0117kina ir giliai maitina<\/p>\n<\/li>\n<li data-start=\"1228\" data-end=\"1253\">\n<p data-start=\"1230\" data-end=\"1253\">Stiprina odos barjer\u0105<\/p>\n<\/li>\n<li data-start=\"1254\" data-end=\"1290\">\n<p data-start=\"1256\" data-end=\"1290\">Ramina jautri\u0105 ir sudirgusi\u0105 od\u0105<\/p>\n<\/li>\n<li data-start=\"1291\" data-end=\"1317\">\n<p data-start=\"1293\" data-end=\"1317\">Regeneruoja ir apsaugo<\/p>\n<\/li>\n<li data-start=\"1318\" data-end=\"1355\">\n<p data-start=\"1320\" data-end=\"1355\">Mink\u0161tina ir suteikia elastingumo<\/p>\n<\/li>\n<li data-start=\"1356\" data-end=\"1390\">\n<p data-start=\"1358\" data-end=\"1390\">Atkuria saus\u0173 plauk\u0173 strukt\u016br\u0105<\/p>\n<\/li>\n<li data-start=\"1391\" data-end=\"1430\">\n<p data-start=\"1393\" data-end=\"1430\">Greitai \u012fsigeria, nepalieka riebumo<\/p>\n<\/li>\n<li data-start=\"1431\" data-end=\"1466\">\n<p data-start=\"1433\" data-end=\"1466\">Malonus, ilgai i\u0161liekantis kvapas<\/p>\n<\/li>\n<\/ul>\n<p data-start=\"1468\" data-end=\"1545\">Tinka naudoti kasdien, ypa\u010d sausai, \u0161iurk\u0161\u010diai, jautriai ar pavargusiai odai.<\/p>\n<p data-start=\"1547\" data-end=\"1696\"><strong data-start=\"1547\" data-end=\"1562\">Naudojimas:<\/strong><br data-start=\"1562\" data-end=\"1565\" \/>Tepkite aliej\u0173 masa\u017euojamaisiais judesiais ant \u0161varios, sausos odos. Galima naudoti ant plauk\u0173 galiuk\u0173, nag\u0173 odeli\u0173 ar saus\u0173 viet\u0173.<\/p>\n<p data-start=\"1698\" data-end=\"1776\"><strong data-start=\"1698\" data-end=\"1725\">SINOZ MIRACLE OIL No:16<\/strong> \u2013 vienas produktas visiems J\u016bs\u0173 gro\u017eio poreikiams.<\/p>\n","protected":false},"excerpt":{"rendered":"<p data-start=\"296\" data-end=\"408\">SINOZ daugiafunkcinis aliejus dr\u0117kina, maitina ir atkuria od\u0105, nagus ir plaukus su 16 verting\u0173 augalini\u0173 aliej\u0173.<\/p>\n","protected":false},"featured_media":58895,"template":"","meta":[],"product_brand":[1354],"product_cat":[555,731],"product_tag":[1619],"class_list":{"0":"post-58894","1":"product","2":"type-product","3":"status-publish","4":"has-post-thumbnail","6":"product_brand-sinoz","7":"product_cat-kuno-aliejai-losjonai","8":"product_cat-kunui","9":"product_tag-sinoz","11":"first","12":"instock","13":"sale","14":"taxable","15":"shipping-taxable","16":"purchasable","17":"product-type-simple"},"yoast_head":"<!-- This site is optimized with the Yoast SEO plugin v27.4 - https:\/\/yoast.com\/product\/yoast-seo-wordpress\/ -->\n<title>SINOZ daugiafunkcinis aliejus MIRACLE OIL No:16, 100 ml - MalinaShop.lt J\u016bs\u0173 sveikatai ir gro\u017eiui.<\/title>\n<meta name=\"description\" content=\"SINOZ daugiafunkcinis aliejus dr\u0117kina, maitina ir atkuria od\u0105, nagus ir plaukus su 16 verting\u0173 augalini\u0173 aliej\u0173. SINOZ daugiafunkcinis aliejus su 16 augalini\u0173 aliej\u0173 dr\u0117kina, ramina ir atkuria od\u0105 bei plaukus, suteikdamas \u0161velnumo ir spindesio.\" \/>\n<meta name=\"robots\" content=\"index, follow, max-snippet:-1, max-image-preview:large, max-video-preview:-1\" \/>\n<link rel=\"canonical\" href=\"https:\/\/www.malinashop.lt\/en\/shop\/sinoz-daugiafunkcinis-aliejus-miracle-oil-no16-100-ml\/\" \/>\n<meta property=\"og:locale\" content=\"en_GB\" \/>\n<meta property=\"og:type\" content=\"article\" \/>\n<meta property=\"og:title\" content=\"SINOZ daugiafunkcinis aliejus MIRACLE OIL No:16, 100 ml - MalinaShop.lt J\u016bs\u0173 sveikatai ir gro\u017eiui.\" \/>\n<meta property=\"og:description\" content=\"SINOZ daugiafunkcinis aliejus dr\u0117kina, maitina ir atkuria od\u0105, nagus ir plaukus su 16 verting\u0173 augalini\u0173 aliej\u0173. SINOZ daugiafunkcinis aliejus su 16 augalini\u0173 aliej\u0173 dr\u0117kina, ramina ir atkuria od\u0105 bei plaukus, suteikdamas \u0161velnumo ir spindesio.\" \/>\n<meta property=\"og:url\" content=\"https:\/\/www.malinashop.lt\/en\/shop\/sinoz-daugiafunkcinis-aliejus-miracle-oil-no16-100-ml\/\" \/>\n<meta property=\"og:site_name\" content=\"MalinaShop.lt J\u016bs\u0173 sveikatai ir gro\u017eiui.\" \/>\n<meta property=\"article:modified_time\" content=\"2026-03-18T09:28:07+00:00\" \/>\n<meta property=\"og:image\" content=\"https:\/\/www.malinashop.lt\/wp-content\/uploads\/2025\/10\/SINOZ-daugiafunkcinis-aliejus-MIRACLE-OIL-No16-100-ml.webp\" \/>\n\t<meta property=\"og:image:width\" content=\"768\" \/>\n\t<meta property=\"og:image:height\" content=\"768\" \/>\n\t<meta property=\"og:image:type\" content=\"image\/webp\" \/>\n<meta name=\"twitter:card\" content=\"summary_large_image\" \/>\n<script type=\"application\/ld+json\" class=\"yoast-schema-graph\">{\"@context\":\"https:\\\/\\\/schema.org\",\"@graph\":[{\"@type\":\"WebPage\",\"@id\":\"https:\\\/\\\/www.malinashop.lt\\\/en\\\/shop\\\/sinoz-daugiafunkcinis-aliejus-miracle-oil-no16-100-ml\\\/\",\"url\":\"https:\\\/\\\/www.malinashop.lt\\\/en\\\/shop\\\/sinoz-daugiafunkcinis-aliejus-miracle-oil-no16-100-ml\\\/\",\"name\":\"SINOZ daugiafunkcinis aliejus MIRACLE OIL No:16, 100 ml - MalinaShop.lt J\u016bs\u0173 sveikatai ir gro\u017eiui.\",\"isPartOf\":{\"@id\":\"https:\\\/\\\/www.malinashop.lt\\\/en\\\/#website\"},\"primaryImageOfPage\":{\"@id\":\"https:\\\/\\\/www.malinashop.lt\\\/en\\\/shop\\\/sinoz-daugiafunkcinis-aliejus-miracle-oil-no16-100-ml\\\/#primaryimage\"},\"image\":{\"@id\":\"https:\\\/\\\/www.malinashop.lt\\\/en\\\/shop\\\/sinoz-daugiafunkcinis-aliejus-miracle-oil-no16-100-ml\\\/#primaryimage\"},\"thumbnailUrl\":\"https:\\\/\\\/www.malinashop.lt\\\/wp-content\\\/uploads\\\/2025\\\/10\\\/SINOZ-daugiafunkcinis-aliejus-MIRACLE-OIL-No16-100-ml.webp\",\"datePublished\":\"2025-10-20T09:50:52+00:00\",\"dateModified\":\"2026-03-18T09:28:07+00:00\",\"description\":\"SINOZ daugiafunkcinis aliejus dr\u0117kina, maitina ir atkuria od\u0105, nagus ir plaukus su 16 verting\u0173 augalini\u0173 aliej\u0173. SINOZ daugiafunkcinis aliejus su 16 augalini\u0173 aliej\u0173 dr\u0117kina, ramina ir atkuria od\u0105 bei plaukus, suteikdamas \u0161velnumo ir spindesio.\",\"breadcrumb\":{\"@id\":\"https:\\\/\\\/www.malinashop.lt\\\/en\\\/shop\\\/sinoz-daugiafunkcinis-aliejus-miracle-oil-no16-100-ml\\\/#breadcrumb\"},\"inLanguage\":\"en-GB\",\"potentialAction\":[{\"@type\":\"ReadAction\",\"target\":[\"https:\\\/\\\/www.malinashop.lt\\\/en\\\/shop\\\/sinoz-daugiafunkcinis-aliejus-miracle-oil-no16-100-ml\\\/\"]}]},{\"@type\":\"ImageObject\",\"inLanguage\":\"en-GB\",\"@id\":\"https:\\\/\\\/www.malinashop.lt\\\/en\\\/shop\\\/sinoz-daugiafunkcinis-aliejus-miracle-oil-no16-100-ml\\\/#primaryimage\",\"url\":\"https:\\\/\\\/www.malinashop.lt\\\/wp-content\\\/uploads\\\/2025\\\/10\\\/SINOZ-daugiafunkcinis-aliejus-MIRACLE-OIL-No16-100-ml.webp\",\"contentUrl\":\"https:\\\/\\\/www.malinashop.lt\\\/wp-content\\\/uploads\\\/2025\\\/10\\\/SINOZ-daugiafunkcinis-aliejus-MIRACLE-OIL-No16-100-ml.webp\",\"width\":768,\"height\":768},{\"@type\":\"BreadcrumbList\",\"@id\":\"https:\\\/\\\/www.malinashop.lt\\\/en\\\/shop\\\/sinoz-daugiafunkcinis-aliejus-miracle-oil-no16-100-ml\\\/#breadcrumb\",\"itemListElement\":[{\"@type\":\"ListItem\",\"position\":1,\"name\":\"Home\",\"item\":\"https:\\\/\\\/www.malinashop.lt\\\/en\\\/\"},{\"@type\":\"ListItem\",\"position\":2,\"name\":\"Parduotuv\u0117\",\"item\":\"https:\\\/\\\/www.malinashop.lt\\\/en\\\/parduotuve\\\/\"},{\"@type\":\"ListItem\",\"position\":3,\"name\":\"SINOZ daugiafunkcinis aliejus MIRACLE OIL No:16, 100 ml\"}]},{\"@type\":\"WebSite\",\"@id\":\"https:\\\/\\\/www.malinashop.lt\\\/en\\\/#website\",\"url\":\"https:\\\/\\\/www.malinashop.lt\\\/en\\\/\",\"name\":\"COM Group Ecommerce\",\"description\":\"MalinaShop.lt - Gro\u017eio ir sveikatos produktai i\u0161 patikim\u0173 preki\u0173 \u017eenkl\u0173. Atraskite auk\u0161tos kokyb\u0117s kosmetik\u0105 u\u017e puiki\u0105 kain\u0105.\",\"publisher\":{\"@id\":\"https:\\\/\\\/www.malinashop.lt\\\/en\\\/#organization\"},\"potentialAction\":[{\"@type\":\"SearchAction\",\"target\":{\"@type\":\"EntryPoint\",\"urlTemplate\":\"https:\\\/\\\/www.malinashop.lt\\\/en\\\/?s={search_term_string}\"},\"query-input\":{\"@type\":\"PropertyValueSpecification\",\"valueRequired\":true,\"valueName\":\"search_term_string\"}}],\"inLanguage\":\"en-GB\"},{\"@type\":\"Organization\",\"@id\":\"https:\\\/\\\/www.malinashop.lt\\\/en\\\/#organization\",\"name\":\"COM Group Ecommerce\",\"url\":\"https:\\\/\\\/www.malinashop.lt\\\/en\\\/\",\"logo\":{\"@type\":\"ImageObject\",\"inLanguage\":\"en-GB\",\"@id\":\"https:\\\/\\\/www.malinashop.lt\\\/en\\\/#\\\/schema\\\/logo\\\/image\\\/\",\"url\":\"https:\\\/\\\/www.malinashop.lt\\\/wp-content\\\/uploads\\\/2024\\\/08\\\/462559670_3787732518133670_9795632669273463_n-e1731525914575.png\",\"contentUrl\":\"https:\\\/\\\/www.malinashop.lt\\\/wp-content\\\/uploads\\\/2024\\\/08\\\/462559670_3787732518133670_9795632669273463_n-e1731525914575.png\",\"width\":180,\"height\":60,\"caption\":\"COM Group Ecommerce\"},\"image\":{\"@id\":\"https:\\\/\\\/www.malinashop.lt\\\/en\\\/#\\\/schema\\\/logo\\\/image\\\/\"}}]}<\/script>\n<!-- \/ Yoast SEO plugin. -->","yoast_head_json":{"title":"SINOZ daugiafunkcinis aliejus MIRACLE OIL No:16, 100 ml - MalinaShop.lt J\u016bs\u0173 sveikatai ir gro\u017eiui.","description":"SINOZ daugiafunkcinis aliejus dr\u0117kina, maitina ir atkuria od\u0105, nagus ir plaukus su 16 verting\u0173 augalini\u0173 aliej\u0173. SINOZ daugiafunkcinis aliejus su 16 augalini\u0173 aliej\u0173 dr\u0117kina, ramina ir atkuria od\u0105 bei plaukus, suteikdamas \u0161velnumo ir spindesio.","robots":{"index":"index","follow":"follow","max-snippet":"max-snippet:-1","max-image-preview":"max-image-preview:large","max-video-preview":"max-video-preview:-1"},"canonical":"https:\/\/www.malinashop.lt\/en\/shop\/sinoz-daugiafunkcinis-aliejus-miracle-oil-no16-100-ml\/","og_locale":"en_GB","og_type":"article","og_title":"SINOZ daugiafunkcinis aliejus MIRACLE OIL No:16, 100 ml - MalinaShop.lt J\u016bs\u0173 sveikatai ir gro\u017eiui.","og_description":"SINOZ daugiafunkcinis aliejus dr\u0117kina, maitina ir atkuria od\u0105, nagus ir plaukus su 16 verting\u0173 augalini\u0173 aliej\u0173. SINOZ daugiafunkcinis aliejus su 16 augalini\u0173 aliej\u0173 dr\u0117kina, ramina ir atkuria od\u0105 bei plaukus, suteikdamas \u0161velnumo ir spindesio.","og_url":"https:\/\/www.malinashop.lt\/en\/shop\/sinoz-daugiafunkcinis-aliejus-miracle-oil-no16-100-ml\/","og_site_name":"MalinaShop.lt J\u016bs\u0173 sveikatai ir gro\u017eiui.","article_modified_time":"2026-03-18T09:28:07+00:00","og_image":[{"width":768,"height":768,"url":"https:\/\/www.malinashop.lt\/wp-content\/uploads\/2025\/10\/SINOZ-daugiafunkcinis-aliejus-MIRACLE-OIL-No16-100-ml.webp","type":"image\/webp"}],"twitter_card":"summary_large_image","schema":{"@context":"https:\/\/schema.org","@graph":[{"@type":"WebPage","@id":"https:\/\/www.malinashop.lt\/en\/shop\/sinoz-daugiafunkcinis-aliejus-miracle-oil-no16-100-ml\/","url":"https:\/\/www.malinashop.lt\/en\/shop\/sinoz-daugiafunkcinis-aliejus-miracle-oil-no16-100-ml\/","name":"SINOZ daugiafunkcinis aliejus MIRACLE OIL No:16, 100 ml - MalinaShop.lt J\u016bs\u0173 sveikatai ir gro\u017eiui.","isPartOf":{"@id":"https:\/\/www.malinashop.lt\/en\/#website"},"primaryImageOfPage":{"@id":"https:\/\/www.malinashop.lt\/en\/shop\/sinoz-daugiafunkcinis-aliejus-miracle-oil-no16-100-ml\/#primaryimage"},"image":{"@id":"https:\/\/www.malinashop.lt\/en\/shop\/sinoz-daugiafunkcinis-aliejus-miracle-oil-no16-100-ml\/#primaryimage"},"thumbnailUrl":"https:\/\/www.malinashop.lt\/wp-content\/uploads\/2025\/10\/SINOZ-daugiafunkcinis-aliejus-MIRACLE-OIL-No16-100-ml.webp","datePublished":"2025-10-20T09:50:52+00:00","dateModified":"2026-03-18T09:28:07+00:00","description":"SINOZ daugiafunkcinis aliejus dr\u0117kina, maitina ir atkuria od\u0105, nagus ir plaukus su 16 verting\u0173 augalini\u0173 aliej\u0173. SINOZ daugiafunkcinis aliejus su 16 augalini\u0173 aliej\u0173 dr\u0117kina, ramina ir atkuria od\u0105 bei plaukus, suteikdamas \u0161velnumo ir spindesio.","breadcrumb":{"@id":"https:\/\/www.malinashop.lt\/en\/shop\/sinoz-daugiafunkcinis-aliejus-miracle-oil-no16-100-ml\/#breadcrumb"},"inLanguage":"en-GB","potentialAction":[{"@type":"ReadAction","target":["https:\/\/www.malinashop.lt\/en\/shop\/sinoz-daugiafunkcinis-aliejus-miracle-oil-no16-100-ml\/"]}]},{"@type":"ImageObject","inLanguage":"en-GB","@id":"https:\/\/www.malinashop.lt\/en\/shop\/sinoz-daugiafunkcinis-aliejus-miracle-oil-no16-100-ml\/#primaryimage","url":"https:\/\/www.malinashop.lt\/wp-content\/uploads\/2025\/10\/SINOZ-daugiafunkcinis-aliejus-MIRACLE-OIL-No16-100-ml.webp","contentUrl":"https:\/\/www.malinashop.lt\/wp-content\/uploads\/2025\/10\/SINOZ-daugiafunkcinis-aliejus-MIRACLE-OIL-No16-100-ml.webp","width":768,"height":768},{"@type":"BreadcrumbList","@id":"https:\/\/www.malinashop.lt\/en\/shop\/sinoz-daugiafunkcinis-aliejus-miracle-oil-no16-100-ml\/#breadcrumb","itemListElement":[{"@type":"ListItem","position":1,"name":"Home","item":"https:\/\/www.malinashop.lt\/en\/"},{"@type":"ListItem","position":2,"name":"Parduotuv\u0117","item":"https:\/\/www.malinashop.lt\/en\/parduotuve\/"},{"@type":"ListItem","position":3,"name":"SINOZ daugiafunkcinis aliejus MIRACLE OIL No:16, 100 ml"}]},{"@type":"WebSite","@id":"https:\/\/www.malinashop.lt\/en\/#website","url":"https:\/\/www.malinashop.lt\/en\/","name":"COM Group Ecommerce","description":"MalinaShop.lt - Gro\u017eio ir sveikatos produktai i\u0161 patikim\u0173 preki\u0173 \u017eenkl\u0173. Atraskite auk\u0161tos kokyb\u0117s kosmetik\u0105 u\u017e puiki\u0105 kain\u0105.","publisher":{"@id":"https:\/\/www.malinashop.lt\/en\/#organization"},"potentialAction":[{"@type":"SearchAction","target":{"@type":"EntryPoint","urlTemplate":"https:\/\/www.malinashop.lt\/en\/?s={search_term_string}"},"query-input":{"@type":"PropertyValueSpecification","valueRequired":true,"valueName":"search_term_string"}}],"inLanguage":"en-GB"},{"@type":"Organization","@id":"https:\/\/www.malinashop.lt\/en\/#organization","name":"COM Group Ecommerce","url":"https:\/\/www.malinashop.lt\/en\/","logo":{"@type":"ImageObject","inLanguage":"en-GB","@id":"https:\/\/www.malinashop.lt\/en\/#\/schema\/logo\/image\/","url":"https:\/\/www.malinashop.lt\/wp-content\/uploads\/2024\/08\/462559670_3787732518133670_9795632669273463_n-e1731525914575.png","contentUrl":"https:\/\/www.malinashop.lt\/wp-content\/uploads\/2024\/08\/462559670_3787732518133670_9795632669273463_n-e1731525914575.png","width":180,"height":60,"caption":"COM Group Ecommerce"},"image":{"@id":"https:\/\/www.malinashop.lt\/en\/#\/schema\/logo\/image\/"}}]}},"jetpack_sharing_enabled":true,"_links":{"self":[{"href":"https:\/\/www.malinashop.lt\/en\/wp-json\/wp\/v2\/product\/58894","targetHints":{"allow":["GET"]}}],"collection":[{"href":"https:\/\/www.malinashop.lt\/en\/wp-json\/wp\/v2\/product"}],"about":[{"href":"https:\/\/www.malinashop.lt\/en\/wp-json\/wp\/v2\/types\/product"}],"version-history":[{"count":1,"href":"https:\/\/www.malinashop.lt\/en\/wp-json\/wp\/v2\/product\/58894\/revisions"}],"predecessor-version":[{"id":58896,"href":"https:\/\/www.malinashop.lt\/en\/wp-json\/wp\/v2\/product\/58894\/revisions\/58896"}],"wp:featuredmedia":[{"embeddable":true,"href":"https:\/\/www.malinashop.lt\/en\/wp-json\/wp\/v2\/media\/58895"}],"wp:attachment":[{"href":"https:\/\/www.malinashop.lt\/en\/wp-json\/wp\/v2\/media?parent=58894"}],"wp:term":[{"taxonomy":"product_brand","embeddable":true,"href":"https:\/\/www.malinashop.lt\/en\/wp-json\/wp\/v2\/product_brand?post=58894"},{"taxonomy":"product_cat","embeddable":true,"href":"https:\/\/www.malinashop.lt\/en\/wp-json\/wp\/v2\/product_cat?post=58894"},{"taxonomy":"product_tag","embeddable":true,"href":"https:\/\/www.malinashop.lt\/en\/wp-json\/wp\/v2\/product_tag?post=58894"}],"curies":[{"name":"wp","href":"https:\/\/api.w.org\/{rel}","templated":true}]}}