{"id":58891,"date":"2025-10-20T12:49:47","date_gmt":"2025-10-20T09:49:47","guid":{"rendered":"https:\/\/malinashop.lt\/?post_type=product&#038;p=58891"},"modified":"2026-03-18T12:28:07","modified_gmt":"2026-03-18T09:28:07","slug":"sinoz-spindesio-suteikiantis-kuno-aliejus-miracle-shimmer-no16-100-ml","status":"publish","type":"product","link":"https:\/\/www.malinashop.lt\/en\/shop\/sinoz-spindesio-suteikiantis-kuno-aliejus-miracle-shimmer-no16-100-ml\/","title":{"rendered":"SINOZ spindesio suteikiantis k\u016bno aliejus MIRACLE SHIMMER No:16, 100 ml"},"content":{"rendered":"<p data-start=\"510\" data-end=\"844\"><strong data-start=\"510\" data-end=\"577\">SINOZ spindesio suteikiantis k\u016bno aliejus MIRACLE SHIMMER No:16<\/strong> \u2013 tai prabangus k\u016bno aliejus, kuris intensyviai dr\u0117kina od\u0105 ir suteikia jai nepriekai\u0161ting\u0105 \u0161vyt\u0117jim\u0105. \u0160is <strong data-start=\"685\" data-end=\"724\">spindesio suteikiantis k\u016bno aliejus<\/strong> praturtintas net <strong data-start=\"742\" data-end=\"772\">16 tauri\u0173j\u0173 aliej\u0173 formule<\/strong>, kuri maitina od\u0105, gerina jos elastingum\u0105 ir suteikia \u0161ilkin\u012f \u0161velnum\u0105.<\/p>\n<p data-start=\"846\" data-end=\"1065\">Unikal\u016bs <strong data-start=\"855\" data-end=\"883\">perlamutriniai pigmentai<\/strong> subtiliai pary\u0161kina k\u016bno formas ir suteikia \u0161vytint\u012f, glotn\u0173 efekt\u0105 \u2013 idealiai tinka tiek kasdienai, tiek ypatingoms progoms. Oda atrodo sveikesn\u0117, spindinti ir stulbinan\u010diai gra\u017ei.<\/p>\n<p data-start=\"1067\" data-end=\"1196\">K\u016bno aliejus pasi\u017eymi <strong data-start=\"1089\" data-end=\"1124\">legendiniu s\u016brio pyrago aromatu<\/strong>, kuris suteikia sald\u017ei\u0105, gurmani\u0161k\u0105 ir ilgai i\u0161liekan\u010di\u0105 kvapo patirt\u012f.<\/p>\n<p data-start=\"1198\" data-end=\"1241\"><strong data-start=\"1198\" data-end=\"1241\">SINOZ MIRACLE SHIMMER No:16 privalumai:<\/strong><\/p>\n<ul data-start=\"1242\" data-end=\"1507\">\n<li data-start=\"1242\" data-end=\"1278\">\n<p data-start=\"1244\" data-end=\"1278\">Suteikia intensyv\u0173 k\u016bno spindes\u012f<\/p>\n<\/li>\n<li data-start=\"1279\" data-end=\"1305\">\n<p data-start=\"1281\" data-end=\"1305\">Dr\u0117kina ir maitina od\u0105<\/p>\n<\/li>\n<li data-start=\"1306\" data-end=\"1336\">\n<p data-start=\"1308\" data-end=\"1336\">16 tauri\u0173j\u0173 aliej\u0173 formul\u0117<\/p>\n<\/li>\n<li data-start=\"1337\" data-end=\"1376\">\n<p data-start=\"1339\" data-end=\"1376\">Perlamutriniai pigmentai \u0161vyt\u0117jimui<\/p>\n<\/li>\n<li data-start=\"1377\" data-end=\"1406\">\n<p data-start=\"1379\" data-end=\"1406\">Glotnina ir mink\u0161tina od\u0105<\/p>\n<\/li>\n<li data-start=\"1407\" data-end=\"1444\">\n<p data-start=\"1409\" data-end=\"1444\">Gurmani\u0161kas s\u016brio pyrago aromatas<\/p>\n<\/li>\n<li data-start=\"1445\" data-end=\"1469\">\n<p data-start=\"1447\" data-end=\"1469\">Tinka vis\u0173 tip\u0173 odai<\/p>\n<\/li>\n<li data-start=\"1470\" data-end=\"1507\">\n<p data-start=\"1472\" data-end=\"1507\">Lengvai \u012fsigeria, nepalieka riebumo<\/p>\n<\/li>\n<\/ul>\n<p data-start=\"1509\" data-end=\"1682\"><strong data-start=\"1509\" data-end=\"1524\">Naudojimas:<\/strong><br data-start=\"1524\" data-end=\"1527\" \/>Tepkite aliej\u0173 masa\u017euojamaisiais judesiais ant \u0161varios, sausos odos. Galima naudoti ant rank\u0173, koj\u0173, pe\u010di\u0173 ar i\u0161kirpt\u0117s srities, norint suteikti \u0161vyt\u0117jimo.<\/p>\n<p data-start=\"1684\" data-end=\"1755\"><strong data-start=\"1684\" data-end=\"1713\">SINOZ MIRACLE SHIMMER OIL<\/strong> \u2013 spindinti oda ir prabanga viename la\u0161e.<\/p>\n","protected":false},"excerpt":{"rendered":"<p>SINOZ spindesio suteikiantis k\u016bno aliejus dr\u0117kina od\u0105, suteikia perlamutrin\u012f \u0161vyt\u0117jim\u0105 ir u\u017eburia sald\u017eiu aromatu.<\/p>\n","protected":false},"featured_media":58892,"template":"","meta":[],"product_brand":[1354],"product_cat":[555,731],"product_tag":[1619],"class_list":{"0":"post-58891","1":"product","2":"type-product","3":"status-publish","4":"has-post-thumbnail","6":"product_brand-sinoz","7":"product_cat-kuno-aliejai-losjonai","8":"product_cat-kunui","9":"product_tag-sinoz","11":"first","12":"instock","13":"sale","14":"taxable","15":"shipping-taxable","16":"purchasable","17":"product-type-simple"},"yoast_head":"<!-- This site is optimized with the Yoast SEO plugin v27.4 - https:\/\/yoast.com\/product\/yoast-seo-wordpress\/ -->\n<title>SINOZ spindesio suteikiantis k\u016bno aliejus MIRACLE SHIMMER No:16, 100 ml - MalinaShop.lt J\u016bs\u0173 sveikatai ir gro\u017eiui.<\/title>\n<meta name=\"description\" content=\"SINOZ spindesio suteikiantis k\u016bno aliejus dr\u0117kina od\u0105, suteikia perlamutrin\u012f \u0161vyt\u0117jim\u0105 ir u\u017eburia sald\u017eiu aromatu. SINOZ spindesio suteikiantis k\u016bno aliejus su 16 tauri\u0173j\u0173 aliej\u0173 dr\u0117kina od\u0105, suteikia perlamutrin\u012f \u0161vyt\u0117jim\u0105 ir gurmani\u0161k\u0105 aromat\u0105.\" \/>\n<meta name=\"robots\" content=\"index, follow, max-snippet:-1, max-image-preview:large, max-video-preview:-1\" \/>\n<link rel=\"canonical\" href=\"https:\/\/www.malinashop.lt\/en\/shop\/sinoz-spindesio-suteikiantis-kuno-aliejus-miracle-shimmer-no16-100-ml\/\" \/>\n<meta property=\"og:locale\" content=\"en_GB\" \/>\n<meta property=\"og:type\" content=\"article\" \/>\n<meta property=\"og:title\" content=\"SINOZ spindesio suteikiantis k\u016bno aliejus MIRACLE SHIMMER No:16, 100 ml - MalinaShop.lt J\u016bs\u0173 sveikatai ir gro\u017eiui.\" \/>\n<meta property=\"og:description\" content=\"SINOZ spindesio suteikiantis k\u016bno aliejus dr\u0117kina od\u0105, suteikia perlamutrin\u012f \u0161vyt\u0117jim\u0105 ir u\u017eburia sald\u017eiu aromatu. SINOZ spindesio suteikiantis k\u016bno aliejus su 16 tauri\u0173j\u0173 aliej\u0173 dr\u0117kina od\u0105, suteikia perlamutrin\u012f \u0161vyt\u0117jim\u0105 ir gurmani\u0161k\u0105 aromat\u0105.\" \/>\n<meta property=\"og:url\" content=\"https:\/\/www.malinashop.lt\/en\/shop\/sinoz-spindesio-suteikiantis-kuno-aliejus-miracle-shimmer-no16-100-ml\/\" \/>\n<meta property=\"og:site_name\" content=\"MalinaShop.lt J\u016bs\u0173 sveikatai ir gro\u017eiui.\" \/>\n<meta property=\"article:modified_time\" content=\"2026-03-18T09:28:07+00:00\" \/>\n<meta property=\"og:image\" content=\"https:\/\/www.malinashop.lt\/wp-content\/uploads\/2025\/10\/SINOZ-spindesio-suteikiantis-kuno-aliejus-MIRACLE-SHIMMER-No16-100-ml.webp\" \/>\n\t<meta property=\"og:image:width\" content=\"768\" \/>\n\t<meta property=\"og:image:height\" content=\"768\" \/>\n\t<meta property=\"og:image:type\" content=\"image\/webp\" \/>\n<meta name=\"twitter:card\" content=\"summary_large_image\" \/>\n<script type=\"application\/ld+json\" class=\"yoast-schema-graph\">{\"@context\":\"https:\\\/\\\/schema.org\",\"@graph\":[{\"@type\":\"WebPage\",\"@id\":\"https:\\\/\\\/www.malinashop.lt\\\/en\\\/shop\\\/sinoz-spindesio-suteikiantis-kuno-aliejus-miracle-shimmer-no16-100-ml\\\/\",\"url\":\"https:\\\/\\\/www.malinashop.lt\\\/en\\\/shop\\\/sinoz-spindesio-suteikiantis-kuno-aliejus-miracle-shimmer-no16-100-ml\\\/\",\"name\":\"SINOZ spindesio suteikiantis k\u016bno aliejus MIRACLE SHIMMER No:16, 100 ml - MalinaShop.lt J\u016bs\u0173 sveikatai ir gro\u017eiui.\",\"isPartOf\":{\"@id\":\"https:\\\/\\\/www.malinashop.lt\\\/#website\"},\"primaryImageOfPage\":{\"@id\":\"https:\\\/\\\/www.malinashop.lt\\\/en\\\/shop\\\/sinoz-spindesio-suteikiantis-kuno-aliejus-miracle-shimmer-no16-100-ml\\\/#primaryimage\"},\"image\":{\"@id\":\"https:\\\/\\\/www.malinashop.lt\\\/en\\\/shop\\\/sinoz-spindesio-suteikiantis-kuno-aliejus-miracle-shimmer-no16-100-ml\\\/#primaryimage\"},\"thumbnailUrl\":\"https:\\\/\\\/www.malinashop.lt\\\/wp-content\\\/uploads\\\/2025\\\/10\\\/SINOZ-spindesio-suteikiantis-kuno-aliejus-MIRACLE-SHIMMER-No16-100-ml.webp\",\"datePublished\":\"2025-10-20T09:49:47+00:00\",\"dateModified\":\"2026-03-18T09:28:07+00:00\",\"description\":\"SINOZ spindesio suteikiantis k\u016bno aliejus dr\u0117kina od\u0105, suteikia perlamutrin\u012f \u0161vyt\u0117jim\u0105 ir u\u017eburia sald\u017eiu aromatu. SINOZ spindesio suteikiantis k\u016bno aliejus su 16 tauri\u0173j\u0173 aliej\u0173 dr\u0117kina od\u0105, suteikia perlamutrin\u012f \u0161vyt\u0117jim\u0105 ir gurmani\u0161k\u0105 aromat\u0105.\",\"breadcrumb\":{\"@id\":\"https:\\\/\\\/www.malinashop.lt\\\/en\\\/shop\\\/sinoz-spindesio-suteikiantis-kuno-aliejus-miracle-shimmer-no16-100-ml\\\/#breadcrumb\"},\"inLanguage\":\"en-GB\",\"potentialAction\":[{\"@type\":\"ReadAction\",\"target\":[\"https:\\\/\\\/www.malinashop.lt\\\/en\\\/shop\\\/sinoz-spindesio-suteikiantis-kuno-aliejus-miracle-shimmer-no16-100-ml\\\/\"]}]},{\"@type\":\"ImageObject\",\"inLanguage\":\"en-GB\",\"@id\":\"https:\\\/\\\/www.malinashop.lt\\\/en\\\/shop\\\/sinoz-spindesio-suteikiantis-kuno-aliejus-miracle-shimmer-no16-100-ml\\\/#primaryimage\",\"url\":\"https:\\\/\\\/www.malinashop.lt\\\/wp-content\\\/uploads\\\/2025\\\/10\\\/SINOZ-spindesio-suteikiantis-kuno-aliejus-MIRACLE-SHIMMER-No16-100-ml.webp\",\"contentUrl\":\"https:\\\/\\\/www.malinashop.lt\\\/wp-content\\\/uploads\\\/2025\\\/10\\\/SINOZ-spindesio-suteikiantis-kuno-aliejus-MIRACLE-SHIMMER-No16-100-ml.webp\",\"width\":768,\"height\":768},{\"@type\":\"BreadcrumbList\",\"@id\":\"https:\\\/\\\/www.malinashop.lt\\\/en\\\/shop\\\/sinoz-spindesio-suteikiantis-kuno-aliejus-miracle-shimmer-no16-100-ml\\\/#breadcrumb\",\"itemListElement\":[{\"@type\":\"ListItem\",\"position\":1,\"name\":\"Pagrindinis\",\"item\":\"https:\\\/\\\/www.malinashop.lt\\\/\"},{\"@type\":\"ListItem\",\"position\":2,\"name\":\"Parduotuv\u0117\",\"item\":\"https:\\\/\\\/www.malinashop.lt\\\/en\\\/parduotuve\\\/\"},{\"@type\":\"ListItem\",\"position\":3,\"name\":\"SINOZ spindesio suteikiantis k\u016bno aliejus MIRACLE SHIMMER No:16, 100 ml\"}]},{\"@type\":\"WebSite\",\"@id\":\"https:\\\/\\\/www.malinashop.lt\\\/#website\",\"url\":\"https:\\\/\\\/www.malinashop.lt\\\/\",\"name\":\"COM Group Ecommerce\",\"description\":\"MalinaShop.lt - Gro\u017eio ir sveikatos produktai i\u0161 patikim\u0173 preki\u0173 \u017eenkl\u0173. Atraskite auk\u0161tos kokyb\u0117s kosmetik\u0105 u\u017e puiki\u0105 kain\u0105.\",\"publisher\":{\"@id\":\"https:\\\/\\\/www.malinashop.lt\\\/#organization\"},\"potentialAction\":[{\"@type\":\"SearchAction\",\"target\":{\"@type\":\"EntryPoint\",\"urlTemplate\":\"https:\\\/\\\/www.malinashop.lt\\\/?s={search_term_string}\"},\"query-input\":{\"@type\":\"PropertyValueSpecification\",\"valueRequired\":true,\"valueName\":\"search_term_string\"}}],\"inLanguage\":\"en-GB\"},{\"@type\":\"Organization\",\"@id\":\"https:\\\/\\\/www.malinashop.lt\\\/#organization\",\"name\":\"COM Group Ecommerce\",\"url\":\"https:\\\/\\\/www.malinashop.lt\\\/\",\"logo\":{\"@type\":\"ImageObject\",\"inLanguage\":\"en-GB\",\"@id\":\"https:\\\/\\\/www.malinashop.lt\\\/#\\\/schema\\\/logo\\\/image\\\/\",\"url\":\"https:\\\/\\\/www.malinashop.lt\\\/wp-content\\\/uploads\\\/2024\\\/08\\\/462559670_3787732518133670_9795632669273463_n-e1731525914575.png\",\"contentUrl\":\"https:\\\/\\\/www.malinashop.lt\\\/wp-content\\\/uploads\\\/2024\\\/08\\\/462559670_3787732518133670_9795632669273463_n-e1731525914575.png\",\"width\":180,\"height\":60,\"caption\":\"COM Group Ecommerce\"},\"image\":{\"@id\":\"https:\\\/\\\/www.malinashop.lt\\\/#\\\/schema\\\/logo\\\/image\\\/\"}}]}<\/script>\n<!-- \/ Yoast SEO plugin. -->","yoast_head_json":{"title":"SINOZ spindesio suteikiantis k\u016bno aliejus MIRACLE SHIMMER No:16, 100 ml - MalinaShop.lt J\u016bs\u0173 sveikatai ir gro\u017eiui.","description":"SINOZ spindesio suteikiantis k\u016bno aliejus dr\u0117kina od\u0105, suteikia perlamutrin\u012f \u0161vyt\u0117jim\u0105 ir u\u017eburia sald\u017eiu aromatu. SINOZ spindesio suteikiantis k\u016bno aliejus su 16 tauri\u0173j\u0173 aliej\u0173 dr\u0117kina od\u0105, suteikia perlamutrin\u012f \u0161vyt\u0117jim\u0105 ir gurmani\u0161k\u0105 aromat\u0105.","robots":{"index":"index","follow":"follow","max-snippet":"max-snippet:-1","max-image-preview":"max-image-preview:large","max-video-preview":"max-video-preview:-1"},"canonical":"https:\/\/www.malinashop.lt\/en\/shop\/sinoz-spindesio-suteikiantis-kuno-aliejus-miracle-shimmer-no16-100-ml\/","og_locale":"en_GB","og_type":"article","og_title":"SINOZ spindesio suteikiantis k\u016bno aliejus MIRACLE SHIMMER No:16, 100 ml - MalinaShop.lt J\u016bs\u0173 sveikatai ir gro\u017eiui.","og_description":"SINOZ spindesio suteikiantis k\u016bno aliejus dr\u0117kina od\u0105, suteikia perlamutrin\u012f \u0161vyt\u0117jim\u0105 ir u\u017eburia sald\u017eiu aromatu. SINOZ spindesio suteikiantis k\u016bno aliejus su 16 tauri\u0173j\u0173 aliej\u0173 dr\u0117kina od\u0105, suteikia perlamutrin\u012f \u0161vyt\u0117jim\u0105 ir gurmani\u0161k\u0105 aromat\u0105.","og_url":"https:\/\/www.malinashop.lt\/en\/shop\/sinoz-spindesio-suteikiantis-kuno-aliejus-miracle-shimmer-no16-100-ml\/","og_site_name":"MalinaShop.lt J\u016bs\u0173 sveikatai ir gro\u017eiui.","article_modified_time":"2026-03-18T09:28:07+00:00","og_image":[{"width":768,"height":768,"url":"https:\/\/www.malinashop.lt\/wp-content\/uploads\/2025\/10\/SINOZ-spindesio-suteikiantis-kuno-aliejus-MIRACLE-SHIMMER-No16-100-ml.webp","type":"image\/webp"}],"twitter_card":"summary_large_image","schema":{"@context":"https:\/\/schema.org","@graph":[{"@type":"WebPage","@id":"https:\/\/www.malinashop.lt\/en\/shop\/sinoz-spindesio-suteikiantis-kuno-aliejus-miracle-shimmer-no16-100-ml\/","url":"https:\/\/www.malinashop.lt\/en\/shop\/sinoz-spindesio-suteikiantis-kuno-aliejus-miracle-shimmer-no16-100-ml\/","name":"SINOZ spindesio suteikiantis k\u016bno aliejus MIRACLE SHIMMER No:16, 100 ml - MalinaShop.lt J\u016bs\u0173 sveikatai ir gro\u017eiui.","isPartOf":{"@id":"https:\/\/www.malinashop.lt\/#website"},"primaryImageOfPage":{"@id":"https:\/\/www.malinashop.lt\/en\/shop\/sinoz-spindesio-suteikiantis-kuno-aliejus-miracle-shimmer-no16-100-ml\/#primaryimage"},"image":{"@id":"https:\/\/www.malinashop.lt\/en\/shop\/sinoz-spindesio-suteikiantis-kuno-aliejus-miracle-shimmer-no16-100-ml\/#primaryimage"},"thumbnailUrl":"https:\/\/www.malinashop.lt\/wp-content\/uploads\/2025\/10\/SINOZ-spindesio-suteikiantis-kuno-aliejus-MIRACLE-SHIMMER-No16-100-ml.webp","datePublished":"2025-10-20T09:49:47+00:00","dateModified":"2026-03-18T09:28:07+00:00","description":"SINOZ spindesio suteikiantis k\u016bno aliejus dr\u0117kina od\u0105, suteikia perlamutrin\u012f \u0161vyt\u0117jim\u0105 ir u\u017eburia sald\u017eiu aromatu. SINOZ spindesio suteikiantis k\u016bno aliejus su 16 tauri\u0173j\u0173 aliej\u0173 dr\u0117kina od\u0105, suteikia perlamutrin\u012f \u0161vyt\u0117jim\u0105 ir gurmani\u0161k\u0105 aromat\u0105.","breadcrumb":{"@id":"https:\/\/www.malinashop.lt\/en\/shop\/sinoz-spindesio-suteikiantis-kuno-aliejus-miracle-shimmer-no16-100-ml\/#breadcrumb"},"inLanguage":"en-GB","potentialAction":[{"@type":"ReadAction","target":["https:\/\/www.malinashop.lt\/en\/shop\/sinoz-spindesio-suteikiantis-kuno-aliejus-miracle-shimmer-no16-100-ml\/"]}]},{"@type":"ImageObject","inLanguage":"en-GB","@id":"https:\/\/www.malinashop.lt\/en\/shop\/sinoz-spindesio-suteikiantis-kuno-aliejus-miracle-shimmer-no16-100-ml\/#primaryimage","url":"https:\/\/www.malinashop.lt\/wp-content\/uploads\/2025\/10\/SINOZ-spindesio-suteikiantis-kuno-aliejus-MIRACLE-SHIMMER-No16-100-ml.webp","contentUrl":"https:\/\/www.malinashop.lt\/wp-content\/uploads\/2025\/10\/SINOZ-spindesio-suteikiantis-kuno-aliejus-MIRACLE-SHIMMER-No16-100-ml.webp","width":768,"height":768},{"@type":"BreadcrumbList","@id":"https:\/\/www.malinashop.lt\/en\/shop\/sinoz-spindesio-suteikiantis-kuno-aliejus-miracle-shimmer-no16-100-ml\/#breadcrumb","itemListElement":[{"@type":"ListItem","position":1,"name":"Pagrindinis","item":"https:\/\/www.malinashop.lt\/"},{"@type":"ListItem","position":2,"name":"Parduotuv\u0117","item":"https:\/\/www.malinashop.lt\/en\/parduotuve\/"},{"@type":"ListItem","position":3,"name":"SINOZ spindesio suteikiantis k\u016bno aliejus MIRACLE SHIMMER No:16, 100 ml"}]},{"@type":"WebSite","@id":"https:\/\/www.malinashop.lt\/#website","url":"https:\/\/www.malinashop.lt\/","name":"COM Group Ecommerce","description":"MalinaShop.lt - Gro\u017eio ir sveikatos produktai i\u0161 patikim\u0173 preki\u0173 \u017eenkl\u0173. Atraskite auk\u0161tos kokyb\u0117s kosmetik\u0105 u\u017e puiki\u0105 kain\u0105.","publisher":{"@id":"https:\/\/www.malinashop.lt\/#organization"},"potentialAction":[{"@type":"SearchAction","target":{"@type":"EntryPoint","urlTemplate":"https:\/\/www.malinashop.lt\/?s={search_term_string}"},"query-input":{"@type":"PropertyValueSpecification","valueRequired":true,"valueName":"search_term_string"}}],"inLanguage":"en-GB"},{"@type":"Organization","@id":"https:\/\/www.malinashop.lt\/#organization","name":"COM Group Ecommerce","url":"https:\/\/www.malinashop.lt\/","logo":{"@type":"ImageObject","inLanguage":"en-GB","@id":"https:\/\/www.malinashop.lt\/#\/schema\/logo\/image\/","url":"https:\/\/www.malinashop.lt\/wp-content\/uploads\/2024\/08\/462559670_3787732518133670_9795632669273463_n-e1731525914575.png","contentUrl":"https:\/\/www.malinashop.lt\/wp-content\/uploads\/2024\/08\/462559670_3787732518133670_9795632669273463_n-e1731525914575.png","width":180,"height":60,"caption":"COM Group Ecommerce"},"image":{"@id":"https:\/\/www.malinashop.lt\/#\/schema\/logo\/image\/"}}]}},"jetpack_sharing_enabled":true,"_links":{"self":[{"href":"https:\/\/www.malinashop.lt\/en\/wp-json\/wp\/v2\/product\/58891","targetHints":{"allow":["GET"]}}],"collection":[{"href":"https:\/\/www.malinashop.lt\/en\/wp-json\/wp\/v2\/product"}],"about":[{"href":"https:\/\/www.malinashop.lt\/en\/wp-json\/wp\/v2\/types\/product"}],"version-history":[{"count":1,"href":"https:\/\/www.malinashop.lt\/en\/wp-json\/wp\/v2\/product\/58891\/revisions"}],"predecessor-version":[{"id":58893,"href":"https:\/\/www.malinashop.lt\/en\/wp-json\/wp\/v2\/product\/58891\/revisions\/58893"}],"wp:featuredmedia":[{"embeddable":true,"href":"https:\/\/www.malinashop.lt\/en\/wp-json\/wp\/v2\/media\/58892"}],"wp:attachment":[{"href":"https:\/\/www.malinashop.lt\/en\/wp-json\/wp\/v2\/media?parent=58891"}],"wp:term":[{"taxonomy":"product_brand","embeddable":true,"href":"https:\/\/www.malinashop.lt\/en\/wp-json\/wp\/v2\/product_brand?post=58891"},{"taxonomy":"product_cat","embeddable":true,"href":"https:\/\/www.malinashop.lt\/en\/wp-json\/wp\/v2\/product_cat?post=58891"},{"taxonomy":"product_tag","embeddable":true,"href":"https:\/\/www.malinashop.lt\/en\/wp-json\/wp\/v2\/product_tag?post=58891"}],"curies":[{"name":"wp","href":"https:\/\/api.w.org\/{rel}","templated":true}]}}