{"id":58888,"date":"2025-10-20T12:47:43","date_gmt":"2025-10-20T09:47:43","guid":{"rendered":"https:\/\/malinashop.lt\/?post_type=product&#038;p=58888"},"modified":"2026-03-18T12:28:08","modified_gmt":"2026-03-18T09:28:08","slug":"sinoz-drekinamasis-kuno-losjonas-hydro-intense-repair-400-ml","status":"publish","type":"product","link":"https:\/\/www.malinashop.lt\/en\/shop\/sinoz-drekinamasis-kuno-losjonas-hydro-intense-repair-400-ml\/","title":{"rendered":"SINOZ dr\u0117kinamasis k\u016bno losjonas HYDRO INTENSE REPAIR, 400 ml"},"content":{"rendered":"<p data-start=\"488\" data-end=\"711\"><strong data-start=\"488\" data-end=\"545\">SINOZ dr\u0117kinamasis k\u016bno losjonas HYDRO INTENSE REPAIR<\/strong> sukurtas specialiai sausai, jautriai ir \u0161iurk\u0161\u010diai odai. \u0160is <strong data-start=\"607\" data-end=\"637\">dr\u0117kinamasis k\u016bno losjonas<\/strong> intensyviai dr\u0117kina, ramina sudirgimus ir atkuria nat\u016bral\u0173 odos komfort\u0105.<\/p>\n<p data-start=\"713\" data-end=\"924\">Formul\u0117 praturtinta veikliosiomis med\u017eiagomis, kurios <strong data-start=\"767\" data-end=\"802\">stiprina odos apsaugin\u012f barjer\u0105<\/strong>, sulaiko dr\u0117gm\u0119 ir ma\u017eina tempimo poj\u016bt\u012f. Reguliarus naudojimas padeda kovoti su odos jautrumu, pleiskanojimu ir sausumu.<\/p>\n<p data-start=\"926\" data-end=\"1061\">Lengva tekst\u016bra greitai \u012fsigeria, nepalieka riebumo ar lipnumo, tod\u0117l losjonas puikiai tinka kasdieniam naudojimui visais met\u0173 laikais.<\/p>\n<p data-start=\"1063\" data-end=\"1109\"><strong data-start=\"1063\" data-end=\"1109\">SINOZ dr\u0117kinamojo k\u016bno losjono privalumai:<\/strong><\/p>\n<ul data-start=\"1110\" data-end=\"1351\">\n<li data-start=\"1110\" data-end=\"1143\">\n<p data-start=\"1112\" data-end=\"1143\">Giliai dr\u0117kina ir maitina od\u0105<\/p>\n<\/li>\n<li data-start=\"1144\" data-end=\"1174\">\n<p data-start=\"1146\" data-end=\"1174\">Stiprina apsaugin\u012f barjer\u0105<\/p>\n<\/li>\n<li data-start=\"1175\" data-end=\"1207\">\n<p data-start=\"1177\" data-end=\"1207\">Ma\u017eina \u0161iurk\u0161tum\u0105 ir tempim\u0105<\/p>\n<\/li>\n<li data-start=\"1208\" data-end=\"1241\">\n<p data-start=\"1210\" data-end=\"1241\">Ramina jautrum\u0105 ir sudirgimus<\/p>\n<\/li>\n<li data-start=\"1242\" data-end=\"1279\">\n<p data-start=\"1244\" data-end=\"1279\">Mink\u0161tina ir lygina odos tekst\u016br\u0105<\/p>\n<\/li>\n<li data-start=\"1280\" data-end=\"1319\">\n<p data-start=\"1282\" data-end=\"1319\">Greitai \u012fsigeria, nepalieka lipnumo<\/p>\n<\/li>\n<li data-start=\"1320\" data-end=\"1351\">\n<p data-start=\"1322\" data-end=\"1351\">Tinka sausai ir jautriai odai<\/p>\n<\/li>\n<\/ul>\n<p data-start=\"1353\" data-end=\"1478\"><strong data-start=\"1353\" data-end=\"1368\">Naudojimas:<\/strong><br data-start=\"1368\" data-end=\"1371\" \/>Tepkite losjon\u0105 masa\u017euojamaisiais judesiais ant \u0161varios, sausos odos. Naudokite kasdien arba pagal poreik\u012f.<\/p>\n<p data-start=\"1480\" data-end=\"1576\"><strong data-start=\"1480\" data-end=\"1510\">SINOZ HYDRO INTENSE REPAIR<\/strong> \u2013 intensyvus dr\u0117kinimas ir komfortas net pa\u010diai sausiausiai odai.<\/p>\n","protected":false},"excerpt":{"rendered":"<p data-start=\"296\" data-end=\"403\">SINOZ dr\u0117kinamasis k\u016bno losjonas intensyviai maitina, ramina jautri\u0105 od\u0105 ir stiprina jos apsaugin\u012f barjer\u0105.<\/p>\n","protected":false},"featured_media":58889,"template":"","meta":[],"product_brand":[1354],"product_cat":[555,731],"product_tag":[1619],"class_list":{"0":"post-58888","1":"product","2":"type-product","3":"status-publish","4":"has-post-thumbnail","6":"product_brand-sinoz","7":"product_cat-kuno-aliejai-losjonai","8":"product_cat-kunui","9":"product_tag-sinoz","11":"first","12":"instock","13":"sale","14":"taxable","15":"shipping-taxable","16":"purchasable","17":"product-type-simple"},"yoast_head":"<!-- This site is optimized with the Yoast SEO plugin v27.4 - https:\/\/yoast.com\/product\/yoast-seo-wordpress\/ -->\n<title>SINOZ dr\u0117kinamasis k\u016bno losjonas HYDRO INTENSE REPAIR, 400 ml - MalinaShop.lt J\u016bs\u0173 sveikatai ir gro\u017eiui.<\/title>\n<meta name=\"description\" content=\"SINOZ dr\u0117kinamasis k\u016bno losjonas intensyviai maitina, ramina jautri\u0105 od\u0105 ir stiprina jos apsaugin\u012f barjer\u0105. SINOZ dr\u0117kinamasis k\u016bno losjonas maitina saus\u0105 ir jautri\u0105 od\u0105, stiprina jos barjer\u0105 ir suteikia ilgalaik\u012f komfort\u0105 bei \u0161velnum\u0105.\" \/>\n<meta name=\"robots\" content=\"index, follow, max-snippet:-1, max-image-preview:large, max-video-preview:-1\" \/>\n<link rel=\"canonical\" href=\"https:\/\/www.malinashop.lt\/en\/shop\/sinoz-drekinamasis-kuno-losjonas-hydro-intense-repair-400-ml\/\" \/>\n<meta property=\"og:locale\" content=\"en_GB\" \/>\n<meta property=\"og:type\" content=\"article\" \/>\n<meta property=\"og:title\" content=\"SINOZ dr\u0117kinamasis k\u016bno losjonas HYDRO INTENSE REPAIR, 400 ml - MalinaShop.lt J\u016bs\u0173 sveikatai ir gro\u017eiui.\" \/>\n<meta property=\"og:description\" content=\"SINOZ dr\u0117kinamasis k\u016bno losjonas intensyviai maitina, ramina jautri\u0105 od\u0105 ir stiprina jos apsaugin\u012f barjer\u0105. SINOZ dr\u0117kinamasis k\u016bno losjonas maitina saus\u0105 ir jautri\u0105 od\u0105, stiprina jos barjer\u0105 ir suteikia ilgalaik\u012f komfort\u0105 bei \u0161velnum\u0105.\" \/>\n<meta property=\"og:url\" content=\"https:\/\/www.malinashop.lt\/en\/shop\/sinoz-drekinamasis-kuno-losjonas-hydro-intense-repair-400-ml\/\" \/>\n<meta property=\"og:site_name\" content=\"MalinaShop.lt J\u016bs\u0173 sveikatai ir gro\u017eiui.\" \/>\n<meta property=\"article:modified_time\" content=\"2026-03-18T09:28:08+00:00\" \/>\n<meta property=\"og:image\" content=\"https:\/\/www.malinashop.lt\/wp-content\/uploads\/2025\/10\/SINOZ-drekinamasis-kuno-losjonas-HYDRO-INTENSE-REPAIR-400-ml.webp\" \/>\n\t<meta property=\"og:image:width\" content=\"768\" \/>\n\t<meta property=\"og:image:height\" content=\"768\" \/>\n\t<meta property=\"og:image:type\" content=\"image\/webp\" \/>\n<meta name=\"twitter:card\" content=\"summary_large_image\" \/>\n<script type=\"application\/ld+json\" class=\"yoast-schema-graph\">{\"@context\":\"https:\\\/\\\/schema.org\",\"@graph\":[{\"@type\":\"WebPage\",\"@id\":\"https:\\\/\\\/www.malinashop.lt\\\/shop\\\/sinoz-drekinamasis-kuno-losjonas-hydro-intense-repair-400-ml\\\/\",\"url\":\"https:\\\/\\\/www.malinashop.lt\\\/shop\\\/sinoz-drekinamasis-kuno-losjonas-hydro-intense-repair-400-ml\\\/\",\"name\":\"SINOZ dr\u0117kinamasis k\u016bno losjonas HYDRO INTENSE REPAIR, 400 ml - MalinaShop.lt J\u016bs\u0173 sveikatai ir gro\u017eiui.\",\"isPartOf\":{\"@id\":\"https:\\\/\\\/www.malinashop.lt\\\/#website\"},\"primaryImageOfPage\":{\"@id\":\"https:\\\/\\\/www.malinashop.lt\\\/shop\\\/sinoz-drekinamasis-kuno-losjonas-hydro-intense-repair-400-ml\\\/#primaryimage\"},\"image\":{\"@id\":\"https:\\\/\\\/www.malinashop.lt\\\/shop\\\/sinoz-drekinamasis-kuno-losjonas-hydro-intense-repair-400-ml\\\/#primaryimage\"},\"thumbnailUrl\":\"https:\\\/\\\/www.malinashop.lt\\\/wp-content\\\/uploads\\\/2025\\\/10\\\/SINOZ-drekinamasis-kuno-losjonas-HYDRO-INTENSE-REPAIR-400-ml.webp\",\"datePublished\":\"2025-10-20T09:47:43+00:00\",\"dateModified\":\"2026-03-18T09:28:08+00:00\",\"description\":\"SINOZ dr\u0117kinamasis k\u016bno losjonas intensyviai maitina, ramina jautri\u0105 od\u0105 ir stiprina jos apsaugin\u012f barjer\u0105. SINOZ dr\u0117kinamasis k\u016bno losjonas maitina saus\u0105 ir jautri\u0105 od\u0105, stiprina jos barjer\u0105 ir suteikia ilgalaik\u012f komfort\u0105 bei \u0161velnum\u0105.\",\"breadcrumb\":{\"@id\":\"https:\\\/\\\/www.malinashop.lt\\\/shop\\\/sinoz-drekinamasis-kuno-losjonas-hydro-intense-repair-400-ml\\\/#breadcrumb\"},\"inLanguage\":\"en-GB\",\"potentialAction\":[{\"@type\":\"ReadAction\",\"target\":[\"https:\\\/\\\/www.malinashop.lt\\\/shop\\\/sinoz-drekinamasis-kuno-losjonas-hydro-intense-repair-400-ml\\\/\"]}]},{\"@type\":\"ImageObject\",\"inLanguage\":\"en-GB\",\"@id\":\"https:\\\/\\\/www.malinashop.lt\\\/shop\\\/sinoz-drekinamasis-kuno-losjonas-hydro-intense-repair-400-ml\\\/#primaryimage\",\"url\":\"https:\\\/\\\/www.malinashop.lt\\\/wp-content\\\/uploads\\\/2025\\\/10\\\/SINOZ-drekinamasis-kuno-losjonas-HYDRO-INTENSE-REPAIR-400-ml.webp\",\"contentUrl\":\"https:\\\/\\\/www.malinashop.lt\\\/wp-content\\\/uploads\\\/2025\\\/10\\\/SINOZ-drekinamasis-kuno-losjonas-HYDRO-INTENSE-REPAIR-400-ml.webp\",\"width\":768,\"height\":768},{\"@type\":\"BreadcrumbList\",\"@id\":\"https:\\\/\\\/www.malinashop.lt\\\/shop\\\/sinoz-drekinamasis-kuno-losjonas-hydro-intense-repair-400-ml\\\/#breadcrumb\",\"itemListElement\":[{\"@type\":\"ListItem\",\"position\":1,\"name\":\"Pagrindinis\",\"item\":\"https:\\\/\\\/www.malinashop.lt\\\/\"},{\"@type\":\"ListItem\",\"position\":2,\"name\":\"Parduotuv\u0117\",\"item\":\"https:\\\/\\\/www.malinashop.lt\\\/en\\\/parduotuve\\\/\"},{\"@type\":\"ListItem\",\"position\":3,\"name\":\"SINOZ dr\u0117kinamasis k\u016bno losjonas HYDRO INTENSE REPAIR, 400 ml\"}]},{\"@type\":\"WebSite\",\"@id\":\"https:\\\/\\\/www.malinashop.lt\\\/#website\",\"url\":\"https:\\\/\\\/www.malinashop.lt\\\/\",\"name\":\"COM Group Ecommerce\",\"description\":\"MalinaShop.lt - Gro\u017eio ir sveikatos produktai i\u0161 patikim\u0173 preki\u0173 \u017eenkl\u0173. Atraskite auk\u0161tos kokyb\u0117s kosmetik\u0105 u\u017e puiki\u0105 kain\u0105.\",\"publisher\":{\"@id\":\"https:\\\/\\\/www.malinashop.lt\\\/#organization\"},\"potentialAction\":[{\"@type\":\"SearchAction\",\"target\":{\"@type\":\"EntryPoint\",\"urlTemplate\":\"https:\\\/\\\/www.malinashop.lt\\\/?s={search_term_string}\"},\"query-input\":{\"@type\":\"PropertyValueSpecification\",\"valueRequired\":true,\"valueName\":\"search_term_string\"}}],\"inLanguage\":\"en-GB\"},{\"@type\":\"Organization\",\"@id\":\"https:\\\/\\\/www.malinashop.lt\\\/#organization\",\"name\":\"COM Group Ecommerce\",\"url\":\"https:\\\/\\\/www.malinashop.lt\\\/\",\"logo\":{\"@type\":\"ImageObject\",\"inLanguage\":\"en-GB\",\"@id\":\"https:\\\/\\\/www.malinashop.lt\\\/#\\\/schema\\\/logo\\\/image\\\/\",\"url\":\"https:\\\/\\\/www.malinashop.lt\\\/wp-content\\\/uploads\\\/2024\\\/08\\\/462559670_3787732518133670_9795632669273463_n-e1731525914575.png\",\"contentUrl\":\"https:\\\/\\\/www.malinashop.lt\\\/wp-content\\\/uploads\\\/2024\\\/08\\\/462559670_3787732518133670_9795632669273463_n-e1731525914575.png\",\"width\":180,\"height\":60,\"caption\":\"COM Group Ecommerce\"},\"image\":{\"@id\":\"https:\\\/\\\/www.malinashop.lt\\\/#\\\/schema\\\/logo\\\/image\\\/\"}}]}<\/script>\n<!-- \/ Yoast SEO plugin. -->","yoast_head_json":{"title":"SINOZ dr\u0117kinamasis k\u016bno losjonas HYDRO INTENSE REPAIR, 400 ml - MalinaShop.lt J\u016bs\u0173 sveikatai ir gro\u017eiui.","description":"SINOZ dr\u0117kinamasis k\u016bno losjonas intensyviai maitina, ramina jautri\u0105 od\u0105 ir stiprina jos apsaugin\u012f barjer\u0105. SINOZ dr\u0117kinamasis k\u016bno losjonas maitina saus\u0105 ir jautri\u0105 od\u0105, stiprina jos barjer\u0105 ir suteikia ilgalaik\u012f komfort\u0105 bei \u0161velnum\u0105.","robots":{"index":"index","follow":"follow","max-snippet":"max-snippet:-1","max-image-preview":"max-image-preview:large","max-video-preview":"max-video-preview:-1"},"canonical":"https:\/\/www.malinashop.lt\/en\/shop\/sinoz-drekinamasis-kuno-losjonas-hydro-intense-repair-400-ml\/","og_locale":"en_GB","og_type":"article","og_title":"SINOZ dr\u0117kinamasis k\u016bno losjonas HYDRO INTENSE REPAIR, 400 ml - MalinaShop.lt J\u016bs\u0173 sveikatai ir gro\u017eiui.","og_description":"SINOZ dr\u0117kinamasis k\u016bno losjonas intensyviai maitina, ramina jautri\u0105 od\u0105 ir stiprina jos apsaugin\u012f barjer\u0105. SINOZ dr\u0117kinamasis k\u016bno losjonas maitina saus\u0105 ir jautri\u0105 od\u0105, stiprina jos barjer\u0105 ir suteikia ilgalaik\u012f komfort\u0105 bei \u0161velnum\u0105.","og_url":"https:\/\/www.malinashop.lt\/en\/shop\/sinoz-drekinamasis-kuno-losjonas-hydro-intense-repair-400-ml\/","og_site_name":"MalinaShop.lt J\u016bs\u0173 sveikatai ir gro\u017eiui.","article_modified_time":"2026-03-18T09:28:08+00:00","og_image":[{"width":768,"height":768,"url":"https:\/\/www.malinashop.lt\/wp-content\/uploads\/2025\/10\/SINOZ-drekinamasis-kuno-losjonas-HYDRO-INTENSE-REPAIR-400-ml.webp","type":"image\/webp"}],"twitter_card":"summary_large_image","schema":{"@context":"https:\/\/schema.org","@graph":[{"@type":"WebPage","@id":"https:\/\/www.malinashop.lt\/shop\/sinoz-drekinamasis-kuno-losjonas-hydro-intense-repair-400-ml\/","url":"https:\/\/www.malinashop.lt\/shop\/sinoz-drekinamasis-kuno-losjonas-hydro-intense-repair-400-ml\/","name":"SINOZ dr\u0117kinamasis k\u016bno losjonas HYDRO INTENSE REPAIR, 400 ml - MalinaShop.lt J\u016bs\u0173 sveikatai ir gro\u017eiui.","isPartOf":{"@id":"https:\/\/www.malinashop.lt\/#website"},"primaryImageOfPage":{"@id":"https:\/\/www.malinashop.lt\/shop\/sinoz-drekinamasis-kuno-losjonas-hydro-intense-repair-400-ml\/#primaryimage"},"image":{"@id":"https:\/\/www.malinashop.lt\/shop\/sinoz-drekinamasis-kuno-losjonas-hydro-intense-repair-400-ml\/#primaryimage"},"thumbnailUrl":"https:\/\/www.malinashop.lt\/wp-content\/uploads\/2025\/10\/SINOZ-drekinamasis-kuno-losjonas-HYDRO-INTENSE-REPAIR-400-ml.webp","datePublished":"2025-10-20T09:47:43+00:00","dateModified":"2026-03-18T09:28:08+00:00","description":"SINOZ dr\u0117kinamasis k\u016bno losjonas intensyviai maitina, ramina jautri\u0105 od\u0105 ir stiprina jos apsaugin\u012f barjer\u0105. SINOZ dr\u0117kinamasis k\u016bno losjonas maitina saus\u0105 ir jautri\u0105 od\u0105, stiprina jos barjer\u0105 ir suteikia ilgalaik\u012f komfort\u0105 bei \u0161velnum\u0105.","breadcrumb":{"@id":"https:\/\/www.malinashop.lt\/shop\/sinoz-drekinamasis-kuno-losjonas-hydro-intense-repair-400-ml\/#breadcrumb"},"inLanguage":"en-GB","potentialAction":[{"@type":"ReadAction","target":["https:\/\/www.malinashop.lt\/shop\/sinoz-drekinamasis-kuno-losjonas-hydro-intense-repair-400-ml\/"]}]},{"@type":"ImageObject","inLanguage":"en-GB","@id":"https:\/\/www.malinashop.lt\/shop\/sinoz-drekinamasis-kuno-losjonas-hydro-intense-repair-400-ml\/#primaryimage","url":"https:\/\/www.malinashop.lt\/wp-content\/uploads\/2025\/10\/SINOZ-drekinamasis-kuno-losjonas-HYDRO-INTENSE-REPAIR-400-ml.webp","contentUrl":"https:\/\/www.malinashop.lt\/wp-content\/uploads\/2025\/10\/SINOZ-drekinamasis-kuno-losjonas-HYDRO-INTENSE-REPAIR-400-ml.webp","width":768,"height":768},{"@type":"BreadcrumbList","@id":"https:\/\/www.malinashop.lt\/shop\/sinoz-drekinamasis-kuno-losjonas-hydro-intense-repair-400-ml\/#breadcrumb","itemListElement":[{"@type":"ListItem","position":1,"name":"Pagrindinis","item":"https:\/\/www.malinashop.lt\/"},{"@type":"ListItem","position":2,"name":"Parduotuv\u0117","item":"https:\/\/www.malinashop.lt\/en\/parduotuve\/"},{"@type":"ListItem","position":3,"name":"SINOZ dr\u0117kinamasis k\u016bno losjonas HYDRO INTENSE REPAIR, 400 ml"}]},{"@type":"WebSite","@id":"https:\/\/www.malinashop.lt\/#website","url":"https:\/\/www.malinashop.lt\/","name":"COM Group Ecommerce","description":"MalinaShop.lt - Gro\u017eio ir sveikatos produktai i\u0161 patikim\u0173 preki\u0173 \u017eenkl\u0173. Atraskite auk\u0161tos kokyb\u0117s kosmetik\u0105 u\u017e puiki\u0105 kain\u0105.","publisher":{"@id":"https:\/\/www.malinashop.lt\/#organization"},"potentialAction":[{"@type":"SearchAction","target":{"@type":"EntryPoint","urlTemplate":"https:\/\/www.malinashop.lt\/?s={search_term_string}"},"query-input":{"@type":"PropertyValueSpecification","valueRequired":true,"valueName":"search_term_string"}}],"inLanguage":"en-GB"},{"@type":"Organization","@id":"https:\/\/www.malinashop.lt\/#organization","name":"COM Group Ecommerce","url":"https:\/\/www.malinashop.lt\/","logo":{"@type":"ImageObject","inLanguage":"en-GB","@id":"https:\/\/www.malinashop.lt\/#\/schema\/logo\/image\/","url":"https:\/\/www.malinashop.lt\/wp-content\/uploads\/2024\/08\/462559670_3787732518133670_9795632669273463_n-e1731525914575.png","contentUrl":"https:\/\/www.malinashop.lt\/wp-content\/uploads\/2024\/08\/462559670_3787732518133670_9795632669273463_n-e1731525914575.png","width":180,"height":60,"caption":"COM Group Ecommerce"},"image":{"@id":"https:\/\/www.malinashop.lt\/#\/schema\/logo\/image\/"}}]}},"jetpack_sharing_enabled":true,"_links":{"self":[{"href":"https:\/\/www.malinashop.lt\/en\/wp-json\/wp\/v2\/product\/58888","targetHints":{"allow":["GET"]}}],"collection":[{"href":"https:\/\/www.malinashop.lt\/en\/wp-json\/wp\/v2\/product"}],"about":[{"href":"https:\/\/www.malinashop.lt\/en\/wp-json\/wp\/v2\/types\/product"}],"version-history":[{"count":1,"href":"https:\/\/www.malinashop.lt\/en\/wp-json\/wp\/v2\/product\/58888\/revisions"}],"predecessor-version":[{"id":58890,"href":"https:\/\/www.malinashop.lt\/en\/wp-json\/wp\/v2\/product\/58888\/revisions\/58890"}],"wp:featuredmedia":[{"embeddable":true,"href":"https:\/\/www.malinashop.lt\/en\/wp-json\/wp\/v2\/media\/58889"}],"wp:attachment":[{"href":"https:\/\/www.malinashop.lt\/en\/wp-json\/wp\/v2\/media?parent=58888"}],"wp:term":[{"taxonomy":"product_brand","embeddable":true,"href":"https:\/\/www.malinashop.lt\/en\/wp-json\/wp\/v2\/product_brand?post=58888"},{"taxonomy":"product_cat","embeddable":true,"href":"https:\/\/www.malinashop.lt\/en\/wp-json\/wp\/v2\/product_cat?post=58888"},{"taxonomy":"product_tag","embeddable":true,"href":"https:\/\/www.malinashop.lt\/en\/wp-json\/wp\/v2\/product_tag?post=58888"}],"curies":[{"name":"wp","href":"https:\/\/api.w.org\/{rel}","templated":true}]}}