{"id":58870,"date":"2025-10-20T11:55:26","date_gmt":"2025-10-20T08:55:26","guid":{"rendered":"https:\/\/malinashop.lt\/?post_type=product&#038;p=58870"},"modified":"2026-03-18T12:28:08","modified_gmt":"2026-03-18T09:28:08","slug":"sinoz-duso-gelis-alyvuogiu-kvapo-olive-garden-400-ml","status":"publish","type":"product","link":"https:\/\/www.malinashop.lt\/en\/shop\/sinoz-duso-gelis-alyvuogiu-kvapo-olive-garden-400-ml\/","title":{"rendered":"SINOZ du\u0161o gelis alyvuogi\u0173 kvapo OLIVE GARDEN, 400 ml"},"content":{"rendered":"<p data-start=\"425\" data-end=\"742\"><strong data-start=\"425\" data-end=\"502\">SINOZ THE BATH FACTORY du\u0161o gelis alyvuogi\u0173 kvapo OLIVE GARDEN SHOWER GEL<\/strong> \u2013 tai \u0161velnaus veikimo k\u016bno prausiklis, kuris valo od\u0105 ir suteikia malon\u0173 poj\u016bt\u012f kasdienio du\u0161o metu. \u0160is <strong data-start=\"609\" data-end=\"639\">alyvuogi\u0173 kvapo du\u0161o gelis<\/strong> pasi\u017eymi gaiviu ir ilgai i\u0161liekan\u010diu aromatu, primenan\u010diu \u0161iltus ir nat\u016bralius Vidur\u017eemio j\u016bros sodus.<\/p>\n<p data-start=\"744\" data-end=\"964\">Formul\u0117 \u0161velniai pa\u0161alina ne\u0161varumus, ta\u010diau <strong data-start=\"789\" data-end=\"825\">nepa\u017eeid\u017eia odos dr\u0117gm\u0117s balanso<\/strong>, tod\u0117l oda lieka mink\u0161ta ir sudr\u0117kinta. <strong data-start=\"866\" data-end=\"890\">Alyvuogi\u0173 ekstraktas<\/strong> padeda maitinti od\u0105, suteikia jai elastingumo ir apsaugo nuo i\u0161saus\u0117jimo.<\/p>\n<p data-start=\"966\" data-end=\"1084\">D\u0117l savo \u0161velnaus poveikio <strong data-start=\"993\" data-end=\"1023\">alyvuogi\u0173 kvapo du\u0161o gelis<\/strong> tinka kasdieniam naudojimui vis\u0173 tip\u0173 odai, net ir jautriai.<\/p>\n<p data-start=\"1086\" data-end=\"1114\"><strong data-start=\"1086\" data-end=\"1114\">Pagrindiniai privalumai:<\/strong><\/p>\n<ul data-start=\"1115\" data-end=\"1338\">\n<li data-start=\"1115\" data-end=\"1134\">\n<p data-start=\"1117\" data-end=\"1134\">\u0160velniai valo od\u0105<\/p>\n<\/li>\n<li data-start=\"1135\" data-end=\"1157\">\n<p data-start=\"1137\" data-end=\"1157\">Dr\u0117kina ir mink\u0161tina<\/p>\n<\/li>\n<li data-start=\"1158\" data-end=\"1194\">\n<p data-start=\"1160\" data-end=\"1194\">Ilgai i\u0161liekantis alyvuogi\u0173 kvapas<\/p>\n<\/li>\n<li data-start=\"1195\" data-end=\"1225\">\n<p data-start=\"1197\" data-end=\"1225\">I\u0161laiko odos dr\u0117gm\u0117s balans\u0105<\/p>\n<\/li>\n<li data-start=\"1226\" data-end=\"1254\">\n<p data-start=\"1228\" data-end=\"1254\">Nesausina ir neerzina odos<\/p>\n<\/li>\n<li data-start=\"1255\" data-end=\"1284\">\n<p data-start=\"1257\" data-end=\"1284\">Tinka kasdieniam naudojimui<\/p>\n<\/li>\n<li data-start=\"1285\" data-end=\"1338\">\n<p data-start=\"1287\" data-end=\"1338\">Gaivumo ir komforto poj\u016btis po kiekvieno prausimosi<\/p>\n<\/li>\n<\/ul>\n<p data-start=\"1340\" data-end=\"1502\"><strong data-start=\"1340\" data-end=\"1355\">Naudojimas:<\/strong><br data-start=\"1355\" data-end=\"1358\" \/>U\u017etepkite norim\u0105 kiek\u012f du\u0161o gelio ant dr\u0117gnos odos, masa\u017euokite sukamaisiais judesiais, kol suputos, tuomet nuskalaukite dideliu kiekiu vandens.<\/p>\n<p data-start=\"1504\" data-end=\"1613\"><strong data-start=\"1504\" data-end=\"1537\">SINOZ OLIVE GARDEN SHOWER GEL<\/strong> \u2013 nat\u016brali gaiva, \u0161velni prie\u017ei\u016bra ir ilgai i\u0161liekantis aromatas j\u016bs\u0173 odai.<\/p>\n","protected":false},"excerpt":{"rendered":"<p data-start=\"238\" data-end=\"340\">SINOZ alyvuogi\u0173 kvapo du\u0161o gelis \u0161velniai valo od\u0105, dr\u0117kina ir palieka ilgai i\u0161liekant\u012f gaiv\u0173 aromat\u0105.<\/p>\n","protected":false},"featured_media":58871,"template":"","meta":[],"product_brand":[1354],"product_cat":[538,731],"product_tag":[1619],"class_list":{"0":"post-58870","1":"product","2":"type-product","3":"status-publish","4":"has-post-thumbnail","6":"product_brand-sinoz","7":"product_cat-kuno-prausikliai-duso-geliai","8":"product_cat-kunui","9":"product_tag-sinoz","11":"first","12":"outofstock","13":"sale","14":"taxable","15":"shipping-taxable","16":"purchasable","17":"product-type-simple"},"yoast_head":"<!-- This site is optimized with the Yoast SEO plugin v27.4 - https:\/\/yoast.com\/product\/yoast-seo-wordpress\/ -->\n<title>SINOZ du\u0161o gelis alyvuogi\u0173 kvapo OLIVE GARDEN, 400 ml - MalinaShop.lt J\u016bs\u0173 sveikatai ir gro\u017eiui.<\/title>\n<meta name=\"description\" content=\"SINOZ alyvuogi\u0173 kvapo du\u0161o gelis \u0161velniai valo od\u0105, dr\u0117kina ir palieka ilgai i\u0161liekant\u012f gaiv\u0173 aromat\u0105.SINOZ alyvuogi\u0173 kvapo du\u0161o gelis \u0161velniai valo, dr\u0117kina od\u0105 ir palieka ilgai i\u0161liekant\u012f gaiv\u0173 aromat\u0105 kasdieniam naudojimui.\" \/>\n<meta name=\"robots\" content=\"index, follow, max-snippet:-1, max-image-preview:large, max-video-preview:-1\" \/>\n<link rel=\"canonical\" href=\"https:\/\/www.malinashop.lt\/en\/shop\/sinoz-duso-gelis-alyvuogiu-kvapo-olive-garden-400-ml\/\" \/>\n<meta property=\"og:locale\" content=\"en_GB\" \/>\n<meta property=\"og:type\" content=\"article\" \/>\n<meta property=\"og:title\" content=\"SINOZ du\u0161o gelis alyvuogi\u0173 kvapo OLIVE GARDEN, 400 ml - MalinaShop.lt J\u016bs\u0173 sveikatai ir gro\u017eiui.\" \/>\n<meta property=\"og:description\" content=\"SINOZ alyvuogi\u0173 kvapo du\u0161o gelis \u0161velniai valo od\u0105, dr\u0117kina ir palieka ilgai i\u0161liekant\u012f gaiv\u0173 aromat\u0105.SINOZ alyvuogi\u0173 kvapo du\u0161o gelis \u0161velniai valo, dr\u0117kina od\u0105 ir palieka ilgai i\u0161liekant\u012f gaiv\u0173 aromat\u0105 kasdieniam naudojimui.\" \/>\n<meta property=\"og:url\" content=\"https:\/\/www.malinashop.lt\/en\/shop\/sinoz-duso-gelis-alyvuogiu-kvapo-olive-garden-400-ml\/\" \/>\n<meta property=\"og:site_name\" content=\"MalinaShop.lt J\u016bs\u0173 sveikatai ir gro\u017eiui.\" \/>\n<meta property=\"article:modified_time\" content=\"2026-03-18T09:28:08+00:00\" \/>\n<meta property=\"og:image\" content=\"https:\/\/www.malinashop.lt\/wp-content\/uploads\/2025\/10\/SINOZ-duso-gelis-alyvuogiu-kvapo-OLIVE-GARDEN-400-ml.webp\" \/>\n\t<meta property=\"og:image:width\" content=\"768\" \/>\n\t<meta property=\"og:image:height\" content=\"768\" \/>\n\t<meta property=\"og:image:type\" content=\"image\/webp\" \/>\n<meta name=\"twitter:card\" content=\"summary_large_image\" \/>\n<script type=\"application\/ld+json\" class=\"yoast-schema-graph\">{\"@context\":\"https:\\\/\\\/schema.org\",\"@graph\":[{\"@type\":\"WebPage\",\"@id\":\"https:\\\/\\\/www.malinashop.lt\\\/en\\\/shop\\\/sinoz-duso-gelis-alyvuogiu-kvapo-olive-garden-400-ml\\\/\",\"url\":\"https:\\\/\\\/www.malinashop.lt\\\/en\\\/shop\\\/sinoz-duso-gelis-alyvuogiu-kvapo-olive-garden-400-ml\\\/\",\"name\":\"SINOZ du\u0161o gelis alyvuogi\u0173 kvapo OLIVE GARDEN, 400 ml - MalinaShop.lt J\u016bs\u0173 sveikatai ir gro\u017eiui.\",\"isPartOf\":{\"@id\":\"https:\\\/\\\/www.malinashop.lt\\\/#website\"},\"primaryImageOfPage\":{\"@id\":\"https:\\\/\\\/www.malinashop.lt\\\/en\\\/shop\\\/sinoz-duso-gelis-alyvuogiu-kvapo-olive-garden-400-ml\\\/#primaryimage\"},\"image\":{\"@id\":\"https:\\\/\\\/www.malinashop.lt\\\/en\\\/shop\\\/sinoz-duso-gelis-alyvuogiu-kvapo-olive-garden-400-ml\\\/#primaryimage\"},\"thumbnailUrl\":\"https:\\\/\\\/www.malinashop.lt\\\/wp-content\\\/uploads\\\/2025\\\/10\\\/SINOZ-duso-gelis-alyvuogiu-kvapo-OLIVE-GARDEN-400-ml.webp\",\"datePublished\":\"2025-10-20T08:55:26+00:00\",\"dateModified\":\"2026-03-18T09:28:08+00:00\",\"description\":\"SINOZ alyvuogi\u0173 kvapo du\u0161o gelis \u0161velniai valo od\u0105, dr\u0117kina ir palieka ilgai i\u0161liekant\u012f gaiv\u0173 aromat\u0105.SINOZ alyvuogi\u0173 kvapo du\u0161o gelis \u0161velniai valo, dr\u0117kina od\u0105 ir palieka ilgai i\u0161liekant\u012f gaiv\u0173 aromat\u0105 kasdieniam naudojimui.\",\"breadcrumb\":{\"@id\":\"https:\\\/\\\/www.malinashop.lt\\\/en\\\/shop\\\/sinoz-duso-gelis-alyvuogiu-kvapo-olive-garden-400-ml\\\/#breadcrumb\"},\"inLanguage\":\"en-GB\",\"potentialAction\":[{\"@type\":\"ReadAction\",\"target\":[\"https:\\\/\\\/www.malinashop.lt\\\/en\\\/shop\\\/sinoz-duso-gelis-alyvuogiu-kvapo-olive-garden-400-ml\\\/\"]}]},{\"@type\":\"ImageObject\",\"inLanguage\":\"en-GB\",\"@id\":\"https:\\\/\\\/www.malinashop.lt\\\/en\\\/shop\\\/sinoz-duso-gelis-alyvuogiu-kvapo-olive-garden-400-ml\\\/#primaryimage\",\"url\":\"https:\\\/\\\/www.malinashop.lt\\\/wp-content\\\/uploads\\\/2025\\\/10\\\/SINOZ-duso-gelis-alyvuogiu-kvapo-OLIVE-GARDEN-400-ml.webp\",\"contentUrl\":\"https:\\\/\\\/www.malinashop.lt\\\/wp-content\\\/uploads\\\/2025\\\/10\\\/SINOZ-duso-gelis-alyvuogiu-kvapo-OLIVE-GARDEN-400-ml.webp\",\"width\":768,\"height\":768},{\"@type\":\"BreadcrumbList\",\"@id\":\"https:\\\/\\\/www.malinashop.lt\\\/en\\\/shop\\\/sinoz-duso-gelis-alyvuogiu-kvapo-olive-garden-400-ml\\\/#breadcrumb\",\"itemListElement\":[{\"@type\":\"ListItem\",\"position\":1,\"name\":\"Pagrindinis\",\"item\":\"https:\\\/\\\/www.malinashop.lt\\\/\"},{\"@type\":\"ListItem\",\"position\":2,\"name\":\"Parduotuv\u0117\",\"item\":\"https:\\\/\\\/www.malinashop.lt\\\/en\\\/parduotuve\\\/\"},{\"@type\":\"ListItem\",\"position\":3,\"name\":\"SINOZ du\u0161o gelis alyvuogi\u0173 kvapo OLIVE GARDEN, 400 ml\"}]},{\"@type\":\"WebSite\",\"@id\":\"https:\\\/\\\/www.malinashop.lt\\\/#website\",\"url\":\"https:\\\/\\\/www.malinashop.lt\\\/\",\"name\":\"COM Group Ecommerce\",\"description\":\"MalinaShop.lt - Gro\u017eio ir sveikatos produktai i\u0161 patikim\u0173 preki\u0173 \u017eenkl\u0173. Atraskite auk\u0161tos kokyb\u0117s kosmetik\u0105 u\u017e puiki\u0105 kain\u0105.\",\"publisher\":{\"@id\":\"https:\\\/\\\/www.malinashop.lt\\\/#organization\"},\"potentialAction\":[{\"@type\":\"SearchAction\",\"target\":{\"@type\":\"EntryPoint\",\"urlTemplate\":\"https:\\\/\\\/www.malinashop.lt\\\/?s={search_term_string}\"},\"query-input\":{\"@type\":\"PropertyValueSpecification\",\"valueRequired\":true,\"valueName\":\"search_term_string\"}}],\"inLanguage\":\"en-GB\"},{\"@type\":\"Organization\",\"@id\":\"https:\\\/\\\/www.malinashop.lt\\\/#organization\",\"name\":\"COM Group Ecommerce\",\"url\":\"https:\\\/\\\/www.malinashop.lt\\\/\",\"logo\":{\"@type\":\"ImageObject\",\"inLanguage\":\"en-GB\",\"@id\":\"https:\\\/\\\/www.malinashop.lt\\\/#\\\/schema\\\/logo\\\/image\\\/\",\"url\":\"https:\\\/\\\/www.malinashop.lt\\\/wp-content\\\/uploads\\\/2024\\\/08\\\/462559670_3787732518133670_9795632669273463_n-e1731525914575.png\",\"contentUrl\":\"https:\\\/\\\/www.malinashop.lt\\\/wp-content\\\/uploads\\\/2024\\\/08\\\/462559670_3787732518133670_9795632669273463_n-e1731525914575.png\",\"width\":180,\"height\":60,\"caption\":\"COM Group Ecommerce\"},\"image\":{\"@id\":\"https:\\\/\\\/www.malinashop.lt\\\/#\\\/schema\\\/logo\\\/image\\\/\"}}]}<\/script>\n<!-- \/ Yoast SEO plugin. -->","yoast_head_json":{"title":"SINOZ du\u0161o gelis alyvuogi\u0173 kvapo OLIVE GARDEN, 400 ml - MalinaShop.lt J\u016bs\u0173 sveikatai ir gro\u017eiui.","description":"SINOZ alyvuogi\u0173 kvapo du\u0161o gelis \u0161velniai valo od\u0105, dr\u0117kina ir palieka ilgai i\u0161liekant\u012f gaiv\u0173 aromat\u0105.SINOZ alyvuogi\u0173 kvapo du\u0161o gelis \u0161velniai valo, dr\u0117kina od\u0105 ir palieka ilgai i\u0161liekant\u012f gaiv\u0173 aromat\u0105 kasdieniam naudojimui.","robots":{"index":"index","follow":"follow","max-snippet":"max-snippet:-1","max-image-preview":"max-image-preview:large","max-video-preview":"max-video-preview:-1"},"canonical":"https:\/\/www.malinashop.lt\/en\/shop\/sinoz-duso-gelis-alyvuogiu-kvapo-olive-garden-400-ml\/","og_locale":"en_GB","og_type":"article","og_title":"SINOZ du\u0161o gelis alyvuogi\u0173 kvapo OLIVE GARDEN, 400 ml - MalinaShop.lt J\u016bs\u0173 sveikatai ir gro\u017eiui.","og_description":"SINOZ alyvuogi\u0173 kvapo du\u0161o gelis \u0161velniai valo od\u0105, dr\u0117kina ir palieka ilgai i\u0161liekant\u012f gaiv\u0173 aromat\u0105.SINOZ alyvuogi\u0173 kvapo du\u0161o gelis \u0161velniai valo, dr\u0117kina od\u0105 ir palieka ilgai i\u0161liekant\u012f gaiv\u0173 aromat\u0105 kasdieniam naudojimui.","og_url":"https:\/\/www.malinashop.lt\/en\/shop\/sinoz-duso-gelis-alyvuogiu-kvapo-olive-garden-400-ml\/","og_site_name":"MalinaShop.lt J\u016bs\u0173 sveikatai ir gro\u017eiui.","article_modified_time":"2026-03-18T09:28:08+00:00","og_image":[{"width":768,"height":768,"url":"https:\/\/www.malinashop.lt\/wp-content\/uploads\/2025\/10\/SINOZ-duso-gelis-alyvuogiu-kvapo-OLIVE-GARDEN-400-ml.webp","type":"image\/webp"}],"twitter_card":"summary_large_image","schema":{"@context":"https:\/\/schema.org","@graph":[{"@type":"WebPage","@id":"https:\/\/www.malinashop.lt\/en\/shop\/sinoz-duso-gelis-alyvuogiu-kvapo-olive-garden-400-ml\/","url":"https:\/\/www.malinashop.lt\/en\/shop\/sinoz-duso-gelis-alyvuogiu-kvapo-olive-garden-400-ml\/","name":"SINOZ du\u0161o gelis alyvuogi\u0173 kvapo OLIVE GARDEN, 400 ml - MalinaShop.lt J\u016bs\u0173 sveikatai ir gro\u017eiui.","isPartOf":{"@id":"https:\/\/www.malinashop.lt\/#website"},"primaryImageOfPage":{"@id":"https:\/\/www.malinashop.lt\/en\/shop\/sinoz-duso-gelis-alyvuogiu-kvapo-olive-garden-400-ml\/#primaryimage"},"image":{"@id":"https:\/\/www.malinashop.lt\/en\/shop\/sinoz-duso-gelis-alyvuogiu-kvapo-olive-garden-400-ml\/#primaryimage"},"thumbnailUrl":"https:\/\/www.malinashop.lt\/wp-content\/uploads\/2025\/10\/SINOZ-duso-gelis-alyvuogiu-kvapo-OLIVE-GARDEN-400-ml.webp","datePublished":"2025-10-20T08:55:26+00:00","dateModified":"2026-03-18T09:28:08+00:00","description":"SINOZ alyvuogi\u0173 kvapo du\u0161o gelis \u0161velniai valo od\u0105, dr\u0117kina ir palieka ilgai i\u0161liekant\u012f gaiv\u0173 aromat\u0105.SINOZ alyvuogi\u0173 kvapo du\u0161o gelis \u0161velniai valo, dr\u0117kina od\u0105 ir palieka ilgai i\u0161liekant\u012f gaiv\u0173 aromat\u0105 kasdieniam naudojimui.","breadcrumb":{"@id":"https:\/\/www.malinashop.lt\/en\/shop\/sinoz-duso-gelis-alyvuogiu-kvapo-olive-garden-400-ml\/#breadcrumb"},"inLanguage":"en-GB","potentialAction":[{"@type":"ReadAction","target":["https:\/\/www.malinashop.lt\/en\/shop\/sinoz-duso-gelis-alyvuogiu-kvapo-olive-garden-400-ml\/"]}]},{"@type":"ImageObject","inLanguage":"en-GB","@id":"https:\/\/www.malinashop.lt\/en\/shop\/sinoz-duso-gelis-alyvuogiu-kvapo-olive-garden-400-ml\/#primaryimage","url":"https:\/\/www.malinashop.lt\/wp-content\/uploads\/2025\/10\/SINOZ-duso-gelis-alyvuogiu-kvapo-OLIVE-GARDEN-400-ml.webp","contentUrl":"https:\/\/www.malinashop.lt\/wp-content\/uploads\/2025\/10\/SINOZ-duso-gelis-alyvuogiu-kvapo-OLIVE-GARDEN-400-ml.webp","width":768,"height":768},{"@type":"BreadcrumbList","@id":"https:\/\/www.malinashop.lt\/en\/shop\/sinoz-duso-gelis-alyvuogiu-kvapo-olive-garden-400-ml\/#breadcrumb","itemListElement":[{"@type":"ListItem","position":1,"name":"Pagrindinis","item":"https:\/\/www.malinashop.lt\/"},{"@type":"ListItem","position":2,"name":"Parduotuv\u0117","item":"https:\/\/www.malinashop.lt\/en\/parduotuve\/"},{"@type":"ListItem","position":3,"name":"SINOZ du\u0161o gelis alyvuogi\u0173 kvapo OLIVE GARDEN, 400 ml"}]},{"@type":"WebSite","@id":"https:\/\/www.malinashop.lt\/#website","url":"https:\/\/www.malinashop.lt\/","name":"COM Group Ecommerce","description":"MalinaShop.lt - Gro\u017eio ir sveikatos produktai i\u0161 patikim\u0173 preki\u0173 \u017eenkl\u0173. Atraskite auk\u0161tos kokyb\u0117s kosmetik\u0105 u\u017e puiki\u0105 kain\u0105.","publisher":{"@id":"https:\/\/www.malinashop.lt\/#organization"},"potentialAction":[{"@type":"SearchAction","target":{"@type":"EntryPoint","urlTemplate":"https:\/\/www.malinashop.lt\/?s={search_term_string}"},"query-input":{"@type":"PropertyValueSpecification","valueRequired":true,"valueName":"search_term_string"}}],"inLanguage":"en-GB"},{"@type":"Organization","@id":"https:\/\/www.malinashop.lt\/#organization","name":"COM Group Ecommerce","url":"https:\/\/www.malinashop.lt\/","logo":{"@type":"ImageObject","inLanguage":"en-GB","@id":"https:\/\/www.malinashop.lt\/#\/schema\/logo\/image\/","url":"https:\/\/www.malinashop.lt\/wp-content\/uploads\/2024\/08\/462559670_3787732518133670_9795632669273463_n-e1731525914575.png","contentUrl":"https:\/\/www.malinashop.lt\/wp-content\/uploads\/2024\/08\/462559670_3787732518133670_9795632669273463_n-e1731525914575.png","width":180,"height":60,"caption":"COM Group Ecommerce"},"image":{"@id":"https:\/\/www.malinashop.lt\/#\/schema\/logo\/image\/"}}]}},"jetpack_sharing_enabled":true,"_links":{"self":[{"href":"https:\/\/www.malinashop.lt\/en\/wp-json\/wp\/v2\/product\/58870","targetHints":{"allow":["GET"]}}],"collection":[{"href":"https:\/\/www.malinashop.lt\/en\/wp-json\/wp\/v2\/product"}],"about":[{"href":"https:\/\/www.malinashop.lt\/en\/wp-json\/wp\/v2\/types\/product"}],"version-history":[{"count":1,"href":"https:\/\/www.malinashop.lt\/en\/wp-json\/wp\/v2\/product\/58870\/revisions"}],"predecessor-version":[{"id":58872,"href":"https:\/\/www.malinashop.lt\/en\/wp-json\/wp\/v2\/product\/58870\/revisions\/58872"}],"wp:featuredmedia":[{"embeddable":true,"href":"https:\/\/www.malinashop.lt\/en\/wp-json\/wp\/v2\/media\/58871"}],"wp:attachment":[{"href":"https:\/\/www.malinashop.lt\/en\/wp-json\/wp\/v2\/media?parent=58870"}],"wp:term":[{"taxonomy":"product_brand","embeddable":true,"href":"https:\/\/www.malinashop.lt\/en\/wp-json\/wp\/v2\/product_brand?post=58870"},{"taxonomy":"product_cat","embeddable":true,"href":"https:\/\/www.malinashop.lt\/en\/wp-json\/wp\/v2\/product_cat?post=58870"},{"taxonomy":"product_tag","embeddable":true,"href":"https:\/\/www.malinashop.lt\/en\/wp-json\/wp\/v2\/product_tag?post=58870"}],"curies":[{"name":"wp","href":"https:\/\/api.w.org\/{rel}","templated":true}]}}