{"id":58861,"date":"2025-11-10T12:13:05","date_gmt":"2025-11-10T09:13:05","guid":{"rendered":"https:\/\/malinashop.lt\/?post_type=product&#038;p=58861"},"modified":"2026-03-18T12:27:54","modified_gmt":"2026-03-18T09:27:54","slug":"sinoz-spalva-koreguojantis-atstatomasis-veido-kremas-pure-cica-tiger-grass-color-correcting-repair-cream-15-ml","status":"publish","type":"product","link":"https:\/\/www.malinashop.lt\/en\/shop\/sinoz-spalva-koreguojantis-atstatomasis-veido-kremas-pure-cica-tiger-grass-color-correcting-repair-cream-15-ml\/","title":{"rendered":"SINOZ spalv\u0105 koreguojantis atstatomasis veido kremas PURE CICA TIGER GRASS COLOR CORRECTING REPAIR CREAM, 15 ml"},"content":{"rendered":"<p data-start=\"658\" data-end=\"1013\"><strong data-start=\"658\" data-end=\"766\">SINOZ spalv\u0105 koreguojantis atstatomasis veido kremas PURE CICA TIGER GRASS COLOR CORRECTING REPAIR CREAM<\/strong> \u2013 tai daugiafunkcis kremas, kuris vienu metu <strong data-start=\"812\" data-end=\"880\">sulygina odos atspalv\u012f, ma\u017eina paraudim\u0105 ir atstato odos barjer\u0105<\/strong>. \u0160is <strong data-start=\"886\" data-end=\"936\">spalv\u0105 koreguojantis atstatomasis veido kremas<\/strong> suteikia nat\u016bral\u0173, harmoning\u0105 odos ton\u0105 ir vizualiai pagerina odos i\u0161vaizd\u0105.<\/p>\n<p data-start=\"1015\" data-end=\"1283\">Pagrindinis veiklusis ingredientas \u2013 <strong data-start=\"1052\" data-end=\"1080\">CICA (Centella Asiatica)<\/strong>, gars\u0117jantis savo raminan\u010diomis, gydan\u010diomis ir regeneruojan\u010diomis savyb\u0117mis. CICA padeda <strong data-start=\"1171\" data-end=\"1231\">ma\u017einti sudirgim\u0105, u\u017edegimus, spuog\u0173 \u017eymes ir paraudimus<\/strong>, skatina <strong data-start=\"1241\" data-end=\"1260\">kolageno gamyb\u0105<\/strong> ir odos atsinaujinim\u0105.<\/p>\n<p data-start=\"1285\" data-end=\"1467\">Kremas taip pat <strong data-start=\"1301\" data-end=\"1316\">dr\u0117kina od\u0105<\/strong>, gerina jos tekst\u016br\u0105 ir suteikia sveik\u0105 \u0161vyt\u0117jim\u0105. D\u0117l <strong data-start=\"1372\" data-end=\"1396\">atkuriamojo poveikio<\/strong> oda tampa elastingesn\u0117, stipresn\u0117 ir atsparesn\u0117 i\u0161oriniams veiksniams.<\/p>\n<p data-start=\"1469\" data-end=\"1535\"><strong data-start=\"1469\" data-end=\"1535\">SINOZ spalv\u0105 koreguojan\u010dio atstatan\u010dio veido kremo privalumai:<\/strong><\/p>\n<ul data-start=\"1536\" data-end=\"1821\">\n<li data-start=\"1536\" data-end=\"1564\">\n<p data-start=\"1538\" data-end=\"1564\">Sulygina <strong data-start=\"1547\" data-end=\"1564\">odos atspalv\u012f<\/strong><\/p>\n<\/li>\n<li data-start=\"1565\" data-end=\"1599\">\n<p data-start=\"1567\" data-end=\"1599\">Ma\u017eina <strong data-start=\"1574\" data-end=\"1599\">paraudimus ir d\u0117meles<\/strong><\/p>\n<\/li>\n<li data-start=\"1600\" data-end=\"1623\">\n<p data-start=\"1602\" data-end=\"1623\">Ramina sudirgusi\u0105 od\u0105<\/p>\n<\/li>\n<li data-start=\"1624\" data-end=\"1651\">\n<p data-start=\"1626\" data-end=\"1651\"><strong data-start=\"1626\" data-end=\"1651\">Stiprina odos barjer\u0105<\/strong><\/p>\n<\/li>\n<li data-start=\"1652\" data-end=\"1674\">\n<p data-start=\"1654\" data-end=\"1674\">Dr\u0117kina ir mink\u0161tina<\/p>\n<\/li>\n<li data-start=\"1675\" data-end=\"1705\">\n<p data-start=\"1677\" data-end=\"1705\">Skatina <strong data-start=\"1685\" data-end=\"1705\">kolageno sintez\u0119<\/strong><\/p>\n<\/li>\n<li data-start=\"1706\" data-end=\"1745\">\n<p data-start=\"1708\" data-end=\"1745\">Ma\u017eina randelius ir pigmentines d\u0117mes<\/p>\n<\/li>\n<li data-start=\"1746\" data-end=\"1782\">\n<p data-start=\"1748\" data-end=\"1782\">Tinka jautriai ir probleminei odai<\/p>\n<\/li>\n<li data-start=\"1783\" data-end=\"1821\">\n<p data-start=\"1785\" data-end=\"1821\">Lengva, greitai \u012fsigerianti tekst\u016bra<\/p>\n<\/li>\n<\/ul>\n<p data-start=\"1823\" data-end=\"1964\">\u0160is <strong data-start=\"1827\" data-end=\"1877\">spalv\u0105 koreguojantis atstatomasis veido kremas<\/strong> idealiai tinka naudoti kasdien, siekiant \u0161velnios, sveikos ir tolygios odos i\u0161vaizdos.<\/p>\n<p data-start=\"1966\" data-end=\"2112\"><strong data-start=\"1966\" data-end=\"1981\">Naudojimas:<\/strong><br data-start=\"1981\" data-end=\"1984\" \/>\u0160velniai \u012fmasa\u017euokite krem\u0105 sukamaisiais judesiais ant \u0161varios veido odos. Galima naudoti ryte ir vakare arba kaip makia\u017eo baz\u0119.<\/p>\n<p data-start=\"2114\" data-end=\"2240\"><strong data-start=\"2114\" data-end=\"2175\">SINOZ PURE CICA TIGER GRASS COLOR CORRECTING REPAIR CREAM<\/strong> \u2013 ramina, atstato ir suteikia nat\u016bral\u0173 odos ton\u0105 vienu \u017eingsniu.<\/p>\n","protected":false},"excerpt":{"rendered":"<p>SINOZ spalv\u0105 koreguojantis atstatomasis veido kremas ramina paraudimus, sulygina odos ton\u0105, stiprina barjer\u0105 ir suteikia nat\u016bral\u0173 \u0161vyt\u0117jim\u0105.<\/p>\n","protected":false},"featured_media":58862,"template":"","meta":[],"product_brand":[1354],"product_cat":[187,728],"product_tag":[1619],"class_list":{"0":"post-58861","1":"product","2":"type-product","3":"status-publish","4":"has-post-thumbnail","6":"product_brand-sinoz","7":"product_cat-veido-kremai","8":"product_cat-veidui","9":"product_tag-sinoz","11":"first","12":"instock","13":"sale","14":"featured","15":"taxable","16":"shipping-taxable","17":"purchasable","18":"product-type-simple"},"yoast_head":"<!-- This site is optimized with the Yoast SEO plugin v27.4 - https:\/\/yoast.com\/product\/yoast-seo-wordpress\/ -->\n<title>SINOZ spalv\u0105 koreguojantis atstatomasis veido kremas PURE CICA TIGER GRASS COLOR CORRECTING REPAIR CREAM, 15 ml - MalinaShop.lt J\u016bs\u0173 sveikatai ir gro\u017eiui.<\/title>\n<meta name=\"description\" content=\"SINOZ spalv\u0105 koreguojantis atstatomasis veido kremas ramina paraudimus, sulygina odos ton\u0105, stiprina barjer\u0105 ir suteikia nat\u016bral\u0173 \u0161vyt\u0117jim\u0105. SINOZ spalv\u0105 koreguojantis atstatomasis veido kremas su CICA ma\u017eina paraudimus, sulygina odos ton\u0105, stiprina barjer\u0105 ir suteikia \u0161vyt\u0117jimo.\" \/>\n<meta name=\"robots\" content=\"index, follow, max-snippet:-1, max-image-preview:large, max-video-preview:-1\" \/>\n<link rel=\"canonical\" href=\"https:\/\/www.malinashop.lt\/en\/shop\/sinoz-spalva-koreguojantis-atstatomasis-veido-kremas-pure-cica-tiger-grass-color-correcting-repair-cream-15-ml\/\" \/>\n<meta property=\"og:locale\" content=\"en_GB\" \/>\n<meta property=\"og:type\" content=\"article\" \/>\n<meta property=\"og:title\" content=\"SINOZ spalv\u0105 koreguojantis atstatomasis veido kremas PURE CICA TIGER GRASS COLOR CORRECTING REPAIR CREAM, 15 ml - MalinaShop.lt J\u016bs\u0173 sveikatai ir gro\u017eiui.\" \/>\n<meta property=\"og:description\" content=\"SINOZ spalv\u0105 koreguojantis atstatomasis veido kremas ramina paraudimus, sulygina odos ton\u0105, stiprina barjer\u0105 ir suteikia nat\u016bral\u0173 \u0161vyt\u0117jim\u0105. SINOZ spalv\u0105 koreguojantis atstatomasis veido kremas su CICA ma\u017eina paraudimus, sulygina odos ton\u0105, stiprina barjer\u0105 ir suteikia \u0161vyt\u0117jimo.\" \/>\n<meta property=\"og:url\" content=\"https:\/\/www.malinashop.lt\/en\/shop\/sinoz-spalva-koreguojantis-atstatomasis-veido-kremas-pure-cica-tiger-grass-color-correcting-repair-cream-15-ml\/\" \/>\n<meta property=\"og:site_name\" content=\"MalinaShop.lt J\u016bs\u0173 sveikatai ir gro\u017eiui.\" \/>\n<meta property=\"article:modified_time\" content=\"2026-03-18T09:27:54+00:00\" \/>\n<meta property=\"og:image\" content=\"https:\/\/www.malinashop.lt\/wp-content\/uploads\/2025\/10\/SINOZ-spalva-koreguojantis-atstatomasis-veido-kremas-PURE-CICA-TIGER-GRASS-COLOR-CORRECTING-REPAIR-CREAM-15-ml.webp\" \/>\n\t<meta property=\"og:image:width\" content=\"768\" \/>\n\t<meta property=\"og:image:height\" content=\"768\" \/>\n\t<meta property=\"og:image:type\" content=\"image\/webp\" \/>\n<meta name=\"twitter:card\" content=\"summary_large_image\" \/>\n<script type=\"application\/ld+json\" class=\"yoast-schema-graph\">{\"@context\":\"https:\\\/\\\/schema.org\",\"@graph\":[{\"@type\":\"WebPage\",\"@id\":\"https:\\\/\\\/www.malinashop.lt\\\/en\\\/shop\\\/sinoz-spalva-koreguojantis-atstatomasis-veido-kremas-pure-cica-tiger-grass-color-correcting-repair-cream-15-ml\\\/\",\"url\":\"https:\\\/\\\/www.malinashop.lt\\\/en\\\/shop\\\/sinoz-spalva-koreguojantis-atstatomasis-veido-kremas-pure-cica-tiger-grass-color-correcting-repair-cream-15-ml\\\/\",\"name\":\"SINOZ spalv\u0105 koreguojantis atstatomasis veido kremas PURE CICA TIGER GRASS COLOR CORRECTING REPAIR CREAM, 15 ml - MalinaShop.lt J\u016bs\u0173 sveikatai ir gro\u017eiui.\",\"isPartOf\":{\"@id\":\"https:\\\/\\\/www.malinashop.lt\\\/#website\"},\"primaryImageOfPage\":{\"@id\":\"https:\\\/\\\/www.malinashop.lt\\\/en\\\/shop\\\/sinoz-spalva-koreguojantis-atstatomasis-veido-kremas-pure-cica-tiger-grass-color-correcting-repair-cream-15-ml\\\/#primaryimage\"},\"image\":{\"@id\":\"https:\\\/\\\/www.malinashop.lt\\\/en\\\/shop\\\/sinoz-spalva-koreguojantis-atstatomasis-veido-kremas-pure-cica-tiger-grass-color-correcting-repair-cream-15-ml\\\/#primaryimage\"},\"thumbnailUrl\":\"https:\\\/\\\/www.malinashop.lt\\\/wp-content\\\/uploads\\\/2025\\\/10\\\/SINOZ-spalva-koreguojantis-atstatomasis-veido-kremas-PURE-CICA-TIGER-GRASS-COLOR-CORRECTING-REPAIR-CREAM-15-ml.webp\",\"datePublished\":\"2025-11-10T09:13:05+00:00\",\"dateModified\":\"2026-03-18T09:27:54+00:00\",\"description\":\"SINOZ spalv\u0105 koreguojantis atstatomasis veido kremas ramina paraudimus, sulygina odos ton\u0105, stiprina barjer\u0105 ir suteikia nat\u016bral\u0173 \u0161vyt\u0117jim\u0105. SINOZ spalv\u0105 koreguojantis atstatomasis veido kremas su CICA ma\u017eina paraudimus, sulygina odos ton\u0105, stiprina barjer\u0105 ir suteikia \u0161vyt\u0117jimo.\",\"breadcrumb\":{\"@id\":\"https:\\\/\\\/www.malinashop.lt\\\/en\\\/shop\\\/sinoz-spalva-koreguojantis-atstatomasis-veido-kremas-pure-cica-tiger-grass-color-correcting-repair-cream-15-ml\\\/#breadcrumb\"},\"inLanguage\":\"en-GB\",\"potentialAction\":[{\"@type\":\"ReadAction\",\"target\":[\"https:\\\/\\\/www.malinashop.lt\\\/en\\\/shop\\\/sinoz-spalva-koreguojantis-atstatomasis-veido-kremas-pure-cica-tiger-grass-color-correcting-repair-cream-15-ml\\\/\"]}]},{\"@type\":\"ImageObject\",\"inLanguage\":\"en-GB\",\"@id\":\"https:\\\/\\\/www.malinashop.lt\\\/en\\\/shop\\\/sinoz-spalva-koreguojantis-atstatomasis-veido-kremas-pure-cica-tiger-grass-color-correcting-repair-cream-15-ml\\\/#primaryimage\",\"url\":\"https:\\\/\\\/www.malinashop.lt\\\/wp-content\\\/uploads\\\/2025\\\/10\\\/SINOZ-spalva-koreguojantis-atstatomasis-veido-kremas-PURE-CICA-TIGER-GRASS-COLOR-CORRECTING-REPAIR-CREAM-15-ml.webp\",\"contentUrl\":\"https:\\\/\\\/www.malinashop.lt\\\/wp-content\\\/uploads\\\/2025\\\/10\\\/SINOZ-spalva-koreguojantis-atstatomasis-veido-kremas-PURE-CICA-TIGER-GRASS-COLOR-CORRECTING-REPAIR-CREAM-15-ml.webp\",\"width\":768,\"height\":768},{\"@type\":\"BreadcrumbList\",\"@id\":\"https:\\\/\\\/www.malinashop.lt\\\/en\\\/shop\\\/sinoz-spalva-koreguojantis-atstatomasis-veido-kremas-pure-cica-tiger-grass-color-correcting-repair-cream-15-ml\\\/#breadcrumb\",\"itemListElement\":[{\"@type\":\"ListItem\",\"position\":1,\"name\":\"Pagrindinis\",\"item\":\"https:\\\/\\\/www.malinashop.lt\\\/\"},{\"@type\":\"ListItem\",\"position\":2,\"name\":\"Parduotuv\u0117\",\"item\":\"https:\\\/\\\/www.malinashop.lt\\\/en\\\/parduotuve\\\/\"},{\"@type\":\"ListItem\",\"position\":3,\"name\":\"SINOZ spalv\u0105 koreguojantis atstatomasis veido kremas PURE CICA TIGER GRASS COLOR CORRECTING REPAIR CREAM, 15 ml\"}]},{\"@type\":\"WebSite\",\"@id\":\"https:\\\/\\\/www.malinashop.lt\\\/#website\",\"url\":\"https:\\\/\\\/www.malinashop.lt\\\/\",\"name\":\"COM Group Ecommerce\",\"description\":\"MalinaShop.lt - Gro\u017eio ir sveikatos produktai i\u0161 patikim\u0173 preki\u0173 \u017eenkl\u0173. Atraskite auk\u0161tos kokyb\u0117s kosmetik\u0105 u\u017e puiki\u0105 kain\u0105.\",\"publisher\":{\"@id\":\"https:\\\/\\\/www.malinashop.lt\\\/#organization\"},\"potentialAction\":[{\"@type\":\"SearchAction\",\"target\":{\"@type\":\"EntryPoint\",\"urlTemplate\":\"https:\\\/\\\/www.malinashop.lt\\\/?s={search_term_string}\"},\"query-input\":{\"@type\":\"PropertyValueSpecification\",\"valueRequired\":true,\"valueName\":\"search_term_string\"}}],\"inLanguage\":\"en-GB\"},{\"@type\":\"Organization\",\"@id\":\"https:\\\/\\\/www.malinashop.lt\\\/#organization\",\"name\":\"COM Group Ecommerce\",\"url\":\"https:\\\/\\\/www.malinashop.lt\\\/\",\"logo\":{\"@type\":\"ImageObject\",\"inLanguage\":\"en-GB\",\"@id\":\"https:\\\/\\\/www.malinashop.lt\\\/#\\\/schema\\\/logo\\\/image\\\/\",\"url\":\"https:\\\/\\\/www.malinashop.lt\\\/wp-content\\\/uploads\\\/2024\\\/08\\\/462559670_3787732518133670_9795632669273463_n-e1731525914575.png\",\"contentUrl\":\"https:\\\/\\\/www.malinashop.lt\\\/wp-content\\\/uploads\\\/2024\\\/08\\\/462559670_3787732518133670_9795632669273463_n-e1731525914575.png\",\"width\":180,\"height\":60,\"caption\":\"COM Group Ecommerce\"},\"image\":{\"@id\":\"https:\\\/\\\/www.malinashop.lt\\\/#\\\/schema\\\/logo\\\/image\\\/\"}}]}<\/script>\n<!-- \/ Yoast SEO plugin. -->","yoast_head_json":{"title":"SINOZ spalv\u0105 koreguojantis atstatomasis veido kremas PURE CICA TIGER GRASS COLOR CORRECTING REPAIR CREAM, 15 ml - MalinaShop.lt J\u016bs\u0173 sveikatai ir gro\u017eiui.","description":"SINOZ spalv\u0105 koreguojantis atstatomasis veido kremas ramina paraudimus, sulygina odos ton\u0105, stiprina barjer\u0105 ir suteikia nat\u016bral\u0173 \u0161vyt\u0117jim\u0105. SINOZ spalv\u0105 koreguojantis atstatomasis veido kremas su CICA ma\u017eina paraudimus, sulygina odos ton\u0105, stiprina barjer\u0105 ir suteikia \u0161vyt\u0117jimo.","robots":{"index":"index","follow":"follow","max-snippet":"max-snippet:-1","max-image-preview":"max-image-preview:large","max-video-preview":"max-video-preview:-1"},"canonical":"https:\/\/www.malinashop.lt\/en\/shop\/sinoz-spalva-koreguojantis-atstatomasis-veido-kremas-pure-cica-tiger-grass-color-correcting-repair-cream-15-ml\/","og_locale":"en_GB","og_type":"article","og_title":"SINOZ spalv\u0105 koreguojantis atstatomasis veido kremas PURE CICA TIGER GRASS COLOR CORRECTING REPAIR CREAM, 15 ml - MalinaShop.lt J\u016bs\u0173 sveikatai ir gro\u017eiui.","og_description":"SINOZ spalv\u0105 koreguojantis atstatomasis veido kremas ramina paraudimus, sulygina odos ton\u0105, stiprina barjer\u0105 ir suteikia nat\u016bral\u0173 \u0161vyt\u0117jim\u0105. SINOZ spalv\u0105 koreguojantis atstatomasis veido kremas su CICA ma\u017eina paraudimus, sulygina odos ton\u0105, stiprina barjer\u0105 ir suteikia \u0161vyt\u0117jimo.","og_url":"https:\/\/www.malinashop.lt\/en\/shop\/sinoz-spalva-koreguojantis-atstatomasis-veido-kremas-pure-cica-tiger-grass-color-correcting-repair-cream-15-ml\/","og_site_name":"MalinaShop.lt J\u016bs\u0173 sveikatai ir gro\u017eiui.","article_modified_time":"2026-03-18T09:27:54+00:00","og_image":[{"width":768,"height":768,"url":"https:\/\/www.malinashop.lt\/wp-content\/uploads\/2025\/10\/SINOZ-spalva-koreguojantis-atstatomasis-veido-kremas-PURE-CICA-TIGER-GRASS-COLOR-CORRECTING-REPAIR-CREAM-15-ml.webp","type":"image\/webp"}],"twitter_card":"summary_large_image","schema":{"@context":"https:\/\/schema.org","@graph":[{"@type":"WebPage","@id":"https:\/\/www.malinashop.lt\/en\/shop\/sinoz-spalva-koreguojantis-atstatomasis-veido-kremas-pure-cica-tiger-grass-color-correcting-repair-cream-15-ml\/","url":"https:\/\/www.malinashop.lt\/en\/shop\/sinoz-spalva-koreguojantis-atstatomasis-veido-kremas-pure-cica-tiger-grass-color-correcting-repair-cream-15-ml\/","name":"SINOZ spalv\u0105 koreguojantis atstatomasis veido kremas PURE CICA TIGER GRASS COLOR CORRECTING REPAIR CREAM, 15 ml - MalinaShop.lt J\u016bs\u0173 sveikatai ir gro\u017eiui.","isPartOf":{"@id":"https:\/\/www.malinashop.lt\/#website"},"primaryImageOfPage":{"@id":"https:\/\/www.malinashop.lt\/en\/shop\/sinoz-spalva-koreguojantis-atstatomasis-veido-kremas-pure-cica-tiger-grass-color-correcting-repair-cream-15-ml\/#primaryimage"},"image":{"@id":"https:\/\/www.malinashop.lt\/en\/shop\/sinoz-spalva-koreguojantis-atstatomasis-veido-kremas-pure-cica-tiger-grass-color-correcting-repair-cream-15-ml\/#primaryimage"},"thumbnailUrl":"https:\/\/www.malinashop.lt\/wp-content\/uploads\/2025\/10\/SINOZ-spalva-koreguojantis-atstatomasis-veido-kremas-PURE-CICA-TIGER-GRASS-COLOR-CORRECTING-REPAIR-CREAM-15-ml.webp","datePublished":"2025-11-10T09:13:05+00:00","dateModified":"2026-03-18T09:27:54+00:00","description":"SINOZ spalv\u0105 koreguojantis atstatomasis veido kremas ramina paraudimus, sulygina odos ton\u0105, stiprina barjer\u0105 ir suteikia nat\u016bral\u0173 \u0161vyt\u0117jim\u0105. SINOZ spalv\u0105 koreguojantis atstatomasis veido kremas su CICA ma\u017eina paraudimus, sulygina odos ton\u0105, stiprina barjer\u0105 ir suteikia \u0161vyt\u0117jimo.","breadcrumb":{"@id":"https:\/\/www.malinashop.lt\/en\/shop\/sinoz-spalva-koreguojantis-atstatomasis-veido-kremas-pure-cica-tiger-grass-color-correcting-repair-cream-15-ml\/#breadcrumb"},"inLanguage":"en-GB","potentialAction":[{"@type":"ReadAction","target":["https:\/\/www.malinashop.lt\/en\/shop\/sinoz-spalva-koreguojantis-atstatomasis-veido-kremas-pure-cica-tiger-grass-color-correcting-repair-cream-15-ml\/"]}]},{"@type":"ImageObject","inLanguage":"en-GB","@id":"https:\/\/www.malinashop.lt\/en\/shop\/sinoz-spalva-koreguojantis-atstatomasis-veido-kremas-pure-cica-tiger-grass-color-correcting-repair-cream-15-ml\/#primaryimage","url":"https:\/\/www.malinashop.lt\/wp-content\/uploads\/2025\/10\/SINOZ-spalva-koreguojantis-atstatomasis-veido-kremas-PURE-CICA-TIGER-GRASS-COLOR-CORRECTING-REPAIR-CREAM-15-ml.webp","contentUrl":"https:\/\/www.malinashop.lt\/wp-content\/uploads\/2025\/10\/SINOZ-spalva-koreguojantis-atstatomasis-veido-kremas-PURE-CICA-TIGER-GRASS-COLOR-CORRECTING-REPAIR-CREAM-15-ml.webp","width":768,"height":768},{"@type":"BreadcrumbList","@id":"https:\/\/www.malinashop.lt\/en\/shop\/sinoz-spalva-koreguojantis-atstatomasis-veido-kremas-pure-cica-tiger-grass-color-correcting-repair-cream-15-ml\/#breadcrumb","itemListElement":[{"@type":"ListItem","position":1,"name":"Pagrindinis","item":"https:\/\/www.malinashop.lt\/"},{"@type":"ListItem","position":2,"name":"Parduotuv\u0117","item":"https:\/\/www.malinashop.lt\/en\/parduotuve\/"},{"@type":"ListItem","position":3,"name":"SINOZ spalv\u0105 koreguojantis atstatomasis veido kremas PURE CICA TIGER GRASS COLOR CORRECTING REPAIR CREAM, 15 ml"}]},{"@type":"WebSite","@id":"https:\/\/www.malinashop.lt\/#website","url":"https:\/\/www.malinashop.lt\/","name":"COM Group Ecommerce","description":"MalinaShop.lt - Gro\u017eio ir sveikatos produktai i\u0161 patikim\u0173 preki\u0173 \u017eenkl\u0173. Atraskite auk\u0161tos kokyb\u0117s kosmetik\u0105 u\u017e puiki\u0105 kain\u0105.","publisher":{"@id":"https:\/\/www.malinashop.lt\/#organization"},"potentialAction":[{"@type":"SearchAction","target":{"@type":"EntryPoint","urlTemplate":"https:\/\/www.malinashop.lt\/?s={search_term_string}"},"query-input":{"@type":"PropertyValueSpecification","valueRequired":true,"valueName":"search_term_string"}}],"inLanguage":"en-GB"},{"@type":"Organization","@id":"https:\/\/www.malinashop.lt\/#organization","name":"COM Group Ecommerce","url":"https:\/\/www.malinashop.lt\/","logo":{"@type":"ImageObject","inLanguage":"en-GB","@id":"https:\/\/www.malinashop.lt\/#\/schema\/logo\/image\/","url":"https:\/\/www.malinashop.lt\/wp-content\/uploads\/2024\/08\/462559670_3787732518133670_9795632669273463_n-e1731525914575.png","contentUrl":"https:\/\/www.malinashop.lt\/wp-content\/uploads\/2024\/08\/462559670_3787732518133670_9795632669273463_n-e1731525914575.png","width":180,"height":60,"caption":"COM Group Ecommerce"},"image":{"@id":"https:\/\/www.malinashop.lt\/#\/schema\/logo\/image\/"}}]}},"jetpack_sharing_enabled":true,"_links":{"self":[{"href":"https:\/\/www.malinashop.lt\/en\/wp-json\/wp\/v2\/product\/58861","targetHints":{"allow":["GET"]}}],"collection":[{"href":"https:\/\/www.malinashop.lt\/en\/wp-json\/wp\/v2\/product"}],"about":[{"href":"https:\/\/www.malinashop.lt\/en\/wp-json\/wp\/v2\/types\/product"}],"version-history":[{"count":1,"href":"https:\/\/www.malinashop.lt\/en\/wp-json\/wp\/v2\/product\/58861\/revisions"}],"predecessor-version":[{"id":58863,"href":"https:\/\/www.malinashop.lt\/en\/wp-json\/wp\/v2\/product\/58861\/revisions\/58863"}],"wp:featuredmedia":[{"embeddable":true,"href":"https:\/\/www.malinashop.lt\/en\/wp-json\/wp\/v2\/media\/58862"}],"wp:attachment":[{"href":"https:\/\/www.malinashop.lt\/en\/wp-json\/wp\/v2\/media?parent=58861"}],"wp:term":[{"taxonomy":"product_brand","embeddable":true,"href":"https:\/\/www.malinashop.lt\/en\/wp-json\/wp\/v2\/product_brand?post=58861"},{"taxonomy":"product_cat","embeddable":true,"href":"https:\/\/www.malinashop.lt\/en\/wp-json\/wp\/v2\/product_cat?post=58861"},{"taxonomy":"product_tag","embeddable":true,"href":"https:\/\/www.malinashop.lt\/en\/wp-json\/wp\/v2\/product_tag?post=58861"}],"curies":[{"name":"wp","href":"https:\/\/api.w.org\/{rel}","templated":true}]}}