{"id":58855,"date":"2025-10-20T11:41:20","date_gmt":"2025-10-20T08:41:20","guid":{"rendered":"https:\/\/malinashop.lt\/?post_type=product&#038;p=58855"},"modified":"2026-03-18T12:28:09","modified_gmt":"2026-03-18T09:28:09","slug":"sinoz-bronzini-atspalvi-suteikiantis-gelis-intense-bronzing-200-ml","status":"publish","type":"product","link":"https:\/\/www.malinashop.lt\/en\/shop\/sinoz-bronzini-atspalvi-suteikiantis-gelis-intense-bronzing-200-ml\/","title":{"rendered":"SINOZ bronzin\u012f atspalv\u012f suteikiantis gelis INTENSE BRONZING, 200 ml"},"content":{"rendered":"<p data-start=\"358\" data-end=\"723\"><strong data-start=\"358\" data-end=\"421\">SINOZ \u012fdegio efekt\u0105 suteikiantis gelis INTENSE BRONZING GEL<\/strong> \u2013 tai intensyviai veikianti priemon\u0117, kuri akimirksniu suteikia odai tolyg\u0173, \u0161vytint\u012f ir nat\u016bral\u0173 bronzin\u012f atspalv\u012f. \u0160is <strong data-start=\"543\" data-end=\"579\">\u012fdegio efekt\u0105 suteikiantis gelis<\/strong> praturtintas kokos\u0173 aliejumi, kakavos sviestu ir taukmed\u017eio sviestu, kurie giliai dr\u0117kina ir maitina od\u0105, suteikia jai \u0161velnumo ir elastingumo.<\/p>\n<p data-start=\"725\" data-end=\"994\">Priemon\u0117 <strong data-start=\"734\" data-end=\"752\">nesausina odos<\/strong>, prie\u0161ingai \u2013 i\u0161laiko dr\u0117gm\u0117s balans\u0105 ir padeda apsaugoti od\u0105 nuo i\u0161saus\u0117jimo. D\u0117l lengvos gelin\u0117s tekst\u016bros produktas <strong data-start=\"872\" data-end=\"893\">greitai susigeria<\/strong>, nepalikdamas lipnumo poj\u016b\u010dio, o ant odos akimirksniu sukuria <strong data-start=\"956\" data-end=\"993\">2\u20133 tonais tamsesn\u012f \u012fdegio efekt\u0105<\/strong>.<\/p>\n<p data-start=\"996\" data-end=\"1050\"><strong data-start=\"996\" data-end=\"1050\">SINOZ \u012fdegio efekt\u0105 suteikian\u010dio gelio privalumai:<\/strong><\/p>\n<ul data-start=\"1051\" data-end=\"1312\">\n<li data-start=\"1051\" data-end=\"1091\">\n<p data-start=\"1053\" data-end=\"1091\">Greitas ir tolygus bronzinis atspalvis<\/p>\n<\/li>\n<li data-start=\"1092\" data-end=\"1128\">\n<p data-start=\"1094\" data-end=\"1128\">Momentinis 2\u20133 ton\u0173 \u012fdegio efektas<\/p>\n<\/li>\n<li data-start=\"1129\" data-end=\"1169\">\n<p data-start=\"1131\" data-end=\"1169\">Ilgai i\u0161liekantis nat\u016bralus \u0161vyt\u0117jimas<\/p>\n<\/li>\n<li data-start=\"1170\" data-end=\"1196\">\n<p data-start=\"1172\" data-end=\"1196\">Dr\u0117kina ir mink\u0161tina od\u0105<\/p>\n<\/li>\n<li data-start=\"1197\" data-end=\"1223\">\n<p data-start=\"1199\" data-end=\"1223\">Nesausina ir neapsunkina<\/p>\n<\/li>\n<li data-start=\"1224\" data-end=\"1260\">\n<p data-start=\"1226\" data-end=\"1260\">Greitai susigeria, nepalieka d\u0117mi\u0173<\/p>\n<\/li>\n<li data-start=\"1261\" data-end=\"1312\">\n<p data-start=\"1263\" data-end=\"1312\">Su kokos\u0173 aliejumi, kakavos ir taukmed\u017eio sviestu<\/p>\n<\/li>\n<\/ul>\n<p data-start=\"1314\" data-end=\"1459\">Puikiai tinka norint sukurti <strong data-start=\"1343\" data-end=\"1381\">vasari\u0161k\u0105 \u012fdegio \u012fvaizd\u012f be saul\u0117s<\/strong>, pary\u0161kinti odos ton\u0105 ar suteikti jai spindesio prie\u0161 renginius ar atostogas.<\/p>\n<p data-start=\"1461\" data-end=\"1613\"><strong data-start=\"1461\" data-end=\"1476\">Naudojimas:<\/strong><br data-start=\"1476\" data-end=\"1479\" \/>\u0160velniai \u012fmasa\u017euokite gel\u012f sukamaisiais judesiais ant \u0161varios k\u016bno odos. Leiskite \u012fsigerti. Galima naudoti kasdien arba pagal poreik\u012f.<\/p>\n<p data-start=\"1615\" data-end=\"1706\"><strong data-start=\"1615\" data-end=\"1645\">SINOZ INTENSE BRONZING GEL<\/strong> \u2013 greitas, nat\u016bralus ir spindintis \u012fdegio efektas be saul\u0117s!<\/p>\n","protected":false},"excerpt":{"rendered":"<p>SINOZ \u012fdegio efekt\u0105 suteikiantis gelis greitai suteikia tolyg\u0173, bronzin\u012f atspalv\u012f, dr\u0117kina od\u0105 ir i\u0161laiko ilgalaik\u012f \u0161vyt\u0117jim\u0105.<\/p>\n","protected":false},"featured_media":58856,"template":"","meta":[],"product_brand":[1354],"product_cat":[1350,731,1351],"product_tag":[1619],"class_list":{"0":"post-58855","1":"product","2":"type-product","3":"status-publish","4":"has-post-thumbnail","6":"product_brand-sinoz","7":"product_cat-idegio-priemones","8":"product_cat-kunui","9":"product_cat-savaiminio-idegio-kosmetika","10":"product_tag-sinoz","12":"first","13":"instock","14":"sale","15":"taxable","16":"shipping-taxable","17":"purchasable","18":"product-type-simple"},"yoast_head":"<!-- This site is optimized with the Yoast SEO plugin v27.4 - https:\/\/yoast.com\/product\/yoast-seo-wordpress\/ -->\n<title>SINOZ bronzin\u012f atspalv\u012f suteikiantis gelis INTENSE BRONZING, 200 ml - MalinaShop.lt J\u016bs\u0173 sveikatai ir gro\u017eiui.<\/title>\n<meta name=\"description\" content=\"SINOZ \u012fdegio efekt\u0105 suteikiantis gelis greitai suteikia tolyg\u0173, bronzin\u012f atspalv\u012f, dr\u0117kina od\u0105 ir i\u0161laiko ilgalaik\u012f \u0161vyt\u0117jim\u0105. SINOZ \u012fdegio efekt\u0105 suteikiantis gelis greitai suteikia bronzin\u012f atspalv\u012f, dr\u0117kina od\u0105 ir sukuria ilgai i\u0161liekant\u012f nat\u016bral\u0173 \u0161vyt\u0117jim\u0105.\" \/>\n<meta name=\"robots\" content=\"index, follow, max-snippet:-1, max-image-preview:large, max-video-preview:-1\" \/>\n<link rel=\"canonical\" href=\"https:\/\/www.malinashop.lt\/en\/shop\/sinoz-bronzini-atspalvi-suteikiantis-gelis-intense-bronzing-200-ml\/\" \/>\n<meta property=\"og:locale\" content=\"en_GB\" \/>\n<meta property=\"og:type\" content=\"article\" \/>\n<meta property=\"og:title\" content=\"SINOZ bronzin\u012f atspalv\u012f suteikiantis gelis INTENSE BRONZING, 200 ml - MalinaShop.lt J\u016bs\u0173 sveikatai ir gro\u017eiui.\" \/>\n<meta property=\"og:description\" content=\"SINOZ \u012fdegio efekt\u0105 suteikiantis gelis greitai suteikia tolyg\u0173, bronzin\u012f atspalv\u012f, dr\u0117kina od\u0105 ir i\u0161laiko ilgalaik\u012f \u0161vyt\u0117jim\u0105. SINOZ \u012fdegio efekt\u0105 suteikiantis gelis greitai suteikia bronzin\u012f atspalv\u012f, dr\u0117kina od\u0105 ir sukuria ilgai i\u0161liekant\u012f nat\u016bral\u0173 \u0161vyt\u0117jim\u0105.\" \/>\n<meta property=\"og:url\" content=\"https:\/\/www.malinashop.lt\/en\/shop\/sinoz-bronzini-atspalvi-suteikiantis-gelis-intense-bronzing-200-ml\/\" \/>\n<meta property=\"og:site_name\" content=\"MalinaShop.lt J\u016bs\u0173 sveikatai ir gro\u017eiui.\" \/>\n<meta property=\"article:modified_time\" content=\"2026-03-18T09:28:09+00:00\" \/>\n<meta property=\"og:image\" content=\"https:\/\/www.malinashop.lt\/wp-content\/uploads\/2025\/10\/SINOZ-bronzini-atspalvi-suteikiantis-gelis-INTENSE-BRONZING-200-ml.webp\" \/>\n\t<meta property=\"og:image:width\" content=\"768\" \/>\n\t<meta property=\"og:image:height\" content=\"768\" \/>\n\t<meta property=\"og:image:type\" content=\"image\/webp\" \/>\n<meta name=\"twitter:card\" content=\"summary_large_image\" \/>\n<script type=\"application\/ld+json\" class=\"yoast-schema-graph\">{\"@context\":\"https:\\\/\\\/schema.org\",\"@graph\":[{\"@type\":\"WebPage\",\"@id\":\"https:\\\/\\\/www.malinashop.lt\\\/shop\\\/sinoz-bronzini-atspalvi-suteikiantis-gelis-intense-bronzing-200-ml\\\/\",\"url\":\"https:\\\/\\\/www.malinashop.lt\\\/shop\\\/sinoz-bronzini-atspalvi-suteikiantis-gelis-intense-bronzing-200-ml\\\/\",\"name\":\"SINOZ bronzin\u012f atspalv\u012f suteikiantis gelis INTENSE BRONZING, 200 ml - MalinaShop.lt J\u016bs\u0173 sveikatai ir gro\u017eiui.\",\"isPartOf\":{\"@id\":\"https:\\\/\\\/www.malinashop.lt\\\/#website\"},\"primaryImageOfPage\":{\"@id\":\"https:\\\/\\\/www.malinashop.lt\\\/shop\\\/sinoz-bronzini-atspalvi-suteikiantis-gelis-intense-bronzing-200-ml\\\/#primaryimage\"},\"image\":{\"@id\":\"https:\\\/\\\/www.malinashop.lt\\\/shop\\\/sinoz-bronzini-atspalvi-suteikiantis-gelis-intense-bronzing-200-ml\\\/#primaryimage\"},\"thumbnailUrl\":\"https:\\\/\\\/www.malinashop.lt\\\/wp-content\\\/uploads\\\/2025\\\/10\\\/SINOZ-bronzini-atspalvi-suteikiantis-gelis-INTENSE-BRONZING-200-ml.webp\",\"datePublished\":\"2025-10-20T08:41:20+00:00\",\"dateModified\":\"2026-03-18T09:28:09+00:00\",\"description\":\"SINOZ \u012fdegio efekt\u0105 suteikiantis gelis greitai suteikia tolyg\u0173, bronzin\u012f atspalv\u012f, dr\u0117kina od\u0105 ir i\u0161laiko ilgalaik\u012f \u0161vyt\u0117jim\u0105. SINOZ \u012fdegio efekt\u0105 suteikiantis gelis greitai suteikia bronzin\u012f atspalv\u012f, dr\u0117kina od\u0105 ir sukuria ilgai i\u0161liekant\u012f nat\u016bral\u0173 \u0161vyt\u0117jim\u0105.\",\"breadcrumb\":{\"@id\":\"https:\\\/\\\/www.malinashop.lt\\\/shop\\\/sinoz-bronzini-atspalvi-suteikiantis-gelis-intense-bronzing-200-ml\\\/#breadcrumb\"},\"inLanguage\":\"en-GB\",\"potentialAction\":[{\"@type\":\"ReadAction\",\"target\":[\"https:\\\/\\\/www.malinashop.lt\\\/shop\\\/sinoz-bronzini-atspalvi-suteikiantis-gelis-intense-bronzing-200-ml\\\/\"]}]},{\"@type\":\"ImageObject\",\"inLanguage\":\"en-GB\",\"@id\":\"https:\\\/\\\/www.malinashop.lt\\\/shop\\\/sinoz-bronzini-atspalvi-suteikiantis-gelis-intense-bronzing-200-ml\\\/#primaryimage\",\"url\":\"https:\\\/\\\/www.malinashop.lt\\\/wp-content\\\/uploads\\\/2025\\\/10\\\/SINOZ-bronzini-atspalvi-suteikiantis-gelis-INTENSE-BRONZING-200-ml.webp\",\"contentUrl\":\"https:\\\/\\\/www.malinashop.lt\\\/wp-content\\\/uploads\\\/2025\\\/10\\\/SINOZ-bronzini-atspalvi-suteikiantis-gelis-INTENSE-BRONZING-200-ml.webp\",\"width\":768,\"height\":768},{\"@type\":\"BreadcrumbList\",\"@id\":\"https:\\\/\\\/www.malinashop.lt\\\/shop\\\/sinoz-bronzini-atspalvi-suteikiantis-gelis-intense-bronzing-200-ml\\\/#breadcrumb\",\"itemListElement\":[{\"@type\":\"ListItem\",\"position\":1,\"name\":\"Pagrindinis\",\"item\":\"https:\\\/\\\/www.malinashop.lt\\\/\"},{\"@type\":\"ListItem\",\"position\":2,\"name\":\"Parduotuv\u0117\",\"item\":\"https:\\\/\\\/www.malinashop.lt\\\/en\\\/parduotuve\\\/\"},{\"@type\":\"ListItem\",\"position\":3,\"name\":\"SINOZ bronzin\u012f atspalv\u012f suteikiantis gelis INTENSE BRONZING, 200 ml\"}]},{\"@type\":\"WebSite\",\"@id\":\"https:\\\/\\\/www.malinashop.lt\\\/#website\",\"url\":\"https:\\\/\\\/www.malinashop.lt\\\/\",\"name\":\"COM Group Ecommerce\",\"description\":\"MalinaShop.lt - Gro\u017eio ir sveikatos produktai i\u0161 patikim\u0173 preki\u0173 \u017eenkl\u0173. Atraskite auk\u0161tos kokyb\u0117s kosmetik\u0105 u\u017e puiki\u0105 kain\u0105.\",\"publisher\":{\"@id\":\"https:\\\/\\\/www.malinashop.lt\\\/#organization\"},\"potentialAction\":[{\"@type\":\"SearchAction\",\"target\":{\"@type\":\"EntryPoint\",\"urlTemplate\":\"https:\\\/\\\/www.malinashop.lt\\\/?s={search_term_string}\"},\"query-input\":{\"@type\":\"PropertyValueSpecification\",\"valueRequired\":true,\"valueName\":\"search_term_string\"}}],\"inLanguage\":\"en-GB\"},{\"@type\":\"Organization\",\"@id\":\"https:\\\/\\\/www.malinashop.lt\\\/#organization\",\"name\":\"COM Group Ecommerce\",\"url\":\"https:\\\/\\\/www.malinashop.lt\\\/\",\"logo\":{\"@type\":\"ImageObject\",\"inLanguage\":\"en-GB\",\"@id\":\"https:\\\/\\\/www.malinashop.lt\\\/#\\\/schema\\\/logo\\\/image\\\/\",\"url\":\"https:\\\/\\\/www.malinashop.lt\\\/wp-content\\\/uploads\\\/2024\\\/08\\\/462559670_3787732518133670_9795632669273463_n-e1731525914575.png\",\"contentUrl\":\"https:\\\/\\\/www.malinashop.lt\\\/wp-content\\\/uploads\\\/2024\\\/08\\\/462559670_3787732518133670_9795632669273463_n-e1731525914575.png\",\"width\":180,\"height\":60,\"caption\":\"COM Group Ecommerce\"},\"image\":{\"@id\":\"https:\\\/\\\/www.malinashop.lt\\\/#\\\/schema\\\/logo\\\/image\\\/\"}}]}<\/script>\n<!-- \/ Yoast SEO plugin. -->","yoast_head_json":{"title":"SINOZ bronzin\u012f atspalv\u012f suteikiantis gelis INTENSE BRONZING, 200 ml - MalinaShop.lt J\u016bs\u0173 sveikatai ir gro\u017eiui.","description":"SINOZ \u012fdegio efekt\u0105 suteikiantis gelis greitai suteikia tolyg\u0173, bronzin\u012f atspalv\u012f, dr\u0117kina od\u0105 ir i\u0161laiko ilgalaik\u012f \u0161vyt\u0117jim\u0105. SINOZ \u012fdegio efekt\u0105 suteikiantis gelis greitai suteikia bronzin\u012f atspalv\u012f, dr\u0117kina od\u0105 ir sukuria ilgai i\u0161liekant\u012f nat\u016bral\u0173 \u0161vyt\u0117jim\u0105.","robots":{"index":"index","follow":"follow","max-snippet":"max-snippet:-1","max-image-preview":"max-image-preview:large","max-video-preview":"max-video-preview:-1"},"canonical":"https:\/\/www.malinashop.lt\/en\/shop\/sinoz-bronzini-atspalvi-suteikiantis-gelis-intense-bronzing-200-ml\/","og_locale":"en_GB","og_type":"article","og_title":"SINOZ bronzin\u012f atspalv\u012f suteikiantis gelis INTENSE BRONZING, 200 ml - MalinaShop.lt J\u016bs\u0173 sveikatai ir gro\u017eiui.","og_description":"SINOZ \u012fdegio efekt\u0105 suteikiantis gelis greitai suteikia tolyg\u0173, bronzin\u012f atspalv\u012f, dr\u0117kina od\u0105 ir i\u0161laiko ilgalaik\u012f \u0161vyt\u0117jim\u0105. SINOZ \u012fdegio efekt\u0105 suteikiantis gelis greitai suteikia bronzin\u012f atspalv\u012f, dr\u0117kina od\u0105 ir sukuria ilgai i\u0161liekant\u012f nat\u016bral\u0173 \u0161vyt\u0117jim\u0105.","og_url":"https:\/\/www.malinashop.lt\/en\/shop\/sinoz-bronzini-atspalvi-suteikiantis-gelis-intense-bronzing-200-ml\/","og_site_name":"MalinaShop.lt J\u016bs\u0173 sveikatai ir gro\u017eiui.","article_modified_time":"2026-03-18T09:28:09+00:00","og_image":[{"width":768,"height":768,"url":"https:\/\/www.malinashop.lt\/wp-content\/uploads\/2025\/10\/SINOZ-bronzini-atspalvi-suteikiantis-gelis-INTENSE-BRONZING-200-ml.webp","type":"image\/webp"}],"twitter_card":"summary_large_image","schema":{"@context":"https:\/\/schema.org","@graph":[{"@type":"WebPage","@id":"https:\/\/www.malinashop.lt\/shop\/sinoz-bronzini-atspalvi-suteikiantis-gelis-intense-bronzing-200-ml\/","url":"https:\/\/www.malinashop.lt\/shop\/sinoz-bronzini-atspalvi-suteikiantis-gelis-intense-bronzing-200-ml\/","name":"SINOZ bronzin\u012f atspalv\u012f suteikiantis gelis INTENSE BRONZING, 200 ml - MalinaShop.lt J\u016bs\u0173 sveikatai ir gro\u017eiui.","isPartOf":{"@id":"https:\/\/www.malinashop.lt\/#website"},"primaryImageOfPage":{"@id":"https:\/\/www.malinashop.lt\/shop\/sinoz-bronzini-atspalvi-suteikiantis-gelis-intense-bronzing-200-ml\/#primaryimage"},"image":{"@id":"https:\/\/www.malinashop.lt\/shop\/sinoz-bronzini-atspalvi-suteikiantis-gelis-intense-bronzing-200-ml\/#primaryimage"},"thumbnailUrl":"https:\/\/www.malinashop.lt\/wp-content\/uploads\/2025\/10\/SINOZ-bronzini-atspalvi-suteikiantis-gelis-INTENSE-BRONZING-200-ml.webp","datePublished":"2025-10-20T08:41:20+00:00","dateModified":"2026-03-18T09:28:09+00:00","description":"SINOZ \u012fdegio efekt\u0105 suteikiantis gelis greitai suteikia tolyg\u0173, bronzin\u012f atspalv\u012f, dr\u0117kina od\u0105 ir i\u0161laiko ilgalaik\u012f \u0161vyt\u0117jim\u0105. SINOZ \u012fdegio efekt\u0105 suteikiantis gelis greitai suteikia bronzin\u012f atspalv\u012f, dr\u0117kina od\u0105 ir sukuria ilgai i\u0161liekant\u012f nat\u016bral\u0173 \u0161vyt\u0117jim\u0105.","breadcrumb":{"@id":"https:\/\/www.malinashop.lt\/shop\/sinoz-bronzini-atspalvi-suteikiantis-gelis-intense-bronzing-200-ml\/#breadcrumb"},"inLanguage":"en-GB","potentialAction":[{"@type":"ReadAction","target":["https:\/\/www.malinashop.lt\/shop\/sinoz-bronzini-atspalvi-suteikiantis-gelis-intense-bronzing-200-ml\/"]}]},{"@type":"ImageObject","inLanguage":"en-GB","@id":"https:\/\/www.malinashop.lt\/shop\/sinoz-bronzini-atspalvi-suteikiantis-gelis-intense-bronzing-200-ml\/#primaryimage","url":"https:\/\/www.malinashop.lt\/wp-content\/uploads\/2025\/10\/SINOZ-bronzini-atspalvi-suteikiantis-gelis-INTENSE-BRONZING-200-ml.webp","contentUrl":"https:\/\/www.malinashop.lt\/wp-content\/uploads\/2025\/10\/SINOZ-bronzini-atspalvi-suteikiantis-gelis-INTENSE-BRONZING-200-ml.webp","width":768,"height":768},{"@type":"BreadcrumbList","@id":"https:\/\/www.malinashop.lt\/shop\/sinoz-bronzini-atspalvi-suteikiantis-gelis-intense-bronzing-200-ml\/#breadcrumb","itemListElement":[{"@type":"ListItem","position":1,"name":"Pagrindinis","item":"https:\/\/www.malinashop.lt\/"},{"@type":"ListItem","position":2,"name":"Parduotuv\u0117","item":"https:\/\/www.malinashop.lt\/en\/parduotuve\/"},{"@type":"ListItem","position":3,"name":"SINOZ bronzin\u012f atspalv\u012f suteikiantis gelis INTENSE BRONZING, 200 ml"}]},{"@type":"WebSite","@id":"https:\/\/www.malinashop.lt\/#website","url":"https:\/\/www.malinashop.lt\/","name":"COM Group Ecommerce","description":"MalinaShop.lt - Gro\u017eio ir sveikatos produktai i\u0161 patikim\u0173 preki\u0173 \u017eenkl\u0173. Atraskite auk\u0161tos kokyb\u0117s kosmetik\u0105 u\u017e puiki\u0105 kain\u0105.","publisher":{"@id":"https:\/\/www.malinashop.lt\/#organization"},"potentialAction":[{"@type":"SearchAction","target":{"@type":"EntryPoint","urlTemplate":"https:\/\/www.malinashop.lt\/?s={search_term_string}"},"query-input":{"@type":"PropertyValueSpecification","valueRequired":true,"valueName":"search_term_string"}}],"inLanguage":"en-GB"},{"@type":"Organization","@id":"https:\/\/www.malinashop.lt\/#organization","name":"COM Group Ecommerce","url":"https:\/\/www.malinashop.lt\/","logo":{"@type":"ImageObject","inLanguage":"en-GB","@id":"https:\/\/www.malinashop.lt\/#\/schema\/logo\/image\/","url":"https:\/\/www.malinashop.lt\/wp-content\/uploads\/2024\/08\/462559670_3787732518133670_9795632669273463_n-e1731525914575.png","contentUrl":"https:\/\/www.malinashop.lt\/wp-content\/uploads\/2024\/08\/462559670_3787732518133670_9795632669273463_n-e1731525914575.png","width":180,"height":60,"caption":"COM Group Ecommerce"},"image":{"@id":"https:\/\/www.malinashop.lt\/#\/schema\/logo\/image\/"}}]}},"jetpack_sharing_enabled":true,"_links":{"self":[{"href":"https:\/\/www.malinashop.lt\/en\/wp-json\/wp\/v2\/product\/58855","targetHints":{"allow":["GET"]}}],"collection":[{"href":"https:\/\/www.malinashop.lt\/en\/wp-json\/wp\/v2\/product"}],"about":[{"href":"https:\/\/www.malinashop.lt\/en\/wp-json\/wp\/v2\/types\/product"}],"version-history":[{"count":1,"href":"https:\/\/www.malinashop.lt\/en\/wp-json\/wp\/v2\/product\/58855\/revisions"}],"predecessor-version":[{"id":58857,"href":"https:\/\/www.malinashop.lt\/en\/wp-json\/wp\/v2\/product\/58855\/revisions\/58857"}],"wp:featuredmedia":[{"embeddable":true,"href":"https:\/\/www.malinashop.lt\/en\/wp-json\/wp\/v2\/media\/58856"}],"wp:attachment":[{"href":"https:\/\/www.malinashop.lt\/en\/wp-json\/wp\/v2\/media?parent=58855"}],"wp:term":[{"taxonomy":"product_brand","embeddable":true,"href":"https:\/\/www.malinashop.lt\/en\/wp-json\/wp\/v2\/product_brand?post=58855"},{"taxonomy":"product_cat","embeddable":true,"href":"https:\/\/www.malinashop.lt\/en\/wp-json\/wp\/v2\/product_cat?post=58855"},{"taxonomy":"product_tag","embeddable":true,"href":"https:\/\/www.malinashop.lt\/en\/wp-json\/wp\/v2\/product_tag?post=58855"}],"curies":[{"name":"wp","href":"https:\/\/api.w.org\/{rel}","templated":true}]}}