{"id":58852,"date":"2025-10-20T11:38:19","date_gmt":"2025-10-20T08:38:19","guid":{"rendered":"https:\/\/malinashop.lt\/?post_type=product&#038;p=58852"},"modified":"2026-03-18T12:28:10","modified_gmt":"2026-03-18T09:28:10","slug":"sinoz-idegi-skatinantis-aliejus-perfect-bronzing-tanning-oil-200-ml","status":"publish","type":"product","link":"https:\/\/www.malinashop.lt\/en\/shop\/sinoz-idegi-skatinantis-aliejus-perfect-bronzing-tanning-oil-200-ml\/","title":{"rendered":"SINOZ \u012fdeg\u012f skatinantis aliejus PERFECT BRONZING TANNING OIL, 200 ml"},"content":{"rendered":"<p data-start=\"584\" data-end=\"1001\"><strong data-start=\"645\" data-end=\"709\">SINOZ \u012fdeg\u012f skatinantis aliejus PERFECT BRONZING TANNING OIL<\/strong> \u2013 tai intensyviai maitinantis ir od\u0105 puosel\u0117jantis aliejus, padedantis grei\u010diau ir tolygiau \u012fdegti. \u0160is <strong data-start=\"814\" data-end=\"843\">\u012fdeg\u012f skatinantis aliejus<\/strong> praturtintas <strong data-start=\"857\" data-end=\"923\">vitaminu E, kokos\u0173 aliejumi, kakavos sviestu ir mork\u0173 aliejumi<\/strong>, kurie maitina od\u0105, palaiko dr\u0117gm\u0117s balans\u0105 ir suteikia jai \u0161ilkin\u012f \u0161velnum\u0105.<\/p>\n<p data-start=\"1003\" data-end=\"1203\">Formul\u0117 padeda <strong data-start=\"1018\" data-end=\"1062\">sustiprinti ir i\u0161laikyti ilgalaik\u012f \u012fdeg\u012f<\/strong>, suteikia odai <strong data-start=\"1078\" data-end=\"1108\">nat\u016bral\u0173 bronzin\u012f atspalv\u012f<\/strong> bei sveik\u0105 spindes\u012f. D\u0117l maitinan\u010dios tekst\u016bros <strong data-start=\"1157\" data-end=\"1202\">oda atrodo glotni, sudr\u0117kinta ir \u0161vytinti<\/strong>.<\/p>\n<p data-start=\"1205\" data-end=\"1385\"><strong data-start=\"1205\" data-end=\"1240\">SINOZ \u012fdeg\u012f skatinantis aliejus<\/strong> lengvai pasiskirsto ant odos, <strong data-start=\"1271\" data-end=\"1318\">greitai susigeria ir yra atsparus vandeniui<\/strong>, tod\u0117l idealiai tinka tiek papl\u016bdimyje, tiek saul\u0117s vonioms lauke.<\/p>\n<p data-start=\"1387\" data-end=\"1413\"><strong data-start=\"1387\" data-end=\"1413\">Savyb\u0117s ir privalumai:<\/strong><\/p>\n<ul data-start=\"1414\" data-end=\"1797\">\n<li data-start=\"1414\" data-end=\"1459\">\n<p data-start=\"1416\" data-end=\"1459\">Skatina <strong data-start=\"1424\" data-end=\"1459\">greitesn\u012f ir intensyvesn\u012f \u012fdeg\u012f<\/strong><\/p>\n<\/li>\n<li data-start=\"1460\" data-end=\"1501\">\n<p data-start=\"1462\" data-end=\"1501\">Suteikia <strong data-start=\"1471\" data-end=\"1501\">nat\u016bral\u0173 bronzin\u012f atspalv\u012f<\/strong><\/p>\n<\/li>\n<li data-start=\"1502\" data-end=\"1528\">\n<p data-start=\"1504\" data-end=\"1528\">Dr\u0117kina ir mink\u0161tina od\u0105<\/p>\n<\/li>\n<li data-start=\"1529\" data-end=\"1598\">\n<p data-start=\"1531\" data-end=\"1598\">Su <strong data-start=\"1534\" data-end=\"1598\">vitaminu E, kokos\u0173 aliejumi, kakavos sviestu, mork\u0173 aliejumi<\/strong><\/p>\n<\/li>\n<li data-start=\"1599\" data-end=\"1637\">\n<p data-start=\"1601\" data-end=\"1637\">Padeda <strong data-start=\"1608\" data-end=\"1637\">i\u0161laikyti ilgalaik\u012f \u012fdeg\u012f<\/strong><\/p>\n<\/li>\n<li data-start=\"1638\" data-end=\"1679\">\n<p data-start=\"1640\" data-end=\"1679\">Greitai \u012fsigeria, <strong data-start=\"1658\" data-end=\"1679\">nepalieka lipnumo<\/strong><\/p>\n<\/li>\n<li data-start=\"1680\" data-end=\"1704\">\n<p data-start=\"1682\" data-end=\"1704\"><strong data-start=\"1682\" data-end=\"1704\">Atsparus vandeniui<\/strong><\/p>\n<\/li>\n<li data-start=\"1705\" data-end=\"1746\">\n<p data-start=\"1707\" data-end=\"1746\">Suteikia odai <strong data-start=\"1721\" data-end=\"1746\">spindesio ir \u0161velnumo<\/strong><\/p>\n<\/li>\n<li data-start=\"1747\" data-end=\"1797\">\n<p data-start=\"1749\" data-end=\"1797\">Be UV filtr\u0173 \u2013 <strong data-start=\"1764\" data-end=\"1797\">neapsaugo nuo saul\u0117s nudegimo<\/strong><\/p>\n<\/li>\n<\/ul>\n<p data-start=\"1799\" data-end=\"1988\"><strong data-start=\"1799\" data-end=\"1814\">Naudojimas:<\/strong><br data-start=\"1814\" data-end=\"1817\" \/>Tolygiai purk\u0161kite ant k\u016bno ir lengvai \u012fmasa\u017euokite. Leiskite susigerti prie\u0161 einant \u012f saul\u0119. Naudokite tik ant sveikos odos. Rekomenduojama naudoti kartu su SPF priemone.<\/p>\n<p data-start=\"1990\" data-end=\"2089\"><strong data-start=\"1990\" data-end=\"2028\">SINOZ PERFECT BRONZING TANNING OIL<\/strong> \u2013 j\u016bs\u0173 tobulam, giliam ir i\u0161silaikan\u010diam vasari\u0161kam \u012fdegiui.<\/p>\n","protected":false},"excerpt":{"rendered":"<p>SINOZ \u012fdeg\u012f skatinantis aliejus suteikia bronzin\u012f atspalv\u012f, dr\u0117kina od\u0105, suteikia blizgesio ir padeda i\u0161laikyti ilgalaik\u012f \u012fdeg\u012f.<\/p>\n","protected":false},"featured_media":58853,"template":"","meta":[],"product_brand":[1354],"product_cat":[1350,731],"product_tag":[1619],"class_list":{"0":"post-58852","1":"product","2":"type-product","3":"status-publish","4":"has-post-thumbnail","6":"product_brand-sinoz","7":"product_cat-idegio-priemones","8":"product_cat-kunui","9":"product_tag-sinoz","11":"first","12":"instock","13":"sale","14":"taxable","15":"shipping-taxable","16":"purchasable","17":"product-type-simple"},"yoast_head":"<!-- This site is optimized with the Yoast SEO plugin v27.4 - https:\/\/yoast.com\/product\/yoast-seo-wordpress\/ -->\n<title>SINOZ \u012fdeg\u012f skatinantis aliejus PERFECT BRONZING TANNING OIL, 200 ml - MalinaShop.lt J\u016bs\u0173 sveikatai ir gro\u017eiui.<\/title>\n<meta name=\"description\" content=\"SINOZ \u012fdeg\u012f skatinantis aliejus suteikia bronzin\u012f atspalv\u012f, dr\u0117kina od\u0105, suteikia blizgesio ir padeda i\u0161laikyti ilgalaik\u012f \u012fdeg\u012f. \u012edeg\u012f skatinantis aliejus SINOZ dr\u0117kina od\u0105, suteikia bronzin\u012f atspalv\u012f ir padeda i\u0161laikyti ilgalaik\u012f \u012fdeg\u012f su vitaminu E ir kokos\u0173 aliejumi.\" \/>\n<meta name=\"robots\" content=\"index, follow, max-snippet:-1, max-image-preview:large, max-video-preview:-1\" \/>\n<link rel=\"canonical\" href=\"https:\/\/www.malinashop.lt\/en\/shop\/sinoz-idegi-skatinantis-aliejus-perfect-bronzing-tanning-oil-200-ml\/\" \/>\n<meta property=\"og:locale\" content=\"en_GB\" \/>\n<meta property=\"og:type\" content=\"article\" \/>\n<meta property=\"og:title\" content=\"SINOZ \u012fdeg\u012f skatinantis aliejus PERFECT BRONZING TANNING OIL, 200 ml - MalinaShop.lt J\u016bs\u0173 sveikatai ir gro\u017eiui.\" \/>\n<meta property=\"og:description\" content=\"SINOZ \u012fdeg\u012f skatinantis aliejus suteikia bronzin\u012f atspalv\u012f, dr\u0117kina od\u0105, suteikia blizgesio ir padeda i\u0161laikyti ilgalaik\u012f \u012fdeg\u012f. \u012edeg\u012f skatinantis aliejus SINOZ dr\u0117kina od\u0105, suteikia bronzin\u012f atspalv\u012f ir padeda i\u0161laikyti ilgalaik\u012f \u012fdeg\u012f su vitaminu E ir kokos\u0173 aliejumi.\" \/>\n<meta property=\"og:url\" content=\"https:\/\/www.malinashop.lt\/en\/shop\/sinoz-idegi-skatinantis-aliejus-perfect-bronzing-tanning-oil-200-ml\/\" \/>\n<meta property=\"og:site_name\" content=\"MalinaShop.lt J\u016bs\u0173 sveikatai ir gro\u017eiui.\" \/>\n<meta property=\"article:modified_time\" content=\"2026-03-18T09:28:10+00:00\" \/>\n<meta property=\"og:image\" content=\"https:\/\/www.malinashop.lt\/wp-content\/uploads\/2025\/10\/SINOZ-idegi-skatinantis-aliejus-PERFECT-BRONZING-TANNING-OIL-200-ml.webp\" \/>\n\t<meta property=\"og:image:width\" content=\"768\" \/>\n\t<meta property=\"og:image:height\" content=\"768\" \/>\n\t<meta property=\"og:image:type\" content=\"image\/webp\" \/>\n<meta name=\"twitter:card\" content=\"summary_large_image\" \/>\n<script type=\"application\/ld+json\" class=\"yoast-schema-graph\">{\"@context\":\"https:\\\/\\\/schema.org\",\"@graph\":[{\"@type\":\"WebPage\",\"@id\":\"https:\\\/\\\/www.malinashop.lt\\\/shop\\\/sinoz-idegi-skatinantis-aliejus-perfect-bronzing-tanning-oil-200-ml\\\/\",\"url\":\"https:\\\/\\\/www.malinashop.lt\\\/shop\\\/sinoz-idegi-skatinantis-aliejus-perfect-bronzing-tanning-oil-200-ml\\\/\",\"name\":\"SINOZ \u012fdeg\u012f skatinantis aliejus PERFECT BRONZING TANNING OIL, 200 ml - MalinaShop.lt J\u016bs\u0173 sveikatai ir gro\u017eiui.\",\"isPartOf\":{\"@id\":\"https:\\\/\\\/www.malinashop.lt\\\/#website\"},\"primaryImageOfPage\":{\"@id\":\"https:\\\/\\\/www.malinashop.lt\\\/shop\\\/sinoz-idegi-skatinantis-aliejus-perfect-bronzing-tanning-oil-200-ml\\\/#primaryimage\"},\"image\":{\"@id\":\"https:\\\/\\\/www.malinashop.lt\\\/shop\\\/sinoz-idegi-skatinantis-aliejus-perfect-bronzing-tanning-oil-200-ml\\\/#primaryimage\"},\"thumbnailUrl\":\"https:\\\/\\\/www.malinashop.lt\\\/wp-content\\\/uploads\\\/2025\\\/10\\\/SINOZ-idegi-skatinantis-aliejus-PERFECT-BRONZING-TANNING-OIL-200-ml.webp\",\"datePublished\":\"2025-10-20T08:38:19+00:00\",\"dateModified\":\"2026-03-18T09:28:10+00:00\",\"description\":\"SINOZ \u012fdeg\u012f skatinantis aliejus suteikia bronzin\u012f atspalv\u012f, dr\u0117kina od\u0105, suteikia blizgesio ir padeda i\u0161laikyti ilgalaik\u012f \u012fdeg\u012f. \u012edeg\u012f skatinantis aliejus SINOZ dr\u0117kina od\u0105, suteikia bronzin\u012f atspalv\u012f ir padeda i\u0161laikyti ilgalaik\u012f \u012fdeg\u012f su vitaminu E ir kokos\u0173 aliejumi.\",\"breadcrumb\":{\"@id\":\"https:\\\/\\\/www.malinashop.lt\\\/shop\\\/sinoz-idegi-skatinantis-aliejus-perfect-bronzing-tanning-oil-200-ml\\\/#breadcrumb\"},\"inLanguage\":\"en-GB\",\"potentialAction\":[{\"@type\":\"ReadAction\",\"target\":[\"https:\\\/\\\/www.malinashop.lt\\\/shop\\\/sinoz-idegi-skatinantis-aliejus-perfect-bronzing-tanning-oil-200-ml\\\/\"]}]},{\"@type\":\"ImageObject\",\"inLanguage\":\"en-GB\",\"@id\":\"https:\\\/\\\/www.malinashop.lt\\\/shop\\\/sinoz-idegi-skatinantis-aliejus-perfect-bronzing-tanning-oil-200-ml\\\/#primaryimage\",\"url\":\"https:\\\/\\\/www.malinashop.lt\\\/wp-content\\\/uploads\\\/2025\\\/10\\\/SINOZ-idegi-skatinantis-aliejus-PERFECT-BRONZING-TANNING-OIL-200-ml.webp\",\"contentUrl\":\"https:\\\/\\\/www.malinashop.lt\\\/wp-content\\\/uploads\\\/2025\\\/10\\\/SINOZ-idegi-skatinantis-aliejus-PERFECT-BRONZING-TANNING-OIL-200-ml.webp\",\"width\":768,\"height\":768},{\"@type\":\"BreadcrumbList\",\"@id\":\"https:\\\/\\\/www.malinashop.lt\\\/shop\\\/sinoz-idegi-skatinantis-aliejus-perfect-bronzing-tanning-oil-200-ml\\\/#breadcrumb\",\"itemListElement\":[{\"@type\":\"ListItem\",\"position\":1,\"name\":\"Pagrindinis\",\"item\":\"https:\\\/\\\/www.malinashop.lt\\\/\"},{\"@type\":\"ListItem\",\"position\":2,\"name\":\"Parduotuv\u0117\",\"item\":\"https:\\\/\\\/www.malinashop.lt\\\/en\\\/parduotuve\\\/\"},{\"@type\":\"ListItem\",\"position\":3,\"name\":\"SINOZ \u012fdeg\u012f skatinantis aliejus PERFECT BRONZING TANNING OIL, 200 ml\"}]},{\"@type\":\"WebSite\",\"@id\":\"https:\\\/\\\/www.malinashop.lt\\\/#website\",\"url\":\"https:\\\/\\\/www.malinashop.lt\\\/\",\"name\":\"COM Group Ecommerce\",\"description\":\"MalinaShop.lt - Gro\u017eio ir sveikatos produktai i\u0161 patikim\u0173 preki\u0173 \u017eenkl\u0173. Atraskite auk\u0161tos kokyb\u0117s kosmetik\u0105 u\u017e puiki\u0105 kain\u0105.\",\"publisher\":{\"@id\":\"https:\\\/\\\/www.malinashop.lt\\\/#organization\"},\"potentialAction\":[{\"@type\":\"SearchAction\",\"target\":{\"@type\":\"EntryPoint\",\"urlTemplate\":\"https:\\\/\\\/www.malinashop.lt\\\/?s={search_term_string}\"},\"query-input\":{\"@type\":\"PropertyValueSpecification\",\"valueRequired\":true,\"valueName\":\"search_term_string\"}}],\"inLanguage\":\"en-GB\"},{\"@type\":\"Organization\",\"@id\":\"https:\\\/\\\/www.malinashop.lt\\\/#organization\",\"name\":\"COM Group Ecommerce\",\"url\":\"https:\\\/\\\/www.malinashop.lt\\\/\",\"logo\":{\"@type\":\"ImageObject\",\"inLanguage\":\"en-GB\",\"@id\":\"https:\\\/\\\/www.malinashop.lt\\\/#\\\/schema\\\/logo\\\/image\\\/\",\"url\":\"https:\\\/\\\/www.malinashop.lt\\\/wp-content\\\/uploads\\\/2024\\\/08\\\/462559670_3787732518133670_9795632669273463_n-e1731525914575.png\",\"contentUrl\":\"https:\\\/\\\/www.malinashop.lt\\\/wp-content\\\/uploads\\\/2024\\\/08\\\/462559670_3787732518133670_9795632669273463_n-e1731525914575.png\",\"width\":180,\"height\":60,\"caption\":\"COM Group Ecommerce\"},\"image\":{\"@id\":\"https:\\\/\\\/www.malinashop.lt\\\/#\\\/schema\\\/logo\\\/image\\\/\"}}]}<\/script>\n<!-- \/ Yoast SEO plugin. -->","yoast_head_json":{"title":"SINOZ \u012fdeg\u012f skatinantis aliejus PERFECT BRONZING TANNING OIL, 200 ml - MalinaShop.lt J\u016bs\u0173 sveikatai ir gro\u017eiui.","description":"SINOZ \u012fdeg\u012f skatinantis aliejus suteikia bronzin\u012f atspalv\u012f, dr\u0117kina od\u0105, suteikia blizgesio ir padeda i\u0161laikyti ilgalaik\u012f \u012fdeg\u012f. \u012edeg\u012f skatinantis aliejus SINOZ dr\u0117kina od\u0105, suteikia bronzin\u012f atspalv\u012f ir padeda i\u0161laikyti ilgalaik\u012f \u012fdeg\u012f su vitaminu E ir kokos\u0173 aliejumi.","robots":{"index":"index","follow":"follow","max-snippet":"max-snippet:-1","max-image-preview":"max-image-preview:large","max-video-preview":"max-video-preview:-1"},"canonical":"https:\/\/www.malinashop.lt\/en\/shop\/sinoz-idegi-skatinantis-aliejus-perfect-bronzing-tanning-oil-200-ml\/","og_locale":"en_GB","og_type":"article","og_title":"SINOZ \u012fdeg\u012f skatinantis aliejus PERFECT BRONZING TANNING OIL, 200 ml - MalinaShop.lt J\u016bs\u0173 sveikatai ir gro\u017eiui.","og_description":"SINOZ \u012fdeg\u012f skatinantis aliejus suteikia bronzin\u012f atspalv\u012f, dr\u0117kina od\u0105, suteikia blizgesio ir padeda i\u0161laikyti ilgalaik\u012f \u012fdeg\u012f. \u012edeg\u012f skatinantis aliejus SINOZ dr\u0117kina od\u0105, suteikia bronzin\u012f atspalv\u012f ir padeda i\u0161laikyti ilgalaik\u012f \u012fdeg\u012f su vitaminu E ir kokos\u0173 aliejumi.","og_url":"https:\/\/www.malinashop.lt\/en\/shop\/sinoz-idegi-skatinantis-aliejus-perfect-bronzing-tanning-oil-200-ml\/","og_site_name":"MalinaShop.lt J\u016bs\u0173 sveikatai ir gro\u017eiui.","article_modified_time":"2026-03-18T09:28:10+00:00","og_image":[{"width":768,"height":768,"url":"https:\/\/www.malinashop.lt\/wp-content\/uploads\/2025\/10\/SINOZ-idegi-skatinantis-aliejus-PERFECT-BRONZING-TANNING-OIL-200-ml.webp","type":"image\/webp"}],"twitter_card":"summary_large_image","schema":{"@context":"https:\/\/schema.org","@graph":[{"@type":"WebPage","@id":"https:\/\/www.malinashop.lt\/shop\/sinoz-idegi-skatinantis-aliejus-perfect-bronzing-tanning-oil-200-ml\/","url":"https:\/\/www.malinashop.lt\/shop\/sinoz-idegi-skatinantis-aliejus-perfect-bronzing-tanning-oil-200-ml\/","name":"SINOZ \u012fdeg\u012f skatinantis aliejus PERFECT BRONZING TANNING OIL, 200 ml - MalinaShop.lt J\u016bs\u0173 sveikatai ir gro\u017eiui.","isPartOf":{"@id":"https:\/\/www.malinashop.lt\/#website"},"primaryImageOfPage":{"@id":"https:\/\/www.malinashop.lt\/shop\/sinoz-idegi-skatinantis-aliejus-perfect-bronzing-tanning-oil-200-ml\/#primaryimage"},"image":{"@id":"https:\/\/www.malinashop.lt\/shop\/sinoz-idegi-skatinantis-aliejus-perfect-bronzing-tanning-oil-200-ml\/#primaryimage"},"thumbnailUrl":"https:\/\/www.malinashop.lt\/wp-content\/uploads\/2025\/10\/SINOZ-idegi-skatinantis-aliejus-PERFECT-BRONZING-TANNING-OIL-200-ml.webp","datePublished":"2025-10-20T08:38:19+00:00","dateModified":"2026-03-18T09:28:10+00:00","description":"SINOZ \u012fdeg\u012f skatinantis aliejus suteikia bronzin\u012f atspalv\u012f, dr\u0117kina od\u0105, suteikia blizgesio ir padeda i\u0161laikyti ilgalaik\u012f \u012fdeg\u012f. \u012edeg\u012f skatinantis aliejus SINOZ dr\u0117kina od\u0105, suteikia bronzin\u012f atspalv\u012f ir padeda i\u0161laikyti ilgalaik\u012f \u012fdeg\u012f su vitaminu E ir kokos\u0173 aliejumi.","breadcrumb":{"@id":"https:\/\/www.malinashop.lt\/shop\/sinoz-idegi-skatinantis-aliejus-perfect-bronzing-tanning-oil-200-ml\/#breadcrumb"},"inLanguage":"en-GB","potentialAction":[{"@type":"ReadAction","target":["https:\/\/www.malinashop.lt\/shop\/sinoz-idegi-skatinantis-aliejus-perfect-bronzing-tanning-oil-200-ml\/"]}]},{"@type":"ImageObject","inLanguage":"en-GB","@id":"https:\/\/www.malinashop.lt\/shop\/sinoz-idegi-skatinantis-aliejus-perfect-bronzing-tanning-oil-200-ml\/#primaryimage","url":"https:\/\/www.malinashop.lt\/wp-content\/uploads\/2025\/10\/SINOZ-idegi-skatinantis-aliejus-PERFECT-BRONZING-TANNING-OIL-200-ml.webp","contentUrl":"https:\/\/www.malinashop.lt\/wp-content\/uploads\/2025\/10\/SINOZ-idegi-skatinantis-aliejus-PERFECT-BRONZING-TANNING-OIL-200-ml.webp","width":768,"height":768},{"@type":"BreadcrumbList","@id":"https:\/\/www.malinashop.lt\/shop\/sinoz-idegi-skatinantis-aliejus-perfect-bronzing-tanning-oil-200-ml\/#breadcrumb","itemListElement":[{"@type":"ListItem","position":1,"name":"Pagrindinis","item":"https:\/\/www.malinashop.lt\/"},{"@type":"ListItem","position":2,"name":"Parduotuv\u0117","item":"https:\/\/www.malinashop.lt\/en\/parduotuve\/"},{"@type":"ListItem","position":3,"name":"SINOZ \u012fdeg\u012f skatinantis aliejus PERFECT BRONZING TANNING OIL, 200 ml"}]},{"@type":"WebSite","@id":"https:\/\/www.malinashop.lt\/#website","url":"https:\/\/www.malinashop.lt\/","name":"COM Group Ecommerce","description":"MalinaShop.lt - Gro\u017eio ir sveikatos produktai i\u0161 patikim\u0173 preki\u0173 \u017eenkl\u0173. Atraskite auk\u0161tos kokyb\u0117s kosmetik\u0105 u\u017e puiki\u0105 kain\u0105.","publisher":{"@id":"https:\/\/www.malinashop.lt\/#organization"},"potentialAction":[{"@type":"SearchAction","target":{"@type":"EntryPoint","urlTemplate":"https:\/\/www.malinashop.lt\/?s={search_term_string}"},"query-input":{"@type":"PropertyValueSpecification","valueRequired":true,"valueName":"search_term_string"}}],"inLanguage":"en-GB"},{"@type":"Organization","@id":"https:\/\/www.malinashop.lt\/#organization","name":"COM Group Ecommerce","url":"https:\/\/www.malinashop.lt\/","logo":{"@type":"ImageObject","inLanguage":"en-GB","@id":"https:\/\/www.malinashop.lt\/#\/schema\/logo\/image\/","url":"https:\/\/www.malinashop.lt\/wp-content\/uploads\/2024\/08\/462559670_3787732518133670_9795632669273463_n-e1731525914575.png","contentUrl":"https:\/\/www.malinashop.lt\/wp-content\/uploads\/2024\/08\/462559670_3787732518133670_9795632669273463_n-e1731525914575.png","width":180,"height":60,"caption":"COM Group Ecommerce"},"image":{"@id":"https:\/\/www.malinashop.lt\/#\/schema\/logo\/image\/"}}]}},"jetpack_sharing_enabled":true,"_links":{"self":[{"href":"https:\/\/www.malinashop.lt\/en\/wp-json\/wp\/v2\/product\/58852","targetHints":{"allow":["GET"]}}],"collection":[{"href":"https:\/\/www.malinashop.lt\/en\/wp-json\/wp\/v2\/product"}],"about":[{"href":"https:\/\/www.malinashop.lt\/en\/wp-json\/wp\/v2\/types\/product"}],"version-history":[{"count":1,"href":"https:\/\/www.malinashop.lt\/en\/wp-json\/wp\/v2\/product\/58852\/revisions"}],"predecessor-version":[{"id":58854,"href":"https:\/\/www.malinashop.lt\/en\/wp-json\/wp\/v2\/product\/58852\/revisions\/58854"}],"wp:featuredmedia":[{"embeddable":true,"href":"https:\/\/www.malinashop.lt\/en\/wp-json\/wp\/v2\/media\/58853"}],"wp:attachment":[{"href":"https:\/\/www.malinashop.lt\/en\/wp-json\/wp\/v2\/media?parent=58852"}],"wp:term":[{"taxonomy":"product_brand","embeddable":true,"href":"https:\/\/www.malinashop.lt\/en\/wp-json\/wp\/v2\/product_brand?post=58852"},{"taxonomy":"product_cat","embeddable":true,"href":"https:\/\/www.malinashop.lt\/en\/wp-json\/wp\/v2\/product_cat?post=58852"},{"taxonomy":"product_tag","embeddable":true,"href":"https:\/\/www.malinashop.lt\/en\/wp-json\/wp\/v2\/product_tag?post=58852"}],"curies":[{"name":"wp","href":"https:\/\/api.w.org\/{rel}","templated":true}]}}