{"id":58849,"date":"2025-08-20T11:32:03","date_gmt":"2025-08-20T08:32:03","guid":{"rendered":"https:\/\/malinashop.lt\/?post_type=product&#038;p=58849"},"modified":"2026-03-18T12:28:20","modified_gmt":"2026-03-18T09:28:20","slug":"apsauginis-veido-kremas-nuo-saules-spf50-sinoz-purskiamas-50-ml","status":"publish","type":"product","link":"https:\/\/www.malinashop.lt\/en\/shop\/apsauginis-veido-kremas-nuo-saules-spf50-sinoz-purskiamas-50-ml\/","title":{"rendered":"Apsauginis veido kremas nuo saul\u0117s SPF50 SINOZ pur\u0161kiamas, 50 ml"},"content":{"rendered":"<p data-start=\"541\" data-end=\"968\"><strong data-start=\"605\" data-end=\"704\">SINOZ apsauginis veido kremas nuo saul\u0117s SPF50 pur\u0161kiamas ULTRA HIGH PROTECTION SPRAY SUNSCREEN<\/strong> \u2013 tai lengvos tekst\u016bros, patogi pur\u0161kiama priemon\u0117, suteikianti maksimali\u0105 <strong data-start=\"780\" data-end=\"799\">UVA\/UVB apsaug\u0105<\/strong> ir palaikanti sveik\u0105 odos b\u016bkl\u0119.<br data-start=\"832\" data-end=\"835\" \/>\u0160is <strong data-start=\"839\" data-end=\"883\">apsauginis veido kremas nuo saul\u0117s SPF50<\/strong> sukurtas taip, kad neapsunkint\u0173 odos, greitai \u012fsigert\u0173 ir nepalikt\u0173 riebumo poj\u016b\u010dio.<\/p>\n<p data-start=\"970\" data-end=\"1047\">Formul\u0117 praturtinta <strong data-start=\"990\" data-end=\"1021\">pantenoliu (provitaminu B5)<\/strong> ir <strong data-start=\"1025\" data-end=\"1039\">vitaminu E<\/strong>, kurie:<\/p>\n<ul data-start=\"1048\" data-end=\"1147\">\n<li data-start=\"1048\" data-end=\"1083\">\n<p data-start=\"1050\" data-end=\"1083\">Palaiko odos <strong data-start=\"1063\" data-end=\"1082\">dr\u0117gm\u0117s balans\u0105<\/strong>,<\/p>\n<\/li>\n<li data-start=\"1084\" data-end=\"1108\">\n<p data-start=\"1086\" data-end=\"1108\">Ramina ir apsaugo od\u0105,<\/p>\n<\/li>\n<li data-start=\"1109\" data-end=\"1147\">\n<p data-start=\"1111\" data-end=\"1147\">Stiprina odos <strong data-start=\"1125\" data-end=\"1146\">apsaugin\u012f barjer\u0105<\/strong>.<\/p>\n<\/li>\n<\/ul>\n<p data-start=\"1149\" data-end=\"1308\">D\u0117l lengvos pur\u0161kiamos tekst\u016bros \u0161i\u0105 priemon\u0119 ypa\u010d patogu naudoti kasdien \u2013 ji <strong data-start=\"1228\" data-end=\"1253\">tolygiai padengia od\u0105<\/strong>, nepalieka balt\u0173 liku\u010di\u0173 ir yra <strong data-start=\"1286\" data-end=\"1307\">atspari vandeniui<\/strong>.<\/p>\n<p data-start=\"1310\" data-end=\"1371\"><strong data-start=\"1310\" data-end=\"1371\">SINOZ apsauginio veido kremo nuo saul\u0117s SPF50 privalumai:<\/strong><\/p>\n<ul data-start=\"1372\" data-end=\"1648\">\n<li data-start=\"1372\" data-end=\"1420\">\n<p data-start=\"1374\" data-end=\"1420\">Auk\u0161ta <strong data-start=\"1381\" data-end=\"1398\">SPF50 apsauga<\/strong> nuo UVA\/UVB spinduli\u0173<\/p>\n<\/li>\n<li data-start=\"1421\" data-end=\"1449\">\n<p data-start=\"1423\" data-end=\"1449\">Patogi <strong data-start=\"1430\" data-end=\"1449\">pur\u0161kiama forma<\/strong><\/p>\n<\/li>\n<li data-start=\"1450\" data-end=\"1480\">\n<p data-start=\"1452\" data-end=\"1480\">Lengva, <strong data-start=\"1460\" data-end=\"1480\">neriebi tekst\u016bra<\/strong><\/p>\n<\/li>\n<li data-start=\"1481\" data-end=\"1502\">\n<p data-start=\"1483\" data-end=\"1502\">Nesukelia blizgesio<\/p>\n<\/li>\n<li data-start=\"1503\" data-end=\"1527\">\n<p data-start=\"1505\" data-end=\"1527\">Dr\u0117kina ir maitina od\u0105<\/p>\n<\/li>\n<li data-start=\"1528\" data-end=\"1579\">\n<p data-start=\"1530\" data-end=\"1579\">Apsaugo nuo <strong data-start=\"1542\" data-end=\"1579\">fotosen\u0117jimo ir pigmentini\u0173 d\u0117mi\u0173<\/strong><\/p>\n<\/li>\n<li data-start=\"1580\" data-end=\"1606\">\n<p data-start=\"1582\" data-end=\"1606\">Tinka <strong data-start=\"1588\" data-end=\"1606\">vis\u0173 tip\u0173 odai<\/strong><\/p>\n<\/li>\n<li data-start=\"1607\" data-end=\"1648\">\n<p data-start=\"1609\" data-end=\"1648\">Puikiai tinka <strong data-start=\"1623\" data-end=\"1648\">kasdieniam naudojimui<\/strong><\/p>\n<\/li>\n<\/ul>\n<p data-start=\"1650\" data-end=\"1788\">\u0160is <strong data-start=\"1654\" data-end=\"1698\">apsauginis veido kremas nuo saul\u0117s SPF50<\/strong> saugo od\u0105 ne tik nuo saul\u0117s spinduli\u0173, bet ir nuo aplinkos poveikio bei odos i\u0161saus\u0117jimo.<\/p>\n<p data-start=\"1790\" data-end=\"2001\"><strong data-start=\"1790\" data-end=\"1805\">Naudojimas:<\/strong><br data-start=\"1805\" data-end=\"1808\" \/>Prie\u0161 naudojim\u0105 gerai suplakite. Purk\u0161kite arba tolygiai paskirstykite ant veido, kaklo ir paaki\u0173 srities 15\u201320 min. prie\u0161 saul\u0119. Ilgai b\u016bnant saul\u0117je \u2013 pakartoti kas 2 valandas ir po maudyni\u0173.<\/p>\n<p data-start=\"2003\" data-end=\"2112\"><strong data-start=\"2003\" data-end=\"2056\">SINOZ ULTRA HIGH PROTECTION SPRAY SUNSCREEN SPF50<\/strong> \u2013 tai patogi, greita ir efektyvi kasdien\u0117 odos apsauga.<\/p>\n","protected":false},"excerpt":{"rendered":"<p>SINOZ apsauginis veido kremas nuo saul\u0117s SPF50 pur\u0161kiamas \u2013 lengva ir neriebi priemon\u0117, apsauganti od\u0105 nuo UVA\/UVB spinduli\u0173 ir i\u0161laikanti dr\u0117gm\u0117s balans\u0105.<\/p>\n","protected":false},"featured_media":58850,"template":"","meta":[],"product_brand":[1354],"product_cat":[772,731],"product_tag":[1619],"class_list":{"0":"post-58849","1":"product","2":"type-product","3":"status-publish","4":"has-post-thumbnail","6":"product_brand-sinoz","7":"product_cat-apsauga-nuo-saules","8":"product_cat-kunui","9":"product_tag-sinoz","11":"first","12":"outofstock","13":"sale","14":"taxable","15":"shipping-taxable","16":"purchasable","17":"product-type-simple"},"yoast_head":"<!-- This site is optimized with the Yoast SEO plugin v27.4 - https:\/\/yoast.com\/product\/yoast-seo-wordpress\/ -->\n<title>Apsauginis veido kremas nuo saul\u0117s SPF50 SINOZ pur\u0161kiamas, 50 ml - MalinaShop.lt J\u016bs\u0173 sveikatai ir gro\u017eiui.<\/title>\n<meta name=\"description\" content=\"SINOZ apsauginis veido kremas nuo saul\u0117s SPF50 pur\u0161kiamas \u2013 lengva ir neriebi priemon\u0117, apsauganti od\u0105 nuo UVA\/UVB spinduli\u0173 ir i\u0161laikanti dr\u0117gm\u0117s balans\u0105.Apsauginis veido kremas nuo saul\u0117s SPF50 SINOZ pur\u0161kiamas dr\u0117kina od\u0105, apsaugo nuo UVA\/UVB spinduli\u0173 ir nepalieka riebumo poj\u016b\u010dio.\" \/>\n<meta name=\"robots\" content=\"index, follow, max-snippet:-1, max-image-preview:large, max-video-preview:-1\" \/>\n<link rel=\"canonical\" href=\"https:\/\/www.malinashop.lt\/en\/shop\/apsauginis-veido-kremas-nuo-saules-spf50-sinoz-purskiamas-50-ml\/\" \/>\n<meta property=\"og:locale\" content=\"en_GB\" \/>\n<meta property=\"og:type\" content=\"article\" \/>\n<meta property=\"og:title\" content=\"Apsauginis veido kremas nuo saul\u0117s SPF50 SINOZ pur\u0161kiamas, 50 ml - MalinaShop.lt J\u016bs\u0173 sveikatai ir gro\u017eiui.\" \/>\n<meta property=\"og:description\" content=\"SINOZ apsauginis veido kremas nuo saul\u0117s SPF50 pur\u0161kiamas \u2013 lengva ir neriebi priemon\u0117, apsauganti od\u0105 nuo UVA\/UVB spinduli\u0173 ir i\u0161laikanti dr\u0117gm\u0117s balans\u0105.Apsauginis veido kremas nuo saul\u0117s SPF50 SINOZ pur\u0161kiamas dr\u0117kina od\u0105, apsaugo nuo UVA\/UVB spinduli\u0173 ir nepalieka riebumo poj\u016b\u010dio.\" \/>\n<meta property=\"og:url\" content=\"https:\/\/www.malinashop.lt\/en\/shop\/apsauginis-veido-kremas-nuo-saules-spf50-sinoz-purskiamas-50-ml\/\" \/>\n<meta property=\"og:site_name\" content=\"MalinaShop.lt J\u016bs\u0173 sveikatai ir gro\u017eiui.\" \/>\n<meta property=\"article:modified_time\" content=\"2026-03-18T09:28:20+00:00\" \/>\n<meta property=\"og:image\" content=\"https:\/\/www.malinashop.lt\/wp-content\/uploads\/2025\/10\/SINOZ-purskiamas-kremas-nuo-saules-SPF50-ULTRA-HIGH-PROTECTION-SPRAY-50ml.webp\" \/>\n\t<meta property=\"og:image:width\" content=\"768\" \/>\n\t<meta property=\"og:image:height\" content=\"768\" \/>\n\t<meta property=\"og:image:type\" content=\"image\/webp\" \/>\n<meta name=\"twitter:card\" content=\"summary_large_image\" \/>\n<script type=\"application\/ld+json\" class=\"yoast-schema-graph\">{\"@context\":\"https:\\\/\\\/schema.org\",\"@graph\":[{\"@type\":\"WebPage\",\"@id\":\"https:\\\/\\\/www.malinashop.lt\\\/shop\\\/apsauginis-veido-kremas-nuo-saules-spf50-sinoz-purskiamas-50-ml\\\/\",\"url\":\"https:\\\/\\\/www.malinashop.lt\\\/shop\\\/apsauginis-veido-kremas-nuo-saules-spf50-sinoz-purskiamas-50-ml\\\/\",\"name\":\"Apsauginis veido kremas nuo saul\u0117s SPF50 SINOZ pur\u0161kiamas, 50 ml - MalinaShop.lt J\u016bs\u0173 sveikatai ir gro\u017eiui.\",\"isPartOf\":{\"@id\":\"https:\\\/\\\/www.malinashop.lt\\\/#website\"},\"primaryImageOfPage\":{\"@id\":\"https:\\\/\\\/www.malinashop.lt\\\/shop\\\/apsauginis-veido-kremas-nuo-saules-spf50-sinoz-purskiamas-50-ml\\\/#primaryimage\"},\"image\":{\"@id\":\"https:\\\/\\\/www.malinashop.lt\\\/shop\\\/apsauginis-veido-kremas-nuo-saules-spf50-sinoz-purskiamas-50-ml\\\/#primaryimage\"},\"thumbnailUrl\":\"https:\\\/\\\/www.malinashop.lt\\\/wp-content\\\/uploads\\\/2025\\\/10\\\/SINOZ-purskiamas-kremas-nuo-saules-SPF50-ULTRA-HIGH-PROTECTION-SPRAY-50ml.webp\",\"datePublished\":\"2025-08-20T08:32:03+00:00\",\"dateModified\":\"2026-03-18T09:28:20+00:00\",\"description\":\"SINOZ apsauginis veido kremas nuo saul\u0117s SPF50 pur\u0161kiamas \u2013 lengva ir neriebi priemon\u0117, apsauganti od\u0105 nuo UVA\\\/UVB spinduli\u0173 ir i\u0161laikanti dr\u0117gm\u0117s balans\u0105.Apsauginis veido kremas nuo saul\u0117s SPF50 SINOZ pur\u0161kiamas dr\u0117kina od\u0105, apsaugo nuo UVA\\\/UVB spinduli\u0173 ir nepalieka riebumo poj\u016b\u010dio.\",\"breadcrumb\":{\"@id\":\"https:\\\/\\\/www.malinashop.lt\\\/shop\\\/apsauginis-veido-kremas-nuo-saules-spf50-sinoz-purskiamas-50-ml\\\/#breadcrumb\"},\"inLanguage\":\"en-GB\",\"potentialAction\":[{\"@type\":\"ReadAction\",\"target\":[\"https:\\\/\\\/www.malinashop.lt\\\/shop\\\/apsauginis-veido-kremas-nuo-saules-spf50-sinoz-purskiamas-50-ml\\\/\"]}]},{\"@type\":\"ImageObject\",\"inLanguage\":\"en-GB\",\"@id\":\"https:\\\/\\\/www.malinashop.lt\\\/shop\\\/apsauginis-veido-kremas-nuo-saules-spf50-sinoz-purskiamas-50-ml\\\/#primaryimage\",\"url\":\"https:\\\/\\\/www.malinashop.lt\\\/wp-content\\\/uploads\\\/2025\\\/10\\\/SINOZ-purskiamas-kremas-nuo-saules-SPF50-ULTRA-HIGH-PROTECTION-SPRAY-50ml.webp\",\"contentUrl\":\"https:\\\/\\\/www.malinashop.lt\\\/wp-content\\\/uploads\\\/2025\\\/10\\\/SINOZ-purskiamas-kremas-nuo-saules-SPF50-ULTRA-HIGH-PROTECTION-SPRAY-50ml.webp\",\"width\":768,\"height\":768},{\"@type\":\"BreadcrumbList\",\"@id\":\"https:\\\/\\\/www.malinashop.lt\\\/shop\\\/apsauginis-veido-kremas-nuo-saules-spf50-sinoz-purskiamas-50-ml\\\/#breadcrumb\",\"itemListElement\":[{\"@type\":\"ListItem\",\"position\":1,\"name\":\"Pagrindinis\",\"item\":\"https:\\\/\\\/www.malinashop.lt\\\/\"},{\"@type\":\"ListItem\",\"position\":2,\"name\":\"Parduotuv\u0117\",\"item\":\"https:\\\/\\\/www.malinashop.lt\\\/en\\\/parduotuve\\\/\"},{\"@type\":\"ListItem\",\"position\":3,\"name\":\"Apsauginis veido kremas nuo saul\u0117s SPF50 SINOZ pur\u0161kiamas, 50 ml\"}]},{\"@type\":\"WebSite\",\"@id\":\"https:\\\/\\\/www.malinashop.lt\\\/#website\",\"url\":\"https:\\\/\\\/www.malinashop.lt\\\/\",\"name\":\"COM Group Ecommerce\",\"description\":\"MalinaShop.lt - Gro\u017eio ir sveikatos produktai i\u0161 patikim\u0173 preki\u0173 \u017eenkl\u0173. Atraskite auk\u0161tos kokyb\u0117s kosmetik\u0105 u\u017e puiki\u0105 kain\u0105.\",\"publisher\":{\"@id\":\"https:\\\/\\\/www.malinashop.lt\\\/#organization\"},\"potentialAction\":[{\"@type\":\"SearchAction\",\"target\":{\"@type\":\"EntryPoint\",\"urlTemplate\":\"https:\\\/\\\/www.malinashop.lt\\\/?s={search_term_string}\"},\"query-input\":{\"@type\":\"PropertyValueSpecification\",\"valueRequired\":true,\"valueName\":\"search_term_string\"}}],\"inLanguage\":\"en-GB\"},{\"@type\":\"Organization\",\"@id\":\"https:\\\/\\\/www.malinashop.lt\\\/#organization\",\"name\":\"COM Group Ecommerce\",\"url\":\"https:\\\/\\\/www.malinashop.lt\\\/\",\"logo\":{\"@type\":\"ImageObject\",\"inLanguage\":\"en-GB\",\"@id\":\"https:\\\/\\\/www.malinashop.lt\\\/#\\\/schema\\\/logo\\\/image\\\/\",\"url\":\"https:\\\/\\\/www.malinashop.lt\\\/wp-content\\\/uploads\\\/2024\\\/08\\\/462559670_3787732518133670_9795632669273463_n-e1731525914575.png\",\"contentUrl\":\"https:\\\/\\\/www.malinashop.lt\\\/wp-content\\\/uploads\\\/2024\\\/08\\\/462559670_3787732518133670_9795632669273463_n-e1731525914575.png\",\"width\":180,\"height\":60,\"caption\":\"COM Group Ecommerce\"},\"image\":{\"@id\":\"https:\\\/\\\/www.malinashop.lt\\\/#\\\/schema\\\/logo\\\/image\\\/\"}}]}<\/script>\n<!-- \/ Yoast SEO plugin. -->","yoast_head_json":{"title":"Apsauginis veido kremas nuo saul\u0117s SPF50 SINOZ pur\u0161kiamas, 50 ml - MalinaShop.lt J\u016bs\u0173 sveikatai ir gro\u017eiui.","description":"SINOZ apsauginis veido kremas nuo saul\u0117s SPF50 pur\u0161kiamas \u2013 lengva ir neriebi priemon\u0117, apsauganti od\u0105 nuo UVA\/UVB spinduli\u0173 ir i\u0161laikanti dr\u0117gm\u0117s balans\u0105.Apsauginis veido kremas nuo saul\u0117s SPF50 SINOZ pur\u0161kiamas dr\u0117kina od\u0105, apsaugo nuo UVA\/UVB spinduli\u0173 ir nepalieka riebumo poj\u016b\u010dio.","robots":{"index":"index","follow":"follow","max-snippet":"max-snippet:-1","max-image-preview":"max-image-preview:large","max-video-preview":"max-video-preview:-1"},"canonical":"https:\/\/www.malinashop.lt\/en\/shop\/apsauginis-veido-kremas-nuo-saules-spf50-sinoz-purskiamas-50-ml\/","og_locale":"en_GB","og_type":"article","og_title":"Apsauginis veido kremas nuo saul\u0117s SPF50 SINOZ pur\u0161kiamas, 50 ml - MalinaShop.lt J\u016bs\u0173 sveikatai ir gro\u017eiui.","og_description":"SINOZ apsauginis veido kremas nuo saul\u0117s SPF50 pur\u0161kiamas \u2013 lengva ir neriebi priemon\u0117, apsauganti od\u0105 nuo UVA\/UVB spinduli\u0173 ir i\u0161laikanti dr\u0117gm\u0117s balans\u0105.Apsauginis veido kremas nuo saul\u0117s SPF50 SINOZ pur\u0161kiamas dr\u0117kina od\u0105, apsaugo nuo UVA\/UVB spinduli\u0173 ir nepalieka riebumo poj\u016b\u010dio.","og_url":"https:\/\/www.malinashop.lt\/en\/shop\/apsauginis-veido-kremas-nuo-saules-spf50-sinoz-purskiamas-50-ml\/","og_site_name":"MalinaShop.lt J\u016bs\u0173 sveikatai ir gro\u017eiui.","article_modified_time":"2026-03-18T09:28:20+00:00","og_image":[{"width":768,"height":768,"url":"https:\/\/www.malinashop.lt\/wp-content\/uploads\/2025\/10\/SINOZ-purskiamas-kremas-nuo-saules-SPF50-ULTRA-HIGH-PROTECTION-SPRAY-50ml.webp","type":"image\/webp"}],"twitter_card":"summary_large_image","schema":{"@context":"https:\/\/schema.org","@graph":[{"@type":"WebPage","@id":"https:\/\/www.malinashop.lt\/shop\/apsauginis-veido-kremas-nuo-saules-spf50-sinoz-purskiamas-50-ml\/","url":"https:\/\/www.malinashop.lt\/shop\/apsauginis-veido-kremas-nuo-saules-spf50-sinoz-purskiamas-50-ml\/","name":"Apsauginis veido kremas nuo saul\u0117s SPF50 SINOZ pur\u0161kiamas, 50 ml - MalinaShop.lt J\u016bs\u0173 sveikatai ir gro\u017eiui.","isPartOf":{"@id":"https:\/\/www.malinashop.lt\/#website"},"primaryImageOfPage":{"@id":"https:\/\/www.malinashop.lt\/shop\/apsauginis-veido-kremas-nuo-saules-spf50-sinoz-purskiamas-50-ml\/#primaryimage"},"image":{"@id":"https:\/\/www.malinashop.lt\/shop\/apsauginis-veido-kremas-nuo-saules-spf50-sinoz-purskiamas-50-ml\/#primaryimage"},"thumbnailUrl":"https:\/\/www.malinashop.lt\/wp-content\/uploads\/2025\/10\/SINOZ-purskiamas-kremas-nuo-saules-SPF50-ULTRA-HIGH-PROTECTION-SPRAY-50ml.webp","datePublished":"2025-08-20T08:32:03+00:00","dateModified":"2026-03-18T09:28:20+00:00","description":"SINOZ apsauginis veido kremas nuo saul\u0117s SPF50 pur\u0161kiamas \u2013 lengva ir neriebi priemon\u0117, apsauganti od\u0105 nuo UVA\/UVB spinduli\u0173 ir i\u0161laikanti dr\u0117gm\u0117s balans\u0105.Apsauginis veido kremas nuo saul\u0117s SPF50 SINOZ pur\u0161kiamas dr\u0117kina od\u0105, apsaugo nuo UVA\/UVB spinduli\u0173 ir nepalieka riebumo poj\u016b\u010dio.","breadcrumb":{"@id":"https:\/\/www.malinashop.lt\/shop\/apsauginis-veido-kremas-nuo-saules-spf50-sinoz-purskiamas-50-ml\/#breadcrumb"},"inLanguage":"en-GB","potentialAction":[{"@type":"ReadAction","target":["https:\/\/www.malinashop.lt\/shop\/apsauginis-veido-kremas-nuo-saules-spf50-sinoz-purskiamas-50-ml\/"]}]},{"@type":"ImageObject","inLanguage":"en-GB","@id":"https:\/\/www.malinashop.lt\/shop\/apsauginis-veido-kremas-nuo-saules-spf50-sinoz-purskiamas-50-ml\/#primaryimage","url":"https:\/\/www.malinashop.lt\/wp-content\/uploads\/2025\/10\/SINOZ-purskiamas-kremas-nuo-saules-SPF50-ULTRA-HIGH-PROTECTION-SPRAY-50ml.webp","contentUrl":"https:\/\/www.malinashop.lt\/wp-content\/uploads\/2025\/10\/SINOZ-purskiamas-kremas-nuo-saules-SPF50-ULTRA-HIGH-PROTECTION-SPRAY-50ml.webp","width":768,"height":768},{"@type":"BreadcrumbList","@id":"https:\/\/www.malinashop.lt\/shop\/apsauginis-veido-kremas-nuo-saules-spf50-sinoz-purskiamas-50-ml\/#breadcrumb","itemListElement":[{"@type":"ListItem","position":1,"name":"Pagrindinis","item":"https:\/\/www.malinashop.lt\/"},{"@type":"ListItem","position":2,"name":"Parduotuv\u0117","item":"https:\/\/www.malinashop.lt\/en\/parduotuve\/"},{"@type":"ListItem","position":3,"name":"Apsauginis veido kremas nuo saul\u0117s SPF50 SINOZ pur\u0161kiamas, 50 ml"}]},{"@type":"WebSite","@id":"https:\/\/www.malinashop.lt\/#website","url":"https:\/\/www.malinashop.lt\/","name":"COM Group Ecommerce","description":"MalinaShop.lt - Gro\u017eio ir sveikatos produktai i\u0161 patikim\u0173 preki\u0173 \u017eenkl\u0173. Atraskite auk\u0161tos kokyb\u0117s kosmetik\u0105 u\u017e puiki\u0105 kain\u0105.","publisher":{"@id":"https:\/\/www.malinashop.lt\/#organization"},"potentialAction":[{"@type":"SearchAction","target":{"@type":"EntryPoint","urlTemplate":"https:\/\/www.malinashop.lt\/?s={search_term_string}"},"query-input":{"@type":"PropertyValueSpecification","valueRequired":true,"valueName":"search_term_string"}}],"inLanguage":"en-GB"},{"@type":"Organization","@id":"https:\/\/www.malinashop.lt\/#organization","name":"COM Group Ecommerce","url":"https:\/\/www.malinashop.lt\/","logo":{"@type":"ImageObject","inLanguage":"en-GB","@id":"https:\/\/www.malinashop.lt\/#\/schema\/logo\/image\/","url":"https:\/\/www.malinashop.lt\/wp-content\/uploads\/2024\/08\/462559670_3787732518133670_9795632669273463_n-e1731525914575.png","contentUrl":"https:\/\/www.malinashop.lt\/wp-content\/uploads\/2024\/08\/462559670_3787732518133670_9795632669273463_n-e1731525914575.png","width":180,"height":60,"caption":"COM Group Ecommerce"},"image":{"@id":"https:\/\/www.malinashop.lt\/#\/schema\/logo\/image\/"}}]}},"jetpack_sharing_enabled":true,"_links":{"self":[{"href":"https:\/\/www.malinashop.lt\/en\/wp-json\/wp\/v2\/product\/58849","targetHints":{"allow":["GET"]}}],"collection":[{"href":"https:\/\/www.malinashop.lt\/en\/wp-json\/wp\/v2\/product"}],"about":[{"href":"https:\/\/www.malinashop.lt\/en\/wp-json\/wp\/v2\/types\/product"}],"version-history":[{"count":1,"href":"https:\/\/www.malinashop.lt\/en\/wp-json\/wp\/v2\/product\/58849\/revisions"}],"predecessor-version":[{"id":58851,"href":"https:\/\/www.malinashop.lt\/en\/wp-json\/wp\/v2\/product\/58849\/revisions\/58851"}],"wp:featuredmedia":[{"embeddable":true,"href":"https:\/\/www.malinashop.lt\/en\/wp-json\/wp\/v2\/media\/58850"}],"wp:attachment":[{"href":"https:\/\/www.malinashop.lt\/en\/wp-json\/wp\/v2\/media?parent=58849"}],"wp:term":[{"taxonomy":"product_brand","embeddable":true,"href":"https:\/\/www.malinashop.lt\/en\/wp-json\/wp\/v2\/product_brand?post=58849"},{"taxonomy":"product_cat","embeddable":true,"href":"https:\/\/www.malinashop.lt\/en\/wp-json\/wp\/v2\/product_cat?post=58849"},{"taxonomy":"product_tag","embeddable":true,"href":"https:\/\/www.malinashop.lt\/en\/wp-json\/wp\/v2\/product_tag?post=58849"}],"curies":[{"name":"wp","href":"https:\/\/api.w.org\/{rel}","templated":true}]}}