{"id":58839,"date":"2025-10-20T11:25:39","date_gmt":"2025-10-20T08:25:39","guid":{"rendered":"https:\/\/malinashop.lt\/?post_type=product&#038;p=58839"},"modified":"2026-03-18T12:28:12","modified_gmt":"2026-03-18T09:28:12","slug":"sinoz-veido-fluidas-nuo-saules-ir-pigmentiniu-demiu-spf50-dark-spot-control-50ml","status":"publish","type":"product","link":"https:\/\/www.malinashop.lt\/en\/shop\/sinoz-veido-fluidas-nuo-saules-ir-pigmentiniu-demiu-spf50-dark-spot-control-50ml\/","title":{"rendered":"SINOZ veido fluidas nuo saul\u0117s ir pigmentini\u0173 d\u0117mi\u0173 SPF50+ DARK SPOT CONTROL, 50ml"},"content":{"rendered":"<p data-start=\"437\" data-end=\"688\"><strong data-start=\"461\" data-end=\"579\">SINOZ apsauginis veido fluidas nuo saul\u0117s ir pigmentini\u0173 d\u0117mi\u0173 su SPF50+ DARK SPOT CONTROL FLUID SUNSCREEN SPF 50+<\/strong> \u2013 tai pa\u017eangus fluidas, specialiai sukurtas <strong data-start=\"624\" data-end=\"687\">d\u0117m\u0117tai, netolygiai, \u012f spuogus ar paraudimus linkusiai odai<\/strong>.<\/p>\n<p data-start=\"690\" data-end=\"984\">Jis padeda <strong data-start=\"701\" data-end=\"774\">ma\u017einti matomas pigmentines d\u0117mes ir u\u017ekirsti keli\u0105 nauj\u0173 atsiradimui<\/strong>, apsaugo nuo UV spinduli\u0173 sukelto odos pa\u017eeidimo bei hiperpigmentacijos.<br data-start=\"847\" data-end=\"850\" \/>Fluido sud\u0117tyje naudojami <strong data-start=\"876\" data-end=\"920\">modern\u016bs ir mineraliniai UVA\/UVB filtrai<\/strong>, kurie u\u017etikrina auk\u0161t\u0105 apsaug\u0105 nuo saul\u0117s ir <strong data-start=\"967\" data-end=\"983\">fotosen\u0117jimo<\/strong>.<\/p>\n<p data-start=\"986\" data-end=\"1183\">Lengva, <strong data-start=\"994\" data-end=\"1036\">greitai \u012fsigerianti ir neriebi formul\u0117<\/strong> nepalieka balt\u0173 \u017eymi\u0173 ir leid\u017eia odai kv\u0117puoti.<br data-start=\"1084\" data-end=\"1087\" \/>Fluidas <strong data-start=\"1095\" data-end=\"1111\">nekem\u0161a por\u0173<\/strong> ir padeda subalansuoti od\u0105, linkusi\u0105 \u012f spuogus, ink\u0161tirus ar paraudim\u0105.<\/p>\n<p data-start=\"1185\" data-end=\"1237\"><strong data-start=\"1185\" data-end=\"1237\">SINOZ DARK SPOT CONTROL FLUID SPF50+ privalumai:<\/strong><\/p>\n<ul data-start=\"1238\" data-end=\"1656\">\n<li data-start=\"1238\" data-end=\"1298\">\n<p data-start=\"1240\" data-end=\"1298\">Sukurtas <strong data-start=\"1249\" data-end=\"1298\">d\u0117m\u0117tai, netolygiai, \u012f spuogus linkusiai odai<\/strong><\/p>\n<\/li>\n<li data-start=\"1299\" data-end=\"1334\">\n<p data-start=\"1301\" data-end=\"1334\">SPF50+ <strong data-start=\"1308\" data-end=\"1334\">auk\u0161ta UVA\/UVB apsauga<\/strong><\/p>\n<\/li>\n<li data-start=\"1335\" data-end=\"1380\">\n<p data-start=\"1337\" data-end=\"1380\">Padeda <strong data-start=\"1344\" data-end=\"1380\">ma\u017einti esamas pigmentines d\u0117mes<\/strong><\/p>\n<\/li>\n<li data-start=\"1381\" data-end=\"1430\">\n<p data-start=\"1383\" data-end=\"1430\">Apsaugo nuo <strong data-start=\"1395\" data-end=\"1430\">nauj\u0173 d\u0117mi\u0173 ir spalvos pakitim\u0173<\/strong><\/p>\n<\/li>\n<li data-start=\"1431\" data-end=\"1478\">\n<p data-start=\"1433\" data-end=\"1478\">Naudoja <strong data-start=\"1441\" data-end=\"1478\">modernius ir mineralinius filtrus<\/strong><\/p>\n<\/li>\n<li data-start=\"1479\" data-end=\"1528\">\n<p data-start=\"1481\" data-end=\"1528\">Lengva fluidin\u0117 tekst\u016bra \u2013 <strong data-start=\"1508\" data-end=\"1528\">greitai \u012fsigeria<\/strong><\/p>\n<\/li>\n<li data-start=\"1529\" data-end=\"1560\">\n<p data-start=\"1531\" data-end=\"1560\"><strong data-start=\"1531\" data-end=\"1560\">Neriebu, be balt\u0173 liku\u010di\u0173<\/strong><\/p>\n<\/li>\n<li data-start=\"1561\" data-end=\"1604\">\n<p data-start=\"1563\" data-end=\"1604\">Nekem\u0161a por\u0173, tinka kasdieniam naudojimui<\/p>\n<\/li>\n<li data-start=\"1605\" data-end=\"1656\">\n<p data-start=\"1607\" data-end=\"1656\">Apsaugo nuo <strong data-start=\"1619\" data-end=\"1656\">fotosen\u0117jimo ir aplinkos veiksni\u0173<\/strong><\/p>\n<\/li>\n<\/ul>\n<p data-start=\"1658\" data-end=\"1788\">Tai idealus pasirinkimas \u017emon\u0117ms, kurie nori apsaugos nuo saul\u0117s ir tuo pa\u010diu spr\u0119sti pigmentacijos bei odos netolygumo problemas.<\/p>\n<p data-start=\"1790\" data-end=\"1956\"><strong data-start=\"1790\" data-end=\"1805\">Naudojimas:<\/strong><br data-start=\"1805\" data-end=\"1808\" \/>Gerai suplakite. Tolygiai tepkite ant veido, kaklo ir paaki\u0173 15\u201320 min. prie\u0161 saul\u0119. Ilgai b\u016bnant saul\u0117je \u2013 pakartoti kas 2 valandas ir po maudyni\u0173.<\/p>\n<p data-start=\"1958\" data-end=\"2091\"><strong data-start=\"1958\" data-end=\"2008\">SINOZ DARK SPOT CONTROL FLUID SUNSCREEN SPF50+<\/strong> \u2013 apsauga, odos tono i\u0161lyginimas ir pigmentini\u0173 d\u0117mi\u0173 prevencija viename produkte.<\/p>\n","protected":false},"excerpt":{"rendered":"<p>SINOZ DARK SPOT CONTROL FLUID SPF50+ \u2013 veido fluidas nuo saul\u0117s ir pigmentini\u0173 d\u0117mi\u0173, skirtas d\u0117m\u0117tai, netolygiai ir spuoguotai odai. Apsaugo, \u0161viesina ir subalansuoja od\u0105.<\/p>\n","protected":false},"featured_media":58840,"template":"","meta":[],"product_brand":[1354],"product_cat":[772,731],"product_tag":[1619],"class_list":{"0":"post-58839","1":"product","2":"type-product","3":"status-publish","4":"has-post-thumbnail","6":"product_brand-sinoz","7":"product_cat-apsauga-nuo-saules","8":"product_cat-kunui","9":"product_tag-sinoz","11":"first","12":"instock","13":"sale","14":"taxable","15":"shipping-taxable","16":"purchasable","17":"product-type-simple"},"yoast_head":"<!-- This site is optimized with the Yoast SEO plugin v27.4 - https:\/\/yoast.com\/product\/yoast-seo-wordpress\/ -->\n<title>SINOZ veido fluidas nuo saul\u0117s ir pigmentini\u0173 d\u0117mi\u0173 SPF50+ DARK SPOT CONTROL, 50ml - MalinaShop.lt J\u016bs\u0173 sveikatai ir gro\u017eiui.<\/title>\n<meta name=\"description\" content=\"SINOZ DARK SPOT CONTROL FLUID SPF50+ \u2013 veido fluidas nuo saul\u0117s ir pigmentini\u0173 d\u0117mi\u0173, skirtas d\u0117m\u0117tai, netolygiai ir spuoguotai odai. Apsaugo, \u0161viesina ir subalansuoja od\u0105. SINOZ veido fluidas nuo saul\u0117s ir pigmentini\u0173 d\u0117mi\u0173 SPF50+ DARK SPOT CONTROL apsaugo nuo UVA\/UVB, ma\u017eina d\u0117mes ir subalansuoja od\u0105.\" \/>\n<meta name=\"robots\" content=\"index, follow, max-snippet:-1, max-image-preview:large, max-video-preview:-1\" \/>\n<link rel=\"canonical\" href=\"https:\/\/www.malinashop.lt\/en\/shop\/sinoz-veido-fluidas-nuo-saules-ir-pigmentiniu-demiu-spf50-dark-spot-control-50ml\/\" \/>\n<meta property=\"og:locale\" content=\"en_GB\" \/>\n<meta property=\"og:type\" content=\"article\" \/>\n<meta property=\"og:title\" content=\"SINOZ veido fluidas nuo saul\u0117s ir pigmentini\u0173 d\u0117mi\u0173 SPF50+ DARK SPOT CONTROL, 50ml - MalinaShop.lt J\u016bs\u0173 sveikatai ir gro\u017eiui.\" \/>\n<meta property=\"og:description\" content=\"SINOZ DARK SPOT CONTROL FLUID SPF50+ \u2013 veido fluidas nuo saul\u0117s ir pigmentini\u0173 d\u0117mi\u0173, skirtas d\u0117m\u0117tai, netolygiai ir spuoguotai odai. Apsaugo, \u0161viesina ir subalansuoja od\u0105. SINOZ veido fluidas nuo saul\u0117s ir pigmentini\u0173 d\u0117mi\u0173 SPF50+ DARK SPOT CONTROL apsaugo nuo UVA\/UVB, ma\u017eina d\u0117mes ir subalansuoja od\u0105.\" \/>\n<meta property=\"og:url\" content=\"https:\/\/www.malinashop.lt\/en\/shop\/sinoz-veido-fluidas-nuo-saules-ir-pigmentiniu-demiu-spf50-dark-spot-control-50ml\/\" \/>\n<meta property=\"og:site_name\" content=\"MalinaShop.lt J\u016bs\u0173 sveikatai ir gro\u017eiui.\" \/>\n<meta property=\"article:modified_time\" content=\"2026-03-18T09:28:12+00:00\" \/>\n<meta property=\"og:image\" content=\"https:\/\/www.malinashop.lt\/wp-content\/uploads\/2025\/10\/SINOZ-veido-fluidas-nuo-saules-ir-pigmentiniu-demiu-SPF50-DARK-SPOT-CONTROL-50ml.webp\" \/>\n\t<meta property=\"og:image:width\" content=\"768\" \/>\n\t<meta property=\"og:image:height\" content=\"768\" \/>\n\t<meta property=\"og:image:type\" content=\"image\/webp\" \/>\n<meta name=\"twitter:card\" content=\"summary_large_image\" \/>\n<script type=\"application\/ld+json\" class=\"yoast-schema-graph\">{\"@context\":\"https:\\\/\\\/schema.org\",\"@graph\":[{\"@type\":\"WebPage\",\"@id\":\"https:\\\/\\\/www.malinashop.lt\\\/lt_lt\\\/shop\\\/sinoz-veido-fluidas-nuo-saules-ir-pigmentiniu-demiu-spf50-dark-spot-control-50ml\\\/\",\"url\":\"https:\\\/\\\/www.malinashop.lt\\\/lt_lt\\\/shop\\\/sinoz-veido-fluidas-nuo-saules-ir-pigmentiniu-demiu-spf50-dark-spot-control-50ml\\\/\",\"name\":\"SINOZ veido fluidas nuo saul\u0117s ir pigmentini\u0173 d\u0117mi\u0173 SPF50+ DARK SPOT CONTROL, 50ml - MalinaShop.lt J\u016bs\u0173 sveikatai ir gro\u017eiui.\",\"isPartOf\":{\"@id\":\"https:\\\/\\\/www.malinashop.lt\\\/#website\"},\"primaryImageOfPage\":{\"@id\":\"https:\\\/\\\/www.malinashop.lt\\\/lt_lt\\\/shop\\\/sinoz-veido-fluidas-nuo-saules-ir-pigmentiniu-demiu-spf50-dark-spot-control-50ml\\\/#primaryimage\"},\"image\":{\"@id\":\"https:\\\/\\\/www.malinashop.lt\\\/lt_lt\\\/shop\\\/sinoz-veido-fluidas-nuo-saules-ir-pigmentiniu-demiu-spf50-dark-spot-control-50ml\\\/#primaryimage\"},\"thumbnailUrl\":\"https:\\\/\\\/www.malinashop.lt\\\/wp-content\\\/uploads\\\/2025\\\/10\\\/SINOZ-veido-fluidas-nuo-saules-ir-pigmentiniu-demiu-SPF50-DARK-SPOT-CONTROL-50ml.webp\",\"datePublished\":\"2025-10-20T08:25:39+00:00\",\"dateModified\":\"2026-03-18T09:28:12+00:00\",\"description\":\"SINOZ DARK SPOT CONTROL FLUID SPF50+ \u2013 veido fluidas nuo saul\u0117s ir pigmentini\u0173 d\u0117mi\u0173, skirtas d\u0117m\u0117tai, netolygiai ir spuoguotai odai. Apsaugo, \u0161viesina ir subalansuoja od\u0105. SINOZ veido fluidas nuo saul\u0117s ir pigmentini\u0173 d\u0117mi\u0173 SPF50+ DARK SPOT CONTROL apsaugo nuo UVA\\\/UVB, ma\u017eina d\u0117mes ir subalansuoja od\u0105.\",\"breadcrumb\":{\"@id\":\"https:\\\/\\\/www.malinashop.lt\\\/lt_lt\\\/shop\\\/sinoz-veido-fluidas-nuo-saules-ir-pigmentiniu-demiu-spf50-dark-spot-control-50ml\\\/#breadcrumb\"},\"inLanguage\":\"en-GB\",\"potentialAction\":[{\"@type\":\"ReadAction\",\"target\":[\"https:\\\/\\\/www.malinashop.lt\\\/lt_lt\\\/shop\\\/sinoz-veido-fluidas-nuo-saules-ir-pigmentiniu-demiu-spf50-dark-spot-control-50ml\\\/\"]}]},{\"@type\":\"ImageObject\",\"inLanguage\":\"en-GB\",\"@id\":\"https:\\\/\\\/www.malinashop.lt\\\/lt_lt\\\/shop\\\/sinoz-veido-fluidas-nuo-saules-ir-pigmentiniu-demiu-spf50-dark-spot-control-50ml\\\/#primaryimage\",\"url\":\"https:\\\/\\\/www.malinashop.lt\\\/wp-content\\\/uploads\\\/2025\\\/10\\\/SINOZ-veido-fluidas-nuo-saules-ir-pigmentiniu-demiu-SPF50-DARK-SPOT-CONTROL-50ml.webp\",\"contentUrl\":\"https:\\\/\\\/www.malinashop.lt\\\/wp-content\\\/uploads\\\/2025\\\/10\\\/SINOZ-veido-fluidas-nuo-saules-ir-pigmentiniu-demiu-SPF50-DARK-SPOT-CONTROL-50ml.webp\",\"width\":768,\"height\":768},{\"@type\":\"BreadcrumbList\",\"@id\":\"https:\\\/\\\/www.malinashop.lt\\\/lt_lt\\\/shop\\\/sinoz-veido-fluidas-nuo-saules-ir-pigmentiniu-demiu-spf50-dark-spot-control-50ml\\\/#breadcrumb\",\"itemListElement\":[{\"@type\":\"ListItem\",\"position\":1,\"name\":\"Pagrindinis\",\"item\":\"https:\\\/\\\/www.malinashop.lt\\\/\"},{\"@type\":\"ListItem\",\"position\":2,\"name\":\"Parduotuv\u0117\",\"item\":\"https:\\\/\\\/www.malinashop.lt\\\/en\\\/parduotuve\\\/\"},{\"@type\":\"ListItem\",\"position\":3,\"name\":\"SINOZ veido fluidas nuo saul\u0117s ir pigmentini\u0173 d\u0117mi\u0173 SPF50+ DARK SPOT CONTROL, 50ml\"}]},{\"@type\":\"WebSite\",\"@id\":\"https:\\\/\\\/www.malinashop.lt\\\/#website\",\"url\":\"https:\\\/\\\/www.malinashop.lt\\\/\",\"name\":\"COM Group Ecommerce\",\"description\":\"MalinaShop.lt - Gro\u017eio ir sveikatos produktai i\u0161 patikim\u0173 preki\u0173 \u017eenkl\u0173. Atraskite auk\u0161tos kokyb\u0117s kosmetik\u0105 u\u017e puiki\u0105 kain\u0105.\",\"publisher\":{\"@id\":\"https:\\\/\\\/www.malinashop.lt\\\/#organization\"},\"potentialAction\":[{\"@type\":\"SearchAction\",\"target\":{\"@type\":\"EntryPoint\",\"urlTemplate\":\"https:\\\/\\\/www.malinashop.lt\\\/?s={search_term_string}\"},\"query-input\":{\"@type\":\"PropertyValueSpecification\",\"valueRequired\":true,\"valueName\":\"search_term_string\"}}],\"inLanguage\":\"en-GB\"},{\"@type\":\"Organization\",\"@id\":\"https:\\\/\\\/www.malinashop.lt\\\/#organization\",\"name\":\"COM Group Ecommerce\",\"url\":\"https:\\\/\\\/www.malinashop.lt\\\/\",\"logo\":{\"@type\":\"ImageObject\",\"inLanguage\":\"en-GB\",\"@id\":\"https:\\\/\\\/www.malinashop.lt\\\/#\\\/schema\\\/logo\\\/image\\\/\",\"url\":\"https:\\\/\\\/www.malinashop.lt\\\/wp-content\\\/uploads\\\/2024\\\/08\\\/462559670_3787732518133670_9795632669273463_n-e1731525914575.png\",\"contentUrl\":\"https:\\\/\\\/www.malinashop.lt\\\/wp-content\\\/uploads\\\/2024\\\/08\\\/462559670_3787732518133670_9795632669273463_n-e1731525914575.png\",\"width\":180,\"height\":60,\"caption\":\"COM Group Ecommerce\"},\"image\":{\"@id\":\"https:\\\/\\\/www.malinashop.lt\\\/#\\\/schema\\\/logo\\\/image\\\/\"}}]}<\/script>\n<!-- \/ Yoast SEO plugin. -->","yoast_head_json":{"title":"SINOZ veido fluidas nuo saul\u0117s ir pigmentini\u0173 d\u0117mi\u0173 SPF50+ DARK SPOT CONTROL, 50ml - MalinaShop.lt J\u016bs\u0173 sveikatai ir gro\u017eiui.","description":"SINOZ DARK SPOT CONTROL FLUID SPF50+ \u2013 veido fluidas nuo saul\u0117s ir pigmentini\u0173 d\u0117mi\u0173, skirtas d\u0117m\u0117tai, netolygiai ir spuoguotai odai. Apsaugo, \u0161viesina ir subalansuoja od\u0105. SINOZ veido fluidas nuo saul\u0117s ir pigmentini\u0173 d\u0117mi\u0173 SPF50+ DARK SPOT CONTROL apsaugo nuo UVA\/UVB, ma\u017eina d\u0117mes ir subalansuoja od\u0105.","robots":{"index":"index","follow":"follow","max-snippet":"max-snippet:-1","max-image-preview":"max-image-preview:large","max-video-preview":"max-video-preview:-1"},"canonical":"https:\/\/www.malinashop.lt\/en\/shop\/sinoz-veido-fluidas-nuo-saules-ir-pigmentiniu-demiu-spf50-dark-spot-control-50ml\/","og_locale":"en_GB","og_type":"article","og_title":"SINOZ veido fluidas nuo saul\u0117s ir pigmentini\u0173 d\u0117mi\u0173 SPF50+ DARK SPOT CONTROL, 50ml - MalinaShop.lt J\u016bs\u0173 sveikatai ir gro\u017eiui.","og_description":"SINOZ DARK SPOT CONTROL FLUID SPF50+ \u2013 veido fluidas nuo saul\u0117s ir pigmentini\u0173 d\u0117mi\u0173, skirtas d\u0117m\u0117tai, netolygiai ir spuoguotai odai. Apsaugo, \u0161viesina ir subalansuoja od\u0105. SINOZ veido fluidas nuo saul\u0117s ir pigmentini\u0173 d\u0117mi\u0173 SPF50+ DARK SPOT CONTROL apsaugo nuo UVA\/UVB, ma\u017eina d\u0117mes ir subalansuoja od\u0105.","og_url":"https:\/\/www.malinashop.lt\/en\/shop\/sinoz-veido-fluidas-nuo-saules-ir-pigmentiniu-demiu-spf50-dark-spot-control-50ml\/","og_site_name":"MalinaShop.lt J\u016bs\u0173 sveikatai ir gro\u017eiui.","article_modified_time":"2026-03-18T09:28:12+00:00","og_image":[{"width":768,"height":768,"url":"https:\/\/www.malinashop.lt\/wp-content\/uploads\/2025\/10\/SINOZ-veido-fluidas-nuo-saules-ir-pigmentiniu-demiu-SPF50-DARK-SPOT-CONTROL-50ml.webp","type":"image\/webp"}],"twitter_card":"summary_large_image","schema":{"@context":"https:\/\/schema.org","@graph":[{"@type":"WebPage","@id":"https:\/\/www.malinashop.lt\/lt_lt\/shop\/sinoz-veido-fluidas-nuo-saules-ir-pigmentiniu-demiu-spf50-dark-spot-control-50ml\/","url":"https:\/\/www.malinashop.lt\/lt_lt\/shop\/sinoz-veido-fluidas-nuo-saules-ir-pigmentiniu-demiu-spf50-dark-spot-control-50ml\/","name":"SINOZ veido fluidas nuo saul\u0117s ir pigmentini\u0173 d\u0117mi\u0173 SPF50+ DARK SPOT CONTROL, 50ml - MalinaShop.lt J\u016bs\u0173 sveikatai ir gro\u017eiui.","isPartOf":{"@id":"https:\/\/www.malinashop.lt\/#website"},"primaryImageOfPage":{"@id":"https:\/\/www.malinashop.lt\/lt_lt\/shop\/sinoz-veido-fluidas-nuo-saules-ir-pigmentiniu-demiu-spf50-dark-spot-control-50ml\/#primaryimage"},"image":{"@id":"https:\/\/www.malinashop.lt\/lt_lt\/shop\/sinoz-veido-fluidas-nuo-saules-ir-pigmentiniu-demiu-spf50-dark-spot-control-50ml\/#primaryimage"},"thumbnailUrl":"https:\/\/www.malinashop.lt\/wp-content\/uploads\/2025\/10\/SINOZ-veido-fluidas-nuo-saules-ir-pigmentiniu-demiu-SPF50-DARK-SPOT-CONTROL-50ml.webp","datePublished":"2025-10-20T08:25:39+00:00","dateModified":"2026-03-18T09:28:12+00:00","description":"SINOZ DARK SPOT CONTROL FLUID SPF50+ \u2013 veido fluidas nuo saul\u0117s ir pigmentini\u0173 d\u0117mi\u0173, skirtas d\u0117m\u0117tai, netolygiai ir spuoguotai odai. Apsaugo, \u0161viesina ir subalansuoja od\u0105. SINOZ veido fluidas nuo saul\u0117s ir pigmentini\u0173 d\u0117mi\u0173 SPF50+ DARK SPOT CONTROL apsaugo nuo UVA\/UVB, ma\u017eina d\u0117mes ir subalansuoja od\u0105.","breadcrumb":{"@id":"https:\/\/www.malinashop.lt\/lt_lt\/shop\/sinoz-veido-fluidas-nuo-saules-ir-pigmentiniu-demiu-spf50-dark-spot-control-50ml\/#breadcrumb"},"inLanguage":"en-GB","potentialAction":[{"@type":"ReadAction","target":["https:\/\/www.malinashop.lt\/lt_lt\/shop\/sinoz-veido-fluidas-nuo-saules-ir-pigmentiniu-demiu-spf50-dark-spot-control-50ml\/"]}]},{"@type":"ImageObject","inLanguage":"en-GB","@id":"https:\/\/www.malinashop.lt\/lt_lt\/shop\/sinoz-veido-fluidas-nuo-saules-ir-pigmentiniu-demiu-spf50-dark-spot-control-50ml\/#primaryimage","url":"https:\/\/www.malinashop.lt\/wp-content\/uploads\/2025\/10\/SINOZ-veido-fluidas-nuo-saules-ir-pigmentiniu-demiu-SPF50-DARK-SPOT-CONTROL-50ml.webp","contentUrl":"https:\/\/www.malinashop.lt\/wp-content\/uploads\/2025\/10\/SINOZ-veido-fluidas-nuo-saules-ir-pigmentiniu-demiu-SPF50-DARK-SPOT-CONTROL-50ml.webp","width":768,"height":768},{"@type":"BreadcrumbList","@id":"https:\/\/www.malinashop.lt\/lt_lt\/shop\/sinoz-veido-fluidas-nuo-saules-ir-pigmentiniu-demiu-spf50-dark-spot-control-50ml\/#breadcrumb","itemListElement":[{"@type":"ListItem","position":1,"name":"Pagrindinis","item":"https:\/\/www.malinashop.lt\/"},{"@type":"ListItem","position":2,"name":"Parduotuv\u0117","item":"https:\/\/www.malinashop.lt\/en\/parduotuve\/"},{"@type":"ListItem","position":3,"name":"SINOZ veido fluidas nuo saul\u0117s ir pigmentini\u0173 d\u0117mi\u0173 SPF50+ DARK SPOT CONTROL, 50ml"}]},{"@type":"WebSite","@id":"https:\/\/www.malinashop.lt\/#website","url":"https:\/\/www.malinashop.lt\/","name":"COM Group Ecommerce","description":"MalinaShop.lt - Gro\u017eio ir sveikatos produktai i\u0161 patikim\u0173 preki\u0173 \u017eenkl\u0173. Atraskite auk\u0161tos kokyb\u0117s kosmetik\u0105 u\u017e puiki\u0105 kain\u0105.","publisher":{"@id":"https:\/\/www.malinashop.lt\/#organization"},"potentialAction":[{"@type":"SearchAction","target":{"@type":"EntryPoint","urlTemplate":"https:\/\/www.malinashop.lt\/?s={search_term_string}"},"query-input":{"@type":"PropertyValueSpecification","valueRequired":true,"valueName":"search_term_string"}}],"inLanguage":"en-GB"},{"@type":"Organization","@id":"https:\/\/www.malinashop.lt\/#organization","name":"COM Group Ecommerce","url":"https:\/\/www.malinashop.lt\/","logo":{"@type":"ImageObject","inLanguage":"en-GB","@id":"https:\/\/www.malinashop.lt\/#\/schema\/logo\/image\/","url":"https:\/\/www.malinashop.lt\/wp-content\/uploads\/2024\/08\/462559670_3787732518133670_9795632669273463_n-e1731525914575.png","contentUrl":"https:\/\/www.malinashop.lt\/wp-content\/uploads\/2024\/08\/462559670_3787732518133670_9795632669273463_n-e1731525914575.png","width":180,"height":60,"caption":"COM Group Ecommerce"},"image":{"@id":"https:\/\/www.malinashop.lt\/#\/schema\/logo\/image\/"}}]}},"jetpack_sharing_enabled":true,"_links":{"self":[{"href":"https:\/\/www.malinashop.lt\/en\/wp-json\/wp\/v2\/product\/58839","targetHints":{"allow":["GET"]}}],"collection":[{"href":"https:\/\/www.malinashop.lt\/en\/wp-json\/wp\/v2\/product"}],"about":[{"href":"https:\/\/www.malinashop.lt\/en\/wp-json\/wp\/v2\/types\/product"}],"version-history":[{"count":1,"href":"https:\/\/www.malinashop.lt\/en\/wp-json\/wp\/v2\/product\/58839\/revisions"}],"predecessor-version":[{"id":58841,"href":"https:\/\/www.malinashop.lt\/en\/wp-json\/wp\/v2\/product\/58839\/revisions\/58841"}],"wp:featuredmedia":[{"embeddable":true,"href":"https:\/\/www.malinashop.lt\/en\/wp-json\/wp\/v2\/media\/58840"}],"wp:attachment":[{"href":"https:\/\/www.malinashop.lt\/en\/wp-json\/wp\/v2\/media?parent=58839"}],"wp:term":[{"taxonomy":"product_brand","embeddable":true,"href":"https:\/\/www.malinashop.lt\/en\/wp-json\/wp\/v2\/product_brand?post=58839"},{"taxonomy":"product_cat","embeddable":true,"href":"https:\/\/www.malinashop.lt\/en\/wp-json\/wp\/v2\/product_cat?post=58839"},{"taxonomy":"product_tag","embeddable":true,"href":"https:\/\/www.malinashop.lt\/en\/wp-json\/wp\/v2\/product_tag?post=58839"}],"curies":[{"name":"wp","href":"https:\/\/api.w.org\/{rel}","templated":true}]}}