{"id":58835,"date":"2025-09-20T11:23:52","date_gmt":"2025-09-20T08:23:52","guid":{"rendered":"https:\/\/malinashop.lt\/?post_type=product&#038;p=58835"},"modified":"2026-03-18T12:28:19","modified_gmt":"2026-03-18T09:28:19","slug":"sinoz-veido-fluidas-nuo-saules-spf50-pink-touch-tone-up-fluid-50ml","status":"publish","type":"product","link":"https:\/\/www.malinashop.lt\/en\/shop\/sinoz-veido-fluidas-nuo-saules-spf50-pink-touch-tone-up-fluid-50ml\/","title":{"rendered":"SINOZ veido fluidas nuo saul\u0117s SPF50+ PINK TOUCH TONE UP FLUID, 50ml"},"content":{"rendered":"<p data-start=\"442\" data-end=\"682\"><strong data-start=\"466\" data-end=\"564\">SINOZ apsauginis veido fluidas nuo saul\u0117s su SPF50+ PINK TOUCH TONE UP FLUID SUNSCREEN SPF 50+<\/strong> \u2013 tai specialiai \u0161viesiai odai pritaikytas veido fluidas, suteikiantis intensyvi\u0105 apsaug\u0105 ir lengv\u0105 \u201etone-up\u201c efekt\u0105.<\/p>\n<p data-start=\"684\" data-end=\"936\">Lengva, skysta tekst\u016bra <strong data-start=\"708\" data-end=\"762\">greitai \u012fsigeria, nepalieka riebumo ar balt\u0173 \u017eymi\u0173<\/strong>, tod\u0117l oda atrodo nat\u016brali, \u0161vytinti ir lygi.<br data-start=\"808\" data-end=\"811\" \/>Fluidas <strong data-start=\"819\" data-end=\"841\">sulygina odos ton\u0105<\/strong>, suteikia sveik\u0105 skaistum\u0105 ir gali b\u016bti naudojamas <strong data-start=\"893\" data-end=\"935\">vietoje makia\u017eo arba kaip makia\u017eo baz\u0117<\/strong>.<\/p>\n<p data-start=\"938\" data-end=\"958\">Formul\u0117 praturtinta:<\/p>\n<ul data-start=\"959\" data-end=\"1162\">\n<li data-start=\"959\" data-end=\"1012\">\n<p data-start=\"961\" data-end=\"1012\"><strong data-start=\"961\" data-end=\"973\">Kalaminu<\/strong> \u2013 ramina sudirgimus, ma\u017eina paraudim\u0105;<\/p>\n<\/li>\n<li data-start=\"1013\" data-end=\"1095\">\n<p data-start=\"1015\" data-end=\"1095\"><strong data-start=\"1015\" data-end=\"1040\">Niacinamidu (vit. B3)<\/strong> \u2013 \u0161viesina, ma\u017eina pigmentacij\u0105, gerina odos tekst\u016br\u0105;<\/p>\n<\/li>\n<li data-start=\"1096\" data-end=\"1162\">\n<p data-start=\"1098\" data-end=\"1162\"><strong data-start=\"1098\" data-end=\"1125\">Pantenoliu (Provit. B5)<\/strong> \u2013 dr\u0117kina, mink\u0161tina ir atkuria od\u0105.<\/p>\n<\/li>\n<\/ul>\n<p data-start=\"1164\" data-end=\"1211\"><strong data-start=\"1164\" data-end=\"1211\">PINK TOUCH TONE UP FLUID SPF50+ privalumai:<\/strong><\/p>\n<ul data-start=\"1212\" data-end=\"1538\">\n<li data-start=\"1212\" data-end=\"1247\">\n<p data-start=\"1214\" data-end=\"1247\">SPF50+ <strong data-start=\"1221\" data-end=\"1247\">auk\u0161ta UVA\/UVB apsauga<\/strong><\/p>\n<\/li>\n<li data-start=\"1248\" data-end=\"1276\">\n<p data-start=\"1250\" data-end=\"1276\">Sukurtas <strong data-start=\"1259\" data-end=\"1276\">\u0161viesiai odai<\/strong><\/p>\n<\/li>\n<li data-start=\"1277\" data-end=\"1328\">\n<p data-start=\"1279\" data-end=\"1328\">Lengvas \u201etone-up\u201c efektas \u2013 skaistina ir \u0161viesina<\/p>\n<\/li>\n<li data-start=\"1329\" data-end=\"1368\">\n<p data-start=\"1331\" data-end=\"1368\">Padeda <strong data-start=\"1338\" data-end=\"1368\">i\u0161vengti pigmentini\u0173 d\u0117mi\u0173<\/strong><\/p>\n<\/li>\n<li data-start=\"1369\" data-end=\"1420\">\n<p data-start=\"1371\" data-end=\"1420\">Apsaugo nuo <strong data-start=\"1383\" data-end=\"1420\">fotosen\u0117jimo ir aplinkos veiksni\u0173<\/strong><\/p>\n<\/li>\n<li data-start=\"1421\" data-end=\"1445\">\n<p data-start=\"1423\" data-end=\"1445\">Dr\u0117kina ir maitina od\u0105<\/p>\n<\/li>\n<li data-start=\"1446\" data-end=\"1494\">\n<p data-start=\"1448\" data-end=\"1494\">Lengva, neriebi tekst\u016bra \u2013 nesukelia blizgesio<\/p>\n<\/li>\n<li data-start=\"1495\" data-end=\"1538\">\n<p data-start=\"1497\" data-end=\"1538\">Tinka kasdieniam naudojimui ir po makia\u017eu<\/p>\n<\/li>\n<\/ul>\n<p data-start=\"1540\" data-end=\"1685\">Tai idealus pasirinkimas \u0161viesios, jautrios ar pavargusios odos savininkams, norintiems apsaugos, skaistumo ir odos prie\u017ei\u016bros viename \u017eingsnyje.<\/p>\n<p data-start=\"1687\" data-end=\"1871\"><strong data-start=\"1687\" data-end=\"1702\">Naudojimas:<\/strong><br data-start=\"1702\" data-end=\"1705\" \/>Prie\u0161 naudojim\u0105 suplakite. Tolygiai tepkite ant veido, kaklo ir paaki\u0173 srities 15\u201320 min. prie\u0161 saul\u0119. Ilgai b\u016bnant saul\u0117je \u2013 pakartoti kas 2 valandas ir po maudyni\u0173.<\/p>\n<p data-start=\"1873\" data-end=\"1971\"><strong data-start=\"1873\" data-end=\"1924\">SINOZ PINK TOUCH TONE UP FLUID SUNSCREEN SPF50+<\/strong> \u2013 \u0161vytinti, apsaugota ir lygi oda be pastang\u0173.<\/p>\n","protected":false},"excerpt":{"rendered":"<p>SINOZ PINK TOUCH TONE UP FLUID SPF50+ \u2013 lengvas veido fluidas nuo saul\u0117s \u0161viesiai odai, suteikiantis \u0161viesinam\u0105j\u012f efekt\u0105, apsaug\u0105 nuo UVA\/UVB ir vienodesn\u012f odos atspalv\u012f.<\/p>\n","protected":false},"featured_media":58837,"template":"","meta":[],"product_brand":[1354],"product_cat":[772,731],"product_tag":[1619],"class_list":{"0":"post-58835","1":"product","2":"type-product","3":"status-publish","4":"has-post-thumbnail","6":"product_brand-sinoz","7":"product_cat-apsauga-nuo-saules","8":"product_cat-kunui","9":"product_tag-sinoz","11":"first","12":"instock","13":"sale","14":"taxable","15":"shipping-taxable","16":"purchasable","17":"product-type-simple"},"yoast_head":"<!-- This site is optimized with the Yoast SEO plugin v27.4 - https:\/\/yoast.com\/product\/yoast-seo-wordpress\/ -->\n<title>SINOZ veido fluidas nuo saul\u0117s SPF50+ PINK TOUCH TONE UP FLUID, 50ml - MalinaShop.lt J\u016bs\u0173 sveikatai ir gro\u017eiui.<\/title>\n<meta name=\"description\" content=\"SINOZ PINK TOUCH TONE UP FLUID SPF50+ \u2013 lengvas veido fluidas nuo saul\u0117s \u0161viesiai odai, suteikiantis \u0161viesinam\u0105j\u012f efekt\u0105, apsaug\u0105 nuo UVA\/UVB ir vienodesn\u012f odos atspalv\u012f. SINOZ veido fluidas nuo saul\u0117s SPF50+ PINK TOUCH TONE UP suteikia \u0161viesinam\u0105j\u012f efekt\u0105, apsaugo nuo UVA\/UVB ir pigmentini\u0173 d\u0117mi\u0173.\" \/>\n<meta name=\"robots\" content=\"index, follow, max-snippet:-1, max-image-preview:large, max-video-preview:-1\" \/>\n<link rel=\"canonical\" href=\"https:\/\/www.malinashop.lt\/en\/shop\/sinoz-veido-fluidas-nuo-saules-spf50-pink-touch-tone-up-fluid-50ml\/\" \/>\n<meta property=\"og:locale\" content=\"en_GB\" \/>\n<meta property=\"og:type\" content=\"article\" \/>\n<meta property=\"og:title\" content=\"SINOZ veido fluidas nuo saul\u0117s SPF50+ PINK TOUCH TONE UP FLUID, 50ml - MalinaShop.lt J\u016bs\u0173 sveikatai ir gro\u017eiui.\" \/>\n<meta property=\"og:description\" content=\"SINOZ PINK TOUCH TONE UP FLUID SPF50+ \u2013 lengvas veido fluidas nuo saul\u0117s \u0161viesiai odai, suteikiantis \u0161viesinam\u0105j\u012f efekt\u0105, apsaug\u0105 nuo UVA\/UVB ir vienodesn\u012f odos atspalv\u012f. SINOZ veido fluidas nuo saul\u0117s SPF50+ PINK TOUCH TONE UP suteikia \u0161viesinam\u0105j\u012f efekt\u0105, apsaugo nuo UVA\/UVB ir pigmentini\u0173 d\u0117mi\u0173.\" \/>\n<meta property=\"og:url\" content=\"https:\/\/www.malinashop.lt\/en\/shop\/sinoz-veido-fluidas-nuo-saules-spf50-pink-touch-tone-up-fluid-50ml\/\" \/>\n<meta property=\"og:site_name\" content=\"MalinaShop.lt J\u016bs\u0173 sveikatai ir gro\u017eiui.\" \/>\n<meta property=\"article:modified_time\" content=\"2026-03-18T09:28:19+00:00\" \/>\n<meta property=\"og:image\" content=\"https:\/\/www.malinashop.lt\/wp-content\/uploads\/2025\/09\/SINOZ-veido-fluidas-nuo-saules-SPF50-PINK-TOUCH-TONE-UP-FLUID-50ml.webp\" \/>\n\t<meta property=\"og:image:width\" content=\"768\" \/>\n\t<meta property=\"og:image:height\" content=\"768\" \/>\n\t<meta property=\"og:image:type\" content=\"image\/webp\" \/>\n<meta name=\"twitter:card\" content=\"summary_large_image\" \/>\n<script type=\"application\/ld+json\" class=\"yoast-schema-graph\">{\"@context\":\"https:\\\/\\\/schema.org\",\"@graph\":[{\"@type\":\"WebPage\",\"@id\":\"https:\\\/\\\/www.malinashop.lt\\\/shop\\\/sinoz-veido-fluidas-nuo-saules-spf50-pink-touch-tone-up-fluid-50ml\\\/\",\"url\":\"https:\\\/\\\/www.malinashop.lt\\\/shop\\\/sinoz-veido-fluidas-nuo-saules-spf50-pink-touch-tone-up-fluid-50ml\\\/\",\"name\":\"SINOZ veido fluidas nuo saul\u0117s SPF50+ PINK TOUCH TONE UP FLUID, 50ml - MalinaShop.lt J\u016bs\u0173 sveikatai ir gro\u017eiui.\",\"isPartOf\":{\"@id\":\"https:\\\/\\\/www.malinashop.lt\\\/#website\"},\"primaryImageOfPage\":{\"@id\":\"https:\\\/\\\/www.malinashop.lt\\\/shop\\\/sinoz-veido-fluidas-nuo-saules-spf50-pink-touch-tone-up-fluid-50ml\\\/#primaryimage\"},\"image\":{\"@id\":\"https:\\\/\\\/www.malinashop.lt\\\/shop\\\/sinoz-veido-fluidas-nuo-saules-spf50-pink-touch-tone-up-fluid-50ml\\\/#primaryimage\"},\"thumbnailUrl\":\"https:\\\/\\\/www.malinashop.lt\\\/wp-content\\\/uploads\\\/2025\\\/09\\\/SINOZ-veido-fluidas-nuo-saules-SPF50-PINK-TOUCH-TONE-UP-FLUID-50ml.webp\",\"datePublished\":\"2025-09-20T08:23:52+00:00\",\"dateModified\":\"2026-03-18T09:28:19+00:00\",\"description\":\"SINOZ PINK TOUCH TONE UP FLUID SPF50+ \u2013 lengvas veido fluidas nuo saul\u0117s \u0161viesiai odai, suteikiantis \u0161viesinam\u0105j\u012f efekt\u0105, apsaug\u0105 nuo UVA\\\/UVB ir vienodesn\u012f odos atspalv\u012f. SINOZ veido fluidas nuo saul\u0117s SPF50+ PINK TOUCH TONE UP suteikia \u0161viesinam\u0105j\u012f efekt\u0105, apsaugo nuo UVA\\\/UVB ir pigmentini\u0173 d\u0117mi\u0173.\",\"breadcrumb\":{\"@id\":\"https:\\\/\\\/www.malinashop.lt\\\/shop\\\/sinoz-veido-fluidas-nuo-saules-spf50-pink-touch-tone-up-fluid-50ml\\\/#breadcrumb\"},\"inLanguage\":\"en-GB\",\"potentialAction\":[{\"@type\":\"ReadAction\",\"target\":[\"https:\\\/\\\/www.malinashop.lt\\\/shop\\\/sinoz-veido-fluidas-nuo-saules-spf50-pink-touch-tone-up-fluid-50ml\\\/\"]}]},{\"@type\":\"ImageObject\",\"inLanguage\":\"en-GB\",\"@id\":\"https:\\\/\\\/www.malinashop.lt\\\/shop\\\/sinoz-veido-fluidas-nuo-saules-spf50-pink-touch-tone-up-fluid-50ml\\\/#primaryimage\",\"url\":\"https:\\\/\\\/www.malinashop.lt\\\/wp-content\\\/uploads\\\/2025\\\/09\\\/SINOZ-veido-fluidas-nuo-saules-SPF50-PINK-TOUCH-TONE-UP-FLUID-50ml.webp\",\"contentUrl\":\"https:\\\/\\\/www.malinashop.lt\\\/wp-content\\\/uploads\\\/2025\\\/09\\\/SINOZ-veido-fluidas-nuo-saules-SPF50-PINK-TOUCH-TONE-UP-FLUID-50ml.webp\",\"width\":768,\"height\":768},{\"@type\":\"BreadcrumbList\",\"@id\":\"https:\\\/\\\/www.malinashop.lt\\\/shop\\\/sinoz-veido-fluidas-nuo-saules-spf50-pink-touch-tone-up-fluid-50ml\\\/#breadcrumb\",\"itemListElement\":[{\"@type\":\"ListItem\",\"position\":1,\"name\":\"Pagrindinis\",\"item\":\"https:\\\/\\\/www.malinashop.lt\\\/\"},{\"@type\":\"ListItem\",\"position\":2,\"name\":\"Parduotuv\u0117\",\"item\":\"https:\\\/\\\/www.malinashop.lt\\\/en\\\/parduotuve\\\/\"},{\"@type\":\"ListItem\",\"position\":3,\"name\":\"SINOZ veido fluidas nuo saul\u0117s SPF50+ PINK TOUCH TONE UP FLUID, 50ml\"}]},{\"@type\":\"WebSite\",\"@id\":\"https:\\\/\\\/www.malinashop.lt\\\/#website\",\"url\":\"https:\\\/\\\/www.malinashop.lt\\\/\",\"name\":\"COM Group Ecommerce\",\"description\":\"MalinaShop.lt - Gro\u017eio ir sveikatos produktai i\u0161 patikim\u0173 preki\u0173 \u017eenkl\u0173. Atraskite auk\u0161tos kokyb\u0117s kosmetik\u0105 u\u017e puiki\u0105 kain\u0105.\",\"publisher\":{\"@id\":\"https:\\\/\\\/www.malinashop.lt\\\/#organization\"},\"potentialAction\":[{\"@type\":\"SearchAction\",\"target\":{\"@type\":\"EntryPoint\",\"urlTemplate\":\"https:\\\/\\\/www.malinashop.lt\\\/?s={search_term_string}\"},\"query-input\":{\"@type\":\"PropertyValueSpecification\",\"valueRequired\":true,\"valueName\":\"search_term_string\"}}],\"inLanguage\":\"en-GB\"},{\"@type\":\"Organization\",\"@id\":\"https:\\\/\\\/www.malinashop.lt\\\/#organization\",\"name\":\"COM Group Ecommerce\",\"url\":\"https:\\\/\\\/www.malinashop.lt\\\/\",\"logo\":{\"@type\":\"ImageObject\",\"inLanguage\":\"en-GB\",\"@id\":\"https:\\\/\\\/www.malinashop.lt\\\/#\\\/schema\\\/logo\\\/image\\\/\",\"url\":\"https:\\\/\\\/www.malinashop.lt\\\/wp-content\\\/uploads\\\/2024\\\/08\\\/462559670_3787732518133670_9795632669273463_n-e1731525914575.png\",\"contentUrl\":\"https:\\\/\\\/www.malinashop.lt\\\/wp-content\\\/uploads\\\/2024\\\/08\\\/462559670_3787732518133670_9795632669273463_n-e1731525914575.png\",\"width\":180,\"height\":60,\"caption\":\"COM Group Ecommerce\"},\"image\":{\"@id\":\"https:\\\/\\\/www.malinashop.lt\\\/#\\\/schema\\\/logo\\\/image\\\/\"}}]}<\/script>\n<!-- \/ Yoast SEO plugin. -->","yoast_head_json":{"title":"SINOZ veido fluidas nuo saul\u0117s SPF50+ PINK TOUCH TONE UP FLUID, 50ml - MalinaShop.lt J\u016bs\u0173 sveikatai ir gro\u017eiui.","description":"SINOZ PINK TOUCH TONE UP FLUID SPF50+ \u2013 lengvas veido fluidas nuo saul\u0117s \u0161viesiai odai, suteikiantis \u0161viesinam\u0105j\u012f efekt\u0105, apsaug\u0105 nuo UVA\/UVB ir vienodesn\u012f odos atspalv\u012f. SINOZ veido fluidas nuo saul\u0117s SPF50+ PINK TOUCH TONE UP suteikia \u0161viesinam\u0105j\u012f efekt\u0105, apsaugo nuo UVA\/UVB ir pigmentini\u0173 d\u0117mi\u0173.","robots":{"index":"index","follow":"follow","max-snippet":"max-snippet:-1","max-image-preview":"max-image-preview:large","max-video-preview":"max-video-preview:-1"},"canonical":"https:\/\/www.malinashop.lt\/en\/shop\/sinoz-veido-fluidas-nuo-saules-spf50-pink-touch-tone-up-fluid-50ml\/","og_locale":"en_GB","og_type":"article","og_title":"SINOZ veido fluidas nuo saul\u0117s SPF50+ PINK TOUCH TONE UP FLUID, 50ml - MalinaShop.lt J\u016bs\u0173 sveikatai ir gro\u017eiui.","og_description":"SINOZ PINK TOUCH TONE UP FLUID SPF50+ \u2013 lengvas veido fluidas nuo saul\u0117s \u0161viesiai odai, suteikiantis \u0161viesinam\u0105j\u012f efekt\u0105, apsaug\u0105 nuo UVA\/UVB ir vienodesn\u012f odos atspalv\u012f. SINOZ veido fluidas nuo saul\u0117s SPF50+ PINK TOUCH TONE UP suteikia \u0161viesinam\u0105j\u012f efekt\u0105, apsaugo nuo UVA\/UVB ir pigmentini\u0173 d\u0117mi\u0173.","og_url":"https:\/\/www.malinashop.lt\/en\/shop\/sinoz-veido-fluidas-nuo-saules-spf50-pink-touch-tone-up-fluid-50ml\/","og_site_name":"MalinaShop.lt J\u016bs\u0173 sveikatai ir gro\u017eiui.","article_modified_time":"2026-03-18T09:28:19+00:00","og_image":[{"width":768,"height":768,"url":"https:\/\/www.malinashop.lt\/wp-content\/uploads\/2025\/09\/SINOZ-veido-fluidas-nuo-saules-SPF50-PINK-TOUCH-TONE-UP-FLUID-50ml.webp","type":"image\/webp"}],"twitter_card":"summary_large_image","schema":{"@context":"https:\/\/schema.org","@graph":[{"@type":"WebPage","@id":"https:\/\/www.malinashop.lt\/shop\/sinoz-veido-fluidas-nuo-saules-spf50-pink-touch-tone-up-fluid-50ml\/","url":"https:\/\/www.malinashop.lt\/shop\/sinoz-veido-fluidas-nuo-saules-spf50-pink-touch-tone-up-fluid-50ml\/","name":"SINOZ veido fluidas nuo saul\u0117s SPF50+ PINK TOUCH TONE UP FLUID, 50ml - MalinaShop.lt J\u016bs\u0173 sveikatai ir gro\u017eiui.","isPartOf":{"@id":"https:\/\/www.malinashop.lt\/#website"},"primaryImageOfPage":{"@id":"https:\/\/www.malinashop.lt\/shop\/sinoz-veido-fluidas-nuo-saules-spf50-pink-touch-tone-up-fluid-50ml\/#primaryimage"},"image":{"@id":"https:\/\/www.malinashop.lt\/shop\/sinoz-veido-fluidas-nuo-saules-spf50-pink-touch-tone-up-fluid-50ml\/#primaryimage"},"thumbnailUrl":"https:\/\/www.malinashop.lt\/wp-content\/uploads\/2025\/09\/SINOZ-veido-fluidas-nuo-saules-SPF50-PINK-TOUCH-TONE-UP-FLUID-50ml.webp","datePublished":"2025-09-20T08:23:52+00:00","dateModified":"2026-03-18T09:28:19+00:00","description":"SINOZ PINK TOUCH TONE UP FLUID SPF50+ \u2013 lengvas veido fluidas nuo saul\u0117s \u0161viesiai odai, suteikiantis \u0161viesinam\u0105j\u012f efekt\u0105, apsaug\u0105 nuo UVA\/UVB ir vienodesn\u012f odos atspalv\u012f. SINOZ veido fluidas nuo saul\u0117s SPF50+ PINK TOUCH TONE UP suteikia \u0161viesinam\u0105j\u012f efekt\u0105, apsaugo nuo UVA\/UVB ir pigmentini\u0173 d\u0117mi\u0173.","breadcrumb":{"@id":"https:\/\/www.malinashop.lt\/shop\/sinoz-veido-fluidas-nuo-saules-spf50-pink-touch-tone-up-fluid-50ml\/#breadcrumb"},"inLanguage":"en-GB","potentialAction":[{"@type":"ReadAction","target":["https:\/\/www.malinashop.lt\/shop\/sinoz-veido-fluidas-nuo-saules-spf50-pink-touch-tone-up-fluid-50ml\/"]}]},{"@type":"ImageObject","inLanguage":"en-GB","@id":"https:\/\/www.malinashop.lt\/shop\/sinoz-veido-fluidas-nuo-saules-spf50-pink-touch-tone-up-fluid-50ml\/#primaryimage","url":"https:\/\/www.malinashop.lt\/wp-content\/uploads\/2025\/09\/SINOZ-veido-fluidas-nuo-saules-SPF50-PINK-TOUCH-TONE-UP-FLUID-50ml.webp","contentUrl":"https:\/\/www.malinashop.lt\/wp-content\/uploads\/2025\/09\/SINOZ-veido-fluidas-nuo-saules-SPF50-PINK-TOUCH-TONE-UP-FLUID-50ml.webp","width":768,"height":768},{"@type":"BreadcrumbList","@id":"https:\/\/www.malinashop.lt\/shop\/sinoz-veido-fluidas-nuo-saules-spf50-pink-touch-tone-up-fluid-50ml\/#breadcrumb","itemListElement":[{"@type":"ListItem","position":1,"name":"Pagrindinis","item":"https:\/\/www.malinashop.lt\/"},{"@type":"ListItem","position":2,"name":"Parduotuv\u0117","item":"https:\/\/www.malinashop.lt\/en\/parduotuve\/"},{"@type":"ListItem","position":3,"name":"SINOZ veido fluidas nuo saul\u0117s SPF50+ PINK TOUCH TONE UP FLUID, 50ml"}]},{"@type":"WebSite","@id":"https:\/\/www.malinashop.lt\/#website","url":"https:\/\/www.malinashop.lt\/","name":"COM Group Ecommerce","description":"MalinaShop.lt - Gro\u017eio ir sveikatos produktai i\u0161 patikim\u0173 preki\u0173 \u017eenkl\u0173. Atraskite auk\u0161tos kokyb\u0117s kosmetik\u0105 u\u017e puiki\u0105 kain\u0105.","publisher":{"@id":"https:\/\/www.malinashop.lt\/#organization"},"potentialAction":[{"@type":"SearchAction","target":{"@type":"EntryPoint","urlTemplate":"https:\/\/www.malinashop.lt\/?s={search_term_string}"},"query-input":{"@type":"PropertyValueSpecification","valueRequired":true,"valueName":"search_term_string"}}],"inLanguage":"en-GB"},{"@type":"Organization","@id":"https:\/\/www.malinashop.lt\/#organization","name":"COM Group Ecommerce","url":"https:\/\/www.malinashop.lt\/","logo":{"@type":"ImageObject","inLanguage":"en-GB","@id":"https:\/\/www.malinashop.lt\/#\/schema\/logo\/image\/","url":"https:\/\/www.malinashop.lt\/wp-content\/uploads\/2024\/08\/462559670_3787732518133670_9795632669273463_n-e1731525914575.png","contentUrl":"https:\/\/www.malinashop.lt\/wp-content\/uploads\/2024\/08\/462559670_3787732518133670_9795632669273463_n-e1731525914575.png","width":180,"height":60,"caption":"COM Group Ecommerce"},"image":{"@id":"https:\/\/www.malinashop.lt\/#\/schema\/logo\/image\/"}}]}},"jetpack_sharing_enabled":true,"_links":{"self":[{"href":"https:\/\/www.malinashop.lt\/en\/wp-json\/wp\/v2\/product\/58835","targetHints":{"allow":["GET"]}}],"collection":[{"href":"https:\/\/www.malinashop.lt\/en\/wp-json\/wp\/v2\/product"}],"about":[{"href":"https:\/\/www.malinashop.lt\/en\/wp-json\/wp\/v2\/types\/product"}],"version-history":[{"count":2,"href":"https:\/\/www.malinashop.lt\/en\/wp-json\/wp\/v2\/product\/58835\/revisions"}],"predecessor-version":[{"id":58838,"href":"https:\/\/www.malinashop.lt\/en\/wp-json\/wp\/v2\/product\/58835\/revisions\/58838"}],"wp:featuredmedia":[{"embeddable":true,"href":"https:\/\/www.malinashop.lt\/en\/wp-json\/wp\/v2\/media\/58837"}],"wp:attachment":[{"href":"https:\/\/www.malinashop.lt\/en\/wp-json\/wp\/v2\/media?parent=58835"}],"wp:term":[{"taxonomy":"product_brand","embeddable":true,"href":"https:\/\/www.malinashop.lt\/en\/wp-json\/wp\/v2\/product_brand?post=58835"},{"taxonomy":"product_cat","embeddable":true,"href":"https:\/\/www.malinashop.lt\/en\/wp-json\/wp\/v2\/product_cat?post=58835"},{"taxonomy":"product_tag","embeddable":true,"href":"https:\/\/www.malinashop.lt\/en\/wp-json\/wp\/v2\/product_tag?post=58835"}],"curies":[{"name":"wp","href":"https:\/\/api.w.org\/{rel}","templated":true}]}}