{"id":58829,"date":"2025-10-20T11:19:39","date_gmt":"2025-10-20T08:19:39","guid":{"rendered":"https:\/\/malinashop.lt\/?post_type=product&#038;p=58829"},"modified":"2026-03-18T12:28:13","modified_gmt":"2026-03-18T09:28:13","slug":"sinoz-apsauginis-veido-fluidas-nuo-saules-spf50-daily-sun-protect-fluid-50ml","status":"publish","type":"product","link":"https:\/\/www.malinashop.lt\/en\/shop\/sinoz-apsauginis-veido-fluidas-nuo-saules-spf50-daily-sun-protect-fluid-50ml\/","title":{"rendered":"SINOZ apsauginis veido fluidas nuo saul\u0117s SPF50+ DAILY SUN PROTECT FLUID, 50ml"},"content":{"rendered":"<p data-start=\"408\" data-end=\"730\"><strong data-start=\"432\" data-end=\"529\">SINOZ apsauginis veido fluidas nuo saul\u0117s su SPF50+ DAILY SUN PROTECT FLUID SUNSCREEN SPF 50+<\/strong> \u2013 tai itin lengvos tekst\u016bros, kasdieniam naudojimui sukurtas fluidas, u\u017etikrinantis <strong data-start=\"614\" data-end=\"646\">auk\u0161to lygio UVA\/UVB apsaug\u0105<\/strong> ir padedantis apsaugoti od\u0105 nuo <strong data-start=\"679\" data-end=\"729\">fotosen\u0117jimo, pigmentacijos ir aplinkos tar\u0161os<\/strong>.<\/p>\n<p data-start=\"732\" data-end=\"1045\">D\u0117l <strong data-start=\"736\" data-end=\"779\">skystos, greitai \u012fsigerian\u010dios formul\u0117s<\/strong> fluidas lengvai pasiskirsto ant odos, nepalieka balt\u0173 \u017eymi\u0173, neapsunkina ir <strong data-start=\"856\" data-end=\"891\">sukuria nematom\u0105 apsaugin\u012f \u0161yd\u0105<\/strong>, tinkant\u012f visiems odos atspalviams.<br data-start=\"927\" data-end=\"930\" \/>Tinka <strong data-start=\"936\" data-end=\"954\">vis\u0173 tip\u0173 odai<\/strong>, \u012fskaitant riebi\u0105, mi\u0161ri\u0105 ir jautri\u0105, nes nepalieka riebumo ir nesukelia por\u0173 u\u017esikim\u0161imo.<\/p>\n<p data-start=\"1047\" data-end=\"1099\"><strong data-start=\"1047\" data-end=\"1099\">SINOZ DAILY SUN PROTECT FLUID SPF50+ privalumai:<\/strong><\/p>\n<ul data-start=\"1100\" data-end=\"1466\">\n<li data-start=\"1100\" data-end=\"1128\">\n<p data-start=\"1102\" data-end=\"1128\">SPF50+ <strong data-start=\"1109\" data-end=\"1128\">UVA\/UVB apsauga<\/strong><\/p>\n<\/li>\n<li data-start=\"1129\" data-end=\"1193\">\n<p data-start=\"1131\" data-end=\"1193\">Apsaugo nuo <strong data-start=\"1143\" data-end=\"1193\">fotosen\u0117jimo (rauk\u0161li\u0173, elastingumo praradimo)<\/strong><\/p>\n<\/li>\n<li data-start=\"1194\" data-end=\"1256\">\n<p data-start=\"1196\" data-end=\"1256\">Saugo nuo <strong data-start=\"1206\" data-end=\"1256\">tar\u0161os, laisv\u0173j\u0173 radikal\u0173 ir aplinkos veiksni\u0173<\/strong><\/p>\n<\/li>\n<li data-start=\"1257\" data-end=\"1288\">\n<p data-start=\"1259\" data-end=\"1288\"><strong data-start=\"1259\" data-end=\"1288\">Lengva, fluidin\u0117 tekst\u016bra<\/strong><\/p>\n<\/li>\n<li data-start=\"1289\" data-end=\"1337\">\n<p data-start=\"1291\" data-end=\"1337\">Greitai \u012fsigeria, nepalieka lipnumo ar riebumo<\/p>\n<\/li>\n<li data-start=\"1338\" data-end=\"1375\">\n<p data-start=\"1340\" data-end=\"1375\">Tinka po makia\u017eu arba naudoti vien\u0105<\/p>\n<\/li>\n<li data-start=\"1376\" data-end=\"1422\">\n<p data-start=\"1378\" data-end=\"1422\"><strong data-start=\"1378\" data-end=\"1422\">Nematomai prisitaiko prie vis\u0173 odos ton\u0173<\/strong><\/p>\n<\/li>\n<li data-start=\"1423\" data-end=\"1466\">\n<p data-start=\"1425\" data-end=\"1466\">Kasdieniam naudojimui visais met\u0173 laikais<\/p>\n<\/li>\n<\/ul>\n<p data-start=\"1468\" data-end=\"1599\">Tai idealus pasirinkimas tiems, kurie nori apsaugos kaip priemon\u0117s nuo saul\u0117s, bet patogumo ir lengvumo kaip kasdienio veido kremo.<\/p>\n<p data-start=\"1601\" data-end=\"1803\"><strong data-start=\"1601\" data-end=\"1616\">Naudojimas:<\/strong><br data-start=\"1616\" data-end=\"1619\" \/>Prie\u0161 naudojim\u0105 gerai suplakite. Tolygiai tepkite ant veido, kaklo ir paaki\u0173 srities 15\u201320 min. prie\u0161 i\u0161einant \u012f lauk\u0105. B\u016bnant saul\u0117je ilgiau \u2013 pakartoti kas 2 valandas ir po maudyni\u0173.<\/p>\n<p data-start=\"1805\" data-end=\"1919\"><strong data-start=\"1805\" data-end=\"1855\">SINOZ DAILY SUN PROTECT FLUID SUNSCREEN SPF50+<\/strong> \u2013 nematoma, ta\u010diau galinga apsauga nuo saul\u0117s ir odos sen\u0117jimo.<\/p>\n","protected":false},"excerpt":{"rendered":"<p>SINOZ DAILY SUN PROTECT FLUID SPF50+ \u2013 lengvas veido fluidas nuo saul\u0117s, apsaugantis nuo UVA\/UVB, fotosen\u0117jimo ir aplinkos veiksni\u0173. Tinka vis\u0173 tip\u0173 odai.<\/p>\n","protected":false},"featured_media":58830,"template":"","meta":[],"product_brand":[1354],"product_cat":[772,731],"product_tag":[1619],"class_list":{"0":"post-58829","1":"product","2":"type-product","3":"status-publish","4":"has-post-thumbnail","6":"product_brand-sinoz","7":"product_cat-apsauga-nuo-saules","8":"product_cat-kunui","9":"product_tag-sinoz","11":"first","12":"instock","13":"sale","14":"taxable","15":"shipping-taxable","16":"purchasable","17":"product-type-simple"},"yoast_head":"<!-- This site is optimized with the Yoast SEO plugin v27.4 - https:\/\/yoast.com\/product\/yoast-seo-wordpress\/ -->\n<title>SINOZ apsauginis veido fluidas nuo saul\u0117s SPF50+ DAILY SUN PROTECT FLUID, 50ml - MalinaShop.lt J\u016bs\u0173 sveikatai ir gro\u017eiui.<\/title>\n<meta name=\"description\" content=\"SINOZ DAILY SUN PROTECT FLUID SPF50+ \u2013 lengvas veido fluidas nuo saul\u0117s, apsaugantis nuo UVA\/UVB, fotosen\u0117jimo ir aplinkos veiksni\u0173. Tinka vis\u0173 tip\u0173 odai.SINOZ apsauginis veido fluidas nuo saul\u0117s SPF50+ DAILY SUN PROTECT FLUID lengvai \u012fsigeria, apsaugo nuo UVA\/UVB ir fotosen\u0117jimo.\" \/>\n<meta name=\"robots\" content=\"index, follow, max-snippet:-1, max-image-preview:large, max-video-preview:-1\" \/>\n<link rel=\"canonical\" href=\"https:\/\/www.malinashop.lt\/en\/shop\/sinoz-apsauginis-veido-fluidas-nuo-saules-spf50-daily-sun-protect-fluid-50ml\/\" \/>\n<meta property=\"og:locale\" content=\"en_GB\" \/>\n<meta property=\"og:type\" content=\"article\" \/>\n<meta property=\"og:title\" content=\"SINOZ apsauginis veido fluidas nuo saul\u0117s SPF50+ DAILY SUN PROTECT FLUID, 50ml - MalinaShop.lt J\u016bs\u0173 sveikatai ir gro\u017eiui.\" \/>\n<meta property=\"og:description\" content=\"SINOZ DAILY SUN PROTECT FLUID SPF50+ \u2013 lengvas veido fluidas nuo saul\u0117s, apsaugantis nuo UVA\/UVB, fotosen\u0117jimo ir aplinkos veiksni\u0173. Tinka vis\u0173 tip\u0173 odai.SINOZ apsauginis veido fluidas nuo saul\u0117s SPF50+ DAILY SUN PROTECT FLUID lengvai \u012fsigeria, apsaugo nuo UVA\/UVB ir fotosen\u0117jimo.\" \/>\n<meta property=\"og:url\" content=\"https:\/\/www.malinashop.lt\/en\/shop\/sinoz-apsauginis-veido-fluidas-nuo-saules-spf50-daily-sun-protect-fluid-50ml\/\" \/>\n<meta property=\"og:site_name\" content=\"MalinaShop.lt J\u016bs\u0173 sveikatai ir gro\u017eiui.\" \/>\n<meta property=\"article:modified_time\" content=\"2026-03-18T09:28:13+00:00\" \/>\n<meta property=\"og:image\" content=\"https:\/\/www.malinashop.lt\/wp-content\/uploads\/2025\/10\/SINOZ-apsauginis-veido-fluidas-nuo-saules-SPF50-DAILY-SUN-PROTECT-FLUID-50ml.webp\" \/>\n\t<meta property=\"og:image:width\" content=\"768\" \/>\n\t<meta property=\"og:image:height\" content=\"768\" \/>\n\t<meta property=\"og:image:type\" content=\"image\/webp\" \/>\n<meta name=\"twitter:card\" content=\"summary_large_image\" \/>\n<script type=\"application\/ld+json\" class=\"yoast-schema-graph\">{\"@context\":\"https:\\\/\\\/schema.org\",\"@graph\":[{\"@type\":\"WebPage\",\"@id\":\"https:\\\/\\\/www.malinashop.lt\\\/en\\\/shop\\\/sinoz-apsauginis-veido-fluidas-nuo-saules-spf50-daily-sun-protect-fluid-50ml\\\/\",\"url\":\"https:\\\/\\\/www.malinashop.lt\\\/en\\\/shop\\\/sinoz-apsauginis-veido-fluidas-nuo-saules-spf50-daily-sun-protect-fluid-50ml\\\/\",\"name\":\"SINOZ apsauginis veido fluidas nuo saul\u0117s SPF50+ DAILY SUN PROTECT FLUID, 50ml - MalinaShop.lt J\u016bs\u0173 sveikatai ir gro\u017eiui.\",\"isPartOf\":{\"@id\":\"https:\\\/\\\/www.malinashop.lt\\\/#website\"},\"primaryImageOfPage\":{\"@id\":\"https:\\\/\\\/www.malinashop.lt\\\/en\\\/shop\\\/sinoz-apsauginis-veido-fluidas-nuo-saules-spf50-daily-sun-protect-fluid-50ml\\\/#primaryimage\"},\"image\":{\"@id\":\"https:\\\/\\\/www.malinashop.lt\\\/en\\\/shop\\\/sinoz-apsauginis-veido-fluidas-nuo-saules-spf50-daily-sun-protect-fluid-50ml\\\/#primaryimage\"},\"thumbnailUrl\":\"https:\\\/\\\/www.malinashop.lt\\\/wp-content\\\/uploads\\\/2025\\\/10\\\/SINOZ-apsauginis-veido-fluidas-nuo-saules-SPF50-DAILY-SUN-PROTECT-FLUID-50ml.webp\",\"datePublished\":\"2025-10-20T08:19:39+00:00\",\"dateModified\":\"2026-03-18T09:28:13+00:00\",\"description\":\"SINOZ DAILY SUN PROTECT FLUID SPF50+ \u2013 lengvas veido fluidas nuo saul\u0117s, apsaugantis nuo UVA\\\/UVB, fotosen\u0117jimo ir aplinkos veiksni\u0173. Tinka vis\u0173 tip\u0173 odai.SINOZ apsauginis veido fluidas nuo saul\u0117s SPF50+ DAILY SUN PROTECT FLUID lengvai \u012fsigeria, apsaugo nuo UVA\\\/UVB ir fotosen\u0117jimo.\",\"breadcrumb\":{\"@id\":\"https:\\\/\\\/www.malinashop.lt\\\/en\\\/shop\\\/sinoz-apsauginis-veido-fluidas-nuo-saules-spf50-daily-sun-protect-fluid-50ml\\\/#breadcrumb\"},\"inLanguage\":\"en-GB\",\"potentialAction\":[{\"@type\":\"ReadAction\",\"target\":[\"https:\\\/\\\/www.malinashop.lt\\\/en\\\/shop\\\/sinoz-apsauginis-veido-fluidas-nuo-saules-spf50-daily-sun-protect-fluid-50ml\\\/\"]}]},{\"@type\":\"ImageObject\",\"inLanguage\":\"en-GB\",\"@id\":\"https:\\\/\\\/www.malinashop.lt\\\/en\\\/shop\\\/sinoz-apsauginis-veido-fluidas-nuo-saules-spf50-daily-sun-protect-fluid-50ml\\\/#primaryimage\",\"url\":\"https:\\\/\\\/www.malinashop.lt\\\/wp-content\\\/uploads\\\/2025\\\/10\\\/SINOZ-apsauginis-veido-fluidas-nuo-saules-SPF50-DAILY-SUN-PROTECT-FLUID-50ml.webp\",\"contentUrl\":\"https:\\\/\\\/www.malinashop.lt\\\/wp-content\\\/uploads\\\/2025\\\/10\\\/SINOZ-apsauginis-veido-fluidas-nuo-saules-SPF50-DAILY-SUN-PROTECT-FLUID-50ml.webp\",\"width\":768,\"height\":768},{\"@type\":\"BreadcrumbList\",\"@id\":\"https:\\\/\\\/www.malinashop.lt\\\/en\\\/shop\\\/sinoz-apsauginis-veido-fluidas-nuo-saules-spf50-daily-sun-protect-fluid-50ml\\\/#breadcrumb\",\"itemListElement\":[{\"@type\":\"ListItem\",\"position\":1,\"name\":\"Pagrindinis\",\"item\":\"https:\\\/\\\/www.malinashop.lt\\\/\"},{\"@type\":\"ListItem\",\"position\":2,\"name\":\"Parduotuv\u0117\",\"item\":\"https:\\\/\\\/www.malinashop.lt\\\/en\\\/parduotuve\\\/\"},{\"@type\":\"ListItem\",\"position\":3,\"name\":\"SINOZ apsauginis veido fluidas nuo saul\u0117s SPF50+ DAILY SUN PROTECT FLUID, 50ml\"}]},{\"@type\":\"WebSite\",\"@id\":\"https:\\\/\\\/www.malinashop.lt\\\/#website\",\"url\":\"https:\\\/\\\/www.malinashop.lt\\\/\",\"name\":\"COM Group Ecommerce\",\"description\":\"MalinaShop.lt - Gro\u017eio ir sveikatos produktai i\u0161 patikim\u0173 preki\u0173 \u017eenkl\u0173. Atraskite auk\u0161tos kokyb\u0117s kosmetik\u0105 u\u017e puiki\u0105 kain\u0105.\",\"publisher\":{\"@id\":\"https:\\\/\\\/www.malinashop.lt\\\/#organization\"},\"potentialAction\":[{\"@type\":\"SearchAction\",\"target\":{\"@type\":\"EntryPoint\",\"urlTemplate\":\"https:\\\/\\\/www.malinashop.lt\\\/?s={search_term_string}\"},\"query-input\":{\"@type\":\"PropertyValueSpecification\",\"valueRequired\":true,\"valueName\":\"search_term_string\"}}],\"inLanguage\":\"en-GB\"},{\"@type\":\"Organization\",\"@id\":\"https:\\\/\\\/www.malinashop.lt\\\/#organization\",\"name\":\"COM Group Ecommerce\",\"url\":\"https:\\\/\\\/www.malinashop.lt\\\/\",\"logo\":{\"@type\":\"ImageObject\",\"inLanguage\":\"en-GB\",\"@id\":\"https:\\\/\\\/www.malinashop.lt\\\/#\\\/schema\\\/logo\\\/image\\\/\",\"url\":\"https:\\\/\\\/www.malinashop.lt\\\/wp-content\\\/uploads\\\/2024\\\/08\\\/462559670_3787732518133670_9795632669273463_n-e1731525914575.png\",\"contentUrl\":\"https:\\\/\\\/www.malinashop.lt\\\/wp-content\\\/uploads\\\/2024\\\/08\\\/462559670_3787732518133670_9795632669273463_n-e1731525914575.png\",\"width\":180,\"height\":60,\"caption\":\"COM Group Ecommerce\"},\"image\":{\"@id\":\"https:\\\/\\\/www.malinashop.lt\\\/#\\\/schema\\\/logo\\\/image\\\/\"}}]}<\/script>\n<!-- \/ Yoast SEO plugin. -->","yoast_head_json":{"title":"SINOZ apsauginis veido fluidas nuo saul\u0117s SPF50+ DAILY SUN PROTECT FLUID, 50ml - MalinaShop.lt J\u016bs\u0173 sveikatai ir gro\u017eiui.","description":"SINOZ DAILY SUN PROTECT FLUID SPF50+ \u2013 lengvas veido fluidas nuo saul\u0117s, apsaugantis nuo UVA\/UVB, fotosen\u0117jimo ir aplinkos veiksni\u0173. Tinka vis\u0173 tip\u0173 odai.SINOZ apsauginis veido fluidas nuo saul\u0117s SPF50+ DAILY SUN PROTECT FLUID lengvai \u012fsigeria, apsaugo nuo UVA\/UVB ir fotosen\u0117jimo.","robots":{"index":"index","follow":"follow","max-snippet":"max-snippet:-1","max-image-preview":"max-image-preview:large","max-video-preview":"max-video-preview:-1"},"canonical":"https:\/\/www.malinashop.lt\/en\/shop\/sinoz-apsauginis-veido-fluidas-nuo-saules-spf50-daily-sun-protect-fluid-50ml\/","og_locale":"en_GB","og_type":"article","og_title":"SINOZ apsauginis veido fluidas nuo saul\u0117s SPF50+ DAILY SUN PROTECT FLUID, 50ml - MalinaShop.lt J\u016bs\u0173 sveikatai ir gro\u017eiui.","og_description":"SINOZ DAILY SUN PROTECT FLUID SPF50+ \u2013 lengvas veido fluidas nuo saul\u0117s, apsaugantis nuo UVA\/UVB, fotosen\u0117jimo ir aplinkos veiksni\u0173. Tinka vis\u0173 tip\u0173 odai.SINOZ apsauginis veido fluidas nuo saul\u0117s SPF50+ DAILY SUN PROTECT FLUID lengvai \u012fsigeria, apsaugo nuo UVA\/UVB ir fotosen\u0117jimo.","og_url":"https:\/\/www.malinashop.lt\/en\/shop\/sinoz-apsauginis-veido-fluidas-nuo-saules-spf50-daily-sun-protect-fluid-50ml\/","og_site_name":"MalinaShop.lt J\u016bs\u0173 sveikatai ir gro\u017eiui.","article_modified_time":"2026-03-18T09:28:13+00:00","og_image":[{"width":768,"height":768,"url":"https:\/\/www.malinashop.lt\/wp-content\/uploads\/2025\/10\/SINOZ-apsauginis-veido-fluidas-nuo-saules-SPF50-DAILY-SUN-PROTECT-FLUID-50ml.webp","type":"image\/webp"}],"twitter_card":"summary_large_image","schema":{"@context":"https:\/\/schema.org","@graph":[{"@type":"WebPage","@id":"https:\/\/www.malinashop.lt\/en\/shop\/sinoz-apsauginis-veido-fluidas-nuo-saules-spf50-daily-sun-protect-fluid-50ml\/","url":"https:\/\/www.malinashop.lt\/en\/shop\/sinoz-apsauginis-veido-fluidas-nuo-saules-spf50-daily-sun-protect-fluid-50ml\/","name":"SINOZ apsauginis veido fluidas nuo saul\u0117s SPF50+ DAILY SUN PROTECT FLUID, 50ml - MalinaShop.lt J\u016bs\u0173 sveikatai ir gro\u017eiui.","isPartOf":{"@id":"https:\/\/www.malinashop.lt\/#website"},"primaryImageOfPage":{"@id":"https:\/\/www.malinashop.lt\/en\/shop\/sinoz-apsauginis-veido-fluidas-nuo-saules-spf50-daily-sun-protect-fluid-50ml\/#primaryimage"},"image":{"@id":"https:\/\/www.malinashop.lt\/en\/shop\/sinoz-apsauginis-veido-fluidas-nuo-saules-spf50-daily-sun-protect-fluid-50ml\/#primaryimage"},"thumbnailUrl":"https:\/\/www.malinashop.lt\/wp-content\/uploads\/2025\/10\/SINOZ-apsauginis-veido-fluidas-nuo-saules-SPF50-DAILY-SUN-PROTECT-FLUID-50ml.webp","datePublished":"2025-10-20T08:19:39+00:00","dateModified":"2026-03-18T09:28:13+00:00","description":"SINOZ DAILY SUN PROTECT FLUID SPF50+ \u2013 lengvas veido fluidas nuo saul\u0117s, apsaugantis nuo UVA\/UVB, fotosen\u0117jimo ir aplinkos veiksni\u0173. Tinka vis\u0173 tip\u0173 odai.SINOZ apsauginis veido fluidas nuo saul\u0117s SPF50+ DAILY SUN PROTECT FLUID lengvai \u012fsigeria, apsaugo nuo UVA\/UVB ir fotosen\u0117jimo.","breadcrumb":{"@id":"https:\/\/www.malinashop.lt\/en\/shop\/sinoz-apsauginis-veido-fluidas-nuo-saules-spf50-daily-sun-protect-fluid-50ml\/#breadcrumb"},"inLanguage":"en-GB","potentialAction":[{"@type":"ReadAction","target":["https:\/\/www.malinashop.lt\/en\/shop\/sinoz-apsauginis-veido-fluidas-nuo-saules-spf50-daily-sun-protect-fluid-50ml\/"]}]},{"@type":"ImageObject","inLanguage":"en-GB","@id":"https:\/\/www.malinashop.lt\/en\/shop\/sinoz-apsauginis-veido-fluidas-nuo-saules-spf50-daily-sun-protect-fluid-50ml\/#primaryimage","url":"https:\/\/www.malinashop.lt\/wp-content\/uploads\/2025\/10\/SINOZ-apsauginis-veido-fluidas-nuo-saules-SPF50-DAILY-SUN-PROTECT-FLUID-50ml.webp","contentUrl":"https:\/\/www.malinashop.lt\/wp-content\/uploads\/2025\/10\/SINOZ-apsauginis-veido-fluidas-nuo-saules-SPF50-DAILY-SUN-PROTECT-FLUID-50ml.webp","width":768,"height":768},{"@type":"BreadcrumbList","@id":"https:\/\/www.malinashop.lt\/en\/shop\/sinoz-apsauginis-veido-fluidas-nuo-saules-spf50-daily-sun-protect-fluid-50ml\/#breadcrumb","itemListElement":[{"@type":"ListItem","position":1,"name":"Pagrindinis","item":"https:\/\/www.malinashop.lt\/"},{"@type":"ListItem","position":2,"name":"Parduotuv\u0117","item":"https:\/\/www.malinashop.lt\/en\/parduotuve\/"},{"@type":"ListItem","position":3,"name":"SINOZ apsauginis veido fluidas nuo saul\u0117s SPF50+ DAILY SUN PROTECT FLUID, 50ml"}]},{"@type":"WebSite","@id":"https:\/\/www.malinashop.lt\/#website","url":"https:\/\/www.malinashop.lt\/","name":"COM Group Ecommerce","description":"MalinaShop.lt - Gro\u017eio ir sveikatos produktai i\u0161 patikim\u0173 preki\u0173 \u017eenkl\u0173. Atraskite auk\u0161tos kokyb\u0117s kosmetik\u0105 u\u017e puiki\u0105 kain\u0105.","publisher":{"@id":"https:\/\/www.malinashop.lt\/#organization"},"potentialAction":[{"@type":"SearchAction","target":{"@type":"EntryPoint","urlTemplate":"https:\/\/www.malinashop.lt\/?s={search_term_string}"},"query-input":{"@type":"PropertyValueSpecification","valueRequired":true,"valueName":"search_term_string"}}],"inLanguage":"en-GB"},{"@type":"Organization","@id":"https:\/\/www.malinashop.lt\/#organization","name":"COM Group Ecommerce","url":"https:\/\/www.malinashop.lt\/","logo":{"@type":"ImageObject","inLanguage":"en-GB","@id":"https:\/\/www.malinashop.lt\/#\/schema\/logo\/image\/","url":"https:\/\/www.malinashop.lt\/wp-content\/uploads\/2024\/08\/462559670_3787732518133670_9795632669273463_n-e1731525914575.png","contentUrl":"https:\/\/www.malinashop.lt\/wp-content\/uploads\/2024\/08\/462559670_3787732518133670_9795632669273463_n-e1731525914575.png","width":180,"height":60,"caption":"COM Group Ecommerce"},"image":{"@id":"https:\/\/www.malinashop.lt\/#\/schema\/logo\/image\/"}}]}},"jetpack_sharing_enabled":true,"_links":{"self":[{"href":"https:\/\/www.malinashop.lt\/en\/wp-json\/wp\/v2\/product\/58829","targetHints":{"allow":["GET"]}}],"collection":[{"href":"https:\/\/www.malinashop.lt\/en\/wp-json\/wp\/v2\/product"}],"about":[{"href":"https:\/\/www.malinashop.lt\/en\/wp-json\/wp\/v2\/types\/product"}],"version-history":[{"count":1,"href":"https:\/\/www.malinashop.lt\/en\/wp-json\/wp\/v2\/product\/58829\/revisions"}],"predecessor-version":[{"id":58831,"href":"https:\/\/www.malinashop.lt\/en\/wp-json\/wp\/v2\/product\/58829\/revisions\/58831"}],"wp:featuredmedia":[{"embeddable":true,"href":"https:\/\/www.malinashop.lt\/en\/wp-json\/wp\/v2\/media\/58830"}],"wp:attachment":[{"href":"https:\/\/www.malinashop.lt\/en\/wp-json\/wp\/v2\/media?parent=58829"}],"wp:term":[{"taxonomy":"product_brand","embeddable":true,"href":"https:\/\/www.malinashop.lt\/en\/wp-json\/wp\/v2\/product_brand?post=58829"},{"taxonomy":"product_cat","embeddable":true,"href":"https:\/\/www.malinashop.lt\/en\/wp-json\/wp\/v2\/product_cat?post=58829"},{"taxonomy":"product_tag","embeddable":true,"href":"https:\/\/www.malinashop.lt\/en\/wp-json\/wp\/v2\/product_tag?post=58829"}],"curies":[{"name":"wp","href":"https:\/\/api.w.org\/{rel}","templated":true}]}}