{"id":58826,"date":"2025-10-20T11:17:25","date_gmt":"2025-10-20T08:17:25","guid":{"rendered":"https:\/\/malinashop.lt\/?post_type=product&#038;p=58826"},"modified":"2026-03-18T12:28:13","modified_gmt":"2026-03-18T09:28:13","slug":"sinoz-apsauginis-veido-kremas-spf50-pink-touch-tone-up-sun-cream-50ml","status":"publish","type":"product","link":"https:\/\/www.malinashop.lt\/en\/shop\/sinoz-apsauginis-veido-kremas-spf50-pink-touch-tone-up-sun-cream-50ml\/","title":{"rendered":"SINOZ apsauginis veido kremas SPF50+ PINK TOUCH TONE UP SUN CREAM, 50ml"},"content":{"rendered":"<p data-start=\"454\" data-end=\"722\"><strong data-start=\"478\" data-end=\"577\">SINOZ apsauginis veido kremas nuo saul\u0117s riebiai odai su SPF50+ SUNSCREEN FOR OILY SKIN SPF 50+<\/strong> \u2013 tai specialiai riebiai ir mi\u0161riai odai sukurtas kremas, kuris apsaugo nuo saul\u0117s spinduli\u0173 ir tuo pa\u010diu padeda i\u0161laikyti odos riebal\u0173 balans\u0105.<\/p>\n<p data-start=\"393\" data-end=\"645\"><strong data-start=\"417\" data-end=\"508\">SINOZ apsauginis veido kremas nuo saul\u0117s su SPF50+ PINK TOUCH TONE UP SUN CREAM SPF 50+<\/strong> \u2013 tai daugiafunkcis kremas, kuris ne tik apsaugo od\u0105 nuo saul\u0117s, bet ir suteikia jai nat\u016bralaus skaistumo bei vizualiai vienodesn\u012f ton\u0105.<\/p>\n<p data-start=\"647\" data-end=\"912\">Rausvos spalvos formul\u0117 <strong data-start=\"671\" data-end=\"700\">\u0161velniai \u201etone-up\u201c efektu<\/strong> pakelia ir pary\u0161kina odos atspalv\u012f, suteikia sveiko \u0161vyt\u0117jimo ir \u0161vie\u017eumo \u012fsp\u016bd\u012f. Kremas padeda <strong data-start=\"797\" data-end=\"858\">pasl\u0117pti papilk\u0117jim\u0105, paraudim\u0105 ar nedidelius netolygumus<\/strong>, tod\u0117l idealiai tinka naudoti vietoje lengvo makia\u017eo.<\/p>\n<p data-start=\"914\" data-end=\"1175\"><strong data-start=\"914\" data-end=\"947\">Auk\u0161ta SPF50+ UVA\/UVB apsauga<\/strong> veikia kaip skydas nuo saul\u0117s spinduli\u0173, padeda <strong data-start=\"996\" data-end=\"1026\">i\u0161vengti pigmentini\u0173 d\u0117mi\u0173<\/strong>, fotosen\u0117jimo ir aplinkos veiksni\u0173 daromos \u017ealos.<br data-start=\"1076\" data-end=\"1079\" \/>Kremas taip pat <strong data-start=\"1095\" data-end=\"1119\">maitina ir saugo od\u0105<\/strong>, palaiko dr\u0117gm\u0117s balans\u0105 ir gerina jos bendr\u0105 i\u0161vaizd\u0105.<\/p>\n<p data-start=\"1177\" data-end=\"1234\"><strong data-start=\"1177\" data-end=\"1234\">SINOZ PINK TOUCH TONE UP SUN CREAM SPF50+ privalumai:<\/strong><\/p>\n<ul data-start=\"1235\" data-end=\"1536\">\n<li data-start=\"1235\" data-end=\"1263\">\n<p data-start=\"1237\" data-end=\"1263\">SPF50+ apsauga nuo UVA\/UVB<\/p>\n<\/li>\n<li data-start=\"1264\" data-end=\"1309\">\n<p data-start=\"1266\" data-end=\"1309\">Rausvas \u201etone-up\u201c efektas \u2013 skaistina veid\u0105<\/p>\n<\/li>\n<li data-start=\"1310\" data-end=\"1338\">\n<p data-start=\"1312\" data-end=\"1338\">Padeda sulyginti odos ton\u0105<\/p>\n<\/li>\n<li data-start=\"1339\" data-end=\"1370\">\n<p data-start=\"1341\" data-end=\"1370\">Apsaugo nuo pigmentini\u0173 d\u0117mi\u0173<\/p>\n<\/li>\n<li data-start=\"1371\" data-end=\"1400\">\n<p data-start=\"1373\" data-end=\"1400\">Sulaiko dr\u0117gm\u0119, maitina od\u0105<\/p>\n<\/li>\n<li data-start=\"1401\" data-end=\"1448\">\n<p data-start=\"1403\" data-end=\"1448\">Apsaugo nuo fotosen\u0117jimo ir aplinkos veiksni\u0173<\/p>\n<\/li>\n<li data-start=\"1449\" data-end=\"1482\">\n<p data-start=\"1451\" data-end=\"1482\">Lengva, neapsunkinanti tekst\u016bra<\/p>\n<\/li>\n<li data-start=\"1483\" data-end=\"1536\">\n<p data-start=\"1485\" data-end=\"1536\">Tinka naudoti kasdien ir po makia\u017eu arba vietoje jo<\/p>\n<\/li>\n<\/ul>\n<p data-start=\"1538\" data-end=\"1621\">Tobulas pasirinkimas norint apsaugos ir lengvai pagra\u017eintos odos viename \u017eingsnyje.<\/p>\n<p data-start=\"1623\" data-end=\"1797\"><strong data-start=\"1623\" data-end=\"1638\">Naudojimas:<\/strong><br data-start=\"1638\" data-end=\"1641\" \/>Gerai suplakite. Tolygiai tepkite ant veido, kaklo ir paaki\u0173 srities 15\u201320 min. prie\u0161 saul\u0119. Ilgai b\u016bnant saul\u0117je \u2013 pakartoti kas 2 valandas ir po maudyni\u0173.<\/p>\n<p data-start=\"1799\" data-end=\"1906\"><strong data-start=\"1799\" data-end=\"1844\">SINOZ PINK TOUCH TONE UP SUN CREAM SPF50+<\/strong> \u2013 tai apsauga, skaistumas ir odos prie\u017ei\u016bra viename produkte.<\/p>\n","protected":false},"excerpt":{"rendered":"<p>SINOZ PINK TOUCH TONE UP SUN CREAM SPF50+ \u2013 rausvos spalvos veido kremas nuo saul\u0117s, suteikiantis odai apsaug\u0105, skaistum\u0105 ir vienodesn\u012f atspalv\u012f.<\/p>\n","protected":false},"featured_media":58827,"template":"","meta":[],"product_brand":[1354],"product_cat":[772,731],"product_tag":[1619],"class_list":{"0":"post-58826","1":"product","2":"type-product","3":"status-publish","4":"has-post-thumbnail","6":"product_brand-sinoz","7":"product_cat-apsauga-nuo-saules","8":"product_cat-kunui","9":"product_tag-sinoz","11":"first","12":"instock","13":"sale","14":"taxable","15":"shipping-taxable","16":"purchasable","17":"product-type-simple"},"yoast_head":"<!-- This site is optimized with the Yoast SEO plugin v27.4 - https:\/\/yoast.com\/product\/yoast-seo-wordpress\/ -->\n<title>SINOZ apsauginis veido kremas SPF50+ PINK TOUCH TONE UP SUN CREAM, 50ml - MalinaShop.lt J\u016bs\u0173 sveikatai ir gro\u017eiui.<\/title>\n<meta name=\"description\" content=\"SINOZ PINK TOUCH TONE UP SUN CREAM SPF50+ \u2013 rausvos spalvos veido kremas nuo saul\u0117s, suteikiantis odai apsaug\u0105, skaistum\u0105 ir vienodesn\u012f atspalv\u012f. SINOZ apsauginis veido kremas nuo saul\u0117s SPF50+ PINK TOUCH TONE UP skaistina, vienodina odos atspalv\u012f ir apsaugo nuo UVA\/UVB spinduli\u0173.\" \/>\n<meta name=\"robots\" content=\"index, follow, max-snippet:-1, max-image-preview:large, max-video-preview:-1\" \/>\n<link rel=\"canonical\" href=\"https:\/\/www.malinashop.lt\/en\/shop\/sinoz-apsauginis-veido-kremas-spf50-pink-touch-tone-up-sun-cream-50ml\/\" \/>\n<meta property=\"og:locale\" content=\"en_GB\" \/>\n<meta property=\"og:type\" content=\"article\" \/>\n<meta property=\"og:title\" content=\"SINOZ apsauginis veido kremas SPF50+ PINK TOUCH TONE UP SUN CREAM, 50ml - MalinaShop.lt J\u016bs\u0173 sveikatai ir gro\u017eiui.\" \/>\n<meta property=\"og:description\" content=\"SINOZ PINK TOUCH TONE UP SUN CREAM SPF50+ \u2013 rausvos spalvos veido kremas nuo saul\u0117s, suteikiantis odai apsaug\u0105, skaistum\u0105 ir vienodesn\u012f atspalv\u012f. SINOZ apsauginis veido kremas nuo saul\u0117s SPF50+ PINK TOUCH TONE UP skaistina, vienodina odos atspalv\u012f ir apsaugo nuo UVA\/UVB spinduli\u0173.\" \/>\n<meta property=\"og:url\" content=\"https:\/\/www.malinashop.lt\/en\/shop\/sinoz-apsauginis-veido-kremas-spf50-pink-touch-tone-up-sun-cream-50ml\/\" \/>\n<meta property=\"og:site_name\" content=\"MalinaShop.lt J\u016bs\u0173 sveikatai ir gro\u017eiui.\" \/>\n<meta property=\"article:modified_time\" content=\"2026-03-18T09:28:13+00:00\" \/>\n<meta property=\"og:image\" content=\"https:\/\/www.malinashop.lt\/wp-content\/uploads\/2025\/10\/SINOZ-apsauginis-veido-kremas-SPF50-PINK-TOUCH-TONE-UP-SUN-CREAM-50ml.webp\" \/>\n\t<meta property=\"og:image:width\" content=\"768\" \/>\n\t<meta property=\"og:image:height\" content=\"768\" \/>\n\t<meta property=\"og:image:type\" content=\"image\/webp\" \/>\n<meta name=\"twitter:card\" content=\"summary_large_image\" \/>\n<script type=\"application\/ld+json\" class=\"yoast-schema-graph\">{\"@context\":\"https:\\\/\\\/schema.org\",\"@graph\":[{\"@type\":\"WebPage\",\"@id\":\"https:\\\/\\\/www.malinashop.lt\\\/en\\\/shop\\\/sinoz-apsauginis-veido-kremas-spf50-pink-touch-tone-up-sun-cream-50ml\\\/\",\"url\":\"https:\\\/\\\/www.malinashop.lt\\\/en\\\/shop\\\/sinoz-apsauginis-veido-kremas-spf50-pink-touch-tone-up-sun-cream-50ml\\\/\",\"name\":\"SINOZ apsauginis veido kremas SPF50+ PINK TOUCH TONE UP SUN CREAM, 50ml - MalinaShop.lt J\u016bs\u0173 sveikatai ir gro\u017eiui.\",\"isPartOf\":{\"@id\":\"https:\\\/\\\/www.malinashop.lt\\\/#website\"},\"primaryImageOfPage\":{\"@id\":\"https:\\\/\\\/www.malinashop.lt\\\/en\\\/shop\\\/sinoz-apsauginis-veido-kremas-spf50-pink-touch-tone-up-sun-cream-50ml\\\/#primaryimage\"},\"image\":{\"@id\":\"https:\\\/\\\/www.malinashop.lt\\\/en\\\/shop\\\/sinoz-apsauginis-veido-kremas-spf50-pink-touch-tone-up-sun-cream-50ml\\\/#primaryimage\"},\"thumbnailUrl\":\"https:\\\/\\\/www.malinashop.lt\\\/wp-content\\\/uploads\\\/2025\\\/10\\\/SINOZ-apsauginis-veido-kremas-SPF50-PINK-TOUCH-TONE-UP-SUN-CREAM-50ml.webp\",\"datePublished\":\"2025-10-20T08:17:25+00:00\",\"dateModified\":\"2026-03-18T09:28:13+00:00\",\"description\":\"SINOZ PINK TOUCH TONE UP SUN CREAM SPF50+ \u2013 rausvos spalvos veido kremas nuo saul\u0117s, suteikiantis odai apsaug\u0105, skaistum\u0105 ir vienodesn\u012f atspalv\u012f. SINOZ apsauginis veido kremas nuo saul\u0117s SPF50+ PINK TOUCH TONE UP skaistina, vienodina odos atspalv\u012f ir apsaugo nuo UVA\\\/UVB spinduli\u0173.\",\"breadcrumb\":{\"@id\":\"https:\\\/\\\/www.malinashop.lt\\\/en\\\/shop\\\/sinoz-apsauginis-veido-kremas-spf50-pink-touch-tone-up-sun-cream-50ml\\\/#breadcrumb\"},\"inLanguage\":\"en-GB\",\"potentialAction\":[{\"@type\":\"ReadAction\",\"target\":[\"https:\\\/\\\/www.malinashop.lt\\\/en\\\/shop\\\/sinoz-apsauginis-veido-kremas-spf50-pink-touch-tone-up-sun-cream-50ml\\\/\"]}]},{\"@type\":\"ImageObject\",\"inLanguage\":\"en-GB\",\"@id\":\"https:\\\/\\\/www.malinashop.lt\\\/en\\\/shop\\\/sinoz-apsauginis-veido-kremas-spf50-pink-touch-tone-up-sun-cream-50ml\\\/#primaryimage\",\"url\":\"https:\\\/\\\/www.malinashop.lt\\\/wp-content\\\/uploads\\\/2025\\\/10\\\/SINOZ-apsauginis-veido-kremas-SPF50-PINK-TOUCH-TONE-UP-SUN-CREAM-50ml.webp\",\"contentUrl\":\"https:\\\/\\\/www.malinashop.lt\\\/wp-content\\\/uploads\\\/2025\\\/10\\\/SINOZ-apsauginis-veido-kremas-SPF50-PINK-TOUCH-TONE-UP-SUN-CREAM-50ml.webp\",\"width\":768,\"height\":768},{\"@type\":\"BreadcrumbList\",\"@id\":\"https:\\\/\\\/www.malinashop.lt\\\/en\\\/shop\\\/sinoz-apsauginis-veido-kremas-spf50-pink-touch-tone-up-sun-cream-50ml\\\/#breadcrumb\",\"itemListElement\":[{\"@type\":\"ListItem\",\"position\":1,\"name\":\"Pagrindinis\",\"item\":\"https:\\\/\\\/www.malinashop.lt\\\/\"},{\"@type\":\"ListItem\",\"position\":2,\"name\":\"Parduotuv\u0117\",\"item\":\"https:\\\/\\\/www.malinashop.lt\\\/en\\\/parduotuve\\\/\"},{\"@type\":\"ListItem\",\"position\":3,\"name\":\"SINOZ apsauginis veido kremas SPF50+ PINK TOUCH TONE UP SUN CREAM, 50ml\"}]},{\"@type\":\"WebSite\",\"@id\":\"https:\\\/\\\/www.malinashop.lt\\\/#website\",\"url\":\"https:\\\/\\\/www.malinashop.lt\\\/\",\"name\":\"COM Group Ecommerce\",\"description\":\"MalinaShop.lt - Gro\u017eio ir sveikatos produktai i\u0161 patikim\u0173 preki\u0173 \u017eenkl\u0173. Atraskite auk\u0161tos kokyb\u0117s kosmetik\u0105 u\u017e puiki\u0105 kain\u0105.\",\"publisher\":{\"@id\":\"https:\\\/\\\/www.malinashop.lt\\\/#organization\"},\"potentialAction\":[{\"@type\":\"SearchAction\",\"target\":{\"@type\":\"EntryPoint\",\"urlTemplate\":\"https:\\\/\\\/www.malinashop.lt\\\/?s={search_term_string}\"},\"query-input\":{\"@type\":\"PropertyValueSpecification\",\"valueRequired\":true,\"valueName\":\"search_term_string\"}}],\"inLanguage\":\"en-GB\"},{\"@type\":\"Organization\",\"@id\":\"https:\\\/\\\/www.malinashop.lt\\\/#organization\",\"name\":\"COM Group Ecommerce\",\"url\":\"https:\\\/\\\/www.malinashop.lt\\\/\",\"logo\":{\"@type\":\"ImageObject\",\"inLanguage\":\"en-GB\",\"@id\":\"https:\\\/\\\/www.malinashop.lt\\\/#\\\/schema\\\/logo\\\/image\\\/\",\"url\":\"https:\\\/\\\/www.malinashop.lt\\\/wp-content\\\/uploads\\\/2024\\\/08\\\/462559670_3787732518133670_9795632669273463_n-e1731525914575.png\",\"contentUrl\":\"https:\\\/\\\/www.malinashop.lt\\\/wp-content\\\/uploads\\\/2024\\\/08\\\/462559670_3787732518133670_9795632669273463_n-e1731525914575.png\",\"width\":180,\"height\":60,\"caption\":\"COM Group Ecommerce\"},\"image\":{\"@id\":\"https:\\\/\\\/www.malinashop.lt\\\/#\\\/schema\\\/logo\\\/image\\\/\"}}]}<\/script>\n<!-- \/ Yoast SEO plugin. -->","yoast_head_json":{"title":"SINOZ apsauginis veido kremas SPF50+ PINK TOUCH TONE UP SUN CREAM, 50ml - MalinaShop.lt J\u016bs\u0173 sveikatai ir gro\u017eiui.","description":"SINOZ PINK TOUCH TONE UP SUN CREAM SPF50+ \u2013 rausvos spalvos veido kremas nuo saul\u0117s, suteikiantis odai apsaug\u0105, skaistum\u0105 ir vienodesn\u012f atspalv\u012f. SINOZ apsauginis veido kremas nuo saul\u0117s SPF50+ PINK TOUCH TONE UP skaistina, vienodina odos atspalv\u012f ir apsaugo nuo UVA\/UVB spinduli\u0173.","robots":{"index":"index","follow":"follow","max-snippet":"max-snippet:-1","max-image-preview":"max-image-preview:large","max-video-preview":"max-video-preview:-1"},"canonical":"https:\/\/www.malinashop.lt\/en\/shop\/sinoz-apsauginis-veido-kremas-spf50-pink-touch-tone-up-sun-cream-50ml\/","og_locale":"en_GB","og_type":"article","og_title":"SINOZ apsauginis veido kremas SPF50+ PINK TOUCH TONE UP SUN CREAM, 50ml - MalinaShop.lt J\u016bs\u0173 sveikatai ir gro\u017eiui.","og_description":"SINOZ PINK TOUCH TONE UP SUN CREAM SPF50+ \u2013 rausvos spalvos veido kremas nuo saul\u0117s, suteikiantis odai apsaug\u0105, skaistum\u0105 ir vienodesn\u012f atspalv\u012f. SINOZ apsauginis veido kremas nuo saul\u0117s SPF50+ PINK TOUCH TONE UP skaistina, vienodina odos atspalv\u012f ir apsaugo nuo UVA\/UVB spinduli\u0173.","og_url":"https:\/\/www.malinashop.lt\/en\/shop\/sinoz-apsauginis-veido-kremas-spf50-pink-touch-tone-up-sun-cream-50ml\/","og_site_name":"MalinaShop.lt J\u016bs\u0173 sveikatai ir gro\u017eiui.","article_modified_time":"2026-03-18T09:28:13+00:00","og_image":[{"width":768,"height":768,"url":"https:\/\/www.malinashop.lt\/wp-content\/uploads\/2025\/10\/SINOZ-apsauginis-veido-kremas-SPF50-PINK-TOUCH-TONE-UP-SUN-CREAM-50ml.webp","type":"image\/webp"}],"twitter_card":"summary_large_image","schema":{"@context":"https:\/\/schema.org","@graph":[{"@type":"WebPage","@id":"https:\/\/www.malinashop.lt\/en\/shop\/sinoz-apsauginis-veido-kremas-spf50-pink-touch-tone-up-sun-cream-50ml\/","url":"https:\/\/www.malinashop.lt\/en\/shop\/sinoz-apsauginis-veido-kremas-spf50-pink-touch-tone-up-sun-cream-50ml\/","name":"SINOZ apsauginis veido kremas SPF50+ PINK TOUCH TONE UP SUN CREAM, 50ml - MalinaShop.lt J\u016bs\u0173 sveikatai ir gro\u017eiui.","isPartOf":{"@id":"https:\/\/www.malinashop.lt\/#website"},"primaryImageOfPage":{"@id":"https:\/\/www.malinashop.lt\/en\/shop\/sinoz-apsauginis-veido-kremas-spf50-pink-touch-tone-up-sun-cream-50ml\/#primaryimage"},"image":{"@id":"https:\/\/www.malinashop.lt\/en\/shop\/sinoz-apsauginis-veido-kremas-spf50-pink-touch-tone-up-sun-cream-50ml\/#primaryimage"},"thumbnailUrl":"https:\/\/www.malinashop.lt\/wp-content\/uploads\/2025\/10\/SINOZ-apsauginis-veido-kremas-SPF50-PINK-TOUCH-TONE-UP-SUN-CREAM-50ml.webp","datePublished":"2025-10-20T08:17:25+00:00","dateModified":"2026-03-18T09:28:13+00:00","description":"SINOZ PINK TOUCH TONE UP SUN CREAM SPF50+ \u2013 rausvos spalvos veido kremas nuo saul\u0117s, suteikiantis odai apsaug\u0105, skaistum\u0105 ir vienodesn\u012f atspalv\u012f. SINOZ apsauginis veido kremas nuo saul\u0117s SPF50+ PINK TOUCH TONE UP skaistina, vienodina odos atspalv\u012f ir apsaugo nuo UVA\/UVB spinduli\u0173.","breadcrumb":{"@id":"https:\/\/www.malinashop.lt\/en\/shop\/sinoz-apsauginis-veido-kremas-spf50-pink-touch-tone-up-sun-cream-50ml\/#breadcrumb"},"inLanguage":"en-GB","potentialAction":[{"@type":"ReadAction","target":["https:\/\/www.malinashop.lt\/en\/shop\/sinoz-apsauginis-veido-kremas-spf50-pink-touch-tone-up-sun-cream-50ml\/"]}]},{"@type":"ImageObject","inLanguage":"en-GB","@id":"https:\/\/www.malinashop.lt\/en\/shop\/sinoz-apsauginis-veido-kremas-spf50-pink-touch-tone-up-sun-cream-50ml\/#primaryimage","url":"https:\/\/www.malinashop.lt\/wp-content\/uploads\/2025\/10\/SINOZ-apsauginis-veido-kremas-SPF50-PINK-TOUCH-TONE-UP-SUN-CREAM-50ml.webp","contentUrl":"https:\/\/www.malinashop.lt\/wp-content\/uploads\/2025\/10\/SINOZ-apsauginis-veido-kremas-SPF50-PINK-TOUCH-TONE-UP-SUN-CREAM-50ml.webp","width":768,"height":768},{"@type":"BreadcrumbList","@id":"https:\/\/www.malinashop.lt\/en\/shop\/sinoz-apsauginis-veido-kremas-spf50-pink-touch-tone-up-sun-cream-50ml\/#breadcrumb","itemListElement":[{"@type":"ListItem","position":1,"name":"Pagrindinis","item":"https:\/\/www.malinashop.lt\/"},{"@type":"ListItem","position":2,"name":"Parduotuv\u0117","item":"https:\/\/www.malinashop.lt\/en\/parduotuve\/"},{"@type":"ListItem","position":3,"name":"SINOZ apsauginis veido kremas SPF50+ PINK TOUCH TONE UP SUN CREAM, 50ml"}]},{"@type":"WebSite","@id":"https:\/\/www.malinashop.lt\/#website","url":"https:\/\/www.malinashop.lt\/","name":"COM Group Ecommerce","description":"MalinaShop.lt - Gro\u017eio ir sveikatos produktai i\u0161 patikim\u0173 preki\u0173 \u017eenkl\u0173. Atraskite auk\u0161tos kokyb\u0117s kosmetik\u0105 u\u017e puiki\u0105 kain\u0105.","publisher":{"@id":"https:\/\/www.malinashop.lt\/#organization"},"potentialAction":[{"@type":"SearchAction","target":{"@type":"EntryPoint","urlTemplate":"https:\/\/www.malinashop.lt\/?s={search_term_string}"},"query-input":{"@type":"PropertyValueSpecification","valueRequired":true,"valueName":"search_term_string"}}],"inLanguage":"en-GB"},{"@type":"Organization","@id":"https:\/\/www.malinashop.lt\/#organization","name":"COM Group Ecommerce","url":"https:\/\/www.malinashop.lt\/","logo":{"@type":"ImageObject","inLanguage":"en-GB","@id":"https:\/\/www.malinashop.lt\/#\/schema\/logo\/image\/","url":"https:\/\/www.malinashop.lt\/wp-content\/uploads\/2024\/08\/462559670_3787732518133670_9795632669273463_n-e1731525914575.png","contentUrl":"https:\/\/www.malinashop.lt\/wp-content\/uploads\/2024\/08\/462559670_3787732518133670_9795632669273463_n-e1731525914575.png","width":180,"height":60,"caption":"COM Group Ecommerce"},"image":{"@id":"https:\/\/www.malinashop.lt\/#\/schema\/logo\/image\/"}}]}},"jetpack_sharing_enabled":true,"_links":{"self":[{"href":"https:\/\/www.malinashop.lt\/en\/wp-json\/wp\/v2\/product\/58826","targetHints":{"allow":["GET"]}}],"collection":[{"href":"https:\/\/www.malinashop.lt\/en\/wp-json\/wp\/v2\/product"}],"about":[{"href":"https:\/\/www.malinashop.lt\/en\/wp-json\/wp\/v2\/types\/product"}],"version-history":[{"count":1,"href":"https:\/\/www.malinashop.lt\/en\/wp-json\/wp\/v2\/product\/58826\/revisions"}],"predecessor-version":[{"id":58828,"href":"https:\/\/www.malinashop.lt\/en\/wp-json\/wp\/v2\/product\/58826\/revisions\/58828"}],"wp:featuredmedia":[{"embeddable":true,"href":"https:\/\/www.malinashop.lt\/en\/wp-json\/wp\/v2\/media\/58827"}],"wp:attachment":[{"href":"https:\/\/www.malinashop.lt\/en\/wp-json\/wp\/v2\/media?parent=58826"}],"wp:term":[{"taxonomy":"product_brand","embeddable":true,"href":"https:\/\/www.malinashop.lt\/en\/wp-json\/wp\/v2\/product_brand?post=58826"},{"taxonomy":"product_cat","embeddable":true,"href":"https:\/\/www.malinashop.lt\/en\/wp-json\/wp\/v2\/product_cat?post=58826"},{"taxonomy":"product_tag","embeddable":true,"href":"https:\/\/www.malinashop.lt\/en\/wp-json\/wp\/v2\/product_tag?post=58826"}],"curies":[{"name":"wp","href":"https:\/\/api.w.org\/{rel}","templated":true}]}}