{"id":58820,"date":"2025-09-20T11:12:46","date_gmt":"2025-09-20T08:12:46","guid":{"rendered":"https:\/\/malinashop.lt\/?post_type=product&#038;p=58820"},"modified":"2026-03-18T12:28:19","modified_gmt":"2026-03-18T09:28:19","slug":"sinoz-svelnus-veido-kremas-nuo-saules-ir-pigmentiniu-demiu-spf50-sun-sensitive-advanced-50ml","status":"publish","type":"product","link":"https:\/\/www.malinashop.lt\/en\/shop\/sinoz-svelnus-veido-kremas-nuo-saules-ir-pigmentiniu-demiu-spf50-sun-sensitive-advanced-50ml\/","title":{"rendered":"SINOZ \u0161velnus veido kremas nuo saul\u0117s ir pigmentini\u0173 d\u0117mi\u0173 SPF50+ SUN SENSITIVE ADVANCED, 50ml"},"content":{"rendered":"<p data-start=\"457\" data-end=\"728\"><strong data-start=\"481\" data-end=\"605\">SINOZ \u0161velnus apsauginis veido kremas nuo saul\u0117s ir pigmentini\u0173 d\u0117mi\u0173 su SPF50+ SUN SENSITIVE ADVANCED DARK SPOT CONTROL<\/strong> \u2013 tai pa\u017eangios formul\u0117s kremas, skirtas saugiai ir veiksmingai apsaugoti od\u0105 nuo saul\u0117s spinduli\u0173 bei hiperpigmentacijos.<\/p>\n<p data-start=\"730\" data-end=\"1091\">Kremas padeda <strong data-start=\"744\" data-end=\"821\">suma\u017einti esam\u0173 tamsi\u0173 d\u0117mi\u0173 matomum\u0105 ir u\u017ekirsti keli\u0105 nauj\u0173 atsiradimui<\/strong>, kurios da\u017enai susijusios su UV spinduliais, hormonais ar aplinkos poveikiu.<br data-start=\"898\" data-end=\"901\" \/>D\u0117l <strong data-start=\"905\" data-end=\"932\">auk\u0161tos SPF50+ apsaugos<\/strong> ir <strong data-start=\"936\" data-end=\"1016\">pa\u017eangios technologijos nuo m\u0117lynos \u0161viesos (telefonai, kompiuteriai, saul\u0117)<\/strong> oda i\u0161lieka tolygesn\u0117, skaistesn\u0117 ir apsaugota nuo prie\u0161laikinio sen\u0117jimo.<\/p>\n<p data-start=\"1093\" data-end=\"1144\"><strong data-start=\"1093\" data-end=\"1144\">Kod\u0117l verta rinktis SINOZ SUN SENSITIVE SPF50+:<\/strong><\/p>\n<ul data-start=\"1145\" data-end=\"1431\">\n<li data-start=\"1145\" data-end=\"1180\">\n<p data-start=\"1147\" data-end=\"1180\">Auk\u0161ta <strong data-start=\"1154\" data-end=\"1180\">SPF50+ UVA\/UVB apsauga<\/strong><\/p>\n<\/li>\n<li data-start=\"1181\" data-end=\"1220\">\n<p data-start=\"1183\" data-end=\"1220\">Apsaugo nuo <strong data-start=\"1195\" data-end=\"1220\">m\u0117lynos \u0161viesos (HEV)<\/strong><\/p>\n<\/li>\n<li data-start=\"1221\" data-end=\"1258\">\n<p data-start=\"1223\" data-end=\"1258\">Ma\u017eina esamas <strong data-start=\"1237\" data-end=\"1258\">pigmentines d\u0117mes<\/strong><\/p>\n<\/li>\n<li data-start=\"1259\" data-end=\"1299\">\n<p data-start=\"1261\" data-end=\"1299\">Apsaugo nuo <strong data-start=\"1273\" data-end=\"1299\">nauj\u0173 d\u0117mi\u0173 susidarymo<\/strong><\/p>\n<\/li>\n<li data-start=\"1300\" data-end=\"1350\">\n<p data-start=\"1302\" data-end=\"1350\">\u0160velni, neriebi, nesukelianti blizgesio tekst\u016bra<\/p>\n<\/li>\n<li data-start=\"1351\" data-end=\"1391\">\n<p data-start=\"1353\" data-end=\"1391\">Tinka <strong data-start=\"1359\" data-end=\"1391\">jautriai ir probleminei odai<\/strong><\/p>\n<\/li>\n<li data-start=\"1392\" data-end=\"1431\">\n<p data-start=\"1394\" data-end=\"1431\">Kasdienis naudojimas \u2013 net po makia\u017eu<\/p>\n<\/li>\n<\/ul>\n<p data-start=\"1433\" data-end=\"1582\">Formul\u0117 yra <strong data-start=\"1445\" data-end=\"1476\">lengva, greitai \u012fsigerianti<\/strong>, nepalieka balt\u0173 \u017eymi\u0173 ir neapsunkina odos, tod\u0117l idealiai tinka tiek vasarai, tiek visiems met\u0173 laikams.<\/p>\n<p data-start=\"1584\" data-end=\"1768\"><strong data-start=\"1584\" data-end=\"1599\">Naudojimas:<\/strong><br data-start=\"1599\" data-end=\"1602\" \/>Prie\u0161 naudojim\u0105 suplakite. Tolygiai tepkite ant veido, kaklo ir paaki\u0173 srities 15\u201320 min. prie\u0161 saul\u0119. Ilgai b\u016bnant saul\u0117je \u2013 pakartoti kas 2 valandas ir po maudyni\u0173.<\/p>\n<p data-start=\"1770\" data-end=\"1941\"><strong data-start=\"1770\" data-end=\"1827\">SINOZ SUN SENSITIVE ADVANCED DARK SPOT CONTROL SPF50+<\/strong> \u2013 \u0161velni, bet galinga odos apsauga nuo saul\u0117s ir pigmentacijos, padedanti i\u0161laikyti \u0161vytin\u010di\u0105 ir lygi\u0105 veido od\u0105.<\/p>\n","protected":false},"excerpt":{"rendered":"<p>SINOZ SUN SENSITIVE ADVANCED DARK SPOT CONTROL SPF50+ \u2013 \u0161velnus veido kremas nuo saul\u0117s ir pigmentini\u0173 d\u0117mi\u0173, apsaugantis nuo UVA\/UVB ir m\u0117lynos \u0161viesos.<\/p>\n","protected":false},"featured_media":58821,"template":"","meta":[],"product_brand":[1354],"product_cat":[772,731],"product_tag":[1619],"class_list":{"0":"post-58820","1":"product","2":"type-product","3":"status-publish","4":"has-post-thumbnail","6":"product_brand-sinoz","7":"product_cat-apsauga-nuo-saules","8":"product_cat-kunui","9":"product_tag-sinoz","11":"first","12":"outofstock","13":"sale","14":"taxable","15":"shipping-taxable","16":"purchasable","17":"product-type-simple"},"yoast_head":"<!-- This site is optimized with the Yoast SEO plugin v27.4 - https:\/\/yoast.com\/product\/yoast-seo-wordpress\/ -->\n<title>SINOZ \u0161velnus veido kremas nuo saul\u0117s ir pigmentini\u0173 d\u0117mi\u0173 SPF50+ SUN SENSITIVE ADVANCED, 50ml - MalinaShop.lt J\u016bs\u0173 sveikatai ir gro\u017eiui.<\/title>\n<meta name=\"description\" content=\"SINOZ SUN SENSITIVE ADVANCED DARK SPOT CONTROL SPF50+ \u2013 \u0161velnus veido kremas nuo saul\u0117s ir pigmentini\u0173 d\u0117mi\u0173, apsaugantis nuo UVA\/UVB ir m\u0117lynos \u0161viesos. SINOZ \u0161velnus veido kremas nuo saul\u0117s ir pigmentini\u0173 d\u0117mi\u0173 SPF50+ SUN SENSITIVE ADVANCED apsaugo nuo UVA\/UVB ir m\u0117lynos \u0161viesos.\" \/>\n<meta name=\"robots\" content=\"index, follow, max-snippet:-1, max-image-preview:large, max-video-preview:-1\" \/>\n<link rel=\"canonical\" href=\"https:\/\/www.malinashop.lt\/en\/shop\/sinoz-svelnus-veido-kremas-nuo-saules-ir-pigmentiniu-demiu-spf50-sun-sensitive-advanced-50ml\/\" \/>\n<meta property=\"og:locale\" content=\"en_GB\" \/>\n<meta property=\"og:type\" content=\"article\" \/>\n<meta property=\"og:title\" content=\"SINOZ \u0161velnus veido kremas nuo saul\u0117s ir pigmentini\u0173 d\u0117mi\u0173 SPF50+ SUN SENSITIVE ADVANCED, 50ml - MalinaShop.lt J\u016bs\u0173 sveikatai ir gro\u017eiui.\" \/>\n<meta property=\"og:description\" content=\"SINOZ SUN SENSITIVE ADVANCED DARK SPOT CONTROL SPF50+ \u2013 \u0161velnus veido kremas nuo saul\u0117s ir pigmentini\u0173 d\u0117mi\u0173, apsaugantis nuo UVA\/UVB ir m\u0117lynos \u0161viesos. SINOZ \u0161velnus veido kremas nuo saul\u0117s ir pigmentini\u0173 d\u0117mi\u0173 SPF50+ SUN SENSITIVE ADVANCED apsaugo nuo UVA\/UVB ir m\u0117lynos \u0161viesos.\" \/>\n<meta property=\"og:url\" content=\"https:\/\/www.malinashop.lt\/en\/shop\/sinoz-svelnus-veido-kremas-nuo-saules-ir-pigmentiniu-demiu-spf50-sun-sensitive-advanced-50ml\/\" \/>\n<meta property=\"og:site_name\" content=\"MalinaShop.lt J\u016bs\u0173 sveikatai ir gro\u017eiui.\" \/>\n<meta property=\"article:modified_time\" content=\"2026-03-18T09:28:19+00:00\" \/>\n<meta property=\"og:image\" content=\"https:\/\/www.malinashop.lt\/wp-content\/uploads\/2025\/10\/SINOZ-svelnus-veido-kremas-nuo-saules-ir-pigmentiniu-demiu-SPF50-SUN-SENSITIVE-ADVANCED-50ml.webp\" \/>\n\t<meta property=\"og:image:width\" content=\"768\" \/>\n\t<meta property=\"og:image:height\" content=\"768\" \/>\n\t<meta property=\"og:image:type\" content=\"image\/webp\" \/>\n<meta name=\"twitter:card\" content=\"summary_large_image\" \/>\n<script type=\"application\/ld+json\" class=\"yoast-schema-graph\">{\"@context\":\"https:\\\/\\\/schema.org\",\"@graph\":[{\"@type\":\"WebPage\",\"@id\":\"https:\\\/\\\/www.malinashop.lt\\\/en\\\/shop\\\/sinoz-svelnus-veido-kremas-nuo-saules-ir-pigmentiniu-demiu-spf50-sun-sensitive-advanced-50ml\\\/\",\"url\":\"https:\\\/\\\/www.malinashop.lt\\\/en\\\/shop\\\/sinoz-svelnus-veido-kremas-nuo-saules-ir-pigmentiniu-demiu-spf50-sun-sensitive-advanced-50ml\\\/\",\"name\":\"SINOZ \u0161velnus veido kremas nuo saul\u0117s ir pigmentini\u0173 d\u0117mi\u0173 SPF50+ SUN SENSITIVE ADVANCED, 50ml - MalinaShop.lt J\u016bs\u0173 sveikatai ir gro\u017eiui.\",\"isPartOf\":{\"@id\":\"https:\\\/\\\/www.malinashop.lt\\\/#website\"},\"primaryImageOfPage\":{\"@id\":\"https:\\\/\\\/www.malinashop.lt\\\/en\\\/shop\\\/sinoz-svelnus-veido-kremas-nuo-saules-ir-pigmentiniu-demiu-spf50-sun-sensitive-advanced-50ml\\\/#primaryimage\"},\"image\":{\"@id\":\"https:\\\/\\\/www.malinashop.lt\\\/en\\\/shop\\\/sinoz-svelnus-veido-kremas-nuo-saules-ir-pigmentiniu-demiu-spf50-sun-sensitive-advanced-50ml\\\/#primaryimage\"},\"thumbnailUrl\":\"https:\\\/\\\/www.malinashop.lt\\\/wp-content\\\/uploads\\\/2025\\\/10\\\/SINOZ-svelnus-veido-kremas-nuo-saules-ir-pigmentiniu-demiu-SPF50-SUN-SENSITIVE-ADVANCED-50ml.webp\",\"datePublished\":\"2025-09-20T08:12:46+00:00\",\"dateModified\":\"2026-03-18T09:28:19+00:00\",\"description\":\"SINOZ SUN SENSITIVE ADVANCED DARK SPOT CONTROL SPF50+ \u2013 \u0161velnus veido kremas nuo saul\u0117s ir pigmentini\u0173 d\u0117mi\u0173, apsaugantis nuo UVA\\\/UVB ir m\u0117lynos \u0161viesos. SINOZ \u0161velnus veido kremas nuo saul\u0117s ir pigmentini\u0173 d\u0117mi\u0173 SPF50+ SUN SENSITIVE ADVANCED apsaugo nuo UVA\\\/UVB ir m\u0117lynos \u0161viesos.\",\"breadcrumb\":{\"@id\":\"https:\\\/\\\/www.malinashop.lt\\\/en\\\/shop\\\/sinoz-svelnus-veido-kremas-nuo-saules-ir-pigmentiniu-demiu-spf50-sun-sensitive-advanced-50ml\\\/#breadcrumb\"},\"inLanguage\":\"en-GB\",\"potentialAction\":[{\"@type\":\"ReadAction\",\"target\":[\"https:\\\/\\\/www.malinashop.lt\\\/en\\\/shop\\\/sinoz-svelnus-veido-kremas-nuo-saules-ir-pigmentiniu-demiu-spf50-sun-sensitive-advanced-50ml\\\/\"]}]},{\"@type\":\"ImageObject\",\"inLanguage\":\"en-GB\",\"@id\":\"https:\\\/\\\/www.malinashop.lt\\\/en\\\/shop\\\/sinoz-svelnus-veido-kremas-nuo-saules-ir-pigmentiniu-demiu-spf50-sun-sensitive-advanced-50ml\\\/#primaryimage\",\"url\":\"https:\\\/\\\/www.malinashop.lt\\\/wp-content\\\/uploads\\\/2025\\\/10\\\/SINOZ-svelnus-veido-kremas-nuo-saules-ir-pigmentiniu-demiu-SPF50-SUN-SENSITIVE-ADVANCED-50ml.webp\",\"contentUrl\":\"https:\\\/\\\/www.malinashop.lt\\\/wp-content\\\/uploads\\\/2025\\\/10\\\/SINOZ-svelnus-veido-kremas-nuo-saules-ir-pigmentiniu-demiu-SPF50-SUN-SENSITIVE-ADVANCED-50ml.webp\",\"width\":768,\"height\":768},{\"@type\":\"BreadcrumbList\",\"@id\":\"https:\\\/\\\/www.malinashop.lt\\\/en\\\/shop\\\/sinoz-svelnus-veido-kremas-nuo-saules-ir-pigmentiniu-demiu-spf50-sun-sensitive-advanced-50ml\\\/#breadcrumb\",\"itemListElement\":[{\"@type\":\"ListItem\",\"position\":1,\"name\":\"Pagrindinis\",\"item\":\"https:\\\/\\\/www.malinashop.lt\\\/\"},{\"@type\":\"ListItem\",\"position\":2,\"name\":\"Parduotuv\u0117\",\"item\":\"https:\\\/\\\/www.malinashop.lt\\\/en\\\/parduotuve\\\/\"},{\"@type\":\"ListItem\",\"position\":3,\"name\":\"SINOZ \u0161velnus veido kremas nuo saul\u0117s ir pigmentini\u0173 d\u0117mi\u0173 SPF50+ SUN SENSITIVE ADVANCED, 50ml\"}]},{\"@type\":\"WebSite\",\"@id\":\"https:\\\/\\\/www.malinashop.lt\\\/#website\",\"url\":\"https:\\\/\\\/www.malinashop.lt\\\/\",\"name\":\"COM Group Ecommerce\",\"description\":\"MalinaShop.lt - Gro\u017eio ir sveikatos produktai i\u0161 patikim\u0173 preki\u0173 \u017eenkl\u0173. Atraskite auk\u0161tos kokyb\u0117s kosmetik\u0105 u\u017e puiki\u0105 kain\u0105.\",\"publisher\":{\"@id\":\"https:\\\/\\\/www.malinashop.lt\\\/#organization\"},\"potentialAction\":[{\"@type\":\"SearchAction\",\"target\":{\"@type\":\"EntryPoint\",\"urlTemplate\":\"https:\\\/\\\/www.malinashop.lt\\\/?s={search_term_string}\"},\"query-input\":{\"@type\":\"PropertyValueSpecification\",\"valueRequired\":true,\"valueName\":\"search_term_string\"}}],\"inLanguage\":\"en-GB\"},{\"@type\":\"Organization\",\"@id\":\"https:\\\/\\\/www.malinashop.lt\\\/#organization\",\"name\":\"COM Group Ecommerce\",\"url\":\"https:\\\/\\\/www.malinashop.lt\\\/\",\"logo\":{\"@type\":\"ImageObject\",\"inLanguage\":\"en-GB\",\"@id\":\"https:\\\/\\\/www.malinashop.lt\\\/#\\\/schema\\\/logo\\\/image\\\/\",\"url\":\"https:\\\/\\\/www.malinashop.lt\\\/wp-content\\\/uploads\\\/2024\\\/08\\\/462559670_3787732518133670_9795632669273463_n-e1731525914575.png\",\"contentUrl\":\"https:\\\/\\\/www.malinashop.lt\\\/wp-content\\\/uploads\\\/2024\\\/08\\\/462559670_3787732518133670_9795632669273463_n-e1731525914575.png\",\"width\":180,\"height\":60,\"caption\":\"COM Group Ecommerce\"},\"image\":{\"@id\":\"https:\\\/\\\/www.malinashop.lt\\\/#\\\/schema\\\/logo\\\/image\\\/\"}}]}<\/script>\n<!-- \/ Yoast SEO plugin. -->","yoast_head_json":{"title":"SINOZ \u0161velnus veido kremas nuo saul\u0117s ir pigmentini\u0173 d\u0117mi\u0173 SPF50+ SUN SENSITIVE ADVANCED, 50ml - MalinaShop.lt J\u016bs\u0173 sveikatai ir gro\u017eiui.","description":"SINOZ SUN SENSITIVE ADVANCED DARK SPOT CONTROL SPF50+ \u2013 \u0161velnus veido kremas nuo saul\u0117s ir pigmentini\u0173 d\u0117mi\u0173, apsaugantis nuo UVA\/UVB ir m\u0117lynos \u0161viesos. SINOZ \u0161velnus veido kremas nuo saul\u0117s ir pigmentini\u0173 d\u0117mi\u0173 SPF50+ SUN SENSITIVE ADVANCED apsaugo nuo UVA\/UVB ir m\u0117lynos \u0161viesos.","robots":{"index":"index","follow":"follow","max-snippet":"max-snippet:-1","max-image-preview":"max-image-preview:large","max-video-preview":"max-video-preview:-1"},"canonical":"https:\/\/www.malinashop.lt\/en\/shop\/sinoz-svelnus-veido-kremas-nuo-saules-ir-pigmentiniu-demiu-spf50-sun-sensitive-advanced-50ml\/","og_locale":"en_GB","og_type":"article","og_title":"SINOZ \u0161velnus veido kremas nuo saul\u0117s ir pigmentini\u0173 d\u0117mi\u0173 SPF50+ SUN SENSITIVE ADVANCED, 50ml - MalinaShop.lt J\u016bs\u0173 sveikatai ir gro\u017eiui.","og_description":"SINOZ SUN SENSITIVE ADVANCED DARK SPOT CONTROL SPF50+ \u2013 \u0161velnus veido kremas nuo saul\u0117s ir pigmentini\u0173 d\u0117mi\u0173, apsaugantis nuo UVA\/UVB ir m\u0117lynos \u0161viesos. SINOZ \u0161velnus veido kremas nuo saul\u0117s ir pigmentini\u0173 d\u0117mi\u0173 SPF50+ SUN SENSITIVE ADVANCED apsaugo nuo UVA\/UVB ir m\u0117lynos \u0161viesos.","og_url":"https:\/\/www.malinashop.lt\/en\/shop\/sinoz-svelnus-veido-kremas-nuo-saules-ir-pigmentiniu-demiu-spf50-sun-sensitive-advanced-50ml\/","og_site_name":"MalinaShop.lt J\u016bs\u0173 sveikatai ir gro\u017eiui.","article_modified_time":"2026-03-18T09:28:19+00:00","og_image":[{"width":768,"height":768,"url":"https:\/\/www.malinashop.lt\/wp-content\/uploads\/2025\/10\/SINOZ-svelnus-veido-kremas-nuo-saules-ir-pigmentiniu-demiu-SPF50-SUN-SENSITIVE-ADVANCED-50ml.webp","type":"image\/webp"}],"twitter_card":"summary_large_image","schema":{"@context":"https:\/\/schema.org","@graph":[{"@type":"WebPage","@id":"https:\/\/www.malinashop.lt\/en\/shop\/sinoz-svelnus-veido-kremas-nuo-saules-ir-pigmentiniu-demiu-spf50-sun-sensitive-advanced-50ml\/","url":"https:\/\/www.malinashop.lt\/en\/shop\/sinoz-svelnus-veido-kremas-nuo-saules-ir-pigmentiniu-demiu-spf50-sun-sensitive-advanced-50ml\/","name":"SINOZ \u0161velnus veido kremas nuo saul\u0117s ir pigmentini\u0173 d\u0117mi\u0173 SPF50+ SUN SENSITIVE ADVANCED, 50ml - MalinaShop.lt J\u016bs\u0173 sveikatai ir gro\u017eiui.","isPartOf":{"@id":"https:\/\/www.malinashop.lt\/#website"},"primaryImageOfPage":{"@id":"https:\/\/www.malinashop.lt\/en\/shop\/sinoz-svelnus-veido-kremas-nuo-saules-ir-pigmentiniu-demiu-spf50-sun-sensitive-advanced-50ml\/#primaryimage"},"image":{"@id":"https:\/\/www.malinashop.lt\/en\/shop\/sinoz-svelnus-veido-kremas-nuo-saules-ir-pigmentiniu-demiu-spf50-sun-sensitive-advanced-50ml\/#primaryimage"},"thumbnailUrl":"https:\/\/www.malinashop.lt\/wp-content\/uploads\/2025\/10\/SINOZ-svelnus-veido-kremas-nuo-saules-ir-pigmentiniu-demiu-SPF50-SUN-SENSITIVE-ADVANCED-50ml.webp","datePublished":"2025-09-20T08:12:46+00:00","dateModified":"2026-03-18T09:28:19+00:00","description":"SINOZ SUN SENSITIVE ADVANCED DARK SPOT CONTROL SPF50+ \u2013 \u0161velnus veido kremas nuo saul\u0117s ir pigmentini\u0173 d\u0117mi\u0173, apsaugantis nuo UVA\/UVB ir m\u0117lynos \u0161viesos. SINOZ \u0161velnus veido kremas nuo saul\u0117s ir pigmentini\u0173 d\u0117mi\u0173 SPF50+ SUN SENSITIVE ADVANCED apsaugo nuo UVA\/UVB ir m\u0117lynos \u0161viesos.","breadcrumb":{"@id":"https:\/\/www.malinashop.lt\/en\/shop\/sinoz-svelnus-veido-kremas-nuo-saules-ir-pigmentiniu-demiu-spf50-sun-sensitive-advanced-50ml\/#breadcrumb"},"inLanguage":"en-GB","potentialAction":[{"@type":"ReadAction","target":["https:\/\/www.malinashop.lt\/en\/shop\/sinoz-svelnus-veido-kremas-nuo-saules-ir-pigmentiniu-demiu-spf50-sun-sensitive-advanced-50ml\/"]}]},{"@type":"ImageObject","inLanguage":"en-GB","@id":"https:\/\/www.malinashop.lt\/en\/shop\/sinoz-svelnus-veido-kremas-nuo-saules-ir-pigmentiniu-demiu-spf50-sun-sensitive-advanced-50ml\/#primaryimage","url":"https:\/\/www.malinashop.lt\/wp-content\/uploads\/2025\/10\/SINOZ-svelnus-veido-kremas-nuo-saules-ir-pigmentiniu-demiu-SPF50-SUN-SENSITIVE-ADVANCED-50ml.webp","contentUrl":"https:\/\/www.malinashop.lt\/wp-content\/uploads\/2025\/10\/SINOZ-svelnus-veido-kremas-nuo-saules-ir-pigmentiniu-demiu-SPF50-SUN-SENSITIVE-ADVANCED-50ml.webp","width":768,"height":768},{"@type":"BreadcrumbList","@id":"https:\/\/www.malinashop.lt\/en\/shop\/sinoz-svelnus-veido-kremas-nuo-saules-ir-pigmentiniu-demiu-spf50-sun-sensitive-advanced-50ml\/#breadcrumb","itemListElement":[{"@type":"ListItem","position":1,"name":"Pagrindinis","item":"https:\/\/www.malinashop.lt\/"},{"@type":"ListItem","position":2,"name":"Parduotuv\u0117","item":"https:\/\/www.malinashop.lt\/en\/parduotuve\/"},{"@type":"ListItem","position":3,"name":"SINOZ \u0161velnus veido kremas nuo saul\u0117s ir pigmentini\u0173 d\u0117mi\u0173 SPF50+ SUN SENSITIVE ADVANCED, 50ml"}]},{"@type":"WebSite","@id":"https:\/\/www.malinashop.lt\/#website","url":"https:\/\/www.malinashop.lt\/","name":"COM Group Ecommerce","description":"MalinaShop.lt - Gro\u017eio ir sveikatos produktai i\u0161 patikim\u0173 preki\u0173 \u017eenkl\u0173. Atraskite auk\u0161tos kokyb\u0117s kosmetik\u0105 u\u017e puiki\u0105 kain\u0105.","publisher":{"@id":"https:\/\/www.malinashop.lt\/#organization"},"potentialAction":[{"@type":"SearchAction","target":{"@type":"EntryPoint","urlTemplate":"https:\/\/www.malinashop.lt\/?s={search_term_string}"},"query-input":{"@type":"PropertyValueSpecification","valueRequired":true,"valueName":"search_term_string"}}],"inLanguage":"en-GB"},{"@type":"Organization","@id":"https:\/\/www.malinashop.lt\/#organization","name":"COM Group Ecommerce","url":"https:\/\/www.malinashop.lt\/","logo":{"@type":"ImageObject","inLanguage":"en-GB","@id":"https:\/\/www.malinashop.lt\/#\/schema\/logo\/image\/","url":"https:\/\/www.malinashop.lt\/wp-content\/uploads\/2024\/08\/462559670_3787732518133670_9795632669273463_n-e1731525914575.png","contentUrl":"https:\/\/www.malinashop.lt\/wp-content\/uploads\/2024\/08\/462559670_3787732518133670_9795632669273463_n-e1731525914575.png","width":180,"height":60,"caption":"COM Group Ecommerce"},"image":{"@id":"https:\/\/www.malinashop.lt\/#\/schema\/logo\/image\/"}}]}},"jetpack_sharing_enabled":true,"_links":{"self":[{"href":"https:\/\/www.malinashop.lt\/en\/wp-json\/wp\/v2\/product\/58820","targetHints":{"allow":["GET"]}}],"collection":[{"href":"https:\/\/www.malinashop.lt\/en\/wp-json\/wp\/v2\/product"}],"about":[{"href":"https:\/\/www.malinashop.lt\/en\/wp-json\/wp\/v2\/types\/product"}],"version-history":[{"count":1,"href":"https:\/\/www.malinashop.lt\/en\/wp-json\/wp\/v2\/product\/58820\/revisions"}],"predecessor-version":[{"id":58822,"href":"https:\/\/www.malinashop.lt\/en\/wp-json\/wp\/v2\/product\/58820\/revisions\/58822"}],"wp:featuredmedia":[{"embeddable":true,"href":"https:\/\/www.malinashop.lt\/en\/wp-json\/wp\/v2\/media\/58821"}],"wp:attachment":[{"href":"https:\/\/www.malinashop.lt\/en\/wp-json\/wp\/v2\/media?parent=58820"}],"wp:term":[{"taxonomy":"product_brand","embeddable":true,"href":"https:\/\/www.malinashop.lt\/en\/wp-json\/wp\/v2\/product_brand?post=58820"},{"taxonomy":"product_cat","embeddable":true,"href":"https:\/\/www.malinashop.lt\/en\/wp-json\/wp\/v2\/product_cat?post=58820"},{"taxonomy":"product_tag","embeddable":true,"href":"https:\/\/www.malinashop.lt\/en\/wp-json\/wp\/v2\/product_tag?post=58820"}],"curies":[{"name":"wp","href":"https:\/\/api.w.org\/{rel}","templated":true}]}}