{"id":58817,"date":"2025-10-20T11:09:23","date_gmt":"2025-10-20T08:09:23","guid":{"rendered":"https:\/\/malinashop.lt\/?post_type=product&#038;p=58817"},"modified":"2026-03-18T12:28:14","modified_gmt":"2026-03-18T09:28:14","slug":"sinoz-apsauginis-veido-kremas-nuo-saules-ir-pigmentiniu-demiu-spf50-anti-dark-spot-50ml","status":"publish","type":"product","link":"https:\/\/www.malinashop.lt\/en\/shop\/sinoz-apsauginis-veido-kremas-nuo-saules-ir-pigmentiniu-demiu-spf50-anti-dark-spot-50ml\/","title":{"rendered":"SINOZ apsauginis veido kremas nuo saul\u0117s ir pigmentini\u0173 d\u0117mi\u0173 SPF50+ ANTI DARK SPOT, 50ml"},"content":{"rendered":"<p data-start=\"496\" data-end=\"788\"><strong data-start=\"520\" data-end=\"620\">SINOZ apsauginis veido kremas nuo saul\u0117s ir pigmentini\u0173 d\u0117mi\u0173 su SPF50+ ANTI DARK SPOT SUNSCREEN<\/strong> \u2013 tai lengvos tekst\u016bros, vandens pagrindu sukurtas kremas, kuris u\u017etikrina <strong data-start=\"696\" data-end=\"728\">auk\u0161to lygio UVA\/UVB apsaug\u0105<\/strong> ir padeda <strong data-start=\"739\" data-end=\"787\">u\u017ekirsti keli\u0105 pigmentini\u0173 d\u0117mi\u0173 atsiradimui<\/strong>.<\/p>\n<p data-start=\"790\" data-end=\"1079\">D\u0117l <strong data-start=\"794\" data-end=\"829\">neriebaus, greitai \u012fsigerian\u010dio<\/strong> formul\u0117s kremo pavir\u0161ius neapsunkina odos, nesukelia blizgesio ir tinka kasdieniam naudojimui tiek po makia\u017eu, tiek vienas.<br data-start=\"953\" data-end=\"956\" \/>Kremas padeda <strong data-start=\"970\" data-end=\"1004\">i\u0161laikyti tolyg\u0173 odos atspalv\u012f<\/strong>, apsaugo nuo <strong data-start=\"1018\" data-end=\"1078\">saul\u0117s daromos \u017ealos, fotosen\u0117jimo ir hiperpigmentacijos<\/strong>.<\/p>\n<p data-start=\"1081\" data-end=\"1135\"><strong data-start=\"1081\" data-end=\"1135\">SINOZ ANTI DARK SPOT SUNSCREEN SPF 50+ privalumai:<\/strong><\/p>\n<ul data-start=\"1136\" data-end=\"1428\">\n<li data-start=\"1136\" data-end=\"1189\">\n<p data-start=\"1138\" data-end=\"1189\">Labai auk\u0161ta SPF50+ apsauga nuo UVA\/UVB spinduli\u0173<\/p>\n<\/li>\n<li data-start=\"1190\" data-end=\"1238\">\n<p data-start=\"1192\" data-end=\"1238\">Padeda i\u0161vengti pigmentini\u0173 d\u0117mi\u0173 susidarymo<\/p>\n<\/li>\n<li data-start=\"1239\" data-end=\"1290\">\n<p data-start=\"1241\" data-end=\"1290\">Vandens pagrindu \u2013 nepalieka riebumo ir lipnumo<\/p>\n<\/li>\n<li data-start=\"1291\" data-end=\"1322\">\n<p data-start=\"1293\" data-end=\"1322\">Lengvas, nesunkinantis odos<\/p>\n<\/li>\n<li data-start=\"1323\" data-end=\"1366\">\n<p data-start=\"1325\" data-end=\"1366\">Tinka visiems odos tipams, net jautriai<\/p>\n<\/li>\n<li data-start=\"1367\" data-end=\"1428\">\n<p data-start=\"1369\" data-end=\"1428\">Idealiai tinka kasdieniam naudojimui mieste ir atostogose<\/p>\n<\/li>\n<\/ul>\n<p data-start=\"1430\" data-end=\"1631\"><strong data-start=\"1430\" data-end=\"1445\">Naudojimas:<\/strong><br data-start=\"1445\" data-end=\"1448\" \/>Prie\u0161 naudojim\u0105 gerai suplakite. Tepkite tolygiai ant veido, kaklo ir paaki\u0173 srities 15\u201320 min. prie\u0161 saul\u0117s poveik\u012f. Ilgai b\u016bnant saul\u0117je \u2013 pakartokite kas 2 valandas ir po maudyni\u0173.<\/p>\n<p data-start=\"1633\" data-end=\"1787\"><strong data-start=\"1633\" data-end=\"1675\">SINOZ ANTI DARK SPOT SUNSCREEN SPF 50+<\/strong> \u2013 idealus pasirinkimas tiems, kurie nori apsaugoti od\u0105 nuo saul\u0117s ir i\u0161laikyti tolyg\u0173 bei sveik\u0105 odos atspalv\u012f.<\/p>\n","protected":false},"excerpt":{"rendered":"<p>SINOZ ANTI DARK SPOT SUNSCREEN SPF 50+ \u2013 lengvos tekst\u016bros veido kremas nuo saul\u0117s ir pigmentini\u0173 d\u0117mi\u0173, vandens pagrindu, be riebumo poj\u016b\u010dio, tinkamas kasdieniam naudojimui.<\/p>\n","protected":false},"featured_media":58818,"template":"","meta":[],"product_brand":[1354],"product_cat":[772,731],"product_tag":[1619],"class_list":{"0":"post-58817","1":"product","2":"type-product","3":"status-publish","4":"has-post-thumbnail","6":"product_brand-sinoz","7":"product_cat-apsauga-nuo-saules","8":"product_cat-kunui","9":"product_tag-sinoz","11":"first","12":"instock","13":"sale","14":"taxable","15":"shipping-taxable","16":"purchasable","17":"product-type-simple"},"yoast_head":"<!-- This site is optimized with the Yoast SEO plugin v27.4 - https:\/\/yoast.com\/product\/yoast-seo-wordpress\/ -->\n<title>SINOZ apsauginis veido kremas nuo saul\u0117s ir pigmentini\u0173 d\u0117mi\u0173 SPF50+ ANTI DARK SPOT, 50ml - MalinaShop.lt J\u016bs\u0173 sveikatai ir gro\u017eiui.<\/title>\n<meta name=\"description\" content=\"SINOZ ANTI DARK SPOT SUNSCREEN SPF 50+ \u2013 lengvos tekst\u016bros veido kremas nuo saul\u0117s ir pigmentini\u0173 d\u0117mi\u0173, vandens pagrindu, be riebumo poj\u016b\u010dio, tinkamas kasdieniam naudojimui.SINOZ apsauginis veido kremas nuo saul\u0117s ir pigmentini\u0173 d\u0117mi\u0173 SPF50+ ANTI DARK SPOT apsaugo od\u0105, nepalieka riebumo ir tinka kasdien.\" \/>\n<meta name=\"robots\" content=\"index, follow, max-snippet:-1, max-image-preview:large, max-video-preview:-1\" \/>\n<link rel=\"canonical\" href=\"https:\/\/www.malinashop.lt\/en\/shop\/sinoz-apsauginis-veido-kremas-nuo-saules-ir-pigmentiniu-demiu-spf50-anti-dark-spot-50ml\/\" \/>\n<meta property=\"og:locale\" content=\"en_GB\" \/>\n<meta property=\"og:type\" content=\"article\" \/>\n<meta property=\"og:title\" content=\"SINOZ apsauginis veido kremas nuo saul\u0117s ir pigmentini\u0173 d\u0117mi\u0173 SPF50+ ANTI DARK SPOT, 50ml - MalinaShop.lt J\u016bs\u0173 sveikatai ir gro\u017eiui.\" \/>\n<meta property=\"og:description\" content=\"SINOZ ANTI DARK SPOT SUNSCREEN SPF 50+ \u2013 lengvos tekst\u016bros veido kremas nuo saul\u0117s ir pigmentini\u0173 d\u0117mi\u0173, vandens pagrindu, be riebumo poj\u016b\u010dio, tinkamas kasdieniam naudojimui.SINOZ apsauginis veido kremas nuo saul\u0117s ir pigmentini\u0173 d\u0117mi\u0173 SPF50+ ANTI DARK SPOT apsaugo od\u0105, nepalieka riebumo ir tinka kasdien.\" \/>\n<meta property=\"og:url\" content=\"https:\/\/www.malinashop.lt\/en\/shop\/sinoz-apsauginis-veido-kremas-nuo-saules-ir-pigmentiniu-demiu-spf50-anti-dark-spot-50ml\/\" \/>\n<meta property=\"og:site_name\" content=\"MalinaShop.lt J\u016bs\u0173 sveikatai ir gro\u017eiui.\" \/>\n<meta property=\"article:modified_time\" content=\"2026-03-18T09:28:14+00:00\" \/>\n<meta property=\"og:image\" content=\"https:\/\/www.malinashop.lt\/wp-content\/uploads\/2025\/10\/SINOZ-apsauginis-veido-kremas-nuo-saules-ir-pigmentiniu-demiu-SPF50-ANTI-DARK-SPOT-50ml.webp\" \/>\n\t<meta property=\"og:image:width\" content=\"768\" \/>\n\t<meta property=\"og:image:height\" content=\"768\" \/>\n\t<meta property=\"og:image:type\" content=\"image\/webp\" \/>\n<meta name=\"twitter:card\" content=\"summary_large_image\" \/>\n<script type=\"application\/ld+json\" class=\"yoast-schema-graph\">{\"@context\":\"https:\\\/\\\/schema.org\",\"@graph\":[{\"@type\":\"WebPage\",\"@id\":\"https:\\\/\\\/www.malinashop.lt\\\/en\\\/shop\\\/sinoz-apsauginis-veido-kremas-nuo-saules-ir-pigmentiniu-demiu-spf50-anti-dark-spot-50ml\\\/\",\"url\":\"https:\\\/\\\/www.malinashop.lt\\\/en\\\/shop\\\/sinoz-apsauginis-veido-kremas-nuo-saules-ir-pigmentiniu-demiu-spf50-anti-dark-spot-50ml\\\/\",\"name\":\"SINOZ apsauginis veido kremas nuo saul\u0117s ir pigmentini\u0173 d\u0117mi\u0173 SPF50+ ANTI DARK SPOT, 50ml - MalinaShop.lt J\u016bs\u0173 sveikatai ir gro\u017eiui.\",\"isPartOf\":{\"@id\":\"https:\\\/\\\/www.malinashop.lt\\\/#website\"},\"primaryImageOfPage\":{\"@id\":\"https:\\\/\\\/www.malinashop.lt\\\/en\\\/shop\\\/sinoz-apsauginis-veido-kremas-nuo-saules-ir-pigmentiniu-demiu-spf50-anti-dark-spot-50ml\\\/#primaryimage\"},\"image\":{\"@id\":\"https:\\\/\\\/www.malinashop.lt\\\/en\\\/shop\\\/sinoz-apsauginis-veido-kremas-nuo-saules-ir-pigmentiniu-demiu-spf50-anti-dark-spot-50ml\\\/#primaryimage\"},\"thumbnailUrl\":\"https:\\\/\\\/www.malinashop.lt\\\/wp-content\\\/uploads\\\/2025\\\/10\\\/SINOZ-apsauginis-veido-kremas-nuo-saules-ir-pigmentiniu-demiu-SPF50-ANTI-DARK-SPOT-50ml.webp\",\"datePublished\":\"2025-10-20T08:09:23+00:00\",\"dateModified\":\"2026-03-18T09:28:14+00:00\",\"description\":\"SINOZ ANTI DARK SPOT SUNSCREEN SPF 50+ \u2013 lengvos tekst\u016bros veido kremas nuo saul\u0117s ir pigmentini\u0173 d\u0117mi\u0173, vandens pagrindu, be riebumo poj\u016b\u010dio, tinkamas kasdieniam naudojimui.SINOZ apsauginis veido kremas nuo saul\u0117s ir pigmentini\u0173 d\u0117mi\u0173 SPF50+ ANTI DARK SPOT apsaugo od\u0105, nepalieka riebumo ir tinka kasdien.\",\"breadcrumb\":{\"@id\":\"https:\\\/\\\/www.malinashop.lt\\\/en\\\/shop\\\/sinoz-apsauginis-veido-kremas-nuo-saules-ir-pigmentiniu-demiu-spf50-anti-dark-spot-50ml\\\/#breadcrumb\"},\"inLanguage\":\"en-GB\",\"potentialAction\":[{\"@type\":\"ReadAction\",\"target\":[\"https:\\\/\\\/www.malinashop.lt\\\/en\\\/shop\\\/sinoz-apsauginis-veido-kremas-nuo-saules-ir-pigmentiniu-demiu-spf50-anti-dark-spot-50ml\\\/\"]}]},{\"@type\":\"ImageObject\",\"inLanguage\":\"en-GB\",\"@id\":\"https:\\\/\\\/www.malinashop.lt\\\/en\\\/shop\\\/sinoz-apsauginis-veido-kremas-nuo-saules-ir-pigmentiniu-demiu-spf50-anti-dark-spot-50ml\\\/#primaryimage\",\"url\":\"https:\\\/\\\/www.malinashop.lt\\\/wp-content\\\/uploads\\\/2025\\\/10\\\/SINOZ-apsauginis-veido-kremas-nuo-saules-ir-pigmentiniu-demiu-SPF50-ANTI-DARK-SPOT-50ml.webp\",\"contentUrl\":\"https:\\\/\\\/www.malinashop.lt\\\/wp-content\\\/uploads\\\/2025\\\/10\\\/SINOZ-apsauginis-veido-kremas-nuo-saules-ir-pigmentiniu-demiu-SPF50-ANTI-DARK-SPOT-50ml.webp\",\"width\":768,\"height\":768},{\"@type\":\"BreadcrumbList\",\"@id\":\"https:\\\/\\\/www.malinashop.lt\\\/en\\\/shop\\\/sinoz-apsauginis-veido-kremas-nuo-saules-ir-pigmentiniu-demiu-spf50-anti-dark-spot-50ml\\\/#breadcrumb\",\"itemListElement\":[{\"@type\":\"ListItem\",\"position\":1,\"name\":\"Pagrindinis\",\"item\":\"https:\\\/\\\/www.malinashop.lt\\\/\"},{\"@type\":\"ListItem\",\"position\":2,\"name\":\"Parduotuv\u0117\",\"item\":\"https:\\\/\\\/www.malinashop.lt\\\/en\\\/parduotuve\\\/\"},{\"@type\":\"ListItem\",\"position\":3,\"name\":\"SINOZ apsauginis veido kremas nuo saul\u0117s ir pigmentini\u0173 d\u0117mi\u0173 SPF50+ ANTI DARK SPOT, 50ml\"}]},{\"@type\":\"WebSite\",\"@id\":\"https:\\\/\\\/www.malinashop.lt\\\/#website\",\"url\":\"https:\\\/\\\/www.malinashop.lt\\\/\",\"name\":\"COM Group Ecommerce\",\"description\":\"MalinaShop.lt - Gro\u017eio ir sveikatos produktai i\u0161 patikim\u0173 preki\u0173 \u017eenkl\u0173. Atraskite auk\u0161tos kokyb\u0117s kosmetik\u0105 u\u017e puiki\u0105 kain\u0105.\",\"publisher\":{\"@id\":\"https:\\\/\\\/www.malinashop.lt\\\/#organization\"},\"potentialAction\":[{\"@type\":\"SearchAction\",\"target\":{\"@type\":\"EntryPoint\",\"urlTemplate\":\"https:\\\/\\\/www.malinashop.lt\\\/?s={search_term_string}\"},\"query-input\":{\"@type\":\"PropertyValueSpecification\",\"valueRequired\":true,\"valueName\":\"search_term_string\"}}],\"inLanguage\":\"en-GB\"},{\"@type\":\"Organization\",\"@id\":\"https:\\\/\\\/www.malinashop.lt\\\/#organization\",\"name\":\"COM Group Ecommerce\",\"url\":\"https:\\\/\\\/www.malinashop.lt\\\/\",\"logo\":{\"@type\":\"ImageObject\",\"inLanguage\":\"en-GB\",\"@id\":\"https:\\\/\\\/www.malinashop.lt\\\/#\\\/schema\\\/logo\\\/image\\\/\",\"url\":\"https:\\\/\\\/www.malinashop.lt\\\/wp-content\\\/uploads\\\/2024\\\/08\\\/462559670_3787732518133670_9795632669273463_n-e1731525914575.png\",\"contentUrl\":\"https:\\\/\\\/www.malinashop.lt\\\/wp-content\\\/uploads\\\/2024\\\/08\\\/462559670_3787732518133670_9795632669273463_n-e1731525914575.png\",\"width\":180,\"height\":60,\"caption\":\"COM Group Ecommerce\"},\"image\":{\"@id\":\"https:\\\/\\\/www.malinashop.lt\\\/#\\\/schema\\\/logo\\\/image\\\/\"}}]}<\/script>\n<!-- \/ Yoast SEO plugin. -->","yoast_head_json":{"title":"SINOZ apsauginis veido kremas nuo saul\u0117s ir pigmentini\u0173 d\u0117mi\u0173 SPF50+ ANTI DARK SPOT, 50ml - MalinaShop.lt J\u016bs\u0173 sveikatai ir gro\u017eiui.","description":"SINOZ ANTI DARK SPOT SUNSCREEN SPF 50+ \u2013 lengvos tekst\u016bros veido kremas nuo saul\u0117s ir pigmentini\u0173 d\u0117mi\u0173, vandens pagrindu, be riebumo poj\u016b\u010dio, tinkamas kasdieniam naudojimui.SINOZ apsauginis veido kremas nuo saul\u0117s ir pigmentini\u0173 d\u0117mi\u0173 SPF50+ ANTI DARK SPOT apsaugo od\u0105, nepalieka riebumo ir tinka kasdien.","robots":{"index":"index","follow":"follow","max-snippet":"max-snippet:-1","max-image-preview":"max-image-preview:large","max-video-preview":"max-video-preview:-1"},"canonical":"https:\/\/www.malinashop.lt\/en\/shop\/sinoz-apsauginis-veido-kremas-nuo-saules-ir-pigmentiniu-demiu-spf50-anti-dark-spot-50ml\/","og_locale":"en_GB","og_type":"article","og_title":"SINOZ apsauginis veido kremas nuo saul\u0117s ir pigmentini\u0173 d\u0117mi\u0173 SPF50+ ANTI DARK SPOT, 50ml - MalinaShop.lt J\u016bs\u0173 sveikatai ir gro\u017eiui.","og_description":"SINOZ ANTI DARK SPOT SUNSCREEN SPF 50+ \u2013 lengvos tekst\u016bros veido kremas nuo saul\u0117s ir pigmentini\u0173 d\u0117mi\u0173, vandens pagrindu, be riebumo poj\u016b\u010dio, tinkamas kasdieniam naudojimui.SINOZ apsauginis veido kremas nuo saul\u0117s ir pigmentini\u0173 d\u0117mi\u0173 SPF50+ ANTI DARK SPOT apsaugo od\u0105, nepalieka riebumo ir tinka kasdien.","og_url":"https:\/\/www.malinashop.lt\/en\/shop\/sinoz-apsauginis-veido-kremas-nuo-saules-ir-pigmentiniu-demiu-spf50-anti-dark-spot-50ml\/","og_site_name":"MalinaShop.lt J\u016bs\u0173 sveikatai ir gro\u017eiui.","article_modified_time":"2026-03-18T09:28:14+00:00","og_image":[{"width":768,"height":768,"url":"https:\/\/www.malinashop.lt\/wp-content\/uploads\/2025\/10\/SINOZ-apsauginis-veido-kremas-nuo-saules-ir-pigmentiniu-demiu-SPF50-ANTI-DARK-SPOT-50ml.webp","type":"image\/webp"}],"twitter_card":"summary_large_image","schema":{"@context":"https:\/\/schema.org","@graph":[{"@type":"WebPage","@id":"https:\/\/www.malinashop.lt\/en\/shop\/sinoz-apsauginis-veido-kremas-nuo-saules-ir-pigmentiniu-demiu-spf50-anti-dark-spot-50ml\/","url":"https:\/\/www.malinashop.lt\/en\/shop\/sinoz-apsauginis-veido-kremas-nuo-saules-ir-pigmentiniu-demiu-spf50-anti-dark-spot-50ml\/","name":"SINOZ apsauginis veido kremas nuo saul\u0117s ir pigmentini\u0173 d\u0117mi\u0173 SPF50+ ANTI DARK SPOT, 50ml - MalinaShop.lt J\u016bs\u0173 sveikatai ir gro\u017eiui.","isPartOf":{"@id":"https:\/\/www.malinashop.lt\/#website"},"primaryImageOfPage":{"@id":"https:\/\/www.malinashop.lt\/en\/shop\/sinoz-apsauginis-veido-kremas-nuo-saules-ir-pigmentiniu-demiu-spf50-anti-dark-spot-50ml\/#primaryimage"},"image":{"@id":"https:\/\/www.malinashop.lt\/en\/shop\/sinoz-apsauginis-veido-kremas-nuo-saules-ir-pigmentiniu-demiu-spf50-anti-dark-spot-50ml\/#primaryimage"},"thumbnailUrl":"https:\/\/www.malinashop.lt\/wp-content\/uploads\/2025\/10\/SINOZ-apsauginis-veido-kremas-nuo-saules-ir-pigmentiniu-demiu-SPF50-ANTI-DARK-SPOT-50ml.webp","datePublished":"2025-10-20T08:09:23+00:00","dateModified":"2026-03-18T09:28:14+00:00","description":"SINOZ ANTI DARK SPOT SUNSCREEN SPF 50+ \u2013 lengvos tekst\u016bros veido kremas nuo saul\u0117s ir pigmentini\u0173 d\u0117mi\u0173, vandens pagrindu, be riebumo poj\u016b\u010dio, tinkamas kasdieniam naudojimui.SINOZ apsauginis veido kremas nuo saul\u0117s ir pigmentini\u0173 d\u0117mi\u0173 SPF50+ ANTI DARK SPOT apsaugo od\u0105, nepalieka riebumo ir tinka kasdien.","breadcrumb":{"@id":"https:\/\/www.malinashop.lt\/en\/shop\/sinoz-apsauginis-veido-kremas-nuo-saules-ir-pigmentiniu-demiu-spf50-anti-dark-spot-50ml\/#breadcrumb"},"inLanguage":"en-GB","potentialAction":[{"@type":"ReadAction","target":["https:\/\/www.malinashop.lt\/en\/shop\/sinoz-apsauginis-veido-kremas-nuo-saules-ir-pigmentiniu-demiu-spf50-anti-dark-spot-50ml\/"]}]},{"@type":"ImageObject","inLanguage":"en-GB","@id":"https:\/\/www.malinashop.lt\/en\/shop\/sinoz-apsauginis-veido-kremas-nuo-saules-ir-pigmentiniu-demiu-spf50-anti-dark-spot-50ml\/#primaryimage","url":"https:\/\/www.malinashop.lt\/wp-content\/uploads\/2025\/10\/SINOZ-apsauginis-veido-kremas-nuo-saules-ir-pigmentiniu-demiu-SPF50-ANTI-DARK-SPOT-50ml.webp","contentUrl":"https:\/\/www.malinashop.lt\/wp-content\/uploads\/2025\/10\/SINOZ-apsauginis-veido-kremas-nuo-saules-ir-pigmentiniu-demiu-SPF50-ANTI-DARK-SPOT-50ml.webp","width":768,"height":768},{"@type":"BreadcrumbList","@id":"https:\/\/www.malinashop.lt\/en\/shop\/sinoz-apsauginis-veido-kremas-nuo-saules-ir-pigmentiniu-demiu-spf50-anti-dark-spot-50ml\/#breadcrumb","itemListElement":[{"@type":"ListItem","position":1,"name":"Pagrindinis","item":"https:\/\/www.malinashop.lt\/"},{"@type":"ListItem","position":2,"name":"Parduotuv\u0117","item":"https:\/\/www.malinashop.lt\/en\/parduotuve\/"},{"@type":"ListItem","position":3,"name":"SINOZ apsauginis veido kremas nuo saul\u0117s ir pigmentini\u0173 d\u0117mi\u0173 SPF50+ ANTI DARK SPOT, 50ml"}]},{"@type":"WebSite","@id":"https:\/\/www.malinashop.lt\/#website","url":"https:\/\/www.malinashop.lt\/","name":"COM Group Ecommerce","description":"MalinaShop.lt - Gro\u017eio ir sveikatos produktai i\u0161 patikim\u0173 preki\u0173 \u017eenkl\u0173. Atraskite auk\u0161tos kokyb\u0117s kosmetik\u0105 u\u017e puiki\u0105 kain\u0105.","publisher":{"@id":"https:\/\/www.malinashop.lt\/#organization"},"potentialAction":[{"@type":"SearchAction","target":{"@type":"EntryPoint","urlTemplate":"https:\/\/www.malinashop.lt\/?s={search_term_string}"},"query-input":{"@type":"PropertyValueSpecification","valueRequired":true,"valueName":"search_term_string"}}],"inLanguage":"en-GB"},{"@type":"Organization","@id":"https:\/\/www.malinashop.lt\/#organization","name":"COM Group Ecommerce","url":"https:\/\/www.malinashop.lt\/","logo":{"@type":"ImageObject","inLanguage":"en-GB","@id":"https:\/\/www.malinashop.lt\/#\/schema\/logo\/image\/","url":"https:\/\/www.malinashop.lt\/wp-content\/uploads\/2024\/08\/462559670_3787732518133670_9795632669273463_n-e1731525914575.png","contentUrl":"https:\/\/www.malinashop.lt\/wp-content\/uploads\/2024\/08\/462559670_3787732518133670_9795632669273463_n-e1731525914575.png","width":180,"height":60,"caption":"COM Group Ecommerce"},"image":{"@id":"https:\/\/www.malinashop.lt\/#\/schema\/logo\/image\/"}}]}},"jetpack_sharing_enabled":true,"_links":{"self":[{"href":"https:\/\/www.malinashop.lt\/en\/wp-json\/wp\/v2\/product\/58817","targetHints":{"allow":["GET"]}}],"collection":[{"href":"https:\/\/www.malinashop.lt\/en\/wp-json\/wp\/v2\/product"}],"about":[{"href":"https:\/\/www.malinashop.lt\/en\/wp-json\/wp\/v2\/types\/product"}],"version-history":[{"count":1,"href":"https:\/\/www.malinashop.lt\/en\/wp-json\/wp\/v2\/product\/58817\/revisions"}],"predecessor-version":[{"id":58819,"href":"https:\/\/www.malinashop.lt\/en\/wp-json\/wp\/v2\/product\/58817\/revisions\/58819"}],"wp:featuredmedia":[{"embeddable":true,"href":"https:\/\/www.malinashop.lt\/en\/wp-json\/wp\/v2\/media\/58818"}],"wp:attachment":[{"href":"https:\/\/www.malinashop.lt\/en\/wp-json\/wp\/v2\/media?parent=58817"}],"wp:term":[{"taxonomy":"product_brand","embeddable":true,"href":"https:\/\/www.malinashop.lt\/en\/wp-json\/wp\/v2\/product_brand?post=58817"},{"taxonomy":"product_cat","embeddable":true,"href":"https:\/\/www.malinashop.lt\/en\/wp-json\/wp\/v2\/product_cat?post=58817"},{"taxonomy":"product_tag","embeddable":true,"href":"https:\/\/www.malinashop.lt\/en\/wp-json\/wp\/v2\/product_tag?post=58817"}],"curies":[{"name":"wp","href":"https:\/\/api.w.org\/{rel}","templated":true}]}}