{"id":58609,"date":"2025-10-09T20:07:17","date_gmt":"2025-10-09T17:07:17","guid":{"rendered":"https:\/\/malinashop.lt\/?post_type=product&#038;p=58609"},"modified":"2026-04-08T13:26:37","modified_gmt":"2026-04-08T10:26:37","slug":"laiseven-drekinamasis-kuno-losjonas-su-svytejimo-efektu-radiance-body-glow-lotion-200-ml","status":"publish","type":"product","link":"https:\/\/www.malinashop.lt\/en\/shop\/laiseven-drekinamasis-kuno-losjonas-su-svytejimo-efektu-radiance-body-glow-lotion-200-ml\/","title":{"rendered":"LAISEVEN dr\u0117kinamasis k\u016bno losjonas su \u0161vyt\u0117jimo efektu RADIANCE BODY GLOW LOTION, 200 ml"},"content":{"rendered":"<p data-start=\"494\" data-end=\"728\"><strong data-start=\"518\" data-end=\"603\">LAISEVEN dr\u0117kinamasis k\u016bno losjonas su \u0161vyt\u0117jimo efektu RADIANCE BODY GLOW LOTION<\/strong> \u2013 tai \u0161velnios tekst\u016bros, intensyviai dr\u0117kinantis k\u016bno losjonas, kuris akimirksniu suteikia odai \u0161vyt\u0117jimo ir gyvybingumo.<\/p>\n<p data-start=\"730\" data-end=\"1022\">Lengvos formul\u0117s losjonas greitai \u012fsigeria, <strong data-start=\"774\" data-end=\"814\">nepalieka riebumo ar lipnumo poj\u016b\u010dio<\/strong>, tod\u0117l oda tampa \u0161velni, glotni ir spindinti. Sud\u0117tyje esantys <strong data-start=\"878\" data-end=\"945\">nat\u016bral\u016bs aliejai, hialurono r\u016bg\u0161tis ir dr\u0117kinamosios med\u017eiagos<\/strong> maitina od\u0105, padeda i\u0161laikyti dr\u0117gm\u0117s balans\u0105 ir pagerina jos elastingum\u0105.<\/p>\n<p data-start=\"1024\" data-end=\"1272\">Losjone esantys <strong data-start=\"1040\" data-end=\"1084\">mikropigmentai subtiliai atspindi \u0161vies\u0105<\/strong>, i\u0161ry\u0161kindami gra\u017eiausias k\u016bno vietas \u2013 rankas, kojas ar i\u0161kirpt\u0119. Tai idealus pasirinkimas norint suteikti odai nat\u016bralaus spindesio ir prabangos poj\u016bt\u012f, i\u0161laikant komfort\u0105 vis\u0105 dien\u0105.<\/p>\n<p data-start=\"1274\" data-end=\"1386\">Tinka vis\u0173 tip\u0173 odai, ypa\u010d rekomenduojamas sausai, pavargusiai ar papilk\u0117jusiai odai, kuri\u0105 norisi atgaivinti.<\/p>\n<p data-start=\"1388\" data-end=\"1630\"><strong data-start=\"1388\" data-end=\"1403\">Naudojimas:<\/strong><br data-start=\"1403\" data-end=\"1406\" \/>Tepkite losjon\u0105 po du\u0161o arba kai oda jau\u010dia sausum\u0105. \u012emasa\u017euokite \u0161velniais sukamaisiais judesiais, kol visi\u0161kai \u012fsigers. Ypating\u0105 d\u0117mes\u012f skirkite vietoms, kurias norite pary\u0161kinti \u0161vyt\u0117jimu \u2013 rankoms, kojoms ar i\u0161kirptei.<\/p>\n<p data-start=\"1632\" data-end=\"1762\"><strong data-start=\"1632\" data-end=\"1670\">LAISEVEN RADIANCE BODY GLOW LOTION<\/strong> \u2013 tai eleganti\u0161kas b\u016bdas kasdien suteikti odai dr\u0117gm\u0117s, \u0161velnumo ir nat\u016bralaus \u0161vyt\u0117jimo.<\/p>\n","protected":false},"excerpt":{"rendered":"<p>LAISEVEN RADIANCE BODY GLOW LOTION \u2013 dr\u0117kinamasis k\u016bno losjonas su nat\u016braliu \u0161vyt\u0117jimo efektu, suteikiantis odai \u0161velnumo ir satininio spindesio.<\/p>\n","protected":false},"featured_media":58610,"template":"","meta":[],"product_brand":[539],"product_cat":[555,731,562],"product_tag":[1631],"class_list":{"0":"post-58609","1":"product","2":"type-product","3":"status-publish","4":"has-post-thumbnail","6":"product_brand-laiseven","7":"product_cat-kuno-aliejai-losjonai","8":"product_cat-kunui","9":"product_cat-sandelio-valymas","10":"product_tag-laiseven","12":"first","13":"instock","14":"sale","15":"taxable","16":"shipping-taxable","17":"purchasable","18":"product-type-simple"},"yoast_head":"<!-- This site is optimized with the Yoast SEO plugin v27.4 - https:\/\/yoast.com\/product\/yoast-seo-wordpress\/ -->\n<title>LAISEVEN dr\u0117kinamasis k\u016bno losjonas su \u0161vyt\u0117jimo efektu RADIANCE BODY GLOW LOTION, 200 ml - MalinaShop.lt J\u016bs\u0173 sveikatai ir gro\u017eiui.<\/title>\n<meta name=\"description\" content=\"LAISEVEN RADIANCE BODY GLOW LOTION \u2013 dr\u0117kinamasis k\u016bno losjonas su nat\u016braliu \u0161vyt\u0117jimo efektu, suteikiantis odai \u0161velnumo ir satininio spindesio.LAISEVEN RADIANCE losjonas suteikia odai \u0161vyt\u0117jimo, dr\u0117kina ir palieka \u0161veln\u0173 satinin\u012f efekt\u0105 be riebumo.\" \/>\n<meta name=\"robots\" content=\"index, follow, max-snippet:-1, max-image-preview:large, max-video-preview:-1\" \/>\n<link rel=\"canonical\" href=\"https:\/\/www.malinashop.lt\/en\/shop\/laiseven-drekinamasis-kuno-losjonas-su-svytejimo-efektu-radiance-body-glow-lotion-200-ml\/\" \/>\n<meta property=\"og:locale\" content=\"en_GB\" \/>\n<meta property=\"og:type\" content=\"article\" \/>\n<meta property=\"og:title\" content=\"LAISEVEN dr\u0117kinamasis k\u016bno losjonas su \u0161vyt\u0117jimo efektu RADIANCE BODY GLOW LOTION, 200 ml - MalinaShop.lt J\u016bs\u0173 sveikatai ir gro\u017eiui.\" \/>\n<meta property=\"og:description\" content=\"LAISEVEN RADIANCE BODY GLOW LOTION \u2013 dr\u0117kinamasis k\u016bno losjonas su nat\u016braliu \u0161vyt\u0117jimo efektu, suteikiantis odai \u0161velnumo ir satininio spindesio.LAISEVEN RADIANCE losjonas suteikia odai \u0161vyt\u0117jimo, dr\u0117kina ir palieka \u0161veln\u0173 satinin\u012f efekt\u0105 be riebumo.\" \/>\n<meta property=\"og:url\" content=\"https:\/\/www.malinashop.lt\/en\/shop\/laiseven-drekinamasis-kuno-losjonas-su-svytejimo-efektu-radiance-body-glow-lotion-200-ml\/\" \/>\n<meta property=\"og:site_name\" content=\"MalinaShop.lt J\u016bs\u0173 sveikatai ir gro\u017eiui.\" \/>\n<meta property=\"article:modified_time\" content=\"2026-04-08T10:26:37+00:00\" \/>\n<meta property=\"og:image\" content=\"https:\/\/www.malinashop.lt\/wp-content\/uploads\/2025\/10\/LAISEVEN-drekinamasis-kuno-losjonas-su-svytejimo-efektu-RADIANCE-BODY-GLOW-LOTION-200-ml.webp\" \/>\n\t<meta property=\"og:image:width\" content=\"768\" \/>\n\t<meta property=\"og:image:height\" content=\"768\" \/>\n\t<meta property=\"og:image:type\" content=\"image\/webp\" \/>\n<meta name=\"twitter:card\" content=\"summary_large_image\" \/>\n<script type=\"application\/ld+json\" class=\"yoast-schema-graph\">{\"@context\":\"https:\\\/\\\/schema.org\",\"@graph\":[{\"@type\":\"WebPage\",\"@id\":\"https:\\\/\\\/www.malinashop.lt\\\/shop\\\/laiseven-drekinamasis-kuno-losjonas-su-svytejimo-efektu-radiance-body-glow-lotion-200-ml\\\/\",\"url\":\"https:\\\/\\\/www.malinashop.lt\\\/shop\\\/laiseven-drekinamasis-kuno-losjonas-su-svytejimo-efektu-radiance-body-glow-lotion-200-ml\\\/\",\"name\":\"LAISEVEN dr\u0117kinamasis k\u016bno losjonas su \u0161vyt\u0117jimo efektu RADIANCE BODY GLOW LOTION, 200 ml - MalinaShop.lt J\u016bs\u0173 sveikatai ir gro\u017eiui.\",\"isPartOf\":{\"@id\":\"https:\\\/\\\/www.malinashop.lt\\\/#website\"},\"primaryImageOfPage\":{\"@id\":\"https:\\\/\\\/www.malinashop.lt\\\/shop\\\/laiseven-drekinamasis-kuno-losjonas-su-svytejimo-efektu-radiance-body-glow-lotion-200-ml\\\/#primaryimage\"},\"image\":{\"@id\":\"https:\\\/\\\/www.malinashop.lt\\\/shop\\\/laiseven-drekinamasis-kuno-losjonas-su-svytejimo-efektu-radiance-body-glow-lotion-200-ml\\\/#primaryimage\"},\"thumbnailUrl\":\"https:\\\/\\\/www.malinashop.lt\\\/wp-content\\\/uploads\\\/2025\\\/10\\\/LAISEVEN-drekinamasis-kuno-losjonas-su-svytejimo-efektu-RADIANCE-BODY-GLOW-LOTION-200-ml.webp\",\"datePublished\":\"2025-10-09T17:07:17+00:00\",\"dateModified\":\"2026-04-08T10:26:37+00:00\",\"description\":\"LAISEVEN RADIANCE BODY GLOW LOTION \u2013 dr\u0117kinamasis k\u016bno losjonas su nat\u016braliu \u0161vyt\u0117jimo efektu, suteikiantis odai \u0161velnumo ir satininio spindesio.LAISEVEN RADIANCE losjonas suteikia odai \u0161vyt\u0117jimo, dr\u0117kina ir palieka \u0161veln\u0173 satinin\u012f efekt\u0105 be riebumo.\",\"breadcrumb\":{\"@id\":\"https:\\\/\\\/www.malinashop.lt\\\/shop\\\/laiseven-drekinamasis-kuno-losjonas-su-svytejimo-efektu-radiance-body-glow-lotion-200-ml\\\/#breadcrumb\"},\"inLanguage\":\"en-GB\",\"potentialAction\":[{\"@type\":\"ReadAction\",\"target\":[\"https:\\\/\\\/www.malinashop.lt\\\/shop\\\/laiseven-drekinamasis-kuno-losjonas-su-svytejimo-efektu-radiance-body-glow-lotion-200-ml\\\/\"]}]},{\"@type\":\"ImageObject\",\"inLanguage\":\"en-GB\",\"@id\":\"https:\\\/\\\/www.malinashop.lt\\\/shop\\\/laiseven-drekinamasis-kuno-losjonas-su-svytejimo-efektu-radiance-body-glow-lotion-200-ml\\\/#primaryimage\",\"url\":\"https:\\\/\\\/www.malinashop.lt\\\/wp-content\\\/uploads\\\/2025\\\/10\\\/LAISEVEN-drekinamasis-kuno-losjonas-su-svytejimo-efektu-RADIANCE-BODY-GLOW-LOTION-200-ml.webp\",\"contentUrl\":\"https:\\\/\\\/www.malinashop.lt\\\/wp-content\\\/uploads\\\/2025\\\/10\\\/LAISEVEN-drekinamasis-kuno-losjonas-su-svytejimo-efektu-RADIANCE-BODY-GLOW-LOTION-200-ml.webp\",\"width\":768,\"height\":768},{\"@type\":\"BreadcrumbList\",\"@id\":\"https:\\\/\\\/www.malinashop.lt\\\/shop\\\/laiseven-drekinamasis-kuno-losjonas-su-svytejimo-efektu-radiance-body-glow-lotion-200-ml\\\/#breadcrumb\",\"itemListElement\":[{\"@type\":\"ListItem\",\"position\":1,\"name\":\"Pagrindinis\",\"item\":\"https:\\\/\\\/www.malinashop.lt\\\/\"},{\"@type\":\"ListItem\",\"position\":2,\"name\":\"Parduotuv\u0117\",\"item\":\"https:\\\/\\\/www.malinashop.lt\\\/en\\\/parduotuve\\\/\"},{\"@type\":\"ListItem\",\"position\":3,\"name\":\"LAISEVEN dr\u0117kinamasis k\u016bno losjonas su \u0161vyt\u0117jimo efektu RADIANCE BODY GLOW LOTION, 200 ml\"}]},{\"@type\":\"WebSite\",\"@id\":\"https:\\\/\\\/www.malinashop.lt\\\/#website\",\"url\":\"https:\\\/\\\/www.malinashop.lt\\\/\",\"name\":\"COM Group Ecommerce\",\"description\":\"MalinaShop.lt - Gro\u017eio ir sveikatos produktai i\u0161 patikim\u0173 preki\u0173 \u017eenkl\u0173. Atraskite auk\u0161tos kokyb\u0117s kosmetik\u0105 u\u017e puiki\u0105 kain\u0105.\",\"publisher\":{\"@id\":\"https:\\\/\\\/www.malinashop.lt\\\/#organization\"},\"potentialAction\":[{\"@type\":\"SearchAction\",\"target\":{\"@type\":\"EntryPoint\",\"urlTemplate\":\"https:\\\/\\\/www.malinashop.lt\\\/?s={search_term_string}\"},\"query-input\":{\"@type\":\"PropertyValueSpecification\",\"valueRequired\":true,\"valueName\":\"search_term_string\"}}],\"inLanguage\":\"en-GB\"},{\"@type\":\"Organization\",\"@id\":\"https:\\\/\\\/www.malinashop.lt\\\/#organization\",\"name\":\"COM Group Ecommerce\",\"url\":\"https:\\\/\\\/www.malinashop.lt\\\/\",\"logo\":{\"@type\":\"ImageObject\",\"inLanguage\":\"en-GB\",\"@id\":\"https:\\\/\\\/www.malinashop.lt\\\/#\\\/schema\\\/logo\\\/image\\\/\",\"url\":\"https:\\\/\\\/www.malinashop.lt\\\/wp-content\\\/uploads\\\/2024\\\/08\\\/462559670_3787732518133670_9795632669273463_n-e1731525914575.png\",\"contentUrl\":\"https:\\\/\\\/www.malinashop.lt\\\/wp-content\\\/uploads\\\/2024\\\/08\\\/462559670_3787732518133670_9795632669273463_n-e1731525914575.png\",\"width\":180,\"height\":60,\"caption\":\"COM Group Ecommerce\"},\"image\":{\"@id\":\"https:\\\/\\\/www.malinashop.lt\\\/#\\\/schema\\\/logo\\\/image\\\/\"}}]}<\/script>\n<!-- \/ Yoast SEO plugin. -->","yoast_head_json":{"title":"LAISEVEN dr\u0117kinamasis k\u016bno losjonas su \u0161vyt\u0117jimo efektu RADIANCE BODY GLOW LOTION, 200 ml - MalinaShop.lt J\u016bs\u0173 sveikatai ir gro\u017eiui.","description":"LAISEVEN RADIANCE BODY GLOW LOTION \u2013 dr\u0117kinamasis k\u016bno losjonas su nat\u016braliu \u0161vyt\u0117jimo efektu, suteikiantis odai \u0161velnumo ir satininio spindesio.LAISEVEN RADIANCE losjonas suteikia odai \u0161vyt\u0117jimo, dr\u0117kina ir palieka \u0161veln\u0173 satinin\u012f efekt\u0105 be riebumo.","robots":{"index":"index","follow":"follow","max-snippet":"max-snippet:-1","max-image-preview":"max-image-preview:large","max-video-preview":"max-video-preview:-1"},"canonical":"https:\/\/www.malinashop.lt\/en\/shop\/laiseven-drekinamasis-kuno-losjonas-su-svytejimo-efektu-radiance-body-glow-lotion-200-ml\/","og_locale":"en_GB","og_type":"article","og_title":"LAISEVEN dr\u0117kinamasis k\u016bno losjonas su \u0161vyt\u0117jimo efektu RADIANCE BODY GLOW LOTION, 200 ml - MalinaShop.lt J\u016bs\u0173 sveikatai ir gro\u017eiui.","og_description":"LAISEVEN RADIANCE BODY GLOW LOTION \u2013 dr\u0117kinamasis k\u016bno losjonas su nat\u016braliu \u0161vyt\u0117jimo efektu, suteikiantis odai \u0161velnumo ir satininio spindesio.LAISEVEN RADIANCE losjonas suteikia odai \u0161vyt\u0117jimo, dr\u0117kina ir palieka \u0161veln\u0173 satinin\u012f efekt\u0105 be riebumo.","og_url":"https:\/\/www.malinashop.lt\/en\/shop\/laiseven-drekinamasis-kuno-losjonas-su-svytejimo-efektu-radiance-body-glow-lotion-200-ml\/","og_site_name":"MalinaShop.lt J\u016bs\u0173 sveikatai ir gro\u017eiui.","article_modified_time":"2026-04-08T10:26:37+00:00","og_image":[{"width":768,"height":768,"url":"https:\/\/www.malinashop.lt\/wp-content\/uploads\/2025\/10\/LAISEVEN-drekinamasis-kuno-losjonas-su-svytejimo-efektu-RADIANCE-BODY-GLOW-LOTION-200-ml.webp","type":"image\/webp"}],"twitter_card":"summary_large_image","schema":{"@context":"https:\/\/schema.org","@graph":[{"@type":"WebPage","@id":"https:\/\/www.malinashop.lt\/shop\/laiseven-drekinamasis-kuno-losjonas-su-svytejimo-efektu-radiance-body-glow-lotion-200-ml\/","url":"https:\/\/www.malinashop.lt\/shop\/laiseven-drekinamasis-kuno-losjonas-su-svytejimo-efektu-radiance-body-glow-lotion-200-ml\/","name":"LAISEVEN dr\u0117kinamasis k\u016bno losjonas su \u0161vyt\u0117jimo efektu RADIANCE BODY GLOW LOTION, 200 ml - MalinaShop.lt J\u016bs\u0173 sveikatai ir gro\u017eiui.","isPartOf":{"@id":"https:\/\/www.malinashop.lt\/#website"},"primaryImageOfPage":{"@id":"https:\/\/www.malinashop.lt\/shop\/laiseven-drekinamasis-kuno-losjonas-su-svytejimo-efektu-radiance-body-glow-lotion-200-ml\/#primaryimage"},"image":{"@id":"https:\/\/www.malinashop.lt\/shop\/laiseven-drekinamasis-kuno-losjonas-su-svytejimo-efektu-radiance-body-glow-lotion-200-ml\/#primaryimage"},"thumbnailUrl":"https:\/\/www.malinashop.lt\/wp-content\/uploads\/2025\/10\/LAISEVEN-drekinamasis-kuno-losjonas-su-svytejimo-efektu-RADIANCE-BODY-GLOW-LOTION-200-ml.webp","datePublished":"2025-10-09T17:07:17+00:00","dateModified":"2026-04-08T10:26:37+00:00","description":"LAISEVEN RADIANCE BODY GLOW LOTION \u2013 dr\u0117kinamasis k\u016bno losjonas su nat\u016braliu \u0161vyt\u0117jimo efektu, suteikiantis odai \u0161velnumo ir satininio spindesio.LAISEVEN RADIANCE losjonas suteikia odai \u0161vyt\u0117jimo, dr\u0117kina ir palieka \u0161veln\u0173 satinin\u012f efekt\u0105 be riebumo.","breadcrumb":{"@id":"https:\/\/www.malinashop.lt\/shop\/laiseven-drekinamasis-kuno-losjonas-su-svytejimo-efektu-radiance-body-glow-lotion-200-ml\/#breadcrumb"},"inLanguage":"en-GB","potentialAction":[{"@type":"ReadAction","target":["https:\/\/www.malinashop.lt\/shop\/laiseven-drekinamasis-kuno-losjonas-su-svytejimo-efektu-radiance-body-glow-lotion-200-ml\/"]}]},{"@type":"ImageObject","inLanguage":"en-GB","@id":"https:\/\/www.malinashop.lt\/shop\/laiseven-drekinamasis-kuno-losjonas-su-svytejimo-efektu-radiance-body-glow-lotion-200-ml\/#primaryimage","url":"https:\/\/www.malinashop.lt\/wp-content\/uploads\/2025\/10\/LAISEVEN-drekinamasis-kuno-losjonas-su-svytejimo-efektu-RADIANCE-BODY-GLOW-LOTION-200-ml.webp","contentUrl":"https:\/\/www.malinashop.lt\/wp-content\/uploads\/2025\/10\/LAISEVEN-drekinamasis-kuno-losjonas-su-svytejimo-efektu-RADIANCE-BODY-GLOW-LOTION-200-ml.webp","width":768,"height":768},{"@type":"BreadcrumbList","@id":"https:\/\/www.malinashop.lt\/shop\/laiseven-drekinamasis-kuno-losjonas-su-svytejimo-efektu-radiance-body-glow-lotion-200-ml\/#breadcrumb","itemListElement":[{"@type":"ListItem","position":1,"name":"Pagrindinis","item":"https:\/\/www.malinashop.lt\/"},{"@type":"ListItem","position":2,"name":"Parduotuv\u0117","item":"https:\/\/www.malinashop.lt\/en\/parduotuve\/"},{"@type":"ListItem","position":3,"name":"LAISEVEN dr\u0117kinamasis k\u016bno losjonas su \u0161vyt\u0117jimo efektu RADIANCE BODY GLOW LOTION, 200 ml"}]},{"@type":"WebSite","@id":"https:\/\/www.malinashop.lt\/#website","url":"https:\/\/www.malinashop.lt\/","name":"COM Group Ecommerce","description":"MalinaShop.lt - Gro\u017eio ir sveikatos produktai i\u0161 patikim\u0173 preki\u0173 \u017eenkl\u0173. Atraskite auk\u0161tos kokyb\u0117s kosmetik\u0105 u\u017e puiki\u0105 kain\u0105.","publisher":{"@id":"https:\/\/www.malinashop.lt\/#organization"},"potentialAction":[{"@type":"SearchAction","target":{"@type":"EntryPoint","urlTemplate":"https:\/\/www.malinashop.lt\/?s={search_term_string}"},"query-input":{"@type":"PropertyValueSpecification","valueRequired":true,"valueName":"search_term_string"}}],"inLanguage":"en-GB"},{"@type":"Organization","@id":"https:\/\/www.malinashop.lt\/#organization","name":"COM Group Ecommerce","url":"https:\/\/www.malinashop.lt\/","logo":{"@type":"ImageObject","inLanguage":"en-GB","@id":"https:\/\/www.malinashop.lt\/#\/schema\/logo\/image\/","url":"https:\/\/www.malinashop.lt\/wp-content\/uploads\/2024\/08\/462559670_3787732518133670_9795632669273463_n-e1731525914575.png","contentUrl":"https:\/\/www.malinashop.lt\/wp-content\/uploads\/2024\/08\/462559670_3787732518133670_9795632669273463_n-e1731525914575.png","width":180,"height":60,"caption":"COM Group Ecommerce"},"image":{"@id":"https:\/\/www.malinashop.lt\/#\/schema\/logo\/image\/"}}]}},"jetpack_sharing_enabled":true,"_links":{"self":[{"href":"https:\/\/www.malinashop.lt\/en\/wp-json\/wp\/v2\/product\/58609","targetHints":{"allow":["GET"]}}],"collection":[{"href":"https:\/\/www.malinashop.lt\/en\/wp-json\/wp\/v2\/product"}],"about":[{"href":"https:\/\/www.malinashop.lt\/en\/wp-json\/wp\/v2\/types\/product"}],"version-history":[{"count":1,"href":"https:\/\/www.malinashop.lt\/en\/wp-json\/wp\/v2\/product\/58609\/revisions"}],"predecessor-version":[{"id":58611,"href":"https:\/\/www.malinashop.lt\/en\/wp-json\/wp\/v2\/product\/58609\/revisions\/58611"}],"wp:featuredmedia":[{"embeddable":true,"href":"https:\/\/www.malinashop.lt\/en\/wp-json\/wp\/v2\/media\/58610"}],"wp:attachment":[{"href":"https:\/\/www.malinashop.lt\/en\/wp-json\/wp\/v2\/media?parent=58609"}],"wp:term":[{"taxonomy":"product_brand","embeddable":true,"href":"https:\/\/www.malinashop.lt\/en\/wp-json\/wp\/v2\/product_brand?post=58609"},{"taxonomy":"product_cat","embeddable":true,"href":"https:\/\/www.malinashop.lt\/en\/wp-json\/wp\/v2\/product_cat?post=58609"},{"taxonomy":"product_tag","embeddable":true,"href":"https:\/\/www.malinashop.lt\/en\/wp-json\/wp\/v2\/product_tag?post=58609"}],"curies":[{"name":"wp","href":"https:\/\/api.w.org\/{rel}","templated":true}]}}