{"id":58563,"date":"2025-10-09T16:25:01","date_gmt":"2025-10-09T13:25:01","guid":{"rendered":"https:\/\/malinashop.lt\/?post_type=product&#038;p=58563"},"modified":"2026-03-18T12:43:05","modified_gmt":"2026-03-18T09:43:05","slug":"myhairvitamins-secret-detangler-brush-nr2-biologiskai-skaidus-plauku-sepetys","status":"publish","type":"product","link":"https:\/\/www.malinashop.lt\/en\/shop\/myhairvitamins-secret-detangler-brush-nr2-biologiskai-skaidus-plauku-sepetys\/","title":{"rendered":"MYHAIRVITAMINS SECRET DETANGLER BRUSH NR2 biologi\u0161kai skaidus plauk\u0173 \u0161epetys"},"content":{"rendered":"<p data-start=\"489\" data-end=\"782\">MYHAIRVITAMINS SECRET DETANGLER BRUSH NR2 biologi\u0161kai skaidus plauk\u0173 \u0161epetys sukurtas tam, kad plauk\u0173 \u0161ukavimas b\u016bt\u0173 \u0161velnus, efektyvus ir tvarus. Jo <strong data-start=\"663\" data-end=\"693\">lankst\u016bs, mink\u0161ti \u0161ereliai<\/strong> lengvai slysta per plaukus, <strong data-start=\"722\" data-end=\"750\">nepe\u0161dami ir nelau\u017eydami<\/strong> net pa\u010di\u0173 susiv\u0117lusi\u0173 sruog\u0173.<\/p>\n<p data-start=\"784\" data-end=\"1017\">\u0160epetys <strong data-start=\"792\" data-end=\"839\">puikiai tinka \u0161lapiems ir sausiems plaukams<\/strong>, tod\u0117l jis tampa nepakei\u010diamu pagalbininku tiek po plovimo, tiek kasdieniam \u0161ukavimui. <strong data-start=\"927\" data-end=\"948\">Ergonomi\u0161ka forma<\/strong> u\u017etikrina patog\u0173 laikym\u0105 rankoje ir lengv\u0105 naudojim\u0105 be nuovargio.<\/p>\n<p data-start=\"1019\" data-end=\"1225\">MYHAIRVITAMINS SECRET DETANGLER BRUSH NR2 padeda <strong data-start=\"1068\" data-end=\"1116\">ma\u017einti plauk\u0173 l\u016b\u017eim\u0105, \u0161iau\u0161im\u0105si ir tempim\u0105<\/strong>, tod\u0117l plaukai i\u0161lieka glotn\u016bs ir sveikai spindintys. Tinka vis\u0173 tip\u0173 plaukams \u2013 nuo tiesi\u0173 iki garbanot\u0173.<\/p>\n<p data-start=\"1227\" data-end=\"1487\">Dar viena i\u0161skirtin\u0117 savyb\u0117 \u2013 <strong data-start=\"1257\" data-end=\"1284\">ekologi\u0161ka konstrukcija<\/strong>. \u0160io plauk\u0173 \u0161epe\u010dio rankena pagaminta i\u0161 <strong data-start=\"1326\" data-end=\"1359\">nat\u016bralaus augalinio krakmolo<\/strong>, kuris yra <strong data-start=\"1371\" data-end=\"1394\">biologi\u0161kai skaidus<\/strong> ir visi\u0161kai suyra s\u0105vartyne per ma\u017edaug 5 metus, taip prisidedant prie aplinkos tausojimo.<\/p>\n<p data-start=\"1489\" data-end=\"1506\"><strong data-start=\"1489\" data-end=\"1504\">Naudojimas:<\/strong><\/p>\n<ol data-start=\"1507\" data-end=\"1706\">\n<li data-start=\"1507\" data-end=\"1576\">\n<p data-start=\"1510\" data-end=\"1576\">Prad\u0117kite \u0161ukuoti nuo galiuk\u0173 ir palaipsniui kilkite link \u0161akn\u0173.<\/p>\n<\/li>\n<li data-start=\"1577\" data-end=\"1643\">\n<p data-start=\"1580\" data-end=\"1643\">Naudokite \u0161velnius judesius, kad i\u0161vengtum\u0117te plauk\u0173 tempimo.<\/p>\n<\/li>\n<li data-start=\"1644\" data-end=\"1706\">\n<p data-start=\"1647\" data-end=\"1706\">Tinka tiek kasdieniam naudojimui, tiek po plauk\u0173 plovimo.<\/p>\n<\/li>\n<\/ol>\n<p data-start=\"1708\" data-end=\"1837\">MYHAIRVITAMINS SECRET DETANGLER BRUSH NR2 \u2013 tai revoliucinis \u012frankis, kuris sujungia profesionali\u0105 plauk\u0173 prie\u017ei\u016br\u0105 su tvarumu.<\/p>\n","protected":false},"excerpt":{"rendered":"<p>MYHAIRVITAMINS SECRET DETANGLER BRUSH NR2 \u2013 ekologi\u0161kas, biologi\u0161kai skaidus plauk\u0173 \u0161epetys, \u0161velniai i\u0161\u0161ukuojantis net labiausiai susiv\u0117lusius plaukus be tempimo ir l\u016b\u017eimo.<\/p>\n","protected":false},"featured_media":58564,"template":"","meta":[],"product_brand":[1305],"product_cat":[767],"product_tag":[1639],"class_list":{"0":"post-58563","1":"product","2":"type-product","3":"status-publish","4":"has-post-thumbnail","6":"product_brand-myhairvitamins","7":"product_cat-plauku-sukos","8":"product_tag-myhairvitamins","10":"first","11":"outofstock","12":"sale","13":"taxable","14":"shipping-taxable","15":"purchasable","16":"product-type-simple"},"yoast_head":"<!-- This site is optimized with the Yoast SEO plugin v27.4 - https:\/\/yoast.com\/product\/yoast-seo-wordpress\/ -->\n<title>MYHAIRVITAMINS SECRET DETANGLER BRUSH NR2 biologi\u0161kai skaidus plauk\u0173 \u0161epetys - MalinaShop.lt J\u016bs\u0173 sveikatai ir gro\u017eiui.<\/title>\n<meta name=\"description\" content=\"MYHAIRVITAMINS SECRET DETANGLER BRUSH NR2 \u2013 ekologi\u0161kas, biologi\u0161kai skaidus plauk\u0173 \u0161epetys, \u0161velniai i\u0161\u0161ukuojantis net labiausiai susiv\u0117lusius plaukus be tempimo ir l\u016b\u017eimo. Ekologi\u0161kas MYHAIRVITAMINS SECRET DETANGLER BRUSH NR2 \u2013 \u0161velnus, biologi\u0161kai skaidus \u0161epetys vis\u0173 tip\u0173 plaukams.\" \/>\n<meta name=\"robots\" content=\"index, follow, max-snippet:-1, max-image-preview:large, max-video-preview:-1\" \/>\n<link rel=\"canonical\" href=\"https:\/\/www.malinashop.lt\/en\/shop\/myhairvitamins-secret-detangler-brush-nr2-biologiskai-skaidus-plauku-sepetys\/\" \/>\n<meta property=\"og:locale\" content=\"en_GB\" \/>\n<meta property=\"og:type\" content=\"article\" \/>\n<meta property=\"og:title\" content=\"MYHAIRVITAMINS SECRET DETANGLER BRUSH NR2 biologi\u0161kai skaidus plauk\u0173 \u0161epetys - MalinaShop.lt J\u016bs\u0173 sveikatai ir gro\u017eiui.\" \/>\n<meta property=\"og:description\" content=\"MYHAIRVITAMINS SECRET DETANGLER BRUSH NR2 \u2013 ekologi\u0161kas, biologi\u0161kai skaidus plauk\u0173 \u0161epetys, \u0161velniai i\u0161\u0161ukuojantis net labiausiai susiv\u0117lusius plaukus be tempimo ir l\u016b\u017eimo. Ekologi\u0161kas MYHAIRVITAMINS SECRET DETANGLER BRUSH NR2 \u2013 \u0161velnus, biologi\u0161kai skaidus \u0161epetys vis\u0173 tip\u0173 plaukams.\" \/>\n<meta property=\"og:url\" content=\"https:\/\/www.malinashop.lt\/en\/shop\/myhairvitamins-secret-detangler-brush-nr2-biologiskai-skaidus-plauku-sepetys\/\" \/>\n<meta property=\"og:site_name\" content=\"MalinaShop.lt J\u016bs\u0173 sveikatai ir gro\u017eiui.\" \/>\n<meta property=\"article:modified_time\" content=\"2026-03-18T09:43:05+00:00\" \/>\n<meta property=\"og:image\" content=\"https:\/\/www.malinashop.lt\/wp-content\/uploads\/2025\/10\/MYHAIRVITAMINS-SECRET-DETANGLER-BRUSH-NR2-biologiskai-skaidus-plauku-sepetys.webp\" \/>\n\t<meta property=\"og:image:width\" content=\"768\" \/>\n\t<meta property=\"og:image:height\" content=\"768\" \/>\n\t<meta property=\"og:image:type\" content=\"image\/webp\" \/>\n<meta name=\"twitter:card\" content=\"summary_large_image\" \/>\n<script type=\"application\/ld+json\" class=\"yoast-schema-graph\">{\"@context\":\"https:\\\/\\\/schema.org\",\"@graph\":[{\"@type\":\"WebPage\",\"@id\":\"https:\\\/\\\/www.malinashop.lt\\\/en\\\/shop\\\/myhairvitamins-secret-detangler-brush-nr2-biologiskai-skaidus-plauku-sepetys\\\/\",\"url\":\"https:\\\/\\\/www.malinashop.lt\\\/en\\\/shop\\\/myhairvitamins-secret-detangler-brush-nr2-biologiskai-skaidus-plauku-sepetys\\\/\",\"name\":\"MYHAIRVITAMINS SECRET DETANGLER BRUSH NR2 biologi\u0161kai skaidus plauk\u0173 \u0161epetys - MalinaShop.lt J\u016bs\u0173 sveikatai ir gro\u017eiui.\",\"isPartOf\":{\"@id\":\"https:\\\/\\\/www.malinashop.lt\\\/en\\\/#website\"},\"primaryImageOfPage\":{\"@id\":\"https:\\\/\\\/www.malinashop.lt\\\/en\\\/shop\\\/myhairvitamins-secret-detangler-brush-nr2-biologiskai-skaidus-plauku-sepetys\\\/#primaryimage\"},\"image\":{\"@id\":\"https:\\\/\\\/www.malinashop.lt\\\/en\\\/shop\\\/myhairvitamins-secret-detangler-brush-nr2-biologiskai-skaidus-plauku-sepetys\\\/#primaryimage\"},\"thumbnailUrl\":\"https:\\\/\\\/www.malinashop.lt\\\/wp-content\\\/uploads\\\/2025\\\/10\\\/MYHAIRVITAMINS-SECRET-DETANGLER-BRUSH-NR2-biologiskai-skaidus-plauku-sepetys.webp\",\"datePublished\":\"2025-10-09T13:25:01+00:00\",\"dateModified\":\"2026-03-18T09:43:05+00:00\",\"description\":\"MYHAIRVITAMINS SECRET DETANGLER BRUSH NR2 \u2013 ekologi\u0161kas, biologi\u0161kai skaidus plauk\u0173 \u0161epetys, \u0161velniai i\u0161\u0161ukuojantis net labiausiai susiv\u0117lusius plaukus be tempimo ir l\u016b\u017eimo. Ekologi\u0161kas MYHAIRVITAMINS SECRET DETANGLER BRUSH NR2 \u2013 \u0161velnus, biologi\u0161kai skaidus \u0161epetys vis\u0173 tip\u0173 plaukams.\",\"breadcrumb\":{\"@id\":\"https:\\\/\\\/www.malinashop.lt\\\/en\\\/shop\\\/myhairvitamins-secret-detangler-brush-nr2-biologiskai-skaidus-plauku-sepetys\\\/#breadcrumb\"},\"inLanguage\":\"en-GB\",\"potentialAction\":[{\"@type\":\"ReadAction\",\"target\":[\"https:\\\/\\\/www.malinashop.lt\\\/en\\\/shop\\\/myhairvitamins-secret-detangler-brush-nr2-biologiskai-skaidus-plauku-sepetys\\\/\"]}]},{\"@type\":\"ImageObject\",\"inLanguage\":\"en-GB\",\"@id\":\"https:\\\/\\\/www.malinashop.lt\\\/en\\\/shop\\\/myhairvitamins-secret-detangler-brush-nr2-biologiskai-skaidus-plauku-sepetys\\\/#primaryimage\",\"url\":\"https:\\\/\\\/www.malinashop.lt\\\/wp-content\\\/uploads\\\/2025\\\/10\\\/MYHAIRVITAMINS-SECRET-DETANGLER-BRUSH-NR2-biologiskai-skaidus-plauku-sepetys.webp\",\"contentUrl\":\"https:\\\/\\\/www.malinashop.lt\\\/wp-content\\\/uploads\\\/2025\\\/10\\\/MYHAIRVITAMINS-SECRET-DETANGLER-BRUSH-NR2-biologiskai-skaidus-plauku-sepetys.webp\",\"width\":768,\"height\":768},{\"@type\":\"BreadcrumbList\",\"@id\":\"https:\\\/\\\/www.malinashop.lt\\\/en\\\/shop\\\/myhairvitamins-secret-detangler-brush-nr2-biologiskai-skaidus-plauku-sepetys\\\/#breadcrumb\",\"itemListElement\":[{\"@type\":\"ListItem\",\"position\":1,\"name\":\"Home\",\"item\":\"https:\\\/\\\/www.malinashop.lt\\\/en\\\/\"},{\"@type\":\"ListItem\",\"position\":2,\"name\":\"Parduotuv\u0117\",\"item\":\"https:\\\/\\\/www.malinashop.lt\\\/en\\\/parduotuve\\\/\"},{\"@type\":\"ListItem\",\"position\":3,\"name\":\"MYHAIRVITAMINS SECRET DETANGLER BRUSH NR2 biologi\u0161kai skaidus plauk\u0173 \u0161epetys\"}]},{\"@type\":\"WebSite\",\"@id\":\"https:\\\/\\\/www.malinashop.lt\\\/en\\\/#website\",\"url\":\"https:\\\/\\\/www.malinashop.lt\\\/en\\\/\",\"name\":\"COM Group Ecommerce\",\"description\":\"MalinaShop.lt - Gro\u017eio ir sveikatos produktai i\u0161 patikim\u0173 preki\u0173 \u017eenkl\u0173. Atraskite auk\u0161tos kokyb\u0117s kosmetik\u0105 u\u017e puiki\u0105 kain\u0105.\",\"publisher\":{\"@id\":\"https:\\\/\\\/www.malinashop.lt\\\/en\\\/#organization\"},\"potentialAction\":[{\"@type\":\"SearchAction\",\"target\":{\"@type\":\"EntryPoint\",\"urlTemplate\":\"https:\\\/\\\/www.malinashop.lt\\\/en\\\/?s={search_term_string}\"},\"query-input\":{\"@type\":\"PropertyValueSpecification\",\"valueRequired\":true,\"valueName\":\"search_term_string\"}}],\"inLanguage\":\"en-GB\"},{\"@type\":\"Organization\",\"@id\":\"https:\\\/\\\/www.malinashop.lt\\\/en\\\/#organization\",\"name\":\"COM Group Ecommerce\",\"url\":\"https:\\\/\\\/www.malinashop.lt\\\/en\\\/\",\"logo\":{\"@type\":\"ImageObject\",\"inLanguage\":\"en-GB\",\"@id\":\"https:\\\/\\\/www.malinashop.lt\\\/en\\\/#\\\/schema\\\/logo\\\/image\\\/\",\"url\":\"https:\\\/\\\/www.malinashop.lt\\\/wp-content\\\/uploads\\\/2024\\\/08\\\/462559670_3787732518133670_9795632669273463_n-e1731525914575.png\",\"contentUrl\":\"https:\\\/\\\/www.malinashop.lt\\\/wp-content\\\/uploads\\\/2024\\\/08\\\/462559670_3787732518133670_9795632669273463_n-e1731525914575.png\",\"width\":180,\"height\":60,\"caption\":\"COM Group Ecommerce\"},\"image\":{\"@id\":\"https:\\\/\\\/www.malinashop.lt\\\/en\\\/#\\\/schema\\\/logo\\\/image\\\/\"}}]}<\/script>\n<!-- \/ Yoast SEO plugin. -->","yoast_head_json":{"title":"MYHAIRVITAMINS SECRET DETANGLER BRUSH NR2 biologi\u0161kai skaidus plauk\u0173 \u0161epetys - MalinaShop.lt J\u016bs\u0173 sveikatai ir gro\u017eiui.","description":"MYHAIRVITAMINS SECRET DETANGLER BRUSH NR2 \u2013 ekologi\u0161kas, biologi\u0161kai skaidus plauk\u0173 \u0161epetys, \u0161velniai i\u0161\u0161ukuojantis net labiausiai susiv\u0117lusius plaukus be tempimo ir l\u016b\u017eimo. Ekologi\u0161kas MYHAIRVITAMINS SECRET DETANGLER BRUSH NR2 \u2013 \u0161velnus, biologi\u0161kai skaidus \u0161epetys vis\u0173 tip\u0173 plaukams.","robots":{"index":"index","follow":"follow","max-snippet":"max-snippet:-1","max-image-preview":"max-image-preview:large","max-video-preview":"max-video-preview:-1"},"canonical":"https:\/\/www.malinashop.lt\/en\/shop\/myhairvitamins-secret-detangler-brush-nr2-biologiskai-skaidus-plauku-sepetys\/","og_locale":"en_GB","og_type":"article","og_title":"MYHAIRVITAMINS SECRET DETANGLER BRUSH NR2 biologi\u0161kai skaidus plauk\u0173 \u0161epetys - MalinaShop.lt J\u016bs\u0173 sveikatai ir gro\u017eiui.","og_description":"MYHAIRVITAMINS SECRET DETANGLER BRUSH NR2 \u2013 ekologi\u0161kas, biologi\u0161kai skaidus plauk\u0173 \u0161epetys, \u0161velniai i\u0161\u0161ukuojantis net labiausiai susiv\u0117lusius plaukus be tempimo ir l\u016b\u017eimo. Ekologi\u0161kas MYHAIRVITAMINS SECRET DETANGLER BRUSH NR2 \u2013 \u0161velnus, biologi\u0161kai skaidus \u0161epetys vis\u0173 tip\u0173 plaukams.","og_url":"https:\/\/www.malinashop.lt\/en\/shop\/myhairvitamins-secret-detangler-brush-nr2-biologiskai-skaidus-plauku-sepetys\/","og_site_name":"MalinaShop.lt J\u016bs\u0173 sveikatai ir gro\u017eiui.","article_modified_time":"2026-03-18T09:43:05+00:00","og_image":[{"width":768,"height":768,"url":"https:\/\/www.malinashop.lt\/wp-content\/uploads\/2025\/10\/MYHAIRVITAMINS-SECRET-DETANGLER-BRUSH-NR2-biologiskai-skaidus-plauku-sepetys.webp","type":"image\/webp"}],"twitter_card":"summary_large_image","schema":{"@context":"https:\/\/schema.org","@graph":[{"@type":"WebPage","@id":"https:\/\/www.malinashop.lt\/en\/shop\/myhairvitamins-secret-detangler-brush-nr2-biologiskai-skaidus-plauku-sepetys\/","url":"https:\/\/www.malinashop.lt\/en\/shop\/myhairvitamins-secret-detangler-brush-nr2-biologiskai-skaidus-plauku-sepetys\/","name":"MYHAIRVITAMINS SECRET DETANGLER BRUSH NR2 biologi\u0161kai skaidus plauk\u0173 \u0161epetys - MalinaShop.lt J\u016bs\u0173 sveikatai ir gro\u017eiui.","isPartOf":{"@id":"https:\/\/www.malinashop.lt\/en\/#website"},"primaryImageOfPage":{"@id":"https:\/\/www.malinashop.lt\/en\/shop\/myhairvitamins-secret-detangler-brush-nr2-biologiskai-skaidus-plauku-sepetys\/#primaryimage"},"image":{"@id":"https:\/\/www.malinashop.lt\/en\/shop\/myhairvitamins-secret-detangler-brush-nr2-biologiskai-skaidus-plauku-sepetys\/#primaryimage"},"thumbnailUrl":"https:\/\/www.malinashop.lt\/wp-content\/uploads\/2025\/10\/MYHAIRVITAMINS-SECRET-DETANGLER-BRUSH-NR2-biologiskai-skaidus-plauku-sepetys.webp","datePublished":"2025-10-09T13:25:01+00:00","dateModified":"2026-03-18T09:43:05+00:00","description":"MYHAIRVITAMINS SECRET DETANGLER BRUSH NR2 \u2013 ekologi\u0161kas, biologi\u0161kai skaidus plauk\u0173 \u0161epetys, \u0161velniai i\u0161\u0161ukuojantis net labiausiai susiv\u0117lusius plaukus be tempimo ir l\u016b\u017eimo. Ekologi\u0161kas MYHAIRVITAMINS SECRET DETANGLER BRUSH NR2 \u2013 \u0161velnus, biologi\u0161kai skaidus \u0161epetys vis\u0173 tip\u0173 plaukams.","breadcrumb":{"@id":"https:\/\/www.malinashop.lt\/en\/shop\/myhairvitamins-secret-detangler-brush-nr2-biologiskai-skaidus-plauku-sepetys\/#breadcrumb"},"inLanguage":"en-GB","potentialAction":[{"@type":"ReadAction","target":["https:\/\/www.malinashop.lt\/en\/shop\/myhairvitamins-secret-detangler-brush-nr2-biologiskai-skaidus-plauku-sepetys\/"]}]},{"@type":"ImageObject","inLanguage":"en-GB","@id":"https:\/\/www.malinashop.lt\/en\/shop\/myhairvitamins-secret-detangler-brush-nr2-biologiskai-skaidus-plauku-sepetys\/#primaryimage","url":"https:\/\/www.malinashop.lt\/wp-content\/uploads\/2025\/10\/MYHAIRVITAMINS-SECRET-DETANGLER-BRUSH-NR2-biologiskai-skaidus-plauku-sepetys.webp","contentUrl":"https:\/\/www.malinashop.lt\/wp-content\/uploads\/2025\/10\/MYHAIRVITAMINS-SECRET-DETANGLER-BRUSH-NR2-biologiskai-skaidus-plauku-sepetys.webp","width":768,"height":768},{"@type":"BreadcrumbList","@id":"https:\/\/www.malinashop.lt\/en\/shop\/myhairvitamins-secret-detangler-brush-nr2-biologiskai-skaidus-plauku-sepetys\/#breadcrumb","itemListElement":[{"@type":"ListItem","position":1,"name":"Home","item":"https:\/\/www.malinashop.lt\/en\/"},{"@type":"ListItem","position":2,"name":"Parduotuv\u0117","item":"https:\/\/www.malinashop.lt\/en\/parduotuve\/"},{"@type":"ListItem","position":3,"name":"MYHAIRVITAMINS SECRET DETANGLER BRUSH NR2 biologi\u0161kai skaidus plauk\u0173 \u0161epetys"}]},{"@type":"WebSite","@id":"https:\/\/www.malinashop.lt\/en\/#website","url":"https:\/\/www.malinashop.lt\/en\/","name":"COM Group Ecommerce","description":"MalinaShop.lt - Gro\u017eio ir sveikatos produktai i\u0161 patikim\u0173 preki\u0173 \u017eenkl\u0173. Atraskite auk\u0161tos kokyb\u0117s kosmetik\u0105 u\u017e puiki\u0105 kain\u0105.","publisher":{"@id":"https:\/\/www.malinashop.lt\/en\/#organization"},"potentialAction":[{"@type":"SearchAction","target":{"@type":"EntryPoint","urlTemplate":"https:\/\/www.malinashop.lt\/en\/?s={search_term_string}"},"query-input":{"@type":"PropertyValueSpecification","valueRequired":true,"valueName":"search_term_string"}}],"inLanguage":"en-GB"},{"@type":"Organization","@id":"https:\/\/www.malinashop.lt\/en\/#organization","name":"COM Group Ecommerce","url":"https:\/\/www.malinashop.lt\/en\/","logo":{"@type":"ImageObject","inLanguage":"en-GB","@id":"https:\/\/www.malinashop.lt\/en\/#\/schema\/logo\/image\/","url":"https:\/\/www.malinashop.lt\/wp-content\/uploads\/2024\/08\/462559670_3787732518133670_9795632669273463_n-e1731525914575.png","contentUrl":"https:\/\/www.malinashop.lt\/wp-content\/uploads\/2024\/08\/462559670_3787732518133670_9795632669273463_n-e1731525914575.png","width":180,"height":60,"caption":"COM Group Ecommerce"},"image":{"@id":"https:\/\/www.malinashop.lt\/en\/#\/schema\/logo\/image\/"}}]}},"jetpack_sharing_enabled":true,"_links":{"self":[{"href":"https:\/\/www.malinashop.lt\/en\/wp-json\/wp\/v2\/product\/58563","targetHints":{"allow":["GET"]}}],"collection":[{"href":"https:\/\/www.malinashop.lt\/en\/wp-json\/wp\/v2\/product"}],"about":[{"href":"https:\/\/www.malinashop.lt\/en\/wp-json\/wp\/v2\/types\/product"}],"version-history":[{"count":1,"href":"https:\/\/www.malinashop.lt\/en\/wp-json\/wp\/v2\/product\/58563\/revisions"}],"predecessor-version":[{"id":58565,"href":"https:\/\/www.malinashop.lt\/en\/wp-json\/wp\/v2\/product\/58563\/revisions\/58565"}],"wp:featuredmedia":[{"embeddable":true,"href":"https:\/\/www.malinashop.lt\/en\/wp-json\/wp\/v2\/media\/58564"}],"wp:attachment":[{"href":"https:\/\/www.malinashop.lt\/en\/wp-json\/wp\/v2\/media?parent=58563"}],"wp:term":[{"taxonomy":"product_brand","embeddable":true,"href":"https:\/\/www.malinashop.lt\/en\/wp-json\/wp\/v2\/product_brand?post=58563"},{"taxonomy":"product_cat","embeddable":true,"href":"https:\/\/www.malinashop.lt\/en\/wp-json\/wp\/v2\/product_cat?post=58563"},{"taxonomy":"product_tag","embeddable":true,"href":"https:\/\/www.malinashop.lt\/en\/wp-json\/wp\/v2\/product_tag?post=58563"}],"curies":[{"name":"wp","href":"https:\/\/api.w.org\/{rel}","templated":true}]}}