{"id":58371,"date":"2025-10-29T09:08:50","date_gmt":"2025-10-29T06:08:50","guid":{"rendered":"https:\/\/malinashop.lt\/?post_type=product&#038;p=58371"},"modified":"2026-04-14T09:07:49","modified_gmt":"2026-04-14T06:07:49","slug":"roomoi-namu-kvapu-rinkinys-vin-noble-su-difuzoriumi-ir-purskiamu-kvapu-200ml-100ml","status":"publish","type":"product","link":"https:\/\/www.malinashop.lt\/en\/shop\/roomoi-namu-kvapu-rinkinys-vin-noble-su-difuzoriumi-ir-purskiamu-kvapu-200ml-100ml\/","title":{"rendered":"ROOMOI nam\u0173 kvap\u0173 rinkinys VIN NOBLE su difuzoriumi ir pur\u0161kiamu kvapu, 200ml + 100ml"},"content":{"rendered":"<p data-start=\"327\" data-end=\"635\"><strong data-start=\"327\" data-end=\"347\">ROOMOI Vin Noble<\/strong> \u2013 tai <strong data-start=\"354\" data-end=\"389\">i\u0161skirtinis nam\u0173 kvap\u0173 rinkinys<\/strong>, sukurtas tiems, kurie vertina rafinuot\u0105 aromat\u0105 ir eleganti\u0161k\u0105 dizain\u0105. Kvapas primena <strong data-start=\"478\" data-end=\"499\">\u017eydint\u012f vynuogyn\u0105<\/strong>, kuriame persipina <strong data-start=\"519\" data-end=\"572\">sulting\u0173 vaisi\u0173, \u0161velni\u0173 g\u0117li\u0173 ir \u0161iltos medienos<\/strong> natos, sukurian\u010dios harmoning\u0105, jauk\u0173 ir gurmani\u0161k\u0105 aromat\u0105.<\/p>\n<p data-start=\"637\" data-end=\"870\">Kvapo prad\u017eioje atsiveria <strong data-start=\"663\" data-end=\"700\">apelsino, na\u0161lait\u0117s ir magnolijos<\/strong> gaiva, kuri perauga \u012f <strong data-start=\"723\" data-end=\"749\">slyv\u0173, bra\u0161ki\u0173 ir uog\u0173<\/strong> saldum\u0105. Aromato pagrind\u0105 sustiprina <strong data-start=\"787\" data-end=\"815\">sausos medienos ir ber\u017eo<\/strong> tonai, suteikiantys ilgaam\u017ei\u0161kumo ir \u0161ilumos poj\u016bt\u012f.<\/p>\n<p data-start=\"872\" data-end=\"1031\"><strong data-start=\"872\" data-end=\"892\">ROOMOI Vin Noble<\/strong> sukuria atmosfer\u0105, kurioje dera <strong data-start=\"925\" data-end=\"963\">prabanga, jaukumas ir rafinuotumas<\/strong>, tod\u0117l \u0161is rinkinys \u2013 puikus pasirinkimas tiek sau, tiek dovanai.<\/p>\n<hr data-start=\"1033\" data-end=\"1036\" \/>\n<h4><strong data-start=\"1042\" data-end=\"1058\">Kvapo natos:<\/strong><\/h4>\n<ul data-start=\"1061\" data-end=\"1190\">\n<li data-start=\"1061\" data-end=\"1111\">\n<p data-start=\"1063\" data-end=\"1111\"><strong data-start=\"1063\" data-end=\"1078\">Vir\u0161utin\u0117s:<\/strong> apelsinas, na\u0161lait\u0117, magnolija<\/p>\n<\/li>\n<li data-start=\"1112\" data-end=\"1151\">\n<p data-start=\"1114\" data-end=\"1151\"><strong data-start=\"1114\" data-end=\"1128\">Vidurin\u0117s:<\/strong> slyva, bra\u0161k\u0117, uogos<\/p>\n<\/li>\n<li data-start=\"1152\" data-end=\"1190\">\n<p data-start=\"1154\" data-end=\"1190\"><strong data-start=\"1154\" data-end=\"1166\">Bazin\u0117s:<\/strong> sausa mediena, ber\u017eas<\/p>\n<\/li>\n<\/ul>\n<hr data-start=\"1192\" data-end=\"1195\" \/>\n<h4 data-start=\"1197\" data-end=\"1224\"><strong data-start=\"1201\" data-end=\"1222\">Rinkinio sud\u0117tis:<\/strong><\/h4>\n<ul data-start=\"1225\" data-end=\"1325\">\n<li data-start=\"1225\" data-end=\"1261\">\n<p data-start=\"1227\" data-end=\"1261\">Nam\u0173 kvap\u0173 difuzorius <strong data-start=\"1249\" data-end=\"1259\">200 ml<\/strong><\/p>\n<\/li>\n<li data-start=\"1262\" data-end=\"1294\">\n<p data-start=\"1264\" data-end=\"1294\">Pur\u0161kiamas kvapas <strong data-start=\"1282\" data-end=\"1292\">100 ml<\/strong><\/p>\n<\/li>\n<li data-start=\"1295\" data-end=\"1325\">\n<p data-start=\"1297\" data-end=\"1325\">Ekologi\u0161kos kvap\u0173 lazdel\u0117s<\/p>\n<\/li>\n<\/ul>\n<hr data-start=\"1327\" data-end=\"1330\" \/>\n<h4><strong data-start=\"1336\" data-end=\"1350\">Apra\u0161ymas:<\/strong><\/h4>\n<p data-start=\"1353\" data-end=\"1625\">Stilingi <strong data-start=\"1362\" data-end=\"1397\">juodo d\u016bminio stiklo buteliukai<\/strong> suteikia namams i\u0161skirtin\u0117s elegancijos ir tampa subtilia <strong data-start=\"1456\" data-end=\"1476\">interjero detale<\/strong>. Kvapas skleid\u017eiasi palaipsniui, u\u017epildydamas erdv\u0119 \u0161iluma ir ramybe, o pur\u0161kiam\u0105 kvap\u0105 galima naudoti tiek <strong data-start=\"1585\" data-end=\"1622\">namuose, biure, tiek automobilyje<\/strong>.<\/p>\n<p data-start=\"1627\" data-end=\"1889\"><strong data-start=\"1627\" data-end=\"1649\">ROOMOI nam\u0173 kvapai<\/strong> gaminami <strong data-start=\"1659\" data-end=\"1672\">Italijoje<\/strong>, naudojant auk\u0161tos kokyb\u0117s ingredientus, tod\u0117l i\u0161siskiria <strong data-start=\"1731\" data-end=\"1775\">ilgalaikiu aromatu ir rafinuota estetika<\/strong>. Supakuota \u012f <strong data-start=\"1789\" data-end=\"1818\">prabangi\u0105 dovanin\u0119 d\u0117\u017eut\u0119<\/strong> \u2013 idealus pasirinkimas tiems, kurie vertina gro\u017e\u012f, kokyb\u0119 ir stili\u0173.<\/p>\n<h4 data-path-to-node=\"2\"><b data-path-to-node=\"2\" data-index-in-node=\"0\">Naudojimas ir savyb\u0117s<\/b><\/h4>\n<p data-path-to-node=\"3\"><b data-path-to-node=\"3\" data-index-in-node=\"0\">ROOMOI<\/b> nam\u0173 kvapai sukurti tam, kad skleist\u0173si tolygiai ir i\u0161likt\u0173 ilgai. Intensyvi kvap\u0173 kompozicija suteikia \u0161velnios prabangos poj\u016bt\u012f, o kruop\u0161\u010diai parinktos natos paver\u010dia aromat\u0105 ramiu, ta\u010diau nepaprastai sodriu. Pagamintas Italijoje, \u0161is kvapas pasi\u017eymi auk\u0161\u010diausia kokybe, aromato stabilumu ir ilgaam\u017ei\u0161kumu, tod\u0117l j\u016bs\u0173 namai visada skleis i\u0161skirtin\u0119 \u0161ilum\u0105 ir elegancij\u0105.<\/p>\n<p data-path-to-node=\"4\"><b data-path-to-node=\"4\" data-index-in-node=\"0\">I\u0161laikymas ir praktiniai patarimai:<\/b> Gamintojas nurodo, kad <b data-path-to-node=\"4\" data-index-in-node=\"59\">500 ml<\/b> talpos difuzorius vidutini\u0161kai tarnauja <b data-path-to-node=\"4\" data-index-in-node=\"106\">3\u20134 m\u0117nesius<\/b>. Ta\u010diau svarbu atkreipti d\u0117mes\u012f, kad kvapas gali i\u0161garuoti grei\u010diau d\u0117l \u0161i\u0173 prie\u017eas\u010di\u0173:<\/p>\n<ul data-path-to-node=\"5\">\n<li>\n<p data-path-to-node=\"5,0,0\"><b data-path-to-node=\"5,0,0\" data-index-in-node=\"0\">Patalpos dydis:<\/b> Didesn\u0117je erdv\u0117je skystis garuoja intensyviau.<\/p>\n<\/li>\n<li>\n<p data-path-to-node=\"5,1,0\"><b data-path-to-node=\"5,1,0\" data-index-in-node=\"0\">Aplinkos veiksniai:<\/b> Tiesioginiai saul\u0117s spinduliai, dr\u0117gm\u0117, skersv\u0117jis ar \u0161alia esantys \u0161ilumos \u0161altiniai pagreitina garavimo proces\u0105.<\/p>\n<\/li>\n<li>\n<p data-path-to-node=\"5,2,0\"><b data-path-to-node=\"5,2,0\" data-index-in-node=\"0\">Lazdeli\u0173 kiekis:<\/b> Kuo daugiau lazdeli\u0173 naudojate, tuo intensyviau sklis kvapas, ta\u010diau skystis i\u0161garuos grei\u010diau.<\/p>\n<\/li>\n<\/ul>\n<p data-path-to-node=\"6\"><b data-path-to-node=\"6\" data-index-in-node=\"0\">Svarbi informacija d\u0117l nauj\u0173 rinkini\u0173:<\/b> Atkreipiame d\u0117mes\u012f, kad naujuose rinkiniuose (<b data-path-to-node=\"6\" data-index-in-node=\"85\">500 ml + 200 ml<\/b> bei <b data-path-to-node=\"6\" data-index-in-node=\"105\">200 ml + 100 ml<\/b>) naudojamos <b data-path-to-node=\"6\" data-index-in-node=\"133\">atnaujinto tipo lazdel\u0117s<\/b>. Jos pasi\u017eymi dar efektyvesne sklaida, tod\u0117l rekomenduojame <b data-path-to-node=\"6\" data-index-in-node=\"218\">naudoti ma\u017eesn\u012f kiek\u012f lazdeli\u0173<\/b>. Reguliuodami j\u0173 kiek\u012f, lengvai rasite ideal\u0173 balans\u0105 tarp norimo aromato stiprumo ir produkto ilgaam\u017ei\u0161kumo.<\/p>\n","protected":false},"excerpt":{"rendered":"<p><strong data-start=\"109\" data-end=\"129\">ROOMOI Vin Noble<\/strong> \u2013 eleganti\u0161kas nam\u0173 kvap\u0173 rinkinys su difuzoriumi ir pur\u0161kiamu aromatu, primenan\u010diu \u017eydint\u012f vynuogyn\u0105. \u0160ilti, sultingi tonai pripildo namus jaukumo ir prabangos.<\/p>\n","protected":false},"featured_media":58372,"template":"","meta":[],"product_brand":[552],"product_cat":[1137,1140,573,1395],"product_tag":[1153],"class_list":{"0":"post-58371","1":"product","2":"type-product","3":"status-publish","4":"has-post-thumbnail","6":"product_brand-roomoi","7":"product_cat-dovanos","8":"product_cat-namu-kvapai","9":"product_cat-namu-kvapai-2","10":"product_cat-rinkiniai","11":"product_tag-roomoi","13":"first","14":"instock","15":"sale","16":"taxable","17":"shipping-taxable","18":"purchasable","19":"product-type-simple"},"yoast_head":"<!-- This site is optimized with the Yoast SEO plugin v27.4 - https:\/\/yoast.com\/product\/yoast-seo-wordpress\/ -->\n<title>ROOMOI nam\u0173 kvap\u0173 rinkinys VIN NOBLE su difuzoriumi ir pur\u0161kiamu kvapu, 200ml + 100ml - MalinaShop.lt J\u016bs\u0173 sveikatai ir gro\u017eiui.<\/title>\n<meta name=\"description\" content=\"ROOMOI Vin Noble \u2013 prabangus vynuogyno aromato rinkinys su difuzoriumi ir pur\u0161kiamu kvapu. Elegancija, \u0161iluma ir ilgaam\u017eis kvapas J\u016bs\u0173 namams.\" \/>\n<meta name=\"robots\" content=\"index, follow, max-snippet:-1, max-image-preview:large, max-video-preview:-1\" \/>\n<link rel=\"canonical\" href=\"https:\/\/www.malinashop.lt\/en\/shop\/roomoi-namu-kvapu-rinkinys-vin-noble-su-difuzoriumi-ir-purskiamu-kvapu-200ml-100ml\/\" \/>\n<meta property=\"og:locale\" content=\"en_GB\" \/>\n<meta property=\"og:type\" content=\"article\" \/>\n<meta property=\"og:title\" content=\"ROOMOI nam\u0173 kvap\u0173 rinkinys VIN NOBLE su difuzoriumi ir pur\u0161kiamu kvapu, 200ml + 100ml - MalinaShop.lt J\u016bs\u0173 sveikatai ir gro\u017eiui.\" \/>\n<meta property=\"og:description\" content=\"ROOMOI Vin Noble \u2013 prabangus vynuogyno aromato rinkinys su difuzoriumi ir pur\u0161kiamu kvapu. Elegancija, \u0161iluma ir ilgaam\u017eis kvapas J\u016bs\u0173 namams.\" \/>\n<meta property=\"og:url\" content=\"https:\/\/www.malinashop.lt\/en\/shop\/roomoi-namu-kvapu-rinkinys-vin-noble-su-difuzoriumi-ir-purskiamu-kvapu-200ml-100ml\/\" \/>\n<meta property=\"og:site_name\" content=\"MalinaShop.lt J\u016bs\u0173 sveikatai ir gro\u017eiui.\" \/>\n<meta property=\"article:modified_time\" content=\"2026-04-14T06:07:49+00:00\" \/>\n<meta property=\"og:image\" content=\"https:\/\/www.malinashop.lt\/wp-content\/uploads\/2025\/10\/ROOMOI-namu-kvapu-rinkinys-VIN-NOBLE-su-difuzoriumi-ir-purskiamu-kvapu-200ml-100ml.webp\" \/>\n\t<meta property=\"og:image:width\" content=\"768\" \/>\n\t<meta property=\"og:image:height\" content=\"768\" \/>\n\t<meta property=\"og:image:type\" content=\"image\/webp\" \/>\n<meta name=\"twitter:card\" content=\"summary_large_image\" \/>\n<script type=\"application\/ld+json\" class=\"yoast-schema-graph\">{\"@context\":\"https:\\\/\\\/schema.org\",\"@graph\":[{\"@type\":\"WebPage\",\"@id\":\"https:\\\/\\\/www.malinashop.lt\\\/lt_lt\\\/shop\\\/roomoi-namu-kvapu-rinkinys-vin-noble-su-difuzoriumi-ir-purskiamu-kvapu-200ml-100ml\\\/\",\"url\":\"https:\\\/\\\/www.malinashop.lt\\\/lt_lt\\\/shop\\\/roomoi-namu-kvapu-rinkinys-vin-noble-su-difuzoriumi-ir-purskiamu-kvapu-200ml-100ml\\\/\",\"name\":\"ROOMOI nam\u0173 kvap\u0173 rinkinys VIN NOBLE su difuzoriumi ir pur\u0161kiamu kvapu, 200ml + 100ml - MalinaShop.lt J\u016bs\u0173 sveikatai ir gro\u017eiui.\",\"isPartOf\":{\"@id\":\"https:\\\/\\\/www.malinashop.lt\\\/en\\\/#website\"},\"primaryImageOfPage\":{\"@id\":\"https:\\\/\\\/www.malinashop.lt\\\/lt_lt\\\/shop\\\/roomoi-namu-kvapu-rinkinys-vin-noble-su-difuzoriumi-ir-purskiamu-kvapu-200ml-100ml\\\/#primaryimage\"},\"image\":{\"@id\":\"https:\\\/\\\/www.malinashop.lt\\\/lt_lt\\\/shop\\\/roomoi-namu-kvapu-rinkinys-vin-noble-su-difuzoriumi-ir-purskiamu-kvapu-200ml-100ml\\\/#primaryimage\"},\"thumbnailUrl\":\"https:\\\/\\\/www.malinashop.lt\\\/wp-content\\\/uploads\\\/2025\\\/10\\\/ROOMOI-namu-kvapu-rinkinys-VIN-NOBLE-su-difuzoriumi-ir-purskiamu-kvapu-200ml-100ml.webp\",\"datePublished\":\"2025-10-29T06:08:50+00:00\",\"dateModified\":\"2026-04-14T06:07:49+00:00\",\"description\":\"ROOMOI Vin Noble \u2013 prabangus vynuogyno aromato rinkinys su difuzoriumi ir pur\u0161kiamu kvapu. Elegancija, \u0161iluma ir ilgaam\u017eis kvapas J\u016bs\u0173 namams.\",\"breadcrumb\":{\"@id\":\"https:\\\/\\\/www.malinashop.lt\\\/lt_lt\\\/shop\\\/roomoi-namu-kvapu-rinkinys-vin-noble-su-difuzoriumi-ir-purskiamu-kvapu-200ml-100ml\\\/#breadcrumb\"},\"inLanguage\":\"en-GB\",\"potentialAction\":[{\"@type\":\"ReadAction\",\"target\":[\"https:\\\/\\\/www.malinashop.lt\\\/lt_lt\\\/shop\\\/roomoi-namu-kvapu-rinkinys-vin-noble-su-difuzoriumi-ir-purskiamu-kvapu-200ml-100ml\\\/\"]}]},{\"@type\":\"ImageObject\",\"inLanguage\":\"en-GB\",\"@id\":\"https:\\\/\\\/www.malinashop.lt\\\/lt_lt\\\/shop\\\/roomoi-namu-kvapu-rinkinys-vin-noble-su-difuzoriumi-ir-purskiamu-kvapu-200ml-100ml\\\/#primaryimage\",\"url\":\"https:\\\/\\\/www.malinashop.lt\\\/wp-content\\\/uploads\\\/2025\\\/10\\\/ROOMOI-namu-kvapu-rinkinys-VIN-NOBLE-su-difuzoriumi-ir-purskiamu-kvapu-200ml-100ml.webp\",\"contentUrl\":\"https:\\\/\\\/www.malinashop.lt\\\/wp-content\\\/uploads\\\/2025\\\/10\\\/ROOMOI-namu-kvapu-rinkinys-VIN-NOBLE-su-difuzoriumi-ir-purskiamu-kvapu-200ml-100ml.webp\",\"width\":768,\"height\":768},{\"@type\":\"BreadcrumbList\",\"@id\":\"https:\\\/\\\/www.malinashop.lt\\\/lt_lt\\\/shop\\\/roomoi-namu-kvapu-rinkinys-vin-noble-su-difuzoriumi-ir-purskiamu-kvapu-200ml-100ml\\\/#breadcrumb\",\"itemListElement\":[{\"@type\":\"ListItem\",\"position\":1,\"name\":\"Home\",\"item\":\"https:\\\/\\\/www.malinashop.lt\\\/en\\\/\"},{\"@type\":\"ListItem\",\"position\":2,\"name\":\"Parduotuv\u0117\",\"item\":\"https:\\\/\\\/www.malinashop.lt\\\/en\\\/parduotuve\\\/\"},{\"@type\":\"ListItem\",\"position\":3,\"name\":\"ROOMOI nam\u0173 kvap\u0173 rinkinys VIN NOBLE su difuzoriumi ir pur\u0161kiamu kvapu, 200ml + 100ml\"}]},{\"@type\":\"WebSite\",\"@id\":\"https:\\\/\\\/www.malinashop.lt\\\/en\\\/#website\",\"url\":\"https:\\\/\\\/www.malinashop.lt\\\/en\\\/\",\"name\":\"COM Group Ecommerce\",\"description\":\"MalinaShop.lt - Gro\u017eio ir sveikatos produktai i\u0161 patikim\u0173 preki\u0173 \u017eenkl\u0173. Atraskite auk\u0161tos kokyb\u0117s kosmetik\u0105 u\u017e puiki\u0105 kain\u0105.\",\"publisher\":{\"@id\":\"https:\\\/\\\/www.malinashop.lt\\\/en\\\/#organization\"},\"potentialAction\":[{\"@type\":\"SearchAction\",\"target\":{\"@type\":\"EntryPoint\",\"urlTemplate\":\"https:\\\/\\\/www.malinashop.lt\\\/en\\\/?s={search_term_string}\"},\"query-input\":{\"@type\":\"PropertyValueSpecification\",\"valueRequired\":true,\"valueName\":\"search_term_string\"}}],\"inLanguage\":\"en-GB\"},{\"@type\":\"Organization\",\"@id\":\"https:\\\/\\\/www.malinashop.lt\\\/en\\\/#organization\",\"name\":\"COM Group Ecommerce\",\"url\":\"https:\\\/\\\/www.malinashop.lt\\\/en\\\/\",\"logo\":{\"@type\":\"ImageObject\",\"inLanguage\":\"en-GB\",\"@id\":\"https:\\\/\\\/www.malinashop.lt\\\/en\\\/#\\\/schema\\\/logo\\\/image\\\/\",\"url\":\"https:\\\/\\\/www.malinashop.lt\\\/wp-content\\\/uploads\\\/2024\\\/08\\\/462559670_3787732518133670_9795632669273463_n-e1731525914575.png\",\"contentUrl\":\"https:\\\/\\\/www.malinashop.lt\\\/wp-content\\\/uploads\\\/2024\\\/08\\\/462559670_3787732518133670_9795632669273463_n-e1731525914575.png\",\"width\":180,\"height\":60,\"caption\":\"COM Group Ecommerce\"},\"image\":{\"@id\":\"https:\\\/\\\/www.malinashop.lt\\\/en\\\/#\\\/schema\\\/logo\\\/image\\\/\"}}]}<\/script>\n<!-- \/ Yoast SEO plugin. -->","yoast_head_json":{"title":"ROOMOI nam\u0173 kvap\u0173 rinkinys VIN NOBLE su difuzoriumi ir pur\u0161kiamu kvapu, 200ml + 100ml - MalinaShop.lt J\u016bs\u0173 sveikatai ir gro\u017eiui.","description":"ROOMOI Vin Noble \u2013 prabangus vynuogyno aromato rinkinys su difuzoriumi ir pur\u0161kiamu kvapu. Elegancija, \u0161iluma ir ilgaam\u017eis kvapas J\u016bs\u0173 namams.","robots":{"index":"index","follow":"follow","max-snippet":"max-snippet:-1","max-image-preview":"max-image-preview:large","max-video-preview":"max-video-preview:-1"},"canonical":"https:\/\/www.malinashop.lt\/en\/shop\/roomoi-namu-kvapu-rinkinys-vin-noble-su-difuzoriumi-ir-purskiamu-kvapu-200ml-100ml\/","og_locale":"en_GB","og_type":"article","og_title":"ROOMOI nam\u0173 kvap\u0173 rinkinys VIN NOBLE su difuzoriumi ir pur\u0161kiamu kvapu, 200ml + 100ml - MalinaShop.lt J\u016bs\u0173 sveikatai ir gro\u017eiui.","og_description":"ROOMOI Vin Noble \u2013 prabangus vynuogyno aromato rinkinys su difuzoriumi ir pur\u0161kiamu kvapu. Elegancija, \u0161iluma ir ilgaam\u017eis kvapas J\u016bs\u0173 namams.","og_url":"https:\/\/www.malinashop.lt\/en\/shop\/roomoi-namu-kvapu-rinkinys-vin-noble-su-difuzoriumi-ir-purskiamu-kvapu-200ml-100ml\/","og_site_name":"MalinaShop.lt J\u016bs\u0173 sveikatai ir gro\u017eiui.","article_modified_time":"2026-04-14T06:07:49+00:00","og_image":[{"width":768,"height":768,"url":"https:\/\/www.malinashop.lt\/wp-content\/uploads\/2025\/10\/ROOMOI-namu-kvapu-rinkinys-VIN-NOBLE-su-difuzoriumi-ir-purskiamu-kvapu-200ml-100ml.webp","type":"image\/webp"}],"twitter_card":"summary_large_image","schema":{"@context":"https:\/\/schema.org","@graph":[{"@type":"WebPage","@id":"https:\/\/www.malinashop.lt\/lt_lt\/shop\/roomoi-namu-kvapu-rinkinys-vin-noble-su-difuzoriumi-ir-purskiamu-kvapu-200ml-100ml\/","url":"https:\/\/www.malinashop.lt\/lt_lt\/shop\/roomoi-namu-kvapu-rinkinys-vin-noble-su-difuzoriumi-ir-purskiamu-kvapu-200ml-100ml\/","name":"ROOMOI nam\u0173 kvap\u0173 rinkinys VIN NOBLE su difuzoriumi ir pur\u0161kiamu kvapu, 200ml + 100ml - MalinaShop.lt J\u016bs\u0173 sveikatai ir gro\u017eiui.","isPartOf":{"@id":"https:\/\/www.malinashop.lt\/en\/#website"},"primaryImageOfPage":{"@id":"https:\/\/www.malinashop.lt\/lt_lt\/shop\/roomoi-namu-kvapu-rinkinys-vin-noble-su-difuzoriumi-ir-purskiamu-kvapu-200ml-100ml\/#primaryimage"},"image":{"@id":"https:\/\/www.malinashop.lt\/lt_lt\/shop\/roomoi-namu-kvapu-rinkinys-vin-noble-su-difuzoriumi-ir-purskiamu-kvapu-200ml-100ml\/#primaryimage"},"thumbnailUrl":"https:\/\/www.malinashop.lt\/wp-content\/uploads\/2025\/10\/ROOMOI-namu-kvapu-rinkinys-VIN-NOBLE-su-difuzoriumi-ir-purskiamu-kvapu-200ml-100ml.webp","datePublished":"2025-10-29T06:08:50+00:00","dateModified":"2026-04-14T06:07:49+00:00","description":"ROOMOI Vin Noble \u2013 prabangus vynuogyno aromato rinkinys su difuzoriumi ir pur\u0161kiamu kvapu. Elegancija, \u0161iluma ir ilgaam\u017eis kvapas J\u016bs\u0173 namams.","breadcrumb":{"@id":"https:\/\/www.malinashop.lt\/lt_lt\/shop\/roomoi-namu-kvapu-rinkinys-vin-noble-su-difuzoriumi-ir-purskiamu-kvapu-200ml-100ml\/#breadcrumb"},"inLanguage":"en-GB","potentialAction":[{"@type":"ReadAction","target":["https:\/\/www.malinashop.lt\/lt_lt\/shop\/roomoi-namu-kvapu-rinkinys-vin-noble-su-difuzoriumi-ir-purskiamu-kvapu-200ml-100ml\/"]}]},{"@type":"ImageObject","inLanguage":"en-GB","@id":"https:\/\/www.malinashop.lt\/lt_lt\/shop\/roomoi-namu-kvapu-rinkinys-vin-noble-su-difuzoriumi-ir-purskiamu-kvapu-200ml-100ml\/#primaryimage","url":"https:\/\/www.malinashop.lt\/wp-content\/uploads\/2025\/10\/ROOMOI-namu-kvapu-rinkinys-VIN-NOBLE-su-difuzoriumi-ir-purskiamu-kvapu-200ml-100ml.webp","contentUrl":"https:\/\/www.malinashop.lt\/wp-content\/uploads\/2025\/10\/ROOMOI-namu-kvapu-rinkinys-VIN-NOBLE-su-difuzoriumi-ir-purskiamu-kvapu-200ml-100ml.webp","width":768,"height":768},{"@type":"BreadcrumbList","@id":"https:\/\/www.malinashop.lt\/lt_lt\/shop\/roomoi-namu-kvapu-rinkinys-vin-noble-su-difuzoriumi-ir-purskiamu-kvapu-200ml-100ml\/#breadcrumb","itemListElement":[{"@type":"ListItem","position":1,"name":"Home","item":"https:\/\/www.malinashop.lt\/en\/"},{"@type":"ListItem","position":2,"name":"Parduotuv\u0117","item":"https:\/\/www.malinashop.lt\/en\/parduotuve\/"},{"@type":"ListItem","position":3,"name":"ROOMOI nam\u0173 kvap\u0173 rinkinys VIN NOBLE su difuzoriumi ir pur\u0161kiamu kvapu, 200ml + 100ml"}]},{"@type":"WebSite","@id":"https:\/\/www.malinashop.lt\/en\/#website","url":"https:\/\/www.malinashop.lt\/en\/","name":"COM Group Ecommerce","description":"MalinaShop.lt - Gro\u017eio ir sveikatos produktai i\u0161 patikim\u0173 preki\u0173 \u017eenkl\u0173. Atraskite auk\u0161tos kokyb\u0117s kosmetik\u0105 u\u017e puiki\u0105 kain\u0105.","publisher":{"@id":"https:\/\/www.malinashop.lt\/en\/#organization"},"potentialAction":[{"@type":"SearchAction","target":{"@type":"EntryPoint","urlTemplate":"https:\/\/www.malinashop.lt\/en\/?s={search_term_string}"},"query-input":{"@type":"PropertyValueSpecification","valueRequired":true,"valueName":"search_term_string"}}],"inLanguage":"en-GB"},{"@type":"Organization","@id":"https:\/\/www.malinashop.lt\/en\/#organization","name":"COM Group Ecommerce","url":"https:\/\/www.malinashop.lt\/en\/","logo":{"@type":"ImageObject","inLanguage":"en-GB","@id":"https:\/\/www.malinashop.lt\/en\/#\/schema\/logo\/image\/","url":"https:\/\/www.malinashop.lt\/wp-content\/uploads\/2024\/08\/462559670_3787732518133670_9795632669273463_n-e1731525914575.png","contentUrl":"https:\/\/www.malinashop.lt\/wp-content\/uploads\/2024\/08\/462559670_3787732518133670_9795632669273463_n-e1731525914575.png","width":180,"height":60,"caption":"COM Group Ecommerce"},"image":{"@id":"https:\/\/www.malinashop.lt\/en\/#\/schema\/logo\/image\/"}}]}},"jetpack_sharing_enabled":true,"_links":{"self":[{"href":"https:\/\/www.malinashop.lt\/en\/wp-json\/wp\/v2\/product\/58371","targetHints":{"allow":["GET"]}}],"collection":[{"href":"https:\/\/www.malinashop.lt\/en\/wp-json\/wp\/v2\/product"}],"about":[{"href":"https:\/\/www.malinashop.lt\/en\/wp-json\/wp\/v2\/types\/product"}],"version-history":[{"count":5,"href":"https:\/\/www.malinashop.lt\/en\/wp-json\/wp\/v2\/product\/58371\/revisions"}],"predecessor-version":[{"id":75777,"href":"https:\/\/www.malinashop.lt\/en\/wp-json\/wp\/v2\/product\/58371\/revisions\/75777"}],"wp:featuredmedia":[{"embeddable":true,"href":"https:\/\/www.malinashop.lt\/en\/wp-json\/wp\/v2\/media\/58372"}],"wp:attachment":[{"href":"https:\/\/www.malinashop.lt\/en\/wp-json\/wp\/v2\/media?parent=58371"}],"wp:term":[{"taxonomy":"product_brand","embeddable":true,"href":"https:\/\/www.malinashop.lt\/en\/wp-json\/wp\/v2\/product_brand?post=58371"},{"taxonomy":"product_cat","embeddable":true,"href":"https:\/\/www.malinashop.lt\/en\/wp-json\/wp\/v2\/product_cat?post=58371"},{"taxonomy":"product_tag","embeddable":true,"href":"https:\/\/www.malinashop.lt\/en\/wp-json\/wp\/v2\/product_tag?post=58371"}],"curies":[{"name":"wp","href":"https:\/\/api.w.org\/{rel}","templated":true}]}}