{"id":58145,"date":"2025-09-17T21:52:20","date_gmt":"2025-09-17T18:52:20","guid":{"rendered":"https:\/\/malinashop.lt\/?post_type=product&#038;p=58145"},"modified":"2026-04-08T13:08:15","modified_gmt":"2026-04-08T10:08:15","slug":"tahe-anti-frizz-miracle-gold-plaukus-glotninantis-kokteilis-su-hialurono-rugstimi-ir-aliejais-6-x-10-ml","status":"publish","type":"product","link":"https:\/\/www.malinashop.lt\/en\/shop\/tahe-anti-frizz-miracle-gold-plaukus-glotninantis-kokteilis-su-hialurono-rugstimi-ir-aliejais-6-x-10-ml\/","title":{"rendered":"TAHE Anti-frizz Miracle Gold plaukus glotninantis kokteilis su hialurono r\u016bg\u0161timi ir aliejais, 6 x 10 ml"},"content":{"rendered":"<p data-start=\"217\" data-end=\"547\">TAHE <strong data-start=\"239\" data-end=\"266\">Anti-frizz Miracle Gold<\/strong> \u2013 profesionalus plaukus glotninantis kokteilis, sukurtas intensyviai atkurti, sudr\u0117kinti ir suteikti plaukams elastingumo. Formul\u0117 praturtinta <strong data-start=\"410\" data-end=\"432\">hialurono r\u016bg\u0161timi<\/strong>, <strong data-start=\"434\" data-end=\"452\">provitaminu B5<\/strong>, <strong data-start=\"454\" data-end=\"465\">tsubaki<\/strong> ir <strong data-start=\"469\" data-end=\"493\">makadamijos aliejumi<\/strong>, kurie maitina, dr\u0117kina bei apsaugo plauk\u0173 pluo\u0161t\u0105.<\/p>\n<p data-start=\"549\" data-end=\"760\">\u0160is kokteilis suteikia plaukams <strong data-start=\"581\" data-end=\"616\">blizgesio, \u0161velnumo ir tvirtumo<\/strong>, neapsunkina j\u0173 ir yra tinkamas veganams. Reguliarus naudojimas padeda suma\u017einti \u0161iau\u0161im\u0105si, i\u0161laikyti plaukus glotnius ir lengviau valdomus.<\/p>\n<p data-start=\"762\" data-end=\"805\"><strong data-start=\"762\" data-end=\"803\">Pagrindiniai ingredientai ir savyb\u0117s:<\/strong><\/p>\n<ul data-start=\"806\" data-end=\"1081\">\n<li data-start=\"806\" data-end=\"884\">\n<p data-start=\"808\" data-end=\"884\"><strong data-start=\"808\" data-end=\"829\">Hialurono r\u016bg\u0161tis<\/strong> \u2013 intensyviai dr\u0117kina ir palaiko plauk\u0173 elastingum\u0105.<\/p>\n<\/li>\n<li data-start=\"885\" data-end=\"950\">\n<p data-start=\"887\" data-end=\"950\"><strong data-start=\"887\" data-end=\"906\">Provitaminas B5<\/strong> \u2013 stiprina ir suteikia plaukams glotnumo.<\/p>\n<\/li>\n<li data-start=\"951\" data-end=\"1008\">\n<p data-start=\"953\" data-end=\"1008\"><strong data-start=\"953\" data-end=\"972\">Tsubaki aliejus<\/strong> \u2013 maitina ir saugo nuo pa\u017eeidim\u0173.<\/p>\n<\/li>\n<li data-start=\"1009\" data-end=\"1081\">\n<p data-start=\"1011\" data-end=\"1081\"><strong data-start=\"1011\" data-end=\"1034\">Makadamijos aliejus<\/strong> \u2013 mink\u0161tina, suteikia \u017evilgesio ir \u0161velnumo.<\/p>\n<\/li>\n<\/ul>\n<p data-start=\"1083\" data-end=\"1121\"><strong data-start=\"1083\" data-end=\"1119\">Naudojimas (tik profesionalams):<\/strong><\/p>\n<ol data-start=\"1122\" data-end=\"1523\">\n<li data-start=\"1122\" data-end=\"1147\">\n<p data-start=\"1125\" data-end=\"1147\">Suplakite buteliuk\u0105.<\/p>\n<\/li>\n<li data-start=\"1148\" data-end=\"1329\">\n<p data-start=\"1151\" data-end=\"1329\">Sumai\u0161ykite vien\u0105 10 ml kokteilio buteliuk\u0105 su 10 ml vandens, 5 g glotninan\u010dios priemon\u0117s <strong data-start=\"1241\" data-end=\"1268\">Anti-frizz Miracle Gold<\/strong> ir 1\u20132 cm da\u017ean\u010dios kauk\u0117s <strong data-start=\"1296\" data-end=\"1310\">TAHE Ionic<\/strong> (pagal poreik\u012f).<\/p>\n<\/li>\n<li data-start=\"1330\" data-end=\"1378\">\n<p data-start=\"1333\" data-end=\"1378\">U\u017etepkite mi\u0161in\u012f ant \u0161vari\u0173, dr\u0117gn\u0173 plauk\u0173.<\/p>\n<\/li>\n<li data-start=\"1379\" data-end=\"1431\">\n<p data-start=\"1382\" data-end=\"1431\">U\u017edenkite plaukus pl\u0117vele ir pa\u0161ildykite 5 min.<\/p>\n<\/li>\n<li data-start=\"1432\" data-end=\"1523\">\n<p data-start=\"1435\" data-end=\"1523\">Kruop\u0161\u010diai nuskalaukite v\u0117siu vandeniu, u\u017etepkite formavimo priemon\u0119 ir i\u0161d\u017eiovinkite.<\/p>\n<\/li>\n<\/ol>\n<p data-start=\"1525\" data-end=\"1722\"><strong data-start=\"1525\" data-end=\"1544\">Apie gamintoj\u0105:<\/strong><br data-start=\"1544\" data-end=\"1547\" \/><strong data-start=\"1547\" data-end=\"1555\">TAHE<\/strong> \u2013 Ispanijos profesionalios plauk\u0173 prie\u017ei\u016bros kosmetikos gamintojas, kuriantis inovatyvius produktus su ekologi\u0161kais ingredientais ir 100 % atsinaujinan\u010dia energija.<\/p>\n","protected":false},"excerpt":{"rendered":"<p>Su hialurono r\u016bg\u0161timi, provitaminu B5, tsubaki ir makadamijos aliejumi.<\/p>\n<p>Autenti\u0161kas kokteilis plaukams su aktyviomis veikliosiomis med\u017eiagomis, suteikian\u010diomis plaukams blizgesio ir \u0161velnumo.<\/p>\n<p>Apsaugo plauk\u0173 pluo\u0161t\u0105, suteikia tvirtumo ir elastingumo.<\/p>\n<p>Neapsunkina plauk\u0173.<\/p>\n<p>Vegani\u0161kas.<\/p>\n<p>Kiekis: 6 x 10 ml.<\/p>\n","protected":false},"featured_media":58147,"template":"","meta":[],"product_brand":[520],"product_cat":[711,516,517,562],"product_tag":[1637],"class_list":{"0":"post-58145","1":"product","2":"type-product","3":"status-publish","4":"has-post-thumbnail","6":"product_brand-tahe","7":"product_cat-plaukams","8":"product_cat-plauku-aliejai-serumai-pilingas","9":"product_cat-plauku-kaukes-ir-kremai-ampules","10":"product_cat-sandelio-valymas","11":"product_tag-tahe","13":"first","14":"instock","15":"sale","16":"taxable","17":"shipping-taxable","18":"purchasable","19":"product-type-simple"},"yoast_head":"<!-- This site is optimized with the Yoast SEO plugin v27.4 - https:\/\/yoast.com\/product\/yoast-seo-wordpress\/ -->\n<title>TAHE Anti-frizz Miracle Gold plaukus glotninantis kokteilis su hialurono r\u016bg\u0161timi ir aliejais, 6 x 10 ml - MalinaShop.lt J\u016bs\u0173 sveikatai ir gro\u017eiui.<\/title>\n<meta name=\"description\" content=\"Su hialurono r\u016bg\u0161timi, provitaminu B5, tsubaki ir makadamijos aliejumi.  Autenti\u0161kas kokteilis plaukams su aktyviomis veikliosiomis med\u017eiagomis, suteikian\u010diomis plaukams blizgesio ir \u0161velnumo.  Apsaugo plauk\u0173 pluo\u0161t\u0105, suteikia tvirtumo ir elastingumo.  Neapsunkina plauk\u0173.  Vegani\u0161kas.  Kiekis: 6 x 10 ml.Plaukus glotninantis TAHE kokteilis su hialurono r\u016bg\u0161timi ir aliejais suteikia \u0161velnumo, blizgesio bei apsaugo plaukus.\" \/>\n<meta name=\"robots\" content=\"index, follow, max-snippet:-1, max-image-preview:large, max-video-preview:-1\" \/>\n<link rel=\"canonical\" href=\"https:\/\/www.malinashop.lt\/en\/shop\/tahe-anti-frizz-miracle-gold-plaukus-glotninantis-kokteilis-su-hialurono-rugstimi-ir-aliejais-6-x-10-ml\/\" \/>\n<meta property=\"og:locale\" content=\"en_GB\" \/>\n<meta property=\"og:type\" content=\"article\" \/>\n<meta property=\"og:title\" content=\"TAHE Anti-frizz Miracle Gold plaukus glotninantis kokteilis su hialurono r\u016bg\u0161timi ir aliejais, 6 x 10 ml - MalinaShop.lt J\u016bs\u0173 sveikatai ir gro\u017eiui.\" \/>\n<meta property=\"og:description\" content=\"Su hialurono r\u016bg\u0161timi, provitaminu B5, tsubaki ir makadamijos aliejumi.  Autenti\u0161kas kokteilis plaukams su aktyviomis veikliosiomis med\u017eiagomis, suteikian\u010diomis plaukams blizgesio ir \u0161velnumo.  Apsaugo plauk\u0173 pluo\u0161t\u0105, suteikia tvirtumo ir elastingumo.  Neapsunkina plauk\u0173.  Vegani\u0161kas.  Kiekis: 6 x 10 ml.Plaukus glotninantis TAHE kokteilis su hialurono r\u016bg\u0161timi ir aliejais suteikia \u0161velnumo, blizgesio bei apsaugo plaukus.\" \/>\n<meta property=\"og:url\" content=\"https:\/\/www.malinashop.lt\/en\/shop\/tahe-anti-frizz-miracle-gold-plaukus-glotninantis-kokteilis-su-hialurono-rugstimi-ir-aliejais-6-x-10-ml\/\" \/>\n<meta property=\"og:site_name\" content=\"MalinaShop.lt J\u016bs\u0173 sveikatai ir gro\u017eiui.\" \/>\n<meta property=\"article:modified_time\" content=\"2026-04-08T10:08:15+00:00\" \/>\n<meta property=\"og:image\" content=\"https:\/\/www.malinashop.lt\/wp-content\/uploads\/2025\/09\/TAHE-Anti-frizz-Miracle-Gold-plaukus-glotninantis-kokteilis-su-hialurono-rugstimi-ir-aliejais-6-x-10-ml.webp\" \/>\n\t<meta property=\"og:image:width\" content=\"768\" \/>\n\t<meta property=\"og:image:height\" content=\"768\" \/>\n\t<meta property=\"og:image:type\" content=\"image\/webp\" \/>\n<meta name=\"twitter:card\" content=\"summary_large_image\" \/>\n<script type=\"application\/ld+json\" class=\"yoast-schema-graph\">{\"@context\":\"https:\\\/\\\/schema.org\",\"@graph\":[{\"@type\":\"WebPage\",\"@id\":\"https:\\\/\\\/www.malinashop.lt\\\/lt_lt\\\/shop\\\/tahe-anti-frizz-miracle-gold-plaukus-glotninantis-kokteilis-su-hialurono-rugstimi-ir-aliejais-6-x-10-ml\\\/\",\"url\":\"https:\\\/\\\/www.malinashop.lt\\\/lt_lt\\\/shop\\\/tahe-anti-frizz-miracle-gold-plaukus-glotninantis-kokteilis-su-hialurono-rugstimi-ir-aliejais-6-x-10-ml\\\/\",\"name\":\"TAHE Anti-frizz Miracle Gold plaukus glotninantis kokteilis su hialurono r\u016bg\u0161timi ir aliejais, 6 x 10 ml - MalinaShop.lt J\u016bs\u0173 sveikatai ir gro\u017eiui.\",\"isPartOf\":{\"@id\":\"https:\\\/\\\/www.malinashop.lt\\\/en\\\/#website\"},\"primaryImageOfPage\":{\"@id\":\"https:\\\/\\\/www.malinashop.lt\\\/lt_lt\\\/shop\\\/tahe-anti-frizz-miracle-gold-plaukus-glotninantis-kokteilis-su-hialurono-rugstimi-ir-aliejais-6-x-10-ml\\\/#primaryimage\"},\"image\":{\"@id\":\"https:\\\/\\\/www.malinashop.lt\\\/lt_lt\\\/shop\\\/tahe-anti-frizz-miracle-gold-plaukus-glotninantis-kokteilis-su-hialurono-rugstimi-ir-aliejais-6-x-10-ml\\\/#primaryimage\"},\"thumbnailUrl\":\"https:\\\/\\\/www.malinashop.lt\\\/wp-content\\\/uploads\\\/2025\\\/09\\\/TAHE-Anti-frizz-Miracle-Gold-plaukus-glotninantis-kokteilis-su-hialurono-rugstimi-ir-aliejais-6-x-10-ml.webp\",\"datePublished\":\"2025-09-17T18:52:20+00:00\",\"dateModified\":\"2026-04-08T10:08:15+00:00\",\"description\":\"Su hialurono r\u016bg\u0161timi, provitaminu B5, tsubaki ir makadamijos aliejumi. Autenti\u0161kas kokteilis plaukams su aktyviomis veikliosiomis med\u017eiagomis, suteikian\u010diomis plaukams blizgesio ir \u0161velnumo. Apsaugo plauk\u0173 pluo\u0161t\u0105, suteikia tvirtumo ir elastingumo. Neapsunkina plauk\u0173. Vegani\u0161kas. Kiekis: 6 x 10 ml.Plaukus glotninantis TAHE kokteilis su hialurono r\u016bg\u0161timi ir aliejais suteikia \u0161velnumo, blizgesio bei apsaugo plaukus.\",\"breadcrumb\":{\"@id\":\"https:\\\/\\\/www.malinashop.lt\\\/lt_lt\\\/shop\\\/tahe-anti-frizz-miracle-gold-plaukus-glotninantis-kokteilis-su-hialurono-rugstimi-ir-aliejais-6-x-10-ml\\\/#breadcrumb\"},\"inLanguage\":\"en-GB\",\"potentialAction\":[{\"@type\":\"ReadAction\",\"target\":[\"https:\\\/\\\/www.malinashop.lt\\\/lt_lt\\\/shop\\\/tahe-anti-frizz-miracle-gold-plaukus-glotninantis-kokteilis-su-hialurono-rugstimi-ir-aliejais-6-x-10-ml\\\/\"]}]},{\"@type\":\"ImageObject\",\"inLanguage\":\"en-GB\",\"@id\":\"https:\\\/\\\/www.malinashop.lt\\\/lt_lt\\\/shop\\\/tahe-anti-frizz-miracle-gold-plaukus-glotninantis-kokteilis-su-hialurono-rugstimi-ir-aliejais-6-x-10-ml\\\/#primaryimage\",\"url\":\"https:\\\/\\\/www.malinashop.lt\\\/wp-content\\\/uploads\\\/2025\\\/09\\\/TAHE-Anti-frizz-Miracle-Gold-plaukus-glotninantis-kokteilis-su-hialurono-rugstimi-ir-aliejais-6-x-10-ml.webp\",\"contentUrl\":\"https:\\\/\\\/www.malinashop.lt\\\/wp-content\\\/uploads\\\/2025\\\/09\\\/TAHE-Anti-frizz-Miracle-Gold-plaukus-glotninantis-kokteilis-su-hialurono-rugstimi-ir-aliejais-6-x-10-ml.webp\",\"width\":768,\"height\":768},{\"@type\":\"BreadcrumbList\",\"@id\":\"https:\\\/\\\/www.malinashop.lt\\\/lt_lt\\\/shop\\\/tahe-anti-frizz-miracle-gold-plaukus-glotninantis-kokteilis-su-hialurono-rugstimi-ir-aliejais-6-x-10-ml\\\/#breadcrumb\",\"itemListElement\":[{\"@type\":\"ListItem\",\"position\":1,\"name\":\"Home\",\"item\":\"https:\\\/\\\/www.malinashop.lt\\\/en\\\/\"},{\"@type\":\"ListItem\",\"position\":2,\"name\":\"Parduotuv\u0117\",\"item\":\"https:\\\/\\\/www.malinashop.lt\\\/en\\\/parduotuve\\\/\"},{\"@type\":\"ListItem\",\"position\":3,\"name\":\"TAHE Anti-frizz Miracle Gold plaukus glotninantis kokteilis su hialurono r\u016bg\u0161timi ir aliejais, 6 x 10 ml\"}]},{\"@type\":\"WebSite\",\"@id\":\"https:\\\/\\\/www.malinashop.lt\\\/en\\\/#website\",\"url\":\"https:\\\/\\\/www.malinashop.lt\\\/en\\\/\",\"name\":\"COM Group Ecommerce\",\"description\":\"MalinaShop.lt - Gro\u017eio ir sveikatos produktai i\u0161 patikim\u0173 preki\u0173 \u017eenkl\u0173. Atraskite auk\u0161tos kokyb\u0117s kosmetik\u0105 u\u017e puiki\u0105 kain\u0105.\",\"publisher\":{\"@id\":\"https:\\\/\\\/www.malinashop.lt\\\/en\\\/#organization\"},\"potentialAction\":[{\"@type\":\"SearchAction\",\"target\":{\"@type\":\"EntryPoint\",\"urlTemplate\":\"https:\\\/\\\/www.malinashop.lt\\\/en\\\/?s={search_term_string}\"},\"query-input\":{\"@type\":\"PropertyValueSpecification\",\"valueRequired\":true,\"valueName\":\"search_term_string\"}}],\"inLanguage\":\"en-GB\"},{\"@type\":\"Organization\",\"@id\":\"https:\\\/\\\/www.malinashop.lt\\\/en\\\/#organization\",\"name\":\"COM Group Ecommerce\",\"url\":\"https:\\\/\\\/www.malinashop.lt\\\/en\\\/\",\"logo\":{\"@type\":\"ImageObject\",\"inLanguage\":\"en-GB\",\"@id\":\"https:\\\/\\\/www.malinashop.lt\\\/en\\\/#\\\/schema\\\/logo\\\/image\\\/\",\"url\":\"https:\\\/\\\/www.malinashop.lt\\\/wp-content\\\/uploads\\\/2024\\\/08\\\/462559670_3787732518133670_9795632669273463_n-e1731525914575.png\",\"contentUrl\":\"https:\\\/\\\/www.malinashop.lt\\\/wp-content\\\/uploads\\\/2024\\\/08\\\/462559670_3787732518133670_9795632669273463_n-e1731525914575.png\",\"width\":180,\"height\":60,\"caption\":\"COM Group Ecommerce\"},\"image\":{\"@id\":\"https:\\\/\\\/www.malinashop.lt\\\/en\\\/#\\\/schema\\\/logo\\\/image\\\/\"}}]}<\/script>\n<!-- \/ Yoast SEO plugin. -->","yoast_head_json":{"title":"TAHE Anti-frizz Miracle Gold plaukus glotninantis kokteilis su hialurono r\u016bg\u0161timi ir aliejais, 6 x 10 ml - MalinaShop.lt J\u016bs\u0173 sveikatai ir gro\u017eiui.","description":"Su hialurono r\u016bg\u0161timi, provitaminu B5, tsubaki ir makadamijos aliejumi.  Autenti\u0161kas kokteilis plaukams su aktyviomis veikliosiomis med\u017eiagomis, suteikian\u010diomis plaukams blizgesio ir \u0161velnumo.  Apsaugo plauk\u0173 pluo\u0161t\u0105, suteikia tvirtumo ir elastingumo.  Neapsunkina plauk\u0173.  Vegani\u0161kas.  Kiekis: 6 x 10 ml.Plaukus glotninantis TAHE kokteilis su hialurono r\u016bg\u0161timi ir aliejais suteikia \u0161velnumo, blizgesio bei apsaugo plaukus.","robots":{"index":"index","follow":"follow","max-snippet":"max-snippet:-1","max-image-preview":"max-image-preview:large","max-video-preview":"max-video-preview:-1"},"canonical":"https:\/\/www.malinashop.lt\/en\/shop\/tahe-anti-frizz-miracle-gold-plaukus-glotninantis-kokteilis-su-hialurono-rugstimi-ir-aliejais-6-x-10-ml\/","og_locale":"en_GB","og_type":"article","og_title":"TAHE Anti-frizz Miracle Gold plaukus glotninantis kokteilis su hialurono r\u016bg\u0161timi ir aliejais, 6 x 10 ml - MalinaShop.lt J\u016bs\u0173 sveikatai ir gro\u017eiui.","og_description":"Su hialurono r\u016bg\u0161timi, provitaminu B5, tsubaki ir makadamijos aliejumi.  Autenti\u0161kas kokteilis plaukams su aktyviomis veikliosiomis med\u017eiagomis, suteikian\u010diomis plaukams blizgesio ir \u0161velnumo.  Apsaugo plauk\u0173 pluo\u0161t\u0105, suteikia tvirtumo ir elastingumo.  Neapsunkina plauk\u0173.  Vegani\u0161kas.  Kiekis: 6 x 10 ml.Plaukus glotninantis TAHE kokteilis su hialurono r\u016bg\u0161timi ir aliejais suteikia \u0161velnumo, blizgesio bei apsaugo plaukus.","og_url":"https:\/\/www.malinashop.lt\/en\/shop\/tahe-anti-frizz-miracle-gold-plaukus-glotninantis-kokteilis-su-hialurono-rugstimi-ir-aliejais-6-x-10-ml\/","og_site_name":"MalinaShop.lt J\u016bs\u0173 sveikatai ir gro\u017eiui.","article_modified_time":"2026-04-08T10:08:15+00:00","og_image":[{"width":768,"height":768,"url":"https:\/\/www.malinashop.lt\/wp-content\/uploads\/2025\/09\/TAHE-Anti-frizz-Miracle-Gold-plaukus-glotninantis-kokteilis-su-hialurono-rugstimi-ir-aliejais-6-x-10-ml.webp","type":"image\/webp"}],"twitter_card":"summary_large_image","schema":{"@context":"https:\/\/schema.org","@graph":[{"@type":"WebPage","@id":"https:\/\/www.malinashop.lt\/lt_lt\/shop\/tahe-anti-frizz-miracle-gold-plaukus-glotninantis-kokteilis-su-hialurono-rugstimi-ir-aliejais-6-x-10-ml\/","url":"https:\/\/www.malinashop.lt\/lt_lt\/shop\/tahe-anti-frizz-miracle-gold-plaukus-glotninantis-kokteilis-su-hialurono-rugstimi-ir-aliejais-6-x-10-ml\/","name":"TAHE Anti-frizz Miracle Gold plaukus glotninantis kokteilis su hialurono r\u016bg\u0161timi ir aliejais, 6 x 10 ml - MalinaShop.lt J\u016bs\u0173 sveikatai ir gro\u017eiui.","isPartOf":{"@id":"https:\/\/www.malinashop.lt\/en\/#website"},"primaryImageOfPage":{"@id":"https:\/\/www.malinashop.lt\/lt_lt\/shop\/tahe-anti-frizz-miracle-gold-plaukus-glotninantis-kokteilis-su-hialurono-rugstimi-ir-aliejais-6-x-10-ml\/#primaryimage"},"image":{"@id":"https:\/\/www.malinashop.lt\/lt_lt\/shop\/tahe-anti-frizz-miracle-gold-plaukus-glotninantis-kokteilis-su-hialurono-rugstimi-ir-aliejais-6-x-10-ml\/#primaryimage"},"thumbnailUrl":"https:\/\/www.malinashop.lt\/wp-content\/uploads\/2025\/09\/TAHE-Anti-frizz-Miracle-Gold-plaukus-glotninantis-kokteilis-su-hialurono-rugstimi-ir-aliejais-6-x-10-ml.webp","datePublished":"2025-09-17T18:52:20+00:00","dateModified":"2026-04-08T10:08:15+00:00","description":"Su hialurono r\u016bg\u0161timi, provitaminu B5, tsubaki ir makadamijos aliejumi. Autenti\u0161kas kokteilis plaukams su aktyviomis veikliosiomis med\u017eiagomis, suteikian\u010diomis plaukams blizgesio ir \u0161velnumo. Apsaugo plauk\u0173 pluo\u0161t\u0105, suteikia tvirtumo ir elastingumo. Neapsunkina plauk\u0173. Vegani\u0161kas. Kiekis: 6 x 10 ml.Plaukus glotninantis TAHE kokteilis su hialurono r\u016bg\u0161timi ir aliejais suteikia \u0161velnumo, blizgesio bei apsaugo plaukus.","breadcrumb":{"@id":"https:\/\/www.malinashop.lt\/lt_lt\/shop\/tahe-anti-frizz-miracle-gold-plaukus-glotninantis-kokteilis-su-hialurono-rugstimi-ir-aliejais-6-x-10-ml\/#breadcrumb"},"inLanguage":"en-GB","potentialAction":[{"@type":"ReadAction","target":["https:\/\/www.malinashop.lt\/lt_lt\/shop\/tahe-anti-frizz-miracle-gold-plaukus-glotninantis-kokteilis-su-hialurono-rugstimi-ir-aliejais-6-x-10-ml\/"]}]},{"@type":"ImageObject","inLanguage":"en-GB","@id":"https:\/\/www.malinashop.lt\/lt_lt\/shop\/tahe-anti-frizz-miracle-gold-plaukus-glotninantis-kokteilis-su-hialurono-rugstimi-ir-aliejais-6-x-10-ml\/#primaryimage","url":"https:\/\/www.malinashop.lt\/wp-content\/uploads\/2025\/09\/TAHE-Anti-frizz-Miracle-Gold-plaukus-glotninantis-kokteilis-su-hialurono-rugstimi-ir-aliejais-6-x-10-ml.webp","contentUrl":"https:\/\/www.malinashop.lt\/wp-content\/uploads\/2025\/09\/TAHE-Anti-frizz-Miracle-Gold-plaukus-glotninantis-kokteilis-su-hialurono-rugstimi-ir-aliejais-6-x-10-ml.webp","width":768,"height":768},{"@type":"BreadcrumbList","@id":"https:\/\/www.malinashop.lt\/lt_lt\/shop\/tahe-anti-frizz-miracle-gold-plaukus-glotninantis-kokteilis-su-hialurono-rugstimi-ir-aliejais-6-x-10-ml\/#breadcrumb","itemListElement":[{"@type":"ListItem","position":1,"name":"Home","item":"https:\/\/www.malinashop.lt\/en\/"},{"@type":"ListItem","position":2,"name":"Parduotuv\u0117","item":"https:\/\/www.malinashop.lt\/en\/parduotuve\/"},{"@type":"ListItem","position":3,"name":"TAHE Anti-frizz Miracle Gold plaukus glotninantis kokteilis su hialurono r\u016bg\u0161timi ir aliejais, 6 x 10 ml"}]},{"@type":"WebSite","@id":"https:\/\/www.malinashop.lt\/en\/#website","url":"https:\/\/www.malinashop.lt\/en\/","name":"COM Group Ecommerce","description":"MalinaShop.lt - Gro\u017eio ir sveikatos produktai i\u0161 patikim\u0173 preki\u0173 \u017eenkl\u0173. Atraskite auk\u0161tos kokyb\u0117s kosmetik\u0105 u\u017e puiki\u0105 kain\u0105.","publisher":{"@id":"https:\/\/www.malinashop.lt\/en\/#organization"},"potentialAction":[{"@type":"SearchAction","target":{"@type":"EntryPoint","urlTemplate":"https:\/\/www.malinashop.lt\/en\/?s={search_term_string}"},"query-input":{"@type":"PropertyValueSpecification","valueRequired":true,"valueName":"search_term_string"}}],"inLanguage":"en-GB"},{"@type":"Organization","@id":"https:\/\/www.malinashop.lt\/en\/#organization","name":"COM Group Ecommerce","url":"https:\/\/www.malinashop.lt\/en\/","logo":{"@type":"ImageObject","inLanguage":"en-GB","@id":"https:\/\/www.malinashop.lt\/en\/#\/schema\/logo\/image\/","url":"https:\/\/www.malinashop.lt\/wp-content\/uploads\/2024\/08\/462559670_3787732518133670_9795632669273463_n-e1731525914575.png","contentUrl":"https:\/\/www.malinashop.lt\/wp-content\/uploads\/2024\/08\/462559670_3787732518133670_9795632669273463_n-e1731525914575.png","width":180,"height":60,"caption":"COM Group Ecommerce"},"image":{"@id":"https:\/\/www.malinashop.lt\/en\/#\/schema\/logo\/image\/"}}]}},"jetpack_sharing_enabled":true,"_links":{"self":[{"href":"https:\/\/www.malinashop.lt\/en\/wp-json\/wp\/v2\/product\/58145","targetHints":{"allow":["GET"]}}],"collection":[{"href":"https:\/\/www.malinashop.lt\/en\/wp-json\/wp\/v2\/product"}],"about":[{"href":"https:\/\/www.malinashop.lt\/en\/wp-json\/wp\/v2\/types\/product"}],"version-history":[{"count":1,"href":"https:\/\/www.malinashop.lt\/en\/wp-json\/wp\/v2\/product\/58145\/revisions"}],"predecessor-version":[{"id":58148,"href":"https:\/\/www.malinashop.lt\/en\/wp-json\/wp\/v2\/product\/58145\/revisions\/58148"}],"wp:featuredmedia":[{"embeddable":true,"href":"https:\/\/www.malinashop.lt\/en\/wp-json\/wp\/v2\/media\/58147"}],"wp:attachment":[{"href":"https:\/\/www.malinashop.lt\/en\/wp-json\/wp\/v2\/media?parent=58145"}],"wp:term":[{"taxonomy":"product_brand","embeddable":true,"href":"https:\/\/www.malinashop.lt\/en\/wp-json\/wp\/v2\/product_brand?post=58145"},{"taxonomy":"product_cat","embeddable":true,"href":"https:\/\/www.malinashop.lt\/en\/wp-json\/wp\/v2\/product_cat?post=58145"},{"taxonomy":"product_tag","embeddable":true,"href":"https:\/\/www.malinashop.lt\/en\/wp-json\/wp\/v2\/product_tag?post=58145"}],"curies":[{"name":"wp","href":"https:\/\/api.w.org\/{rel}","templated":true}]}}