{"id":58084,"date":"2025-09-13T10:20:09","date_gmt":"2025-09-13T07:20:09","guid":{"rendered":"https:\/\/malinashop.lt\/?post_type=product&#038;p=58084"},"modified":"2026-03-18T12:31:15","modified_gmt":"2026-03-18T09:31:15","slug":"petite-maison-sausas-sampunas-su-kokosu-pienu-apimciai-ir-gaivumui-coconut-milk-100-ml","status":"publish","type":"product","link":"https:\/\/www.malinashop.lt\/en\/shop\/petite-maison-sausas-sampunas-su-kokosu-pienu-apimciai-ir-gaivumui-coconut-milk-100-ml\/","title":{"rendered":"PETITE MAISON sausas \u0161amp\u016bnas su kokos\u0173 pienu apim\u010diai ir gaivumui COCONUT MILK, 100 ml"},"content":{"rendered":"<p data-start=\"200\" data-end=\"471\">PETITE MAISON <strong data-start=\"231\" data-end=\"247\">COCONUT MILK<\/strong> sausas \u0161amp\u016bnas akimirksniu atgaivina plaukus, nesugai\u0161tant laiko juos plaunant vandeniu. Speciali formul\u0117 su <strong data-start=\"358\" data-end=\"378\">kokos\u0173 ekstraktu<\/strong> efektyviai sugeria riebal\u0173 pertekli\u0173 nuo galvos odos, suteikia plaukams purumo ir gaivumo.<\/p>\n<p data-start=\"473\" data-end=\"691\">Sud\u0117tyje esanti <strong data-start=\"489\" data-end=\"510\">hialurono r\u016bg\u0161tis<\/strong> dr\u0117kina plaukus, padeda i\u0161laikyti j\u0173 gyvybingum\u0105, o <strong data-start=\"563\" data-end=\"579\">aminor\u016bg\u0161tys<\/strong> palaiko elastingum\u0105 bei lengvesn\u012f formavim\u0105. Plaukai atrodo \u0161var\u016bs, pakil\u0119 nuo \u0161akn\u0173 ir ilgiau i\u0161laiko gaiv\u0105.<\/p>\n<p data-start=\"693\" data-end=\"710\"><strong data-start=\"693\" data-end=\"708\">Naudojimas:<\/strong><\/p>\n<ol data-start=\"711\" data-end=\"940\">\n<li data-start=\"711\" data-end=\"742\">\n<p data-start=\"714\" data-end=\"742\">Prie\u0161 naudojim\u0105 suplakite.<\/p>\n<\/li>\n<li data-start=\"743\" data-end=\"801\">\n<p data-start=\"746\" data-end=\"801\">Laikykite buteliuk\u0105 10\u201315 cm atstumu nuo galvos odos.<\/p>\n<\/li>\n<li data-start=\"802\" data-end=\"877\">\n<p data-start=\"805\" data-end=\"877\">Padalinkite plaukus \u012f sruogas, kiekvien\u0105 sruog\u0105 papur\u0161kite po 1 kart\u0105.<\/p>\n<\/li>\n<li data-start=\"878\" data-end=\"940\">\n<p data-start=\"881\" data-end=\"940\">\u0160velniai \u012fmasa\u017euokite priemon\u0119 ir suformuokite \u0161ukuosen\u0105.<\/p>\n<\/li>\n<\/ol>\n<p data-start=\"942\" data-end=\"1084\"><strong data-start=\"942\" data-end=\"956\">\u012esp\u0117jimai:<\/strong> Tik i\u0161oriniam naudojimui. Vengti patekimo \u012f akis. Laikyti vaikams nepasiekiamoje vietoje. Naudoti gerai v\u0117dinamoje patalpoje.<\/p>\n","protected":false},"excerpt":{"rendered":"<p>PETITE MAISON COCONUT MILK sausas \u0161amp\u016bnas akimirksniu atgaivina plaukus, nesugai\u0161tant laiko juos plaunant vandeniu. Speciali formul\u0117 su kokos\u0173 ekstraktu efektyviai sugeria riebal\u0173&hellip;<\/p>\n","protected":false},"featured_media":58085,"template":"","meta":[],"product_brand":[554],"product_cat":[711,518,515,185,553],"product_tag":[1159],"class_list":{"0":"post-58084","1":"product","2":"type-product","3":"status-publish","4":"has-post-thumbnail","6":"product_brand-petite-maison","7":"product_cat-plaukams","8":"product_cat-plauku-lakai-putos-vaskas-ir-kitos-priemones","9":"product_cat-plauku-purskikliai","10":"product_cat-plauku-sampunai","11":"product_cat-veido-kaukes","12":"product_tag-petite-maison","14":"first","15":"instock","16":"sale","17":"taxable","18":"shipping-taxable","19":"purchasable","20":"product-type-simple"},"yoast_head":"<!-- This site is optimized with the Yoast SEO plugin v27.4 - https:\/\/yoast.com\/product\/yoast-seo-wordpress\/ -->\n<title>PETITE MAISON sausas \u0161amp\u016bnas su kokos\u0173 pienu apim\u010diai ir gaivumui COCONUT MILK, 100 ml - MalinaShop.lt J\u016bs\u0173 sveikatai ir gro\u017eiui.<\/title>\n<meta name=\"description\" content=\"Sausas \u0161amp\u016bnas su kokos\u0173 pienu sugeria riebalus, suteikia plaukams purumo, gaivumo ir ilgiau i\u0161laiko \u0161varos poj\u016bt\u012f.\" \/>\n<meta name=\"robots\" content=\"index, follow, max-snippet:-1, max-image-preview:large, max-video-preview:-1\" \/>\n<link rel=\"canonical\" href=\"https:\/\/www.malinashop.lt\/en\/shop\/petite-maison-sausas-sampunas-su-kokosu-pienu-apimciai-ir-gaivumui-coconut-milk-100-ml\/\" \/>\n<meta property=\"og:locale\" content=\"en_GB\" \/>\n<meta property=\"og:type\" content=\"article\" \/>\n<meta property=\"og:title\" content=\"PETITE MAISON sausas \u0161amp\u016bnas su kokos\u0173 pienu apim\u010diai ir gaivumui COCONUT MILK, 100 ml - MalinaShop.lt J\u016bs\u0173 sveikatai ir gro\u017eiui.\" \/>\n<meta property=\"og:description\" content=\"Sausas \u0161amp\u016bnas su kokos\u0173 pienu sugeria riebalus, suteikia plaukams purumo, gaivumo ir ilgiau i\u0161laiko \u0161varos poj\u016bt\u012f.\" \/>\n<meta property=\"og:url\" content=\"https:\/\/www.malinashop.lt\/en\/shop\/petite-maison-sausas-sampunas-su-kokosu-pienu-apimciai-ir-gaivumui-coconut-milk-100-ml\/\" \/>\n<meta property=\"og:site_name\" content=\"MalinaShop.lt J\u016bs\u0173 sveikatai ir gro\u017eiui.\" \/>\n<meta property=\"article:modified_time\" content=\"2026-03-18T09:31:15+00:00\" \/>\n<meta property=\"og:image\" content=\"https:\/\/www.malinashop.lt\/wp-content\/uploads\/2025\/09\/PETITE-MAISON-sausas-sampunas-su-kokosu-pienu-apimciai-ir-gaivumui-COCONUT-MILK-100-ml.webp\" \/>\n\t<meta property=\"og:image:width\" content=\"768\" \/>\n\t<meta property=\"og:image:height\" content=\"768\" \/>\n\t<meta property=\"og:image:type\" content=\"image\/webp\" \/>\n<meta name=\"twitter:card\" content=\"summary_large_image\" \/>\n<script type=\"application\/ld+json\" class=\"yoast-schema-graph\">{\"@context\":\"https:\\\/\\\/schema.org\",\"@graph\":[{\"@type\":\"WebPage\",\"@id\":\"https:\\\/\\\/www.malinashop.lt\\\/lt_lt\\\/shop\\\/petite-maison-sausas-sampunas-su-kokosu-pienu-apimciai-ir-gaivumui-coconut-milk-100-ml\\\/\",\"url\":\"https:\\\/\\\/www.malinashop.lt\\\/lt_lt\\\/shop\\\/petite-maison-sausas-sampunas-su-kokosu-pienu-apimciai-ir-gaivumui-coconut-milk-100-ml\\\/\",\"name\":\"PETITE MAISON sausas \u0161amp\u016bnas su kokos\u0173 pienu apim\u010diai ir gaivumui COCONUT MILK, 100 ml - MalinaShop.lt J\u016bs\u0173 sveikatai ir gro\u017eiui.\",\"isPartOf\":{\"@id\":\"https:\\\/\\\/www.malinashop.lt\\\/#website\"},\"primaryImageOfPage\":{\"@id\":\"https:\\\/\\\/www.malinashop.lt\\\/lt_lt\\\/shop\\\/petite-maison-sausas-sampunas-su-kokosu-pienu-apimciai-ir-gaivumui-coconut-milk-100-ml\\\/#primaryimage\"},\"image\":{\"@id\":\"https:\\\/\\\/www.malinashop.lt\\\/lt_lt\\\/shop\\\/petite-maison-sausas-sampunas-su-kokosu-pienu-apimciai-ir-gaivumui-coconut-milk-100-ml\\\/#primaryimage\"},\"thumbnailUrl\":\"https:\\\/\\\/www.malinashop.lt\\\/wp-content\\\/uploads\\\/2025\\\/09\\\/PETITE-MAISON-sausas-sampunas-su-kokosu-pienu-apimciai-ir-gaivumui-COCONUT-MILK-100-ml.webp\",\"datePublished\":\"2025-09-13T07:20:09+00:00\",\"dateModified\":\"2026-03-18T09:31:15+00:00\",\"description\":\"Sausas \u0161amp\u016bnas su kokos\u0173 pienu sugeria riebalus, suteikia plaukams purumo, gaivumo ir ilgiau i\u0161laiko \u0161varos poj\u016bt\u012f.\",\"breadcrumb\":{\"@id\":\"https:\\\/\\\/www.malinashop.lt\\\/lt_lt\\\/shop\\\/petite-maison-sausas-sampunas-su-kokosu-pienu-apimciai-ir-gaivumui-coconut-milk-100-ml\\\/#breadcrumb\"},\"inLanguage\":\"en-GB\",\"potentialAction\":[{\"@type\":\"ReadAction\",\"target\":[\"https:\\\/\\\/www.malinashop.lt\\\/lt_lt\\\/shop\\\/petite-maison-sausas-sampunas-su-kokosu-pienu-apimciai-ir-gaivumui-coconut-milk-100-ml\\\/\"]}]},{\"@type\":\"ImageObject\",\"inLanguage\":\"en-GB\",\"@id\":\"https:\\\/\\\/www.malinashop.lt\\\/lt_lt\\\/shop\\\/petite-maison-sausas-sampunas-su-kokosu-pienu-apimciai-ir-gaivumui-coconut-milk-100-ml\\\/#primaryimage\",\"url\":\"https:\\\/\\\/www.malinashop.lt\\\/wp-content\\\/uploads\\\/2025\\\/09\\\/PETITE-MAISON-sausas-sampunas-su-kokosu-pienu-apimciai-ir-gaivumui-COCONUT-MILK-100-ml.webp\",\"contentUrl\":\"https:\\\/\\\/www.malinashop.lt\\\/wp-content\\\/uploads\\\/2025\\\/09\\\/PETITE-MAISON-sausas-sampunas-su-kokosu-pienu-apimciai-ir-gaivumui-COCONUT-MILK-100-ml.webp\",\"width\":768,\"height\":768},{\"@type\":\"BreadcrumbList\",\"@id\":\"https:\\\/\\\/www.malinashop.lt\\\/lt_lt\\\/shop\\\/petite-maison-sausas-sampunas-su-kokosu-pienu-apimciai-ir-gaivumui-coconut-milk-100-ml\\\/#breadcrumb\",\"itemListElement\":[{\"@type\":\"ListItem\",\"position\":1,\"name\":\"Pagrindinis\",\"item\":\"https:\\\/\\\/www.malinashop.lt\\\/\"},{\"@type\":\"ListItem\",\"position\":2,\"name\":\"Parduotuv\u0117\",\"item\":\"https:\\\/\\\/www.malinashop.lt\\\/en\\\/parduotuve\\\/\"},{\"@type\":\"ListItem\",\"position\":3,\"name\":\"PETITE MAISON sausas \u0161amp\u016bnas su kokos\u0173 pienu apim\u010diai ir gaivumui COCONUT MILK, 100 ml\"}]},{\"@type\":\"WebSite\",\"@id\":\"https:\\\/\\\/www.malinashop.lt\\\/#website\",\"url\":\"https:\\\/\\\/www.malinashop.lt\\\/\",\"name\":\"COM Group Ecommerce\",\"description\":\"MalinaShop.lt - Gro\u017eio ir sveikatos produktai i\u0161 patikim\u0173 preki\u0173 \u017eenkl\u0173. Atraskite auk\u0161tos kokyb\u0117s kosmetik\u0105 u\u017e puiki\u0105 kain\u0105.\",\"publisher\":{\"@id\":\"https:\\\/\\\/www.malinashop.lt\\\/#organization\"},\"potentialAction\":[{\"@type\":\"SearchAction\",\"target\":{\"@type\":\"EntryPoint\",\"urlTemplate\":\"https:\\\/\\\/www.malinashop.lt\\\/?s={search_term_string}\"},\"query-input\":{\"@type\":\"PropertyValueSpecification\",\"valueRequired\":true,\"valueName\":\"search_term_string\"}}],\"inLanguage\":\"en-GB\"},{\"@type\":\"Organization\",\"@id\":\"https:\\\/\\\/www.malinashop.lt\\\/#organization\",\"name\":\"COM Group Ecommerce\",\"url\":\"https:\\\/\\\/www.malinashop.lt\\\/\",\"logo\":{\"@type\":\"ImageObject\",\"inLanguage\":\"en-GB\",\"@id\":\"https:\\\/\\\/www.malinashop.lt\\\/#\\\/schema\\\/logo\\\/image\\\/\",\"url\":\"https:\\\/\\\/www.malinashop.lt\\\/wp-content\\\/uploads\\\/2024\\\/08\\\/462559670_3787732518133670_9795632669273463_n-e1731525914575.png\",\"contentUrl\":\"https:\\\/\\\/www.malinashop.lt\\\/wp-content\\\/uploads\\\/2024\\\/08\\\/462559670_3787732518133670_9795632669273463_n-e1731525914575.png\",\"width\":180,\"height\":60,\"caption\":\"COM Group Ecommerce\"},\"image\":{\"@id\":\"https:\\\/\\\/www.malinashop.lt\\\/#\\\/schema\\\/logo\\\/image\\\/\"}}]}<\/script>\n<!-- \/ Yoast SEO plugin. -->","yoast_head_json":{"title":"PETITE MAISON sausas \u0161amp\u016bnas su kokos\u0173 pienu apim\u010diai ir gaivumui COCONUT MILK, 100 ml - MalinaShop.lt J\u016bs\u0173 sveikatai ir gro\u017eiui.","description":"Sausas \u0161amp\u016bnas su kokos\u0173 pienu sugeria riebalus, suteikia plaukams purumo, gaivumo ir ilgiau i\u0161laiko \u0161varos poj\u016bt\u012f.","robots":{"index":"index","follow":"follow","max-snippet":"max-snippet:-1","max-image-preview":"max-image-preview:large","max-video-preview":"max-video-preview:-1"},"canonical":"https:\/\/www.malinashop.lt\/en\/shop\/petite-maison-sausas-sampunas-su-kokosu-pienu-apimciai-ir-gaivumui-coconut-milk-100-ml\/","og_locale":"en_GB","og_type":"article","og_title":"PETITE MAISON sausas \u0161amp\u016bnas su kokos\u0173 pienu apim\u010diai ir gaivumui COCONUT MILK, 100 ml - MalinaShop.lt J\u016bs\u0173 sveikatai ir gro\u017eiui.","og_description":"Sausas \u0161amp\u016bnas su kokos\u0173 pienu sugeria riebalus, suteikia plaukams purumo, gaivumo ir ilgiau i\u0161laiko \u0161varos poj\u016bt\u012f.","og_url":"https:\/\/www.malinashop.lt\/en\/shop\/petite-maison-sausas-sampunas-su-kokosu-pienu-apimciai-ir-gaivumui-coconut-milk-100-ml\/","og_site_name":"MalinaShop.lt J\u016bs\u0173 sveikatai ir gro\u017eiui.","article_modified_time":"2026-03-18T09:31:15+00:00","og_image":[{"width":768,"height":768,"url":"https:\/\/www.malinashop.lt\/wp-content\/uploads\/2025\/09\/PETITE-MAISON-sausas-sampunas-su-kokosu-pienu-apimciai-ir-gaivumui-COCONUT-MILK-100-ml.webp","type":"image\/webp"}],"twitter_card":"summary_large_image","schema":{"@context":"https:\/\/schema.org","@graph":[{"@type":"WebPage","@id":"https:\/\/www.malinashop.lt\/lt_lt\/shop\/petite-maison-sausas-sampunas-su-kokosu-pienu-apimciai-ir-gaivumui-coconut-milk-100-ml\/","url":"https:\/\/www.malinashop.lt\/lt_lt\/shop\/petite-maison-sausas-sampunas-su-kokosu-pienu-apimciai-ir-gaivumui-coconut-milk-100-ml\/","name":"PETITE MAISON sausas \u0161amp\u016bnas su kokos\u0173 pienu apim\u010diai ir gaivumui COCONUT MILK, 100 ml - MalinaShop.lt J\u016bs\u0173 sveikatai ir gro\u017eiui.","isPartOf":{"@id":"https:\/\/www.malinashop.lt\/#website"},"primaryImageOfPage":{"@id":"https:\/\/www.malinashop.lt\/lt_lt\/shop\/petite-maison-sausas-sampunas-su-kokosu-pienu-apimciai-ir-gaivumui-coconut-milk-100-ml\/#primaryimage"},"image":{"@id":"https:\/\/www.malinashop.lt\/lt_lt\/shop\/petite-maison-sausas-sampunas-su-kokosu-pienu-apimciai-ir-gaivumui-coconut-milk-100-ml\/#primaryimage"},"thumbnailUrl":"https:\/\/www.malinashop.lt\/wp-content\/uploads\/2025\/09\/PETITE-MAISON-sausas-sampunas-su-kokosu-pienu-apimciai-ir-gaivumui-COCONUT-MILK-100-ml.webp","datePublished":"2025-09-13T07:20:09+00:00","dateModified":"2026-03-18T09:31:15+00:00","description":"Sausas \u0161amp\u016bnas su kokos\u0173 pienu sugeria riebalus, suteikia plaukams purumo, gaivumo ir ilgiau i\u0161laiko \u0161varos poj\u016bt\u012f.","breadcrumb":{"@id":"https:\/\/www.malinashop.lt\/lt_lt\/shop\/petite-maison-sausas-sampunas-su-kokosu-pienu-apimciai-ir-gaivumui-coconut-milk-100-ml\/#breadcrumb"},"inLanguage":"en-GB","potentialAction":[{"@type":"ReadAction","target":["https:\/\/www.malinashop.lt\/lt_lt\/shop\/petite-maison-sausas-sampunas-su-kokosu-pienu-apimciai-ir-gaivumui-coconut-milk-100-ml\/"]}]},{"@type":"ImageObject","inLanguage":"en-GB","@id":"https:\/\/www.malinashop.lt\/lt_lt\/shop\/petite-maison-sausas-sampunas-su-kokosu-pienu-apimciai-ir-gaivumui-coconut-milk-100-ml\/#primaryimage","url":"https:\/\/www.malinashop.lt\/wp-content\/uploads\/2025\/09\/PETITE-MAISON-sausas-sampunas-su-kokosu-pienu-apimciai-ir-gaivumui-COCONUT-MILK-100-ml.webp","contentUrl":"https:\/\/www.malinashop.lt\/wp-content\/uploads\/2025\/09\/PETITE-MAISON-sausas-sampunas-su-kokosu-pienu-apimciai-ir-gaivumui-COCONUT-MILK-100-ml.webp","width":768,"height":768},{"@type":"BreadcrumbList","@id":"https:\/\/www.malinashop.lt\/lt_lt\/shop\/petite-maison-sausas-sampunas-su-kokosu-pienu-apimciai-ir-gaivumui-coconut-milk-100-ml\/#breadcrumb","itemListElement":[{"@type":"ListItem","position":1,"name":"Pagrindinis","item":"https:\/\/www.malinashop.lt\/"},{"@type":"ListItem","position":2,"name":"Parduotuv\u0117","item":"https:\/\/www.malinashop.lt\/en\/parduotuve\/"},{"@type":"ListItem","position":3,"name":"PETITE MAISON sausas \u0161amp\u016bnas su kokos\u0173 pienu apim\u010diai ir gaivumui COCONUT MILK, 100 ml"}]},{"@type":"WebSite","@id":"https:\/\/www.malinashop.lt\/#website","url":"https:\/\/www.malinashop.lt\/","name":"COM Group Ecommerce","description":"MalinaShop.lt - Gro\u017eio ir sveikatos produktai i\u0161 patikim\u0173 preki\u0173 \u017eenkl\u0173. Atraskite auk\u0161tos kokyb\u0117s kosmetik\u0105 u\u017e puiki\u0105 kain\u0105.","publisher":{"@id":"https:\/\/www.malinashop.lt\/#organization"},"potentialAction":[{"@type":"SearchAction","target":{"@type":"EntryPoint","urlTemplate":"https:\/\/www.malinashop.lt\/?s={search_term_string}"},"query-input":{"@type":"PropertyValueSpecification","valueRequired":true,"valueName":"search_term_string"}}],"inLanguage":"en-GB"},{"@type":"Organization","@id":"https:\/\/www.malinashop.lt\/#organization","name":"COM Group Ecommerce","url":"https:\/\/www.malinashop.lt\/","logo":{"@type":"ImageObject","inLanguage":"en-GB","@id":"https:\/\/www.malinashop.lt\/#\/schema\/logo\/image\/","url":"https:\/\/www.malinashop.lt\/wp-content\/uploads\/2024\/08\/462559670_3787732518133670_9795632669273463_n-e1731525914575.png","contentUrl":"https:\/\/www.malinashop.lt\/wp-content\/uploads\/2024\/08\/462559670_3787732518133670_9795632669273463_n-e1731525914575.png","width":180,"height":60,"caption":"COM Group Ecommerce"},"image":{"@id":"https:\/\/www.malinashop.lt\/#\/schema\/logo\/image\/"}}]}},"jetpack_sharing_enabled":true,"_links":{"self":[{"href":"https:\/\/www.malinashop.lt\/en\/wp-json\/wp\/v2\/product\/58084","targetHints":{"allow":["GET"]}}],"collection":[{"href":"https:\/\/www.malinashop.lt\/en\/wp-json\/wp\/v2\/product"}],"about":[{"href":"https:\/\/www.malinashop.lt\/en\/wp-json\/wp\/v2\/types\/product"}],"version-history":[{"count":1,"href":"https:\/\/www.malinashop.lt\/en\/wp-json\/wp\/v2\/product\/58084\/revisions"}],"predecessor-version":[{"id":58086,"href":"https:\/\/www.malinashop.lt\/en\/wp-json\/wp\/v2\/product\/58084\/revisions\/58086"}],"wp:featuredmedia":[{"embeddable":true,"href":"https:\/\/www.malinashop.lt\/en\/wp-json\/wp\/v2\/media\/58085"}],"wp:attachment":[{"href":"https:\/\/www.malinashop.lt\/en\/wp-json\/wp\/v2\/media?parent=58084"}],"wp:term":[{"taxonomy":"product_brand","embeddable":true,"href":"https:\/\/www.malinashop.lt\/en\/wp-json\/wp\/v2\/product_brand?post=58084"},{"taxonomy":"product_cat","embeddable":true,"href":"https:\/\/www.malinashop.lt\/en\/wp-json\/wp\/v2\/product_cat?post=58084"},{"taxonomy":"product_tag","embeddable":true,"href":"https:\/\/www.malinashop.lt\/en\/wp-json\/wp\/v2\/product_tag?post=58084"}],"curies":[{"name":"wp","href":"https:\/\/api.w.org\/{rel}","templated":true}]}}