{"id":58072,"date":"2025-09-11T22:59:04","date_gmt":"2025-09-11T19:59:04","guid":{"rendered":"https:\/\/malinashop.lt\/?post_type=product&#038;p=58072"},"modified":"2026-04-06T19:03:48","modified_gmt":"2026-04-06T16:03:48","slug":"mia-makeup-ilgai-isliekantis-makiazo-pagrindas-su-spf25-true-lock-no-transfer-02-chantilly-35-ml","status":"publish","type":"product","link":"https:\/\/www.malinashop.lt\/en\/shop\/mia-makeup-ilgai-isliekantis-makiazo-pagrindas-su-spf25-true-lock-no-transfer-02-chantilly-35-ml\/","title":{"rendered":"MIA MAKEUP ilgai i\u0161liekantis makia\u017eo pagdas su SPF25 TRUE LOCK NO TRANSFER FOUNDATION 02 CHANTILLY, 35 ml"},"content":{"rendered":"<p>MIA MAKEUP <strong>TRUE LOCK NO TRANSFER FOUNDATION 02 CHANTILLY<\/strong> \u2013 makia\u017eo pagrindas, kuris derina <strong>vidutin\u012f\u2013auk\u0161t\u0105 maskavim\u0105<\/strong> ir <strong>lengv\u0105 tekst\u016br\u0105<\/strong>, suteikdamas nat\u016bral\u0173, glotn\u0173 bei spindint\u012f efekt\u0105. Priemon\u0117 paslepia odos netobulumus vienu \u017eingsniu, i\u0161lygina atspalv\u012f ir suteikia aksomin\u012f \u0161velnum\u0105.<\/p>\n<p>Formul\u0117 su <strong>SPF25<\/strong> saugo od\u0105 nuo kenksming\u0173 saul\u0117s spinduli\u0173, o matin\u0117, ilgai i\u0161liekanti danga u\u017etikrina nepriekai\u0161ting\u0105 rezultat\u0105 vis\u0105 dien\u0105.<\/p>\n<p><strong>Pagrindiniai ingredientai ir savyb\u0117s:<\/strong><\/p>\n<ul>\n<li>\n<p><strong>Sald\u017ei\u0173j\u0173 migdol\u0173 aliejus<\/strong> \u2013 maitina ir mink\u0161tina od\u0105.<\/p>\n<\/li>\n<li>\n<p><strong>Vitamino E kompleksas<\/strong> \u2013 antioksidantas, saugo nuo aplinkos poveikio.<\/p>\n<\/li>\n<li>\n<p><strong>Pantenolis<\/strong> \u2013 ramina ir dr\u0117kina od\u0105.<\/p>\n<\/li>\n<\/ul>\n<p>Makia\u017eo pagrindas nesukelia sunkumo jausmo, tod\u0117l oda atrodo nat\u016braliai ir i\u0161lieka gaivi.<\/p>\n<p><strong>Naudojimas:<\/strong><br \/>Tepkite ant \u0161varios veido odos. Geriausiam rezultatui naudokite makia\u017eo \u0161epet\u0117l\u012f arba kempin\u0117l\u0119 (blender\u012f).<\/p>\n","protected":false},"excerpt":{"rendered":"<p>MIA MAKEUP TRUE LOCK NO TRANSFER FOUNDATION 02 CHANTILLY \u2013 makia\u017eo pagrindas, kuris derina vidutin\u012f\u2013auk\u0161t\u0105 maskavim\u0105 ir lengv\u0105 tekst\u016br\u0105 , suteikdamas nat\u016bral\u0173, glotn\u0173 bei spindint\u012f efekt\u0105.<\/p>\n","protected":false},"featured_media":58079,"template":"","meta":[],"product_brand":[522],"product_cat":[102,530],"product_tag":[1633],"class_list":{"0":"post-58072","1":"product","2":"type-product","3":"status-publish","4":"has-post-thumbnail","6":"product_brand-mia-makeup","7":"product_cat-dekoratyvine-kosmetika","8":"product_cat-makiazo-pagrindas","9":"product_tag-mia-makeup","11":"first","12":"instock","13":"sale","14":"taxable","15":"shipping-taxable","16":"purchasable","17":"product-type-simple"},"yoast_head":"<!-- This site is optimized with the Yoast SEO plugin v27.4 - https:\/\/yoast.com\/product\/yoast-seo-wordpress\/ -->\n<title>MIA MAKEUP ilgai i\u0161liekantis makia\u017eo pagdas su SPF25 TRUE LOCK NO TRANSFER FOUNDATION 02 CHANTILLY, 35 ml - MalinaShop.lt J\u016bs\u0173 sveikatai ir gro\u017eiui.<\/title>\n<meta name=\"description\" content=\"MIA MAKEUP TRUE LOCK NO TRANSFER FOUNDATION 02 CHANTILLY \u2013 makia\u017eo pagrindas, kuris derina vidutin\u012f\u2013auk\u0161t\u0105 maskavim\u0105 ir lengv\u0105 tekst\u016br\u0105 , suteikdamas nat\u016bral\u0173, glotn\u0173 bei spindint\u012f efekt\u0105. Ilgai i\u0161liekantis MIA MAKEUP makia\u017eo pagrindas su SPF25 maskuoja netobulumus ir suteikia nat\u016bral\u0173, glotn\u0173 efekt\u0105.\" \/>\n<meta name=\"robots\" content=\"index, follow, max-snippet:-1, max-image-preview:large, max-video-preview:-1\" \/>\n<link rel=\"canonical\" href=\"https:\/\/www.malinashop.lt\/en\/shop\/mia-makeup-ilgai-isliekantis-makiazo-pagrindas-su-spf25-true-lock-no-transfer-02-chantilly-35-ml\/\" \/>\n<meta property=\"og:locale\" content=\"en_GB\" \/>\n<meta property=\"og:type\" content=\"article\" \/>\n<meta property=\"og:title\" content=\"MIA MAKEUP ilgai i\u0161liekantis makia\u017eo pagdas su SPF25 TRUE LOCK NO TRANSFER FOUNDATION 02 CHANTILLY, 35 ml - MalinaShop.lt J\u016bs\u0173 sveikatai ir gro\u017eiui.\" \/>\n<meta property=\"og:description\" content=\"MIA MAKEUP TRUE LOCK NO TRANSFER FOUNDATION 02 CHANTILLY \u2013 makia\u017eo pagrindas, kuris derina vidutin\u012f\u2013auk\u0161t\u0105 maskavim\u0105 ir lengv\u0105 tekst\u016br\u0105 , suteikdamas nat\u016bral\u0173, glotn\u0173 bei spindint\u012f efekt\u0105. Ilgai i\u0161liekantis MIA MAKEUP makia\u017eo pagrindas su SPF25 maskuoja netobulumus ir suteikia nat\u016bral\u0173, glotn\u0173 efekt\u0105.\" \/>\n<meta property=\"og:url\" content=\"https:\/\/www.malinashop.lt\/en\/shop\/mia-makeup-ilgai-isliekantis-makiazo-pagrindas-su-spf25-true-lock-no-transfer-02-chantilly-35-ml\/\" \/>\n<meta property=\"og:site_name\" content=\"MalinaShop.lt J\u016bs\u0173 sveikatai ir gro\u017eiui.\" \/>\n<meta property=\"article:modified_time\" content=\"2026-04-06T16:03:48+00:00\" \/>\n<meta property=\"og:image\" content=\"https:\/\/www.malinashop.lt\/wp-content\/uploads\/2025\/09\/MIA-MAKEUP-ilgai-isliekantis-makiazo-pagrindas-su-SPF25-TRUE-LOCK-NO-TRANSFER-02-CHANTILLY-35-ml.webp\" \/>\n\t<meta property=\"og:image:width\" content=\"768\" \/>\n\t<meta property=\"og:image:height\" content=\"768\" \/>\n\t<meta property=\"og:image:type\" content=\"image\/webp\" \/>\n<meta name=\"twitter:card\" content=\"summary_large_image\" \/>\n<script type=\"application\/ld+json\" class=\"yoast-schema-graph\">{\"@context\":\"https:\\\/\\\/schema.org\",\"@graph\":[{\"@type\":\"WebPage\",\"@id\":\"https:\\\/\\\/www.malinashop.lt\\\/lt_lt\\\/shop\\\/mia-makeup-ilgai-isliekantis-makiazo-pagrindas-su-spf25-true-lock-no-transfer-02-chantilly-35-ml\\\/\",\"url\":\"https:\\\/\\\/www.malinashop.lt\\\/lt_lt\\\/shop\\\/mia-makeup-ilgai-isliekantis-makiazo-pagrindas-su-spf25-true-lock-no-transfer-02-chantilly-35-ml\\\/\",\"name\":\"MIA MAKEUP ilgai i\u0161liekantis makia\u017eo pagdas su SPF25 TRUE LOCK NO TRANSFER FOUNDATION 02 CHANTILLY, 35 ml - MalinaShop.lt J\u016bs\u0173 sveikatai ir gro\u017eiui.\",\"isPartOf\":{\"@id\":\"https:\\\/\\\/www.malinashop.lt\\\/#website\"},\"primaryImageOfPage\":{\"@id\":\"https:\\\/\\\/www.malinashop.lt\\\/lt_lt\\\/shop\\\/mia-makeup-ilgai-isliekantis-makiazo-pagrindas-su-spf25-true-lock-no-transfer-02-chantilly-35-ml\\\/#primaryimage\"},\"image\":{\"@id\":\"https:\\\/\\\/www.malinashop.lt\\\/lt_lt\\\/shop\\\/mia-makeup-ilgai-isliekantis-makiazo-pagrindas-su-spf25-true-lock-no-transfer-02-chantilly-35-ml\\\/#primaryimage\"},\"thumbnailUrl\":\"https:\\\/\\\/www.malinashop.lt\\\/wp-content\\\/uploads\\\/2025\\\/09\\\/MIA-MAKEUP-ilgai-isliekantis-makiazo-pagrindas-su-SPF25-TRUE-LOCK-NO-TRANSFER-02-CHANTILLY-35-ml.webp\",\"datePublished\":\"2025-09-11T19:59:04+00:00\",\"dateModified\":\"2026-04-06T16:03:48+00:00\",\"description\":\"MIA MAKEUP TRUE LOCK NO TRANSFER FOUNDATION 02 CHANTILLY \u2013 makia\u017eo pagrindas, kuris derina vidutin\u012f\u2013auk\u0161t\u0105 maskavim\u0105 ir lengv\u0105 tekst\u016br\u0105 , suteikdamas nat\u016bral\u0173, glotn\u0173 bei spindint\u012f efekt\u0105. Ilgai i\u0161liekantis MIA MAKEUP makia\u017eo pagrindas su SPF25 maskuoja netobulumus ir suteikia nat\u016bral\u0173, glotn\u0173 efekt\u0105.\",\"breadcrumb\":{\"@id\":\"https:\\\/\\\/www.malinashop.lt\\\/lt_lt\\\/shop\\\/mia-makeup-ilgai-isliekantis-makiazo-pagrindas-su-spf25-true-lock-no-transfer-02-chantilly-35-ml\\\/#breadcrumb\"},\"inLanguage\":\"en-GB\",\"potentialAction\":[{\"@type\":\"ReadAction\",\"target\":[\"https:\\\/\\\/www.malinashop.lt\\\/lt_lt\\\/shop\\\/mia-makeup-ilgai-isliekantis-makiazo-pagrindas-su-spf25-true-lock-no-transfer-02-chantilly-35-ml\\\/\"]}]},{\"@type\":\"ImageObject\",\"inLanguage\":\"en-GB\",\"@id\":\"https:\\\/\\\/www.malinashop.lt\\\/lt_lt\\\/shop\\\/mia-makeup-ilgai-isliekantis-makiazo-pagrindas-su-spf25-true-lock-no-transfer-02-chantilly-35-ml\\\/#primaryimage\",\"url\":\"https:\\\/\\\/www.malinashop.lt\\\/wp-content\\\/uploads\\\/2025\\\/09\\\/MIA-MAKEUP-ilgai-isliekantis-makiazo-pagrindas-su-SPF25-TRUE-LOCK-NO-TRANSFER-02-CHANTILLY-35-ml.webp\",\"contentUrl\":\"https:\\\/\\\/www.malinashop.lt\\\/wp-content\\\/uploads\\\/2025\\\/09\\\/MIA-MAKEUP-ilgai-isliekantis-makiazo-pagrindas-su-SPF25-TRUE-LOCK-NO-TRANSFER-02-CHANTILLY-35-ml.webp\",\"width\":768,\"height\":768},{\"@type\":\"BreadcrumbList\",\"@id\":\"https:\\\/\\\/www.malinashop.lt\\\/lt_lt\\\/shop\\\/mia-makeup-ilgai-isliekantis-makiazo-pagrindas-su-spf25-true-lock-no-transfer-02-chantilly-35-ml\\\/#breadcrumb\",\"itemListElement\":[{\"@type\":\"ListItem\",\"position\":1,\"name\":\"Pagrindinis\",\"item\":\"https:\\\/\\\/www.malinashop.lt\\\/\"},{\"@type\":\"ListItem\",\"position\":2,\"name\":\"Parduotuv\u0117\",\"item\":\"https:\\\/\\\/www.malinashop.lt\\\/en\\\/parduotuve\\\/\"},{\"@type\":\"ListItem\",\"position\":3,\"name\":\"MIA MAKEUP ilgai i\u0161liekantis makia\u017eo pagdas su SPF25 TRUE LOCK NO TRANSFER FOUNDATION 02 CHANTILLY, 35 ml\"}]},{\"@type\":\"WebSite\",\"@id\":\"https:\\\/\\\/www.malinashop.lt\\\/#website\",\"url\":\"https:\\\/\\\/www.malinashop.lt\\\/\",\"name\":\"COM Group Ecommerce\",\"description\":\"MalinaShop.lt - Gro\u017eio ir sveikatos produktai i\u0161 patikim\u0173 preki\u0173 \u017eenkl\u0173. Atraskite auk\u0161tos kokyb\u0117s kosmetik\u0105 u\u017e puiki\u0105 kain\u0105.\",\"publisher\":{\"@id\":\"https:\\\/\\\/www.malinashop.lt\\\/#organization\"},\"potentialAction\":[{\"@type\":\"SearchAction\",\"target\":{\"@type\":\"EntryPoint\",\"urlTemplate\":\"https:\\\/\\\/www.malinashop.lt\\\/?s={search_term_string}\"},\"query-input\":{\"@type\":\"PropertyValueSpecification\",\"valueRequired\":true,\"valueName\":\"search_term_string\"}}],\"inLanguage\":\"en-GB\"},{\"@type\":\"Organization\",\"@id\":\"https:\\\/\\\/www.malinashop.lt\\\/#organization\",\"name\":\"COM Group Ecommerce\",\"url\":\"https:\\\/\\\/www.malinashop.lt\\\/\",\"logo\":{\"@type\":\"ImageObject\",\"inLanguage\":\"en-GB\",\"@id\":\"https:\\\/\\\/www.malinashop.lt\\\/#\\\/schema\\\/logo\\\/image\\\/\",\"url\":\"https:\\\/\\\/www.malinashop.lt\\\/wp-content\\\/uploads\\\/2024\\\/08\\\/462559670_3787732518133670_9795632669273463_n-e1731525914575.png\",\"contentUrl\":\"https:\\\/\\\/www.malinashop.lt\\\/wp-content\\\/uploads\\\/2024\\\/08\\\/462559670_3787732518133670_9795632669273463_n-e1731525914575.png\",\"width\":180,\"height\":60,\"caption\":\"COM Group Ecommerce\"},\"image\":{\"@id\":\"https:\\\/\\\/www.malinashop.lt\\\/#\\\/schema\\\/logo\\\/image\\\/\"}}]}<\/script>\n<!-- \/ Yoast SEO plugin. -->","yoast_head_json":{"title":"MIA MAKEUP ilgai i\u0161liekantis makia\u017eo pagdas su SPF25 TRUE LOCK NO TRANSFER FOUNDATION 02 CHANTILLY, 35 ml - MalinaShop.lt J\u016bs\u0173 sveikatai ir gro\u017eiui.","description":"MIA MAKEUP TRUE LOCK NO TRANSFER FOUNDATION 02 CHANTILLY \u2013 makia\u017eo pagrindas, kuris derina vidutin\u012f\u2013auk\u0161t\u0105 maskavim\u0105 ir lengv\u0105 tekst\u016br\u0105 , suteikdamas nat\u016bral\u0173, glotn\u0173 bei spindint\u012f efekt\u0105. Ilgai i\u0161liekantis MIA MAKEUP makia\u017eo pagrindas su SPF25 maskuoja netobulumus ir suteikia nat\u016bral\u0173, glotn\u0173 efekt\u0105.","robots":{"index":"index","follow":"follow","max-snippet":"max-snippet:-1","max-image-preview":"max-image-preview:large","max-video-preview":"max-video-preview:-1"},"canonical":"https:\/\/www.malinashop.lt\/en\/shop\/mia-makeup-ilgai-isliekantis-makiazo-pagrindas-su-spf25-true-lock-no-transfer-02-chantilly-35-ml\/","og_locale":"en_GB","og_type":"article","og_title":"MIA MAKEUP ilgai i\u0161liekantis makia\u017eo pagdas su SPF25 TRUE LOCK NO TRANSFER FOUNDATION 02 CHANTILLY, 35 ml - MalinaShop.lt J\u016bs\u0173 sveikatai ir gro\u017eiui.","og_description":"MIA MAKEUP TRUE LOCK NO TRANSFER FOUNDATION 02 CHANTILLY \u2013 makia\u017eo pagrindas, kuris derina vidutin\u012f\u2013auk\u0161t\u0105 maskavim\u0105 ir lengv\u0105 tekst\u016br\u0105 , suteikdamas nat\u016bral\u0173, glotn\u0173 bei spindint\u012f efekt\u0105. Ilgai i\u0161liekantis MIA MAKEUP makia\u017eo pagrindas su SPF25 maskuoja netobulumus ir suteikia nat\u016bral\u0173, glotn\u0173 efekt\u0105.","og_url":"https:\/\/www.malinashop.lt\/en\/shop\/mia-makeup-ilgai-isliekantis-makiazo-pagrindas-su-spf25-true-lock-no-transfer-02-chantilly-35-ml\/","og_site_name":"MalinaShop.lt J\u016bs\u0173 sveikatai ir gro\u017eiui.","article_modified_time":"2026-04-06T16:03:48+00:00","og_image":[{"width":768,"height":768,"url":"https:\/\/www.malinashop.lt\/wp-content\/uploads\/2025\/09\/MIA-MAKEUP-ilgai-isliekantis-makiazo-pagrindas-su-SPF25-TRUE-LOCK-NO-TRANSFER-02-CHANTILLY-35-ml.webp","type":"image\/webp"}],"twitter_card":"summary_large_image","schema":{"@context":"https:\/\/schema.org","@graph":[{"@type":"WebPage","@id":"https:\/\/www.malinashop.lt\/lt_lt\/shop\/mia-makeup-ilgai-isliekantis-makiazo-pagrindas-su-spf25-true-lock-no-transfer-02-chantilly-35-ml\/","url":"https:\/\/www.malinashop.lt\/lt_lt\/shop\/mia-makeup-ilgai-isliekantis-makiazo-pagrindas-su-spf25-true-lock-no-transfer-02-chantilly-35-ml\/","name":"MIA MAKEUP ilgai i\u0161liekantis makia\u017eo pagdas su SPF25 TRUE LOCK NO TRANSFER FOUNDATION 02 CHANTILLY, 35 ml - MalinaShop.lt J\u016bs\u0173 sveikatai ir gro\u017eiui.","isPartOf":{"@id":"https:\/\/www.malinashop.lt\/#website"},"primaryImageOfPage":{"@id":"https:\/\/www.malinashop.lt\/lt_lt\/shop\/mia-makeup-ilgai-isliekantis-makiazo-pagrindas-su-spf25-true-lock-no-transfer-02-chantilly-35-ml\/#primaryimage"},"image":{"@id":"https:\/\/www.malinashop.lt\/lt_lt\/shop\/mia-makeup-ilgai-isliekantis-makiazo-pagrindas-su-spf25-true-lock-no-transfer-02-chantilly-35-ml\/#primaryimage"},"thumbnailUrl":"https:\/\/www.malinashop.lt\/wp-content\/uploads\/2025\/09\/MIA-MAKEUP-ilgai-isliekantis-makiazo-pagrindas-su-SPF25-TRUE-LOCK-NO-TRANSFER-02-CHANTILLY-35-ml.webp","datePublished":"2025-09-11T19:59:04+00:00","dateModified":"2026-04-06T16:03:48+00:00","description":"MIA MAKEUP TRUE LOCK NO TRANSFER FOUNDATION 02 CHANTILLY \u2013 makia\u017eo pagrindas, kuris derina vidutin\u012f\u2013auk\u0161t\u0105 maskavim\u0105 ir lengv\u0105 tekst\u016br\u0105 , suteikdamas nat\u016bral\u0173, glotn\u0173 bei spindint\u012f efekt\u0105. Ilgai i\u0161liekantis MIA MAKEUP makia\u017eo pagrindas su SPF25 maskuoja netobulumus ir suteikia nat\u016bral\u0173, glotn\u0173 efekt\u0105.","breadcrumb":{"@id":"https:\/\/www.malinashop.lt\/lt_lt\/shop\/mia-makeup-ilgai-isliekantis-makiazo-pagrindas-su-spf25-true-lock-no-transfer-02-chantilly-35-ml\/#breadcrumb"},"inLanguage":"en-GB","potentialAction":[{"@type":"ReadAction","target":["https:\/\/www.malinashop.lt\/lt_lt\/shop\/mia-makeup-ilgai-isliekantis-makiazo-pagrindas-su-spf25-true-lock-no-transfer-02-chantilly-35-ml\/"]}]},{"@type":"ImageObject","inLanguage":"en-GB","@id":"https:\/\/www.malinashop.lt\/lt_lt\/shop\/mia-makeup-ilgai-isliekantis-makiazo-pagrindas-su-spf25-true-lock-no-transfer-02-chantilly-35-ml\/#primaryimage","url":"https:\/\/www.malinashop.lt\/wp-content\/uploads\/2025\/09\/MIA-MAKEUP-ilgai-isliekantis-makiazo-pagrindas-su-SPF25-TRUE-LOCK-NO-TRANSFER-02-CHANTILLY-35-ml.webp","contentUrl":"https:\/\/www.malinashop.lt\/wp-content\/uploads\/2025\/09\/MIA-MAKEUP-ilgai-isliekantis-makiazo-pagrindas-su-SPF25-TRUE-LOCK-NO-TRANSFER-02-CHANTILLY-35-ml.webp","width":768,"height":768},{"@type":"BreadcrumbList","@id":"https:\/\/www.malinashop.lt\/lt_lt\/shop\/mia-makeup-ilgai-isliekantis-makiazo-pagrindas-su-spf25-true-lock-no-transfer-02-chantilly-35-ml\/#breadcrumb","itemListElement":[{"@type":"ListItem","position":1,"name":"Pagrindinis","item":"https:\/\/www.malinashop.lt\/"},{"@type":"ListItem","position":2,"name":"Parduotuv\u0117","item":"https:\/\/www.malinashop.lt\/en\/parduotuve\/"},{"@type":"ListItem","position":3,"name":"MIA MAKEUP ilgai i\u0161liekantis makia\u017eo pagdas su SPF25 TRUE LOCK NO TRANSFER FOUNDATION 02 CHANTILLY, 35 ml"}]},{"@type":"WebSite","@id":"https:\/\/www.malinashop.lt\/#website","url":"https:\/\/www.malinashop.lt\/","name":"COM Group Ecommerce","description":"MalinaShop.lt - Gro\u017eio ir sveikatos produktai i\u0161 patikim\u0173 preki\u0173 \u017eenkl\u0173. Atraskite auk\u0161tos kokyb\u0117s kosmetik\u0105 u\u017e puiki\u0105 kain\u0105.","publisher":{"@id":"https:\/\/www.malinashop.lt\/#organization"},"potentialAction":[{"@type":"SearchAction","target":{"@type":"EntryPoint","urlTemplate":"https:\/\/www.malinashop.lt\/?s={search_term_string}"},"query-input":{"@type":"PropertyValueSpecification","valueRequired":true,"valueName":"search_term_string"}}],"inLanguage":"en-GB"},{"@type":"Organization","@id":"https:\/\/www.malinashop.lt\/#organization","name":"COM Group Ecommerce","url":"https:\/\/www.malinashop.lt\/","logo":{"@type":"ImageObject","inLanguage":"en-GB","@id":"https:\/\/www.malinashop.lt\/#\/schema\/logo\/image\/","url":"https:\/\/www.malinashop.lt\/wp-content\/uploads\/2024\/08\/462559670_3787732518133670_9795632669273463_n-e1731525914575.png","contentUrl":"https:\/\/www.malinashop.lt\/wp-content\/uploads\/2024\/08\/462559670_3787732518133670_9795632669273463_n-e1731525914575.png","width":180,"height":60,"caption":"COM Group Ecommerce"},"image":{"@id":"https:\/\/www.malinashop.lt\/#\/schema\/logo\/image\/"}}]}},"jetpack_sharing_enabled":true,"_links":{"self":[{"href":"https:\/\/www.malinashop.lt\/en\/wp-json\/wp\/v2\/product\/58072","targetHints":{"allow":["GET"]}}],"collection":[{"href":"https:\/\/www.malinashop.lt\/en\/wp-json\/wp\/v2\/product"}],"about":[{"href":"https:\/\/www.malinashop.lt\/en\/wp-json\/wp\/v2\/types\/product"}],"version-history":[{"count":4,"href":"https:\/\/www.malinashop.lt\/en\/wp-json\/wp\/v2\/product\/58072\/revisions"}],"predecessor-version":[{"id":76323,"href":"https:\/\/www.malinashop.lt\/en\/wp-json\/wp\/v2\/product\/58072\/revisions\/76323"}],"wp:featuredmedia":[{"embeddable":true,"href":"https:\/\/www.malinashop.lt\/en\/wp-json\/wp\/v2\/media\/58079"}],"wp:attachment":[{"href":"https:\/\/www.malinashop.lt\/en\/wp-json\/wp\/v2\/media?parent=58072"}],"wp:term":[{"taxonomy":"product_brand","embeddable":true,"href":"https:\/\/www.malinashop.lt\/en\/wp-json\/wp\/v2\/product_brand?post=58072"},{"taxonomy":"product_cat","embeddable":true,"href":"https:\/\/www.malinashop.lt\/en\/wp-json\/wp\/v2\/product_cat?post=58072"},{"taxonomy":"product_tag","embeddable":true,"href":"https:\/\/www.malinashop.lt\/en\/wp-json\/wp\/v2\/product_tag?post=58072"}],"curies":[{"name":"wp","href":"https:\/\/api.w.org\/{rel}","templated":true}]}}