{"id":58066,"date":"2025-09-11T22:53:23","date_gmt":"2025-09-11T19:53:23","guid":{"rendered":"https:\/\/malinashop.lt\/?post_type=product&#038;p=58066"},"modified":"2026-02-10T13:27:11","modified_gmt":"2026-02-10T10:27:11","slug":"mjcare-nulupama-sveiciamoji-pedu-kauke-kojines-minkstai-ir-glotniai-odai-soft-foot-peeling-pack-113-g","status":"publish","type":"product","link":"https:\/\/www.malinashop.lt\/en\/shop\/mjcare-nulupama-sveiciamoji-pedu-kauke-kojines-minkstai-ir-glotniai-odai-soft-foot-peeling-pack-113-g\/","title":{"rendered":"MJCARE nulupama \u0161vei\u010diamoji p\u0117d\u0173 kauk\u0117\u2013kojin\u0117s mink\u0161tai ir glotniai odai SOFT FOOT PEELING PACK, 113 g"},"content":{"rendered":"<p data-start=\"239\" data-end=\"633\">MJCARE <strong data-start=\"263\" data-end=\"289\">SOFT FOOT PEELING PACK<\/strong> \u2013 nulupama p\u0117d\u0173 kauk\u0117\u2013kojin\u0117s, sukurtos efektyviai pa\u0161alinti surag\u0117jusi\u0105 ir \u0161iurk\u0161\u010di\u0105 od\u0105. \u0160vei\u010diamoji formul\u0117 su <strong data-start=\"404\" data-end=\"422\">sraigi\u0173 mucinu<\/strong>, <strong data-start=\"424\" data-end=\"441\">beta-gliukanu<\/strong> ir augaliniais ekstraktais atkuria p\u0117d\u0173 \u0161velnum\u0105, dr\u0117gm\u0119 bei glotnum\u0105. Vos po vieno naudojimo oda tampa pastebimai mink\u0161tesn\u0117, o gaivus citrin\u0173 aromatas suteikia maloni\u0105 prie\u017ei\u016bros patirt\u012f.<\/p>\n<p data-start=\"635\" data-end=\"665\"><strong data-start=\"635\" data-end=\"663\">Pagrindiniai privalumai:<\/strong><\/p>\n<ul data-start=\"666\" data-end=\"908\">\n<li data-start=\"666\" data-end=\"718\">\n<p data-start=\"668\" data-end=\"718\">Pa\u0161alina surag\u0117jusi\u0105 od\u0105 vos po vieno naudojimo.<\/p>\n<\/li>\n<li data-start=\"719\" data-end=\"753\">\n<p data-start=\"721\" data-end=\"753\">Dr\u0117kina ir mink\u0161tina p\u0117d\u0173 od\u0105.<\/p>\n<\/li>\n<li data-start=\"754\" data-end=\"826\">\n<p data-start=\"756\" data-end=\"826\">Sud\u0117tyje \u2013 sraigi\u0173 mucinas, beta-gliukanas ir augaliniai ekstraktai.<\/p>\n<\/li>\n<li data-start=\"827\" data-end=\"860\">\n<p data-start=\"829\" data-end=\"860\">Suteikia gaiv\u0173 citrin\u0173 kvap\u0105.<\/p>\n<\/li>\n<li data-start=\"861\" data-end=\"908\">\n<p data-start=\"863\" data-end=\"908\">Patogios vienkartin\u0117s \u0161vei\u010dian\u010dios kojin\u0117s.<\/p>\n<\/li>\n<\/ul>\n<p data-start=\"910\" data-end=\"927\"><strong data-start=\"910\" data-end=\"925\">Naudojimas:<\/strong><\/p>\n<ol data-start=\"928\" data-end=\"1206\">\n<li data-start=\"928\" data-end=\"975\">\n<p data-start=\"931\" data-end=\"975\">U\u017esid\u0117kite kauk\u0117s kojines ant \u0161vari\u0173 p\u0117d\u0173.<\/p>\n<\/li>\n<li data-start=\"976\" data-end=\"1010\">\n<p data-start=\"979\" data-end=\"1010\">\u012epilkite esencijos \u012f kojines.<\/p>\n<\/li>\n<li data-start=\"1011\" data-end=\"1061\">\n<p data-start=\"1014\" data-end=\"1061\">U\u017efiksuokite lipdukais ir laikykite ~1,5 val.<\/p>\n<\/li>\n<li data-start=\"1062\" data-end=\"1106\">\n<p data-start=\"1065\" data-end=\"1106\">Nu\u0117mus nuplaukite p\u0117das \u0161iltu vandeniu.<\/p>\n<\/li>\n<li data-start=\"1107\" data-end=\"1206\">\n<p data-start=\"1110\" data-end=\"1206\">Negyvos odos \u0161erpetojimas prasid\u0117s po 4\u20136 dien\u0173 (neskuskite ir nepl\u0117\u0161kite odos per prievart\u0105).<\/p>\n<\/li>\n<\/ol>\n<p data-start=\"1208\" data-end=\"1442\"><strong data-start=\"1208\" data-end=\"1222\">\u012esp\u0117jimai:<\/strong> Tik i\u0161oriniam naudojimui. Laikyti vaikams nepasiekiamoje vietoje. Vengti patekimo \u012f akis. Nenaudoti ant rand\u0173, sudirgusios ar pa\u017eeistos odos. Laikyti atokiai nuo tiesiogini\u0173 saul\u0117s spinduli\u0173 ir temperat\u016bros svyravim\u0173.<\/p>\n","protected":false},"excerpt":{"rendered":"<p>MJCARE SOFT FOOT PEELING PACK \u2013 nulupama p\u0117d\u0173 kauk\u0117\u2013kojin\u0117s, sukurtos efektyviai pa\u0161alinti surag\u0117jusi\u0105 ir \u0161iurk\u0161\u010di\u0105 od\u0105. \u0160vei\u010diamoji formul\u0117 su sraigi\u0173 mucinu, beta-gliukanu&hellip;<\/p>\n","protected":false},"featured_media":58067,"template":"","meta":[],"product_brand":[1150],"product_cat":[731],"product_tag":[1634],"class_list":{"0":"post-58066","1":"product","2":"type-product","3":"status-publish","4":"has-post-thumbnail","6":"product_brand-mjcare","7":"product_cat-kunui","8":"product_tag-mjcare","10":"first","11":"instock","12":"sale","13":"featured","14":"taxable","15":"shipping-taxable","16":"purchasable","17":"product-type-simple"},"yoast_head":"<!-- This site is optimized with the Yoast SEO plugin v27.4 - https:\/\/yoast.com\/product\/yoast-seo-wordpress\/ -->\n<title>MJCARE nulupama \u0161vei\u010diamoji p\u0117d\u0173 kauk\u0117\u2013kojin\u0117s mink\u0161tai ir glotniai odai SOFT FOOT PEELING PACK, 113 g - MalinaShop.lt J\u016bs\u0173 sveikatai ir gro\u017eiui.<\/title>\n<meta name=\"description\" content=\"Nulupama p\u0117d\u0173 kauk\u0117\u2013kojin\u0117s su sraigi\u0173 mucinu ir augaliniais ekstraktais pa\u0161alina surag\u0117jusi\u0105 od\u0105 ir atkuria \u0161velnias p\u0117das.\" \/>\n<meta name=\"robots\" content=\"index, follow, max-snippet:-1, max-image-preview:large, max-video-preview:-1\" \/>\n<link rel=\"canonical\" href=\"https:\/\/www.malinashop.lt\/en\/shop\/mjcare-nulupama-sveiciamoji-pedu-kauke-kojines-minkstai-ir-glotniai-odai-soft-foot-peeling-pack-113-g\/\" \/>\n<meta property=\"og:locale\" content=\"en_GB\" \/>\n<meta property=\"og:type\" content=\"article\" \/>\n<meta property=\"og:title\" content=\"MJCARE nulupama \u0161vei\u010diamoji p\u0117d\u0173 kauk\u0117\u2013kojin\u0117s mink\u0161tai ir glotniai odai SOFT FOOT PEELING PACK, 113 g - MalinaShop.lt J\u016bs\u0173 sveikatai ir gro\u017eiui.\" \/>\n<meta property=\"og:description\" content=\"Nulupama p\u0117d\u0173 kauk\u0117\u2013kojin\u0117s su sraigi\u0173 mucinu ir augaliniais ekstraktais pa\u0161alina surag\u0117jusi\u0105 od\u0105 ir atkuria \u0161velnias p\u0117das.\" \/>\n<meta property=\"og:url\" content=\"https:\/\/www.malinashop.lt\/en\/shop\/mjcare-nulupama-sveiciamoji-pedu-kauke-kojines-minkstai-ir-glotniai-odai-soft-foot-peeling-pack-113-g\/\" \/>\n<meta property=\"og:site_name\" content=\"MalinaShop.lt J\u016bs\u0173 sveikatai ir gro\u017eiui.\" \/>\n<meta property=\"article:modified_time\" content=\"2026-02-10T10:27:11+00:00\" \/>\n<meta property=\"og:image\" content=\"https:\/\/www.malinashop.lt\/wp-content\/uploads\/2025\/09\/MJCARE-nulupama-sveiciamoji-pedu-kauke\u2013kojines-minkstai-ir-glotniai-odai-SOFT-FOOT-PEELING-PACK-113-g.webp\" \/>\n\t<meta property=\"og:image:width\" content=\"768\" \/>\n\t<meta property=\"og:image:height\" content=\"768\" \/>\n\t<meta property=\"og:image:type\" content=\"image\/webp\" \/>\n<meta name=\"twitter:card\" content=\"summary_large_image\" \/>\n<script type=\"application\/ld+json\" class=\"yoast-schema-graph\">{\"@context\":\"https:\\\/\\\/schema.org\",\"@graph\":[{\"@type\":\"WebPage\",\"@id\":\"https:\\\/\\\/www.malinashop.lt\\\/shop\\\/mjcare-nulupama-sveiciamoji-pedu-kauke-kojines-minkstai-ir-glotniai-odai-soft-foot-peeling-pack-113-g\\\/\",\"url\":\"https:\\\/\\\/www.malinashop.lt\\\/shop\\\/mjcare-nulupama-sveiciamoji-pedu-kauke-kojines-minkstai-ir-glotniai-odai-soft-foot-peeling-pack-113-g\\\/\",\"name\":\"MJCARE nulupama \u0161vei\u010diamoji p\u0117d\u0173 kauk\u0117\u2013kojin\u0117s mink\u0161tai ir glotniai odai SOFT FOOT PEELING PACK, 113 g - MalinaShop.lt J\u016bs\u0173 sveikatai ir gro\u017eiui.\",\"isPartOf\":{\"@id\":\"https:\\\/\\\/www.malinashop.lt\\\/#website\"},\"primaryImageOfPage\":{\"@id\":\"https:\\\/\\\/www.malinashop.lt\\\/shop\\\/mjcare-nulupama-sveiciamoji-pedu-kauke-kojines-minkstai-ir-glotniai-odai-soft-foot-peeling-pack-113-g\\\/#primaryimage\"},\"image\":{\"@id\":\"https:\\\/\\\/www.malinashop.lt\\\/shop\\\/mjcare-nulupama-sveiciamoji-pedu-kauke-kojines-minkstai-ir-glotniai-odai-soft-foot-peeling-pack-113-g\\\/#primaryimage\"},\"thumbnailUrl\":\"https:\\\/\\\/www.malinashop.lt\\\/wp-content\\\/uploads\\\/2025\\\/09\\\/MJCARE-nulupama-sveiciamoji-pedu-kauke\u2013kojines-minkstai-ir-glotniai-odai-SOFT-FOOT-PEELING-PACK-113-g.webp\",\"datePublished\":\"2025-09-11T19:53:23+00:00\",\"dateModified\":\"2026-02-10T10:27:11+00:00\",\"description\":\"Nulupama p\u0117d\u0173 kauk\u0117\u2013kojin\u0117s su sraigi\u0173 mucinu ir augaliniais ekstraktais pa\u0161alina surag\u0117jusi\u0105 od\u0105 ir atkuria \u0161velnias p\u0117das.\",\"breadcrumb\":{\"@id\":\"https:\\\/\\\/www.malinashop.lt\\\/shop\\\/mjcare-nulupama-sveiciamoji-pedu-kauke-kojines-minkstai-ir-glotniai-odai-soft-foot-peeling-pack-113-g\\\/#breadcrumb\"},\"inLanguage\":\"en-GB\",\"potentialAction\":[{\"@type\":\"ReadAction\",\"target\":[\"https:\\\/\\\/www.malinashop.lt\\\/shop\\\/mjcare-nulupama-sveiciamoji-pedu-kauke-kojines-minkstai-ir-glotniai-odai-soft-foot-peeling-pack-113-g\\\/\"]}]},{\"@type\":\"ImageObject\",\"inLanguage\":\"en-GB\",\"@id\":\"https:\\\/\\\/www.malinashop.lt\\\/shop\\\/mjcare-nulupama-sveiciamoji-pedu-kauke-kojines-minkstai-ir-glotniai-odai-soft-foot-peeling-pack-113-g\\\/#primaryimage\",\"url\":\"https:\\\/\\\/www.malinashop.lt\\\/wp-content\\\/uploads\\\/2025\\\/09\\\/MJCARE-nulupama-sveiciamoji-pedu-kauke\u2013kojines-minkstai-ir-glotniai-odai-SOFT-FOOT-PEELING-PACK-113-g.webp\",\"contentUrl\":\"https:\\\/\\\/www.malinashop.lt\\\/wp-content\\\/uploads\\\/2025\\\/09\\\/MJCARE-nulupama-sveiciamoji-pedu-kauke\u2013kojines-minkstai-ir-glotniai-odai-SOFT-FOOT-PEELING-PACK-113-g.webp\",\"width\":768,\"height\":768},{\"@type\":\"BreadcrumbList\",\"@id\":\"https:\\\/\\\/www.malinashop.lt\\\/shop\\\/mjcare-nulupama-sveiciamoji-pedu-kauke-kojines-minkstai-ir-glotniai-odai-soft-foot-peeling-pack-113-g\\\/#breadcrumb\",\"itemListElement\":[{\"@type\":\"ListItem\",\"position\":1,\"name\":\"Pagrindinis\",\"item\":\"https:\\\/\\\/www.malinashop.lt\\\/\"},{\"@type\":\"ListItem\",\"position\":2,\"name\":\"Parduotuv\u0117\",\"item\":\"https:\\\/\\\/www.malinashop.lt\\\/en\\\/parduotuve\\\/\"},{\"@type\":\"ListItem\",\"position\":3,\"name\":\"MJCARE nulupama \u0161vei\u010diamoji p\u0117d\u0173 kauk\u0117\u2013kojin\u0117s mink\u0161tai ir glotniai odai SOFT FOOT PEELING PACK, 113 g\"}]},{\"@type\":\"WebSite\",\"@id\":\"https:\\\/\\\/www.malinashop.lt\\\/#website\",\"url\":\"https:\\\/\\\/www.malinashop.lt\\\/\",\"name\":\"COM Group Ecommerce\",\"description\":\"MalinaShop.lt - Gro\u017eio ir sveikatos produktai i\u0161 patikim\u0173 preki\u0173 \u017eenkl\u0173. Atraskite auk\u0161tos kokyb\u0117s kosmetik\u0105 u\u017e puiki\u0105 kain\u0105.\",\"publisher\":{\"@id\":\"https:\\\/\\\/www.malinashop.lt\\\/#organization\"},\"potentialAction\":[{\"@type\":\"SearchAction\",\"target\":{\"@type\":\"EntryPoint\",\"urlTemplate\":\"https:\\\/\\\/www.malinashop.lt\\\/?s={search_term_string}\"},\"query-input\":{\"@type\":\"PropertyValueSpecification\",\"valueRequired\":true,\"valueName\":\"search_term_string\"}}],\"inLanguage\":\"en-GB\"},{\"@type\":\"Organization\",\"@id\":\"https:\\\/\\\/www.malinashop.lt\\\/#organization\",\"name\":\"COM Group Ecommerce\",\"url\":\"https:\\\/\\\/www.malinashop.lt\\\/\",\"logo\":{\"@type\":\"ImageObject\",\"inLanguage\":\"en-GB\",\"@id\":\"https:\\\/\\\/www.malinashop.lt\\\/#\\\/schema\\\/logo\\\/image\\\/\",\"url\":\"https:\\\/\\\/www.malinashop.lt\\\/wp-content\\\/uploads\\\/2024\\\/08\\\/462559670_3787732518133670_9795632669273463_n-e1731525914575.png\",\"contentUrl\":\"https:\\\/\\\/www.malinashop.lt\\\/wp-content\\\/uploads\\\/2024\\\/08\\\/462559670_3787732518133670_9795632669273463_n-e1731525914575.png\",\"width\":180,\"height\":60,\"caption\":\"COM Group Ecommerce\"},\"image\":{\"@id\":\"https:\\\/\\\/www.malinashop.lt\\\/#\\\/schema\\\/logo\\\/image\\\/\"}}]}<\/script>\n<!-- \/ Yoast SEO plugin. -->","yoast_head_json":{"title":"MJCARE nulupama \u0161vei\u010diamoji p\u0117d\u0173 kauk\u0117\u2013kojin\u0117s mink\u0161tai ir glotniai odai SOFT FOOT PEELING PACK, 113 g - MalinaShop.lt J\u016bs\u0173 sveikatai ir gro\u017eiui.","description":"Nulupama p\u0117d\u0173 kauk\u0117\u2013kojin\u0117s su sraigi\u0173 mucinu ir augaliniais ekstraktais pa\u0161alina surag\u0117jusi\u0105 od\u0105 ir atkuria \u0161velnias p\u0117das.","robots":{"index":"index","follow":"follow","max-snippet":"max-snippet:-1","max-image-preview":"max-image-preview:large","max-video-preview":"max-video-preview:-1"},"canonical":"https:\/\/www.malinashop.lt\/en\/shop\/mjcare-nulupama-sveiciamoji-pedu-kauke-kojines-minkstai-ir-glotniai-odai-soft-foot-peeling-pack-113-g\/","og_locale":"en_GB","og_type":"article","og_title":"MJCARE nulupama \u0161vei\u010diamoji p\u0117d\u0173 kauk\u0117\u2013kojin\u0117s mink\u0161tai ir glotniai odai SOFT FOOT PEELING PACK, 113 g - MalinaShop.lt J\u016bs\u0173 sveikatai ir gro\u017eiui.","og_description":"Nulupama p\u0117d\u0173 kauk\u0117\u2013kojin\u0117s su sraigi\u0173 mucinu ir augaliniais ekstraktais pa\u0161alina surag\u0117jusi\u0105 od\u0105 ir atkuria \u0161velnias p\u0117das.","og_url":"https:\/\/www.malinashop.lt\/en\/shop\/mjcare-nulupama-sveiciamoji-pedu-kauke-kojines-minkstai-ir-glotniai-odai-soft-foot-peeling-pack-113-g\/","og_site_name":"MalinaShop.lt J\u016bs\u0173 sveikatai ir gro\u017eiui.","article_modified_time":"2026-02-10T10:27:11+00:00","og_image":[{"width":768,"height":768,"url":"https:\/\/www.malinashop.lt\/wp-content\/uploads\/2025\/09\/MJCARE-nulupama-sveiciamoji-pedu-kauke\u2013kojines-minkstai-ir-glotniai-odai-SOFT-FOOT-PEELING-PACK-113-g.webp","type":"image\/webp"}],"twitter_card":"summary_large_image","schema":{"@context":"https:\/\/schema.org","@graph":[{"@type":"WebPage","@id":"https:\/\/www.malinashop.lt\/shop\/mjcare-nulupama-sveiciamoji-pedu-kauke-kojines-minkstai-ir-glotniai-odai-soft-foot-peeling-pack-113-g\/","url":"https:\/\/www.malinashop.lt\/shop\/mjcare-nulupama-sveiciamoji-pedu-kauke-kojines-minkstai-ir-glotniai-odai-soft-foot-peeling-pack-113-g\/","name":"MJCARE nulupama \u0161vei\u010diamoji p\u0117d\u0173 kauk\u0117\u2013kojin\u0117s mink\u0161tai ir glotniai odai SOFT FOOT PEELING PACK, 113 g - MalinaShop.lt J\u016bs\u0173 sveikatai ir gro\u017eiui.","isPartOf":{"@id":"https:\/\/www.malinashop.lt\/#website"},"primaryImageOfPage":{"@id":"https:\/\/www.malinashop.lt\/shop\/mjcare-nulupama-sveiciamoji-pedu-kauke-kojines-minkstai-ir-glotniai-odai-soft-foot-peeling-pack-113-g\/#primaryimage"},"image":{"@id":"https:\/\/www.malinashop.lt\/shop\/mjcare-nulupama-sveiciamoji-pedu-kauke-kojines-minkstai-ir-glotniai-odai-soft-foot-peeling-pack-113-g\/#primaryimage"},"thumbnailUrl":"https:\/\/www.malinashop.lt\/wp-content\/uploads\/2025\/09\/MJCARE-nulupama-sveiciamoji-pedu-kauke\u2013kojines-minkstai-ir-glotniai-odai-SOFT-FOOT-PEELING-PACK-113-g.webp","datePublished":"2025-09-11T19:53:23+00:00","dateModified":"2026-02-10T10:27:11+00:00","description":"Nulupama p\u0117d\u0173 kauk\u0117\u2013kojin\u0117s su sraigi\u0173 mucinu ir augaliniais ekstraktais pa\u0161alina surag\u0117jusi\u0105 od\u0105 ir atkuria \u0161velnias p\u0117das.","breadcrumb":{"@id":"https:\/\/www.malinashop.lt\/shop\/mjcare-nulupama-sveiciamoji-pedu-kauke-kojines-minkstai-ir-glotniai-odai-soft-foot-peeling-pack-113-g\/#breadcrumb"},"inLanguage":"en-GB","potentialAction":[{"@type":"ReadAction","target":["https:\/\/www.malinashop.lt\/shop\/mjcare-nulupama-sveiciamoji-pedu-kauke-kojines-minkstai-ir-glotniai-odai-soft-foot-peeling-pack-113-g\/"]}]},{"@type":"ImageObject","inLanguage":"en-GB","@id":"https:\/\/www.malinashop.lt\/shop\/mjcare-nulupama-sveiciamoji-pedu-kauke-kojines-minkstai-ir-glotniai-odai-soft-foot-peeling-pack-113-g\/#primaryimage","url":"https:\/\/www.malinashop.lt\/wp-content\/uploads\/2025\/09\/MJCARE-nulupama-sveiciamoji-pedu-kauke\u2013kojines-minkstai-ir-glotniai-odai-SOFT-FOOT-PEELING-PACK-113-g.webp","contentUrl":"https:\/\/www.malinashop.lt\/wp-content\/uploads\/2025\/09\/MJCARE-nulupama-sveiciamoji-pedu-kauke\u2013kojines-minkstai-ir-glotniai-odai-SOFT-FOOT-PEELING-PACK-113-g.webp","width":768,"height":768},{"@type":"BreadcrumbList","@id":"https:\/\/www.malinashop.lt\/shop\/mjcare-nulupama-sveiciamoji-pedu-kauke-kojines-minkstai-ir-glotniai-odai-soft-foot-peeling-pack-113-g\/#breadcrumb","itemListElement":[{"@type":"ListItem","position":1,"name":"Pagrindinis","item":"https:\/\/www.malinashop.lt\/"},{"@type":"ListItem","position":2,"name":"Parduotuv\u0117","item":"https:\/\/www.malinashop.lt\/en\/parduotuve\/"},{"@type":"ListItem","position":3,"name":"MJCARE nulupama \u0161vei\u010diamoji p\u0117d\u0173 kauk\u0117\u2013kojin\u0117s mink\u0161tai ir glotniai odai SOFT FOOT PEELING PACK, 113 g"}]},{"@type":"WebSite","@id":"https:\/\/www.malinashop.lt\/#website","url":"https:\/\/www.malinashop.lt\/","name":"COM Group Ecommerce","description":"MalinaShop.lt - Gro\u017eio ir sveikatos produktai i\u0161 patikim\u0173 preki\u0173 \u017eenkl\u0173. Atraskite auk\u0161tos kokyb\u0117s kosmetik\u0105 u\u017e puiki\u0105 kain\u0105.","publisher":{"@id":"https:\/\/www.malinashop.lt\/#organization"},"potentialAction":[{"@type":"SearchAction","target":{"@type":"EntryPoint","urlTemplate":"https:\/\/www.malinashop.lt\/?s={search_term_string}"},"query-input":{"@type":"PropertyValueSpecification","valueRequired":true,"valueName":"search_term_string"}}],"inLanguage":"en-GB"},{"@type":"Organization","@id":"https:\/\/www.malinashop.lt\/#organization","name":"COM Group Ecommerce","url":"https:\/\/www.malinashop.lt\/","logo":{"@type":"ImageObject","inLanguage":"en-GB","@id":"https:\/\/www.malinashop.lt\/#\/schema\/logo\/image\/","url":"https:\/\/www.malinashop.lt\/wp-content\/uploads\/2024\/08\/462559670_3787732518133670_9795632669273463_n-e1731525914575.png","contentUrl":"https:\/\/www.malinashop.lt\/wp-content\/uploads\/2024\/08\/462559670_3787732518133670_9795632669273463_n-e1731525914575.png","width":180,"height":60,"caption":"COM Group Ecommerce"},"image":{"@id":"https:\/\/www.malinashop.lt\/#\/schema\/logo\/image\/"}}]}},"jetpack_sharing_enabled":true,"_links":{"self":[{"href":"https:\/\/www.malinashop.lt\/en\/wp-json\/wp\/v2\/product\/58066","targetHints":{"allow":["GET"]}}],"collection":[{"href":"https:\/\/www.malinashop.lt\/en\/wp-json\/wp\/v2\/product"}],"about":[{"href":"https:\/\/www.malinashop.lt\/en\/wp-json\/wp\/v2\/types\/product"}],"version-history":[{"count":1,"href":"https:\/\/www.malinashop.lt\/en\/wp-json\/wp\/v2\/product\/58066\/revisions"}],"predecessor-version":[{"id":58068,"href":"https:\/\/www.malinashop.lt\/en\/wp-json\/wp\/v2\/product\/58066\/revisions\/58068"}],"wp:featuredmedia":[{"embeddable":true,"href":"https:\/\/www.malinashop.lt\/en\/wp-json\/wp\/v2\/media\/58067"}],"wp:attachment":[{"href":"https:\/\/www.malinashop.lt\/en\/wp-json\/wp\/v2\/media?parent=58066"}],"wp:term":[{"taxonomy":"product_brand","embeddable":true,"href":"https:\/\/www.malinashop.lt\/en\/wp-json\/wp\/v2\/product_brand?post=58066"},{"taxonomy":"product_cat","embeddable":true,"href":"https:\/\/www.malinashop.lt\/en\/wp-json\/wp\/v2\/product_cat?post=58066"},{"taxonomy":"product_tag","embeddable":true,"href":"https:\/\/www.malinashop.lt\/en\/wp-json\/wp\/v2\/product_tag?post=58066"}],"curies":[{"name":"wp","href":"https:\/\/api.w.org\/{rel}","templated":true}]}}