{"id":58060,"date":"2025-09-11T22:48:51","date_gmt":"2025-09-11T19:48:51","guid":{"rendered":"https:\/\/malinashop.lt\/?post_type=product&#038;p=58060"},"modified":"2026-02-10T13:27:12","modified_gmt":"2026-02-10T10:27:12","slug":"mjcare-drekinanti-pedu-kauke-kojines-minkstai-ir-svelniai-odai-premium-foot-care-pack-22-g","status":"publish","type":"product","link":"https:\/\/www.malinashop.lt\/en\/shop\/mjcare-drekinanti-pedu-kauke-kojines-minkstai-ir-svelniai-odai-premium-foot-care-pack-22-g\/","title":{"rendered":"MJCARE dr\u0117kinanti p\u0117d\u0173 kauk\u0117\u2013kojin\u0117s mink\u0161tai ir \u0161velniai odai PREMIUM FOOT CARE PACK, 22 g"},"content":{"rendered":"<p data-start=\"215\" data-end=\"524\">MJCARE <strong data-start=\"239\" data-end=\"265\">PREMIUM FOOT CARE PACK<\/strong> \u2013 dr\u0117kinanti p\u0117d\u0173 kauk\u0117\u2013kojin\u0117s, skirtos intensyviai pri\u017ei\u016br\u0117ti saus\u0105 ir pavargusi\u0105 p\u0117d\u0173 od\u0105. Priemon\u0117 dr\u0117kina, mink\u0161tina bei ramina, suteikia v\u0117sinant\u012f ir tonizuojant\u012f poveik\u012f. Jau po pirmo naudojimo oda tampa \u0161velnesn\u0117, elastingesn\u0117 ir labiau pri\u017ei\u016br\u0117ta.<\/p>\n<p data-start=\"526\" data-end=\"567\"><strong data-start=\"526\" data-end=\"565\">Pagrindiniai ingredientai ir nauda:<\/strong><\/p>\n<ul data-start=\"568\" data-end=\"941\">\n<li data-start=\"568\" data-end=\"641\">\n<p data-start=\"570\" data-end=\"641\"><strong data-start=\"570\" data-end=\"588\">Argano aliejus<\/strong> \u2013 dr\u0117kina, ramina, ma\u017eina u\u017edegimus ir sudirgimus.<\/p>\n<\/li>\n<li data-start=\"642\" data-end=\"771\">\n<p data-start=\"644\" data-end=\"771\"><strong data-start=\"644\" data-end=\"663\">Sraigi\u0173 mucinas<\/strong> \u2013 pasi\u017eymi antioksidacin\u0117mis savyb\u0117mis, l\u0117tina sen\u0117jimo procesus, stiprina apsaug\u0105 nuo aplinkos poveikio.<\/p>\n<\/li>\n<li data-start=\"772\" data-end=\"855\">\n<p data-start=\"774\" data-end=\"855\"><strong data-start=\"774\" data-end=\"796\">Levand\u0173 ekstraktas<\/strong> \u2013 ramina, ma\u017eina \u012ftamp\u0105 ir turi prie\u0161u\u017edegimin\u012f poveik\u012f.<\/p>\n<\/li>\n<li data-start=\"856\" data-end=\"941\">\n<p data-start=\"858\" data-end=\"941\"><strong data-start=\"858\" data-end=\"877\">M\u0117t\u0173 ekstraktas<\/strong> \u2013 v\u0117sina, tonizuoja, naikina bakterijas ir nemalonius kvapus.<\/p>\n<\/li>\n<\/ul>\n<p data-start=\"943\" data-end=\"960\"><strong data-start=\"943\" data-end=\"958\">Naudojimas:<\/strong><\/p>\n<ol data-start=\"961\" data-end=\"1114\">\n<li data-start=\"961\" data-end=\"1013\">\n<p data-start=\"964\" data-end=\"1013\">U\u017emaukite kauk\u0119\u2013kojines ant \u0161vari\u0173, saus\u0173 p\u0117d\u0173.<\/p>\n<\/li>\n<li data-start=\"1014\" data-end=\"1039\">\n<p data-start=\"1017\" data-end=\"1039\">Laikykite 20\u201330 min.<\/p>\n<\/li>\n<li data-start=\"1040\" data-end=\"1114\">\n<p data-start=\"1043\" data-end=\"1114\">Nu\u0117mus, \u0161velniai \u012fmasa\u017euokite likus\u012f serum\u0105 \u012f od\u0105. Nuplauti nereikia.<\/p>\n<\/li>\n<\/ol>\n<p data-start=\"1116\" data-end=\"1371\"><strong data-start=\"1116\" data-end=\"1130\">\u012esp\u0117jimai:<\/strong> Tik i\u0161oriniam naudojimui. Laikyti vaikams nepasiekiamoje vietoje. Nenaudoti ant pa\u017eeistos ar sudirgusios odos. Pasteb\u0117jus b\u0117rim\u0105 ar dirginim\u0105 \u2013 nutraukti naudojim\u0105. Vengti patekimo \u012f akis. Laikyti atokiai nuo tiesiogini\u0173 saul\u0117s spinduli\u0173.<\/p>\n","protected":false},"excerpt":{"rendered":"<p>MJCARE PREMIUM FOOT CARE PACK \u2013 dr\u0117kinanti p\u0117d\u0173 kauk\u0117\u2013kojin\u0117s, skirtos intensyviai pri\u017ei\u016br\u0117ti saus\u0105 ir pavargusi\u0105 p\u0117d\u0173 od\u0105. Priemon\u0117 dr\u0117kina, mink\u0161tina bei ramina,&hellip;<\/p>\n","protected":false},"featured_media":58061,"template":"","meta":[],"product_brand":[1150],"product_cat":[731],"product_tag":[1634],"class_list":{"0":"post-58060","1":"product","2":"type-product","3":"status-publish","4":"has-post-thumbnail","6":"product_brand-mjcare","7":"product_cat-kunui","8":"product_tag-mjcare","10":"first","11":"instock","12":"sale","13":"featured","14":"taxable","15":"shipping-taxable","16":"purchasable","17":"product-type-simple"},"yoast_head":"<!-- This site is optimized with the Yoast SEO plugin v27.4 - https:\/\/yoast.com\/product\/yoast-seo-wordpress\/ -->\n<title>MJCARE dr\u0117kinanti p\u0117d\u0173 kauk\u0117\u2013kojin\u0117s mink\u0161tai ir \u0161velniai odai PREMIUM FOOT CARE PACK, 22 g - MalinaShop.lt J\u016bs\u0173 sveikatai ir gro\u017eiui.<\/title>\n<meta name=\"description\" content=\"Dr\u0117kinanti p\u0117d\u0173 kauk\u0117\u2013kojin\u0117s mink\u0161tina, ramina ir atgaivina od\u0105, suteikdamos gaivumo ir \u0161velnumo jau po pirmo naudojimo.\" \/>\n<meta name=\"robots\" content=\"index, follow, max-snippet:-1, max-image-preview:large, max-video-preview:-1\" \/>\n<link rel=\"canonical\" href=\"https:\/\/www.malinashop.lt\/en\/shop\/mjcare-drekinanti-pedu-kauke-kojines-minkstai-ir-svelniai-odai-premium-foot-care-pack-22-g\/\" \/>\n<meta property=\"og:locale\" content=\"en_GB\" \/>\n<meta property=\"og:type\" content=\"article\" \/>\n<meta property=\"og:title\" content=\"MJCARE dr\u0117kinanti p\u0117d\u0173 kauk\u0117\u2013kojin\u0117s mink\u0161tai ir \u0161velniai odai PREMIUM FOOT CARE PACK, 22 g - MalinaShop.lt J\u016bs\u0173 sveikatai ir gro\u017eiui.\" \/>\n<meta property=\"og:description\" content=\"Dr\u0117kinanti p\u0117d\u0173 kauk\u0117\u2013kojin\u0117s mink\u0161tina, ramina ir atgaivina od\u0105, suteikdamos gaivumo ir \u0161velnumo jau po pirmo naudojimo.\" \/>\n<meta property=\"og:url\" content=\"https:\/\/www.malinashop.lt\/en\/shop\/mjcare-drekinanti-pedu-kauke-kojines-minkstai-ir-svelniai-odai-premium-foot-care-pack-22-g\/\" \/>\n<meta property=\"og:site_name\" content=\"MalinaShop.lt J\u016bs\u0173 sveikatai ir gro\u017eiui.\" \/>\n<meta property=\"article:modified_time\" content=\"2026-02-10T10:27:12+00:00\" \/>\n<meta property=\"og:image\" content=\"https:\/\/www.malinashop.lt\/wp-content\/uploads\/2025\/09\/MJCARE-drekinanti-pedu-kauke\u2013kojines-minkstai-ir-svelniai-odai-PREMIUM-FOOT-CARE-PACK-22-g.webp\" \/>\n\t<meta property=\"og:image:width\" content=\"768\" \/>\n\t<meta property=\"og:image:height\" content=\"768\" \/>\n\t<meta property=\"og:image:type\" content=\"image\/webp\" \/>\n<meta name=\"twitter:card\" content=\"summary_large_image\" \/>\n<script type=\"application\/ld+json\" class=\"yoast-schema-graph\">{\"@context\":\"https:\\\/\\\/schema.org\",\"@graph\":[{\"@type\":\"WebPage\",\"@id\":\"https:\\\/\\\/www.malinashop.lt\\\/shop\\\/mjcare-drekinanti-pedu-kauke-kojines-minkstai-ir-svelniai-odai-premium-foot-care-pack-22-g\\\/\",\"url\":\"https:\\\/\\\/www.malinashop.lt\\\/shop\\\/mjcare-drekinanti-pedu-kauke-kojines-minkstai-ir-svelniai-odai-premium-foot-care-pack-22-g\\\/\",\"name\":\"MJCARE dr\u0117kinanti p\u0117d\u0173 kauk\u0117\u2013kojin\u0117s mink\u0161tai ir \u0161velniai odai PREMIUM FOOT CARE PACK, 22 g - MalinaShop.lt J\u016bs\u0173 sveikatai ir gro\u017eiui.\",\"isPartOf\":{\"@id\":\"https:\\\/\\\/www.malinashop.lt\\\/#website\"},\"primaryImageOfPage\":{\"@id\":\"https:\\\/\\\/www.malinashop.lt\\\/shop\\\/mjcare-drekinanti-pedu-kauke-kojines-minkstai-ir-svelniai-odai-premium-foot-care-pack-22-g\\\/#primaryimage\"},\"image\":{\"@id\":\"https:\\\/\\\/www.malinashop.lt\\\/shop\\\/mjcare-drekinanti-pedu-kauke-kojines-minkstai-ir-svelniai-odai-premium-foot-care-pack-22-g\\\/#primaryimage\"},\"thumbnailUrl\":\"https:\\\/\\\/www.malinashop.lt\\\/wp-content\\\/uploads\\\/2025\\\/09\\\/MJCARE-drekinanti-pedu-kauke\u2013kojines-minkstai-ir-svelniai-odai-PREMIUM-FOOT-CARE-PACK-22-g.webp\",\"datePublished\":\"2025-09-11T19:48:51+00:00\",\"dateModified\":\"2026-02-10T10:27:12+00:00\",\"description\":\"Dr\u0117kinanti p\u0117d\u0173 kauk\u0117\u2013kojin\u0117s mink\u0161tina, ramina ir atgaivina od\u0105, suteikdamos gaivumo ir \u0161velnumo jau po pirmo naudojimo.\",\"breadcrumb\":{\"@id\":\"https:\\\/\\\/www.malinashop.lt\\\/shop\\\/mjcare-drekinanti-pedu-kauke-kojines-minkstai-ir-svelniai-odai-premium-foot-care-pack-22-g\\\/#breadcrumb\"},\"inLanguage\":\"en-GB\",\"potentialAction\":[{\"@type\":\"ReadAction\",\"target\":[\"https:\\\/\\\/www.malinashop.lt\\\/shop\\\/mjcare-drekinanti-pedu-kauke-kojines-minkstai-ir-svelniai-odai-premium-foot-care-pack-22-g\\\/\"]}]},{\"@type\":\"ImageObject\",\"inLanguage\":\"en-GB\",\"@id\":\"https:\\\/\\\/www.malinashop.lt\\\/shop\\\/mjcare-drekinanti-pedu-kauke-kojines-minkstai-ir-svelniai-odai-premium-foot-care-pack-22-g\\\/#primaryimage\",\"url\":\"https:\\\/\\\/www.malinashop.lt\\\/wp-content\\\/uploads\\\/2025\\\/09\\\/MJCARE-drekinanti-pedu-kauke\u2013kojines-minkstai-ir-svelniai-odai-PREMIUM-FOOT-CARE-PACK-22-g.webp\",\"contentUrl\":\"https:\\\/\\\/www.malinashop.lt\\\/wp-content\\\/uploads\\\/2025\\\/09\\\/MJCARE-drekinanti-pedu-kauke\u2013kojines-minkstai-ir-svelniai-odai-PREMIUM-FOOT-CARE-PACK-22-g.webp\",\"width\":768,\"height\":768},{\"@type\":\"BreadcrumbList\",\"@id\":\"https:\\\/\\\/www.malinashop.lt\\\/shop\\\/mjcare-drekinanti-pedu-kauke-kojines-minkstai-ir-svelniai-odai-premium-foot-care-pack-22-g\\\/#breadcrumb\",\"itemListElement\":[{\"@type\":\"ListItem\",\"position\":1,\"name\":\"Pagrindinis\",\"item\":\"https:\\\/\\\/www.malinashop.lt\\\/\"},{\"@type\":\"ListItem\",\"position\":2,\"name\":\"Parduotuv\u0117\",\"item\":\"https:\\\/\\\/www.malinashop.lt\\\/en\\\/parduotuve\\\/\"},{\"@type\":\"ListItem\",\"position\":3,\"name\":\"MJCARE dr\u0117kinanti p\u0117d\u0173 kauk\u0117\u2013kojin\u0117s mink\u0161tai ir \u0161velniai odai PREMIUM FOOT CARE PACK, 22 g\"}]},{\"@type\":\"WebSite\",\"@id\":\"https:\\\/\\\/www.malinashop.lt\\\/#website\",\"url\":\"https:\\\/\\\/www.malinashop.lt\\\/\",\"name\":\"COM Group Ecommerce\",\"description\":\"MalinaShop.lt - Gro\u017eio ir sveikatos produktai i\u0161 patikim\u0173 preki\u0173 \u017eenkl\u0173. Atraskite auk\u0161tos kokyb\u0117s kosmetik\u0105 u\u017e puiki\u0105 kain\u0105.\",\"publisher\":{\"@id\":\"https:\\\/\\\/www.malinashop.lt\\\/#organization\"},\"potentialAction\":[{\"@type\":\"SearchAction\",\"target\":{\"@type\":\"EntryPoint\",\"urlTemplate\":\"https:\\\/\\\/www.malinashop.lt\\\/?s={search_term_string}\"},\"query-input\":{\"@type\":\"PropertyValueSpecification\",\"valueRequired\":true,\"valueName\":\"search_term_string\"}}],\"inLanguage\":\"en-GB\"},{\"@type\":\"Organization\",\"@id\":\"https:\\\/\\\/www.malinashop.lt\\\/#organization\",\"name\":\"COM Group Ecommerce\",\"url\":\"https:\\\/\\\/www.malinashop.lt\\\/\",\"logo\":{\"@type\":\"ImageObject\",\"inLanguage\":\"en-GB\",\"@id\":\"https:\\\/\\\/www.malinashop.lt\\\/#\\\/schema\\\/logo\\\/image\\\/\",\"url\":\"https:\\\/\\\/www.malinashop.lt\\\/wp-content\\\/uploads\\\/2024\\\/08\\\/462559670_3787732518133670_9795632669273463_n-e1731525914575.png\",\"contentUrl\":\"https:\\\/\\\/www.malinashop.lt\\\/wp-content\\\/uploads\\\/2024\\\/08\\\/462559670_3787732518133670_9795632669273463_n-e1731525914575.png\",\"width\":180,\"height\":60,\"caption\":\"COM Group Ecommerce\"},\"image\":{\"@id\":\"https:\\\/\\\/www.malinashop.lt\\\/#\\\/schema\\\/logo\\\/image\\\/\"}}]}<\/script>\n<!-- \/ Yoast SEO plugin. -->","yoast_head_json":{"title":"MJCARE dr\u0117kinanti p\u0117d\u0173 kauk\u0117\u2013kojin\u0117s mink\u0161tai ir \u0161velniai odai PREMIUM FOOT CARE PACK, 22 g - MalinaShop.lt J\u016bs\u0173 sveikatai ir gro\u017eiui.","description":"Dr\u0117kinanti p\u0117d\u0173 kauk\u0117\u2013kojin\u0117s mink\u0161tina, ramina ir atgaivina od\u0105, suteikdamos gaivumo ir \u0161velnumo jau po pirmo naudojimo.","robots":{"index":"index","follow":"follow","max-snippet":"max-snippet:-1","max-image-preview":"max-image-preview:large","max-video-preview":"max-video-preview:-1"},"canonical":"https:\/\/www.malinashop.lt\/en\/shop\/mjcare-drekinanti-pedu-kauke-kojines-minkstai-ir-svelniai-odai-premium-foot-care-pack-22-g\/","og_locale":"en_GB","og_type":"article","og_title":"MJCARE dr\u0117kinanti p\u0117d\u0173 kauk\u0117\u2013kojin\u0117s mink\u0161tai ir \u0161velniai odai PREMIUM FOOT CARE PACK, 22 g - MalinaShop.lt J\u016bs\u0173 sveikatai ir gro\u017eiui.","og_description":"Dr\u0117kinanti p\u0117d\u0173 kauk\u0117\u2013kojin\u0117s mink\u0161tina, ramina ir atgaivina od\u0105, suteikdamos gaivumo ir \u0161velnumo jau po pirmo naudojimo.","og_url":"https:\/\/www.malinashop.lt\/en\/shop\/mjcare-drekinanti-pedu-kauke-kojines-minkstai-ir-svelniai-odai-premium-foot-care-pack-22-g\/","og_site_name":"MalinaShop.lt J\u016bs\u0173 sveikatai ir gro\u017eiui.","article_modified_time":"2026-02-10T10:27:12+00:00","og_image":[{"width":768,"height":768,"url":"https:\/\/www.malinashop.lt\/wp-content\/uploads\/2025\/09\/MJCARE-drekinanti-pedu-kauke\u2013kojines-minkstai-ir-svelniai-odai-PREMIUM-FOOT-CARE-PACK-22-g.webp","type":"image\/webp"}],"twitter_card":"summary_large_image","schema":{"@context":"https:\/\/schema.org","@graph":[{"@type":"WebPage","@id":"https:\/\/www.malinashop.lt\/shop\/mjcare-drekinanti-pedu-kauke-kojines-minkstai-ir-svelniai-odai-premium-foot-care-pack-22-g\/","url":"https:\/\/www.malinashop.lt\/shop\/mjcare-drekinanti-pedu-kauke-kojines-minkstai-ir-svelniai-odai-premium-foot-care-pack-22-g\/","name":"MJCARE dr\u0117kinanti p\u0117d\u0173 kauk\u0117\u2013kojin\u0117s mink\u0161tai ir \u0161velniai odai PREMIUM FOOT CARE PACK, 22 g - MalinaShop.lt J\u016bs\u0173 sveikatai ir gro\u017eiui.","isPartOf":{"@id":"https:\/\/www.malinashop.lt\/#website"},"primaryImageOfPage":{"@id":"https:\/\/www.malinashop.lt\/shop\/mjcare-drekinanti-pedu-kauke-kojines-minkstai-ir-svelniai-odai-premium-foot-care-pack-22-g\/#primaryimage"},"image":{"@id":"https:\/\/www.malinashop.lt\/shop\/mjcare-drekinanti-pedu-kauke-kojines-minkstai-ir-svelniai-odai-premium-foot-care-pack-22-g\/#primaryimage"},"thumbnailUrl":"https:\/\/www.malinashop.lt\/wp-content\/uploads\/2025\/09\/MJCARE-drekinanti-pedu-kauke\u2013kojines-minkstai-ir-svelniai-odai-PREMIUM-FOOT-CARE-PACK-22-g.webp","datePublished":"2025-09-11T19:48:51+00:00","dateModified":"2026-02-10T10:27:12+00:00","description":"Dr\u0117kinanti p\u0117d\u0173 kauk\u0117\u2013kojin\u0117s mink\u0161tina, ramina ir atgaivina od\u0105, suteikdamos gaivumo ir \u0161velnumo jau po pirmo naudojimo.","breadcrumb":{"@id":"https:\/\/www.malinashop.lt\/shop\/mjcare-drekinanti-pedu-kauke-kojines-minkstai-ir-svelniai-odai-premium-foot-care-pack-22-g\/#breadcrumb"},"inLanguage":"en-GB","potentialAction":[{"@type":"ReadAction","target":["https:\/\/www.malinashop.lt\/shop\/mjcare-drekinanti-pedu-kauke-kojines-minkstai-ir-svelniai-odai-premium-foot-care-pack-22-g\/"]}]},{"@type":"ImageObject","inLanguage":"en-GB","@id":"https:\/\/www.malinashop.lt\/shop\/mjcare-drekinanti-pedu-kauke-kojines-minkstai-ir-svelniai-odai-premium-foot-care-pack-22-g\/#primaryimage","url":"https:\/\/www.malinashop.lt\/wp-content\/uploads\/2025\/09\/MJCARE-drekinanti-pedu-kauke\u2013kojines-minkstai-ir-svelniai-odai-PREMIUM-FOOT-CARE-PACK-22-g.webp","contentUrl":"https:\/\/www.malinashop.lt\/wp-content\/uploads\/2025\/09\/MJCARE-drekinanti-pedu-kauke\u2013kojines-minkstai-ir-svelniai-odai-PREMIUM-FOOT-CARE-PACK-22-g.webp","width":768,"height":768},{"@type":"BreadcrumbList","@id":"https:\/\/www.malinashop.lt\/shop\/mjcare-drekinanti-pedu-kauke-kojines-minkstai-ir-svelniai-odai-premium-foot-care-pack-22-g\/#breadcrumb","itemListElement":[{"@type":"ListItem","position":1,"name":"Pagrindinis","item":"https:\/\/www.malinashop.lt\/"},{"@type":"ListItem","position":2,"name":"Parduotuv\u0117","item":"https:\/\/www.malinashop.lt\/en\/parduotuve\/"},{"@type":"ListItem","position":3,"name":"MJCARE dr\u0117kinanti p\u0117d\u0173 kauk\u0117\u2013kojin\u0117s mink\u0161tai ir \u0161velniai odai PREMIUM FOOT CARE PACK, 22 g"}]},{"@type":"WebSite","@id":"https:\/\/www.malinashop.lt\/#website","url":"https:\/\/www.malinashop.lt\/","name":"COM Group Ecommerce","description":"MalinaShop.lt - Gro\u017eio ir sveikatos produktai i\u0161 patikim\u0173 preki\u0173 \u017eenkl\u0173. Atraskite auk\u0161tos kokyb\u0117s kosmetik\u0105 u\u017e puiki\u0105 kain\u0105.","publisher":{"@id":"https:\/\/www.malinashop.lt\/#organization"},"potentialAction":[{"@type":"SearchAction","target":{"@type":"EntryPoint","urlTemplate":"https:\/\/www.malinashop.lt\/?s={search_term_string}"},"query-input":{"@type":"PropertyValueSpecification","valueRequired":true,"valueName":"search_term_string"}}],"inLanguage":"en-GB"},{"@type":"Organization","@id":"https:\/\/www.malinashop.lt\/#organization","name":"COM Group Ecommerce","url":"https:\/\/www.malinashop.lt\/","logo":{"@type":"ImageObject","inLanguage":"en-GB","@id":"https:\/\/www.malinashop.lt\/#\/schema\/logo\/image\/","url":"https:\/\/www.malinashop.lt\/wp-content\/uploads\/2024\/08\/462559670_3787732518133670_9795632669273463_n-e1731525914575.png","contentUrl":"https:\/\/www.malinashop.lt\/wp-content\/uploads\/2024\/08\/462559670_3787732518133670_9795632669273463_n-e1731525914575.png","width":180,"height":60,"caption":"COM Group Ecommerce"},"image":{"@id":"https:\/\/www.malinashop.lt\/#\/schema\/logo\/image\/"}}]}},"jetpack_sharing_enabled":true,"_links":{"self":[{"href":"https:\/\/www.malinashop.lt\/en\/wp-json\/wp\/v2\/product\/58060","targetHints":{"allow":["GET"]}}],"collection":[{"href":"https:\/\/www.malinashop.lt\/en\/wp-json\/wp\/v2\/product"}],"about":[{"href":"https:\/\/www.malinashop.lt\/en\/wp-json\/wp\/v2\/types\/product"}],"version-history":[{"count":1,"href":"https:\/\/www.malinashop.lt\/en\/wp-json\/wp\/v2\/product\/58060\/revisions"}],"predecessor-version":[{"id":58062,"href":"https:\/\/www.malinashop.lt\/en\/wp-json\/wp\/v2\/product\/58060\/revisions\/58062"}],"wp:featuredmedia":[{"embeddable":true,"href":"https:\/\/www.malinashop.lt\/en\/wp-json\/wp\/v2\/media\/58061"}],"wp:attachment":[{"href":"https:\/\/www.malinashop.lt\/en\/wp-json\/wp\/v2\/media?parent=58060"}],"wp:term":[{"taxonomy":"product_brand","embeddable":true,"href":"https:\/\/www.malinashop.lt\/en\/wp-json\/wp\/v2\/product_brand?post=58060"},{"taxonomy":"product_cat","embeddable":true,"href":"https:\/\/www.malinashop.lt\/en\/wp-json\/wp\/v2\/product_cat?post=58060"},{"taxonomy":"product_tag","embeddable":true,"href":"https:\/\/www.malinashop.lt\/en\/wp-json\/wp\/v2\/product_tag?post=58060"}],"curies":[{"name":"wp","href":"https:\/\/api.w.org\/{rel}","templated":true}]}}