{"id":57011,"date":"2025-06-16T01:32:42","date_gmt":"2025-06-15T22:32:42","guid":{"rendered":"https:\/\/malinashop.lt\/?post_type=product&#038;p=57011"},"modified":"2026-04-08T00:26:20","modified_gmt":"2026-04-07T21:26:20","slug":"carenel-lime-naktine-lupu-kauke-su-laimu-ekstraktu-5g","status":"publish","type":"product","link":"https:\/\/www.malinashop.lt\/en\/shop\/carenel-lime-naktine-lupu-kauke-su-laimu-ekstraktu-5g\/","title":{"rendered":"Carenel Lime \u2013 naktin\u0117 l\u016bp\u0173 kauk\u0117 su laim\u0173 ekstraktu, 5g"},"content":{"rendered":"<p data-start=\"0\" data-end=\"43\"><strong data-start=\"0\" data-end=\"43\">Preki\u0173 i\u0161siuntimas per 1\u20133 darbo dienas<\/strong><\/p>\n<p data-start=\"45\" data-end=\"127\"><strong data-start=\"45\" data-end=\"127\">CARENEL Lime Night Lip Mask \u2013 dr\u0117kinanti naktin\u0117 l\u016bp\u0173 kauk\u0117 su laim\u0173 ekstraktu<\/strong><\/p>\n<p data-start=\"129\" data-end=\"500\">Dr\u0117kinanti CARENEL naktin\u0117 l\u016bp\u0173 kauk\u0117 su laim\u0173 ekstraktu \u2013 tai puiki pagalba i\u0161saus\u0117jusioms, suskeld\u0117jusioms l\u016bpoms. Sud\u0117tyje esantys augaliniai aliejai, vaisi\u0173 ekstraktai bei vitaminas C maitina, mink\u0161tina ir suteikia \u0161velnumo. Priemon\u0117 veikia per nakt\u012f, o dien\u0105 puikiai tinka naudoti kaip balzam\u0105. Gaivaus laim\u0173 aromato \u2013 l\u016bp\u0173 prie\u017ei\u016bra taps malonia kasdienyb\u0117s dalimi.<\/p>\n<h3 data-start=\"502\" data-end=\"517\">Privalumai:<\/h3>\n<ul data-start=\"518\" data-end=\"725\">\n<li data-start=\"518\" data-end=\"561\">\n<p data-start=\"520\" data-end=\"561\">Intensyviai dr\u0117kina ir atkuria l\u016bp\u0173 od\u0105<\/p>\n<\/li>\n<li data-start=\"562\" data-end=\"597\">\n<p data-start=\"564\" data-end=\"597\">Suteikia putlumo ir elastingumo<\/p>\n<\/li>\n<li data-start=\"598\" data-end=\"648\">\n<p data-start=\"600\" data-end=\"648\">Veikia kaip naktin\u0117 kauk\u0117 ir dieninis balzamas<\/p>\n<\/li>\n<li data-start=\"649\" data-end=\"683\">\n<p data-start=\"651\" data-end=\"683\">Gaivus, nat\u016bralus laim\u0173 kvapas<\/p>\n<\/li>\n<li data-start=\"684\" data-end=\"725\">\n<p data-start=\"686\" data-end=\"725\">Tinka vis\u0173 tip\u0173 odai, \u012fskaitant jautri\u0105<\/p>\n<\/li>\n<\/ul>\n<h3 data-start=\"727\" data-end=\"756\">Aktyvieji ingredientai:<\/h3>\n<p data-start=\"757\" data-end=\"867\">Bi\u010di\u0173 va\u0161kas, bra\u0161ki\u0173 ekstraktas, avie\u010di\u0173 ekstraktas, laim\u0173 ekstraktas, makadamij\u0173 aliejus, alyvuogi\u0173 aliejus.<\/p>\n<hr data-start=\"869\" data-end=\"872\" \/>\n<h3 data-start=\"874\" data-end=\"898\"><strong data-start=\"878\" data-end=\"896\">Sud\u0117tis (INCI)<\/strong><\/h3>\n<p data-start=\"899\" data-end=\"1476\"><em data-start=\"899\" data-end=\"1476\">Polyisobutene, Petrolatum, Mineral Oil, Diisostearyl Malate, Butylene\/Ethylene\/Styrene Copolymer, Ethylene\/Propylene\/Styrene Copolymer, Polyglyceryl-2 Triisostearate, Euphorbia Cerifera (Candelilla) Wax, Ceresin, Bees Wax, Sorbitan Sesquioleate, 1,2-Hexanediol, Tocopheryl Acetate, Caprylyl Glycol, Tin Oxide, Synthetic Fluorphlogopite, Fragaria Ananassa (Strawberry) Fruit Extract, Rubus Idaeus (Raspberry) Fruit Extract, Citrus Aurantifolia (Lime) Fruit Extract, Titanium Dioxide, CI 19140, CI 42090, Macadamia Ternifolia Seed Oil, Olea Europaea (Olive) Fruit Oil, Perfume.<\/em><\/p>\n<p data-start=\"1478\" data-end=\"1558\"><em data-start=\"1478\" data-end=\"1558\">Produkto sud\u0117tis gali b\u016bti kei\u010diama. Visada vadovaukit\u0117s etikete ant pakuot\u0117s.<\/em><\/p>\n<hr data-start=\"1560\" data-end=\"1563\" \/>\n<h3 data-start=\"1565\" data-end=\"1585\"><strong data-start=\"1569\" data-end=\"1583\">Naudojimas<\/strong><\/h3>\n<p data-start=\"1586\" data-end=\"1737\">Vakare gausiai patepkite l\u016bpas ir palikite veikti per nakt\u012f. Dienos metu naudokite kaip l\u016bp\u0173 balzam\u0105 \u2013 ypa\u010d esant sausumui ar at\u0161iaurioms oro s\u0105lygoms.<\/p>\n<hr data-start=\"1739\" data-end=\"1742\" \/>\n<h3 data-start=\"1744\" data-end=\"1763\"><strong data-start=\"1748\" data-end=\"1761\">\u012esp\u0117jimai<\/strong><\/h3>\n<p data-start=\"1764\" data-end=\"1922\">Tinka vis\u0173 tip\u0173 odai. Nutraukite naudojim\u0105, jei atsiranda sudirgimo, paraudimo ar nie\u017e\u0117jimo po\u017eymi\u0173. Esant rimtesn\u0117ms odos problemoms \u2013 kreipkit\u0117s \u012f gydytoj\u0105.<\/p>\n<p data-start=\"1924\" data-end=\"1956\">\ud83d\udccd <strong data-start=\"1927\" data-end=\"1956\">Pagaminta: Piet\u0173 Kor\u0117joje<\/strong><\/p>\n","protected":false},"excerpt":{"rendered":"<p data-start=\"521\" data-end=\"672\">Laim\u0173 aromato naktin\u0117 l\u016bp\u0173 kauk\u0117 \u0161velniai \u0161vei\u010dia, intensyviai dr\u0117kina ir atkuria l\u016bp\u0173 mink\u0161tum\u0105 miego metu. Puikiai tinka sausoms ir jautrioms l\u016bpoms.<\/p>\n","protected":false},"featured_media":57015,"template":"","meta":[],"product_brand":[1353],"product_cat":[708,1352,562],"product_tag":[1596],"class_list":{"0":"post-57011","1":"product","2":"type-product","3":"status-publish","4":"has-post-thumbnail","6":"product_brand-carenel","7":"product_cat-lupoms","8":"product_cat-lupu-kaukes","9":"product_cat-sandelio-valymas","10":"product_tag-carenel","12":"first","13":"instock","14":"sale","15":"taxable","16":"shipping-taxable","17":"purchasable","18":"product-type-simple"},"yoast_head":"<!-- This site is optimized with the Yoast SEO plugin v27.4 - https:\/\/yoast.com\/product\/yoast-seo-wordpress\/ -->\n<title>Carenel Lime \u2013 naktin\u0117 l\u016bp\u0173 kauk\u0117 su laim\u0173 ekstraktu, 5g - MalinaShop.lt J\u016bs\u0173 sveikatai ir gro\u017eiui.<\/title>\n<meta name=\"description\" content=\"Laim\u0173 aromato naktin\u0117 l\u016bp\u0173 kauk\u0117 \u0161velniai \u0161vei\u010dia, intensyviai dr\u0117kina ir atkuria l\u016bp\u0173 mink\u0161tum\u0105 miego metu. Puikiai tinka sausoms ir jautrioms l\u016bpoms. Dr\u0117kinanti l\u016bp\u0173 kauk\u0117 su laim\u0173 ekstraktu \u2013 atkuria l\u016bp\u0173 \u0161velnum\u0105 ir putlum\u0105, tinka naudoti dien\u0105 ir nakt\u012f.\" \/>\n<meta name=\"robots\" content=\"index, follow, max-snippet:-1, max-image-preview:large, max-video-preview:-1\" \/>\n<link rel=\"canonical\" href=\"https:\/\/www.malinashop.lt\/en\/shop\/carenel-lime-naktine-lupu-kauke-su-laimu-ekstraktu-5g\/\" \/>\n<meta property=\"og:locale\" content=\"en_GB\" \/>\n<meta property=\"og:type\" content=\"article\" \/>\n<meta property=\"og:title\" content=\"Carenel Lime \u2013 naktin\u0117 l\u016bp\u0173 kauk\u0117 su laim\u0173 ekstraktu, 5g - MalinaShop.lt J\u016bs\u0173 sveikatai ir gro\u017eiui.\" \/>\n<meta property=\"og:description\" content=\"Laim\u0173 aromato naktin\u0117 l\u016bp\u0173 kauk\u0117 \u0161velniai \u0161vei\u010dia, intensyviai dr\u0117kina ir atkuria l\u016bp\u0173 mink\u0161tum\u0105 miego metu. Puikiai tinka sausoms ir jautrioms l\u016bpoms. Dr\u0117kinanti l\u016bp\u0173 kauk\u0117 su laim\u0173 ekstraktu \u2013 atkuria l\u016bp\u0173 \u0161velnum\u0105 ir putlum\u0105, tinka naudoti dien\u0105 ir nakt\u012f.\" \/>\n<meta property=\"og:url\" content=\"https:\/\/www.malinashop.lt\/en\/shop\/carenel-lime-naktine-lupu-kauke-su-laimu-ekstraktu-5g\/\" \/>\n<meta property=\"og:site_name\" content=\"MalinaShop.lt J\u016bs\u0173 sveikatai ir gro\u017eiui.\" \/>\n<meta property=\"article:modified_time\" content=\"2026-04-07T21:26:20+00:00\" \/>\n<meta property=\"og:image\" content=\"https:\/\/www.malinashop.lt\/wp-content\/uploads\/2025\/06\/Carenel-Lime-\u2013-naktine-lupu-kauke-su-laimu-ekstraktu-5g.webp\" \/>\n\t<meta property=\"og:image:width\" content=\"768\" \/>\n\t<meta property=\"og:image:height\" content=\"768\" \/>\n\t<meta property=\"og:image:type\" content=\"image\/webp\" \/>\n<meta name=\"twitter:card\" content=\"summary_large_image\" \/>\n<script type=\"application\/ld+json\" class=\"yoast-schema-graph\">{\"@context\":\"https:\\\/\\\/schema.org\",\"@graph\":[{\"@type\":\"WebPage\",\"@id\":\"https:\\\/\\\/www.malinashop.lt\\\/lt_lt\\\/shop\\\/carenel-lime-naktine-lupu-kauke-su-laimu-ekstraktu-5g\\\/\",\"url\":\"https:\\\/\\\/www.malinashop.lt\\\/lt_lt\\\/shop\\\/carenel-lime-naktine-lupu-kauke-su-laimu-ekstraktu-5g\\\/\",\"name\":\"Carenel Lime \u2013 naktin\u0117 l\u016bp\u0173 kauk\u0117 su laim\u0173 ekstraktu, 5g - MalinaShop.lt J\u016bs\u0173 sveikatai ir gro\u017eiui.\",\"isPartOf\":{\"@id\":\"https:\\\/\\\/www.malinashop.lt\\\/#website\"},\"primaryImageOfPage\":{\"@id\":\"https:\\\/\\\/www.malinashop.lt\\\/lt_lt\\\/shop\\\/carenel-lime-naktine-lupu-kauke-su-laimu-ekstraktu-5g\\\/#primaryimage\"},\"image\":{\"@id\":\"https:\\\/\\\/www.malinashop.lt\\\/lt_lt\\\/shop\\\/carenel-lime-naktine-lupu-kauke-su-laimu-ekstraktu-5g\\\/#primaryimage\"},\"thumbnailUrl\":\"https:\\\/\\\/www.malinashop.lt\\\/wp-content\\\/uploads\\\/2025\\\/06\\\/Carenel-Lime-\u2013-naktine-lupu-kauke-su-laimu-ekstraktu-5g.webp\",\"datePublished\":\"2025-06-15T22:32:42+00:00\",\"dateModified\":\"2026-04-07T21:26:20+00:00\",\"description\":\"Laim\u0173 aromato naktin\u0117 l\u016bp\u0173 kauk\u0117 \u0161velniai \u0161vei\u010dia, intensyviai dr\u0117kina ir atkuria l\u016bp\u0173 mink\u0161tum\u0105 miego metu. Puikiai tinka sausoms ir jautrioms l\u016bpoms. Dr\u0117kinanti l\u016bp\u0173 kauk\u0117 su laim\u0173 ekstraktu \u2013 atkuria l\u016bp\u0173 \u0161velnum\u0105 ir putlum\u0105, tinka naudoti dien\u0105 ir nakt\u012f.\",\"breadcrumb\":{\"@id\":\"https:\\\/\\\/www.malinashop.lt\\\/lt_lt\\\/shop\\\/carenel-lime-naktine-lupu-kauke-su-laimu-ekstraktu-5g\\\/#breadcrumb\"},\"inLanguage\":\"en-GB\",\"potentialAction\":[{\"@type\":\"ReadAction\",\"target\":[\"https:\\\/\\\/www.malinashop.lt\\\/lt_lt\\\/shop\\\/carenel-lime-naktine-lupu-kauke-su-laimu-ekstraktu-5g\\\/\"]}]},{\"@type\":\"ImageObject\",\"inLanguage\":\"en-GB\",\"@id\":\"https:\\\/\\\/www.malinashop.lt\\\/lt_lt\\\/shop\\\/carenel-lime-naktine-lupu-kauke-su-laimu-ekstraktu-5g\\\/#primaryimage\",\"url\":\"https:\\\/\\\/www.malinashop.lt\\\/wp-content\\\/uploads\\\/2025\\\/06\\\/Carenel-Lime-\u2013-naktine-lupu-kauke-su-laimu-ekstraktu-5g.webp\",\"contentUrl\":\"https:\\\/\\\/www.malinashop.lt\\\/wp-content\\\/uploads\\\/2025\\\/06\\\/Carenel-Lime-\u2013-naktine-lupu-kauke-su-laimu-ekstraktu-5g.webp\",\"width\":768,\"height\":768},{\"@type\":\"BreadcrumbList\",\"@id\":\"https:\\\/\\\/www.malinashop.lt\\\/lt_lt\\\/shop\\\/carenel-lime-naktine-lupu-kauke-su-laimu-ekstraktu-5g\\\/#breadcrumb\",\"itemListElement\":[{\"@type\":\"ListItem\",\"position\":1,\"name\":\"Pagrindinis\",\"item\":\"https:\\\/\\\/www.malinashop.lt\\\/\"},{\"@type\":\"ListItem\",\"position\":2,\"name\":\"Parduotuv\u0117\",\"item\":\"https:\\\/\\\/www.malinashop.lt\\\/en\\\/parduotuve\\\/\"},{\"@type\":\"ListItem\",\"position\":3,\"name\":\"Carenel Lime \u2013 naktin\u0117 l\u016bp\u0173 kauk\u0117 su laim\u0173 ekstraktu, 5g\"}]},{\"@type\":\"WebSite\",\"@id\":\"https:\\\/\\\/www.malinashop.lt\\\/#website\",\"url\":\"https:\\\/\\\/www.malinashop.lt\\\/\",\"name\":\"COM Group Ecommerce\",\"description\":\"MalinaShop.lt - Gro\u017eio ir sveikatos produktai i\u0161 patikim\u0173 preki\u0173 \u017eenkl\u0173. Atraskite auk\u0161tos kokyb\u0117s kosmetik\u0105 u\u017e puiki\u0105 kain\u0105.\",\"publisher\":{\"@id\":\"https:\\\/\\\/www.malinashop.lt\\\/#organization\"},\"potentialAction\":[{\"@type\":\"SearchAction\",\"target\":{\"@type\":\"EntryPoint\",\"urlTemplate\":\"https:\\\/\\\/www.malinashop.lt\\\/?s={search_term_string}\"},\"query-input\":{\"@type\":\"PropertyValueSpecification\",\"valueRequired\":true,\"valueName\":\"search_term_string\"}}],\"inLanguage\":\"en-GB\"},{\"@type\":\"Organization\",\"@id\":\"https:\\\/\\\/www.malinashop.lt\\\/#organization\",\"name\":\"COM Group Ecommerce\",\"url\":\"https:\\\/\\\/www.malinashop.lt\\\/\",\"logo\":{\"@type\":\"ImageObject\",\"inLanguage\":\"en-GB\",\"@id\":\"https:\\\/\\\/www.malinashop.lt\\\/#\\\/schema\\\/logo\\\/image\\\/\",\"url\":\"https:\\\/\\\/www.malinashop.lt\\\/wp-content\\\/uploads\\\/2024\\\/08\\\/462559670_3787732518133670_9795632669273463_n-e1731525914575.png\",\"contentUrl\":\"https:\\\/\\\/www.malinashop.lt\\\/wp-content\\\/uploads\\\/2024\\\/08\\\/462559670_3787732518133670_9795632669273463_n-e1731525914575.png\",\"width\":180,\"height\":60,\"caption\":\"COM Group Ecommerce\"},\"image\":{\"@id\":\"https:\\\/\\\/www.malinashop.lt\\\/#\\\/schema\\\/logo\\\/image\\\/\"}}]}<\/script>\n<!-- \/ Yoast SEO plugin. -->","yoast_head_json":{"title":"Carenel Lime \u2013 naktin\u0117 l\u016bp\u0173 kauk\u0117 su laim\u0173 ekstraktu, 5g - MalinaShop.lt J\u016bs\u0173 sveikatai ir gro\u017eiui.","description":"Laim\u0173 aromato naktin\u0117 l\u016bp\u0173 kauk\u0117 \u0161velniai \u0161vei\u010dia, intensyviai dr\u0117kina ir atkuria l\u016bp\u0173 mink\u0161tum\u0105 miego metu. Puikiai tinka sausoms ir jautrioms l\u016bpoms. Dr\u0117kinanti l\u016bp\u0173 kauk\u0117 su laim\u0173 ekstraktu \u2013 atkuria l\u016bp\u0173 \u0161velnum\u0105 ir putlum\u0105, tinka naudoti dien\u0105 ir nakt\u012f.","robots":{"index":"index","follow":"follow","max-snippet":"max-snippet:-1","max-image-preview":"max-image-preview:large","max-video-preview":"max-video-preview:-1"},"canonical":"https:\/\/www.malinashop.lt\/en\/shop\/carenel-lime-naktine-lupu-kauke-su-laimu-ekstraktu-5g\/","og_locale":"en_GB","og_type":"article","og_title":"Carenel Lime \u2013 naktin\u0117 l\u016bp\u0173 kauk\u0117 su laim\u0173 ekstraktu, 5g - MalinaShop.lt J\u016bs\u0173 sveikatai ir gro\u017eiui.","og_description":"Laim\u0173 aromato naktin\u0117 l\u016bp\u0173 kauk\u0117 \u0161velniai \u0161vei\u010dia, intensyviai dr\u0117kina ir atkuria l\u016bp\u0173 mink\u0161tum\u0105 miego metu. Puikiai tinka sausoms ir jautrioms l\u016bpoms. Dr\u0117kinanti l\u016bp\u0173 kauk\u0117 su laim\u0173 ekstraktu \u2013 atkuria l\u016bp\u0173 \u0161velnum\u0105 ir putlum\u0105, tinka naudoti dien\u0105 ir nakt\u012f.","og_url":"https:\/\/www.malinashop.lt\/en\/shop\/carenel-lime-naktine-lupu-kauke-su-laimu-ekstraktu-5g\/","og_site_name":"MalinaShop.lt J\u016bs\u0173 sveikatai ir gro\u017eiui.","article_modified_time":"2026-04-07T21:26:20+00:00","og_image":[{"width":768,"height":768,"url":"https:\/\/www.malinashop.lt\/wp-content\/uploads\/2025\/06\/Carenel-Lime-\u2013-naktine-lupu-kauke-su-laimu-ekstraktu-5g.webp","type":"image\/webp"}],"twitter_card":"summary_large_image","schema":{"@context":"https:\/\/schema.org","@graph":[{"@type":"WebPage","@id":"https:\/\/www.malinashop.lt\/lt_lt\/shop\/carenel-lime-naktine-lupu-kauke-su-laimu-ekstraktu-5g\/","url":"https:\/\/www.malinashop.lt\/lt_lt\/shop\/carenel-lime-naktine-lupu-kauke-su-laimu-ekstraktu-5g\/","name":"Carenel Lime \u2013 naktin\u0117 l\u016bp\u0173 kauk\u0117 su laim\u0173 ekstraktu, 5g - MalinaShop.lt J\u016bs\u0173 sveikatai ir gro\u017eiui.","isPartOf":{"@id":"https:\/\/www.malinashop.lt\/#website"},"primaryImageOfPage":{"@id":"https:\/\/www.malinashop.lt\/lt_lt\/shop\/carenel-lime-naktine-lupu-kauke-su-laimu-ekstraktu-5g\/#primaryimage"},"image":{"@id":"https:\/\/www.malinashop.lt\/lt_lt\/shop\/carenel-lime-naktine-lupu-kauke-su-laimu-ekstraktu-5g\/#primaryimage"},"thumbnailUrl":"https:\/\/www.malinashop.lt\/wp-content\/uploads\/2025\/06\/Carenel-Lime-\u2013-naktine-lupu-kauke-su-laimu-ekstraktu-5g.webp","datePublished":"2025-06-15T22:32:42+00:00","dateModified":"2026-04-07T21:26:20+00:00","description":"Laim\u0173 aromato naktin\u0117 l\u016bp\u0173 kauk\u0117 \u0161velniai \u0161vei\u010dia, intensyviai dr\u0117kina ir atkuria l\u016bp\u0173 mink\u0161tum\u0105 miego metu. Puikiai tinka sausoms ir jautrioms l\u016bpoms. Dr\u0117kinanti l\u016bp\u0173 kauk\u0117 su laim\u0173 ekstraktu \u2013 atkuria l\u016bp\u0173 \u0161velnum\u0105 ir putlum\u0105, tinka naudoti dien\u0105 ir nakt\u012f.","breadcrumb":{"@id":"https:\/\/www.malinashop.lt\/lt_lt\/shop\/carenel-lime-naktine-lupu-kauke-su-laimu-ekstraktu-5g\/#breadcrumb"},"inLanguage":"en-GB","potentialAction":[{"@type":"ReadAction","target":["https:\/\/www.malinashop.lt\/lt_lt\/shop\/carenel-lime-naktine-lupu-kauke-su-laimu-ekstraktu-5g\/"]}]},{"@type":"ImageObject","inLanguage":"en-GB","@id":"https:\/\/www.malinashop.lt\/lt_lt\/shop\/carenel-lime-naktine-lupu-kauke-su-laimu-ekstraktu-5g\/#primaryimage","url":"https:\/\/www.malinashop.lt\/wp-content\/uploads\/2025\/06\/Carenel-Lime-\u2013-naktine-lupu-kauke-su-laimu-ekstraktu-5g.webp","contentUrl":"https:\/\/www.malinashop.lt\/wp-content\/uploads\/2025\/06\/Carenel-Lime-\u2013-naktine-lupu-kauke-su-laimu-ekstraktu-5g.webp","width":768,"height":768},{"@type":"BreadcrumbList","@id":"https:\/\/www.malinashop.lt\/lt_lt\/shop\/carenel-lime-naktine-lupu-kauke-su-laimu-ekstraktu-5g\/#breadcrumb","itemListElement":[{"@type":"ListItem","position":1,"name":"Pagrindinis","item":"https:\/\/www.malinashop.lt\/"},{"@type":"ListItem","position":2,"name":"Parduotuv\u0117","item":"https:\/\/www.malinashop.lt\/en\/parduotuve\/"},{"@type":"ListItem","position":3,"name":"Carenel Lime \u2013 naktin\u0117 l\u016bp\u0173 kauk\u0117 su laim\u0173 ekstraktu, 5g"}]},{"@type":"WebSite","@id":"https:\/\/www.malinashop.lt\/#website","url":"https:\/\/www.malinashop.lt\/","name":"COM Group Ecommerce","description":"MalinaShop.lt - Gro\u017eio ir sveikatos produktai i\u0161 patikim\u0173 preki\u0173 \u017eenkl\u0173. Atraskite auk\u0161tos kokyb\u0117s kosmetik\u0105 u\u017e puiki\u0105 kain\u0105.","publisher":{"@id":"https:\/\/www.malinashop.lt\/#organization"},"potentialAction":[{"@type":"SearchAction","target":{"@type":"EntryPoint","urlTemplate":"https:\/\/www.malinashop.lt\/?s={search_term_string}"},"query-input":{"@type":"PropertyValueSpecification","valueRequired":true,"valueName":"search_term_string"}}],"inLanguage":"en-GB"},{"@type":"Organization","@id":"https:\/\/www.malinashop.lt\/#organization","name":"COM Group Ecommerce","url":"https:\/\/www.malinashop.lt\/","logo":{"@type":"ImageObject","inLanguage":"en-GB","@id":"https:\/\/www.malinashop.lt\/#\/schema\/logo\/image\/","url":"https:\/\/www.malinashop.lt\/wp-content\/uploads\/2024\/08\/462559670_3787732518133670_9795632669273463_n-e1731525914575.png","contentUrl":"https:\/\/www.malinashop.lt\/wp-content\/uploads\/2024\/08\/462559670_3787732518133670_9795632669273463_n-e1731525914575.png","width":180,"height":60,"caption":"COM Group Ecommerce"},"image":{"@id":"https:\/\/www.malinashop.lt\/#\/schema\/logo\/image\/"}}]}},"jetpack_sharing_enabled":true,"_links":{"self":[{"href":"https:\/\/www.malinashop.lt\/en\/wp-json\/wp\/v2\/product\/57011","targetHints":{"allow":["GET"]}}],"collection":[{"href":"https:\/\/www.malinashop.lt\/en\/wp-json\/wp\/v2\/product"}],"about":[{"href":"https:\/\/www.malinashop.lt\/en\/wp-json\/wp\/v2\/types\/product"}],"version-history":[{"count":1,"href":"https:\/\/www.malinashop.lt\/en\/wp-json\/wp\/v2\/product\/57011\/revisions"}],"predecessor-version":[{"id":57016,"href":"https:\/\/www.malinashop.lt\/en\/wp-json\/wp\/v2\/product\/57011\/revisions\/57016"}],"wp:featuredmedia":[{"embeddable":true,"href":"https:\/\/www.malinashop.lt\/en\/wp-json\/wp\/v2\/media\/57015"}],"wp:attachment":[{"href":"https:\/\/www.malinashop.lt\/en\/wp-json\/wp\/v2\/media?parent=57011"}],"wp:term":[{"taxonomy":"product_brand","embeddable":true,"href":"https:\/\/www.malinashop.lt\/en\/wp-json\/wp\/v2\/product_brand?post=57011"},{"taxonomy":"product_cat","embeddable":true,"href":"https:\/\/www.malinashop.lt\/en\/wp-json\/wp\/v2\/product_cat?post=57011"},{"taxonomy":"product_tag","embeddable":true,"href":"https:\/\/www.malinashop.lt\/en\/wp-json\/wp\/v2\/product_tag?post=57011"}],"curies":[{"name":"wp","href":"https:\/\/api.w.org\/{rel}","templated":true}]}}