{"id":56879,"date":"2025-06-15T22:00:43","date_gmt":"2025-06-15T19:00:43","guid":{"rendered":"https:\/\/malinashop.lt\/?post_type=product&#038;p=56879"},"modified":"2026-04-08T00:49:54","modified_gmt":"2026-04-07T21:49:54","slug":"simply-when-fantastic-five-medvilniniu-veido-kaukiu-rinkinys-5-vnt","status":"publish","type":"product","link":"https:\/\/www.malinashop.lt\/en\/shop\/simply-when-fantastic-five-medvilniniu-veido-kaukiu-rinkinys-5-vnt\/","title":{"rendered":"Simply When\u00ae Fantastic Five \u2013 medvilnini\u0173 veido kauki\u0173 rinkinys, 5vnt."},"content":{"rendered":"<p data-start=\"0\" data-end=\"43\"><strong data-start=\"0\" data-end=\"43\">Preki\u0173 i\u0161siuntimas per 1\u20133 darbo dienas<\/strong><\/p>\n<p data-start=\"45\" data-end=\"127\"><strong data-start=\"45\" data-end=\"127\">WHEN veido kauki\u0173 rinkinys \u2013 5 skirtingos kauk\u0117s individualiai odos prie\u017ei\u016brai<\/strong><\/p>\n<p data-start=\"129\" data-end=\"416\">Atraskite visapusi\u0161k\u0105 veido odos prie\u017ei\u016br\u0105 su WHEN veido kauki\u0173 rinkiniu, kuris apima 5 skirtingas kaukes, sukurtas spr\u0119sti skirtingas odos problemas: dr\u0117kinim\u0105, elastingumo stiprinim\u0105, \u0161veitim\u0105, odos skaistinim\u0105 ir nuraminim\u0105. Kiekviena kauk\u0117 \u2013 tai mini SPA ritualas vos per 20 minu\u010di\u0173!<\/p>\n<p data-start=\"418\" data-end=\"449\"><strong data-start=\"421\" data-end=\"449\">Pagrindiniai privalumai:<\/strong><\/p>\n<ul data-start=\"450\" data-end=\"1051\">\n<li data-start=\"450\" data-end=\"562\">\n<p data-start=\"452\" data-end=\"562\"><strong data-start=\"452\" data-end=\"499\">Lengva, kv\u0117puojanti ir biologi\u0161kai skaidoma<\/strong> Linter Bemliese\u2122 medviln\u0117s kauk\u0117, priglundanti kaip antra oda.<\/p>\n<\/li>\n<li data-start=\"563\" data-end=\"1051\">\n<p data-start=\"565\" data-end=\"592\"><strong data-start=\"565\" data-end=\"592\">5 veiksmingos formul\u0117s:<\/strong><\/p>\n<ul data-start=\"595\" data-end=\"1051\">\n<li data-start=\"595\" data-end=\"677\">\n<p data-start=\"597\" data-end=\"677\"><strong data-start=\"597\" data-end=\"612\">Cosmic Calm<\/strong> \u2013 raminanti kauk\u0117 su arnika, medetkomis ir arbatmed\u017eio aliejumi.<\/p>\n<\/li>\n<li data-start=\"680\" data-end=\"793\">\n<p data-start=\"682\" data-end=\"793\"><strong data-start=\"682\" data-end=\"701\">Present Perfect<\/strong> \u2013 elastingum\u0105 atkurianti kauk\u0117 su kolagenu, mango ekstraktu ir \u017ealiosios arbatos lapeliais.<\/p>\n<\/li>\n<li data-start=\"796\" data-end=\"869\">\n<p data-start=\"798\" data-end=\"869\"><strong data-start=\"798\" data-end=\"811\">Snow Song<\/strong> \u2013 odos ton\u0105 skaistinanti kauk\u0117 su niacinamidu ir alaviju.<\/p>\n<\/li>\n<li data-start=\"872\" data-end=\"959\">\n<p data-start=\"874\" data-end=\"959\"><strong data-start=\"874\" data-end=\"890\">Future Fresh<\/strong> \u2013 \u0161velniai \u0161vei\u010dianti kauk\u0117 su BHA, medumi ir vaistin\u0117mis \u017eolel\u0117mis.<\/p>\n<\/li>\n<li data-start=\"962\" data-end=\"1051\">\n<p data-start=\"964\" data-end=\"1051\"><strong data-start=\"964\" data-end=\"978\">Water Wish<\/strong> \u2013 intensyviai dr\u0117kinanti kauk\u0117 su hialuronu, alaviju ir avi\u017e\u0173 ekstraktu.<\/p>\n<\/li>\n<\/ul>\n<\/li>\n<\/ul>\n<p data-start=\"1053\" data-end=\"1213\">\u00a0Visos kauk\u0117s papildytos hialurono r\u016bg\u0161timi, kuri u\u017etikrina gilumin\u012f dr\u0117kinim\u0105, o dalis j\u0173 \u2013 100 % vegani\u0161kos: <strong data-start=\"1166\" data-end=\"1181\">Cosmic Calm<\/strong>, <strong data-start=\"1183\" data-end=\"1196\">Snow Song<\/strong>, <strong data-start=\"1198\" data-end=\"1212\">Water Wish<\/strong>.<\/p>\n<p data-start=\"1215\" data-end=\"1233\"><strong data-start=\"1218\" data-end=\"1233\">Naudojimas:<\/strong><\/p>\n<ol data-start=\"1234\" data-end=\"1424\">\n<li data-start=\"1234\" data-end=\"1270\">\n<p data-start=\"1237\" data-end=\"1270\">Nuvalykite ir nusausinkite veid\u0105.<\/p>\n<\/li>\n<li data-start=\"1271\" data-end=\"1347\">\n<p data-start=\"1274\" data-end=\"1347\">I\u0161skleiskite audinio lak\u0161t\u0105, u\u017ed\u0117kite ant veido ir \u0161velniai priglauskite.<\/p>\n<\/li>\n<li data-start=\"1348\" data-end=\"1424\">\n<p data-start=\"1351\" data-end=\"1424\">Laikykite 10\u201320 min., po to nuimkite kauk\u0119 ir \u012fmasa\u017euokite likus\u012f serum\u0105.<\/p>\n<\/li>\n<\/ol>\n<p data-start=\"1426\" data-end=\"1443\">\u26a0\ufe0f <strong data-start=\"1429\" data-end=\"1443\">\u012esp\u0117jimai:<\/strong><\/p>\n<ul data-start=\"1444\" data-end=\"1599\">\n<li data-start=\"1444\" data-end=\"1471\">\n<p data-start=\"1446\" data-end=\"1471\">Tik i\u0161oriniam naudojimui.<\/p>\n<\/li>\n<li data-start=\"1472\" data-end=\"1529\">\n<p data-start=\"1474\" data-end=\"1529\">Venkite kontakto su akimis, pa\u017eeista ar sudirgusia oda.<\/p>\n<\/li>\n<li data-start=\"1530\" data-end=\"1599\">\n<p data-start=\"1532\" data-end=\"1599\">Alergijos atveju \u2013 nutraukite naudojim\u0105 ir pasitarkite su gydytoju.<\/p>\n<\/li>\n<\/ul>\n<p data-start=\"1601\" data-end=\"1717\">\ud83d\udce6 <strong data-start=\"1604\" data-end=\"1624\">Laikymo s\u0105lygos:<\/strong><br \/>\nLaikyti sausoje vietoje, kambario temperat\u016broje, vengiant saul\u0117s \u0161viesos. Saugoti nuo vaik\u0173.<\/p>\n<p data-start=\"1719\" data-end=\"1826\"><strong data-start=\"1724\" data-end=\"1753\">Pagaminta Piet\u0173 Kor\u0117joje.<\/strong><br data-start=\"1753\" data-end=\"1756\" \/>Dermatologi\u0161kai patikrinta \/ Hipoalergi\u0161ka \/ N\u0117ra bandym\u0173 su gyv\u016bnais.<\/p>\n","protected":false},"excerpt":{"rendered":"<article class=\"text-token-text-primary w-full\" dir=\"auto\" data-testid=\"conversation-turn-60\" data-scroll-anchor=\"true\">\n<div class=\"text-base my-auto mx-auto py-5 [--thread-content-margin:--spacing(4)] @[37rem]:[--thread-content-margin:--spacing(6)] @[72rem]:[--thread-content-margin:--spacing(16)] px-(--thread-content-margin)\">\n<div class=\"[--thread-content-max-width:32rem] @[34rem]:[--thread-content-max-width:40rem] @[64rem]:[--thread-content-max-width:48rem] mx-auto flex max-w-(--thread-content-max-width) flex-1 text-base gap-4 md:gap-5 lg:gap-6 group\/turn-messages focus-visible:outline-hidden\">\n<div class=\"group\/conversation-turn relative flex w-full min-w-0 flex-col agent-turn\">\n<div class=\"relative flex-col gap-1 md:gap-3\">\n<div class=\"flex max-w-full flex-col grow\">\n<div class=\"min-h-8 text-message relative flex w-full flex-col items-end gap-2 text-start break-words whitespace-normal [.text-message+&amp;]:mt-5\" dir=\"auto\" data-message-author-role=\"assistant\" data-message-id=\"589fe88d-4868-4166-a8f8-a90b18c71d84\" data-message-model-slug=\"gpt-4o\">\n<div class=\"flex w-full flex-col gap-1 empty:hidden first:pt-[3px]\">\n<div class=\"markdown prose dark:prose-invert w-full break-words light\">\n<article class=\"text-token-text-primary w-full\" dir=\"auto\" data-testid=\"conversation-turn-64\" data-scroll-anchor=\"true\">\n<div class=\"text-base my-auto mx-auto py-5 [--thread-content-margin:--spacing(4)] @[37rem]:[--thread-content-margin:--spacing(6)] @[72rem]:[--thread-content-margin:--spacing(16)] px-(--thread-content-margin)\">\n<div class=\"[--thread-content-max-width:32rem] @[34rem]:[--thread-content-max-width:40rem] @[64rem]:[--thread-content-max-width:48rem] mx-auto flex max-w-(--thread-content-max-width) flex-1 text-base gap-4 md:gap-5 lg:gap-6 group\/turn-messages focus-visible:outline-hidden\">\n<div class=\"group\/conversation-turn relative flex w-full min-w-0 flex-col agent-turn\">\n<div class=\"relative flex-col gap-1 md:gap-3\">\n<div class=\"flex max-w-full flex-col grow\">\n<div class=\"min-h-8 text-message relative flex w-full flex-col items-end gap-2 text-start break-words whitespace-normal [.text-message+&amp;]:mt-5\" dir=\"auto\" data-message-author-role=\"assistant\" data-message-id=\"699e12ca-a8a9-4876-bb46-a364a3a7704b\" data-message-model-slug=\"gpt-4o\">\n<div class=\"flex w-full flex-col gap-1 empty:hidden first:pt-[3px]\">\n<div class=\"markdown prose dark:prose-invert w-full break-words light\">\n<p data-start=\"530\" data-end=\"711\">Rinkinyje \u2013 penkios skirtingos Simply When\u00ae kauk\u0117s i\u0161 \u0161velnaus medviln\u0117s pluo\u0161to Bemliese\u2122, praturtintos hialurono r\u016bg\u0161timi ir augaliniais ekstraktais. Kiekviena i\u0161 j\u0173 skirta visapusi\u0161kai odos prie\u017ei\u016brai: dr\u0117kinimui, raminimui, stangrinimui, skaistinimui ir atk\u016brimui.<\/p>\n<\/div>\n<\/div>\n<\/div>\n<\/div>\n<div class=\"flex min-h-[46px] justify-start\">\n<div class=\"touch:-me-2 touch:-ms-3.5 -ms-2.5 -me-1 flex flex-wrap items-center gap-y-4 p-1 select-none touch:w-[calc(100%+--spacing(3.5))] -mt-1 w-[calc(100%+--spacing(2.5))] duration-[1.5s] focus-within:transition-none hover:transition-none pointer-events-none [mask-image:linear-gradient(to_right,black_33%,transparent_66%)] [mask-size:300%_100%] [mask-position:100%_0%] motion-safe:transition-[mask-position] group-hover\/turn-messages:pointer-events-auto group-hover\/turn-messages:[mask-position:0_0] group-focus-within\/turn-messages:pointer-events-auto group-focus-within\/turn-messages:[mask-position:0_0] has-data-[state=open]:pointer-events-auto has-data-[state=open]:[mask-position:0_0]\">\n<div class=\"flex items-center\"><\/div>\n<\/div>\n<\/div>\n<div class=\"mt-3 w-full empty:hidden\">\n<div class=\"text-center\"><\/div>\n<\/div>\n<\/div>\n<div class=\"absolute\">\n<div class=\"flex items-center justify-center\"><\/div>\n<\/div>\n<\/div>\n<\/div>\n<\/div>\n<\/article>\n<div class=\"pointer-events-none h-px w-px\" aria-hidden=\"true\" data-edge=\"true\"><\/div>\n<\/div>\n<\/div>\n<\/div>\n<\/div>\n<div class=\"flex min-h-[46px] justify-start\">\n<div class=\"touch:-me-2 touch:-ms-3.5 -ms-2.5 -me-1 flex flex-wrap items-center gap-y-4 p-1 select-none touch:w-[calc(100%+--spacing(3.5))] -mt-1 w-[calc(100%+--spacing(2.5))] duration-[1.5s] focus-within:transition-none hover:transition-none pointer-events-none [mask-image:linear-gradient(to_right,black_33%,transparent_66%)] [mask-size:300%_100%] [mask-position:100%_0%] motion-safe:transition-[mask-position] group-hover\/turn-messages:pointer-events-auto group-hover\/turn-messages:[mask-position:0_0] group-focus-within\/turn-messages:pointer-events-auto group-focus-within\/turn-messages:[mask-position:0_0] has-data-[state=open]:pointer-events-auto has-data-[state=open]:[mask-position:0_0]\">\n<p>&nbsp;<\/p>\n<div class=\"flex items-center\"><\/div>\n<\/div>\n<\/div>\n<div class=\"mt-3 w-full empty:hidden\">\n<div class=\"text-center\"><\/div>\n<\/div>\n<\/div>\n<div class=\"absolute\">\n<div class=\"flex items-center justify-center\"><\/div>\n<\/div>\n<\/div>\n<\/div>\n<\/div>\n<\/article>\n<div class=\"pointer-events-none h-px w-px\" aria-hidden=\"true\" data-edge=\"true\"><\/div>\n","protected":false},"featured_media":56881,"template":"","meta":[],"product_brand":[1348],"product_cat":[1136,562,827,728],"product_tag":[1629],"class_list":{"0":"post-56879","1":"product","2":"type-product","3":"status-publish","4":"has-post-thumbnail","6":"product_brand-when","7":"product_cat-lakstines-veido-kaukes","8":"product_cat-sandelio-valymas","9":"product_cat-veido-prieziuros-priemoniu-rinkiniai","10":"product_cat-veidui","11":"product_tag-when","13":"first","14":"outofstock","15":"sale","16":"taxable","17":"shipping-taxable","18":"purchasable","19":"product-type-simple"},"yoast_head":"<!-- This site is optimized with the Yoast SEO plugin v27.4 - https:\/\/yoast.com\/product\/yoast-seo-wordpress\/ -->\n<title>Simply When\u00ae Fantastic Five \u2013 medvilnini\u0173 veido kauki\u0173 rinkinys, 5vnt. - MalinaShop.lt J\u016bs\u0173 sveikatai ir gro\u017eiui.<\/title>\n<meta name=\"description\" content=\"Rinkinyje \u2013 penkios skirtingos Simply When\u00ae kauk\u0117s i\u0161 \u0161velnaus medviln\u0117s pluo\u0161to Bemliese\u2122, praturtintos hialurono r\u016bg\u0161timi ir augaliniais ekstraktais. Kiekviena i\u0161 j\u0173 skirta visapusi\u0161kai odos prie\u017ei\u016brai: dr\u0117kinimui, raminimui, stangrinimui, skaistinimui ir atk\u016brimui.                              &nbsp;WHEN 5 veido kauki\u0173 rinkinys \u2013 dr\u0117kinimui, skaistinimui, elastingumui ir odos nuraminimui. Mini SPA vos per 20 min.\" \/>\n<meta name=\"robots\" content=\"index, follow, max-snippet:-1, max-image-preview:large, max-video-preview:-1\" \/>\n<link rel=\"canonical\" href=\"https:\/\/www.malinashop.lt\/en\/shop\/simply-when-fantastic-five-medvilniniu-veido-kaukiu-rinkinys-5-vnt\/\" \/>\n<meta property=\"og:locale\" content=\"en_GB\" \/>\n<meta property=\"og:type\" content=\"article\" \/>\n<meta property=\"og:title\" content=\"Simply When\u00ae Fantastic Five \u2013 medvilnini\u0173 veido kauki\u0173 rinkinys, 5vnt. - MalinaShop.lt J\u016bs\u0173 sveikatai ir gro\u017eiui.\" \/>\n<meta property=\"og:description\" content=\"Rinkinyje \u2013 penkios skirtingos Simply When\u00ae kauk\u0117s i\u0161 \u0161velnaus medviln\u0117s pluo\u0161to Bemliese\u2122, praturtintos hialurono r\u016bg\u0161timi ir augaliniais ekstraktais. Kiekviena i\u0161 j\u0173 skirta visapusi\u0161kai odos prie\u017ei\u016brai: dr\u0117kinimui, raminimui, stangrinimui, skaistinimui ir atk\u016brimui.                              &nbsp;WHEN 5 veido kauki\u0173 rinkinys \u2013 dr\u0117kinimui, skaistinimui, elastingumui ir odos nuraminimui. Mini SPA vos per 20 min.\" \/>\n<meta property=\"og:url\" content=\"https:\/\/www.malinashop.lt\/en\/shop\/simply-when-fantastic-five-medvilniniu-veido-kaukiu-rinkinys-5-vnt\/\" \/>\n<meta property=\"og:site_name\" content=\"MalinaShop.lt J\u016bs\u0173 sveikatai ir gro\u017eiui.\" \/>\n<meta property=\"article:modified_time\" content=\"2026-04-07T21:49:54+00:00\" \/>\n<meta property=\"og:image\" content=\"https:\/\/www.malinashop.lt\/wp-content\/uploads\/2025\/06\/Simply-When\u00ae-Fantastic-Five-\u2013-medvilniniu-veido-kaukiu-rinkinys-5-vnt.webp\" \/>\n\t<meta property=\"og:image:width\" content=\"768\" \/>\n\t<meta property=\"og:image:height\" content=\"768\" \/>\n\t<meta property=\"og:image:type\" content=\"image\/webp\" \/>\n<meta name=\"twitter:card\" content=\"summary_large_image\" \/>\n<script type=\"application\/ld+json\" class=\"yoast-schema-graph\">{\"@context\":\"https:\\\/\\\/schema.org\",\"@graph\":[{\"@type\":\"WebPage\",\"@id\":\"https:\\\/\\\/www.malinashop.lt\\\/lt_lt\\\/shop\\\/simply-when-fantastic-five-medvilniniu-veido-kaukiu-rinkinys-5-vnt\\\/\",\"url\":\"https:\\\/\\\/www.malinashop.lt\\\/lt_lt\\\/shop\\\/simply-when-fantastic-five-medvilniniu-veido-kaukiu-rinkinys-5-vnt\\\/\",\"name\":\"Simply When\u00ae Fantastic Five \u2013 medvilnini\u0173 veido kauki\u0173 rinkinys, 5vnt. - MalinaShop.lt J\u016bs\u0173 sveikatai ir gro\u017eiui.\",\"isPartOf\":{\"@id\":\"https:\\\/\\\/www.malinashop.lt\\\/en\\\/#website\"},\"primaryImageOfPage\":{\"@id\":\"https:\\\/\\\/www.malinashop.lt\\\/lt_lt\\\/shop\\\/simply-when-fantastic-five-medvilniniu-veido-kaukiu-rinkinys-5-vnt\\\/#primaryimage\"},\"image\":{\"@id\":\"https:\\\/\\\/www.malinashop.lt\\\/lt_lt\\\/shop\\\/simply-when-fantastic-five-medvilniniu-veido-kaukiu-rinkinys-5-vnt\\\/#primaryimage\"},\"thumbnailUrl\":\"https:\\\/\\\/www.malinashop.lt\\\/wp-content\\\/uploads\\\/2025\\\/06\\\/Simply-When\u00ae-Fantastic-Five-\u2013-medvilniniu-veido-kaukiu-rinkinys-5-vnt.webp\",\"datePublished\":\"2025-06-15T19:00:43+00:00\",\"dateModified\":\"2026-04-07T21:49:54+00:00\",\"description\":\"Rinkinyje \u2013 penkios skirtingos Simply When\u00ae kauk\u0117s i\u0161 \u0161velnaus medviln\u0117s pluo\u0161to Bemliese\u2122, praturtintos hialurono r\u016bg\u0161timi ir augaliniais ekstraktais. Kiekviena i\u0161 j\u0173 skirta visapusi\u0161kai odos prie\u017ei\u016brai: dr\u0117kinimui, raminimui, stangrinimui, skaistinimui ir atk\u016brimui. &nbsp;WHEN 5 veido kauki\u0173 rinkinys \u2013 dr\u0117kinimui, skaistinimui, elastingumui ir odos nuraminimui. Mini SPA vos per 20 min.\",\"breadcrumb\":{\"@id\":\"https:\\\/\\\/www.malinashop.lt\\\/lt_lt\\\/shop\\\/simply-when-fantastic-five-medvilniniu-veido-kaukiu-rinkinys-5-vnt\\\/#breadcrumb\"},\"inLanguage\":\"en-GB\",\"potentialAction\":[{\"@type\":\"ReadAction\",\"target\":[\"https:\\\/\\\/www.malinashop.lt\\\/lt_lt\\\/shop\\\/simply-when-fantastic-five-medvilniniu-veido-kaukiu-rinkinys-5-vnt\\\/\"]}]},{\"@type\":\"ImageObject\",\"inLanguage\":\"en-GB\",\"@id\":\"https:\\\/\\\/www.malinashop.lt\\\/lt_lt\\\/shop\\\/simply-when-fantastic-five-medvilniniu-veido-kaukiu-rinkinys-5-vnt\\\/#primaryimage\",\"url\":\"https:\\\/\\\/www.malinashop.lt\\\/wp-content\\\/uploads\\\/2025\\\/06\\\/Simply-When\u00ae-Fantastic-Five-\u2013-medvilniniu-veido-kaukiu-rinkinys-5-vnt.webp\",\"contentUrl\":\"https:\\\/\\\/www.malinashop.lt\\\/wp-content\\\/uploads\\\/2025\\\/06\\\/Simply-When\u00ae-Fantastic-Five-\u2013-medvilniniu-veido-kaukiu-rinkinys-5-vnt.webp\",\"width\":768,\"height\":768},{\"@type\":\"BreadcrumbList\",\"@id\":\"https:\\\/\\\/www.malinashop.lt\\\/lt_lt\\\/shop\\\/simply-when-fantastic-five-medvilniniu-veido-kaukiu-rinkinys-5-vnt\\\/#breadcrumb\",\"itemListElement\":[{\"@type\":\"ListItem\",\"position\":1,\"name\":\"Home\",\"item\":\"https:\\\/\\\/www.malinashop.lt\\\/en\\\/\"},{\"@type\":\"ListItem\",\"position\":2,\"name\":\"Parduotuv\u0117\",\"item\":\"https:\\\/\\\/www.malinashop.lt\\\/en\\\/parduotuve\\\/\"},{\"@type\":\"ListItem\",\"position\":3,\"name\":\"Simply When\u00ae Fantastic Five \u2013 medvilnini\u0173 veido kauki\u0173 rinkinys, 5vnt.\"}]},{\"@type\":\"WebSite\",\"@id\":\"https:\\\/\\\/www.malinashop.lt\\\/en\\\/#website\",\"url\":\"https:\\\/\\\/www.malinashop.lt\\\/en\\\/\",\"name\":\"COM Group Ecommerce\",\"description\":\"MalinaShop.lt - Gro\u017eio ir sveikatos produktai i\u0161 patikim\u0173 preki\u0173 \u017eenkl\u0173. Atraskite auk\u0161tos kokyb\u0117s kosmetik\u0105 u\u017e puiki\u0105 kain\u0105.\",\"publisher\":{\"@id\":\"https:\\\/\\\/www.malinashop.lt\\\/en\\\/#organization\"},\"potentialAction\":[{\"@type\":\"SearchAction\",\"target\":{\"@type\":\"EntryPoint\",\"urlTemplate\":\"https:\\\/\\\/www.malinashop.lt\\\/en\\\/?s={search_term_string}\"},\"query-input\":{\"@type\":\"PropertyValueSpecification\",\"valueRequired\":true,\"valueName\":\"search_term_string\"}}],\"inLanguage\":\"en-GB\"},{\"@type\":\"Organization\",\"@id\":\"https:\\\/\\\/www.malinashop.lt\\\/en\\\/#organization\",\"name\":\"COM Group Ecommerce\",\"url\":\"https:\\\/\\\/www.malinashop.lt\\\/en\\\/\",\"logo\":{\"@type\":\"ImageObject\",\"inLanguage\":\"en-GB\",\"@id\":\"https:\\\/\\\/www.malinashop.lt\\\/en\\\/#\\\/schema\\\/logo\\\/image\\\/\",\"url\":\"https:\\\/\\\/www.malinashop.lt\\\/wp-content\\\/uploads\\\/2024\\\/08\\\/462559670_3787732518133670_9795632669273463_n-e1731525914575.png\",\"contentUrl\":\"https:\\\/\\\/www.malinashop.lt\\\/wp-content\\\/uploads\\\/2024\\\/08\\\/462559670_3787732518133670_9795632669273463_n-e1731525914575.png\",\"width\":180,\"height\":60,\"caption\":\"COM Group Ecommerce\"},\"image\":{\"@id\":\"https:\\\/\\\/www.malinashop.lt\\\/en\\\/#\\\/schema\\\/logo\\\/image\\\/\"}}]}<\/script>\n<!-- \/ Yoast SEO plugin. -->","yoast_head_json":{"title":"Simply When\u00ae Fantastic Five \u2013 medvilnini\u0173 veido kauki\u0173 rinkinys, 5vnt. - MalinaShop.lt J\u016bs\u0173 sveikatai ir gro\u017eiui.","description":"Rinkinyje \u2013 penkios skirtingos Simply When\u00ae kauk\u0117s i\u0161 \u0161velnaus medviln\u0117s pluo\u0161to Bemliese\u2122, praturtintos hialurono r\u016bg\u0161timi ir augaliniais ekstraktais. Kiekviena i\u0161 j\u0173 skirta visapusi\u0161kai odos prie\u017ei\u016brai: dr\u0117kinimui, raminimui, stangrinimui, skaistinimui ir atk\u016brimui.                              &nbsp;WHEN 5 veido kauki\u0173 rinkinys \u2013 dr\u0117kinimui, skaistinimui, elastingumui ir odos nuraminimui. Mini SPA vos per 20 min.","robots":{"index":"index","follow":"follow","max-snippet":"max-snippet:-1","max-image-preview":"max-image-preview:large","max-video-preview":"max-video-preview:-1"},"canonical":"https:\/\/www.malinashop.lt\/en\/shop\/simply-when-fantastic-five-medvilniniu-veido-kaukiu-rinkinys-5-vnt\/","og_locale":"en_GB","og_type":"article","og_title":"Simply When\u00ae Fantastic Five \u2013 medvilnini\u0173 veido kauki\u0173 rinkinys, 5vnt. - MalinaShop.lt J\u016bs\u0173 sveikatai ir gro\u017eiui.","og_description":"Rinkinyje \u2013 penkios skirtingos Simply When\u00ae kauk\u0117s i\u0161 \u0161velnaus medviln\u0117s pluo\u0161to Bemliese\u2122, praturtintos hialurono r\u016bg\u0161timi ir augaliniais ekstraktais. Kiekviena i\u0161 j\u0173 skirta visapusi\u0161kai odos prie\u017ei\u016brai: dr\u0117kinimui, raminimui, stangrinimui, skaistinimui ir atk\u016brimui.                              &nbsp;WHEN 5 veido kauki\u0173 rinkinys \u2013 dr\u0117kinimui, skaistinimui, elastingumui ir odos nuraminimui. Mini SPA vos per 20 min.","og_url":"https:\/\/www.malinashop.lt\/en\/shop\/simply-when-fantastic-five-medvilniniu-veido-kaukiu-rinkinys-5-vnt\/","og_site_name":"MalinaShop.lt J\u016bs\u0173 sveikatai ir gro\u017eiui.","article_modified_time":"2026-04-07T21:49:54+00:00","og_image":[{"width":768,"height":768,"url":"https:\/\/www.malinashop.lt\/wp-content\/uploads\/2025\/06\/Simply-When\u00ae-Fantastic-Five-\u2013-medvilniniu-veido-kaukiu-rinkinys-5-vnt.webp","type":"image\/webp"}],"twitter_card":"summary_large_image","schema":{"@context":"https:\/\/schema.org","@graph":[{"@type":"WebPage","@id":"https:\/\/www.malinashop.lt\/lt_lt\/shop\/simply-when-fantastic-five-medvilniniu-veido-kaukiu-rinkinys-5-vnt\/","url":"https:\/\/www.malinashop.lt\/lt_lt\/shop\/simply-when-fantastic-five-medvilniniu-veido-kaukiu-rinkinys-5-vnt\/","name":"Simply When\u00ae Fantastic Five \u2013 medvilnini\u0173 veido kauki\u0173 rinkinys, 5vnt. - MalinaShop.lt J\u016bs\u0173 sveikatai ir gro\u017eiui.","isPartOf":{"@id":"https:\/\/www.malinashop.lt\/en\/#website"},"primaryImageOfPage":{"@id":"https:\/\/www.malinashop.lt\/lt_lt\/shop\/simply-when-fantastic-five-medvilniniu-veido-kaukiu-rinkinys-5-vnt\/#primaryimage"},"image":{"@id":"https:\/\/www.malinashop.lt\/lt_lt\/shop\/simply-when-fantastic-five-medvilniniu-veido-kaukiu-rinkinys-5-vnt\/#primaryimage"},"thumbnailUrl":"https:\/\/www.malinashop.lt\/wp-content\/uploads\/2025\/06\/Simply-When\u00ae-Fantastic-Five-\u2013-medvilniniu-veido-kaukiu-rinkinys-5-vnt.webp","datePublished":"2025-06-15T19:00:43+00:00","dateModified":"2026-04-07T21:49:54+00:00","description":"Rinkinyje \u2013 penkios skirtingos Simply When\u00ae kauk\u0117s i\u0161 \u0161velnaus medviln\u0117s pluo\u0161to Bemliese\u2122, praturtintos hialurono r\u016bg\u0161timi ir augaliniais ekstraktais. Kiekviena i\u0161 j\u0173 skirta visapusi\u0161kai odos prie\u017ei\u016brai: dr\u0117kinimui, raminimui, stangrinimui, skaistinimui ir atk\u016brimui. &nbsp;WHEN 5 veido kauki\u0173 rinkinys \u2013 dr\u0117kinimui, skaistinimui, elastingumui ir odos nuraminimui. Mini SPA vos per 20 min.","breadcrumb":{"@id":"https:\/\/www.malinashop.lt\/lt_lt\/shop\/simply-when-fantastic-five-medvilniniu-veido-kaukiu-rinkinys-5-vnt\/#breadcrumb"},"inLanguage":"en-GB","potentialAction":[{"@type":"ReadAction","target":["https:\/\/www.malinashop.lt\/lt_lt\/shop\/simply-when-fantastic-five-medvilniniu-veido-kaukiu-rinkinys-5-vnt\/"]}]},{"@type":"ImageObject","inLanguage":"en-GB","@id":"https:\/\/www.malinashop.lt\/lt_lt\/shop\/simply-when-fantastic-five-medvilniniu-veido-kaukiu-rinkinys-5-vnt\/#primaryimage","url":"https:\/\/www.malinashop.lt\/wp-content\/uploads\/2025\/06\/Simply-When\u00ae-Fantastic-Five-\u2013-medvilniniu-veido-kaukiu-rinkinys-5-vnt.webp","contentUrl":"https:\/\/www.malinashop.lt\/wp-content\/uploads\/2025\/06\/Simply-When\u00ae-Fantastic-Five-\u2013-medvilniniu-veido-kaukiu-rinkinys-5-vnt.webp","width":768,"height":768},{"@type":"BreadcrumbList","@id":"https:\/\/www.malinashop.lt\/lt_lt\/shop\/simply-when-fantastic-five-medvilniniu-veido-kaukiu-rinkinys-5-vnt\/#breadcrumb","itemListElement":[{"@type":"ListItem","position":1,"name":"Home","item":"https:\/\/www.malinashop.lt\/en\/"},{"@type":"ListItem","position":2,"name":"Parduotuv\u0117","item":"https:\/\/www.malinashop.lt\/en\/parduotuve\/"},{"@type":"ListItem","position":3,"name":"Simply When\u00ae Fantastic Five \u2013 medvilnini\u0173 veido kauki\u0173 rinkinys, 5vnt."}]},{"@type":"WebSite","@id":"https:\/\/www.malinashop.lt\/en\/#website","url":"https:\/\/www.malinashop.lt\/en\/","name":"COM Group Ecommerce","description":"MalinaShop.lt - Gro\u017eio ir sveikatos produktai i\u0161 patikim\u0173 preki\u0173 \u017eenkl\u0173. Atraskite auk\u0161tos kokyb\u0117s kosmetik\u0105 u\u017e puiki\u0105 kain\u0105.","publisher":{"@id":"https:\/\/www.malinashop.lt\/en\/#organization"},"potentialAction":[{"@type":"SearchAction","target":{"@type":"EntryPoint","urlTemplate":"https:\/\/www.malinashop.lt\/en\/?s={search_term_string}"},"query-input":{"@type":"PropertyValueSpecification","valueRequired":true,"valueName":"search_term_string"}}],"inLanguage":"en-GB"},{"@type":"Organization","@id":"https:\/\/www.malinashop.lt\/en\/#organization","name":"COM Group Ecommerce","url":"https:\/\/www.malinashop.lt\/en\/","logo":{"@type":"ImageObject","inLanguage":"en-GB","@id":"https:\/\/www.malinashop.lt\/en\/#\/schema\/logo\/image\/","url":"https:\/\/www.malinashop.lt\/wp-content\/uploads\/2024\/08\/462559670_3787732518133670_9795632669273463_n-e1731525914575.png","contentUrl":"https:\/\/www.malinashop.lt\/wp-content\/uploads\/2024\/08\/462559670_3787732518133670_9795632669273463_n-e1731525914575.png","width":180,"height":60,"caption":"COM Group Ecommerce"},"image":{"@id":"https:\/\/www.malinashop.lt\/en\/#\/schema\/logo\/image\/"}}]}},"jetpack_sharing_enabled":true,"_links":{"self":[{"href":"https:\/\/www.malinashop.lt\/en\/wp-json\/wp\/v2\/product\/56879","targetHints":{"allow":["GET"]}}],"collection":[{"href":"https:\/\/www.malinashop.lt\/en\/wp-json\/wp\/v2\/product"}],"about":[{"href":"https:\/\/www.malinashop.lt\/en\/wp-json\/wp\/v2\/types\/product"}],"version-history":[{"count":2,"href":"https:\/\/www.malinashop.lt\/en\/wp-json\/wp\/v2\/product\/56879\/revisions"}],"predecessor-version":[{"id":57954,"href":"https:\/\/www.malinashop.lt\/en\/wp-json\/wp\/v2\/product\/56879\/revisions\/57954"}],"wp:featuredmedia":[{"embeddable":true,"href":"https:\/\/www.malinashop.lt\/en\/wp-json\/wp\/v2\/media\/56881"}],"wp:attachment":[{"href":"https:\/\/www.malinashop.lt\/en\/wp-json\/wp\/v2\/media?parent=56879"}],"wp:term":[{"taxonomy":"product_brand","embeddable":true,"href":"https:\/\/www.malinashop.lt\/en\/wp-json\/wp\/v2\/product_brand?post=56879"},{"taxonomy":"product_cat","embeddable":true,"href":"https:\/\/www.malinashop.lt\/en\/wp-json\/wp\/v2\/product_cat?post=56879"},{"taxonomy":"product_tag","embeddable":true,"href":"https:\/\/www.malinashop.lt\/en\/wp-json\/wp\/v2\/product_tag?post=56879"}],"curies":[{"name":"wp","href":"https:\/\/api.w.org\/{rel}","templated":true}]}}