{"id":56816,"date":"2025-06-15T20:57:32","date_gmt":"2025-06-15T17:57:32","guid":{"rendered":"https:\/\/malinashop.lt\/?post_type=product&#038;p=56816"},"modified":"2026-04-08T00:49:57","modified_gmt":"2026-04-07T21:49:57","slug":"when-travelmate-atkuriamuju-bioceliiulioziniu-veido-kaukiu-rinkinys-4-vnt","status":"publish","type":"product","link":"https:\/\/www.malinashop.lt\/en\/shop\/when-travelmate-atkuriamuju-bioceliiulioziniu-veido-kaukiu-rinkinys-4-vnt\/","title":{"rendered":"When\u00ae Travelmate \u2013 atkuriam\u0173j\u0173 bioceliiuliozini\u0173 veido kauki\u0173 rinkinys, 4 vnt."},"content":{"rendered":"<p data-start=\"128\" data-end=\"171\"><strong data-start=\"128\" data-end=\"171\">Preki\u0173 i\u0161siuntimas per 1\u20133 darbo dienas<\/strong><\/p>\n<p data-start=\"173\" data-end=\"277\"><strong data-start=\"173\" data-end=\"277\">Bioceliuliozin\u0117 veido kauk\u0117 su \u0160veicarijos \u017eolel\u0117mis \u2013 intensyvus dr\u0117kinimas ir ramyb\u0117 jautriai odai<\/strong><\/p>\n<p data-start=\"279\" data-end=\"568\">Atraskite i\u0161skirtin\u0119 odos prie\u017ei\u016br\u0105 su <strong data-start=\"318\" data-end=\"352\">bioceliuliozine lak\u0161tine kauke<\/strong>, kurios pagrind\u0105 sudaro fermentuotas kokos\u0173 vanduo. \u0160i 100\u202f% nat\u016brali, hipoalergin\u0117 med\u017eiaga itin \u0161velni odai, o pa\u017eangi kauk\u0117s strukt\u016bra leid\u017eia veikliesiems ingredientams prasiskverbti giliau ir veikti efektyviau.<\/p>\n<hr data-start=\"570\" data-end=\"573\" \/>\n<h3 data-start=\"575\" data-end=\"606\">\u00a0Pagrindiniai privalumai:<\/h3>\n<ul data-start=\"608\" data-end=\"1232\">\n<li data-start=\"608\" data-end=\"743\">\n<p data-start=\"610\" data-end=\"743\"><strong data-start=\"610\" data-end=\"644\">Veiksminga raminamoji formul\u0117:<\/strong> vaistini\u0173 ramuni\u0173 vanduo ir \u0160veicarijos Alpi\u0173 \u017eoleli\u0173 ekstraktai nuramina jautri\u0105, sudirgusi\u0105 od\u0105.<\/p>\n<\/li>\n<li data-start=\"744\" data-end=\"895\">\n<p data-start=\"746\" data-end=\"895\"><strong data-start=\"746\" data-end=\"785\">Intensyvus dr\u0117kinimas ir atk\u016brimas:<\/strong> hialurono r\u016bg\u0161tis, \u017een\u0161enis ir arnika padeda atkurti odos dr\u0117gm\u0117s balans\u0105, suteikia gyvybingumo ir skaistumo.<\/p>\n<\/li>\n<li data-start=\"896\" data-end=\"1101\">\n<p data-start=\"898\" data-end=\"1101\"><strong data-start=\"898\" data-end=\"924\">Augalin\u0117s kilm\u0117s j\u0117ga:<\/strong> kauk\u0117s sud\u0117tyje \u2013 bambuk\u0173, greipfrut\u0173, krauja\u017eol\u0117s, koloidin\u0117s platinos ir kit\u0173 augal\u0173 ekstraktai, kurie pasi\u017eymi antioksidacin\u0117mis, apsaugin\u0117mis ir atgaivinan\u010diomis savyb\u0117mis.<\/p>\n<\/li>\n<li data-start=\"1102\" data-end=\"1232\">\n<p data-start=\"1104\" data-end=\"1232\"><strong data-start=\"1104\" data-end=\"1139\">Nat\u016brali sud\u0117tis be kompromis\u0173:<\/strong> be paraben\u0173, ftalat\u0173, dirbtini\u0173 da\u017eikli\u0173 ir triklozano \u2013 tik tai, kas b\u016btina ir \u0161velnu odai.<\/p>\n<\/li>\n<\/ul>\n<hr data-start=\"1234\" data-end=\"1237\" \/>\n<h3 data-start=\"1239\" data-end=\"1257\">\u00a0Naudojimas:<\/h3>\n<ol data-start=\"1259\" data-end=\"1524\">\n<li data-start=\"1259\" data-end=\"1297\">\n<p data-start=\"1262\" data-end=\"1297\">Nuvalykite ir nusausinkite veid\u0105.<\/p>\n<\/li>\n<li data-start=\"1298\" data-end=\"1394\">\n<p data-start=\"1301\" data-end=\"1394\">I\u0161skleiskite kauk\u0119 ir atskirkite tris sluoksnius \u2013 naudokite tik vidurin\u012f (bioceliulioz\u0117s).<\/p>\n<\/li>\n<li data-start=\"1395\" data-end=\"1445\">\n<p data-start=\"1398\" data-end=\"1445\">Prid\u0117kite prie veido ir \u0161velniai i\u0161lyginkite.<\/p>\n<\/li>\n<li data-start=\"1446\" data-end=\"1524\">\n<p data-start=\"1449\" data-end=\"1524\">Laikykite <strong data-start=\"1459\" data-end=\"1478\">apie 30 minu\u010di\u0173<\/strong>, tada nuimkite ir \u012fmasa\u017euokite likus\u012f serum\u0105.<\/p>\n<\/li>\n<\/ol>\n<p data-start=\"1526\" data-end=\"1590\"><strong data-start=\"1526\" data-end=\"1590\">Tik vienkartiniam naudojimui. Naudokite i\u0161kart po atidarymo.<\/strong><\/p>\n<hr data-start=\"1592\" data-end=\"1595\" \/>\n<h3 data-start=\"1597\" data-end=\"1612\">\u00a0Sud\u0117tis:<\/h3>\n<p data-start=\"1614\" data-end=\"2042\"><em data-start=\"1614\" data-end=\"2042\">Aqua, Butylene Glycol, Glycerin, Dicaprylyl Carbonate, Chamomilla Recutita Flower Water, Saccharide Isomerate, Bambusa Textilis Stem Extract, Citrus Grandis Seed Extract, Pinus Palustris Leaf Extract, Sodium Hyaluronate, Arnica Montana Flower Extract, Artemisia Absinthium Extract, Achillea Millefolium Extract, Gentiana Lutea Root Extract, Citric Acid, Sodium Citrate, Colloidal Platinum, Panax Ginseng Extract, Parfum ir kt.<\/em><\/p>\n<hr data-start=\"2044\" data-end=\"2047\" \/>\n<h3 data-start=\"2049\" data-end=\"2066\">\u26a0\ufe0f \u012esp\u0117jimai:<\/h3>\n<p data-start=\"2068\" data-end=\"2255\">Tik i\u0161oriniam naudojimui. Venkite kontakto su akimis. Nenaudoti ant pa\u017eeistos ar sudirgusios odos. Jei atsiranda sudirginimas, nutraukite naudojim\u0105. Po naudojimo venkite saul\u0117s spinduli\u0173.<\/p>\n<p data-start=\"2257\" data-end=\"2354\"><strong data-start=\"2257\" data-end=\"2277\">Laikymo s\u0105lygos:<\/strong> laikyti kambario temperat\u016broje, v\u0117sioje, sausoje vietoje, saugoti nuo vaik\u0173.<\/p>\n<hr data-start=\"2356\" data-end=\"2359\" \/>\n<p data-start=\"2361\" data-end=\"2497\"><strong data-start=\"2361\" data-end=\"2375\">Pagaminta:<\/strong> Piet\u0173 Kor\u0117joje<\/p>\n","protected":false},"excerpt":{"rendered":"<article class=\"text-token-text-primary w-full\" dir=\"auto\" data-testid=\"conversation-turn-60\" data-scroll-anchor=\"true\">\n<div class=\"text-base my-auto mx-auto py-5 [--thread-content-margin:--spacing(4)] @[37rem]:[--thread-content-margin:--spacing(6)] @[72rem]:[--thread-content-margin:--spacing(16)] px-(--thread-content-margin)\">\n<div class=\"[--thread-content-max-width:32rem] @[34rem]:[--thread-content-max-width:40rem] @[64rem]:[--thread-content-max-width:48rem] mx-auto flex max-w-(--thread-content-max-width) flex-1 text-base gap-4 md:gap-5 lg:gap-6 group\/turn-messages focus-visible:outline-hidden\">\n<div class=\"group\/conversation-turn relative flex w-full min-w-0 flex-col agent-turn\">\n<div class=\"relative flex-col gap-1 md:gap-3\">\n<div class=\"flex max-w-full flex-col grow\">\n<div class=\"min-h-8 text-message relative flex w-full flex-col items-end gap-2 text-start break-words whitespace-normal [.text-message+&amp;]:mt-5\" dir=\"auto\" data-message-author-role=\"assistant\" data-message-id=\"589fe88d-4868-4166-a8f8-a90b18c71d84\" data-message-model-slug=\"gpt-4o\">\n<div class=\"flex w-full flex-col gap-1 empty:hidden first:pt-[3px]\">\n<div class=\"markdown prose dark:prose-invert w-full break-words light\">\n<article class=\"text-token-text-primary w-full\" dir=\"auto\" data-testid=\"conversation-turn-64\" data-scroll-anchor=\"true\">\n<div class=\"text-base my-auto mx-auto py-5 [--thread-content-margin:--spacing(4)] @[37rem]:[--thread-content-margin:--spacing(6)] @[72rem]:[--thread-content-margin:--spacing(16)] px-(--thread-content-margin)\">\n<div class=\"[--thread-content-max-width:32rem] @[34rem]:[--thread-content-max-width:40rem] @[64rem]:[--thread-content-max-width:48rem] mx-auto flex max-w-(--thread-content-max-width) flex-1 text-base gap-4 md:gap-5 lg:gap-6 group\/turn-messages focus-visible:outline-hidden\">\n<div class=\"group\/conversation-turn relative flex w-full min-w-0 flex-col agent-turn\">\n<div class=\"relative flex-col gap-1 md:gap-3\">\n<div class=\"flex max-w-full flex-col grow\">\n<div class=\"min-h-8 text-message relative flex w-full flex-col items-end gap-2 text-start break-words whitespace-normal [.text-message+&amp;]:mt-5\" dir=\"auto\" data-message-author-role=\"assistant\" data-message-id=\"699e12ca-a8a9-4876-bb46-a364a3a7704b\" data-message-model-slug=\"gpt-4o\">\n<div class=\"flex w-full flex-col gap-1 empty:hidden first:pt-[3px]\">\n<div class=\"markdown prose dark:prose-invert w-full break-words light\">\n<p data-start=\"544\" data-end=\"762\">Bioceliuliozin\u0117s veido kauk\u0117s su ramun\u0117li\u0173 vandeniu ir Alpi\u0173 \u017eolel\u0117mis padeda atkurti, dr\u0117kinti ir nuraminti aplinkos veiksni\u0173 paveikt\u0105 od\u0105. Puikiai tinka po saul\u0117s, v\u0117jo ar kelioni\u0173. Pakuot\u0117je \u2013 4 vienkartin\u0117s kauk\u0117s.<\/p>\n<\/div>\n<\/div>\n<\/div>\n<\/div>\n<div class=\"flex min-h-[46px] justify-start\">\n<div class=\"touch:-me-2 touch:-ms-3.5 -ms-2.5 -me-1 flex flex-wrap items-center gap-y-4 p-1 select-none touch:w-[calc(100%+--spacing(3.5))] -mt-1 w-[calc(100%+--spacing(2.5))] duration-[1.5s] focus-within:transition-none hover:transition-none pointer-events-none [mask-image:linear-gradient(to_right,black_33%,transparent_66%)] [mask-size:300%_100%] [mask-position:100%_0%] motion-safe:transition-[mask-position] group-hover\/turn-messages:pointer-events-auto group-hover\/turn-messages:[mask-position:0_0] group-focus-within\/turn-messages:pointer-events-auto group-focus-within\/turn-messages:[mask-position:0_0] has-data-[state=open]:pointer-events-auto has-data-[state=open]:[mask-position:0_0]\">\n<div class=\"flex items-center\"><\/div>\n<\/div>\n<\/div>\n<div class=\"mt-3 w-full empty:hidden\">\n<div class=\"text-center\"><\/div>\n<\/div>\n<\/div>\n<div class=\"absolute\">\n<div class=\"flex items-center justify-center\"><\/div>\n<\/div>\n<\/div>\n<\/div>\n<\/div>\n<\/article>\n<div class=\"pointer-events-none h-px w-px\" aria-hidden=\"true\" data-edge=\"true\"><\/div>\n<\/div>\n<\/div>\n<\/div>\n<\/div>\n<div class=\"flex min-h-[46px] justify-start\">\n<div class=\"touch:-me-2 touch:-ms-3.5 -ms-2.5 -me-1 flex flex-wrap items-center gap-y-4 p-1 select-none touch:w-[calc(100%+--spacing(3.5))] -mt-1 w-[calc(100%+--spacing(2.5))] duration-[1.5s] focus-within:transition-none hover:transition-none pointer-events-none [mask-image:linear-gradient(to_right,black_33%,transparent_66%)] [mask-size:300%_100%] [mask-position:100%_0%] motion-safe:transition-[mask-position] group-hover\/turn-messages:pointer-events-auto group-hover\/turn-messages:[mask-position:0_0] group-focus-within\/turn-messages:pointer-events-auto group-focus-within\/turn-messages:[mask-position:0_0] has-data-[state=open]:pointer-events-auto has-data-[state=open]:[mask-position:0_0]\">\n<p>&nbsp;<\/p>\n<div class=\"flex items-center\"><\/div>\n<\/div>\n<\/div>\n<div class=\"mt-3 w-full empty:hidden\">\n<div class=\"text-center\"><\/div>\n<\/div>\n<\/div>\n<div class=\"absolute\">\n<div class=\"flex items-center justify-center\"><\/div>\n<\/div>\n<\/div>\n<\/div>\n<\/div>\n<\/article>\n<div class=\"pointer-events-none h-px w-px\" aria-hidden=\"true\" data-edge=\"true\"><\/div>\n","protected":false},"featured_media":56818,"template":"","meta":[],"product_brand":[1348],"product_cat":[1136,562,827,728],"product_tag":[1629],"class_list":{"0":"post-56816","1":"product","2":"type-product","3":"status-publish","4":"has-post-thumbnail","6":"product_brand-when","7":"product_cat-lakstines-veido-kaukes","8":"product_cat-sandelio-valymas","9":"product_cat-veido-prieziuros-priemoniu-rinkiniai","10":"product_cat-veidui","11":"product_tag-when","13":"first","14":"instock","15":"sale","16":"taxable","17":"shipping-taxable","18":"purchasable","19":"product-type-simple"},"yoast_head":"<!-- This site is optimized with the Yoast SEO plugin v27.4 - https:\/\/yoast.com\/product\/yoast-seo-wordpress\/ -->\n<title>When\u00ae Travelmate \u2013 atkuriam\u0173j\u0173 bioceliiuliozini\u0173 veido kauki\u0173 rinkinys, 4 vnt. - MalinaShop.lt J\u016bs\u0173 sveikatai ir gro\u017eiui.<\/title>\n<meta name=\"description\" content=\"Bioceliuliozin\u0117s veido kauk\u0117s su ramun\u0117li\u0173 vandeniu ir Alpi\u0173 \u017eolel\u0117mis padeda atkurti, dr\u0117kinti ir nuraminti aplinkos veiksni\u0173 paveikt\u0105 od\u0105. Puikiai tinka po saul\u0117s, v\u0117jo ar kelioni\u0173. Pakuot\u0117je \u2013 4 vienkartin\u0117s kauk\u0117s.                              &nbsp; Vegani\u0161ka veido kauk\u0117 su citrusiniais ekstraktais ir vitaminu B3 \u2013 skaistina, dr\u0117kina ir tonizuoja od\u0105.\" \/>\n<meta name=\"robots\" content=\"index, follow, max-snippet:-1, max-image-preview:large, max-video-preview:-1\" \/>\n<link rel=\"canonical\" href=\"https:\/\/www.malinashop.lt\/en\/shop\/when-travelmate-atkuriamuju-bioceliiulioziniu-veido-kaukiu-rinkinys-4-vnt\/\" \/>\n<meta property=\"og:locale\" content=\"en_GB\" \/>\n<meta property=\"og:type\" content=\"article\" \/>\n<meta property=\"og:title\" content=\"When\u00ae Travelmate \u2013 atkuriam\u0173j\u0173 bioceliiuliozini\u0173 veido kauki\u0173 rinkinys, 4 vnt. - MalinaShop.lt J\u016bs\u0173 sveikatai ir gro\u017eiui.\" \/>\n<meta property=\"og:description\" content=\"Bioceliuliozin\u0117s veido kauk\u0117s su ramun\u0117li\u0173 vandeniu ir Alpi\u0173 \u017eolel\u0117mis padeda atkurti, dr\u0117kinti ir nuraminti aplinkos veiksni\u0173 paveikt\u0105 od\u0105. Puikiai tinka po saul\u0117s, v\u0117jo ar kelioni\u0173. Pakuot\u0117je \u2013 4 vienkartin\u0117s kauk\u0117s.                              &nbsp; Vegani\u0161ka veido kauk\u0117 su citrusiniais ekstraktais ir vitaminu B3 \u2013 skaistina, dr\u0117kina ir tonizuoja od\u0105.\" \/>\n<meta property=\"og:url\" content=\"https:\/\/www.malinashop.lt\/en\/shop\/when-travelmate-atkuriamuju-bioceliiulioziniu-veido-kaukiu-rinkinys-4-vnt\/\" \/>\n<meta property=\"og:site_name\" content=\"MalinaShop.lt J\u016bs\u0173 sveikatai ir gro\u017eiui.\" \/>\n<meta property=\"article:modified_time\" content=\"2026-04-07T21:49:57+00:00\" \/>\n<meta property=\"og:image\" content=\"https:\/\/www.malinashop.lt\/wp-content\/uploads\/2025\/06\/When\u00ae-Travelmate-\u2013-atkuriamuju-bioceliiulioziniu-veido-kaukiu-rinkinys-4-vnt.webp\" \/>\n\t<meta property=\"og:image:width\" content=\"768\" \/>\n\t<meta property=\"og:image:height\" content=\"768\" \/>\n\t<meta property=\"og:image:type\" content=\"image\/webp\" \/>\n<meta name=\"twitter:card\" content=\"summary_large_image\" \/>\n<script type=\"application\/ld+json\" class=\"yoast-schema-graph\">{\"@context\":\"https:\\\/\\\/schema.org\",\"@graph\":[{\"@type\":\"WebPage\",\"@id\":\"https:\\\/\\\/www.malinashop.lt\\\/en\\\/shop\\\/when-travelmate-atkuriamuju-bioceliiulioziniu-veido-kaukiu-rinkinys-4-vnt\\\/\",\"url\":\"https:\\\/\\\/www.malinashop.lt\\\/en\\\/shop\\\/when-travelmate-atkuriamuju-bioceliiulioziniu-veido-kaukiu-rinkinys-4-vnt\\\/\",\"name\":\"When\u00ae Travelmate \u2013 atkuriam\u0173j\u0173 bioceliiuliozini\u0173 veido kauki\u0173 rinkinys, 4 vnt. - MalinaShop.lt J\u016bs\u0173 sveikatai ir gro\u017eiui.\",\"isPartOf\":{\"@id\":\"https:\\\/\\\/www.malinashop.lt\\\/#website\"},\"primaryImageOfPage\":{\"@id\":\"https:\\\/\\\/www.malinashop.lt\\\/en\\\/shop\\\/when-travelmate-atkuriamuju-bioceliiulioziniu-veido-kaukiu-rinkinys-4-vnt\\\/#primaryimage\"},\"image\":{\"@id\":\"https:\\\/\\\/www.malinashop.lt\\\/en\\\/shop\\\/when-travelmate-atkuriamuju-bioceliiulioziniu-veido-kaukiu-rinkinys-4-vnt\\\/#primaryimage\"},\"thumbnailUrl\":\"https:\\\/\\\/www.malinashop.lt\\\/wp-content\\\/uploads\\\/2025\\\/06\\\/When\u00ae-Travelmate-\u2013-atkuriamuju-bioceliiulioziniu-veido-kaukiu-rinkinys-4-vnt.webp\",\"datePublished\":\"2025-06-15T17:57:32+00:00\",\"dateModified\":\"2026-04-07T21:49:57+00:00\",\"description\":\"Bioceliuliozin\u0117s veido kauk\u0117s su ramun\u0117li\u0173 vandeniu ir Alpi\u0173 \u017eolel\u0117mis padeda atkurti, dr\u0117kinti ir nuraminti aplinkos veiksni\u0173 paveikt\u0105 od\u0105. Puikiai tinka po saul\u0117s, v\u0117jo ar kelioni\u0173. Pakuot\u0117je \u2013 4 vienkartin\u0117s kauk\u0117s. &nbsp; Vegani\u0161ka veido kauk\u0117 su citrusiniais ekstraktais ir vitaminu B3 \u2013 skaistina, dr\u0117kina ir tonizuoja od\u0105.\",\"breadcrumb\":{\"@id\":\"https:\\\/\\\/www.malinashop.lt\\\/en\\\/shop\\\/when-travelmate-atkuriamuju-bioceliiulioziniu-veido-kaukiu-rinkinys-4-vnt\\\/#breadcrumb\"},\"inLanguage\":\"en-GB\",\"potentialAction\":[{\"@type\":\"ReadAction\",\"target\":[\"https:\\\/\\\/www.malinashop.lt\\\/en\\\/shop\\\/when-travelmate-atkuriamuju-bioceliiulioziniu-veido-kaukiu-rinkinys-4-vnt\\\/\"]}]},{\"@type\":\"ImageObject\",\"inLanguage\":\"en-GB\",\"@id\":\"https:\\\/\\\/www.malinashop.lt\\\/en\\\/shop\\\/when-travelmate-atkuriamuju-bioceliiulioziniu-veido-kaukiu-rinkinys-4-vnt\\\/#primaryimage\",\"url\":\"https:\\\/\\\/www.malinashop.lt\\\/wp-content\\\/uploads\\\/2025\\\/06\\\/When\u00ae-Travelmate-\u2013-atkuriamuju-bioceliiulioziniu-veido-kaukiu-rinkinys-4-vnt.webp\",\"contentUrl\":\"https:\\\/\\\/www.malinashop.lt\\\/wp-content\\\/uploads\\\/2025\\\/06\\\/When\u00ae-Travelmate-\u2013-atkuriamuju-bioceliiulioziniu-veido-kaukiu-rinkinys-4-vnt.webp\",\"width\":768,\"height\":768},{\"@type\":\"BreadcrumbList\",\"@id\":\"https:\\\/\\\/www.malinashop.lt\\\/en\\\/shop\\\/when-travelmate-atkuriamuju-bioceliiulioziniu-veido-kaukiu-rinkinys-4-vnt\\\/#breadcrumb\",\"itemListElement\":[{\"@type\":\"ListItem\",\"position\":1,\"name\":\"Pagrindinis\",\"item\":\"https:\\\/\\\/www.malinashop.lt\\\/\"},{\"@type\":\"ListItem\",\"position\":2,\"name\":\"Parduotuv\u0117\",\"item\":\"https:\\\/\\\/www.malinashop.lt\\\/en\\\/parduotuve\\\/\"},{\"@type\":\"ListItem\",\"position\":3,\"name\":\"When\u00ae Travelmate \u2013 atkuriam\u0173j\u0173 bioceliiuliozini\u0173 veido kauki\u0173 rinkinys, 4 vnt.\"}]},{\"@type\":\"WebSite\",\"@id\":\"https:\\\/\\\/www.malinashop.lt\\\/#website\",\"url\":\"https:\\\/\\\/www.malinashop.lt\\\/\",\"name\":\"COM Group Ecommerce\",\"description\":\"MalinaShop.lt - Gro\u017eio ir sveikatos produktai i\u0161 patikim\u0173 preki\u0173 \u017eenkl\u0173. Atraskite auk\u0161tos kokyb\u0117s kosmetik\u0105 u\u017e puiki\u0105 kain\u0105.\",\"publisher\":{\"@id\":\"https:\\\/\\\/www.malinashop.lt\\\/#organization\"},\"potentialAction\":[{\"@type\":\"SearchAction\",\"target\":{\"@type\":\"EntryPoint\",\"urlTemplate\":\"https:\\\/\\\/www.malinashop.lt\\\/?s={search_term_string}\"},\"query-input\":{\"@type\":\"PropertyValueSpecification\",\"valueRequired\":true,\"valueName\":\"search_term_string\"}}],\"inLanguage\":\"en-GB\"},{\"@type\":\"Organization\",\"@id\":\"https:\\\/\\\/www.malinashop.lt\\\/#organization\",\"name\":\"COM Group Ecommerce\",\"url\":\"https:\\\/\\\/www.malinashop.lt\\\/\",\"logo\":{\"@type\":\"ImageObject\",\"inLanguage\":\"en-GB\",\"@id\":\"https:\\\/\\\/www.malinashop.lt\\\/#\\\/schema\\\/logo\\\/image\\\/\",\"url\":\"https:\\\/\\\/www.malinashop.lt\\\/wp-content\\\/uploads\\\/2024\\\/08\\\/462559670_3787732518133670_9795632669273463_n-e1731525914575.png\",\"contentUrl\":\"https:\\\/\\\/www.malinashop.lt\\\/wp-content\\\/uploads\\\/2024\\\/08\\\/462559670_3787732518133670_9795632669273463_n-e1731525914575.png\",\"width\":180,\"height\":60,\"caption\":\"COM Group Ecommerce\"},\"image\":{\"@id\":\"https:\\\/\\\/www.malinashop.lt\\\/#\\\/schema\\\/logo\\\/image\\\/\"}}]}<\/script>\n<!-- \/ Yoast SEO plugin. -->","yoast_head_json":{"title":"When\u00ae Travelmate \u2013 atkuriam\u0173j\u0173 bioceliiuliozini\u0173 veido kauki\u0173 rinkinys, 4 vnt. - MalinaShop.lt J\u016bs\u0173 sveikatai ir gro\u017eiui.","description":"Bioceliuliozin\u0117s veido kauk\u0117s su ramun\u0117li\u0173 vandeniu ir Alpi\u0173 \u017eolel\u0117mis padeda atkurti, dr\u0117kinti ir nuraminti aplinkos veiksni\u0173 paveikt\u0105 od\u0105. Puikiai tinka po saul\u0117s, v\u0117jo ar kelioni\u0173. Pakuot\u0117je \u2013 4 vienkartin\u0117s kauk\u0117s.                              &nbsp; Vegani\u0161ka veido kauk\u0117 su citrusiniais ekstraktais ir vitaminu B3 \u2013 skaistina, dr\u0117kina ir tonizuoja od\u0105.","robots":{"index":"index","follow":"follow","max-snippet":"max-snippet:-1","max-image-preview":"max-image-preview:large","max-video-preview":"max-video-preview:-1"},"canonical":"https:\/\/www.malinashop.lt\/en\/shop\/when-travelmate-atkuriamuju-bioceliiulioziniu-veido-kaukiu-rinkinys-4-vnt\/","og_locale":"en_GB","og_type":"article","og_title":"When\u00ae Travelmate \u2013 atkuriam\u0173j\u0173 bioceliiuliozini\u0173 veido kauki\u0173 rinkinys, 4 vnt. - MalinaShop.lt J\u016bs\u0173 sveikatai ir gro\u017eiui.","og_description":"Bioceliuliozin\u0117s veido kauk\u0117s su ramun\u0117li\u0173 vandeniu ir Alpi\u0173 \u017eolel\u0117mis padeda atkurti, dr\u0117kinti ir nuraminti aplinkos veiksni\u0173 paveikt\u0105 od\u0105. Puikiai tinka po saul\u0117s, v\u0117jo ar kelioni\u0173. Pakuot\u0117je \u2013 4 vienkartin\u0117s kauk\u0117s.                              &nbsp; Vegani\u0161ka veido kauk\u0117 su citrusiniais ekstraktais ir vitaminu B3 \u2013 skaistina, dr\u0117kina ir tonizuoja od\u0105.","og_url":"https:\/\/www.malinashop.lt\/en\/shop\/when-travelmate-atkuriamuju-bioceliiulioziniu-veido-kaukiu-rinkinys-4-vnt\/","og_site_name":"MalinaShop.lt J\u016bs\u0173 sveikatai ir gro\u017eiui.","article_modified_time":"2026-04-07T21:49:57+00:00","og_image":[{"width":768,"height":768,"url":"https:\/\/www.malinashop.lt\/wp-content\/uploads\/2025\/06\/When\u00ae-Travelmate-\u2013-atkuriamuju-bioceliiulioziniu-veido-kaukiu-rinkinys-4-vnt.webp","type":"image\/webp"}],"twitter_card":"summary_large_image","schema":{"@context":"https:\/\/schema.org","@graph":[{"@type":"WebPage","@id":"https:\/\/www.malinashop.lt\/en\/shop\/when-travelmate-atkuriamuju-bioceliiulioziniu-veido-kaukiu-rinkinys-4-vnt\/","url":"https:\/\/www.malinashop.lt\/en\/shop\/when-travelmate-atkuriamuju-bioceliiulioziniu-veido-kaukiu-rinkinys-4-vnt\/","name":"When\u00ae Travelmate \u2013 atkuriam\u0173j\u0173 bioceliiuliozini\u0173 veido kauki\u0173 rinkinys, 4 vnt. - MalinaShop.lt J\u016bs\u0173 sveikatai ir gro\u017eiui.","isPartOf":{"@id":"https:\/\/www.malinashop.lt\/#website"},"primaryImageOfPage":{"@id":"https:\/\/www.malinashop.lt\/en\/shop\/when-travelmate-atkuriamuju-bioceliiulioziniu-veido-kaukiu-rinkinys-4-vnt\/#primaryimage"},"image":{"@id":"https:\/\/www.malinashop.lt\/en\/shop\/when-travelmate-atkuriamuju-bioceliiulioziniu-veido-kaukiu-rinkinys-4-vnt\/#primaryimage"},"thumbnailUrl":"https:\/\/www.malinashop.lt\/wp-content\/uploads\/2025\/06\/When\u00ae-Travelmate-\u2013-atkuriamuju-bioceliiulioziniu-veido-kaukiu-rinkinys-4-vnt.webp","datePublished":"2025-06-15T17:57:32+00:00","dateModified":"2026-04-07T21:49:57+00:00","description":"Bioceliuliozin\u0117s veido kauk\u0117s su ramun\u0117li\u0173 vandeniu ir Alpi\u0173 \u017eolel\u0117mis padeda atkurti, dr\u0117kinti ir nuraminti aplinkos veiksni\u0173 paveikt\u0105 od\u0105. Puikiai tinka po saul\u0117s, v\u0117jo ar kelioni\u0173. Pakuot\u0117je \u2013 4 vienkartin\u0117s kauk\u0117s. &nbsp; Vegani\u0161ka veido kauk\u0117 su citrusiniais ekstraktais ir vitaminu B3 \u2013 skaistina, dr\u0117kina ir tonizuoja od\u0105.","breadcrumb":{"@id":"https:\/\/www.malinashop.lt\/en\/shop\/when-travelmate-atkuriamuju-bioceliiulioziniu-veido-kaukiu-rinkinys-4-vnt\/#breadcrumb"},"inLanguage":"en-GB","potentialAction":[{"@type":"ReadAction","target":["https:\/\/www.malinashop.lt\/en\/shop\/when-travelmate-atkuriamuju-bioceliiulioziniu-veido-kaukiu-rinkinys-4-vnt\/"]}]},{"@type":"ImageObject","inLanguage":"en-GB","@id":"https:\/\/www.malinashop.lt\/en\/shop\/when-travelmate-atkuriamuju-bioceliiulioziniu-veido-kaukiu-rinkinys-4-vnt\/#primaryimage","url":"https:\/\/www.malinashop.lt\/wp-content\/uploads\/2025\/06\/When\u00ae-Travelmate-\u2013-atkuriamuju-bioceliiulioziniu-veido-kaukiu-rinkinys-4-vnt.webp","contentUrl":"https:\/\/www.malinashop.lt\/wp-content\/uploads\/2025\/06\/When\u00ae-Travelmate-\u2013-atkuriamuju-bioceliiulioziniu-veido-kaukiu-rinkinys-4-vnt.webp","width":768,"height":768},{"@type":"BreadcrumbList","@id":"https:\/\/www.malinashop.lt\/en\/shop\/when-travelmate-atkuriamuju-bioceliiulioziniu-veido-kaukiu-rinkinys-4-vnt\/#breadcrumb","itemListElement":[{"@type":"ListItem","position":1,"name":"Pagrindinis","item":"https:\/\/www.malinashop.lt\/"},{"@type":"ListItem","position":2,"name":"Parduotuv\u0117","item":"https:\/\/www.malinashop.lt\/en\/parduotuve\/"},{"@type":"ListItem","position":3,"name":"When\u00ae Travelmate \u2013 atkuriam\u0173j\u0173 bioceliiuliozini\u0173 veido kauki\u0173 rinkinys, 4 vnt."}]},{"@type":"WebSite","@id":"https:\/\/www.malinashop.lt\/#website","url":"https:\/\/www.malinashop.lt\/","name":"COM Group Ecommerce","description":"MalinaShop.lt - Gro\u017eio ir sveikatos produktai i\u0161 patikim\u0173 preki\u0173 \u017eenkl\u0173. Atraskite auk\u0161tos kokyb\u0117s kosmetik\u0105 u\u017e puiki\u0105 kain\u0105.","publisher":{"@id":"https:\/\/www.malinashop.lt\/#organization"},"potentialAction":[{"@type":"SearchAction","target":{"@type":"EntryPoint","urlTemplate":"https:\/\/www.malinashop.lt\/?s={search_term_string}"},"query-input":{"@type":"PropertyValueSpecification","valueRequired":true,"valueName":"search_term_string"}}],"inLanguage":"en-GB"},{"@type":"Organization","@id":"https:\/\/www.malinashop.lt\/#organization","name":"COM Group Ecommerce","url":"https:\/\/www.malinashop.lt\/","logo":{"@type":"ImageObject","inLanguage":"en-GB","@id":"https:\/\/www.malinashop.lt\/#\/schema\/logo\/image\/","url":"https:\/\/www.malinashop.lt\/wp-content\/uploads\/2024\/08\/462559670_3787732518133670_9795632669273463_n-e1731525914575.png","contentUrl":"https:\/\/www.malinashop.lt\/wp-content\/uploads\/2024\/08\/462559670_3787732518133670_9795632669273463_n-e1731525914575.png","width":180,"height":60,"caption":"COM Group Ecommerce"},"image":{"@id":"https:\/\/www.malinashop.lt\/#\/schema\/logo\/image\/"}}]}},"jetpack_sharing_enabled":true,"_links":{"self":[{"href":"https:\/\/www.malinashop.lt\/en\/wp-json\/wp\/v2\/product\/56816","targetHints":{"allow":["GET"]}}],"collection":[{"href":"https:\/\/www.malinashop.lt\/en\/wp-json\/wp\/v2\/product"}],"about":[{"href":"https:\/\/www.malinashop.lt\/en\/wp-json\/wp\/v2\/types\/product"}],"version-history":[{"count":2,"href":"https:\/\/www.malinashop.lt\/en\/wp-json\/wp\/v2\/product\/56816\/revisions"}],"predecessor-version":[{"id":57937,"href":"https:\/\/www.malinashop.lt\/en\/wp-json\/wp\/v2\/product\/56816\/revisions\/57937"}],"wp:featuredmedia":[{"embeddable":true,"href":"https:\/\/www.malinashop.lt\/en\/wp-json\/wp\/v2\/media\/56818"}],"wp:attachment":[{"href":"https:\/\/www.malinashop.lt\/en\/wp-json\/wp\/v2\/media?parent=56816"}],"wp:term":[{"taxonomy":"product_brand","embeddable":true,"href":"https:\/\/www.malinashop.lt\/en\/wp-json\/wp\/v2\/product_brand?post=56816"},{"taxonomy":"product_cat","embeddable":true,"href":"https:\/\/www.malinashop.lt\/en\/wp-json\/wp\/v2\/product_cat?post=56816"},{"taxonomy":"product_tag","embeddable":true,"href":"https:\/\/www.malinashop.lt\/en\/wp-json\/wp\/v2\/product_tag?post=56816"}],"curies":[{"name":"wp","href":"https:\/\/api.w.org\/{rel}","templated":true}]}}