{"id":56812,"date":"2025-06-15T20:54:40","date_gmt":"2025-06-15T17:54:40","guid":{"rendered":"https:\/\/malinashop.lt\/?post_type=product&#038;p=56812"},"modified":"2026-04-08T00:49:57","modified_gmt":"2026-04-07T21:49:57","slug":"simply-when-green-tea-raminanciu-ir-drekinanciu-veido-kaukiu-rinkinys-1vnt","status":"publish","type":"product","link":"https:\/\/www.malinashop.lt\/en\/shop\/simply-when-green-tea-raminanciu-ir-drekinanciu-veido-kaukiu-rinkinys-1vnt\/","title":{"rendered":"Simply When\u00ae Green Tea \u2013 raminan\u010di\u0173 ir dr\u0117kinan\u010di\u0173 veido kauki\u0173 rinkinys, 1vnt."},"content":{"rendered":"<p data-start=\"109\" data-end=\"152\"><strong data-start=\"109\" data-end=\"152\">Preki\u0173 i\u0161siuntimas per 1\u20133 darbo dienas<\/strong><\/p>\n<p data-start=\"154\" data-end=\"258\"><strong data-start=\"154\" data-end=\"258\">Vegani\u0161ka veido kauk\u0117 su \u017ealiosios arbatos ekstraktu \u2013 raminantis dr\u0117gm\u0117s pli\u016bpsnis pavargusiai odai<\/strong><\/p>\n<p data-start=\"260\" data-end=\"618\">Suteikite savo odai harmonijos poj\u016bt\u012f su vegani\u0161ka veido kauke, kurios sud\u0117tyje \u2013 nat\u016bral\u016bs ingredientai i\u0161 vulkanin\u0117s <strong data-start=\"379\" data-end=\"393\">Jeju salos<\/strong>. Kauk\u0117 praturtinta <strong data-start=\"413\" data-end=\"444\">\u017ealiosios arbatos ekstraktu<\/strong>, kuris gars\u0117ja antioksidacin\u0117mis ir raminamosiomis savyb\u0117mis. \u0160i itin \u0161velni kauk\u0117 pagaminta i\u0161 <strong data-start=\"541\" data-end=\"567\">Bamboo-Lyocell\u2122 lak\u0161to<\/strong>, kuris u\u017etikrina efektyv\u0173 dr\u0117gm\u0117s perdavim\u0105 \u012f od\u0105.<\/p>\n<hr data-start=\"620\" data-end=\"623\" \/>\n<h3 data-start=\"625\" data-end=\"656\">\u00a0Pagrindiniai privalumai:<\/h3>\n<ul data-start=\"658\" data-end=\"1246\">\n<li data-start=\"658\" data-end=\"799\">\n<p data-start=\"660\" data-end=\"799\"><strong data-start=\"660\" data-end=\"682\">Ramina ir dr\u0117kina:<\/strong> \u017ealiosios arbatos lap\u0173 ekstraktas padeda atkurti odos balans\u0105, suma\u017einti sudirgim\u0105 ir palaikyti ilgalaik\u012f dr\u0117kinim\u0105.<\/p>\n<\/li>\n<li data-start=\"800\" data-end=\"970\">\n<p data-start=\"802\" data-end=\"970\"><strong data-start=\"802\" data-end=\"829\">Antioksidacin\u0117 apsauga:<\/strong> gausu augalini\u0173 ekstrakt\u0173 \u2013 nuo kamelij\u0173 iki alavijo ir azijin\u0117s centel\u0117s \u2013 kurie padeda stiprinti odos barjer\u0105 ir ma\u017einti aplinkos poveik\u012f.<\/p>\n<\/li>\n<li data-start=\"971\" data-end=\"1156\">\n<p data-start=\"973\" data-end=\"1156\"><strong data-start=\"973\" data-end=\"1007\">Itin \u0161velnus kontaktas su oda:<\/strong> Bamboo-Lyocell\u2122 lak\u0161tas sugeria 1,5 karto daugiau skys\u010dio nei \u012fprastos medvilnin\u0117s kauk\u0117s ir leid\u017eia aktyviosioms med\u017eiagoms tolygiai pasiskirstyti.<\/p>\n<\/li>\n<li data-start=\"1157\" data-end=\"1246\">\n<p data-start=\"1159\" data-end=\"1246\"><strong data-start=\"1159\" data-end=\"1246\">100 % vegani\u0161ka, dermatologi\u0161kai patikrinta, hipoalergi\u0161ka, netestuota su gyv\u016bnais.<\/strong><\/p>\n<\/li>\n<\/ul>\n<hr data-start=\"1248\" data-end=\"1251\" \/>\n<h3 data-start=\"1253\" data-end=\"1271\">\u00a0Naudojimas:<\/h3>\n<ol data-start=\"1273\" data-end=\"1503\">\n<li data-start=\"1273\" data-end=\"1311\">\n<p data-start=\"1276\" data-end=\"1311\">Nuvalykite ir nusausinkite veid\u0105.<\/p>\n<\/li>\n<li data-start=\"1312\" data-end=\"1360\">\n<p data-start=\"1315\" data-end=\"1360\">I\u0161skleiskite kauk\u0119 ir u\u017ed\u0117kite j\u0105 ant odos.<\/p>\n<\/li>\n<li data-start=\"1361\" data-end=\"1409\">\n<p data-start=\"1364\" data-end=\"1409\">\u0160velniai prispauskite, kad gerai priglust\u0173.<\/p>\n<\/li>\n<li data-start=\"1410\" data-end=\"1445\">\n<p data-start=\"1413\" data-end=\"1445\">Laikykite <strong data-start=\"1423\" data-end=\"1442\">apie 20 minu\u010di\u0173<\/strong>.<\/p>\n<\/li>\n<li data-start=\"1446\" data-end=\"1503\">\n<p data-start=\"1449\" data-end=\"1503\">Nu\u0117m\u0119 \u012fmasa\u017euokite likus\u012f serum\u0105 \u012f veido ir kaklo od\u0105.<\/p>\n<\/li>\n<\/ol>\n<p data-start=\"1505\" data-end=\"1572\"><strong data-start=\"1505\" data-end=\"1572\">Tik vienkartiniam naudojimui. Naudoti i\u0161kart atidarius pakuot\u0119.<\/strong><\/p>\n<hr data-start=\"1574\" data-end=\"1577\" \/>\n<h3 data-start=\"1579\" data-end=\"1594\">\u00a0Sud\u0117tis:<\/h3>\n<p data-start=\"1596\" data-end=\"2004\"><em data-start=\"1596\" data-end=\"2004\">Aqua, Butylene Glycol, Glycerin, 1,2-Hexanediol, Arginine, Carbomer, Propanediol, Polyglyceryl-10 Laurate, Ethylhexylglycerin, Allantoin, Disodium EDTA, Camellia Sinensis Seed Extract, Camellia Sinensis Leaf Extract, Jasminum Officinale Flower Extract, Aloe Barbadensis Leaf Extract, Oryza Sativa Bran Extract, Phaseolus Radiatus Seed Extract, Portulaca Oleracea Extract, Centella Asiatica Extract, Parfum.<\/em><\/p>\n<hr data-start=\"2006\" data-end=\"2009\" \/>\n<h3 data-start=\"2011\" data-end=\"2028\">\u26a0\ufe0f \u012esp\u0117jimai:<\/h3>\n<p data-start=\"2030\" data-end=\"2244\">Naudoti tik i\u0161ori\u0161kai. Venkite kontakto su akimis ir gleivin\u0117mis. Nenaudoti ant sudirgusios, pa\u017eeistos odos. Jei atsiranda alergin\u0117 reakcija, nutraukite naudojim\u0105. Po naudojimo venkite tiesiogini\u0173 saul\u0117s spinduli\u0173.<\/p>\n<p data-start=\"2246\" data-end=\"2339\"><strong data-start=\"2246\" data-end=\"2266\">Laikymo s\u0105lygos:<\/strong> laikyti v\u0117sioje, sausoje vietoje, atokiai nuo saul\u0117s spinduli\u0173 ir vaik\u0173.<\/p>\n","protected":false},"excerpt":{"rendered":"<article class=\"text-token-text-primary w-full\" dir=\"auto\" data-testid=\"conversation-turn-60\" data-scroll-anchor=\"true\">\n<div class=\"text-base my-auto mx-auto py-5 [--thread-content-margin:--spacing(4)] @[37rem]:[--thread-content-margin:--spacing(6)] @[72rem]:[--thread-content-margin:--spacing(16)] px-(--thread-content-margin)\">\n<div class=\"[--thread-content-max-width:32rem] @[34rem]:[--thread-content-max-width:40rem] @[64rem]:[--thread-content-max-width:48rem] mx-auto flex max-w-(--thread-content-max-width) flex-1 text-base gap-4 md:gap-5 lg:gap-6 group\/turn-messages focus-visible:outline-hidden\">\n<div class=\"group\/conversation-turn relative flex w-full min-w-0 flex-col agent-turn\">\n<div class=\"relative flex-col gap-1 md:gap-3\">\n<div class=\"flex max-w-full flex-col grow\">\n<div class=\"min-h-8 text-message relative flex w-full flex-col items-end gap-2 text-start break-words whitespace-normal [.text-message+&amp;]:mt-5\" dir=\"auto\" data-message-author-role=\"assistant\" data-message-id=\"589fe88d-4868-4166-a8f8-a90b18c71d84\" data-message-model-slug=\"gpt-4o\">\n<div class=\"flex w-full flex-col gap-1 empty:hidden first:pt-[3px]\">\n<div class=\"markdown prose dark:prose-invert w-full break-words light\">\n<article class=\"text-token-text-primary w-full\" dir=\"auto\" data-testid=\"conversation-turn-64\" data-scroll-anchor=\"true\">\n<div class=\"text-base my-auto mx-auto py-5 [--thread-content-margin:--spacing(4)] @[37rem]:[--thread-content-margin:--spacing(6)] @[72rem]:[--thread-content-margin:--spacing(16)] px-(--thread-content-margin)\">\n<div class=\"[--thread-content-max-width:32rem] @[34rem]:[--thread-content-max-width:40rem] @[64rem]:[--thread-content-max-width:48rem] mx-auto flex max-w-(--thread-content-max-width) flex-1 text-base gap-4 md:gap-5 lg:gap-6 group\/turn-messages focus-visible:outline-hidden\">\n<div class=\"group\/conversation-turn relative flex w-full min-w-0 flex-col agent-turn\">\n<div class=\"relative flex-col gap-1 md:gap-3\">\n<div class=\"flex max-w-full flex-col grow\">\n<div class=\"min-h-8 text-message relative flex w-full flex-col items-end gap-2 text-start break-words whitespace-normal [.text-message+&amp;]:mt-5\" dir=\"auto\" data-message-author-role=\"assistant\" data-message-id=\"699e12ca-a8a9-4876-bb46-a364a3a7704b\" data-message-model-slug=\"gpt-4o\">\n<div class=\"flex w-full flex-col gap-1 empty:hidden first:pt-[3px]\">\n<div class=\"markdown prose dark:prose-invert w-full break-words light\">\n<p data-start=\"605\" data-end=\"881\">Vegani\u0161kos lak\u0161tin\u0117s veido kauk\u0117s su \u017ealiosios arbatos ir japoni\u0161kos kamelijos ekstraktais ramina sudirgusi\u0105 od\u0105, dr\u0117kina ir padeda kovoti su aplinkos poveikiu. Idealiai tinka pavargusiai, jautriai ar stresui linkusiai odai. Rinkinyje \u2013 10 vienkartini\u0173 kauki\u0173.<\/p>\n<\/div>\n<\/div>\n<\/div>\n<\/div>\n<div class=\"flex min-h-[46px] justify-start\">\n<div class=\"touch:-me-2 touch:-ms-3.5 -ms-2.5 -me-1 flex flex-wrap items-center gap-y-4 p-1 select-none touch:w-[calc(100%+--spacing(3.5))] -mt-1 w-[calc(100%+--spacing(2.5))] duration-[1.5s] focus-within:transition-none hover:transition-none pointer-events-none [mask-image:linear-gradient(to_right,black_33%,transparent_66%)] [mask-size:300%_100%] [mask-position:100%_0%] motion-safe:transition-[mask-position] group-hover\/turn-messages:pointer-events-auto group-hover\/turn-messages:[mask-position:0_0] group-focus-within\/turn-messages:pointer-events-auto group-focus-within\/turn-messages:[mask-position:0_0] has-data-[state=open]:pointer-events-auto has-data-[state=open]:[mask-position:0_0]\">\n<div class=\"flex items-center\"><\/div>\n<\/div>\n<\/div>\n<div class=\"mt-3 w-full empty:hidden\">\n<div class=\"text-center\"><\/div>\n<\/div>\n<\/div>\n<div class=\"absolute\">\n<div class=\"flex items-center justify-center\"><\/div>\n<\/div>\n<\/div>\n<\/div>\n<\/div>\n<\/article>\n<div class=\"pointer-events-none h-px w-px\" aria-hidden=\"true\" data-edge=\"true\"><\/div>\n<\/div>\n<\/div>\n<\/div>\n<\/div>\n<div class=\"flex min-h-[46px] justify-start\">\n<div class=\"touch:-me-2 touch:-ms-3.5 -ms-2.5 -me-1 flex flex-wrap items-center gap-y-4 p-1 select-none touch:w-[calc(100%+--spacing(3.5))] -mt-1 w-[calc(100%+--spacing(2.5))] duration-[1.5s] focus-within:transition-none hover:transition-none pointer-events-none [mask-image:linear-gradient(to_right,black_33%,transparent_66%)] [mask-size:300%_100%] [mask-position:100%_0%] motion-safe:transition-[mask-position] group-hover\/turn-messages:pointer-events-auto group-hover\/turn-messages:[mask-position:0_0] group-focus-within\/turn-messages:pointer-events-auto group-focus-within\/turn-messages:[mask-position:0_0] has-data-[state=open]:pointer-events-auto has-data-[state=open]:[mask-position:0_0]\">\n<p>&nbsp;<\/p>\n<div class=\"flex items-center\"><\/div>\n<\/div>\n<\/div>\n<div class=\"mt-3 w-full empty:hidden\">\n<div class=\"text-center\"><\/div>\n<\/div>\n<\/div>\n<div class=\"absolute\">\n<div class=\"flex items-center justify-center\"><\/div>\n<\/div>\n<\/div>\n<\/div>\n<\/div>\n<\/article>\n<div class=\"pointer-events-none h-px w-px\" aria-hidden=\"true\" data-edge=\"true\"><\/div>\n","protected":false},"featured_media":56814,"template":"","meta":[],"product_brand":[1348],"product_cat":[1136,562,827,728],"product_tag":[1629],"class_list":{"0":"post-56812","1":"product","2":"type-product","3":"status-publish","4":"has-post-thumbnail","6":"product_brand-when","7":"product_cat-lakstines-veido-kaukes","8":"product_cat-sandelio-valymas","9":"product_cat-veido-prieziuros-priemoniu-rinkiniai","10":"product_cat-veidui","11":"product_tag-when","13":"first","14":"instock","15":"sale","16":"taxable","17":"shipping-taxable","18":"purchasable","19":"product-type-simple"},"yoast_head":"<!-- This site is optimized with the Yoast SEO plugin v27.4 - https:\/\/yoast.com\/product\/yoast-seo-wordpress\/ -->\n<title>Simply When\u00ae Green Tea \u2013 raminan\u010di\u0173 ir dr\u0117kinan\u010di\u0173 veido kauki\u0173 rinkinys, 1vnt. - MalinaShop.lt J\u016bs\u0173 sveikatai ir gro\u017eiui.<\/title>\n<meta name=\"description\" content=\"Vegani\u0161kos lak\u0161tin\u0117s veido kauk\u0117s su \u017ealiosios arbatos ir japoni\u0161kos kamelijos ekstraktais ramina sudirgusi\u0105 od\u0105, dr\u0117kina ir padeda kovoti su aplinkos poveikiu. Idealiai tinka pavargusiai, jautriai ar stresui linkusiai odai. Rinkinyje \u2013 10 vienkartini\u0173 kauki\u0173.                              &nbsp; Vegani\u0161ka veido kauk\u0117 su citrusiniais ekstraktais ir vitaminu B3 \u2013 skaistina, dr\u0117kina ir tonizuoja od\u0105.\" \/>\n<meta name=\"robots\" content=\"index, follow, max-snippet:-1, max-image-preview:large, max-video-preview:-1\" \/>\n<link rel=\"canonical\" href=\"https:\/\/www.malinashop.lt\/en\/shop\/simply-when-green-tea-raminanciu-ir-drekinanciu-veido-kaukiu-rinkinys-1vnt\/\" \/>\n<meta property=\"og:locale\" content=\"en_GB\" \/>\n<meta property=\"og:type\" content=\"article\" \/>\n<meta property=\"og:title\" content=\"Simply When\u00ae Green Tea \u2013 raminan\u010di\u0173 ir dr\u0117kinan\u010di\u0173 veido kauki\u0173 rinkinys, 1vnt. - MalinaShop.lt J\u016bs\u0173 sveikatai ir gro\u017eiui.\" \/>\n<meta property=\"og:description\" content=\"Vegani\u0161kos lak\u0161tin\u0117s veido kauk\u0117s su \u017ealiosios arbatos ir japoni\u0161kos kamelijos ekstraktais ramina sudirgusi\u0105 od\u0105, dr\u0117kina ir padeda kovoti su aplinkos poveikiu. Idealiai tinka pavargusiai, jautriai ar stresui linkusiai odai. Rinkinyje \u2013 10 vienkartini\u0173 kauki\u0173.                              &nbsp; Vegani\u0161ka veido kauk\u0117 su citrusiniais ekstraktais ir vitaminu B3 \u2013 skaistina, dr\u0117kina ir tonizuoja od\u0105.\" \/>\n<meta property=\"og:url\" content=\"https:\/\/www.malinashop.lt\/en\/shop\/simply-when-green-tea-raminanciu-ir-drekinanciu-veido-kaukiu-rinkinys-1vnt\/\" \/>\n<meta property=\"og:site_name\" content=\"MalinaShop.lt J\u016bs\u0173 sveikatai ir gro\u017eiui.\" \/>\n<meta property=\"article:modified_time\" content=\"2026-04-07T21:49:57+00:00\" \/>\n<meta property=\"og:image\" content=\"https:\/\/www.malinashop.lt\/wp-content\/uploads\/2025\/06\/Simply-When\u00ae-Green-Tea-\u2013-raminanciu-ir-drekinanciu-veido-kaukiu-rinkinys-1vnt.webp\" \/>\n\t<meta property=\"og:image:width\" content=\"768\" \/>\n\t<meta property=\"og:image:height\" content=\"769\" \/>\n\t<meta property=\"og:image:type\" content=\"image\/webp\" \/>\n<meta name=\"twitter:card\" content=\"summary_large_image\" \/>\n<script type=\"application\/ld+json\" class=\"yoast-schema-graph\">{\"@context\":\"https:\\\/\\\/schema.org\",\"@graph\":[{\"@type\":\"WebPage\",\"@id\":\"https:\\\/\\\/www.malinashop.lt\\\/lt_lt\\\/shop\\\/simply-when-green-tea-raminanciu-ir-drekinanciu-veido-kaukiu-rinkinys-1vnt\\\/\",\"url\":\"https:\\\/\\\/www.malinashop.lt\\\/lt_lt\\\/shop\\\/simply-when-green-tea-raminanciu-ir-drekinanciu-veido-kaukiu-rinkinys-1vnt\\\/\",\"name\":\"Simply When\u00ae Green Tea \u2013 raminan\u010di\u0173 ir dr\u0117kinan\u010di\u0173 veido kauki\u0173 rinkinys, 1vnt. - MalinaShop.lt J\u016bs\u0173 sveikatai ir gro\u017eiui.\",\"isPartOf\":{\"@id\":\"https:\\\/\\\/www.malinashop.lt\\\/en\\\/#website\"},\"primaryImageOfPage\":{\"@id\":\"https:\\\/\\\/www.malinashop.lt\\\/lt_lt\\\/shop\\\/simply-when-green-tea-raminanciu-ir-drekinanciu-veido-kaukiu-rinkinys-1vnt\\\/#primaryimage\"},\"image\":{\"@id\":\"https:\\\/\\\/www.malinashop.lt\\\/lt_lt\\\/shop\\\/simply-when-green-tea-raminanciu-ir-drekinanciu-veido-kaukiu-rinkinys-1vnt\\\/#primaryimage\"},\"thumbnailUrl\":\"https:\\\/\\\/www.malinashop.lt\\\/wp-content\\\/uploads\\\/2025\\\/06\\\/Simply-When\u00ae-Green-Tea-\u2013-raminanciu-ir-drekinanciu-veido-kaukiu-rinkinys-1vnt.webp\",\"datePublished\":\"2025-06-15T17:54:40+00:00\",\"dateModified\":\"2026-04-07T21:49:57+00:00\",\"description\":\"Vegani\u0161kos lak\u0161tin\u0117s veido kauk\u0117s su \u017ealiosios arbatos ir japoni\u0161kos kamelijos ekstraktais ramina sudirgusi\u0105 od\u0105, dr\u0117kina ir padeda kovoti su aplinkos poveikiu. Idealiai tinka pavargusiai, jautriai ar stresui linkusiai odai. Rinkinyje \u2013 10 vienkartini\u0173 kauki\u0173. &nbsp; Vegani\u0161ka veido kauk\u0117 su citrusiniais ekstraktais ir vitaminu B3 \u2013 skaistina, dr\u0117kina ir tonizuoja od\u0105.\",\"breadcrumb\":{\"@id\":\"https:\\\/\\\/www.malinashop.lt\\\/lt_lt\\\/shop\\\/simply-when-green-tea-raminanciu-ir-drekinanciu-veido-kaukiu-rinkinys-1vnt\\\/#breadcrumb\"},\"inLanguage\":\"en-GB\",\"potentialAction\":[{\"@type\":\"ReadAction\",\"target\":[\"https:\\\/\\\/www.malinashop.lt\\\/lt_lt\\\/shop\\\/simply-when-green-tea-raminanciu-ir-drekinanciu-veido-kaukiu-rinkinys-1vnt\\\/\"]}]},{\"@type\":\"ImageObject\",\"inLanguage\":\"en-GB\",\"@id\":\"https:\\\/\\\/www.malinashop.lt\\\/lt_lt\\\/shop\\\/simply-when-green-tea-raminanciu-ir-drekinanciu-veido-kaukiu-rinkinys-1vnt\\\/#primaryimage\",\"url\":\"https:\\\/\\\/www.malinashop.lt\\\/wp-content\\\/uploads\\\/2025\\\/06\\\/Simply-When\u00ae-Green-Tea-\u2013-raminanciu-ir-drekinanciu-veido-kaukiu-rinkinys-1vnt.webp\",\"contentUrl\":\"https:\\\/\\\/www.malinashop.lt\\\/wp-content\\\/uploads\\\/2025\\\/06\\\/Simply-When\u00ae-Green-Tea-\u2013-raminanciu-ir-drekinanciu-veido-kaukiu-rinkinys-1vnt.webp\",\"width\":768,\"height\":769},{\"@type\":\"BreadcrumbList\",\"@id\":\"https:\\\/\\\/www.malinashop.lt\\\/lt_lt\\\/shop\\\/simply-when-green-tea-raminanciu-ir-drekinanciu-veido-kaukiu-rinkinys-1vnt\\\/#breadcrumb\",\"itemListElement\":[{\"@type\":\"ListItem\",\"position\":1,\"name\":\"Home\",\"item\":\"https:\\\/\\\/www.malinashop.lt\\\/en\\\/\"},{\"@type\":\"ListItem\",\"position\":2,\"name\":\"Parduotuv\u0117\",\"item\":\"https:\\\/\\\/www.malinashop.lt\\\/en\\\/parduotuve\\\/\"},{\"@type\":\"ListItem\",\"position\":3,\"name\":\"Simply When\u00ae Green Tea \u2013 raminan\u010di\u0173 ir dr\u0117kinan\u010di\u0173 veido kauki\u0173 rinkinys, 1vnt.\"}]},{\"@type\":\"WebSite\",\"@id\":\"https:\\\/\\\/www.malinashop.lt\\\/en\\\/#website\",\"url\":\"https:\\\/\\\/www.malinashop.lt\\\/en\\\/\",\"name\":\"COM Group Ecommerce\",\"description\":\"MalinaShop.lt - Gro\u017eio ir sveikatos produktai i\u0161 patikim\u0173 preki\u0173 \u017eenkl\u0173. Atraskite auk\u0161tos kokyb\u0117s kosmetik\u0105 u\u017e puiki\u0105 kain\u0105.\",\"publisher\":{\"@id\":\"https:\\\/\\\/www.malinashop.lt\\\/en\\\/#organization\"},\"potentialAction\":[{\"@type\":\"SearchAction\",\"target\":{\"@type\":\"EntryPoint\",\"urlTemplate\":\"https:\\\/\\\/www.malinashop.lt\\\/en\\\/?s={search_term_string}\"},\"query-input\":{\"@type\":\"PropertyValueSpecification\",\"valueRequired\":true,\"valueName\":\"search_term_string\"}}],\"inLanguage\":\"en-GB\"},{\"@type\":\"Organization\",\"@id\":\"https:\\\/\\\/www.malinashop.lt\\\/en\\\/#organization\",\"name\":\"COM Group Ecommerce\",\"url\":\"https:\\\/\\\/www.malinashop.lt\\\/en\\\/\",\"logo\":{\"@type\":\"ImageObject\",\"inLanguage\":\"en-GB\",\"@id\":\"https:\\\/\\\/www.malinashop.lt\\\/en\\\/#\\\/schema\\\/logo\\\/image\\\/\",\"url\":\"https:\\\/\\\/www.malinashop.lt\\\/wp-content\\\/uploads\\\/2024\\\/08\\\/462559670_3787732518133670_9795632669273463_n-e1731525914575.png\",\"contentUrl\":\"https:\\\/\\\/www.malinashop.lt\\\/wp-content\\\/uploads\\\/2024\\\/08\\\/462559670_3787732518133670_9795632669273463_n-e1731525914575.png\",\"width\":180,\"height\":60,\"caption\":\"COM Group Ecommerce\"},\"image\":{\"@id\":\"https:\\\/\\\/www.malinashop.lt\\\/en\\\/#\\\/schema\\\/logo\\\/image\\\/\"}}]}<\/script>\n<!-- \/ Yoast SEO plugin. -->","yoast_head_json":{"title":"Simply When\u00ae Green Tea \u2013 raminan\u010di\u0173 ir dr\u0117kinan\u010di\u0173 veido kauki\u0173 rinkinys, 1vnt. - MalinaShop.lt J\u016bs\u0173 sveikatai ir gro\u017eiui.","description":"Vegani\u0161kos lak\u0161tin\u0117s veido kauk\u0117s su \u017ealiosios arbatos ir japoni\u0161kos kamelijos ekstraktais ramina sudirgusi\u0105 od\u0105, dr\u0117kina ir padeda kovoti su aplinkos poveikiu. Idealiai tinka pavargusiai, jautriai ar stresui linkusiai odai. Rinkinyje \u2013 10 vienkartini\u0173 kauki\u0173.                              &nbsp; Vegani\u0161ka veido kauk\u0117 su citrusiniais ekstraktais ir vitaminu B3 \u2013 skaistina, dr\u0117kina ir tonizuoja od\u0105.","robots":{"index":"index","follow":"follow","max-snippet":"max-snippet:-1","max-image-preview":"max-image-preview:large","max-video-preview":"max-video-preview:-1"},"canonical":"https:\/\/www.malinashop.lt\/en\/shop\/simply-when-green-tea-raminanciu-ir-drekinanciu-veido-kaukiu-rinkinys-1vnt\/","og_locale":"en_GB","og_type":"article","og_title":"Simply When\u00ae Green Tea \u2013 raminan\u010di\u0173 ir dr\u0117kinan\u010di\u0173 veido kauki\u0173 rinkinys, 1vnt. - MalinaShop.lt J\u016bs\u0173 sveikatai ir gro\u017eiui.","og_description":"Vegani\u0161kos lak\u0161tin\u0117s veido kauk\u0117s su \u017ealiosios arbatos ir japoni\u0161kos kamelijos ekstraktais ramina sudirgusi\u0105 od\u0105, dr\u0117kina ir padeda kovoti su aplinkos poveikiu. Idealiai tinka pavargusiai, jautriai ar stresui linkusiai odai. Rinkinyje \u2013 10 vienkartini\u0173 kauki\u0173.                              &nbsp; Vegani\u0161ka veido kauk\u0117 su citrusiniais ekstraktais ir vitaminu B3 \u2013 skaistina, dr\u0117kina ir tonizuoja od\u0105.","og_url":"https:\/\/www.malinashop.lt\/en\/shop\/simply-when-green-tea-raminanciu-ir-drekinanciu-veido-kaukiu-rinkinys-1vnt\/","og_site_name":"MalinaShop.lt J\u016bs\u0173 sveikatai ir gro\u017eiui.","article_modified_time":"2026-04-07T21:49:57+00:00","og_image":[{"width":768,"height":769,"url":"https:\/\/www.malinashop.lt\/wp-content\/uploads\/2025\/06\/Simply-When\u00ae-Green-Tea-\u2013-raminanciu-ir-drekinanciu-veido-kaukiu-rinkinys-1vnt.webp","type":"image\/webp"}],"twitter_card":"summary_large_image","schema":{"@context":"https:\/\/schema.org","@graph":[{"@type":"WebPage","@id":"https:\/\/www.malinashop.lt\/lt_lt\/shop\/simply-when-green-tea-raminanciu-ir-drekinanciu-veido-kaukiu-rinkinys-1vnt\/","url":"https:\/\/www.malinashop.lt\/lt_lt\/shop\/simply-when-green-tea-raminanciu-ir-drekinanciu-veido-kaukiu-rinkinys-1vnt\/","name":"Simply When\u00ae Green Tea \u2013 raminan\u010di\u0173 ir dr\u0117kinan\u010di\u0173 veido kauki\u0173 rinkinys, 1vnt. - MalinaShop.lt J\u016bs\u0173 sveikatai ir gro\u017eiui.","isPartOf":{"@id":"https:\/\/www.malinashop.lt\/en\/#website"},"primaryImageOfPage":{"@id":"https:\/\/www.malinashop.lt\/lt_lt\/shop\/simply-when-green-tea-raminanciu-ir-drekinanciu-veido-kaukiu-rinkinys-1vnt\/#primaryimage"},"image":{"@id":"https:\/\/www.malinashop.lt\/lt_lt\/shop\/simply-when-green-tea-raminanciu-ir-drekinanciu-veido-kaukiu-rinkinys-1vnt\/#primaryimage"},"thumbnailUrl":"https:\/\/www.malinashop.lt\/wp-content\/uploads\/2025\/06\/Simply-When\u00ae-Green-Tea-\u2013-raminanciu-ir-drekinanciu-veido-kaukiu-rinkinys-1vnt.webp","datePublished":"2025-06-15T17:54:40+00:00","dateModified":"2026-04-07T21:49:57+00:00","description":"Vegani\u0161kos lak\u0161tin\u0117s veido kauk\u0117s su \u017ealiosios arbatos ir japoni\u0161kos kamelijos ekstraktais ramina sudirgusi\u0105 od\u0105, dr\u0117kina ir padeda kovoti su aplinkos poveikiu. Idealiai tinka pavargusiai, jautriai ar stresui linkusiai odai. Rinkinyje \u2013 10 vienkartini\u0173 kauki\u0173. &nbsp; Vegani\u0161ka veido kauk\u0117 su citrusiniais ekstraktais ir vitaminu B3 \u2013 skaistina, dr\u0117kina ir tonizuoja od\u0105.","breadcrumb":{"@id":"https:\/\/www.malinashop.lt\/lt_lt\/shop\/simply-when-green-tea-raminanciu-ir-drekinanciu-veido-kaukiu-rinkinys-1vnt\/#breadcrumb"},"inLanguage":"en-GB","potentialAction":[{"@type":"ReadAction","target":["https:\/\/www.malinashop.lt\/lt_lt\/shop\/simply-when-green-tea-raminanciu-ir-drekinanciu-veido-kaukiu-rinkinys-1vnt\/"]}]},{"@type":"ImageObject","inLanguage":"en-GB","@id":"https:\/\/www.malinashop.lt\/lt_lt\/shop\/simply-when-green-tea-raminanciu-ir-drekinanciu-veido-kaukiu-rinkinys-1vnt\/#primaryimage","url":"https:\/\/www.malinashop.lt\/wp-content\/uploads\/2025\/06\/Simply-When\u00ae-Green-Tea-\u2013-raminanciu-ir-drekinanciu-veido-kaukiu-rinkinys-1vnt.webp","contentUrl":"https:\/\/www.malinashop.lt\/wp-content\/uploads\/2025\/06\/Simply-When\u00ae-Green-Tea-\u2013-raminanciu-ir-drekinanciu-veido-kaukiu-rinkinys-1vnt.webp","width":768,"height":769},{"@type":"BreadcrumbList","@id":"https:\/\/www.malinashop.lt\/lt_lt\/shop\/simply-when-green-tea-raminanciu-ir-drekinanciu-veido-kaukiu-rinkinys-1vnt\/#breadcrumb","itemListElement":[{"@type":"ListItem","position":1,"name":"Home","item":"https:\/\/www.malinashop.lt\/en\/"},{"@type":"ListItem","position":2,"name":"Parduotuv\u0117","item":"https:\/\/www.malinashop.lt\/en\/parduotuve\/"},{"@type":"ListItem","position":3,"name":"Simply When\u00ae Green Tea \u2013 raminan\u010di\u0173 ir dr\u0117kinan\u010di\u0173 veido kauki\u0173 rinkinys, 1vnt."}]},{"@type":"WebSite","@id":"https:\/\/www.malinashop.lt\/en\/#website","url":"https:\/\/www.malinashop.lt\/en\/","name":"COM Group Ecommerce","description":"MalinaShop.lt - Gro\u017eio ir sveikatos produktai i\u0161 patikim\u0173 preki\u0173 \u017eenkl\u0173. Atraskite auk\u0161tos kokyb\u0117s kosmetik\u0105 u\u017e puiki\u0105 kain\u0105.","publisher":{"@id":"https:\/\/www.malinashop.lt\/en\/#organization"},"potentialAction":[{"@type":"SearchAction","target":{"@type":"EntryPoint","urlTemplate":"https:\/\/www.malinashop.lt\/en\/?s={search_term_string}"},"query-input":{"@type":"PropertyValueSpecification","valueRequired":true,"valueName":"search_term_string"}}],"inLanguage":"en-GB"},{"@type":"Organization","@id":"https:\/\/www.malinashop.lt\/en\/#organization","name":"COM Group Ecommerce","url":"https:\/\/www.malinashop.lt\/en\/","logo":{"@type":"ImageObject","inLanguage":"en-GB","@id":"https:\/\/www.malinashop.lt\/en\/#\/schema\/logo\/image\/","url":"https:\/\/www.malinashop.lt\/wp-content\/uploads\/2024\/08\/462559670_3787732518133670_9795632669273463_n-e1731525914575.png","contentUrl":"https:\/\/www.malinashop.lt\/wp-content\/uploads\/2024\/08\/462559670_3787732518133670_9795632669273463_n-e1731525914575.png","width":180,"height":60,"caption":"COM Group Ecommerce"},"image":{"@id":"https:\/\/www.malinashop.lt\/en\/#\/schema\/logo\/image\/"}}]}},"jetpack_sharing_enabled":true,"_links":{"self":[{"href":"https:\/\/www.malinashop.lt\/en\/wp-json\/wp\/v2\/product\/56812","targetHints":{"allow":["GET"]}}],"collection":[{"href":"https:\/\/www.malinashop.lt\/en\/wp-json\/wp\/v2\/product"}],"about":[{"href":"https:\/\/www.malinashop.lt\/en\/wp-json\/wp\/v2\/types\/product"}],"version-history":[{"count":2,"href":"https:\/\/www.malinashop.lt\/en\/wp-json\/wp\/v2\/product\/56812\/revisions"}],"predecessor-version":[{"id":57951,"href":"https:\/\/www.malinashop.lt\/en\/wp-json\/wp\/v2\/product\/56812\/revisions\/57951"}],"wp:featuredmedia":[{"embeddable":true,"href":"https:\/\/www.malinashop.lt\/en\/wp-json\/wp\/v2\/media\/56814"}],"wp:attachment":[{"href":"https:\/\/www.malinashop.lt\/en\/wp-json\/wp\/v2\/media?parent=56812"}],"wp:term":[{"taxonomy":"product_brand","embeddable":true,"href":"https:\/\/www.malinashop.lt\/en\/wp-json\/wp\/v2\/product_brand?post=56812"},{"taxonomy":"product_cat","embeddable":true,"href":"https:\/\/www.malinashop.lt\/en\/wp-json\/wp\/v2\/product_cat?post=56812"},{"taxonomy":"product_tag","embeddable":true,"href":"https:\/\/www.malinashop.lt\/en\/wp-json\/wp\/v2\/product_tag?post=56812"}],"curies":[{"name":"wp","href":"https:\/\/api.w.org\/{rel}","templated":true}]}}