{"id":56804,"date":"2025-09-24T20:51:36","date_gmt":"2025-09-24T17:51:36","guid":{"rendered":"https:\/\/malinashop.lt\/?post_type=product&#038;p=56804"},"modified":"2026-04-08T00:49:53","modified_gmt":"2026-04-07T21:49:53","slug":"simply-when-citron-brightening-tone-up-vitaminu-c-praturtintos-lakstines-kaukes-1vnt","status":"publish","type":"product","link":"https:\/\/www.malinashop.lt\/en\/shop\/simply-when-citron-brightening-tone-up-vitaminu-c-praturtintos-lakstines-kaukes-1vnt\/","title":{"rendered":"Simply When\u00ae Citron Brightening &amp; Tone Up \u2013 vitaminu C praturtintos lak\u0161tin\u0117s kauk\u0117s, 1vnt."},"content":{"rendered":"<p data-start=\"137\" data-end=\"180\"><strong data-start=\"137\" data-end=\"180\">Preki\u0173 i\u0161siuntimas per 1\u20133 darbo dienas<\/strong><\/p>\n<p data-start=\"182\" data-end=\"275\"><strong data-start=\"182\" data-end=\"275\">Vegani\u0161ka veido kauk\u0117 su citrin\u0173 ekstraktu ir vitaminu B3 \u2013 \u0161vytin\u010diai ir dr\u0117kinamai odai<\/strong><\/p>\n<p data-start=\"277\" data-end=\"673\">Suteikite savo odai energijos u\u017etais\u0105 su vegani\u0161ka lak\u0161tine veido kauke, praturtinta citrusini\u0173 vaisi\u0173 ekstraktais ir vitaminu B3. Sukurta i\u0161 <strong data-start=\"419\" data-end=\"444\">Bamboo-Lyocell Vegan\u2122<\/strong> lak\u0161to, \u0161i kauk\u0117 pasi\u017eymi puikiu dr\u0117gm\u0117s sulaikymu ir veikli\u0173j\u0173 med\u017eiag\u0173 perdavimu \u012f gilesnius odos sluoksnius. Itin \u0161velni, lengvai prisitaiko prie veido kont\u016br\u0173 ir puikiai tinka <strong data-start=\"625\" data-end=\"672\">jautriai, pavargusiai ar papilk\u0117jusiai odai<\/strong>.<\/p>\n<hr data-start=\"675\" data-end=\"678\" \/>\n<h3 data-start=\"680\" data-end=\"711\">\u00a0Pagrindiniai privalumai:<\/h3>\n<ul data-start=\"713\" data-end=\"1392\">\n<li data-start=\"713\" data-end=\"879\">\n<p data-start=\"715\" data-end=\"879\"><strong data-start=\"715\" data-end=\"746\">Skaistina ir tonizuoja od\u0105:<\/strong> vitaminas B3 (niacinamidas) ir citrusini\u0173 vaisi\u0173 kompleksas padeda suvienodinti odos atspalv\u012f, \u0161viesina ir ma\u017eina pigmentines d\u0117mes.<\/p>\n<\/li>\n<li data-start=\"880\" data-end=\"992\">\n<p data-start=\"882\" data-end=\"992\"><strong data-start=\"882\" data-end=\"903\">Gilus dr\u0117kinimas:<\/strong> augaliniai ekstraktai ir dr\u0117kinan\u010dios med\u017eiagos suteikia odai gaivos ir \u0161velnumo poj\u016bt\u012f.<\/p>\n<\/li>\n<li data-start=\"993\" data-end=\"1127\">\n<p data-start=\"995\" data-end=\"1127\"><strong data-start=\"995\" data-end=\"1019\">Energetinis efektas:<\/strong> kvapni\u0173j\u0173 citrinmed\u017ei\u0173 ir greipfrut\u0173 ekstraktai atgaivina, tonizuoja ir suteikia odai nat\u016bralaus \u0161vyt\u0117jimo.<\/p>\n<\/li>\n<li data-start=\"1128\" data-end=\"1302\">\n<p data-start=\"1130\" data-end=\"1302\"><strong data-start=\"1130\" data-end=\"1159\">Ekologi\u0161kas pasirinkimas:<\/strong> kauk\u0117 pagaminta i\u0161 <strong data-start=\"1179\" data-end=\"1198\">Bamboo-Lyocell\u2122<\/strong> \u2013 tai tvari med\u017eiaga, kuri sugeria net <strong data-start=\"1238\" data-end=\"1269\">1,5 karto daugiau esencijos<\/strong> nei \u012fprastos medvilnin\u0117s kauk\u0117s.<\/p>\n<\/li>\n<li data-start=\"1303\" data-end=\"1392\">\n<p data-start=\"1305\" data-end=\"1392\"><strong data-start=\"1305\" data-end=\"1392\">100 % vegani\u0161ka, dermatologi\u0161kai patikrinta, hipoalergi\u0161ka, netestuota su gyv\u016bnais.<\/strong><\/p>\n<\/li>\n<\/ul>\n<hr data-start=\"1394\" data-end=\"1397\" \/>\n<h3 data-start=\"1399\" data-end=\"1417\">\u00a0Naudojimas:<\/h3>\n<ol data-start=\"1419\" data-end=\"1671\">\n<li data-start=\"1419\" data-end=\"1465\">\n<p data-start=\"1422\" data-end=\"1465\">Nuvalykite ir sausai nu\u0161luostykite veid\u0105.<\/p>\n<\/li>\n<li data-start=\"1466\" data-end=\"1521\">\n<p data-start=\"1469\" data-end=\"1521\">I\u0161skleiskite lak\u0161tin\u0119 kauk\u0119 ir u\u017ed\u0117kite ant veido.<\/p>\n<\/li>\n<li data-start=\"1522\" data-end=\"1575\">\n<p data-start=\"1525\" data-end=\"1575\">Tvirtai prispauskite, kad kauk\u0117 gerai priglust\u0173.<\/p>\n<\/li>\n<li data-start=\"1576\" data-end=\"1611\">\n<p data-start=\"1579\" data-end=\"1611\">Laikykite <strong data-start=\"1589\" data-end=\"1608\">apie 20 minu\u010di\u0173<\/strong>.<\/p>\n<\/li>\n<li data-start=\"1612\" data-end=\"1671\">\n<p data-start=\"1615\" data-end=\"1671\">Nu\u0117m\u0119 \u012fmasa\u017euokite likus\u012f serum\u0105 \u012f veido ir kaklo od\u0105.<\/p>\n<\/li>\n<\/ol>\n<p data-start=\"1673\" data-end=\"1740\"><strong data-start=\"1673\" data-end=\"1740\">Tik vienkartiniam naudojimui. Naudoti i\u0161kart atidarius pakuot\u0119.<\/strong><\/p>\n<hr data-start=\"1742\" data-end=\"1745\" \/>\n<h3 data-start=\"1747\" data-end=\"1762\">\u00a0Sud\u0117tis:<\/h3>\n<p data-start=\"1764\" data-end=\"2209\"><em data-start=\"1764\" data-end=\"2209\">Aqua (vanduo), Butylene Glycol, Glycerin, Niacinamide (vitaminas B3), 1,2-Hexanediol, Arginine, Carbomer, Propanediol, Polyglyceryl-10 Laurate, Ethylhexylglycerin, Allantoin, Disodium EDTA, Citrus Junos Fruit Extract, Citrus Junos Peel Extract, Citrus Junos Seed Extract, Citrus Paradisi (Grapefruit) Fruit Extract, Achillea Millefolium Extract, Citrus Aurantifolia (Lime) Fruit Extract, Citrus Aurantium Dulcis (Orange) Fruit Extract, Parfum.<\/em><\/p>\n<hr data-start=\"2211\" data-end=\"2214\" \/>\n<h3 data-start=\"2216\" data-end=\"2233\">\u26a0\ufe0f \u012esp\u0117jimai:<\/h3>\n<p data-start=\"2235\" data-end=\"2512\">Naudoti tik i\u0161ori\u0161kai. Venkite kontakto su akimis ir gleivin\u0117mis. Nenaudoti ant pa\u017eeistos, \u012ftr\u016bkusios ar sudirgusios odos. Jei pasirei\u0161kia sudirgimas ar alergin\u0117 reakcija \u2013 nutraukite naudojim\u0105 ir kreipkit\u0117s \u012f dermatolog\u0105. Po naudojimo saugoti nuo tiesiogini\u0173 saul\u0117s spinduli\u0173.<\/p>\n<p data-start=\"2514\" data-end=\"2610\"><strong data-start=\"2514\" data-end=\"2527\">Laikymas:<\/strong> laikyti kambario temperat\u016broje, atokiai nuo tiesiogini\u0173 saul\u0117s spinduli\u0173 ir vaik\u0173.<\/p>\n","protected":false},"excerpt":{"rendered":"<article class=\"text-token-text-primary w-full\" dir=\"auto\" data-testid=\"conversation-turn-60\" data-scroll-anchor=\"true\">\n<div class=\"text-base my-auto mx-auto py-5 [--thread-content-margin:--spacing(4)] @[37rem]:[--thread-content-margin:--spacing(6)] @[72rem]:[--thread-content-margin:--spacing(16)] px-(--thread-content-margin)\">\n<div class=\"[--thread-content-max-width:32rem] @[34rem]:[--thread-content-max-width:40rem] @[64rem]:[--thread-content-max-width:48rem] mx-auto flex max-w-(--thread-content-max-width) flex-1 text-base gap-4 md:gap-5 lg:gap-6 group\/turn-messages focus-visible:outline-hidden\">\n<div class=\"group\/conversation-turn relative flex w-full min-w-0 flex-col agent-turn\">\n<div class=\"relative flex-col gap-1 md:gap-3\">\n<div class=\"flex max-w-full flex-col grow\">\n<div class=\"min-h-8 text-message relative flex w-full flex-col items-end gap-2 text-start break-words whitespace-normal [.text-message+&amp;]:mt-5\" dir=\"auto\" data-message-author-role=\"assistant\" data-message-id=\"589fe88d-4868-4166-a8f8-a90b18c71d84\" data-message-model-slug=\"gpt-4o\">\n<div class=\"flex w-full flex-col gap-1 empty:hidden first:pt-[3px]\">\n<div class=\"markdown prose dark:prose-invert w-full break-words light\">\n<article class=\"text-token-text-primary w-full\" dir=\"auto\" data-testid=\"conversation-turn-64\" data-scroll-anchor=\"true\">\n<div class=\"text-base my-auto mx-auto py-5 [--thread-content-margin:--spacing(4)] @[37rem]:[--thread-content-margin:--spacing(6)] @[72rem]:[--thread-content-margin:--spacing(16)] px-(--thread-content-margin)\">\n<div class=\"[--thread-content-max-width:32rem] @[34rem]:[--thread-content-max-width:40rem] @[64rem]:[--thread-content-max-width:48rem] mx-auto flex max-w-(--thread-content-max-width) flex-1 text-base gap-4 md:gap-5 lg:gap-6 group\/turn-messages focus-visible:outline-hidden\">\n<div class=\"group\/conversation-turn relative flex w-full min-w-0 flex-col agent-turn\">\n<div class=\"relative flex-col gap-1 md:gap-3\">\n<div class=\"flex max-w-full flex-col grow\">\n<div class=\"min-h-8 text-message relative flex w-full flex-col items-end gap-2 text-start break-words whitespace-normal [.text-message+&amp;]:mt-5\" dir=\"auto\" data-message-author-role=\"assistant\" data-message-id=\"699e12ca-a8a9-4876-bb46-a364a3a7704b\" data-message-model-slug=\"gpt-4o\">\n<div class=\"flex w-full flex-col gap-1 empty:hidden first:pt-[3px]\">\n<div class=\"markdown prose dark:prose-invert w-full break-words light\">\n<p data-start=\"605\" data-end=\"881\">Vegani\u0161kos veido kauk\u0117s su vitamino C esencija \u0161velniai \u0161viesina, intensyviai dr\u0117kina ir padeda suma\u017einti pigmentines d\u0117mes. Gaivina veido od\u0105, suteikia jai spindesio ir tolygesn\u012f atspalv\u012f. Pakuot\u0117je \u2013 10 lak\u0161tini\u0173 kauki\u0173.<\/p>\n<\/div>\n<\/div>\n<\/div>\n<\/div>\n<div class=\"flex min-h-[46px] justify-start\">\n<div class=\"touch:-me-2 touch:-ms-3.5 -ms-2.5 -me-1 flex flex-wrap items-center gap-y-4 p-1 select-none touch:w-[calc(100%+--spacing(3.5))] -mt-1 w-[calc(100%+--spacing(2.5))] duration-[1.5s] focus-within:transition-none hover:transition-none pointer-events-none [mask-image:linear-gradient(to_right,black_33%,transparent_66%)] [mask-size:300%_100%] [mask-position:100%_0%] motion-safe:transition-[mask-position] group-hover\/turn-messages:pointer-events-auto group-hover\/turn-messages:[mask-position:0_0] group-focus-within\/turn-messages:pointer-events-auto group-focus-within\/turn-messages:[mask-position:0_0] has-data-[state=open]:pointer-events-auto has-data-[state=open]:[mask-position:0_0]\">\n<div class=\"flex items-center\"><\/div>\n<\/div>\n<\/div>\n<div class=\"mt-3 w-full empty:hidden\">\n<div class=\"text-center\"><\/div>\n<\/div>\n<\/div>\n<div class=\"absolute\">\n<div class=\"flex items-center justify-center\"><\/div>\n<\/div>\n<\/div>\n<\/div>\n<\/div>\n<\/article>\n<div class=\"pointer-events-none h-px w-px\" aria-hidden=\"true\" data-edge=\"true\"><\/div>\n<\/div>\n<\/div>\n<\/div>\n<\/div>\n<div class=\"flex min-h-[46px] justify-start\">\n<div class=\"touch:-me-2 touch:-ms-3.5 -ms-2.5 -me-1 flex flex-wrap items-center gap-y-4 p-1 select-none touch:w-[calc(100%+--spacing(3.5))] -mt-1 w-[calc(100%+--spacing(2.5))] duration-[1.5s] focus-within:transition-none hover:transition-none pointer-events-none [mask-image:linear-gradient(to_right,black_33%,transparent_66%)] [mask-size:300%_100%] [mask-position:100%_0%] motion-safe:transition-[mask-position] group-hover\/turn-messages:pointer-events-auto group-hover\/turn-messages:[mask-position:0_0] group-focus-within\/turn-messages:pointer-events-auto group-focus-within\/turn-messages:[mask-position:0_0] has-data-[state=open]:pointer-events-auto has-data-[state=open]:[mask-position:0_0]\">\n<p>&nbsp;<\/p>\n<div class=\"flex items-center\"><\/div>\n<\/div>\n<\/div>\n<div class=\"mt-3 w-full empty:hidden\">\n<div class=\"text-center\"><\/div>\n<\/div>\n<\/div>\n<div class=\"absolute\">\n<div class=\"flex items-center justify-center\"><\/div>\n<\/div>\n<\/div>\n<\/div>\n<\/div>\n<\/article>\n<div class=\"pointer-events-none h-px w-px\" aria-hidden=\"true\" data-edge=\"true\"><\/div>\n","protected":false},"featured_media":56806,"template":"","meta":[],"product_brand":[1348],"product_cat":[1136,562,827,728],"product_tag":[1629],"class_list":{"0":"post-56804","1":"product","2":"type-product","3":"status-publish","4":"has-post-thumbnail","6":"product_brand-when","7":"product_cat-lakstines-veido-kaukes","8":"product_cat-sandelio-valymas","9":"product_cat-veido-prieziuros-priemoniu-rinkiniai","10":"product_cat-veidui","11":"product_tag-when","13":"first","14":"instock","15":"sale","16":"taxable","17":"shipping-taxable","18":"purchasable","19":"product-type-simple"},"yoast_head":"<!-- This site is optimized with the Yoast SEO plugin v27.4 - https:\/\/yoast.com\/product\/yoast-seo-wordpress\/ -->\n<title>Simply When\u00ae Citron Brightening &amp; Tone Up \u2013 vitaminu C praturtintos lak\u0161tin\u0117s kauk\u0117s, 1vnt. - MalinaShop.lt J\u016bs\u0173 sveikatai ir gro\u017eiui.<\/title>\n<meta name=\"description\" content=\"Vegani\u0161kos veido kauk\u0117s su vitamino C esencija \u0161velniai \u0161viesina, intensyviai dr\u0117kina ir padeda suma\u017einti pigmentines d\u0117mes. Gaivina veido od\u0105, suteikia jai spindesio ir tolygesn\u012f atspalv\u012f. Pakuot\u0117je \u2013 10 lak\u0161tini\u0173 kauki\u0173.                              &nbsp; Vegani\u0161ka veido kauk\u0117 su citrusiniais ekstraktais ir vitaminu B3 \u2013 skaistina, dr\u0117kina ir tonizuoja od\u0105.\" \/>\n<meta name=\"robots\" content=\"index, follow, max-snippet:-1, max-image-preview:large, max-video-preview:-1\" \/>\n<link rel=\"canonical\" href=\"https:\/\/www.malinashop.lt\/en\/shop\/simply-when-citron-brightening-tone-up-vitaminu-c-praturtintos-lakstines-kaukes-1vnt\/\" \/>\n<meta property=\"og:locale\" content=\"en_GB\" \/>\n<meta property=\"og:type\" content=\"article\" \/>\n<meta property=\"og:title\" content=\"Simply When\u00ae Citron Brightening &amp; Tone Up \u2013 vitaminu C praturtintos lak\u0161tin\u0117s kauk\u0117s, 1vnt. - MalinaShop.lt J\u016bs\u0173 sveikatai ir gro\u017eiui.\" \/>\n<meta property=\"og:description\" content=\"Vegani\u0161kos veido kauk\u0117s su vitamino C esencija \u0161velniai \u0161viesina, intensyviai dr\u0117kina ir padeda suma\u017einti pigmentines d\u0117mes. Gaivina veido od\u0105, suteikia jai spindesio ir tolygesn\u012f atspalv\u012f. Pakuot\u0117je \u2013 10 lak\u0161tini\u0173 kauki\u0173.                              &nbsp; Vegani\u0161ka veido kauk\u0117 su citrusiniais ekstraktais ir vitaminu B3 \u2013 skaistina, dr\u0117kina ir tonizuoja od\u0105.\" \/>\n<meta property=\"og:url\" content=\"https:\/\/www.malinashop.lt\/en\/shop\/simply-when-citron-brightening-tone-up-vitaminu-c-praturtintos-lakstines-kaukes-1vnt\/\" \/>\n<meta property=\"og:site_name\" content=\"MalinaShop.lt J\u016bs\u0173 sveikatai ir gro\u017eiui.\" \/>\n<meta property=\"article:modified_time\" content=\"2026-04-07T21:49:53+00:00\" \/>\n<meta property=\"og:image\" content=\"https:\/\/www.malinashop.lt\/wp-content\/uploads\/2025\/06\/Simply-When\u00ae-Citron-Brightening-Tone-Up-\u2013-vitaminu-C-praturtintos-lakstines-kaukes-1vnt.webp\" \/>\n\t<meta property=\"og:image:width\" content=\"768\" \/>\n\t<meta property=\"og:image:height\" content=\"768\" \/>\n\t<meta property=\"og:image:type\" content=\"image\/webp\" \/>\n<meta name=\"twitter:card\" content=\"summary_large_image\" \/>\n<script type=\"application\/ld+json\" class=\"yoast-schema-graph\">{\"@context\":\"https:\\\/\\\/schema.org\",\"@graph\":[{\"@type\":\"WebPage\",\"@id\":\"https:\\\/\\\/www.malinashop.lt\\\/lt_lt\\\/shop\\\/simply-when-citron-brightening-tone-up-vitaminu-c-praturtintos-lakstines-kaukes-1vnt\\\/\",\"url\":\"https:\\\/\\\/www.malinashop.lt\\\/lt_lt\\\/shop\\\/simply-when-citron-brightening-tone-up-vitaminu-c-praturtintos-lakstines-kaukes-1vnt\\\/\",\"name\":\"Simply When\u00ae Citron Brightening &amp; Tone Up \u2013 vitaminu C praturtintos lak\u0161tin\u0117s kauk\u0117s, 1vnt. - MalinaShop.lt J\u016bs\u0173 sveikatai ir gro\u017eiui.\",\"isPartOf\":{\"@id\":\"https:\\\/\\\/www.malinashop.lt\\\/#website\"},\"primaryImageOfPage\":{\"@id\":\"https:\\\/\\\/www.malinashop.lt\\\/lt_lt\\\/shop\\\/simply-when-citron-brightening-tone-up-vitaminu-c-praturtintos-lakstines-kaukes-1vnt\\\/#primaryimage\"},\"image\":{\"@id\":\"https:\\\/\\\/www.malinashop.lt\\\/lt_lt\\\/shop\\\/simply-when-citron-brightening-tone-up-vitaminu-c-praturtintos-lakstines-kaukes-1vnt\\\/#primaryimage\"},\"thumbnailUrl\":\"https:\\\/\\\/www.malinashop.lt\\\/wp-content\\\/uploads\\\/2025\\\/06\\\/Simply-When\u00ae-Citron-Brightening-Tone-Up-\u2013-vitaminu-C-praturtintos-lakstines-kaukes-1vnt.webp\",\"datePublished\":\"2025-09-24T17:51:36+00:00\",\"dateModified\":\"2026-04-07T21:49:53+00:00\",\"description\":\"Vegani\u0161kos veido kauk\u0117s su vitamino C esencija \u0161velniai \u0161viesina, intensyviai dr\u0117kina ir padeda suma\u017einti pigmentines d\u0117mes. Gaivina veido od\u0105, suteikia jai spindesio ir tolygesn\u012f atspalv\u012f. Pakuot\u0117je \u2013 10 lak\u0161tini\u0173 kauki\u0173. &nbsp; Vegani\u0161ka veido kauk\u0117 su citrusiniais ekstraktais ir vitaminu B3 \u2013 skaistina, dr\u0117kina ir tonizuoja od\u0105.\",\"breadcrumb\":{\"@id\":\"https:\\\/\\\/www.malinashop.lt\\\/lt_lt\\\/shop\\\/simply-when-citron-brightening-tone-up-vitaminu-c-praturtintos-lakstines-kaukes-1vnt\\\/#breadcrumb\"},\"inLanguage\":\"en-GB\",\"potentialAction\":[{\"@type\":\"ReadAction\",\"target\":[\"https:\\\/\\\/www.malinashop.lt\\\/lt_lt\\\/shop\\\/simply-when-citron-brightening-tone-up-vitaminu-c-praturtintos-lakstines-kaukes-1vnt\\\/\"]}]},{\"@type\":\"ImageObject\",\"inLanguage\":\"en-GB\",\"@id\":\"https:\\\/\\\/www.malinashop.lt\\\/lt_lt\\\/shop\\\/simply-when-citron-brightening-tone-up-vitaminu-c-praturtintos-lakstines-kaukes-1vnt\\\/#primaryimage\",\"url\":\"https:\\\/\\\/www.malinashop.lt\\\/wp-content\\\/uploads\\\/2025\\\/06\\\/Simply-When\u00ae-Citron-Brightening-Tone-Up-\u2013-vitaminu-C-praturtintos-lakstines-kaukes-1vnt.webp\",\"contentUrl\":\"https:\\\/\\\/www.malinashop.lt\\\/wp-content\\\/uploads\\\/2025\\\/06\\\/Simply-When\u00ae-Citron-Brightening-Tone-Up-\u2013-vitaminu-C-praturtintos-lakstines-kaukes-1vnt.webp\",\"width\":768,\"height\":768},{\"@type\":\"BreadcrumbList\",\"@id\":\"https:\\\/\\\/www.malinashop.lt\\\/lt_lt\\\/shop\\\/simply-when-citron-brightening-tone-up-vitaminu-c-praturtintos-lakstines-kaukes-1vnt\\\/#breadcrumb\",\"itemListElement\":[{\"@type\":\"ListItem\",\"position\":1,\"name\":\"Pagrindinis\",\"item\":\"https:\\\/\\\/www.malinashop.lt\\\/\"},{\"@type\":\"ListItem\",\"position\":2,\"name\":\"Parduotuv\u0117\",\"item\":\"https:\\\/\\\/www.malinashop.lt\\\/en\\\/parduotuve\\\/\"},{\"@type\":\"ListItem\",\"position\":3,\"name\":\"Simply When\u00ae Citron Brightening &amp; Tone Up \u2013 vitaminu C praturtintos lak\u0161tin\u0117s kauk\u0117s, 1vnt.\"}]},{\"@type\":\"WebSite\",\"@id\":\"https:\\\/\\\/www.malinashop.lt\\\/#website\",\"url\":\"https:\\\/\\\/www.malinashop.lt\\\/\",\"name\":\"COM Group Ecommerce\",\"description\":\"MalinaShop.lt - Gro\u017eio ir sveikatos produktai i\u0161 patikim\u0173 preki\u0173 \u017eenkl\u0173. Atraskite auk\u0161tos kokyb\u0117s kosmetik\u0105 u\u017e puiki\u0105 kain\u0105.\",\"publisher\":{\"@id\":\"https:\\\/\\\/www.malinashop.lt\\\/#organization\"},\"potentialAction\":[{\"@type\":\"SearchAction\",\"target\":{\"@type\":\"EntryPoint\",\"urlTemplate\":\"https:\\\/\\\/www.malinashop.lt\\\/?s={search_term_string}\"},\"query-input\":{\"@type\":\"PropertyValueSpecification\",\"valueRequired\":true,\"valueName\":\"search_term_string\"}}],\"inLanguage\":\"en-GB\"},{\"@type\":\"Organization\",\"@id\":\"https:\\\/\\\/www.malinashop.lt\\\/#organization\",\"name\":\"COM Group Ecommerce\",\"url\":\"https:\\\/\\\/www.malinashop.lt\\\/\",\"logo\":{\"@type\":\"ImageObject\",\"inLanguage\":\"en-GB\",\"@id\":\"https:\\\/\\\/www.malinashop.lt\\\/#\\\/schema\\\/logo\\\/image\\\/\",\"url\":\"https:\\\/\\\/www.malinashop.lt\\\/wp-content\\\/uploads\\\/2024\\\/08\\\/462559670_3787732518133670_9795632669273463_n-e1731525914575.png\",\"contentUrl\":\"https:\\\/\\\/www.malinashop.lt\\\/wp-content\\\/uploads\\\/2024\\\/08\\\/462559670_3787732518133670_9795632669273463_n-e1731525914575.png\",\"width\":180,\"height\":60,\"caption\":\"COM Group Ecommerce\"},\"image\":{\"@id\":\"https:\\\/\\\/www.malinashop.lt\\\/#\\\/schema\\\/logo\\\/image\\\/\"}}]}<\/script>\n<!-- \/ Yoast SEO plugin. -->","yoast_head_json":{"title":"Simply When\u00ae Citron Brightening &amp; Tone Up \u2013 vitaminu C praturtintos lak\u0161tin\u0117s kauk\u0117s, 1vnt. - MalinaShop.lt J\u016bs\u0173 sveikatai ir gro\u017eiui.","description":"Vegani\u0161kos veido kauk\u0117s su vitamino C esencija \u0161velniai \u0161viesina, intensyviai dr\u0117kina ir padeda suma\u017einti pigmentines d\u0117mes. Gaivina veido od\u0105, suteikia jai spindesio ir tolygesn\u012f atspalv\u012f. Pakuot\u0117je \u2013 10 lak\u0161tini\u0173 kauki\u0173.                              &nbsp; Vegani\u0161ka veido kauk\u0117 su citrusiniais ekstraktais ir vitaminu B3 \u2013 skaistina, dr\u0117kina ir tonizuoja od\u0105.","robots":{"index":"index","follow":"follow","max-snippet":"max-snippet:-1","max-image-preview":"max-image-preview:large","max-video-preview":"max-video-preview:-1"},"canonical":"https:\/\/www.malinashop.lt\/en\/shop\/simply-when-citron-brightening-tone-up-vitaminu-c-praturtintos-lakstines-kaukes-1vnt\/","og_locale":"en_GB","og_type":"article","og_title":"Simply When\u00ae Citron Brightening &amp; Tone Up \u2013 vitaminu C praturtintos lak\u0161tin\u0117s kauk\u0117s, 1vnt. - MalinaShop.lt J\u016bs\u0173 sveikatai ir gro\u017eiui.","og_description":"Vegani\u0161kos veido kauk\u0117s su vitamino C esencija \u0161velniai \u0161viesina, intensyviai dr\u0117kina ir padeda suma\u017einti pigmentines d\u0117mes. Gaivina veido od\u0105, suteikia jai spindesio ir tolygesn\u012f atspalv\u012f. Pakuot\u0117je \u2013 10 lak\u0161tini\u0173 kauki\u0173.                              &nbsp; Vegani\u0161ka veido kauk\u0117 su citrusiniais ekstraktais ir vitaminu B3 \u2013 skaistina, dr\u0117kina ir tonizuoja od\u0105.","og_url":"https:\/\/www.malinashop.lt\/en\/shop\/simply-when-citron-brightening-tone-up-vitaminu-c-praturtintos-lakstines-kaukes-1vnt\/","og_site_name":"MalinaShop.lt J\u016bs\u0173 sveikatai ir gro\u017eiui.","article_modified_time":"2026-04-07T21:49:53+00:00","og_image":[{"width":768,"height":768,"url":"https:\/\/www.malinashop.lt\/wp-content\/uploads\/2025\/06\/Simply-When\u00ae-Citron-Brightening-Tone-Up-\u2013-vitaminu-C-praturtintos-lakstines-kaukes-1vnt.webp","type":"image\/webp"}],"twitter_card":"summary_large_image","schema":{"@context":"https:\/\/schema.org","@graph":[{"@type":"WebPage","@id":"https:\/\/www.malinashop.lt\/lt_lt\/shop\/simply-when-citron-brightening-tone-up-vitaminu-c-praturtintos-lakstines-kaukes-1vnt\/","url":"https:\/\/www.malinashop.lt\/lt_lt\/shop\/simply-when-citron-brightening-tone-up-vitaminu-c-praturtintos-lakstines-kaukes-1vnt\/","name":"Simply When\u00ae Citron Brightening &amp; Tone Up \u2013 vitaminu C praturtintos lak\u0161tin\u0117s kauk\u0117s, 1vnt. - MalinaShop.lt J\u016bs\u0173 sveikatai ir gro\u017eiui.","isPartOf":{"@id":"https:\/\/www.malinashop.lt\/#website"},"primaryImageOfPage":{"@id":"https:\/\/www.malinashop.lt\/lt_lt\/shop\/simply-when-citron-brightening-tone-up-vitaminu-c-praturtintos-lakstines-kaukes-1vnt\/#primaryimage"},"image":{"@id":"https:\/\/www.malinashop.lt\/lt_lt\/shop\/simply-when-citron-brightening-tone-up-vitaminu-c-praturtintos-lakstines-kaukes-1vnt\/#primaryimage"},"thumbnailUrl":"https:\/\/www.malinashop.lt\/wp-content\/uploads\/2025\/06\/Simply-When\u00ae-Citron-Brightening-Tone-Up-\u2013-vitaminu-C-praturtintos-lakstines-kaukes-1vnt.webp","datePublished":"2025-09-24T17:51:36+00:00","dateModified":"2026-04-07T21:49:53+00:00","description":"Vegani\u0161kos veido kauk\u0117s su vitamino C esencija \u0161velniai \u0161viesina, intensyviai dr\u0117kina ir padeda suma\u017einti pigmentines d\u0117mes. Gaivina veido od\u0105, suteikia jai spindesio ir tolygesn\u012f atspalv\u012f. Pakuot\u0117je \u2013 10 lak\u0161tini\u0173 kauki\u0173. &nbsp; Vegani\u0161ka veido kauk\u0117 su citrusiniais ekstraktais ir vitaminu B3 \u2013 skaistina, dr\u0117kina ir tonizuoja od\u0105.","breadcrumb":{"@id":"https:\/\/www.malinashop.lt\/lt_lt\/shop\/simply-when-citron-brightening-tone-up-vitaminu-c-praturtintos-lakstines-kaukes-1vnt\/#breadcrumb"},"inLanguage":"en-GB","potentialAction":[{"@type":"ReadAction","target":["https:\/\/www.malinashop.lt\/lt_lt\/shop\/simply-when-citron-brightening-tone-up-vitaminu-c-praturtintos-lakstines-kaukes-1vnt\/"]}]},{"@type":"ImageObject","inLanguage":"en-GB","@id":"https:\/\/www.malinashop.lt\/lt_lt\/shop\/simply-when-citron-brightening-tone-up-vitaminu-c-praturtintos-lakstines-kaukes-1vnt\/#primaryimage","url":"https:\/\/www.malinashop.lt\/wp-content\/uploads\/2025\/06\/Simply-When\u00ae-Citron-Brightening-Tone-Up-\u2013-vitaminu-C-praturtintos-lakstines-kaukes-1vnt.webp","contentUrl":"https:\/\/www.malinashop.lt\/wp-content\/uploads\/2025\/06\/Simply-When\u00ae-Citron-Brightening-Tone-Up-\u2013-vitaminu-C-praturtintos-lakstines-kaukes-1vnt.webp","width":768,"height":768},{"@type":"BreadcrumbList","@id":"https:\/\/www.malinashop.lt\/lt_lt\/shop\/simply-when-citron-brightening-tone-up-vitaminu-c-praturtintos-lakstines-kaukes-1vnt\/#breadcrumb","itemListElement":[{"@type":"ListItem","position":1,"name":"Pagrindinis","item":"https:\/\/www.malinashop.lt\/"},{"@type":"ListItem","position":2,"name":"Parduotuv\u0117","item":"https:\/\/www.malinashop.lt\/en\/parduotuve\/"},{"@type":"ListItem","position":3,"name":"Simply When\u00ae Citron Brightening &amp; Tone Up \u2013 vitaminu C praturtintos lak\u0161tin\u0117s kauk\u0117s, 1vnt."}]},{"@type":"WebSite","@id":"https:\/\/www.malinashop.lt\/#website","url":"https:\/\/www.malinashop.lt\/","name":"COM Group Ecommerce","description":"MalinaShop.lt - Gro\u017eio ir sveikatos produktai i\u0161 patikim\u0173 preki\u0173 \u017eenkl\u0173. Atraskite auk\u0161tos kokyb\u0117s kosmetik\u0105 u\u017e puiki\u0105 kain\u0105.","publisher":{"@id":"https:\/\/www.malinashop.lt\/#organization"},"potentialAction":[{"@type":"SearchAction","target":{"@type":"EntryPoint","urlTemplate":"https:\/\/www.malinashop.lt\/?s={search_term_string}"},"query-input":{"@type":"PropertyValueSpecification","valueRequired":true,"valueName":"search_term_string"}}],"inLanguage":"en-GB"},{"@type":"Organization","@id":"https:\/\/www.malinashop.lt\/#organization","name":"COM Group Ecommerce","url":"https:\/\/www.malinashop.lt\/","logo":{"@type":"ImageObject","inLanguage":"en-GB","@id":"https:\/\/www.malinashop.lt\/#\/schema\/logo\/image\/","url":"https:\/\/www.malinashop.lt\/wp-content\/uploads\/2024\/08\/462559670_3787732518133670_9795632669273463_n-e1731525914575.png","contentUrl":"https:\/\/www.malinashop.lt\/wp-content\/uploads\/2024\/08\/462559670_3787732518133670_9795632669273463_n-e1731525914575.png","width":180,"height":60,"caption":"COM Group Ecommerce"},"image":{"@id":"https:\/\/www.malinashop.lt\/#\/schema\/logo\/image\/"}}]}},"jetpack_sharing_enabled":true,"_links":{"self":[{"href":"https:\/\/www.malinashop.lt\/en\/wp-json\/wp\/v2\/product\/56804","targetHints":{"allow":["GET"]}}],"collection":[{"href":"https:\/\/www.malinashop.lt\/en\/wp-json\/wp\/v2\/product"}],"about":[{"href":"https:\/\/www.malinashop.lt\/en\/wp-json\/wp\/v2\/types\/product"}],"version-history":[{"count":2,"href":"https:\/\/www.malinashop.lt\/en\/wp-json\/wp\/v2\/product\/56804\/revisions"}],"predecessor-version":[{"id":57956,"href":"https:\/\/www.malinashop.lt\/en\/wp-json\/wp\/v2\/product\/56804\/revisions\/57956"}],"wp:featuredmedia":[{"embeddable":true,"href":"https:\/\/www.malinashop.lt\/en\/wp-json\/wp\/v2\/media\/56806"}],"wp:attachment":[{"href":"https:\/\/www.malinashop.lt\/en\/wp-json\/wp\/v2\/media?parent=56804"}],"wp:term":[{"taxonomy":"product_brand","embeddable":true,"href":"https:\/\/www.malinashop.lt\/en\/wp-json\/wp\/v2\/product_brand?post=56804"},{"taxonomy":"product_cat","embeddable":true,"href":"https:\/\/www.malinashop.lt\/en\/wp-json\/wp\/v2\/product_cat?post=56804"},{"taxonomy":"product_tag","embeddable":true,"href":"https:\/\/www.malinashop.lt\/en\/wp-json\/wp\/v2\/product_tag?post=56804"}],"curies":[{"name":"wp","href":"https:\/\/api.w.org\/{rel}","templated":true}]}}