{"id":56747,"date":"2025-06-15T19:54:59","date_gmt":"2025-06-15T16:54:59","guid":{"rendered":"https:\/\/malinashop.lt\/?post_type=product&#038;p=56747"},"modified":"2026-02-10T11:50:07","modified_gmt":"2026-02-10T08:50:07","slug":"arocell-super-shot-coltra-ampoule-7x-intensyvi-veido-ampule-30ml","status":"publish","type":"product","link":"https:\/\/www.malinashop.lt\/en\/shop\/arocell-super-shot-coltra-ampoule-7x-intensyvi-veido-ampule-30ml\/","title":{"rendered":"Arocell Super Shot Coltra Ampoule 7x \u2013 intensyvi veido ampul\u0117, 30ml"},"content":{"rendered":"<p data-start=\"206\" data-end=\"249\"><strong data-start=\"206\" data-end=\"249\">Prek\u0117s i\u0161siuntimas per 2\u20134 darbo dienas<\/strong><\/p>\n<p data-start=\"251\" data-end=\"317\"><strong data-start=\"251\" data-end=\"317\">Veido ampul\u0117 su mikro-adat\u0117l\u0117mis, kolagenu ir peptidais, 30 ml<\/strong><\/p>\n<p data-start=\"319\" data-end=\"704\">Auk\u0161tos koncentracijos Arocell veido ampul\u0117 \u2013 tai naujos kartos odos prie\u017ei\u016bros priemon\u0117, sukurta efektyviam <strong data-start=\"428\" data-end=\"450\">rauk\u0161li\u0173 ma\u017einimui<\/strong>, <strong data-start=\"452\" data-end=\"477\">elastingumo atk\u016brimui<\/strong> ir <strong data-start=\"481\" data-end=\"495\">dr\u0117kinimui<\/strong>. Ampul\u0117 pasi\u017eymi inovatyvia <strong data-start=\"524\" data-end=\"553\">mikro-adat\u0117li\u0173 (spicules)<\/strong> technologija \u2013 \u0161ios mikroskopin\u0117s dalel\u0117s, gaunamos i\u0161 kempini\u0173, padeda veikliosioms med\u017eiagoms prasiskverbti giliau \u012f od\u0105 ir padidinti j\u0173 efektyvum\u0105.<\/p>\n<hr data-start=\"706\" data-end=\"709\" \/>\n<h3 data-start=\"711\" data-end=\"746\">\ud83c\udf3f <strong data-start=\"718\" data-end=\"746\">Pagrindiniai privalumai:<\/strong><\/h3>\n<ul data-start=\"748\" data-end=\"1242\">\n<li data-start=\"748\" data-end=\"840\">\n<p data-start=\"750\" data-end=\"840\"><strong data-start=\"750\" data-end=\"777\">700 000 mikro-adat\u0117li\u0173:<\/strong> skatina odos regeneracij\u0105, padidina ingredient\u0173 \u012fsisavinim\u0105.<\/p>\n<\/li>\n<li data-start=\"841\" data-end=\"939\">\n<p data-start=\"843\" data-end=\"939\"><strong data-start=\"843\" data-end=\"864\">7 tip\u0173 kolagenas:<\/strong> atelokolagenas, \u201ebaby collagen\u201c, amino r\u016bg\u0161tys ir kt. atkuria stangrum\u0105.<\/p>\n<\/li>\n<li data-start=\"940\" data-end=\"1020\">\n<p data-start=\"942\" data-end=\"1020\"><strong data-start=\"942\" data-end=\"968\">Egzosomos ir peptidai:<\/strong> palaiko l\u0105steli\u0173 atsinaujinim\u0105 ir odos strukt\u016br\u0105.<\/p>\n<\/li>\n<li data-start=\"1021\" data-end=\"1149\">\n<p data-start=\"1023\" data-end=\"1149\"><strong data-start=\"1023\" data-end=\"1054\">Dr\u0117kinimas ir skaistinimas:<\/strong> hialurono r\u016bg\u0161tis, niacinamidas ir fermentuoti ekstraktai giliai dr\u0117kina, tolygina atspalv\u012f.<\/p>\n<\/li>\n<li data-start=\"1150\" data-end=\"1242\">\n<p data-start=\"1152\" data-end=\"1242\"><strong data-start=\"1152\" data-end=\"1182\">Tinka visiems odos tipams:<\/strong> ypa\u010d naudinga brand\u017eiai, pavargusiai ar dehidratuotai odai.<\/p>\n<\/li>\n<\/ul>\n<hr data-start=\"1244\" data-end=\"1247\" \/>\n<h3 data-start=\"1249\" data-end=\"1271\"><strong data-start=\"1256\" data-end=\"1271\">Naudojimas:<\/strong><\/h3>\n<p data-start=\"1273\" data-end=\"1732\"><strong data-start=\"1273\" data-end=\"1292\">1. Aktyvavimas:<\/strong> Pirm\u0105 kart\u0105 naudojant \u2013 stipriai spustel\u0117kite pomp\u0105, kad veiklioji pudra patekt\u0173 \u012f skyst\u012f.<br data-start=\"1383\" data-end=\"1386\" \/><strong data-start=\"1386\" data-end=\"1404\">2. Sumai\u0161ymas:<\/strong> Kruop\u0161\u010diai suplakite buteliuk\u0105.<br data-start=\"1436\" data-end=\"1439\" \/><strong data-start=\"1439\" data-end=\"1459\">3. Paskirstymas:<\/strong> U\u017ela\u0161inkite 2\u20134 la\u0161us ant veido, kaklo ir dekolt\u0117 zonos. \u0160velniai \u012ftap\u0161nokite \u2013 netrinkite d\u0117l mikro-adat\u0117li\u0173!<br data-start=\"1570\" data-end=\"1573\" \/><strong data-start=\"1573\" data-end=\"1590\">4. U\u017ebaikite:<\/strong> T\u0119skite \u012fprast\u0105 odos prie\u017ei\u016bros rutin\u0105.<br data-start=\"1630\" data-end=\"1633\" \/><strong data-start=\"1633\" data-end=\"1649\">5. Da\u017enumas:<\/strong> Naudokite ryte ir vakare. Jautriai odai \u2013 prad\u0117kite nuo naudojimo kas antr\u0105 dien\u0105.<\/p>\n<hr data-start=\"1734\" data-end=\"1737\" \/>\n<h3 data-start=\"1739\" data-end=\"1760\">\u26a0\ufe0f <strong data-start=\"1746\" data-end=\"1760\">\u012esp\u0117jimai:<\/strong><\/h3>\n<ul data-start=\"1762\" data-end=\"2033\">\n<li data-start=\"1762\" data-end=\"1791\">\n<p data-start=\"1764\" data-end=\"1791\">Tik i\u0161oriniam naudojimui.<\/p>\n<\/li>\n<li data-start=\"1792\" data-end=\"1851\">\n<p data-start=\"1794\" data-end=\"1851\">Nenaudokite ant pa\u017eeistos ar stipriai sudirgusios odos.<\/p>\n<\/li>\n<li data-start=\"1852\" data-end=\"1957\">\n<p data-start=\"1854\" data-end=\"1957\">Jei atsiranda patinimas, paraudimas ar dirginimas \u2013 nutraukite naudojim\u0105 ir kreipkit\u0117s \u012f specialist\u0105.<\/p>\n<\/li>\n<li data-start=\"1958\" data-end=\"2033\">\n<p data-start=\"1960\" data-end=\"2033\">Laikykite vaikams nepasiekiamoje vietoje. Saugokite nuo saul\u0117s spinduli\u0173.<\/p>\n<\/li>\n<\/ul>\n<hr data-start=\"2035\" data-end=\"2038\" \/>\n<h3 data-start=\"2040\" data-end=\"2066\"><strong data-start=\"2047\" data-end=\"2066\">Sud\u0117tis (INCI):<\/strong><\/h3>\n<p data-start=\"2068\" data-end=\"3274\">Purified Water, Glycerin, Dipropylene Glycol, Butylene Glycol, Niacinamide, Propanediol, 1,2-Hexanediol, Hydrangea Leaf Extract, Hydroxyacetophenone, Carbomer, Hydrolyzed Sponge, Glyceryl Stearate SE, Tromethamine, Hydrolyzed Collagen, Atelocollagen, Collagen Extract, Collagen, Collagen Amino Acids, Water-Soluble Collagen, Rosin Hydrolyzed Collagen, Water-Soluble Collagen Crosspolymer, Panthenol, Ceramide NP, Beta-Glucan, Snail Secretion Filtrate, Ethylhexylglycerin, Xanthan Gum, Hydrolyzed Gardenia Extract, Hydrolyzed Malt Extract, Adenosine, Hydrolyzed Viola Tricolor Extract, Disodium EDTA, Sodium Polyacrylate, Sodium Hyaluronate, Hydrolyzed Hyaluronic Acid, Hyaluronic Acid, Caprylic\/Capric Triglyceride, Hydroxypropyltrimonium Hyaluronate, Hydrogenated Lecithin, Acetyl Hexapeptide-8, Copper Tripeptide-1, Dipeptide Diaminobutyroyl Benzylamide Diacetate, Hexapeptide-9, Nonapeptide-1, Palmitoyl Pentapeptide-4, Palmitoyl Tetrapeptide-7, Palmitoyl Tripeptide-5, Palmitoyl Hexapeptide-12, Palmitoyl Tripeptide-1, Pentapeptide-3, Sodium Acetylated Hyaluronate, Tripeptide-1, Potassium Coco Hydrolyzed Collagen, Hydrolyzed Sodium Hyaluronate, Sodium Hyaluronate Crosspolymer, Potassium Hyaluronate.<\/p>\n<p data-start=\"3276\" data-end=\"3362\"><em data-start=\"3276\" data-end=\"3362\">Pastaba: sud\u0117tis gali b\u016bti kei\u010diama. Visuomet vadovaukit\u0117s informacija ant pakuot\u0117s.<\/em><\/p>\n","protected":false},"excerpt":{"rendered":"<p data-start=\"88\" data-end=\"204\">Pa\u017eangios sud\u0117ties kor\u0117jieti\u0161ka ampul\u0117, skirta intensyviai odos atjauninimo ir sen\u0117jimo po\u017eymi\u0173 ma\u017einimo prie\u017ei\u016brai.<\/p>\n","protected":false},"featured_media":56750,"template":"","meta":[],"product_brand":[1347],"product_cat":[827,550,728],"product_tag":[1590],"class_list":{"0":"post-56747","1":"product","2":"type-product","3":"status-publish","4":"has-post-thumbnail","6":"product_brand-arocell","7":"product_cat-veido-prieziuros-priemoniu-rinkiniai","8":"product_cat-veido-serumai","9":"product_cat-veidui","10":"product_tag-arocell","12":"first","13":"outofstock","14":"sale","15":"taxable","16":"shipping-taxable","17":"purchasable","18":"product-type-simple"},"yoast_head":"<!-- This site is optimized with the Yoast SEO plugin v27.4 - https:\/\/yoast.com\/product\/yoast-seo-wordpress\/ -->\n<title>Arocell Super Shot Coltra Ampoule 7x \u2013 intensyvi veido ampul\u0117, 30ml - MalinaShop.lt J\u016bs\u0173 sveikatai ir gro\u017eiui.<\/title>\n<meta name=\"description\" content=\"Pa\u017eangios sud\u0117ties kor\u0117jieti\u0161ka ampul\u0117, skirta intensyviai odos atjauninimo ir sen\u0117jimo po\u017eymi\u0173 ma\u017einimo prie\u017ei\u016brai. Ampul\u0117 su mikro-adat\u0117l\u0117mis ir 7 kolagenais \u2013 stangrina, dr\u0117kina, ma\u017eina rauk\u0161les ir atkuria odos spindes\u012f.\" \/>\n<meta name=\"robots\" content=\"index, follow, max-snippet:-1, max-image-preview:large, max-video-preview:-1\" \/>\n<link rel=\"canonical\" href=\"https:\/\/www.malinashop.lt\/en\/shop\/arocell-super-shot-coltra-ampoule-7x-intensyvi-veido-ampule-30ml\/\" \/>\n<meta property=\"og:locale\" content=\"en_GB\" \/>\n<meta property=\"og:type\" content=\"article\" \/>\n<meta property=\"og:title\" content=\"Arocell Super Shot Coltra Ampoule 7x \u2013 intensyvi veido ampul\u0117, 30ml - MalinaShop.lt J\u016bs\u0173 sveikatai ir gro\u017eiui.\" \/>\n<meta property=\"og:description\" content=\"Pa\u017eangios sud\u0117ties kor\u0117jieti\u0161ka ampul\u0117, skirta intensyviai odos atjauninimo ir sen\u0117jimo po\u017eymi\u0173 ma\u017einimo prie\u017ei\u016brai. Ampul\u0117 su mikro-adat\u0117l\u0117mis ir 7 kolagenais \u2013 stangrina, dr\u0117kina, ma\u017eina rauk\u0161les ir atkuria odos spindes\u012f.\" \/>\n<meta property=\"og:url\" content=\"https:\/\/www.malinashop.lt\/en\/shop\/arocell-super-shot-coltra-ampoule-7x-intensyvi-veido-ampule-30ml\/\" \/>\n<meta property=\"og:site_name\" content=\"MalinaShop.lt J\u016bs\u0173 sveikatai ir gro\u017eiui.\" \/>\n<meta property=\"article:modified_time\" content=\"2026-02-10T08:50:07+00:00\" \/>\n<meta property=\"og:image\" content=\"https:\/\/www.malinashop.lt\/wp-content\/uploads\/2025\/06\/Arocell-Super-Shot-Coltra-Ampoule-7x-\u2013-intensyvi-veido-ampule-30ml.webp\" \/>\n\t<meta property=\"og:image:width\" content=\"768\" \/>\n\t<meta property=\"og:image:height\" content=\"768\" \/>\n\t<meta property=\"og:image:type\" content=\"image\/webp\" \/>\n<meta name=\"twitter:card\" content=\"summary_large_image\" \/>\n<script type=\"application\/ld+json\" class=\"yoast-schema-graph\">{\"@context\":\"https:\\\/\\\/schema.org\",\"@graph\":[{\"@type\":\"WebPage\",\"@id\":\"https:\\\/\\\/www.malinashop.lt\\\/en\\\/shop\\\/arocell-super-shot-coltra-ampoule-7x-intensyvi-veido-ampule-30ml\\\/\",\"url\":\"https:\\\/\\\/www.malinashop.lt\\\/en\\\/shop\\\/arocell-super-shot-coltra-ampoule-7x-intensyvi-veido-ampule-30ml\\\/\",\"name\":\"Arocell Super Shot Coltra Ampoule 7x \u2013 intensyvi veido ampul\u0117, 30ml - MalinaShop.lt J\u016bs\u0173 sveikatai ir gro\u017eiui.\",\"isPartOf\":{\"@id\":\"https:\\\/\\\/www.malinashop.lt\\\/#website\"},\"primaryImageOfPage\":{\"@id\":\"https:\\\/\\\/www.malinashop.lt\\\/en\\\/shop\\\/arocell-super-shot-coltra-ampoule-7x-intensyvi-veido-ampule-30ml\\\/#primaryimage\"},\"image\":{\"@id\":\"https:\\\/\\\/www.malinashop.lt\\\/en\\\/shop\\\/arocell-super-shot-coltra-ampoule-7x-intensyvi-veido-ampule-30ml\\\/#primaryimage\"},\"thumbnailUrl\":\"https:\\\/\\\/www.malinashop.lt\\\/wp-content\\\/uploads\\\/2025\\\/06\\\/Arocell-Super-Shot-Coltra-Ampoule-7x-\u2013-intensyvi-veido-ampule-30ml.webp\",\"datePublished\":\"2025-06-15T16:54:59+00:00\",\"dateModified\":\"2026-02-10T08:50:07+00:00\",\"description\":\"Pa\u017eangios sud\u0117ties kor\u0117jieti\u0161ka ampul\u0117, skirta intensyviai odos atjauninimo ir sen\u0117jimo po\u017eymi\u0173 ma\u017einimo prie\u017ei\u016brai. Ampul\u0117 su mikro-adat\u0117l\u0117mis ir 7 kolagenais \u2013 stangrina, dr\u0117kina, ma\u017eina rauk\u0161les ir atkuria odos spindes\u012f.\",\"breadcrumb\":{\"@id\":\"https:\\\/\\\/www.malinashop.lt\\\/en\\\/shop\\\/arocell-super-shot-coltra-ampoule-7x-intensyvi-veido-ampule-30ml\\\/#breadcrumb\"},\"inLanguage\":\"en-GB\",\"potentialAction\":[{\"@type\":\"ReadAction\",\"target\":[\"https:\\\/\\\/www.malinashop.lt\\\/en\\\/shop\\\/arocell-super-shot-coltra-ampoule-7x-intensyvi-veido-ampule-30ml\\\/\"]}]},{\"@type\":\"ImageObject\",\"inLanguage\":\"en-GB\",\"@id\":\"https:\\\/\\\/www.malinashop.lt\\\/en\\\/shop\\\/arocell-super-shot-coltra-ampoule-7x-intensyvi-veido-ampule-30ml\\\/#primaryimage\",\"url\":\"https:\\\/\\\/www.malinashop.lt\\\/wp-content\\\/uploads\\\/2025\\\/06\\\/Arocell-Super-Shot-Coltra-Ampoule-7x-\u2013-intensyvi-veido-ampule-30ml.webp\",\"contentUrl\":\"https:\\\/\\\/www.malinashop.lt\\\/wp-content\\\/uploads\\\/2025\\\/06\\\/Arocell-Super-Shot-Coltra-Ampoule-7x-\u2013-intensyvi-veido-ampule-30ml.webp\",\"width\":768,\"height\":768},{\"@type\":\"BreadcrumbList\",\"@id\":\"https:\\\/\\\/www.malinashop.lt\\\/en\\\/shop\\\/arocell-super-shot-coltra-ampoule-7x-intensyvi-veido-ampule-30ml\\\/#breadcrumb\",\"itemListElement\":[{\"@type\":\"ListItem\",\"position\":1,\"name\":\"Pagrindinis\",\"item\":\"https:\\\/\\\/www.malinashop.lt\\\/\"},{\"@type\":\"ListItem\",\"position\":2,\"name\":\"Parduotuv\u0117\",\"item\":\"https:\\\/\\\/www.malinashop.lt\\\/en\\\/parduotuve\\\/\"},{\"@type\":\"ListItem\",\"position\":3,\"name\":\"Arocell Super Shot Coltra Ampoule 7x \u2013 intensyvi veido ampul\u0117, 30ml\"}]},{\"@type\":\"WebSite\",\"@id\":\"https:\\\/\\\/www.malinashop.lt\\\/#website\",\"url\":\"https:\\\/\\\/www.malinashop.lt\\\/\",\"name\":\"COM Group Ecommerce\",\"description\":\"MalinaShop.lt - Gro\u017eio ir sveikatos produktai i\u0161 patikim\u0173 preki\u0173 \u017eenkl\u0173. Atraskite auk\u0161tos kokyb\u0117s kosmetik\u0105 u\u017e puiki\u0105 kain\u0105.\",\"publisher\":{\"@id\":\"https:\\\/\\\/www.malinashop.lt\\\/#organization\"},\"potentialAction\":[{\"@type\":\"SearchAction\",\"target\":{\"@type\":\"EntryPoint\",\"urlTemplate\":\"https:\\\/\\\/www.malinashop.lt\\\/?s={search_term_string}\"},\"query-input\":{\"@type\":\"PropertyValueSpecification\",\"valueRequired\":true,\"valueName\":\"search_term_string\"}}],\"inLanguage\":\"en-GB\"},{\"@type\":\"Organization\",\"@id\":\"https:\\\/\\\/www.malinashop.lt\\\/#organization\",\"name\":\"COM Group Ecommerce\",\"url\":\"https:\\\/\\\/www.malinashop.lt\\\/\",\"logo\":{\"@type\":\"ImageObject\",\"inLanguage\":\"en-GB\",\"@id\":\"https:\\\/\\\/www.malinashop.lt\\\/#\\\/schema\\\/logo\\\/image\\\/\",\"url\":\"https:\\\/\\\/www.malinashop.lt\\\/wp-content\\\/uploads\\\/2024\\\/08\\\/462559670_3787732518133670_9795632669273463_n-e1731525914575.png\",\"contentUrl\":\"https:\\\/\\\/www.malinashop.lt\\\/wp-content\\\/uploads\\\/2024\\\/08\\\/462559670_3787732518133670_9795632669273463_n-e1731525914575.png\",\"width\":180,\"height\":60,\"caption\":\"COM Group Ecommerce\"},\"image\":{\"@id\":\"https:\\\/\\\/www.malinashop.lt\\\/#\\\/schema\\\/logo\\\/image\\\/\"}}]}<\/script>\n<!-- \/ Yoast SEO plugin. -->","yoast_head_json":{"title":"Arocell Super Shot Coltra Ampoule 7x \u2013 intensyvi veido ampul\u0117, 30ml - MalinaShop.lt J\u016bs\u0173 sveikatai ir gro\u017eiui.","description":"Pa\u017eangios sud\u0117ties kor\u0117jieti\u0161ka ampul\u0117, skirta intensyviai odos atjauninimo ir sen\u0117jimo po\u017eymi\u0173 ma\u017einimo prie\u017ei\u016brai. Ampul\u0117 su mikro-adat\u0117l\u0117mis ir 7 kolagenais \u2013 stangrina, dr\u0117kina, ma\u017eina rauk\u0161les ir atkuria odos spindes\u012f.","robots":{"index":"index","follow":"follow","max-snippet":"max-snippet:-1","max-image-preview":"max-image-preview:large","max-video-preview":"max-video-preview:-1"},"canonical":"https:\/\/www.malinashop.lt\/en\/shop\/arocell-super-shot-coltra-ampoule-7x-intensyvi-veido-ampule-30ml\/","og_locale":"en_GB","og_type":"article","og_title":"Arocell Super Shot Coltra Ampoule 7x \u2013 intensyvi veido ampul\u0117, 30ml - MalinaShop.lt J\u016bs\u0173 sveikatai ir gro\u017eiui.","og_description":"Pa\u017eangios sud\u0117ties kor\u0117jieti\u0161ka ampul\u0117, skirta intensyviai odos atjauninimo ir sen\u0117jimo po\u017eymi\u0173 ma\u017einimo prie\u017ei\u016brai. Ampul\u0117 su mikro-adat\u0117l\u0117mis ir 7 kolagenais \u2013 stangrina, dr\u0117kina, ma\u017eina rauk\u0161les ir atkuria odos spindes\u012f.","og_url":"https:\/\/www.malinashop.lt\/en\/shop\/arocell-super-shot-coltra-ampoule-7x-intensyvi-veido-ampule-30ml\/","og_site_name":"MalinaShop.lt J\u016bs\u0173 sveikatai ir gro\u017eiui.","article_modified_time":"2026-02-10T08:50:07+00:00","og_image":[{"width":768,"height":768,"url":"https:\/\/www.malinashop.lt\/wp-content\/uploads\/2025\/06\/Arocell-Super-Shot-Coltra-Ampoule-7x-\u2013-intensyvi-veido-ampule-30ml.webp","type":"image\/webp"}],"twitter_card":"summary_large_image","schema":{"@context":"https:\/\/schema.org","@graph":[{"@type":"WebPage","@id":"https:\/\/www.malinashop.lt\/en\/shop\/arocell-super-shot-coltra-ampoule-7x-intensyvi-veido-ampule-30ml\/","url":"https:\/\/www.malinashop.lt\/en\/shop\/arocell-super-shot-coltra-ampoule-7x-intensyvi-veido-ampule-30ml\/","name":"Arocell Super Shot Coltra Ampoule 7x \u2013 intensyvi veido ampul\u0117, 30ml - MalinaShop.lt J\u016bs\u0173 sveikatai ir gro\u017eiui.","isPartOf":{"@id":"https:\/\/www.malinashop.lt\/#website"},"primaryImageOfPage":{"@id":"https:\/\/www.malinashop.lt\/en\/shop\/arocell-super-shot-coltra-ampoule-7x-intensyvi-veido-ampule-30ml\/#primaryimage"},"image":{"@id":"https:\/\/www.malinashop.lt\/en\/shop\/arocell-super-shot-coltra-ampoule-7x-intensyvi-veido-ampule-30ml\/#primaryimage"},"thumbnailUrl":"https:\/\/www.malinashop.lt\/wp-content\/uploads\/2025\/06\/Arocell-Super-Shot-Coltra-Ampoule-7x-\u2013-intensyvi-veido-ampule-30ml.webp","datePublished":"2025-06-15T16:54:59+00:00","dateModified":"2026-02-10T08:50:07+00:00","description":"Pa\u017eangios sud\u0117ties kor\u0117jieti\u0161ka ampul\u0117, skirta intensyviai odos atjauninimo ir sen\u0117jimo po\u017eymi\u0173 ma\u017einimo prie\u017ei\u016brai. Ampul\u0117 su mikro-adat\u0117l\u0117mis ir 7 kolagenais \u2013 stangrina, dr\u0117kina, ma\u017eina rauk\u0161les ir atkuria odos spindes\u012f.","breadcrumb":{"@id":"https:\/\/www.malinashop.lt\/en\/shop\/arocell-super-shot-coltra-ampoule-7x-intensyvi-veido-ampule-30ml\/#breadcrumb"},"inLanguage":"en-GB","potentialAction":[{"@type":"ReadAction","target":["https:\/\/www.malinashop.lt\/en\/shop\/arocell-super-shot-coltra-ampoule-7x-intensyvi-veido-ampule-30ml\/"]}]},{"@type":"ImageObject","inLanguage":"en-GB","@id":"https:\/\/www.malinashop.lt\/en\/shop\/arocell-super-shot-coltra-ampoule-7x-intensyvi-veido-ampule-30ml\/#primaryimage","url":"https:\/\/www.malinashop.lt\/wp-content\/uploads\/2025\/06\/Arocell-Super-Shot-Coltra-Ampoule-7x-\u2013-intensyvi-veido-ampule-30ml.webp","contentUrl":"https:\/\/www.malinashop.lt\/wp-content\/uploads\/2025\/06\/Arocell-Super-Shot-Coltra-Ampoule-7x-\u2013-intensyvi-veido-ampule-30ml.webp","width":768,"height":768},{"@type":"BreadcrumbList","@id":"https:\/\/www.malinashop.lt\/en\/shop\/arocell-super-shot-coltra-ampoule-7x-intensyvi-veido-ampule-30ml\/#breadcrumb","itemListElement":[{"@type":"ListItem","position":1,"name":"Pagrindinis","item":"https:\/\/www.malinashop.lt\/"},{"@type":"ListItem","position":2,"name":"Parduotuv\u0117","item":"https:\/\/www.malinashop.lt\/en\/parduotuve\/"},{"@type":"ListItem","position":3,"name":"Arocell Super Shot Coltra Ampoule 7x \u2013 intensyvi veido ampul\u0117, 30ml"}]},{"@type":"WebSite","@id":"https:\/\/www.malinashop.lt\/#website","url":"https:\/\/www.malinashop.lt\/","name":"COM Group Ecommerce","description":"MalinaShop.lt - Gro\u017eio ir sveikatos produktai i\u0161 patikim\u0173 preki\u0173 \u017eenkl\u0173. Atraskite auk\u0161tos kokyb\u0117s kosmetik\u0105 u\u017e puiki\u0105 kain\u0105.","publisher":{"@id":"https:\/\/www.malinashop.lt\/#organization"},"potentialAction":[{"@type":"SearchAction","target":{"@type":"EntryPoint","urlTemplate":"https:\/\/www.malinashop.lt\/?s={search_term_string}"},"query-input":{"@type":"PropertyValueSpecification","valueRequired":true,"valueName":"search_term_string"}}],"inLanguage":"en-GB"},{"@type":"Organization","@id":"https:\/\/www.malinashop.lt\/#organization","name":"COM Group Ecommerce","url":"https:\/\/www.malinashop.lt\/","logo":{"@type":"ImageObject","inLanguage":"en-GB","@id":"https:\/\/www.malinashop.lt\/#\/schema\/logo\/image\/","url":"https:\/\/www.malinashop.lt\/wp-content\/uploads\/2024\/08\/462559670_3787732518133670_9795632669273463_n-e1731525914575.png","contentUrl":"https:\/\/www.malinashop.lt\/wp-content\/uploads\/2024\/08\/462559670_3787732518133670_9795632669273463_n-e1731525914575.png","width":180,"height":60,"caption":"COM Group Ecommerce"},"image":{"@id":"https:\/\/www.malinashop.lt\/#\/schema\/logo\/image\/"}}]}},"jetpack_sharing_enabled":true,"_links":{"self":[{"href":"https:\/\/www.malinashop.lt\/en\/wp-json\/wp\/v2\/product\/56747","targetHints":{"allow":["GET"]}}],"collection":[{"href":"https:\/\/www.malinashop.lt\/en\/wp-json\/wp\/v2\/product"}],"about":[{"href":"https:\/\/www.malinashop.lt\/en\/wp-json\/wp\/v2\/types\/product"}],"version-history":[{"count":2,"href":"https:\/\/www.malinashop.lt\/en\/wp-json\/wp\/v2\/product\/56747\/revisions"}],"predecessor-version":[{"id":60225,"href":"https:\/\/www.malinashop.lt\/en\/wp-json\/wp\/v2\/product\/56747\/revisions\/60225"}],"wp:featuredmedia":[{"embeddable":true,"href":"https:\/\/www.malinashop.lt\/en\/wp-json\/wp\/v2\/media\/56750"}],"wp:attachment":[{"href":"https:\/\/www.malinashop.lt\/en\/wp-json\/wp\/v2\/media?parent=56747"}],"wp:term":[{"taxonomy":"product_brand","embeddable":true,"href":"https:\/\/www.malinashop.lt\/en\/wp-json\/wp\/v2\/product_brand?post=56747"},{"taxonomy":"product_cat","embeddable":true,"href":"https:\/\/www.malinashop.lt\/en\/wp-json\/wp\/v2\/product_cat?post=56747"},{"taxonomy":"product_tag","embeddable":true,"href":"https:\/\/www.malinashop.lt\/en\/wp-json\/wp\/v2\/product_tag?post=56747"}],"curies":[{"name":"wp","href":"https:\/\/api.w.org\/{rel}","templated":true}]}}