{"id":56727,"date":"2025-06-15T19:41:29","date_gmt":"2025-06-15T16:41:29","guid":{"rendered":"https:\/\/malinashop.lt\/?post_type=product&#038;p=56727"},"modified":"2026-02-10T11:50:08","modified_gmt":"2026-02-10T08:50:08","slug":"arocell-botulcare-synergy-ampoule-rauksles-glotninanti-veido-ampule-30ml","status":"publish","type":"product","link":"https:\/\/www.malinashop.lt\/en\/shop\/arocell-botulcare-synergy-ampoule-rauksles-glotninanti-veido-ampule-30ml\/","title":{"rendered":"Arocell Botulcare Synergy Ampoule \u2013 rauk\u0161les glotninanti veido ampul\u0117, 30ml"},"content":{"rendered":"<p data-start=\"115\" data-end=\"158\"><strong data-start=\"115\" data-end=\"158\">Prek\u0117s i\u0161siuntimas per 2\u20134 darbo dienas<\/strong><\/p>\n<p data-start=\"160\" data-end=\"234\"><strong data-start=\"160\" data-end=\"234\">Arocell Botulcare Synergy veido ampul\u0117 su peptidais ir kolagenu, 30 ml<\/strong><\/p>\n<p data-start=\"236\" data-end=\"495\">Inovatyvi Arocell ampul\u0117 \u2013 tai pa\u017eangios prie\u017ei\u016bros priemon\u0117 brand\u017eiai ar pavargusiai odai. Formul\u0117 su peptidais, hialurono r\u016bg\u0161timi, eksosomomis ir ma\u017eos molekulin\u0117s mas\u0117s kolagenu padeda kovoti su rauk\u0161lel\u0117mis, stiprina odos elastingum\u0105 bei dr\u0117gm\u0117s balans\u0105.<\/p>\n<p data-start=\"497\" data-end=\"658\">D\u0117l unikalios <strong data-start=\"511\" data-end=\"545\">mikro burbuliuk\u0173 technologijos<\/strong> priemon\u0117 greitai \u012fsigeria, nepalikdama lipnumo, o rezultatas \u2013 \u0161vytinti, lygesn\u0117 ir pastebimai elastingesn\u0117 oda.<\/p>\n<hr data-start=\"660\" data-end=\"663\" \/>\n<h3 data-start=\"665\" data-end=\"700\">\ud83c\udf3f <strong data-start=\"672\" data-end=\"700\">Pagrindiniai privalumai:<\/strong><\/h3>\n<ul data-start=\"702\" data-end=\"1218\">\n<li data-start=\"702\" data-end=\"806\">\n<p data-start=\"704\" data-end=\"806\"><strong data-start=\"704\" data-end=\"727\">Rauk\u0161li\u0173 ma\u017einimas:<\/strong> aktyv\u016bs peptidai padeda atpalaiduoti mikro\u012ftempimus ir ma\u017eina rauk\u0161li\u0173 gyl\u012f.<\/p>\n<\/li>\n<li data-start=\"807\" data-end=\"924\">\n<p data-start=\"809\" data-end=\"924\"><strong data-start=\"809\" data-end=\"840\">Dr\u0117kinimas ir elastingumas:<\/strong> kolagenas (243 dalton\u0173), hialuronas ir eksosomos padeda stiprinti odos strukt\u016br\u0105.<\/p>\n<\/li>\n<li data-start=\"925\" data-end=\"1037\">\n<p data-start=\"927\" data-end=\"1037\"><strong data-start=\"927\" data-end=\"950\">Greitas \u012fsig\u0117rimas:<\/strong> mikro burbuliukai u\u017etikrina lengv\u0105 tekst\u016br\u0105 ir gil\u0173 veikli\u0173j\u0173 med\u017eiag\u0173 \u012fsiskverbim\u0105.<\/p>\n<\/li>\n<li data-start=\"1038\" data-end=\"1126\">\n<p data-start=\"1040\" data-end=\"1126\"><strong data-start=\"1040\" data-end=\"1072\">Odos putlumas ir \u0161vyt\u0117jimas:<\/strong> oda atrodo gaivesn\u0117, lygesn\u0117 ir sveikiau spindinti.<\/p>\n<\/li>\n<li data-start=\"1127\" data-end=\"1218\">\n<p data-start=\"1129\" data-end=\"1218\"><strong data-start=\"1129\" data-end=\"1153\">Visiems odos tipams:<\/strong> tinkama net jautriai odai, nes n\u0117ra lipnumo jausmo ar dirginimo.<\/p>\n<\/li>\n<\/ul>\n<hr data-start=\"1220\" data-end=\"1223\" \/>\n<h3 data-start=\"1225\" data-end=\"1247\"><strong data-start=\"1232\" data-end=\"1247\">Naudojimas:<\/strong><\/h3>\n<p data-start=\"1249\" data-end=\"1423\">U\u017ela\u0161inkite kelet\u0105 la\u0161\u0173 ampul\u0117s ant \u0161varios veido odos. \u0160velniai \u012fmasa\u017euokite pir\u0161t\u0173 galiukais, kol susigers. Naudokite ryte ir vakare prie\u0161 krem\u0105 ar kit\u0105 prie\u017ei\u016bros \u017eingsn\u012f.<\/p>\n<hr data-start=\"1425\" data-end=\"1428\" \/>\n<h3 data-start=\"1430\" data-end=\"1451\">\u26a0\ufe0f <strong data-start=\"1437\" data-end=\"1451\">\u012esp\u0117jimai:<\/strong><\/h3>\n<ul data-start=\"1453\" data-end=\"1663\">\n<li data-start=\"1453\" data-end=\"1479\">\n<p data-start=\"1455\" data-end=\"1479\">Naudoti tik i\u0161ori\u0161kai.<\/p>\n<\/li>\n<li data-start=\"1480\" data-end=\"1508\">\n<p data-start=\"1482\" data-end=\"1508\">Venkite patekimo \u012f akis.<\/p>\n<\/li>\n<li data-start=\"1509\" data-end=\"1581\">\n<p data-start=\"1511\" data-end=\"1581\">Sudirgimo atveju nutraukite naudojim\u0105 ir pasitarkite su specialistu.<\/p>\n<\/li>\n<li data-start=\"1582\" data-end=\"1663\">\n<p data-start=\"1584\" data-end=\"1663\">Laikyti vaikams nepasiekiamoje vietoje, atokiai nuo tiesiogin\u0117s saul\u0117s \u0161viesos.<\/p>\n<\/li>\n<\/ul>\n<hr data-start=\"1665\" data-end=\"1668\" \/>\n<h3 data-start=\"1670\" data-end=\"1696\"><strong data-start=\"1677\" data-end=\"1696\">Sud\u0117tis (INCI):<\/strong><\/h3>\n<p data-start=\"1698\" data-end=\"2857\">Water (Aqua), Butylene Glycol, Niacinamide, Propanediol, 1,2-Hexanediol, C12-14 Alketh-12, Hydrolyzed Collagen Extract, Lactobacillus Ferment, Xanthan Gum, Ethylhexylglycerin, Sodium Citrate, Adenosine, Pyrus Communis (Pear) Fruit Extract, Hedera Helix (Ivy) Leaf\/Stem Extract, Citric Acid, Glycerin, Pyrus Malus (Apple) Fruit Extract, Fragaria Chiloensis (Strawberry) Fruit Extract, Disodium EDTA, Betaine, Caprylic\/Capric Triglyceride, Lecithin, Polysorbate 20, Caprylyl Glycol, Centella Asiatica Leaf Extract, Panax Ginseng Root Protoplasts, Hyaluronic Acid, Glucose, Sodium Ascorbyl Phosphate, Sodium Hyaluronate, Copper Tripeptide-1, Chondrus Crispus Extract, Sodium Chloride, Hydroxypropyltrimonium Hyaluronate, Hydrolyzed Hyaluronic Acid, Disodium Phosphate, Methionyir-Clostridium Botulinum Polypeptide-1 Hexapeptide-40, Tripeptide-1, Potassium Chloride, Sodium Acetylated Hyaluronate, Potassium Phosphate, Palmitoyl Tripeptide-1, Tripeptide-2, Hexapeptide-11, Acetyl Hexapeptide-8, Palmitoyl Tetrapeptide-7, Palmitoyl Pentapeptide-4, Hexapeptide-9, Nonapeptide-1, Sodium Hyaluronate Crosspolymer, Hydrolyzed Sodium Hyaluronate, Potassium Hyaluronate.<\/p>\n<p data-start=\"2859\" data-end=\"2950\"><em data-start=\"2859\" data-end=\"2950\">Pastaba: produkto sud\u0117tis gali b\u016bti kei\u010diama. Visuomet vadovaukit\u0117s etikete ant pakuot\u0117s.<\/em><\/p>\n","protected":false},"excerpt":{"rendered":"<p data-start=\"66\" data-end=\"159\">Veido ampul\u0117 su botulino peptidais, eksosomomis ir mikro burbuliukais padeda atkurti odos jaunatvi\u0161kum\u0105 ir elastingum\u0105.<\/p>\n","protected":false},"featured_media":56731,"template":"","meta":[],"product_brand":[1347],"product_cat":[827,550,728],"product_tag":[1590],"class_list":{"0":"post-56727","1":"product","2":"type-product","3":"status-publish","4":"has-post-thumbnail","6":"product_brand-arocell","7":"product_cat-veido-prieziuros-priemoniu-rinkiniai","8":"product_cat-veido-serumai","9":"product_cat-veidui","10":"product_tag-arocell","12":"first","13":"outofstock","14":"sale","15":"taxable","16":"shipping-taxable","17":"purchasable","18":"product-type-simple"},"yoast_head":"<!-- This site is optimized with the Yoast SEO plugin v27.4 - https:\/\/yoast.com\/product\/yoast-seo-wordpress\/ -->\n<title>Arocell Botulcare Synergy Ampoule \u2013 rauk\u0161les glotninanti veido ampul\u0117, 30ml - MalinaShop.lt J\u016bs\u0173 sveikatai ir gro\u017eiui.<\/title>\n<meta name=\"description\" content=\"Veido ampul\u0117 su botulino peptidais, eksosomomis ir mikro burbuliukais padeda atkurti odos jaunatvi\u0161kum\u0105 ir elastingum\u0105. Ampul\u0117 su peptidais ir kolagenu \u2013 ma\u017eina rauk\u0161les, stiprina od\u0105 ir suteikia \u0161vyt\u0117jimo efekt\u0105.\" \/>\n<meta name=\"robots\" content=\"index, follow, max-snippet:-1, max-image-preview:large, max-video-preview:-1\" \/>\n<link rel=\"canonical\" href=\"https:\/\/www.malinashop.lt\/en\/shop\/arocell-botulcare-synergy-ampoule-rauksles-glotninanti-veido-ampule-30ml\/\" \/>\n<meta property=\"og:locale\" content=\"en_GB\" \/>\n<meta property=\"og:type\" content=\"article\" \/>\n<meta property=\"og:title\" content=\"Arocell Botulcare Synergy Ampoule \u2013 rauk\u0161les glotninanti veido ampul\u0117, 30ml - MalinaShop.lt J\u016bs\u0173 sveikatai ir gro\u017eiui.\" \/>\n<meta property=\"og:description\" content=\"Veido ampul\u0117 su botulino peptidais, eksosomomis ir mikro burbuliukais padeda atkurti odos jaunatvi\u0161kum\u0105 ir elastingum\u0105. Ampul\u0117 su peptidais ir kolagenu \u2013 ma\u017eina rauk\u0161les, stiprina od\u0105 ir suteikia \u0161vyt\u0117jimo efekt\u0105.\" \/>\n<meta property=\"og:url\" content=\"https:\/\/www.malinashop.lt\/en\/shop\/arocell-botulcare-synergy-ampoule-rauksles-glotninanti-veido-ampule-30ml\/\" \/>\n<meta property=\"og:site_name\" content=\"MalinaShop.lt J\u016bs\u0173 sveikatai ir gro\u017eiui.\" \/>\n<meta property=\"article:modified_time\" content=\"2026-02-10T08:50:08+00:00\" \/>\n<meta property=\"og:image\" content=\"https:\/\/www.malinashop.lt\/wp-content\/uploads\/2025\/06\/Arocell-Botulcare-Synergy-Ampoule-\u2013-rauksles-glotninanti-veido-ampule-30ml.webp\" \/>\n\t<meta property=\"og:image:width\" content=\"768\" \/>\n\t<meta property=\"og:image:height\" content=\"768\" \/>\n\t<meta property=\"og:image:type\" content=\"image\/webp\" \/>\n<meta name=\"twitter:card\" content=\"summary_large_image\" \/>\n<script type=\"application\/ld+json\" class=\"yoast-schema-graph\">{\"@context\":\"https:\\\/\\\/schema.org\",\"@graph\":[{\"@type\":\"WebPage\",\"@id\":\"https:\\\/\\\/www.malinashop.lt\\\/shop\\\/arocell-botulcare-synergy-ampoule-rauksles-glotninanti-veido-ampule-30ml\\\/\",\"url\":\"https:\\\/\\\/www.malinashop.lt\\\/shop\\\/arocell-botulcare-synergy-ampoule-rauksles-glotninanti-veido-ampule-30ml\\\/\",\"name\":\"Arocell Botulcare Synergy Ampoule \u2013 rauk\u0161les glotninanti veido ampul\u0117, 30ml - MalinaShop.lt J\u016bs\u0173 sveikatai ir gro\u017eiui.\",\"isPartOf\":{\"@id\":\"https:\\\/\\\/www.malinashop.lt\\\/#website\"},\"primaryImageOfPage\":{\"@id\":\"https:\\\/\\\/www.malinashop.lt\\\/shop\\\/arocell-botulcare-synergy-ampoule-rauksles-glotninanti-veido-ampule-30ml\\\/#primaryimage\"},\"image\":{\"@id\":\"https:\\\/\\\/www.malinashop.lt\\\/shop\\\/arocell-botulcare-synergy-ampoule-rauksles-glotninanti-veido-ampule-30ml\\\/#primaryimage\"},\"thumbnailUrl\":\"https:\\\/\\\/www.malinashop.lt\\\/wp-content\\\/uploads\\\/2025\\\/06\\\/Arocell-Botulcare-Synergy-Ampoule-\u2013-rauksles-glotninanti-veido-ampule-30ml.webp\",\"datePublished\":\"2025-06-15T16:41:29+00:00\",\"dateModified\":\"2026-02-10T08:50:08+00:00\",\"description\":\"Veido ampul\u0117 su botulino peptidais, eksosomomis ir mikro burbuliukais padeda atkurti odos jaunatvi\u0161kum\u0105 ir elastingum\u0105. Ampul\u0117 su peptidais ir kolagenu \u2013 ma\u017eina rauk\u0161les, stiprina od\u0105 ir suteikia \u0161vyt\u0117jimo efekt\u0105.\",\"breadcrumb\":{\"@id\":\"https:\\\/\\\/www.malinashop.lt\\\/shop\\\/arocell-botulcare-synergy-ampoule-rauksles-glotninanti-veido-ampule-30ml\\\/#breadcrumb\"},\"inLanguage\":\"en-GB\",\"potentialAction\":[{\"@type\":\"ReadAction\",\"target\":[\"https:\\\/\\\/www.malinashop.lt\\\/shop\\\/arocell-botulcare-synergy-ampoule-rauksles-glotninanti-veido-ampule-30ml\\\/\"]}]},{\"@type\":\"ImageObject\",\"inLanguage\":\"en-GB\",\"@id\":\"https:\\\/\\\/www.malinashop.lt\\\/shop\\\/arocell-botulcare-synergy-ampoule-rauksles-glotninanti-veido-ampule-30ml\\\/#primaryimage\",\"url\":\"https:\\\/\\\/www.malinashop.lt\\\/wp-content\\\/uploads\\\/2025\\\/06\\\/Arocell-Botulcare-Synergy-Ampoule-\u2013-rauksles-glotninanti-veido-ampule-30ml.webp\",\"contentUrl\":\"https:\\\/\\\/www.malinashop.lt\\\/wp-content\\\/uploads\\\/2025\\\/06\\\/Arocell-Botulcare-Synergy-Ampoule-\u2013-rauksles-glotninanti-veido-ampule-30ml.webp\",\"width\":768,\"height\":768},{\"@type\":\"BreadcrumbList\",\"@id\":\"https:\\\/\\\/www.malinashop.lt\\\/shop\\\/arocell-botulcare-synergy-ampoule-rauksles-glotninanti-veido-ampule-30ml\\\/#breadcrumb\",\"itemListElement\":[{\"@type\":\"ListItem\",\"position\":1,\"name\":\"Pagrindinis\",\"item\":\"https:\\\/\\\/www.malinashop.lt\\\/\"},{\"@type\":\"ListItem\",\"position\":2,\"name\":\"Parduotuv\u0117\",\"item\":\"https:\\\/\\\/www.malinashop.lt\\\/en\\\/parduotuve\\\/\"},{\"@type\":\"ListItem\",\"position\":3,\"name\":\"Arocell Botulcare Synergy Ampoule \u2013 rauk\u0161les glotninanti veido ampul\u0117, 30ml\"}]},{\"@type\":\"WebSite\",\"@id\":\"https:\\\/\\\/www.malinashop.lt\\\/#website\",\"url\":\"https:\\\/\\\/www.malinashop.lt\\\/\",\"name\":\"COM Group Ecommerce\",\"description\":\"MalinaShop.lt - Gro\u017eio ir sveikatos produktai i\u0161 patikim\u0173 preki\u0173 \u017eenkl\u0173. Atraskite auk\u0161tos kokyb\u0117s kosmetik\u0105 u\u017e puiki\u0105 kain\u0105.\",\"publisher\":{\"@id\":\"https:\\\/\\\/www.malinashop.lt\\\/#organization\"},\"potentialAction\":[{\"@type\":\"SearchAction\",\"target\":{\"@type\":\"EntryPoint\",\"urlTemplate\":\"https:\\\/\\\/www.malinashop.lt\\\/?s={search_term_string}\"},\"query-input\":{\"@type\":\"PropertyValueSpecification\",\"valueRequired\":true,\"valueName\":\"search_term_string\"}}],\"inLanguage\":\"en-GB\"},{\"@type\":\"Organization\",\"@id\":\"https:\\\/\\\/www.malinashop.lt\\\/#organization\",\"name\":\"COM Group Ecommerce\",\"url\":\"https:\\\/\\\/www.malinashop.lt\\\/\",\"logo\":{\"@type\":\"ImageObject\",\"inLanguage\":\"en-GB\",\"@id\":\"https:\\\/\\\/www.malinashop.lt\\\/#\\\/schema\\\/logo\\\/image\\\/\",\"url\":\"https:\\\/\\\/www.malinashop.lt\\\/wp-content\\\/uploads\\\/2024\\\/08\\\/462559670_3787732518133670_9795632669273463_n-e1731525914575.png\",\"contentUrl\":\"https:\\\/\\\/www.malinashop.lt\\\/wp-content\\\/uploads\\\/2024\\\/08\\\/462559670_3787732518133670_9795632669273463_n-e1731525914575.png\",\"width\":180,\"height\":60,\"caption\":\"COM Group Ecommerce\"},\"image\":{\"@id\":\"https:\\\/\\\/www.malinashop.lt\\\/#\\\/schema\\\/logo\\\/image\\\/\"}}]}<\/script>\n<!-- \/ Yoast SEO plugin. -->","yoast_head_json":{"title":"Arocell Botulcare Synergy Ampoule \u2013 rauk\u0161les glotninanti veido ampul\u0117, 30ml - MalinaShop.lt J\u016bs\u0173 sveikatai ir gro\u017eiui.","description":"Veido ampul\u0117 su botulino peptidais, eksosomomis ir mikro burbuliukais padeda atkurti odos jaunatvi\u0161kum\u0105 ir elastingum\u0105. Ampul\u0117 su peptidais ir kolagenu \u2013 ma\u017eina rauk\u0161les, stiprina od\u0105 ir suteikia \u0161vyt\u0117jimo efekt\u0105.","robots":{"index":"index","follow":"follow","max-snippet":"max-snippet:-1","max-image-preview":"max-image-preview:large","max-video-preview":"max-video-preview:-1"},"canonical":"https:\/\/www.malinashop.lt\/en\/shop\/arocell-botulcare-synergy-ampoule-rauksles-glotninanti-veido-ampule-30ml\/","og_locale":"en_GB","og_type":"article","og_title":"Arocell Botulcare Synergy Ampoule \u2013 rauk\u0161les glotninanti veido ampul\u0117, 30ml - MalinaShop.lt J\u016bs\u0173 sveikatai ir gro\u017eiui.","og_description":"Veido ampul\u0117 su botulino peptidais, eksosomomis ir mikro burbuliukais padeda atkurti odos jaunatvi\u0161kum\u0105 ir elastingum\u0105. Ampul\u0117 su peptidais ir kolagenu \u2013 ma\u017eina rauk\u0161les, stiprina od\u0105 ir suteikia \u0161vyt\u0117jimo efekt\u0105.","og_url":"https:\/\/www.malinashop.lt\/en\/shop\/arocell-botulcare-synergy-ampoule-rauksles-glotninanti-veido-ampule-30ml\/","og_site_name":"MalinaShop.lt J\u016bs\u0173 sveikatai ir gro\u017eiui.","article_modified_time":"2026-02-10T08:50:08+00:00","og_image":[{"width":768,"height":768,"url":"https:\/\/www.malinashop.lt\/wp-content\/uploads\/2025\/06\/Arocell-Botulcare-Synergy-Ampoule-\u2013-rauksles-glotninanti-veido-ampule-30ml.webp","type":"image\/webp"}],"twitter_card":"summary_large_image","schema":{"@context":"https:\/\/schema.org","@graph":[{"@type":"WebPage","@id":"https:\/\/www.malinashop.lt\/shop\/arocell-botulcare-synergy-ampoule-rauksles-glotninanti-veido-ampule-30ml\/","url":"https:\/\/www.malinashop.lt\/shop\/arocell-botulcare-synergy-ampoule-rauksles-glotninanti-veido-ampule-30ml\/","name":"Arocell Botulcare Synergy Ampoule \u2013 rauk\u0161les glotninanti veido ampul\u0117, 30ml - MalinaShop.lt J\u016bs\u0173 sveikatai ir gro\u017eiui.","isPartOf":{"@id":"https:\/\/www.malinashop.lt\/#website"},"primaryImageOfPage":{"@id":"https:\/\/www.malinashop.lt\/shop\/arocell-botulcare-synergy-ampoule-rauksles-glotninanti-veido-ampule-30ml\/#primaryimage"},"image":{"@id":"https:\/\/www.malinashop.lt\/shop\/arocell-botulcare-synergy-ampoule-rauksles-glotninanti-veido-ampule-30ml\/#primaryimage"},"thumbnailUrl":"https:\/\/www.malinashop.lt\/wp-content\/uploads\/2025\/06\/Arocell-Botulcare-Synergy-Ampoule-\u2013-rauksles-glotninanti-veido-ampule-30ml.webp","datePublished":"2025-06-15T16:41:29+00:00","dateModified":"2026-02-10T08:50:08+00:00","description":"Veido ampul\u0117 su botulino peptidais, eksosomomis ir mikro burbuliukais padeda atkurti odos jaunatvi\u0161kum\u0105 ir elastingum\u0105. Ampul\u0117 su peptidais ir kolagenu \u2013 ma\u017eina rauk\u0161les, stiprina od\u0105 ir suteikia \u0161vyt\u0117jimo efekt\u0105.","breadcrumb":{"@id":"https:\/\/www.malinashop.lt\/shop\/arocell-botulcare-synergy-ampoule-rauksles-glotninanti-veido-ampule-30ml\/#breadcrumb"},"inLanguage":"en-GB","potentialAction":[{"@type":"ReadAction","target":["https:\/\/www.malinashop.lt\/shop\/arocell-botulcare-synergy-ampoule-rauksles-glotninanti-veido-ampule-30ml\/"]}]},{"@type":"ImageObject","inLanguage":"en-GB","@id":"https:\/\/www.malinashop.lt\/shop\/arocell-botulcare-synergy-ampoule-rauksles-glotninanti-veido-ampule-30ml\/#primaryimage","url":"https:\/\/www.malinashop.lt\/wp-content\/uploads\/2025\/06\/Arocell-Botulcare-Synergy-Ampoule-\u2013-rauksles-glotninanti-veido-ampule-30ml.webp","contentUrl":"https:\/\/www.malinashop.lt\/wp-content\/uploads\/2025\/06\/Arocell-Botulcare-Synergy-Ampoule-\u2013-rauksles-glotninanti-veido-ampule-30ml.webp","width":768,"height":768},{"@type":"BreadcrumbList","@id":"https:\/\/www.malinashop.lt\/shop\/arocell-botulcare-synergy-ampoule-rauksles-glotninanti-veido-ampule-30ml\/#breadcrumb","itemListElement":[{"@type":"ListItem","position":1,"name":"Pagrindinis","item":"https:\/\/www.malinashop.lt\/"},{"@type":"ListItem","position":2,"name":"Parduotuv\u0117","item":"https:\/\/www.malinashop.lt\/en\/parduotuve\/"},{"@type":"ListItem","position":3,"name":"Arocell Botulcare Synergy Ampoule \u2013 rauk\u0161les glotninanti veido ampul\u0117, 30ml"}]},{"@type":"WebSite","@id":"https:\/\/www.malinashop.lt\/#website","url":"https:\/\/www.malinashop.lt\/","name":"COM Group Ecommerce","description":"MalinaShop.lt - Gro\u017eio ir sveikatos produktai i\u0161 patikim\u0173 preki\u0173 \u017eenkl\u0173. Atraskite auk\u0161tos kokyb\u0117s kosmetik\u0105 u\u017e puiki\u0105 kain\u0105.","publisher":{"@id":"https:\/\/www.malinashop.lt\/#organization"},"potentialAction":[{"@type":"SearchAction","target":{"@type":"EntryPoint","urlTemplate":"https:\/\/www.malinashop.lt\/?s={search_term_string}"},"query-input":{"@type":"PropertyValueSpecification","valueRequired":true,"valueName":"search_term_string"}}],"inLanguage":"en-GB"},{"@type":"Organization","@id":"https:\/\/www.malinashop.lt\/#organization","name":"COM Group Ecommerce","url":"https:\/\/www.malinashop.lt\/","logo":{"@type":"ImageObject","inLanguage":"en-GB","@id":"https:\/\/www.malinashop.lt\/#\/schema\/logo\/image\/","url":"https:\/\/www.malinashop.lt\/wp-content\/uploads\/2024\/08\/462559670_3787732518133670_9795632669273463_n-e1731525914575.png","contentUrl":"https:\/\/www.malinashop.lt\/wp-content\/uploads\/2024\/08\/462559670_3787732518133670_9795632669273463_n-e1731525914575.png","width":180,"height":60,"caption":"COM Group Ecommerce"},"image":{"@id":"https:\/\/www.malinashop.lt\/#\/schema\/logo\/image\/"}}]}},"jetpack_sharing_enabled":true,"_links":{"self":[{"href":"https:\/\/www.malinashop.lt\/en\/wp-json\/wp\/v2\/product\/56727","targetHints":{"allow":["GET"]}}],"collection":[{"href":"https:\/\/www.malinashop.lt\/en\/wp-json\/wp\/v2\/product"}],"about":[{"href":"https:\/\/www.malinashop.lt\/en\/wp-json\/wp\/v2\/types\/product"}],"version-history":[{"count":2,"href":"https:\/\/www.malinashop.lt\/en\/wp-json\/wp\/v2\/product\/56727\/revisions"}],"predecessor-version":[{"id":60229,"href":"https:\/\/www.malinashop.lt\/en\/wp-json\/wp\/v2\/product\/56727\/revisions\/60229"}],"wp:featuredmedia":[{"embeddable":true,"href":"https:\/\/www.malinashop.lt\/en\/wp-json\/wp\/v2\/media\/56731"}],"wp:attachment":[{"href":"https:\/\/www.malinashop.lt\/en\/wp-json\/wp\/v2\/media?parent=56727"}],"wp:term":[{"taxonomy":"product_brand","embeddable":true,"href":"https:\/\/www.malinashop.lt\/en\/wp-json\/wp\/v2\/product_brand?post=56727"},{"taxonomy":"product_cat","embeddable":true,"href":"https:\/\/www.malinashop.lt\/en\/wp-json\/wp\/v2\/product_cat?post=56727"},{"taxonomy":"product_tag","embeddable":true,"href":"https:\/\/www.malinashop.lt\/en\/wp-json\/wp\/v2\/product_tag?post=56727"}],"curies":[{"name":"wp","href":"https:\/\/api.w.org\/{rel}","templated":true}]}}