{"id":56716,"date":"2025-07-15T19:31:10","date_gmt":"2025-07-15T16:31:10","guid":{"rendered":"https:\/\/malinashop.lt\/?post_type=product&#038;p=56716"},"modified":"2026-02-10T11:50:06","modified_gmt":"2026-02-10T08:50:06","slug":"arocell-super-collagen-wrapping-mask-kolagenine-veido-kauke-80-ml","status":"publish","type":"product","link":"https:\/\/www.malinashop.lt\/en\/shop\/arocell-super-collagen-wrapping-mask-kolagenine-veido-kauke-80-ml\/","title":{"rendered":"Arocell Super Collagen Wrapping Mask \u2013 kolagenin\u0117 veido kauk\u0117 80 ml"},"content":{"rendered":"<p data-start=\"191\" data-end=\"234\"><strong data-start=\"191\" data-end=\"234\">Prek\u0117s i\u0161siuntimas per 2\u20134 darbo dienas<\/strong><\/p>\n<p data-start=\"236\" data-end=\"291\"><strong data-start=\"236\" data-end=\"291\">Veido kauk\u0117 su kolagenu ir medetk\u0173 ekstraktu, 80 ml<\/strong><\/p>\n<p data-start=\"293\" data-end=\"621\">Kremin\u0117 veido kauk\u0117, sukurta odos elastingumui ir \u0161vyt\u0117jimui stiprinti. Formul\u0117 su <strong data-start=\"376\" data-end=\"388\">kolagenu<\/strong> ir <strong data-start=\"392\" data-end=\"419\">medetk\u0173 \u017eied\u0173 ekstraktu<\/strong> padeda pagerinti odos tekst\u016br\u0105, maitina bei ramina. Ji ne tik dr\u0117kina iki 24 valand\u0173, bet ir \u0161velniai eksfolijuoja, pa\u0161alina negyvas odos l\u0105steles bei riebal\u0173 pertekli\u0173, nepa\u017eeisdama net jautrios odos.<\/p>\n<hr data-start=\"623\" data-end=\"626\" \/>\n<h3 data-start=\"628\" data-end=\"663\">\ud83c\udf3f <strong data-start=\"635\" data-end=\"663\">Pagrindiniai privalumai:<\/strong><\/h3>\n<ul data-start=\"665\" data-end=\"1096\">\n<li data-start=\"665\" data-end=\"757\">\n<p data-start=\"667\" data-end=\"757\"><strong data-start=\"667\" data-end=\"690\">Dr\u0117kina ir maitina:<\/strong> padeda i\u0161laikyti dr\u0117gm\u0119 iki 24 val., stiprina apsaugin\u012f barjer\u0105.<\/p>\n<\/li>\n<li data-start=\"758\" data-end=\"842\">\n<p data-start=\"760\" data-end=\"842\"><strong data-start=\"760\" data-end=\"774\">Stangrina:<\/strong> kolagenas ir nat\u016bral\u016bs aliejai gerina odos elastingum\u0105 ir tonus\u0105.<\/p>\n<\/li>\n<li data-start=\"843\" data-end=\"939\">\n<p data-start=\"845\" data-end=\"939\"><strong data-start=\"845\" data-end=\"856\">Ramina:<\/strong> medetk\u0173, vandens lelij\u0173 ir obuoli\u0173 ekstraktai \u0161velnina ir ramina sudirgusi\u0105 od\u0105.<\/p>\n<\/li>\n<li data-start=\"940\" data-end=\"1030\">\n<p data-start=\"942\" data-end=\"1030\"><strong data-start=\"942\" data-end=\"959\">Eksfolijuoja:<\/strong> \u0161velniai pa\u0161alina negyvas l\u0105steles ir valo poras, nepa\u017eeisdama odos.<\/p>\n<\/li>\n<li data-start=\"1031\" data-end=\"1096\">\n<p data-start=\"1033\" data-end=\"1096\"><strong data-start=\"1033\" data-end=\"1057\">Visiems odos tipams:<\/strong> saugi ir veiksminga net jautriai odai.<\/p>\n<\/li>\n<\/ul>\n<hr data-start=\"1098\" data-end=\"1101\" \/>\n<h3 data-start=\"1103\" data-end=\"1125\"><strong data-start=\"1110\" data-end=\"1125\">Naudojimas:<\/strong><\/h3>\n<p data-start=\"1127\" data-end=\"1280\">Tepkite veido kauk\u0119 ant \u0161varios odos po toniko. Palikite 20\u201330 minu\u010di\u0173, kol visi\u0161kai i\u0161d\u017eius, tuomet \u0161velniai nuimkite. Naudokite 1\u20132 kartus per savait\u0119.<\/p>\n<hr data-start=\"1282\" data-end=\"1285\" \/>\n<h3 data-start=\"1287\" data-end=\"1308\">\u26a0\ufe0f <strong data-start=\"1294\" data-end=\"1308\">\u012esp\u0117jimai:<\/strong><\/h3>\n<ul data-start=\"1310\" data-end=\"1568\">\n<li data-start=\"1310\" data-end=\"1431\">\n<p data-start=\"1312\" data-end=\"1431\">Jei atsiranda patinimas, paraudimas ar kiti ne\u012fprasti simptomai \u2013 nutraukite naudojim\u0105 ir pasitarkite su specialistu.<\/p>\n<\/li>\n<li data-start=\"1432\" data-end=\"1480\">\n<p data-start=\"1434\" data-end=\"1480\">Nenaudokite ant pa\u017eeistos, sudirgusios odos.<\/p>\n<\/li>\n<li data-start=\"1481\" data-end=\"1568\">\n<p data-start=\"1483\" data-end=\"1568\">Laikykite vaikams nepasiekiamoje vietoje, saugokite nuo tiesiogini\u0173 saul\u0117s spinduli\u0173.<\/p>\n<\/li>\n<\/ul>\n<hr data-start=\"1570\" data-end=\"1573\" \/>\n<h3 data-start=\"1575\" data-end=\"1601\"><strong data-start=\"1582\" data-end=\"1601\">Sud\u0117tis (INCI):<\/strong><\/h3>\n<p data-start=\"1603\" data-end=\"2483\">Water, Jojoba Oil, Methyl Propanediol, Polyvinyl Alcohol, Caprylic\/Capric Triglyceride, Niacinamide, Hexanediol, Polysorbate 60, Polyglyceryl-10 Oleate, Sodium Polystyrene Sulfonate, Sulfonated Cellulose, Stearalkonium Hectorite, PEG-100 Stearate, Propyl Carbonate, Butylene Glycol, Ethylhexylglycerin, Orange Peel Oil, Adenosine, Prunus Lime Oil, Grapefruit Peel Oil, Lavender Oil, Rosemary Oil, Apple Fruit Extract, Water Lily Flower Extract, Calendula Flower Extract, Backhousia Citriodora Leaf Extract, Hydrolyzed Gardenia Extract, Maltodextrin, Glycerin, Hydrolyzed Collagen, Collagen Extract, Tocopherol, Castor Oil, Sweet Almond Oil, Coconut Oil, Sunflower Oil, Olive Oil, Acetyl Glucosamine, Hexapeptide-12 Palmitate, Soy Peptide, Collagen, Collagen Amino Acids, Sodium Hydrolyzed Collagen, Zinc Hydrolyzed Collagen, Soluble Collagen, Limonene, Linalool, Citral, Geraniol.<\/p>\n<p data-start=\"2485\" data-end=\"2565\"><em data-start=\"2485\" data-end=\"2565\">Pastaba: sud\u0117tis gali keistis. Visuomet vadovaukit\u0117s informacija ant pakuot\u0117s.<\/em><\/p>\n","protected":false},"excerpt":{"rendered":"<p data-start=\"95\" data-end=\"234\">Stangrinanti veido kauk\u0117 su kolagenu giliai dr\u0117kina od\u0105, pagerina jos elastingum\u0105 ir padeda suma\u017einti smulkias rauk\u0161leles.<\/p>\n","protected":false},"featured_media":56720,"template":"","meta":[],"product_brand":[1347],"product_cat":[553,827,728],"product_tag":[1590],"class_list":{"0":"post-56716","1":"product","2":"type-product","3":"status-publish","4":"has-post-thumbnail","6":"product_brand-arocell","7":"product_cat-veido-kaukes","8":"product_cat-veido-prieziuros-priemoniu-rinkiniai","9":"product_cat-veidui","10":"product_tag-arocell","12":"first","13":"outofstock","14":"sale","15":"featured","16":"taxable","17":"shipping-taxable","18":"purchasable","19":"product-type-simple"},"yoast_head":"<!-- This site is optimized with the Yoast SEO plugin v27.4 - https:\/\/yoast.com\/product\/yoast-seo-wordpress\/ -->\n<title>Arocell Super Collagen Wrapping Mask \u2013 kolagenin\u0117 veido kauk\u0117 80 ml - MalinaShop.lt J\u016bs\u0173 sveikatai ir gro\u017eiui.<\/title>\n<meta name=\"description\" content=\"Stangrinanti veido kauk\u0117 su kolagenu giliai dr\u0117kina od\u0105, pagerina jos elastingum\u0105 ir padeda suma\u017einti smulkias rauk\u0161leles. Kauk\u0117 su kolagenu ir medetkomis \u2013 stangrina, maitina ir \u0161velniai valo od\u0105 be sudirginimo.\" \/>\n<meta name=\"robots\" content=\"index, follow, max-snippet:-1, max-image-preview:large, max-video-preview:-1\" \/>\n<link rel=\"canonical\" href=\"https:\/\/www.malinashop.lt\/en\/shop\/arocell-super-collagen-wrapping-mask-kolagenine-veido-kauke-80-ml\/\" \/>\n<meta property=\"og:locale\" content=\"en_GB\" \/>\n<meta property=\"og:type\" content=\"article\" \/>\n<meta property=\"og:title\" content=\"Arocell Super Collagen Wrapping Mask \u2013 kolagenin\u0117 veido kauk\u0117 80 ml - MalinaShop.lt J\u016bs\u0173 sveikatai ir gro\u017eiui.\" \/>\n<meta property=\"og:description\" content=\"Stangrinanti veido kauk\u0117 su kolagenu giliai dr\u0117kina od\u0105, pagerina jos elastingum\u0105 ir padeda suma\u017einti smulkias rauk\u0161leles. Kauk\u0117 su kolagenu ir medetkomis \u2013 stangrina, maitina ir \u0161velniai valo od\u0105 be sudirginimo.\" \/>\n<meta property=\"og:url\" content=\"https:\/\/www.malinashop.lt\/en\/shop\/arocell-super-collagen-wrapping-mask-kolagenine-veido-kauke-80-ml\/\" \/>\n<meta property=\"og:site_name\" content=\"MalinaShop.lt J\u016bs\u0173 sveikatai ir gro\u017eiui.\" \/>\n<meta property=\"article:modified_time\" content=\"2026-02-10T08:50:06+00:00\" \/>\n<meta property=\"og:image\" content=\"https:\/\/www.malinashop.lt\/wp-content\/uploads\/2025\/06\/Arocell-Super-Collagen-Wrapping-Mask-\u2013-kolagenine-veido-kauke-80-ml.webp\" \/>\n\t<meta property=\"og:image:width\" content=\"768\" \/>\n\t<meta property=\"og:image:height\" content=\"768\" \/>\n\t<meta property=\"og:image:type\" content=\"image\/webp\" \/>\n<meta name=\"twitter:card\" content=\"summary_large_image\" \/>\n<script type=\"application\/ld+json\" class=\"yoast-schema-graph\">{\"@context\":\"https:\\\/\\\/schema.org\",\"@graph\":[{\"@type\":\"WebPage\",\"@id\":\"https:\\\/\\\/www.malinashop.lt\\\/lt_lt\\\/shop\\\/arocell-super-collagen-wrapping-mask-kolagenine-veido-kauke-80-ml\\\/\",\"url\":\"https:\\\/\\\/www.malinashop.lt\\\/lt_lt\\\/shop\\\/arocell-super-collagen-wrapping-mask-kolagenine-veido-kauke-80-ml\\\/\",\"name\":\"Arocell Super Collagen Wrapping Mask \u2013 kolagenin\u0117 veido kauk\u0117 80 ml - MalinaShop.lt J\u016bs\u0173 sveikatai ir gro\u017eiui.\",\"isPartOf\":{\"@id\":\"https:\\\/\\\/www.malinashop.lt\\\/en\\\/#website\"},\"primaryImageOfPage\":{\"@id\":\"https:\\\/\\\/www.malinashop.lt\\\/lt_lt\\\/shop\\\/arocell-super-collagen-wrapping-mask-kolagenine-veido-kauke-80-ml\\\/#primaryimage\"},\"image\":{\"@id\":\"https:\\\/\\\/www.malinashop.lt\\\/lt_lt\\\/shop\\\/arocell-super-collagen-wrapping-mask-kolagenine-veido-kauke-80-ml\\\/#primaryimage\"},\"thumbnailUrl\":\"https:\\\/\\\/www.malinashop.lt\\\/wp-content\\\/uploads\\\/2025\\\/06\\\/Arocell-Super-Collagen-Wrapping-Mask-\u2013-kolagenine-veido-kauke-80-ml.webp\",\"datePublished\":\"2025-07-15T16:31:10+00:00\",\"dateModified\":\"2026-02-10T08:50:06+00:00\",\"description\":\"Stangrinanti veido kauk\u0117 su kolagenu giliai dr\u0117kina od\u0105, pagerina jos elastingum\u0105 ir padeda suma\u017einti smulkias rauk\u0161leles. Kauk\u0117 su kolagenu ir medetkomis \u2013 stangrina, maitina ir \u0161velniai valo od\u0105 be sudirginimo.\",\"breadcrumb\":{\"@id\":\"https:\\\/\\\/www.malinashop.lt\\\/lt_lt\\\/shop\\\/arocell-super-collagen-wrapping-mask-kolagenine-veido-kauke-80-ml\\\/#breadcrumb\"},\"inLanguage\":\"en-GB\",\"potentialAction\":[{\"@type\":\"ReadAction\",\"target\":[\"https:\\\/\\\/www.malinashop.lt\\\/lt_lt\\\/shop\\\/arocell-super-collagen-wrapping-mask-kolagenine-veido-kauke-80-ml\\\/\"]}]},{\"@type\":\"ImageObject\",\"inLanguage\":\"en-GB\",\"@id\":\"https:\\\/\\\/www.malinashop.lt\\\/lt_lt\\\/shop\\\/arocell-super-collagen-wrapping-mask-kolagenine-veido-kauke-80-ml\\\/#primaryimage\",\"url\":\"https:\\\/\\\/www.malinashop.lt\\\/wp-content\\\/uploads\\\/2025\\\/06\\\/Arocell-Super-Collagen-Wrapping-Mask-\u2013-kolagenine-veido-kauke-80-ml.webp\",\"contentUrl\":\"https:\\\/\\\/www.malinashop.lt\\\/wp-content\\\/uploads\\\/2025\\\/06\\\/Arocell-Super-Collagen-Wrapping-Mask-\u2013-kolagenine-veido-kauke-80-ml.webp\",\"width\":768,\"height\":768},{\"@type\":\"BreadcrumbList\",\"@id\":\"https:\\\/\\\/www.malinashop.lt\\\/lt_lt\\\/shop\\\/arocell-super-collagen-wrapping-mask-kolagenine-veido-kauke-80-ml\\\/#breadcrumb\",\"itemListElement\":[{\"@type\":\"ListItem\",\"position\":1,\"name\":\"Home\",\"item\":\"https:\\\/\\\/www.malinashop.lt\\\/en\\\/\"},{\"@type\":\"ListItem\",\"position\":2,\"name\":\"Parduotuv\u0117\",\"item\":\"https:\\\/\\\/www.malinashop.lt\\\/en\\\/parduotuve\\\/\"},{\"@type\":\"ListItem\",\"position\":3,\"name\":\"Arocell Super Collagen Wrapping Mask \u2013 kolagenin\u0117 veido kauk\u0117 80 ml\"}]},{\"@type\":\"WebSite\",\"@id\":\"https:\\\/\\\/www.malinashop.lt\\\/en\\\/#website\",\"url\":\"https:\\\/\\\/www.malinashop.lt\\\/en\\\/\",\"name\":\"COM Group Ecommerce\",\"description\":\"MalinaShop.lt - Gro\u017eio ir sveikatos produktai i\u0161 patikim\u0173 preki\u0173 \u017eenkl\u0173. Atraskite auk\u0161tos kokyb\u0117s kosmetik\u0105 u\u017e puiki\u0105 kain\u0105.\",\"publisher\":{\"@id\":\"https:\\\/\\\/www.malinashop.lt\\\/en\\\/#organization\"},\"potentialAction\":[{\"@type\":\"SearchAction\",\"target\":{\"@type\":\"EntryPoint\",\"urlTemplate\":\"https:\\\/\\\/www.malinashop.lt\\\/en\\\/?s={search_term_string}\"},\"query-input\":{\"@type\":\"PropertyValueSpecification\",\"valueRequired\":true,\"valueName\":\"search_term_string\"}}],\"inLanguage\":\"en-GB\"},{\"@type\":\"Organization\",\"@id\":\"https:\\\/\\\/www.malinashop.lt\\\/en\\\/#organization\",\"name\":\"COM Group Ecommerce\",\"url\":\"https:\\\/\\\/www.malinashop.lt\\\/en\\\/\",\"logo\":{\"@type\":\"ImageObject\",\"inLanguage\":\"en-GB\",\"@id\":\"https:\\\/\\\/www.malinashop.lt\\\/en\\\/#\\\/schema\\\/logo\\\/image\\\/\",\"url\":\"https:\\\/\\\/www.malinashop.lt\\\/wp-content\\\/uploads\\\/2024\\\/08\\\/462559670_3787732518133670_9795632669273463_n-e1731525914575.png\",\"contentUrl\":\"https:\\\/\\\/www.malinashop.lt\\\/wp-content\\\/uploads\\\/2024\\\/08\\\/462559670_3787732518133670_9795632669273463_n-e1731525914575.png\",\"width\":180,\"height\":60,\"caption\":\"COM Group Ecommerce\"},\"image\":{\"@id\":\"https:\\\/\\\/www.malinashop.lt\\\/en\\\/#\\\/schema\\\/logo\\\/image\\\/\"}}]}<\/script>\n<!-- \/ Yoast SEO plugin. -->","yoast_head_json":{"title":"Arocell Super Collagen Wrapping Mask \u2013 kolagenin\u0117 veido kauk\u0117 80 ml - MalinaShop.lt J\u016bs\u0173 sveikatai ir gro\u017eiui.","description":"Stangrinanti veido kauk\u0117 su kolagenu giliai dr\u0117kina od\u0105, pagerina jos elastingum\u0105 ir padeda suma\u017einti smulkias rauk\u0161leles. Kauk\u0117 su kolagenu ir medetkomis \u2013 stangrina, maitina ir \u0161velniai valo od\u0105 be sudirginimo.","robots":{"index":"index","follow":"follow","max-snippet":"max-snippet:-1","max-image-preview":"max-image-preview:large","max-video-preview":"max-video-preview:-1"},"canonical":"https:\/\/www.malinashop.lt\/en\/shop\/arocell-super-collagen-wrapping-mask-kolagenine-veido-kauke-80-ml\/","og_locale":"en_GB","og_type":"article","og_title":"Arocell Super Collagen Wrapping Mask \u2013 kolagenin\u0117 veido kauk\u0117 80 ml - MalinaShop.lt J\u016bs\u0173 sveikatai ir gro\u017eiui.","og_description":"Stangrinanti veido kauk\u0117 su kolagenu giliai dr\u0117kina od\u0105, pagerina jos elastingum\u0105 ir padeda suma\u017einti smulkias rauk\u0161leles. Kauk\u0117 su kolagenu ir medetkomis \u2013 stangrina, maitina ir \u0161velniai valo od\u0105 be sudirginimo.","og_url":"https:\/\/www.malinashop.lt\/en\/shop\/arocell-super-collagen-wrapping-mask-kolagenine-veido-kauke-80-ml\/","og_site_name":"MalinaShop.lt J\u016bs\u0173 sveikatai ir gro\u017eiui.","article_modified_time":"2026-02-10T08:50:06+00:00","og_image":[{"width":768,"height":768,"url":"https:\/\/www.malinashop.lt\/wp-content\/uploads\/2025\/06\/Arocell-Super-Collagen-Wrapping-Mask-\u2013-kolagenine-veido-kauke-80-ml.webp","type":"image\/webp"}],"twitter_card":"summary_large_image","schema":{"@context":"https:\/\/schema.org","@graph":[{"@type":"WebPage","@id":"https:\/\/www.malinashop.lt\/lt_lt\/shop\/arocell-super-collagen-wrapping-mask-kolagenine-veido-kauke-80-ml\/","url":"https:\/\/www.malinashop.lt\/lt_lt\/shop\/arocell-super-collagen-wrapping-mask-kolagenine-veido-kauke-80-ml\/","name":"Arocell Super Collagen Wrapping Mask \u2013 kolagenin\u0117 veido kauk\u0117 80 ml - MalinaShop.lt J\u016bs\u0173 sveikatai ir gro\u017eiui.","isPartOf":{"@id":"https:\/\/www.malinashop.lt\/en\/#website"},"primaryImageOfPage":{"@id":"https:\/\/www.malinashop.lt\/lt_lt\/shop\/arocell-super-collagen-wrapping-mask-kolagenine-veido-kauke-80-ml\/#primaryimage"},"image":{"@id":"https:\/\/www.malinashop.lt\/lt_lt\/shop\/arocell-super-collagen-wrapping-mask-kolagenine-veido-kauke-80-ml\/#primaryimage"},"thumbnailUrl":"https:\/\/www.malinashop.lt\/wp-content\/uploads\/2025\/06\/Arocell-Super-Collagen-Wrapping-Mask-\u2013-kolagenine-veido-kauke-80-ml.webp","datePublished":"2025-07-15T16:31:10+00:00","dateModified":"2026-02-10T08:50:06+00:00","description":"Stangrinanti veido kauk\u0117 su kolagenu giliai dr\u0117kina od\u0105, pagerina jos elastingum\u0105 ir padeda suma\u017einti smulkias rauk\u0161leles. Kauk\u0117 su kolagenu ir medetkomis \u2013 stangrina, maitina ir \u0161velniai valo od\u0105 be sudirginimo.","breadcrumb":{"@id":"https:\/\/www.malinashop.lt\/lt_lt\/shop\/arocell-super-collagen-wrapping-mask-kolagenine-veido-kauke-80-ml\/#breadcrumb"},"inLanguage":"en-GB","potentialAction":[{"@type":"ReadAction","target":["https:\/\/www.malinashop.lt\/lt_lt\/shop\/arocell-super-collagen-wrapping-mask-kolagenine-veido-kauke-80-ml\/"]}]},{"@type":"ImageObject","inLanguage":"en-GB","@id":"https:\/\/www.malinashop.lt\/lt_lt\/shop\/arocell-super-collagen-wrapping-mask-kolagenine-veido-kauke-80-ml\/#primaryimage","url":"https:\/\/www.malinashop.lt\/wp-content\/uploads\/2025\/06\/Arocell-Super-Collagen-Wrapping-Mask-\u2013-kolagenine-veido-kauke-80-ml.webp","contentUrl":"https:\/\/www.malinashop.lt\/wp-content\/uploads\/2025\/06\/Arocell-Super-Collagen-Wrapping-Mask-\u2013-kolagenine-veido-kauke-80-ml.webp","width":768,"height":768},{"@type":"BreadcrumbList","@id":"https:\/\/www.malinashop.lt\/lt_lt\/shop\/arocell-super-collagen-wrapping-mask-kolagenine-veido-kauke-80-ml\/#breadcrumb","itemListElement":[{"@type":"ListItem","position":1,"name":"Home","item":"https:\/\/www.malinashop.lt\/en\/"},{"@type":"ListItem","position":2,"name":"Parduotuv\u0117","item":"https:\/\/www.malinashop.lt\/en\/parduotuve\/"},{"@type":"ListItem","position":3,"name":"Arocell Super Collagen Wrapping Mask \u2013 kolagenin\u0117 veido kauk\u0117 80 ml"}]},{"@type":"WebSite","@id":"https:\/\/www.malinashop.lt\/en\/#website","url":"https:\/\/www.malinashop.lt\/en\/","name":"COM Group Ecommerce","description":"MalinaShop.lt - Gro\u017eio ir sveikatos produktai i\u0161 patikim\u0173 preki\u0173 \u017eenkl\u0173. Atraskite auk\u0161tos kokyb\u0117s kosmetik\u0105 u\u017e puiki\u0105 kain\u0105.","publisher":{"@id":"https:\/\/www.malinashop.lt\/en\/#organization"},"potentialAction":[{"@type":"SearchAction","target":{"@type":"EntryPoint","urlTemplate":"https:\/\/www.malinashop.lt\/en\/?s={search_term_string}"},"query-input":{"@type":"PropertyValueSpecification","valueRequired":true,"valueName":"search_term_string"}}],"inLanguage":"en-GB"},{"@type":"Organization","@id":"https:\/\/www.malinashop.lt\/en\/#organization","name":"COM Group Ecommerce","url":"https:\/\/www.malinashop.lt\/en\/","logo":{"@type":"ImageObject","inLanguage":"en-GB","@id":"https:\/\/www.malinashop.lt\/en\/#\/schema\/logo\/image\/","url":"https:\/\/www.malinashop.lt\/wp-content\/uploads\/2024\/08\/462559670_3787732518133670_9795632669273463_n-e1731525914575.png","contentUrl":"https:\/\/www.malinashop.lt\/wp-content\/uploads\/2024\/08\/462559670_3787732518133670_9795632669273463_n-e1731525914575.png","width":180,"height":60,"caption":"COM Group Ecommerce"},"image":{"@id":"https:\/\/www.malinashop.lt\/en\/#\/schema\/logo\/image\/"}}]}},"jetpack_sharing_enabled":true,"_links":{"self":[{"href":"https:\/\/www.malinashop.lt\/en\/wp-json\/wp\/v2\/product\/56716","targetHints":{"allow":["GET"]}}],"collection":[{"href":"https:\/\/www.malinashop.lt\/en\/wp-json\/wp\/v2\/product"}],"about":[{"href":"https:\/\/www.malinashop.lt\/en\/wp-json\/wp\/v2\/types\/product"}],"version-history":[{"count":2,"href":"https:\/\/www.malinashop.lt\/en\/wp-json\/wp\/v2\/product\/56716\/revisions"}],"predecessor-version":[{"id":60223,"href":"https:\/\/www.malinashop.lt\/en\/wp-json\/wp\/v2\/product\/56716\/revisions\/60223"}],"wp:featuredmedia":[{"embeddable":true,"href":"https:\/\/www.malinashop.lt\/en\/wp-json\/wp\/v2\/media\/56720"}],"wp:attachment":[{"href":"https:\/\/www.malinashop.lt\/en\/wp-json\/wp\/v2\/media?parent=56716"}],"wp:term":[{"taxonomy":"product_brand","embeddable":true,"href":"https:\/\/www.malinashop.lt\/en\/wp-json\/wp\/v2\/product_brand?post=56716"},{"taxonomy":"product_cat","embeddable":true,"href":"https:\/\/www.malinashop.lt\/en\/wp-json\/wp\/v2\/product_cat?post=56716"},{"taxonomy":"product_tag","embeddable":true,"href":"https:\/\/www.malinashop.lt\/en\/wp-json\/wp\/v2\/product_tag?post=56716"}],"curies":[{"name":"wp","href":"https:\/\/api.w.org\/{rel}","templated":true}]}}