{"id":56385,"date":"2025-06-02T16:43:04","date_gmt":"2025-06-02T13:43:04","guid":{"rendered":"https:\/\/malinashop.lt\/?post_type=product&#038;p=56385"},"modified":"2026-04-16T21:11:07","modified_gmt":"2026-04-16T18:11:07","slug":"lumineo-silko-plauku-serumas-su-vitaminu-a-20-ml","status":"publish","type":"product","link":"https:\/\/www.malinashop.lt\/en\/shop\/lumineo-silko-plauku-serumas-su-vitaminu-a-20-ml\/","title":{"rendered":"LUMINEO \u0161ilko plauk\u0173 serumas su vitaminu A, 20 ml"},"content":{"rendered":"<p data-pm-slice=\"1 1 []\"><strong>LUMINEO SUPREME HAIR SERUM \u2013 \u0161ilko ir vitamino A plauk\u0173 serumas<\/strong><\/p>\n<p data-pm-slice=\"1 1 []\"><strong>NAUDOTI TIK SU LUMINEO PLAUK\u0172 D\u017dIOVINTUVU<\/strong><\/p>\n<p><strong>DIDEL\u0116 DR\u0116KINIMO IR APSAUGOS GALIA J\u016aS\u0172 PLAUKAMS<\/strong><\/p>\n<h1 class=\"h1\"><img decoding=\"async\" src=\"https:\/\/upload.cdn.baselinker.com\/products\/3016653\/66bed521f90be76d1bfb05654d1fa8d8.jpg\" alt=\"66bed521f90be76d1bfb05654d1fa8d8.jpg\" \/><\/h1>\n<p data-pm-slice=\"1 1 []\">LUMINEO preki\u0173 \u017eenklas si\u016blo modernias veido ir plauk\u0173 prie\u017ei\u016bros sistemas namams \u2013 tai inovatyv\u016bs SPA \u012frenginiai, derinami su specialiai pritaikytais kosmetikos produktais.<\/p>\n<p>Bendradarbiaujame su pa\u017eangiausiomis Lenkijos laboratorijomis, kurios specializuojasi profesionali\u0173 gro\u017eio ir kirpykl\u0173 kosmetikos k\u016brime. Tod\u0117l m\u016bs\u0173 klientai gauna auk\u0161\u010diausios kokyb\u0117s produktus, kuri\u0173 veiksmingumas patvirtintas tyrimais ir kurie leid\u017eia m\u0117gautis SPA proced\u016bromis namuose.<\/p>\n<p><img fetchpriority=\"high\" decoding=\"async\" src=\"https:\/\/upload.cdn.baselinker.com\/products\/3016653\/84681c42375370f525c4b09f574421f2.jpg\" alt=\"84681c42375370f525c4b09f574421f2.jpg\" width=\"472\" height=\"472\" \/><\/p>\n<p data-pm-slice=\"1 1 []\"><strong>UNIKALUS SERUMAS SU \u0160ILKU, VITAMINU A IR UV FILTRU<\/strong><\/p>\n<p>Silikoninis serumas su \u0161ilku ir vitaminu A pasi\u017eymi intensyviu blizginan\u010diu, atstatan\u010diu, glotninan\u010diu bei apsauginiu poveikiu.<\/p>\n<p>Jis efektyviai saugo plaukus nuo neigiamo aplinkos poveikio (oro s\u0105lyg\u0173, temperat\u016br\u0173 svyravim\u0173, tar\u0161os, smogo, formavimo priemoni\u0173), stiprina ir maitina juos.<\/p>\n<p><img decoding=\"async\" src=\"https:\/\/upload.cdn.baselinker.com\/products\/3016653\/771ad28079323cb4042e4c36280c7985.jpg\" alt=\"771ad28079323cb4042e4c36280c7985.jpg\" width=\"467\" height=\"467\" \/><\/p>\n<p data-pm-slice=\"1 3 []\"><strong>NAUDA NAUDOJANT LUMINEO SERUM\u0104:<\/strong><\/p>\n<p><strong>\u0160ILKAS:<\/strong><\/p>\n<ul data-spread=\"false\">\n<li>Giliai \u012fsiskverbia \u012f plauk\u0105 ir skatina jo atsinaujinim\u0105<\/li>\n<li>Dr\u0117kina, gerina plauk\u0173 b\u016bkl\u0119<\/li>\n<li>Apgaubia plaukus apsaugine pl\u0117vele<\/li>\n<li>Ma\u017eina l\u016b\u017ein\u0117jim\u0105, saugo nuo skilin\u0117jimo ir pasi\u0161iau\u0161imo<\/li>\n<\/ul>\n<p><strong>VITAMINAS A (RETINOLIS):<\/strong><\/p>\n<ul data-spread=\"false\">\n<li>Stiprina net ir labai silpnus plaukus<\/li>\n<li>Ma\u017eina l\u016b\u017ein\u0117jim\u0105, saugo galiukus<\/li>\n<li><img decoding=\"async\" src=\"https:\/\/upload.cdn.baselinker.com\/products\/3016653\/4b6967441ca089e4a05f2aea5c171171.jpg\" alt=\"4b6967441ca089e4a05f2aea5c171171.jpg\" width=\"433\" height=\"433\" \/><\/li>\n<li>\n<p data-pm-slice=\"1 3 []\"><strong>KOFERMENTAS Q10:<\/strong><\/p>\n<ul data-spread=\"false\">\n<li>Galingas antioksidantas, kovojantis su laisvaisiais radikalais<\/li>\n<li>Skatina keratino gamyb\u0105<\/li>\n<li>Atstato plauk\u0173 strukt\u016br\u0105, stiprina silpnus plaukus<\/li>\n<\/ul>\n<\/li>\n<\/ul>\n<p><img loading=\"lazy\" decoding=\"async\" src=\"https:\/\/upload.cdn.baselinker.com\/products\/3016653\/797ded2883d303f3827f53168f95dc74.jpg\" alt=\"797ded2883d303f3827f53168f95dc74.jpg\" width=\"468\" height=\"468\" \/><\/p>\n<p data-pm-slice=\"1 1 []\"><strong>NAUJIENA! NAUDOKITE KARTU SU PROFESIONALIU LUMINEO PLAUK\u0172 D\u017dIOVINTUVU<\/strong><\/p>\n<p>Serumas puikiai veikia kartu su LUMINEO profesionaliu plauk\u0173 d\u017eiovintuvu, kuris turi special\u0173 antgal\u012f serumo dozavimui tiesiai ant plauk\u0173.<\/p>\n<p><strong>KOD\u0116L VERTA I\u0160BANDYTI KOMPLEKT\u0104?<\/strong><\/p>\n<ul data-spread=\"false\">\n<li>DUO-FASTIC technologija \u2013 derinys tarp \u012frenginio ir specialios kosmetikos<\/li>\n<li>Poveikis matomas jau po pirmo d\u017eiovinimo<\/li>\n<li>Plaukai tampa \u0161ilkiniai, glotn\u016bs ir spindintys<\/li>\n<\/ul>\n<div>\n<hr \/>\n<\/div>\n<p><img loading=\"lazy\" decoding=\"async\" src=\"https:\/\/upload.cdn.baselinker.com\/products\/3016653\/5bb21170692132a0d7010ea999ede446.jpg\" alt=\"5bb21170692132a0d7010ea999ede446.jpg\" width=\"433\" height=\"433\" \/><\/p>\n<p data-pm-slice=\"1 3 []\"><strong>LUMINEO D\u017dIOVINTUVO IR SERUMO KOMPLEKTO PRIVALUMAI:<\/strong><\/p>\n<ul data-spread=\"false\">\n<li>Greitas ir tolygus serumo paskirstymas nuo \u0161akn\u0173 iki galiuk\u0173<\/li>\n<li>Aliej\u0173 pur\u0161kimo funkcija + 2 mln. jon\u0173\/cm\u00b2<\/li>\n<li>Komplekte 3 aliejai: argano, juodgr\u016bd\u0117s ir \u0161ilko su vitaminu A<\/li>\n<li>3 antgaliai: aliejaus difuzorius, difuzorius garbanotiems plaukams, koncentruotas antgalis tiesinimui<\/li>\n<\/ul>\n<p>Galingumas iki 2400 W<\/p>\n<p>&nbsp;<\/p>\n<p><img loading=\"lazy\" decoding=\"async\" src=\"https:\/\/upload.cdn.baselinker.com\/products\/3016653\/2b4c30a25364aa3bbfbdfde2899b7773.jpg\" alt=\"2b4c30a25364aa3bbfbdfde2899b7773.jpg\" width=\"442\" height=\"442\" \/><\/p>\n<p data-pm-slice=\"1 1 []\"><strong>SUD\u0116TIS:<\/strong> Cyclopentasiloxane, Dimethiconol, Caprylic\/Capric Triglyceride, Hydrolyzed Silk, Retinyl Palmitate, Ubiquinone, Parfum, Ethylhexyl Methoxycinnamate, Tocopherol<\/p>\n<p><strong>Talpa: 20 ml<\/strong><\/p>\n<p data-start=\"4988\" data-end=\"5045\"><strong>Mes esame oficial\u016bs LUMINEO produkt\u0173 atstovai Lietuvoje ir Baltijos \u0161alyse. Si\u016blome auk\u0161\u010diausios kokyb\u0117s veido prie\u017ei\u016bros sistemas, kurios sujungia inovatyvius SPA \u012frenginius ir profesionaliai pritaikyt\u0105 kosmetik\u0105, kad u\u017etikrintume matomus rezultatus ir auk\u0161\u010diausi\u0105 klient\u0173 pasitenkinim\u0105. M\u016bs\u0173 tikslas \u2013 suteikti galimyb\u0119 m\u0117gautis profesionaliomis SPA proced\u016bromis tiesiai namuose.<\/strong><\/p>\n<p data-start=\"4988\" data-end=\"5045\"><img decoding=\"async\" src=\"https:\/\/upload.cdn.baselinker.com\/products\/3016653\/5f05b907fad41a229d3e848f399c0f7f.png\" alt=\"5f05b907fad41a229d3e848f399c0f7f.png\" \/><\/p>\n<p data-pm-slice=\"1 3 []\"><strong>DA\u017dNIAUSIAI U\u017dDUODAMI KLAUSIMAI:<\/strong><\/p>\n<p><strong>Kokie serumai tinka naudoti su LUMINEO d\u017eiovintuvu?<\/strong><\/p>\n<ul data-spread=\"false\">\n<li>LUMINEO si\u016blo 3 serumus: argano aliej\u0173, juodgr\u016bd\u0117s aliej\u0173 ir \u0161ilk\u0105 su vitaminu A.<\/li>\n<\/ul>\n<p><strong>Ar galima naudoti kit\u0173 gamintoj\u0173 aliejus?<\/strong><\/p>\n<ul data-spread=\"false\">\n<li>Ne. Nenaudokite kit\u0173 gamintoj\u0173 produkt\u0173 \u2013 jie gali sugadinti serumo dozatori\u0173.<\/li>\n<\/ul>\n<p><strong>Ar galima naudoti serum\u0105 be d\u017eiovintuvo?<\/strong><\/p>\n<ul data-spread=\"false\">\n<li>Taip, serum\u0105 galima naudoti atskirai ant dr\u0117gn\u0173 plauk\u0173. Ta\u010diau did\u017eiausias efektas pasiekiamas naudojant su LUMINEO d\u017eiovintuvu.<\/li>\n<\/ul>\n<p><strong>Ar d\u017eiovintuvas turi jonizacij\u0105?<\/strong><\/p>\n<ul data-spread=\"false\">\n<li>Taip, LUMINEO d\u017eiovintuvas turi pa\u017eangi\u0105 jonizacijos technologij\u0105 \u2013 daugiau nei 2 mln. jon\u0173\/cm\u00b2.<\/li>\n<\/ul>\n<p><strong>Kod\u0117l d\u017eiovintuvas vadinamas profesionaliu?<\/strong><\/p>\n<ul data-spread=\"false\">\n<li>Jis pasi\u017eymi galia iki 2400 W, reguliuojama oro srove, temperat\u016bra, \u0161altu oro srautu fiksavimui, laikikliu pakabinimui ir ilgu laidu \u2013 tinka naudoti kirpyklose<\/li>\n<\/ul>\n","protected":false},"excerpt":{"rendered":"<p>LUMINEO SUPREME HAIR SERUM \u2013 \u0161ilko ir vitamino A plauk\u0173 serumas NAUDOTI TIK SU LUMINEO PLAUK\u0172 D\u017dIOVINTUVU DIDEL\u0116 DR\u0116KINIMO IR APSAUGOS GALIA&hellip;<\/p>\n","protected":false},"featured_media":74856,"template":"","meta":[],"product_brand":[1324],"product_cat":[1344,711,516],"product_tag":[1345],"class_list":{"0":"post-56385","1":"product","2":"type-product","3":"status-publish","4":"has-post-thumbnail","6":"product_brand-lumineo","7":"product_cat-lumineo-plauku-dziovintuvas","8":"product_cat-plaukams","9":"product_cat-plauku-aliejai-serumai-pilingas","10":"product_tag-lumineo","12":"first","13":"instock","14":"sale","15":"taxable","16":"shipping-taxable","17":"purchasable","18":"product-type-simple"},"yoast_head":"<!-- This site is optimized with the Yoast SEO plugin v27.4 - https:\/\/yoast.com\/product\/yoast-seo-wordpress\/ -->\n<title>LUMINEO \u0161ilko plauk\u0173 serumas su vitaminu A, 20 ml - MalinaShop.lt J\u016bs\u0173 sveikatai ir gro\u017eiui.<\/title>\n<meta name=\"description\" content=\"LUMINEO \u0161ilko serumas su vitaminu A ir Q10 \u2013 blizgesys, glotnumas ir apsauga j\u016bs\u0173 plaukams. Naudokite atskirai arba kartu su LUMINEO d\u017eiovintuvu.\" \/>\n<meta name=\"robots\" content=\"index, follow, max-snippet:-1, max-image-preview:large, max-video-preview:-1\" \/>\n<link rel=\"canonical\" href=\"https:\/\/www.malinashop.lt\/en\/shop\/lumineo-silko-plauku-serumas-su-vitaminu-a-20-ml\/\" \/>\n<meta property=\"og:locale\" content=\"en_GB\" \/>\n<meta property=\"og:type\" content=\"article\" \/>\n<meta property=\"og:title\" content=\"LUMINEO \u0161ilko plauk\u0173 serumas su vitaminu A, 20 ml - MalinaShop.lt J\u016bs\u0173 sveikatai ir gro\u017eiui.\" \/>\n<meta property=\"og:description\" content=\"LUMINEO \u0161ilko serumas su vitaminu A ir Q10 \u2013 blizgesys, glotnumas ir apsauga j\u016bs\u0173 plaukams. Naudokite atskirai arba kartu su LUMINEO d\u017eiovintuvu.\" \/>\n<meta property=\"og:url\" content=\"https:\/\/www.malinashop.lt\/en\/shop\/lumineo-silko-plauku-serumas-su-vitaminu-a-20-ml\/\" \/>\n<meta property=\"og:site_name\" content=\"MalinaShop.lt J\u016bs\u0173 sveikatai ir gro\u017eiui.\" \/>\n<meta property=\"article:modified_time\" content=\"2026-04-16T18:11:07+00:00\" \/>\n<meta property=\"og:image\" content=\"https:\/\/www.malinashop.lt\/wp-content\/uploads\/2025\/06\/Gemini_Generated_Image_hcbzqghcbzqghcbz.png\" \/>\n\t<meta property=\"og:image:width\" content=\"1024\" \/>\n\t<meta property=\"og:image:height\" content=\"1024\" \/>\n\t<meta property=\"og:image:type\" content=\"image\/png\" \/>\n<meta name=\"twitter:card\" content=\"summary_large_image\" \/>\n<script type=\"application\/ld+json\" class=\"yoast-schema-graph\">{\"@context\":\"https:\\\/\\\/schema.org\",\"@graph\":[{\"@type\":\"WebPage\",\"@id\":\"https:\\\/\\\/www.malinashop.lt\\\/shop\\\/lumineo-silko-plauku-serumas-su-vitaminu-a-20-ml\\\/\",\"url\":\"https:\\\/\\\/www.malinashop.lt\\\/shop\\\/lumineo-silko-plauku-serumas-su-vitaminu-a-20-ml\\\/\",\"name\":\"LUMINEO \u0161ilko plauk\u0173 serumas su vitaminu A, 20 ml - MalinaShop.lt J\u016bs\u0173 sveikatai ir gro\u017eiui.\",\"isPartOf\":{\"@id\":\"https:\\\/\\\/www.malinashop.lt\\\/#website\"},\"primaryImageOfPage\":{\"@id\":\"https:\\\/\\\/www.malinashop.lt\\\/shop\\\/lumineo-silko-plauku-serumas-su-vitaminu-a-20-ml\\\/#primaryimage\"},\"image\":{\"@id\":\"https:\\\/\\\/www.malinashop.lt\\\/shop\\\/lumineo-silko-plauku-serumas-su-vitaminu-a-20-ml\\\/#primaryimage\"},\"thumbnailUrl\":\"https:\\\/\\\/www.malinashop.lt\\\/wp-content\\\/uploads\\\/2025\\\/06\\\/Gemini_Generated_Image_hcbzqghcbzqghcbz.png\",\"datePublished\":\"2025-06-02T13:43:04+00:00\",\"dateModified\":\"2026-04-16T18:11:07+00:00\",\"description\":\"LUMINEO \u0161ilko serumas su vitaminu A ir Q10 \u2013 blizgesys, glotnumas ir apsauga j\u016bs\u0173 plaukams. Naudokite atskirai arba kartu su LUMINEO d\u017eiovintuvu.\",\"breadcrumb\":{\"@id\":\"https:\\\/\\\/www.malinashop.lt\\\/shop\\\/lumineo-silko-plauku-serumas-su-vitaminu-a-20-ml\\\/#breadcrumb\"},\"inLanguage\":\"en-GB\",\"potentialAction\":[{\"@type\":\"ReadAction\",\"target\":[\"https:\\\/\\\/www.malinashop.lt\\\/shop\\\/lumineo-silko-plauku-serumas-su-vitaminu-a-20-ml\\\/\"]}]},{\"@type\":\"ImageObject\",\"inLanguage\":\"en-GB\",\"@id\":\"https:\\\/\\\/www.malinashop.lt\\\/shop\\\/lumineo-silko-plauku-serumas-su-vitaminu-a-20-ml\\\/#primaryimage\",\"url\":\"https:\\\/\\\/www.malinashop.lt\\\/wp-content\\\/uploads\\\/2025\\\/06\\\/Gemini_Generated_Image_hcbzqghcbzqghcbz.png\",\"contentUrl\":\"https:\\\/\\\/www.malinashop.lt\\\/wp-content\\\/uploads\\\/2025\\\/06\\\/Gemini_Generated_Image_hcbzqghcbzqghcbz.png\",\"width\":1024,\"height\":1024},{\"@type\":\"BreadcrumbList\",\"@id\":\"https:\\\/\\\/www.malinashop.lt\\\/shop\\\/lumineo-silko-plauku-serumas-su-vitaminu-a-20-ml\\\/#breadcrumb\",\"itemListElement\":[{\"@type\":\"ListItem\",\"position\":1,\"name\":\"Pagrindinis\",\"item\":\"https:\\\/\\\/www.malinashop.lt\\\/\"},{\"@type\":\"ListItem\",\"position\":2,\"name\":\"Parduotuv\u0117\",\"item\":\"https:\\\/\\\/www.malinashop.lt\\\/en\\\/parduotuve\\\/\"},{\"@type\":\"ListItem\",\"position\":3,\"name\":\"LUMINEO \u0161ilko plauk\u0173 serumas su vitaminu A, 20 ml\"}]},{\"@type\":\"WebSite\",\"@id\":\"https:\\\/\\\/www.malinashop.lt\\\/#website\",\"url\":\"https:\\\/\\\/www.malinashop.lt\\\/\",\"name\":\"COM Group Ecommerce\",\"description\":\"MalinaShop.lt - Gro\u017eio ir sveikatos produktai i\u0161 patikim\u0173 preki\u0173 \u017eenkl\u0173. Atraskite auk\u0161tos kokyb\u0117s kosmetik\u0105 u\u017e puiki\u0105 kain\u0105.\",\"publisher\":{\"@id\":\"https:\\\/\\\/www.malinashop.lt\\\/#organization\"},\"potentialAction\":[{\"@type\":\"SearchAction\",\"target\":{\"@type\":\"EntryPoint\",\"urlTemplate\":\"https:\\\/\\\/www.malinashop.lt\\\/?s={search_term_string}\"},\"query-input\":{\"@type\":\"PropertyValueSpecification\",\"valueRequired\":true,\"valueName\":\"search_term_string\"}}],\"inLanguage\":\"en-GB\"},{\"@type\":\"Organization\",\"@id\":\"https:\\\/\\\/www.malinashop.lt\\\/#organization\",\"name\":\"COM Group Ecommerce\",\"url\":\"https:\\\/\\\/www.malinashop.lt\\\/\",\"logo\":{\"@type\":\"ImageObject\",\"inLanguage\":\"en-GB\",\"@id\":\"https:\\\/\\\/www.malinashop.lt\\\/#\\\/schema\\\/logo\\\/image\\\/\",\"url\":\"https:\\\/\\\/www.malinashop.lt\\\/wp-content\\\/uploads\\\/2024\\\/08\\\/462559670_3787732518133670_9795632669273463_n-e1731525914575.png\",\"contentUrl\":\"https:\\\/\\\/www.malinashop.lt\\\/wp-content\\\/uploads\\\/2024\\\/08\\\/462559670_3787732518133670_9795632669273463_n-e1731525914575.png\",\"width\":180,\"height\":60,\"caption\":\"COM Group Ecommerce\"},\"image\":{\"@id\":\"https:\\\/\\\/www.malinashop.lt\\\/#\\\/schema\\\/logo\\\/image\\\/\"}}]}<\/script>\n<!-- \/ Yoast SEO plugin. -->","yoast_head_json":{"title":"LUMINEO \u0161ilko plauk\u0173 serumas su vitaminu A, 20 ml - MalinaShop.lt J\u016bs\u0173 sveikatai ir gro\u017eiui.","description":"LUMINEO \u0161ilko serumas su vitaminu A ir Q10 \u2013 blizgesys, glotnumas ir apsauga j\u016bs\u0173 plaukams. Naudokite atskirai arba kartu su LUMINEO d\u017eiovintuvu.","robots":{"index":"index","follow":"follow","max-snippet":"max-snippet:-1","max-image-preview":"max-image-preview:large","max-video-preview":"max-video-preview:-1"},"canonical":"https:\/\/www.malinashop.lt\/en\/shop\/lumineo-silko-plauku-serumas-su-vitaminu-a-20-ml\/","og_locale":"en_GB","og_type":"article","og_title":"LUMINEO \u0161ilko plauk\u0173 serumas su vitaminu A, 20 ml - MalinaShop.lt J\u016bs\u0173 sveikatai ir gro\u017eiui.","og_description":"LUMINEO \u0161ilko serumas su vitaminu A ir Q10 \u2013 blizgesys, glotnumas ir apsauga j\u016bs\u0173 plaukams. Naudokite atskirai arba kartu su LUMINEO d\u017eiovintuvu.","og_url":"https:\/\/www.malinashop.lt\/en\/shop\/lumineo-silko-plauku-serumas-su-vitaminu-a-20-ml\/","og_site_name":"MalinaShop.lt J\u016bs\u0173 sveikatai ir gro\u017eiui.","article_modified_time":"2026-04-16T18:11:07+00:00","og_image":[{"width":1024,"height":1024,"url":"https:\/\/www.malinashop.lt\/wp-content\/uploads\/2025\/06\/Gemini_Generated_Image_hcbzqghcbzqghcbz.png","type":"image\/png"}],"twitter_card":"summary_large_image","schema":{"@context":"https:\/\/schema.org","@graph":[{"@type":"WebPage","@id":"https:\/\/www.malinashop.lt\/shop\/lumineo-silko-plauku-serumas-su-vitaminu-a-20-ml\/","url":"https:\/\/www.malinashop.lt\/shop\/lumineo-silko-plauku-serumas-su-vitaminu-a-20-ml\/","name":"LUMINEO \u0161ilko plauk\u0173 serumas su vitaminu A, 20 ml - MalinaShop.lt J\u016bs\u0173 sveikatai ir gro\u017eiui.","isPartOf":{"@id":"https:\/\/www.malinashop.lt\/#website"},"primaryImageOfPage":{"@id":"https:\/\/www.malinashop.lt\/shop\/lumineo-silko-plauku-serumas-su-vitaminu-a-20-ml\/#primaryimage"},"image":{"@id":"https:\/\/www.malinashop.lt\/shop\/lumineo-silko-plauku-serumas-su-vitaminu-a-20-ml\/#primaryimage"},"thumbnailUrl":"https:\/\/www.malinashop.lt\/wp-content\/uploads\/2025\/06\/Gemini_Generated_Image_hcbzqghcbzqghcbz.png","datePublished":"2025-06-02T13:43:04+00:00","dateModified":"2026-04-16T18:11:07+00:00","description":"LUMINEO \u0161ilko serumas su vitaminu A ir Q10 \u2013 blizgesys, glotnumas ir apsauga j\u016bs\u0173 plaukams. Naudokite atskirai arba kartu su LUMINEO d\u017eiovintuvu.","breadcrumb":{"@id":"https:\/\/www.malinashop.lt\/shop\/lumineo-silko-plauku-serumas-su-vitaminu-a-20-ml\/#breadcrumb"},"inLanguage":"en-GB","potentialAction":[{"@type":"ReadAction","target":["https:\/\/www.malinashop.lt\/shop\/lumineo-silko-plauku-serumas-su-vitaminu-a-20-ml\/"]}]},{"@type":"ImageObject","inLanguage":"en-GB","@id":"https:\/\/www.malinashop.lt\/shop\/lumineo-silko-plauku-serumas-su-vitaminu-a-20-ml\/#primaryimage","url":"https:\/\/www.malinashop.lt\/wp-content\/uploads\/2025\/06\/Gemini_Generated_Image_hcbzqghcbzqghcbz.png","contentUrl":"https:\/\/www.malinashop.lt\/wp-content\/uploads\/2025\/06\/Gemini_Generated_Image_hcbzqghcbzqghcbz.png","width":1024,"height":1024},{"@type":"BreadcrumbList","@id":"https:\/\/www.malinashop.lt\/shop\/lumineo-silko-plauku-serumas-su-vitaminu-a-20-ml\/#breadcrumb","itemListElement":[{"@type":"ListItem","position":1,"name":"Pagrindinis","item":"https:\/\/www.malinashop.lt\/"},{"@type":"ListItem","position":2,"name":"Parduotuv\u0117","item":"https:\/\/www.malinashop.lt\/en\/parduotuve\/"},{"@type":"ListItem","position":3,"name":"LUMINEO \u0161ilko plauk\u0173 serumas su vitaminu A, 20 ml"}]},{"@type":"WebSite","@id":"https:\/\/www.malinashop.lt\/#website","url":"https:\/\/www.malinashop.lt\/","name":"COM Group Ecommerce","description":"MalinaShop.lt - Gro\u017eio ir sveikatos produktai i\u0161 patikim\u0173 preki\u0173 \u017eenkl\u0173. Atraskite auk\u0161tos kokyb\u0117s kosmetik\u0105 u\u017e puiki\u0105 kain\u0105.","publisher":{"@id":"https:\/\/www.malinashop.lt\/#organization"},"potentialAction":[{"@type":"SearchAction","target":{"@type":"EntryPoint","urlTemplate":"https:\/\/www.malinashop.lt\/?s={search_term_string}"},"query-input":{"@type":"PropertyValueSpecification","valueRequired":true,"valueName":"search_term_string"}}],"inLanguage":"en-GB"},{"@type":"Organization","@id":"https:\/\/www.malinashop.lt\/#organization","name":"COM Group Ecommerce","url":"https:\/\/www.malinashop.lt\/","logo":{"@type":"ImageObject","inLanguage":"en-GB","@id":"https:\/\/www.malinashop.lt\/#\/schema\/logo\/image\/","url":"https:\/\/www.malinashop.lt\/wp-content\/uploads\/2024\/08\/462559670_3787732518133670_9795632669273463_n-e1731525914575.png","contentUrl":"https:\/\/www.malinashop.lt\/wp-content\/uploads\/2024\/08\/462559670_3787732518133670_9795632669273463_n-e1731525914575.png","width":180,"height":60,"caption":"COM Group Ecommerce"},"image":{"@id":"https:\/\/www.malinashop.lt\/#\/schema\/logo\/image\/"}}]}},"jetpack_sharing_enabled":true,"_links":{"self":[{"href":"https:\/\/www.malinashop.lt\/en\/wp-json\/wp\/v2\/product\/56385","targetHints":{"allow":["GET"]}}],"collection":[{"href":"https:\/\/www.malinashop.lt\/en\/wp-json\/wp\/v2\/product"}],"about":[{"href":"https:\/\/www.malinashop.lt\/en\/wp-json\/wp\/v2\/types\/product"}],"version-history":[{"count":3,"href":"https:\/\/www.malinashop.lt\/en\/wp-json\/wp\/v2\/product\/56385\/revisions"}],"predecessor-version":[{"id":74857,"href":"https:\/\/www.malinashop.lt\/en\/wp-json\/wp\/v2\/product\/56385\/revisions\/74857"}],"wp:featuredmedia":[{"embeddable":true,"href":"https:\/\/www.malinashop.lt\/en\/wp-json\/wp\/v2\/media\/74856"}],"wp:attachment":[{"href":"https:\/\/www.malinashop.lt\/en\/wp-json\/wp\/v2\/media?parent=56385"}],"wp:term":[{"taxonomy":"product_brand","embeddable":true,"href":"https:\/\/www.malinashop.lt\/en\/wp-json\/wp\/v2\/product_brand?post=56385"},{"taxonomy":"product_cat","embeddable":true,"href":"https:\/\/www.malinashop.lt\/en\/wp-json\/wp\/v2\/product_cat?post=56385"},{"taxonomy":"product_tag","embeddable":true,"href":"https:\/\/www.malinashop.lt\/en\/wp-json\/wp\/v2\/product_tag?post=56385"}],"curies":[{"name":"wp","href":"https:\/\/api.w.org\/{rel}","templated":true}]}}