{"id":56366,"date":"2025-06-03T23:09:36","date_gmt":"2025-06-03T20:09:36","guid":{"rendered":"https:\/\/malinashop.lt\/?post_type=product&#038;p=56366"},"modified":"2026-04-16T21:11:00","modified_gmt":"2026-04-16T18:11:00","slug":"lumineo-led-kavitacinis-sveitiklis-drekinamasis-tonikas","status":"publish","type":"product","link":"https:\/\/www.malinashop.lt\/en\/shop\/lumineo-led-kavitacinis-sveitiklis-drekinamasis-tonikas\/","title":{"rendered":"Lumineo LED kavitacinis \u0161veitiklis + dr\u0117kinamasis tonikas"},"content":{"rendered":"<p data-pm-slice=\"1 1 []\"><a href=\"https:\/\/malinashop.lt\/wp-content\/uploads\/2025\/06\/INSTRUKCIJA-LUMINEO-daugiafunkcis-veido-odos-prietaisas.docx\">INSTRUKCIJA LUMINEO daugiafunkcis veido odos prietaisas<\/a><\/p>\n<p data-pm-slice=\"1 1 []\"><strong>LUMINEO LED kavitacinis \u0161veitiklis + dr\u0117kinamasis alavij\u0173 tonikas<\/strong> <strong>= DVIGUBA VEIKIMO GALIA<\/strong><\/p>\n<p><strong>KAVITACINIS \u0160VEITIMAS | LED | ION+ | JONTOPHORES\u0116 | ION- | EMS | SONOFORES\u0116<\/strong><\/p>\n<p><img decoding=\"async\" src=\"https:\/\/upload.cdn.baselinker.com\/products\/3016653\/554abffb000ebf4811e53a5256d9826a.png\" alt=\"554abffb000ebf4811e53a5256d9826a.png\" \/><\/p>\n<p data-pm-slice=\"1 1 []\"><strong>LUMINEO \u2013 pa\u017eangios odos prie\u017ei\u016bros sistemos namuose<\/strong> LUMINEO prek\u0117s \u017eenklas si\u016blo modernias veido ir k\u016bno prie\u017ei\u016bros sistemas nam\u0173 s\u0105lygomis \u2013 tai inovatyv\u016bs SPA \u012frenginiai, derinami su kruop\u0161\u010diai pritaikyta kosmetika.<\/p>\n<p>Bendradarbiaujame su pa\u017eangiausiomis Lenkijos kosmetikos laboratorijomis, tod\u0117l m\u016bs\u0173 klientai gauna auk\u0161\u010diausios kokyb\u0117s produktus, akivaizd\u017eius rezultatus ir profesionalias proced\u016bras savo namuose.<\/p>\n<p>Kosmetikos veiksmingumas patvirtintas dermatologiniais tyrimais, o prietais\u0173 saugum\u0105 u\u017etikrina ES CE sertifikatas.<\/p>\n<p><img fetchpriority=\"high\" decoding=\"async\" class=\"\" src=\"https:\/\/upload.cdn.baselinker.com\/products\/3016653\/cff43f754db775d3fab14f6f5e247897.png\" alt=\"cff43f754db775d3fab14f6f5e247897.png\" width=\"423\" height=\"423\" \/><\/p>\n<p data-pm-slice=\"1 3 []\"><strong>PRIETAISO PRIVALUMAI:<\/strong><\/p>\n<ul data-spread=\"false\">\n<li>5 darbo re\u017eimai + LED fototerapija<\/li>\n<li>Auk\u0161ta vibracijos da\u017enio reik\u0161m\u0117 (24 000 mHz)<\/li>\n<li>Ideali, ergonomi\u0161ka mentel\u0117<\/li>\n<li>Tinka vis\u0173 tip\u0173 odai \u2013 valo, skaistina, ma\u017eina rauk\u0161les<\/li>\n<li>Vieno mygtuko valdymas<\/li>\n<li>Atsparumas vandeniui IPX5<\/li>\n<li>Veidrodinis pavir\u0161ius<\/li>\n<li>Kompakti\u0161kas dydis<\/li>\n<li>Greitas USB \u012fkrovimas<\/li>\n<\/ul>\n<p><img decoding=\"async\" class=\"\" src=\"https:\/\/upload.cdn.baselinker.com\/products\/3016653\/231c1b7c9e2c997ece81449df6bbb9f0.png\" alt=\"231c1b7c9e2c997ece81449df6bbb9f0.png\" width=\"427\" height=\"427\" \/><\/p>\n<p data-pm-slice=\"1 3 []\"><strong>DR\u0116KINAMASIS ALOE VERA TONIKAS<\/strong> Sukurtas odai, kuriai reikia intensyvaus dr\u0117kinimo:<\/p>\n<ul data-spread=\"false\">\n<li>normaliai, mi\u0161riai, sausai ar jautriai odai<\/li>\n<li>tinka brand\u017eiai ir jaunos odos prie\u017ei\u016brai<\/li>\n<\/ul>\n<p><strong>Be:<\/strong><\/p>\n<ul data-spread=\"false\">\n<li>da\u017eikli\u0173<\/li>\n<li>kvapikli\u0173<\/li>\n<li>paraben\u0173<\/li>\n<\/ul>\n<p data-start=\"4988\" data-end=\"5045\"><img decoding=\"async\" class=\"\" src=\"https:\/\/upload.cdn.baselinker.com\/products\/3016653\/db0d2e9fb3572baa5340c30744fc5422.jpg\" alt=\"db0d2e9fb3572baa5340c30744fc5422.jpg\" width=\"429\" height=\"575\" \/><\/p>\n<p data-pm-slice=\"1 3 []\"><strong>NAT\u016aRAL\u016aS INGREDIENTAI<\/strong><\/p>\n<ul data-spread=\"false\">\n<li>Alavijo lap\u0173 ekstraktas \u2013 daugiau nei 200 aktyvi\u0173 med\u017eiag\u0173 (vitaminai A, C, E, B1, B2, B3, B6, folio r\u016bg\u0161tis, cholinas, mikroelementai, augaliniai steroliai)<\/li>\n<li>Agurk\u0173 ekstraktas ir folio r\u016bg\u0161tis \u2013 skatina l\u0105steli\u0173 atsinaujinim\u0105, tonizuoja<\/li>\n<\/ul>\n<p data-start=\"4988\" data-end=\"5045\"><img loading=\"lazy\" decoding=\"async\" class=\"\" src=\"https:\/\/upload.cdn.baselinker.com\/products\/3016653\/7bb6b2581297cedc2c70040e91d67794.jpg\" alt=\"7bb6b2581297cedc2c70040e91d67794.jpg\" width=\"437\" height=\"437\" \/><\/p>\n<p data-pm-slice=\"1 3 []\"><strong>KAVITACINIS \u0160VEITIMAS (SONIC)<\/strong><\/p>\n<ul data-spread=\"false\">\n<li>Giluminis valymas<\/li>\n<li>Dr\u0117kina ir ramina<\/li>\n<li>Sutraukia poras<\/li>\n<li>\u0160viesina od\u0105 ir suteikia spindesio<\/li>\n<li>Mink\u0161tina epiderm\u012f<\/li>\n<li>Baktericidinis poveikis<\/li>\n<li>Skatina kolageno regeneracij\u0105<\/li>\n<li>Naudojant reguliariai, ma\u017eina pigmentacij\u0105<\/li>\n<\/ul>\n<p data-start=\"4988\" data-end=\"5045\"><img loading=\"lazy\" decoding=\"async\" class=\"\" src=\"https:\/\/upload.cdn.baselinker.com\/products\/3016653\/cade873cae3ceb82aaf2f48a7c82f479.jpg\" alt=\"cade873cae3ceb82aaf2f48a7c82f479.jpg\" width=\"447\" height=\"447\" \/><\/p>\n<p data-pm-slice=\"1 3 []\"><strong>JONTOPHORES\u0116 (ION+ ION-)<\/strong><\/p>\n<ul data-spread=\"false\">\n<li>Mikrosrovi\u0173 pagalba veikliosios med\u017eiagos prasiskverbia giliau<\/li>\n<li>Reikalingi special\u016bs kosmetikos produktai su teigiamu arba neigiamu kr\u016bviu<\/li>\n<\/ul>\n<p data-start=\"4988\" data-end=\"5045\"><img loading=\"lazy\" decoding=\"async\" class=\"\" src=\"https:\/\/upload.cdn.baselinker.com\/products\/3016653\/cb9ad83ef72c56c5c3b88db103c1cb3f.jpg\" alt=\"cb9ad83ef72c56c5c3b88db103c1cb3f.jpg\" width=\"462\" height=\"462\" \/><\/p>\n<p data-pm-slice=\"1 3 []\"><strong>EMS (RAUMEN\u0172 ELEKTROSTIMULIACIJA)<\/strong><\/p>\n<ul data-spread=\"false\">\n<li>Stimuliuoja veido raumenis<\/li>\n<li>Skatina kolageno ir elastino sintez\u0119<\/li>\n<li>Greitas odos atjauninimas<\/li>\n<li>Malonus vibruojantis poj\u016btis<\/li>\n<\/ul>\n<p data-start=\"4988\" data-end=\"5045\"><img loading=\"lazy\" decoding=\"async\" class=\"\" src=\"https:\/\/upload.cdn.baselinker.com\/products\/3016653\/22dafa2aa60619461580088bd37f34e7.png\" alt=\"22dafa2aa60619461580088bd37f34e7.png\" width=\"461\" height=\"461\" \/><\/p>\n<p data-pm-slice=\"1 3 []\"><strong>LED FOTOTERAPIJA<\/strong><\/p>\n<ul data-spread=\"false\">\n<li>Gerina kraujotak\u0105, regeneruoja, ramina<\/li>\n<li>Raudona \u0161viesa \u2013 atnaujinantis ir gydantis poveikis<\/li>\n<li>M\u0117lyna \u0161viesa \u2013 antibakterinis poveikis, ma\u017eina u\u017edegimus<\/li>\n<\/ul>\n<p data-pm-slice=\"1 1 []\"><strong>KAIP ATLIEKTI KAVITACINIO \u0160VEITIMO PROCED\u016aR\u0104?<\/strong> Rekomenduojama 1\u20132 kartus per savait\u0119.<\/p>\n<p><iframe title=\"Lumineo LED kavitacinio pilingo instrukcija. #lumineo #skincare #malinashop #veidoprie\u017ei\u016bra\" width=\"563\" height=\"1000\" src=\"https:\/\/www.youtube.com\/embed\/X0PESRWMo14?feature=oembed\" frameborder=\"0\" allow=\"accelerometer; autoplay; clipboard-write; encrypted-media; gyroscope; picture-in-picture; web-share\" referrerpolicy=\"strict-origin-when-cross-origin\" allowfullscreen><\/iframe><\/p>\n<p data-pm-slice=\"1 1 []\"><img loading=\"lazy\" decoding=\"async\" class=\"\" src=\"https:\/\/upload.cdn.baselinker.com\/products\/3016653\/0cb00d88067cbe1ad5bc04cf3a9416c0.jpg\" alt=\"0cb00d88067cbe1ad5bc04cf3a9416c0.jpg\" width=\"435\" height=\"435\" \/><\/p>\n<ol start=\"1\" data-spread=\"false\" data-pm-slice=\"3 3 []\">\n<li>Nuvalykite veid\u0105 (rekomenduojama naudoti LUMINEO \u0161epet\u0117l\u012f ir gel\u012f)<\/li>\n<li>Sudr\u0117kinkite od\u0105 LUMINEO toniku (vengti aki\u0173 ir l\u016bp\u0173)<\/li>\n<li>Pasirinkite SONIC re\u017eim\u0105 ir \u0161velniai braukite mentel\u0119 per od\u0105<\/li>\n<li>Tonik\u0105 nuvalykite arba palikite \u012fsigerti<\/li>\n<\/ol>\n<p data-pm-slice=\"1 1 []\"><strong>VIENAS PRIETAISAS \u2013 PILNAS PROCED\u016aR\u0172 SPEKTRAS<\/strong> LUMINEO si\u016blo kosmetik\u0105 kiekvienai funkcijai ir odos tipui!<\/p>\n<p data-pm-slice=\"1 1 []\"><img loading=\"lazy\" decoding=\"async\" class=\"\" src=\"https:\/\/upload.cdn.baselinker.com\/products\/3016653\/a60f038739ead285354dfcf5742db2e0.jpg\" alt=\"a60f038739ead285354dfcf5742db2e0.jpg\" width=\"442\" height=\"442\" \/><\/p>\n<p data-pm-slice=\"1 1 []\"><strong>DUO-FASTIC TECHNOLOGIJA<\/strong> Kiekvienas prietaisas sukurtas veikti su specialiai jam pritaikyta kosmetika, u\u017etikrinan\u010dia greitus rezultatus.<\/p>\n<p data-pm-slice=\"1 1 []\"><img loading=\"lazy\" decoding=\"async\" class=\"\" src=\"https:\/\/upload.cdn.baselinker.com\/products\/3016653\/d94de45087b6b53ea064dc685a04c090.jpg\" alt=\"d94de45087b6b53ea064dc685a04c090.jpg\" width=\"480\" height=\"480\" \/><\/p>\n<p data-pm-slice=\"1 3 []\"><strong>TONIKAS KAVITACINIAM \u0160VEITIMUI (rinkinyje)<\/strong><\/p>\n<ul data-spread=\"false\">\n<li>Alavij\u0173 dr\u0117kinamasis tonikas \u2013 skirtas naudoti su SONIC funkcija<\/li>\n<li>Taip pat galima \u012fsigyti liftinguojant\u012f tonik\u0105 (ne\u012ftrauktas)<\/li>\n<\/ul>\n<p data-start=\"4988\" data-end=\"5045\"><img loading=\"lazy\" decoding=\"async\" class=\"\" src=\"https:\/\/upload.cdn.baselinker.com\/products\/3016653\/021de2b1f6b135a23d5d14efbaa1ae2e.jpg\" alt=\"021de2b1f6b135a23d5d14efbaa1ae2e.jpg\" width=\"487\" height=\"487\" \/><\/p>\n<p data-pm-slice=\"1 3 []\"><strong>MESO SERUMAI JONTOPHORES\u0116S FUNKCIJAI<\/strong> Skirti naudoti su ION-\/ION+ funkcija. Galimi serum\u0173 rinkiniai:<\/p>\n<ul data-spread=\"false\">\n<li>Liftinguojantis<\/li>\n<li>Dr\u0117kinamasis<\/li>\n<li>Nuo akn\u0117s<\/li>\n<li>Kapiliarinei odai Serumai \u012fsigyjami atskirai, jie n\u0117ra \u012ftraukti \u012f \u0161\u012f rinkin\u012f.<\/li>\n<\/ul>\n<p data-start=\"4988\" data-end=\"5045\"><img loading=\"lazy\" decoding=\"async\" class=\"\" src=\"https:\/\/upload.cdn.baselinker.com\/products\/3016653\/052a5f7112574224d4150d9fc21b6675.jpg\" alt=\"052a5f7112574224d4150d9fc21b6675.jpg\" width=\"477\" height=\"477\" \/><\/p>\n<p data-pm-slice=\"1 3 []\"><strong>BOOSTER KREMAI EMS FUNKCIJAI<\/strong> Skirti naudoti su EMS funkcija. Galimi pasirinkimai:<\/p>\n<ul data-spread=\"false\">\n<li>Liftinguojantis<\/li>\n<li>Dr\u0117kinamasis<\/li>\n<li>Nuo akn\u0117s<\/li>\n<li>Kapiliarinei odai kremus galima \u012fsigyti atskirai, jie n\u0117ra \u012ftraukti \u012f \u0161\u012f rinkin\u012f.<\/li>\n<\/ul>\n<p data-start=\"4988\" data-end=\"5045\"><img loading=\"lazy\" decoding=\"async\" class=\"\" src=\"https:\/\/upload.cdn.baselinker.com\/products\/3016653\/398f94e5fefad90bce39d11af2fe2004.png\" alt=\"398f94e5fefad90bce39d11af2fe2004.png\" width=\"473\" height=\"473\" \/><\/p>\n<p data-pm-slice=\"1 3 []\"><strong>TECHNIN\u0116S SPECIFIKACIJOS:<\/strong><\/p>\n<ul data-spread=\"false\">\n<li>Ner\u016bdijan\u010dio plieno mentel\u0117<\/li>\n<li>Silikoninis apsauginis dangtelis<\/li>\n<li>Vieno mygtuko valdymas<\/li>\n<li>USB \u012fkrovimo laidas<\/li>\n<li>Veidrodinis pavir\u0161ius<\/li>\n<li>Galia: 5V\/1A<\/li>\n<li>Baterijos talpa: 1.10 Wh<\/li>\n<li>Svoris: 80 g<\/li>\n<li>I\u0161matavimai: 175 x 38 x 14 mm<\/li>\n<li>Med\u017eiagos: ABS + ner\u016bdijantis plienas<\/li>\n<\/ul>\n<p data-start=\"4988\" data-end=\"5045\"><img loading=\"lazy\" decoding=\"async\" class=\"\" src=\"https:\/\/upload.cdn.baselinker.com\/products\/3016653\/052c867a53a049db54e36fe2f4c6185b.jpg\" alt=\"052c867a53a049db54e36fe2f4c6185b.jpg\" width=\"466\" height=\"466\" \/><\/p>\n<p data-pm-slice=\"1 1 []\"><strong>TONIKO SUD\u0116TIS:<\/strong> Aqua, Aloe Barbadensis Leaf Juice, Phenoxyethanol, PEG-40 Hydrogenated Castor Oil, Glycerin, Ethylhexylglycerin, Cucumis Sativus Fruit Extract, Potassium Sorbate, Sodium Benzoate<\/p>\n<p><strong>Talpa: 400 ml<\/strong><\/p>\n<p data-start=\"4988\" data-end=\"5045\"><strong>Mes esame oficial\u016bs LUMINEO produkt\u0173 atstovai Lietuvoje ir Baltijos \u0161alyse. Si\u016blome auk\u0161\u010diausios kokyb\u0117s veido prie\u017ei\u016bros sistemas, kurios sujungia inovatyvius SPA \u012frenginius ir profesionaliai pritaikyt\u0105 kosmetik\u0105, kad u\u017etikrintume matomus rezultatus ir auk\u0161\u010diausi\u0105 klient\u0173 pasitenkinim\u0105. M\u016bs\u0173 tikslas \u2013 suteikti galimyb\u0119 m\u0117gautis profesionaliomis SPA proced\u016bromis tiesiai namuose.<\/strong><\/p>\n<p data-start=\"4988\" data-end=\"5045\"><img decoding=\"async\" src=\"https:\/\/upload.cdn.baselinker.com\/products\/3016653\/5f05b907fad41a229d3e848f399c0f7f.png\" alt=\"5f05b907fad41a229d3e848f399c0f7f.png\" \/><\/p>\n<p data-pm-slice=\"1 1 []\"><strong>DA\u017dNIAUSIAI U\u017dDUODAMI KLAUSIMAI<\/strong><\/p>\n<ul data-spread=\"false\">\n<li>Naudoti tik su LUMINEO kosmetika (pagal funkcij\u0105)<\/li>\n<li>Proced\u016bros metu galima jausti \u0161velni\u0105 vibracij\u0105, dilg\u010diojim\u0105 ar metalin\u012f skon\u012f \u2013 tai normalu<\/li>\n<li>Gali atsirasti ne\u017eymus paraudimas \u2013 jis praeina per kelias minutes<\/li>\n<li>Visada atlikite odos jautrumo test\u0105 prie\u0161 naudodami<\/li>\n<li>Nenaudoti vonioje ar du\u0161e \u2013 prietaisas n\u0117ra atsparus vandeniui<\/li>\n<li>Prietaisas netinkamas naudoti turint metalinius implantus, esant n\u0117\u0161tumui, po operacij\u0173 ar esant tam tikroms ligoms<\/li>\n<\/ul>\n<div>\n<hr \/>\n<\/div>\n<p>&nbsp;<\/p>\n","protected":false},"excerpt":{"rendered":"<p>INSTRUKCIJA LUMINEO daugiafunkcis veido odos prietaisas LUMINEO LED kavitacinis \u0161veitiklis + dr\u0117kinamasis alavij\u0173 tonikas = DVIGUBA VEIKIMO GALIA KAVITACINIS \u0160VEITIMAS | LED&hellip;<\/p>\n","protected":false},"featured_media":74888,"template":"","meta":[],"product_brand":[1324],"product_cat":[1137,1295,1343],"product_tag":[1345],"class_list":{"0":"post-56366","1":"product","2":"type-product","3":"status-publish","4":"has-post-thumbnail","6":"product_brand-lumineo","7":"product_cat-dovanos","8":"product_cat-grozio-prietaisai","9":"product_cat-lumineo-ultragarsinis-veido-sveitiklis","10":"product_tag-lumineo","12":"first","13":"instock","14":"sale","15":"taxable","16":"shipping-taxable","17":"purchasable","18":"product-type-simple"},"yoast_head":"<!-- This site is optimized with the Yoast SEO plugin v27.4 - https:\/\/yoast.com\/product\/yoast-seo-wordpress\/ -->\n<title>Lumineo LED kavitacinis \u0161veitiklis + dr\u0117kinamasis tonikas - MalinaShop.lt J\u016bs\u0173 sveikatai ir gro\u017eiui.<\/title>\n<meta name=\"description\" content=\"LUMINEO kavitacinis veido \u0161veitiklis su LED, EMS ir jontoforeze \u2013 gilus valymas, stangrinimas ir odos \u0161vyt\u0117jimas viename prietaise.\" \/>\n<meta name=\"robots\" content=\"index, follow, max-snippet:-1, max-image-preview:large, max-video-preview:-1\" \/>\n<link rel=\"canonical\" href=\"https:\/\/www.malinashop.lt\/en\/shop\/lumineo-led-kavitacinis-sveitiklis-drekinamasis-tonikas\/\" \/>\n<meta property=\"og:locale\" content=\"en_GB\" \/>\n<meta property=\"og:type\" content=\"article\" \/>\n<meta property=\"og:title\" content=\"Lumineo LED kavitacinis \u0161veitiklis + dr\u0117kinamasis tonikas - MalinaShop.lt J\u016bs\u0173 sveikatai ir gro\u017eiui.\" \/>\n<meta property=\"og:description\" content=\"LUMINEO kavitacinis veido \u0161veitiklis su LED, EMS ir jontoforeze \u2013 gilus valymas, stangrinimas ir odos \u0161vyt\u0117jimas viename prietaise.\" \/>\n<meta property=\"og:url\" content=\"https:\/\/www.malinashop.lt\/en\/shop\/lumineo-led-kavitacinis-sveitiklis-drekinamasis-tonikas\/\" \/>\n<meta property=\"og:site_name\" content=\"MalinaShop.lt J\u016bs\u0173 sveikatai ir gro\u017eiui.\" \/>\n<meta property=\"article:modified_time\" content=\"2026-04-16T18:11:00+00:00\" \/>\n<meta property=\"og:image\" content=\"https:\/\/www.malinashop.lt\/wp-content\/uploads\/2025\/06\/Gemini_Generated_Image_o7erbzo7erbzo7er.png\" \/>\n\t<meta property=\"og:image:width\" content=\"1024\" \/>\n\t<meta property=\"og:image:height\" content=\"1024\" \/>\n\t<meta property=\"og:image:type\" content=\"image\/png\" \/>\n<meta name=\"twitter:card\" content=\"summary_large_image\" \/>\n<script type=\"application\/ld+json\" class=\"yoast-schema-graph\">{\"@context\":\"https:\\\/\\\/schema.org\",\"@graph\":[{\"@type\":\"WebPage\",\"@id\":\"https:\\\/\\\/www.malinashop.lt\\\/shop\\\/lumineo-led-kavitacinis-sveitiklis-drekinamasis-tonikas\\\/\",\"url\":\"https:\\\/\\\/www.malinashop.lt\\\/shop\\\/lumineo-led-kavitacinis-sveitiklis-drekinamasis-tonikas\\\/\",\"name\":\"Lumineo LED kavitacinis \u0161veitiklis + dr\u0117kinamasis tonikas - MalinaShop.lt J\u016bs\u0173 sveikatai ir gro\u017eiui.\",\"isPartOf\":{\"@id\":\"https:\\\/\\\/www.malinashop.lt\\\/#website\"},\"primaryImageOfPage\":{\"@id\":\"https:\\\/\\\/www.malinashop.lt\\\/shop\\\/lumineo-led-kavitacinis-sveitiklis-drekinamasis-tonikas\\\/#primaryimage\"},\"image\":{\"@id\":\"https:\\\/\\\/www.malinashop.lt\\\/shop\\\/lumineo-led-kavitacinis-sveitiklis-drekinamasis-tonikas\\\/#primaryimage\"},\"thumbnailUrl\":\"https:\\\/\\\/www.malinashop.lt\\\/wp-content\\\/uploads\\\/2025\\\/06\\\/Gemini_Generated_Image_o7erbzo7erbzo7er.png\",\"datePublished\":\"2025-06-03T20:09:36+00:00\",\"dateModified\":\"2026-04-16T18:11:00+00:00\",\"description\":\"LUMINEO kavitacinis veido \u0161veitiklis su LED, EMS ir jontoforeze \u2013 gilus valymas, stangrinimas ir odos \u0161vyt\u0117jimas viename prietaise.\",\"breadcrumb\":{\"@id\":\"https:\\\/\\\/www.malinashop.lt\\\/shop\\\/lumineo-led-kavitacinis-sveitiklis-drekinamasis-tonikas\\\/#breadcrumb\"},\"inLanguage\":\"en-GB\",\"potentialAction\":[{\"@type\":\"ReadAction\",\"target\":[\"https:\\\/\\\/www.malinashop.lt\\\/shop\\\/lumineo-led-kavitacinis-sveitiklis-drekinamasis-tonikas\\\/\"]}]},{\"@type\":\"ImageObject\",\"inLanguage\":\"en-GB\",\"@id\":\"https:\\\/\\\/www.malinashop.lt\\\/shop\\\/lumineo-led-kavitacinis-sveitiklis-drekinamasis-tonikas\\\/#primaryimage\",\"url\":\"https:\\\/\\\/www.malinashop.lt\\\/wp-content\\\/uploads\\\/2025\\\/06\\\/Gemini_Generated_Image_o7erbzo7erbzo7er.png\",\"contentUrl\":\"https:\\\/\\\/www.malinashop.lt\\\/wp-content\\\/uploads\\\/2025\\\/06\\\/Gemini_Generated_Image_o7erbzo7erbzo7er.png\",\"width\":1024,\"height\":1024},{\"@type\":\"BreadcrumbList\",\"@id\":\"https:\\\/\\\/www.malinashop.lt\\\/shop\\\/lumineo-led-kavitacinis-sveitiklis-drekinamasis-tonikas\\\/#breadcrumb\",\"itemListElement\":[{\"@type\":\"ListItem\",\"position\":1,\"name\":\"Pagrindinis\",\"item\":\"https:\\\/\\\/www.malinashop.lt\\\/\"},{\"@type\":\"ListItem\",\"position\":2,\"name\":\"Parduotuv\u0117\",\"item\":\"https:\\\/\\\/www.malinashop.lt\\\/en\\\/parduotuve\\\/\"},{\"@type\":\"ListItem\",\"position\":3,\"name\":\"Lumineo LED kavitacinis \u0161veitiklis + dr\u0117kinamasis tonikas\"}]},{\"@type\":\"WebSite\",\"@id\":\"https:\\\/\\\/www.malinashop.lt\\\/#website\",\"url\":\"https:\\\/\\\/www.malinashop.lt\\\/\",\"name\":\"COM Group Ecommerce\",\"description\":\"MalinaShop.lt - Gro\u017eio ir sveikatos produktai i\u0161 patikim\u0173 preki\u0173 \u017eenkl\u0173. Atraskite auk\u0161tos kokyb\u0117s kosmetik\u0105 u\u017e puiki\u0105 kain\u0105.\",\"publisher\":{\"@id\":\"https:\\\/\\\/www.malinashop.lt\\\/#organization\"},\"potentialAction\":[{\"@type\":\"SearchAction\",\"target\":{\"@type\":\"EntryPoint\",\"urlTemplate\":\"https:\\\/\\\/www.malinashop.lt\\\/?s={search_term_string}\"},\"query-input\":{\"@type\":\"PropertyValueSpecification\",\"valueRequired\":true,\"valueName\":\"search_term_string\"}}],\"inLanguage\":\"en-GB\"},{\"@type\":\"Organization\",\"@id\":\"https:\\\/\\\/www.malinashop.lt\\\/#organization\",\"name\":\"COM Group Ecommerce\",\"url\":\"https:\\\/\\\/www.malinashop.lt\\\/\",\"logo\":{\"@type\":\"ImageObject\",\"inLanguage\":\"en-GB\",\"@id\":\"https:\\\/\\\/www.malinashop.lt\\\/#\\\/schema\\\/logo\\\/image\\\/\",\"url\":\"https:\\\/\\\/www.malinashop.lt\\\/wp-content\\\/uploads\\\/2024\\\/08\\\/462559670_3787732518133670_9795632669273463_n-e1731525914575.png\",\"contentUrl\":\"https:\\\/\\\/www.malinashop.lt\\\/wp-content\\\/uploads\\\/2024\\\/08\\\/462559670_3787732518133670_9795632669273463_n-e1731525914575.png\",\"width\":180,\"height\":60,\"caption\":\"COM Group Ecommerce\"},\"image\":{\"@id\":\"https:\\\/\\\/www.malinashop.lt\\\/#\\\/schema\\\/logo\\\/image\\\/\"}}]}<\/script>\n<!-- \/ Yoast SEO plugin. -->","yoast_head_json":{"title":"Lumineo LED kavitacinis \u0161veitiklis + dr\u0117kinamasis tonikas - MalinaShop.lt J\u016bs\u0173 sveikatai ir gro\u017eiui.","description":"LUMINEO kavitacinis veido \u0161veitiklis su LED, EMS ir jontoforeze \u2013 gilus valymas, stangrinimas ir odos \u0161vyt\u0117jimas viename prietaise.","robots":{"index":"index","follow":"follow","max-snippet":"max-snippet:-1","max-image-preview":"max-image-preview:large","max-video-preview":"max-video-preview:-1"},"canonical":"https:\/\/www.malinashop.lt\/en\/shop\/lumineo-led-kavitacinis-sveitiklis-drekinamasis-tonikas\/","og_locale":"en_GB","og_type":"article","og_title":"Lumineo LED kavitacinis \u0161veitiklis + dr\u0117kinamasis tonikas - MalinaShop.lt J\u016bs\u0173 sveikatai ir gro\u017eiui.","og_description":"LUMINEO kavitacinis veido \u0161veitiklis su LED, EMS ir jontoforeze \u2013 gilus valymas, stangrinimas ir odos \u0161vyt\u0117jimas viename prietaise.","og_url":"https:\/\/www.malinashop.lt\/en\/shop\/lumineo-led-kavitacinis-sveitiklis-drekinamasis-tonikas\/","og_site_name":"MalinaShop.lt J\u016bs\u0173 sveikatai ir gro\u017eiui.","article_modified_time":"2026-04-16T18:11:00+00:00","og_image":[{"width":1024,"height":1024,"url":"https:\/\/www.malinashop.lt\/wp-content\/uploads\/2025\/06\/Gemini_Generated_Image_o7erbzo7erbzo7er.png","type":"image\/png"}],"twitter_card":"summary_large_image","schema":{"@context":"https:\/\/schema.org","@graph":[{"@type":"WebPage","@id":"https:\/\/www.malinashop.lt\/shop\/lumineo-led-kavitacinis-sveitiklis-drekinamasis-tonikas\/","url":"https:\/\/www.malinashop.lt\/shop\/lumineo-led-kavitacinis-sveitiklis-drekinamasis-tonikas\/","name":"Lumineo LED kavitacinis \u0161veitiklis + dr\u0117kinamasis tonikas - MalinaShop.lt J\u016bs\u0173 sveikatai ir gro\u017eiui.","isPartOf":{"@id":"https:\/\/www.malinashop.lt\/#website"},"primaryImageOfPage":{"@id":"https:\/\/www.malinashop.lt\/shop\/lumineo-led-kavitacinis-sveitiklis-drekinamasis-tonikas\/#primaryimage"},"image":{"@id":"https:\/\/www.malinashop.lt\/shop\/lumineo-led-kavitacinis-sveitiklis-drekinamasis-tonikas\/#primaryimage"},"thumbnailUrl":"https:\/\/www.malinashop.lt\/wp-content\/uploads\/2025\/06\/Gemini_Generated_Image_o7erbzo7erbzo7er.png","datePublished":"2025-06-03T20:09:36+00:00","dateModified":"2026-04-16T18:11:00+00:00","description":"LUMINEO kavitacinis veido \u0161veitiklis su LED, EMS ir jontoforeze \u2013 gilus valymas, stangrinimas ir odos \u0161vyt\u0117jimas viename prietaise.","breadcrumb":{"@id":"https:\/\/www.malinashop.lt\/shop\/lumineo-led-kavitacinis-sveitiklis-drekinamasis-tonikas\/#breadcrumb"},"inLanguage":"en-GB","potentialAction":[{"@type":"ReadAction","target":["https:\/\/www.malinashop.lt\/shop\/lumineo-led-kavitacinis-sveitiklis-drekinamasis-tonikas\/"]}]},{"@type":"ImageObject","inLanguage":"en-GB","@id":"https:\/\/www.malinashop.lt\/shop\/lumineo-led-kavitacinis-sveitiklis-drekinamasis-tonikas\/#primaryimage","url":"https:\/\/www.malinashop.lt\/wp-content\/uploads\/2025\/06\/Gemini_Generated_Image_o7erbzo7erbzo7er.png","contentUrl":"https:\/\/www.malinashop.lt\/wp-content\/uploads\/2025\/06\/Gemini_Generated_Image_o7erbzo7erbzo7er.png","width":1024,"height":1024},{"@type":"BreadcrumbList","@id":"https:\/\/www.malinashop.lt\/shop\/lumineo-led-kavitacinis-sveitiklis-drekinamasis-tonikas\/#breadcrumb","itemListElement":[{"@type":"ListItem","position":1,"name":"Pagrindinis","item":"https:\/\/www.malinashop.lt\/"},{"@type":"ListItem","position":2,"name":"Parduotuv\u0117","item":"https:\/\/www.malinashop.lt\/en\/parduotuve\/"},{"@type":"ListItem","position":3,"name":"Lumineo LED kavitacinis \u0161veitiklis + dr\u0117kinamasis tonikas"}]},{"@type":"WebSite","@id":"https:\/\/www.malinashop.lt\/#website","url":"https:\/\/www.malinashop.lt\/","name":"COM Group Ecommerce","description":"MalinaShop.lt - Gro\u017eio ir sveikatos produktai i\u0161 patikim\u0173 preki\u0173 \u017eenkl\u0173. Atraskite auk\u0161tos kokyb\u0117s kosmetik\u0105 u\u017e puiki\u0105 kain\u0105.","publisher":{"@id":"https:\/\/www.malinashop.lt\/#organization"},"potentialAction":[{"@type":"SearchAction","target":{"@type":"EntryPoint","urlTemplate":"https:\/\/www.malinashop.lt\/?s={search_term_string}"},"query-input":{"@type":"PropertyValueSpecification","valueRequired":true,"valueName":"search_term_string"}}],"inLanguage":"en-GB"},{"@type":"Organization","@id":"https:\/\/www.malinashop.lt\/#organization","name":"COM Group Ecommerce","url":"https:\/\/www.malinashop.lt\/","logo":{"@type":"ImageObject","inLanguage":"en-GB","@id":"https:\/\/www.malinashop.lt\/#\/schema\/logo\/image\/","url":"https:\/\/www.malinashop.lt\/wp-content\/uploads\/2024\/08\/462559670_3787732518133670_9795632669273463_n-e1731525914575.png","contentUrl":"https:\/\/www.malinashop.lt\/wp-content\/uploads\/2024\/08\/462559670_3787732518133670_9795632669273463_n-e1731525914575.png","width":180,"height":60,"caption":"COM Group Ecommerce"},"image":{"@id":"https:\/\/www.malinashop.lt\/#\/schema\/logo\/image\/"}}]}},"jetpack_sharing_enabled":true,"_links":{"self":[{"href":"https:\/\/www.malinashop.lt\/en\/wp-json\/wp\/v2\/product\/56366","targetHints":{"allow":["GET"]}}],"collection":[{"href":"https:\/\/www.malinashop.lt\/en\/wp-json\/wp\/v2\/product"}],"about":[{"href":"https:\/\/www.malinashop.lt\/en\/wp-json\/wp\/v2\/types\/product"}],"version-history":[{"count":4,"href":"https:\/\/www.malinashop.lt\/en\/wp-json\/wp\/v2\/product\/56366\/revisions"}],"predecessor-version":[{"id":58242,"href":"https:\/\/www.malinashop.lt\/en\/wp-json\/wp\/v2\/product\/56366\/revisions\/58242"}],"wp:featuredmedia":[{"embeddable":true,"href":"https:\/\/www.malinashop.lt\/en\/wp-json\/wp\/v2\/media\/74888"}],"wp:attachment":[{"href":"https:\/\/www.malinashop.lt\/en\/wp-json\/wp\/v2\/media?parent=56366"}],"wp:term":[{"taxonomy":"product_brand","embeddable":true,"href":"https:\/\/www.malinashop.lt\/en\/wp-json\/wp\/v2\/product_brand?post=56366"},{"taxonomy":"product_cat","embeddable":true,"href":"https:\/\/www.malinashop.lt\/en\/wp-json\/wp\/v2\/product_cat?post=56366"},{"taxonomy":"product_tag","embeddable":true,"href":"https:\/\/www.malinashop.lt\/en\/wp-json\/wp\/v2\/product_tag?post=56366"}],"curies":[{"name":"wp","href":"https:\/\/api.w.org\/{rel}","templated":true}]}}