{"id":56014,"date":"2025-06-03T22:19:56","date_gmt":"2025-06-03T19:19:56","guid":{"rendered":"https:\/\/malinashop.lt\/?post_type=product&#038;p=56014"},"modified":"2026-04-16T21:11:05","modified_gmt":"2026-04-16T18:11:05","slug":"lumineo-pro-4-antgaliai-turkio-spalva","status":"publish","type":"product","link":"https:\/\/www.malinashop.lt\/en\/shop\/lumineo-pro-4-antgaliai-turkio-spalva\/","title":{"rendered":"LUMINEO PRO 4 antgaliai (turkio spalva)"},"content":{"rendered":"<article class=\"text-token-text-primary w-full\" dir=\"auto\" data-testid=\"conversation-turn-22\" data-scroll-anchor=\"true\">\n<div class=\"text-base my-auto mx-auto py-5 [--thread-content-margin:--spacing(4)] @[37rem]:[--thread-content-margin:--spacing(6)] @[72rem]:[--thread-content-margin:--spacing(16)] px-(--thread-content-margin)\">\n<div class=\"[--thread-content-max-width:32rem] @[34rem]:[--thread-content-max-width:40rem] @[64rem]:[--thread-content-max-width:48rem] mx-auto flex max-w-(--thread-content-max-width) flex-1 text-base gap-4 md:gap-5 lg:gap-6 group\/turn-messages focus-visible:outline-hidden\" tabindex=\"-1\">\n<div class=\"group\/conversation-turn relative flex w-full min-w-0 flex-col agent-turn\">\n<div class=\"relative flex-col gap-1 md:gap-3\">\n<div class=\"flex max-w-full flex-col grow\">\n<div class=\"min-h-8 text-message relative flex w-full flex-col items-end gap-2 text-start break-words whitespace-normal [.text-message+&amp;]:mt-5\" dir=\"auto\" data-message-author-role=\"assistant\" data-message-id=\"fa5a73e5-dd83-4fe1-a791-eba83a3ea454\" data-message-model-slug=\"gpt-4o-mini\">\n<div class=\"flex w-full flex-col gap-1 empty:hidden first:pt-[3px]\"><img fetchpriority=\"high\" decoding=\"async\" class=\"\" src=\"https:\/\/upload.cdn.baselinker.com\/products\/3016653\/2099121bea1eaee633e207a42478e98d.jpg\" alt=\"2099121bea1eaee633e207a42478e98d.jpg\" width=\"327\" height=\"327\" \/><\/div>\n<div><strong data-start=\"0\" data-end=\"61\">4 x LUMINEO prek\u0117s \u017eenklo veido valymo \u0161epet\u0117lio galvut\u0117s<\/strong><br data-start=\"61\" data-end=\"64\" \/><strong data-start=\"64\" data-end=\"85\">Pasi\u016blymas apima:<\/strong> 4 vnt<\/div>\n<div><img decoding=\"async\" class=\"\" src=\"https:\/\/upload.cdn.baselinker.com\/products\/3016653\/871951bb07af27ceb27724391f503795.jpg\" alt=\"871951bb07af27ceb27724391f503795.jpg\" width=\"306\" height=\"306\" \/><\/div>\n<div>\n<p data-start=\"95\" data-end=\"232\"><strong data-start=\"95\" data-end=\"121\">Higieni\u0161kos ir saugios<\/strong><br data-start=\"121\" data-end=\"124\" \/>Komplekte yra 4 kei\u010diamas LUMINEO \u0161epet\u0117lio galvutes, pritaikytas pagal individualius j\u016bs\u0173 odos poreikius.<\/p>\n<ul data-start=\"233\" data-end=\"760\">\n<li data-start=\"233\" data-end=\"393\">\n<p data-start=\"235\" data-end=\"393\"><strong data-start=\"235\" data-end=\"298\">UNIVERSALI medicininio silikono galvut\u0117 su dviguba rotacija<\/strong> \u2013 skirta kasdienei prie\u017ei\u016brai ir giluminiam odos valymui normaliai, mi\u0161riai ir riebiai odai.<\/p>\n<\/li>\n<li data-start=\"394\" data-end=\"526\">\n<p data-start=\"396\" data-end=\"526\"><strong data-start=\"396\" data-end=\"411\">SAUSAI ODAI<\/strong> \u2013 medicininio silikono galvut\u0117 su viena rotacija, skirta kasdienei prie\u017ei\u016brai ir kruop\u0161\u010diam sausos odos valymui.<\/p>\n<\/li>\n<li data-start=\"527\" data-end=\"676\">\n<p data-start=\"529\" data-end=\"676\"><strong data-start=\"529\" data-end=\"546\">JAUTRIAI ODAI<\/strong> \u2013 \u0161velni galvut\u0117 su itin mink\u0161tais \u0161eriais ir dviguba rotacija, skirta jautriai odai arba odai, linkusiai \u012f dirginimus, valyti.<\/p>\n<\/li>\n<li data-start=\"677\" data-end=\"760\">\n<p data-start=\"679\" data-end=\"760\"><strong data-start=\"679\" data-end=\"690\">MASA\u017dUI<\/strong> \u2013 masa\u017ein\u0117 galvut\u0117 su dviguba rotacija, tinkanti visiems odos tipams.<\/p>\n<\/li>\n<li data-start=\"677\" data-end=\"760\"><strong data-start=\"762\" data-end=\"790\">Higienos rekomendacijos:<\/strong><br data-start=\"790\" data-end=\"793\" \/>D\u0117l higienos prie\u017eas\u010di\u0173 rekomenduojama keisti galvutes kas 3 m\u0117nesius.<\/li>\n<\/ul>\n<\/div>\n<\/div>\n<div class=\"min-h-8 text-message relative flex w-full flex-col items-end gap-2 text-start break-words whitespace-normal [.text-message+&amp;]:mt-5\" dir=\"auto\" data-message-author-role=\"assistant\" data-message-id=\"fa5a73e5-dd83-4fe1-a791-eba83a3ea454\" data-message-model-slug=\"gpt-4o-mini\">\n<div class=\"flex w-full flex-col gap-1 empty:hidden first:pt-[3px]\">\n<div class=\"markdown prose dark:prose-invert w-full break-words light\"><\/div>\n<div class=\"markdown prose dark:prose-invert w-full break-words light\">\n<p data-start=\"4988\" data-end=\"5045\"><strong>Mes esame oficial\u016bs LUMINEO produkt\u0173 atstovai Lietuvoje ir Baltijos \u0161alyse. Si\u016blome auk\u0161\u010diausios kokyb\u0117s veido prie\u017ei\u016bros sistemas, kurios sujungia inovatyvius SPA \u012frenginius ir profesionaliai pritaikyt\u0105 kosmetik\u0105, kad u\u017etikrintume matomus rezultatus ir auk\u0161\u010diausi\u0105 klient\u0173 pasitenkinim\u0105. M\u016bs\u0173 tikslas \u2013 suteikti galimyb\u0119 m\u0117gautis profesionaliomis SPA proced\u016bromis tiesiai namuose.<\/strong><\/p>\n<p data-start=\"3903\" data-end=\"3936\"><img decoding=\"async\" src=\"https:\/\/upload.cdn.baselinker.com\/products\/3016653\/5f05b907fad41a229d3e848f399c0f7f.png\" alt=\"5f05b907fad41a229d3e848f399c0f7f.png\" data-external-url=\"\" \/><\/p>\n<\/div>\n<\/div>\n<\/div>\n<\/div>\n<\/div>\n<div class=\"absolute\">\n<div class=\"flex items-center justify-center\"><\/div>\n<\/div>\n<\/div>\n<\/div>\n<\/div>\n<\/article>\n<div class=\"pointer-events-none h-px w-px\" aria-hidden=\"true\" data-edge=\"true\"><\/div>\n","protected":false},"excerpt":{"rendered":"<p>4 x LUMINEO prek\u0117s \u017eenklo veido valymo \u0161epet\u0117lio galvut\u0117sPasi\u016blymas apima: 4 vnt Higieni\u0161kos ir saugiosKomplekte yra 4 kei\u010diamas LUMINEO \u0161epet\u0117lio galvutes, pritaikytas&hellip;<\/p>\n","protected":false},"featured_media":74901,"template":"","meta":[],"product_brand":[1324],"product_cat":[1329,537,728],"product_tag":[1345],"class_list":{"0":"post-56014","1":"product","2":"type-product","3":"status-publish","4":"has-post-thumbnail","6":"product_brand-lumineo","7":"product_cat-lumineo-antgaliai","8":"product_cat-veido-valymo-priemones","9":"product_cat-veidui","10":"product_tag-lumineo","12":"first","13":"instock","14":"sale","15":"taxable","16":"shipping-taxable","17":"purchasable","18":"product-type-simple"},"yoast_head":"<!-- This site is optimized with the Yoast SEO plugin v27.4 - https:\/\/yoast.com\/product\/yoast-seo-wordpress\/ -->\n<title>LUMINEO PRO 4 antgaliai (turkio spalva) - MalinaShop.lt J\u016bs\u0173 sveikatai ir gro\u017eiui.<\/title>\n<meta name=\"description\" content=\"4 x LUMINEO veido valymo \u0161epet\u0117lio galvut\u0117s, pritaikytos visiems odos tipams. Rinkinyje: universali, sausai, jautriai odai ir masa\u017eui skirtos galvut\u0117s.\" \/>\n<meta name=\"robots\" content=\"index, follow, max-snippet:-1, max-image-preview:large, max-video-preview:-1\" \/>\n<link rel=\"canonical\" href=\"https:\/\/www.malinashop.lt\/en\/shop\/lumineo-pro-4-antgaliai-turkio-spalva\/\" \/>\n<meta property=\"og:locale\" content=\"en_GB\" \/>\n<meta property=\"og:type\" content=\"article\" \/>\n<meta property=\"og:title\" content=\"LUMINEO PRO 4 antgaliai (turkio spalva) - MalinaShop.lt J\u016bs\u0173 sveikatai ir gro\u017eiui.\" \/>\n<meta property=\"og:description\" content=\"4 x LUMINEO veido valymo \u0161epet\u0117lio galvut\u0117s, pritaikytos visiems odos tipams. Rinkinyje: universali, sausai, jautriai odai ir masa\u017eui skirtos galvut\u0117s.\" \/>\n<meta property=\"og:url\" content=\"https:\/\/www.malinashop.lt\/en\/shop\/lumineo-pro-4-antgaliai-turkio-spalva\/\" \/>\n<meta property=\"og:site_name\" content=\"MalinaShop.lt J\u016bs\u0173 sveikatai ir gro\u017eiui.\" \/>\n<meta property=\"article:modified_time\" content=\"2026-04-16T18:11:05+00:00\" \/>\n<meta property=\"og:image\" content=\"https:\/\/www.malinashop.lt\/wp-content\/uploads\/2025\/06\/ChatGPT-Image-2026-02-24-00_13_51.png\" \/>\n\t<meta property=\"og:image:width\" content=\"1024\" \/>\n\t<meta property=\"og:image:height\" content=\"1024\" \/>\n\t<meta property=\"og:image:type\" content=\"image\/png\" \/>\n<meta name=\"twitter:card\" content=\"summary_large_image\" \/>\n<script type=\"application\/ld+json\" class=\"yoast-schema-graph\">{\"@context\":\"https:\\\/\\\/schema.org\",\"@graph\":[{\"@type\":\"WebPage\",\"@id\":\"https:\\\/\\\/www.malinashop.lt\\\/shop\\\/lumineo-pro-4-antgaliai-turkio-spalva\\\/\",\"url\":\"https:\\\/\\\/www.malinashop.lt\\\/shop\\\/lumineo-pro-4-antgaliai-turkio-spalva\\\/\",\"name\":\"LUMINEO PRO 4 antgaliai (turkio spalva) - MalinaShop.lt J\u016bs\u0173 sveikatai ir gro\u017eiui.\",\"isPartOf\":{\"@id\":\"https:\\\/\\\/www.malinashop.lt\\\/#website\"},\"primaryImageOfPage\":{\"@id\":\"https:\\\/\\\/www.malinashop.lt\\\/shop\\\/lumineo-pro-4-antgaliai-turkio-spalva\\\/#primaryimage\"},\"image\":{\"@id\":\"https:\\\/\\\/www.malinashop.lt\\\/shop\\\/lumineo-pro-4-antgaliai-turkio-spalva\\\/#primaryimage\"},\"thumbnailUrl\":\"https:\\\/\\\/www.malinashop.lt\\\/wp-content\\\/uploads\\\/2025\\\/06\\\/ChatGPT-Image-2026-02-24-00_13_51.png\",\"datePublished\":\"2025-06-03T19:19:56+00:00\",\"dateModified\":\"2026-04-16T18:11:05+00:00\",\"description\":\"4 x LUMINEO veido valymo \u0161epet\u0117lio galvut\u0117s, pritaikytos visiems odos tipams. Rinkinyje: universali, sausai, jautriai odai ir masa\u017eui skirtos galvut\u0117s.\",\"breadcrumb\":{\"@id\":\"https:\\\/\\\/www.malinashop.lt\\\/shop\\\/lumineo-pro-4-antgaliai-turkio-spalva\\\/#breadcrumb\"},\"inLanguage\":\"en-GB\",\"potentialAction\":[{\"@type\":\"ReadAction\",\"target\":[\"https:\\\/\\\/www.malinashop.lt\\\/shop\\\/lumineo-pro-4-antgaliai-turkio-spalva\\\/\"]}]},{\"@type\":\"ImageObject\",\"inLanguage\":\"en-GB\",\"@id\":\"https:\\\/\\\/www.malinashop.lt\\\/shop\\\/lumineo-pro-4-antgaliai-turkio-spalva\\\/#primaryimage\",\"url\":\"https:\\\/\\\/www.malinashop.lt\\\/wp-content\\\/uploads\\\/2025\\\/06\\\/ChatGPT-Image-2026-02-24-00_13_51.png\",\"contentUrl\":\"https:\\\/\\\/www.malinashop.lt\\\/wp-content\\\/uploads\\\/2025\\\/06\\\/ChatGPT-Image-2026-02-24-00_13_51.png\",\"width\":1024,\"height\":1024},{\"@type\":\"BreadcrumbList\",\"@id\":\"https:\\\/\\\/www.malinashop.lt\\\/shop\\\/lumineo-pro-4-antgaliai-turkio-spalva\\\/#breadcrumb\",\"itemListElement\":[{\"@type\":\"ListItem\",\"position\":1,\"name\":\"Pagrindinis\",\"item\":\"https:\\\/\\\/www.malinashop.lt\\\/\"},{\"@type\":\"ListItem\",\"position\":2,\"name\":\"Parduotuv\u0117\",\"item\":\"https:\\\/\\\/www.malinashop.lt\\\/en\\\/parduotuve\\\/\"},{\"@type\":\"ListItem\",\"position\":3,\"name\":\"LUMINEO PRO 4 antgaliai (turkio spalva)\"}]},{\"@type\":\"WebSite\",\"@id\":\"https:\\\/\\\/www.malinashop.lt\\\/#website\",\"url\":\"https:\\\/\\\/www.malinashop.lt\\\/\",\"name\":\"COM Group Ecommerce\",\"description\":\"MalinaShop.lt - Gro\u017eio ir sveikatos produktai i\u0161 patikim\u0173 preki\u0173 \u017eenkl\u0173. Atraskite auk\u0161tos kokyb\u0117s kosmetik\u0105 u\u017e puiki\u0105 kain\u0105.\",\"publisher\":{\"@id\":\"https:\\\/\\\/www.malinashop.lt\\\/#organization\"},\"potentialAction\":[{\"@type\":\"SearchAction\",\"target\":{\"@type\":\"EntryPoint\",\"urlTemplate\":\"https:\\\/\\\/www.malinashop.lt\\\/?s={search_term_string}\"},\"query-input\":{\"@type\":\"PropertyValueSpecification\",\"valueRequired\":true,\"valueName\":\"search_term_string\"}}],\"inLanguage\":\"en-GB\"},{\"@type\":\"Organization\",\"@id\":\"https:\\\/\\\/www.malinashop.lt\\\/#organization\",\"name\":\"COM Group Ecommerce\",\"url\":\"https:\\\/\\\/www.malinashop.lt\\\/\",\"logo\":{\"@type\":\"ImageObject\",\"inLanguage\":\"en-GB\",\"@id\":\"https:\\\/\\\/www.malinashop.lt\\\/#\\\/schema\\\/logo\\\/image\\\/\",\"url\":\"https:\\\/\\\/www.malinashop.lt\\\/wp-content\\\/uploads\\\/2024\\\/08\\\/462559670_3787732518133670_9795632669273463_n-e1731525914575.png\",\"contentUrl\":\"https:\\\/\\\/www.malinashop.lt\\\/wp-content\\\/uploads\\\/2024\\\/08\\\/462559670_3787732518133670_9795632669273463_n-e1731525914575.png\",\"width\":180,\"height\":60,\"caption\":\"COM Group Ecommerce\"},\"image\":{\"@id\":\"https:\\\/\\\/www.malinashop.lt\\\/#\\\/schema\\\/logo\\\/image\\\/\"}}]}<\/script>\n<!-- \/ Yoast SEO plugin. -->","yoast_head_json":{"title":"LUMINEO PRO 4 antgaliai (turkio spalva) - MalinaShop.lt J\u016bs\u0173 sveikatai ir gro\u017eiui.","description":"4 x LUMINEO veido valymo \u0161epet\u0117lio galvut\u0117s, pritaikytos visiems odos tipams. Rinkinyje: universali, sausai, jautriai odai ir masa\u017eui skirtos galvut\u0117s.","robots":{"index":"index","follow":"follow","max-snippet":"max-snippet:-1","max-image-preview":"max-image-preview:large","max-video-preview":"max-video-preview:-1"},"canonical":"https:\/\/www.malinashop.lt\/en\/shop\/lumineo-pro-4-antgaliai-turkio-spalva\/","og_locale":"en_GB","og_type":"article","og_title":"LUMINEO PRO 4 antgaliai (turkio spalva) - MalinaShop.lt J\u016bs\u0173 sveikatai ir gro\u017eiui.","og_description":"4 x LUMINEO veido valymo \u0161epet\u0117lio galvut\u0117s, pritaikytos visiems odos tipams. Rinkinyje: universali, sausai, jautriai odai ir masa\u017eui skirtos galvut\u0117s.","og_url":"https:\/\/www.malinashop.lt\/en\/shop\/lumineo-pro-4-antgaliai-turkio-spalva\/","og_site_name":"MalinaShop.lt J\u016bs\u0173 sveikatai ir gro\u017eiui.","article_modified_time":"2026-04-16T18:11:05+00:00","og_image":[{"width":1024,"height":1024,"url":"https:\/\/www.malinashop.lt\/wp-content\/uploads\/2025\/06\/ChatGPT-Image-2026-02-24-00_13_51.png","type":"image\/png"}],"twitter_card":"summary_large_image","schema":{"@context":"https:\/\/schema.org","@graph":[{"@type":"WebPage","@id":"https:\/\/www.malinashop.lt\/shop\/lumineo-pro-4-antgaliai-turkio-spalva\/","url":"https:\/\/www.malinashop.lt\/shop\/lumineo-pro-4-antgaliai-turkio-spalva\/","name":"LUMINEO PRO 4 antgaliai (turkio spalva) - MalinaShop.lt J\u016bs\u0173 sveikatai ir gro\u017eiui.","isPartOf":{"@id":"https:\/\/www.malinashop.lt\/#website"},"primaryImageOfPage":{"@id":"https:\/\/www.malinashop.lt\/shop\/lumineo-pro-4-antgaliai-turkio-spalva\/#primaryimage"},"image":{"@id":"https:\/\/www.malinashop.lt\/shop\/lumineo-pro-4-antgaliai-turkio-spalva\/#primaryimage"},"thumbnailUrl":"https:\/\/www.malinashop.lt\/wp-content\/uploads\/2025\/06\/ChatGPT-Image-2026-02-24-00_13_51.png","datePublished":"2025-06-03T19:19:56+00:00","dateModified":"2026-04-16T18:11:05+00:00","description":"4 x LUMINEO veido valymo \u0161epet\u0117lio galvut\u0117s, pritaikytos visiems odos tipams. Rinkinyje: universali, sausai, jautriai odai ir masa\u017eui skirtos galvut\u0117s.","breadcrumb":{"@id":"https:\/\/www.malinashop.lt\/shop\/lumineo-pro-4-antgaliai-turkio-spalva\/#breadcrumb"},"inLanguage":"en-GB","potentialAction":[{"@type":"ReadAction","target":["https:\/\/www.malinashop.lt\/shop\/lumineo-pro-4-antgaliai-turkio-spalva\/"]}]},{"@type":"ImageObject","inLanguage":"en-GB","@id":"https:\/\/www.malinashop.lt\/shop\/lumineo-pro-4-antgaliai-turkio-spalva\/#primaryimage","url":"https:\/\/www.malinashop.lt\/wp-content\/uploads\/2025\/06\/ChatGPT-Image-2026-02-24-00_13_51.png","contentUrl":"https:\/\/www.malinashop.lt\/wp-content\/uploads\/2025\/06\/ChatGPT-Image-2026-02-24-00_13_51.png","width":1024,"height":1024},{"@type":"BreadcrumbList","@id":"https:\/\/www.malinashop.lt\/shop\/lumineo-pro-4-antgaliai-turkio-spalva\/#breadcrumb","itemListElement":[{"@type":"ListItem","position":1,"name":"Pagrindinis","item":"https:\/\/www.malinashop.lt\/"},{"@type":"ListItem","position":2,"name":"Parduotuv\u0117","item":"https:\/\/www.malinashop.lt\/en\/parduotuve\/"},{"@type":"ListItem","position":3,"name":"LUMINEO PRO 4 antgaliai (turkio spalva)"}]},{"@type":"WebSite","@id":"https:\/\/www.malinashop.lt\/#website","url":"https:\/\/www.malinashop.lt\/","name":"COM Group Ecommerce","description":"MalinaShop.lt - Gro\u017eio ir sveikatos produktai i\u0161 patikim\u0173 preki\u0173 \u017eenkl\u0173. Atraskite auk\u0161tos kokyb\u0117s kosmetik\u0105 u\u017e puiki\u0105 kain\u0105.","publisher":{"@id":"https:\/\/www.malinashop.lt\/#organization"},"potentialAction":[{"@type":"SearchAction","target":{"@type":"EntryPoint","urlTemplate":"https:\/\/www.malinashop.lt\/?s={search_term_string}"},"query-input":{"@type":"PropertyValueSpecification","valueRequired":true,"valueName":"search_term_string"}}],"inLanguage":"en-GB"},{"@type":"Organization","@id":"https:\/\/www.malinashop.lt\/#organization","name":"COM Group Ecommerce","url":"https:\/\/www.malinashop.lt\/","logo":{"@type":"ImageObject","inLanguage":"en-GB","@id":"https:\/\/www.malinashop.lt\/#\/schema\/logo\/image\/","url":"https:\/\/www.malinashop.lt\/wp-content\/uploads\/2024\/08\/462559670_3787732518133670_9795632669273463_n-e1731525914575.png","contentUrl":"https:\/\/www.malinashop.lt\/wp-content\/uploads\/2024\/08\/462559670_3787732518133670_9795632669273463_n-e1731525914575.png","width":180,"height":60,"caption":"COM Group Ecommerce"},"image":{"@id":"https:\/\/www.malinashop.lt\/#\/schema\/logo\/image\/"}}]}},"jetpack_sharing_enabled":true,"_links":{"self":[{"href":"https:\/\/www.malinashop.lt\/en\/wp-json\/wp\/v2\/product\/56014","targetHints":{"allow":["GET"]}}],"collection":[{"href":"https:\/\/www.malinashop.lt\/en\/wp-json\/wp\/v2\/product"}],"about":[{"href":"https:\/\/www.malinashop.lt\/en\/wp-json\/wp\/v2\/types\/product"}],"version-history":[{"count":2,"href":"https:\/\/www.malinashop.lt\/en\/wp-json\/wp\/v2\/product\/56014\/revisions"}],"predecessor-version":[{"id":74902,"href":"https:\/\/www.malinashop.lt\/en\/wp-json\/wp\/v2\/product\/56014\/revisions\/74902"}],"wp:featuredmedia":[{"embeddable":true,"href":"https:\/\/www.malinashop.lt\/en\/wp-json\/wp\/v2\/media\/74901"}],"wp:attachment":[{"href":"https:\/\/www.malinashop.lt\/en\/wp-json\/wp\/v2\/media?parent=56014"}],"wp:term":[{"taxonomy":"product_brand","embeddable":true,"href":"https:\/\/www.malinashop.lt\/en\/wp-json\/wp\/v2\/product_brand?post=56014"},{"taxonomy":"product_cat","embeddable":true,"href":"https:\/\/www.malinashop.lt\/en\/wp-json\/wp\/v2\/product_cat?post=56014"},{"taxonomy":"product_tag","embeddable":true,"href":"https:\/\/www.malinashop.lt\/en\/wp-json\/wp\/v2\/product_tag?post=56014"}],"curies":[{"name":"wp","href":"https:\/\/api.w.org\/{rel}","templated":true}]}}