{"id":55950,"date":"2025-06-03T22:20:00","date_gmt":"2025-06-03T19:20:00","guid":{"rendered":"https:\/\/malinashop.lt\/?post_type=product&#038;p=55950"},"modified":"2026-04-16T21:11:05","modified_gmt":"2026-04-16T18:11:05","slug":"lumineo-veido-gelis-100ml-jautriai-odai","status":"publish","type":"product","link":"https:\/\/www.malinashop.lt\/en\/shop\/lumineo-veido-gelis-100ml-jautriai-odai\/","title":{"rendered":"LUMINEO veido gelis, 100ml (jautriai odai)"},"content":{"rendered":"<article class=\"text-token-text-primary w-full\" dir=\"auto\" data-testid=\"conversation-turn-22\" data-scroll-anchor=\"true\">\n<div class=\"text-base my-auto mx-auto py-5 [--thread-content-margin:--spacing(4)] @[37rem]:[--thread-content-margin:--spacing(6)] @[72rem]:[--thread-content-margin:--spacing(16)] px-(--thread-content-margin)\">\n<div class=\"[--thread-content-max-width:32rem] @[34rem]:[--thread-content-max-width:40rem] @[64rem]:[--thread-content-max-width:48rem] mx-auto flex max-w-(--thread-content-max-width) flex-1 text-base gap-4 md:gap-5 lg:gap-6 group\/turn-messages focus-visible:outline-hidden\">\n<div class=\"group\/conversation-turn relative flex w-full min-w-0 flex-col agent-turn\">\n<div class=\"relative flex-col gap-1 md:gap-3\">\n<div class=\"flex max-w-full flex-col grow\">\n<div class=\"min-h-8 text-message relative flex w-full flex-col items-end gap-2 text-start break-words whitespace-normal [.text-message+&amp;]:mt-5\" dir=\"auto\" data-message-author-role=\"assistant\" data-message-id=\"fa5a73e5-dd83-4fe1-a791-eba83a3ea454\" data-message-model-slug=\"gpt-4o-mini\">\n<div class=\"flex w-full flex-col gap-1 empty:hidden first:pt-[3px]\"><strong data-start=\"0\" data-end=\"28\">LUMINEO SUPREME CLEANSER<\/strong><br data-start=\"28\" data-end=\"31\" \/>Veido valymo gelis, skirtas jautriai ir delikatiai odai, su nat\u016braliais ingredientais.<br data-start=\"117\" data-end=\"120\" \/>Idealus naudoti su veido \u0161epet\u0117liais.<br data-start=\"157\" data-end=\"160\" \/><strong data-start=\"160\" data-end=\"170\">100 ml<\/strong><\/div>\n<div>Lumineo produktai yra sukurti naudoti tik su oficialiais Lumineo prietaisais.<\/div>\n<\/div>\n<div class=\"min-h-8 text-message relative flex w-full flex-col items-end gap-2 text-start break-words whitespace-normal [.text-message+&amp;]:mt-5\" dir=\"auto\" data-message-author-role=\"assistant\" data-message-id=\"fa5a73e5-dd83-4fe1-a791-eba83a3ea454\" data-message-model-slug=\"gpt-4o-mini\">\n<div class=\"flex w-full flex-col gap-1 empty:hidden first:pt-[3px]\">\n<div class=\"markdown prose dark:prose-invert w-full break-words light\">\n<p data-start=\"3301\" data-end=\"3320\"><img decoding=\"async\" src=\"https:\/\/a.allegroimg.com\/original\/11a1e4\/5530fa6148ce85e55e0bda86b0f6\/Lumineo-zel-do-twarzy-100-ml-skora-wrazliwa-Marka-Lumineo\" alt=\"Lumineo \u017cel do twarzy 100 ml (sk\u00f3ra wra\u017cliwa) Marka Lumineo\" \/><\/p>\n<p data-start=\"3301\" data-end=\"3320\"><img fetchpriority=\"high\" decoding=\"async\" class=\"\" src=\"https:\/\/upload.cdn.baselinker.com\/products\/3016653\/add04ccda6e57515cf53c4c36dbdfa17.png\" alt=\"add04ccda6e57515cf53c4c36dbdfa17.png\" width=\"371\" height=\"332\" \/><\/p>\n<p data-start=\"3301\" data-end=\"3320\"><strong data-start=\"172\" data-end=\"209\">TINKA JAUTRIAI IR DELIKATIAI ODAI<\/strong><br data-start=\"209\" data-end=\"212\" \/>\u0160is valymo gelis sukurtas su specialiai parinktais ingredientais, kurie turi apsaugin\u012f, raminant\u012f ir nuraminant\u012f poveik\u012f.<br data-start=\"333\" data-end=\"336\" \/>Puikiai valo od\u0105 ir poras.<br data-start=\"362\" data-end=\"365\" \/>Stiprina jautrios\u00a0 odos apsaugines savybes.<\/p>\n<p data-start=\"3301\" data-end=\"3320\"><img decoding=\"async\" class=\"\" src=\"https:\/\/upload.cdn.baselinker.com\/products\/3016653\/25e0a56336b5979ee722eb1fceea1524.jpg\" alt=\"25e0a56336b5979ee722eb1fceea1524.jpg\" width=\"367\" height=\"367\" \/><\/p>\n<p data-start=\"3301\" data-end=\"3320\"><strong data-start=\"421\" data-end=\"446\">I\u0160SKIRTINAI EFEKTYVUS<\/strong><br data-start=\"446\" data-end=\"449\" \/>Vienos t\u016bbel\u0117s u\u017etenka ma\u017edaug 60 proced\u016br\u0173!<\/p>\n<p data-start=\"495\" data-end=\"776\"><strong data-start=\"495\" data-end=\"523\">DUO-FASTIC TECHNOLOGIJA!<\/strong><br data-start=\"523\" data-end=\"526\" \/><strong data-start=\"526\" data-end=\"563\">I\u0160BANDYKITE SU LUMINEO \u0160EPET\u0116LIU!<\/strong><br data-start=\"563\" data-end=\"566\" \/>Gelio + \u0160epet\u0117lio* = Dviguba Valymo Galia<br data-start=\"607\" data-end=\"610\" \/>LUMINEO produktai sukurti remiantis DUO-FASTIC technologija \u2013 tai unikalus prie\u017ei\u016bros \u012frenginio ir kosmetikos produkto derinys, pritaikytas ir i\u0161bandytas efektyvumui.<\/p>\n<p data-start=\"778\" data-end=\"842\">D\u0117ka DUO-FASTIC technologijos, rezultatus pamatysite i\u0161 karto!<\/p>\n<ul data-start=\"843\" data-end=\"876\">\n<li data-start=\"843\" data-end=\"876\">\n<p data-start=\"845\" data-end=\"876\">\u0160epet\u0117lis parduodamas atskirai.<\/p>\n<\/li>\n<\/ul>\n<p data-start=\"4988\" data-end=\"5045\"><img decoding=\"async\" class=\"\" src=\"https:\/\/upload.cdn.baselinker.com\/products\/3016653\/eceeab3a014e20b86da499731b2ca6ff.png\" width=\"363\" height=\"515\" \/><\/p>\n<p data-start=\"1292\" data-end=\"1591\"><strong data-start=\"1292\" data-end=\"1343\">LUMINEO GELIO EFEKTYVUMAS PATVIRTINTAS TYRIMAIS<\/strong><br data-start=\"1343\" data-end=\"1346\" \/>Profesionalus vertinimas buvo atliktas nepriklausomo tyrim\u0173 laboratorijos per 30 dien\u0173 in vivo vartotoj\u0173 tyrim\u0105, kuriame dalyvavo 20 moter\u0173 nuo 18 iki 75 met\u0173 am\u017eiaus, turin\u010di\u0173 \u012fvairius odos tipus: jautri\u0105, saus\u0105, normali\u0105, mi\u0161ri\u0105 ir riebi\u0105 od\u0105.<\/p>\n<p data-start=\"1593\" data-end=\"1678\">Visos dalyv\u0117s namuose ryte ir vakare 4 savaites naudojosi LUMINEO \u0161epet\u0117liu ir geliu.<\/p>\n<p data-start=\"4988\" data-end=\"5045\"><img loading=\"lazy\" decoding=\"async\" class=\"\" src=\"https:\/\/upload.cdn.baselinker.com\/products\/3016653\/0c2606933afbc670bcc261e215884e34.jpg\" width=\"327\" height=\"327\" \/><\/p>\n<p data-start=\"4988\" data-end=\"5045\"><strong data-start=\"878\" data-end=\"925\">KAIP NAUDOTI LUMINEO SUPREME CLEANSER GEL\u012e?<\/strong><br data-start=\"925\" data-end=\"928\" \/>Rekomenduojame valyti veid\u0105 kasryt ir vakare.<br data-start=\"973\" data-end=\"976\" \/><strong data-start=\"976\" data-end=\"982\">1.<\/strong> Sudr\u0117kinkite veid\u0105 \u0161iltu vandeniu.<br data-start=\"1017\" data-end=\"1020\" \/><strong data-start=\"1020\" data-end=\"1026\">2.<\/strong> U\u017etepkite gaus\u0173 LUMINEO Supreme Cleanser gelio kiek\u012f ant veido (venkite aki\u0173 vok\u0173 ir l\u016bp\u0173 srities).<br data-start=\"1126\" data-end=\"1129\" \/><strong data-start=\"1129\" data-end=\"1135\">3.<\/strong> Padalinkite veid\u0105 \u012f keturias zonas ir atlikite proced\u016br\u0105 su \u0161epet\u0117liu (po 20 sek. kiekvienoje zonoje).<br data-start=\"1238\" data-end=\"1241\" \/><strong data-start=\"1241\" data-end=\"1247\">4.<\/strong> Nuplaukite likus\u012f gel\u012f nuo veido, tada sausinkite veid\u0105 \u0161velniu rank\u0161luos\u010diu.<\/p>\n<\/div>\n<p data-start=\"4988\" data-end=\"5045\"><img loading=\"lazy\" decoding=\"async\" class=\"\" src=\"https:\/\/upload.cdn.baselinker.com\/products\/3016653\/912ac11978e2fa84a3eade87abf9e4a0.jpg\" alt=\"912ac11978e2fa84a3eade87abf9e4a0.jpg\" width=\"329\" height=\"329\" \/><\/p>\n<p data-start=\"1327\" data-end=\"1902\"><strong data-start=\"1327\" data-end=\"1360\">PRODUKTO MATMENYS IR SUD\u0116TIS:<\/strong><br data-start=\"1360\" data-end=\"1363\" \/><strong data-start=\"1363\" data-end=\"1375\">Sud\u0117tis:<\/strong> Vanduo, Glicerinas, Cetearyl alkoholis, Coco-Glucoside, PEG-12 Dimethicone, Cocamidopropyl Betaine, Oryza Sativa ekstraktas, Schisandra Chinensis vaisi\u0173 ekstraktas, Narcissus Tazetta svog\u016bn\u0117li\u0173 ekstraktas, Zingiber Officinale \u0161akn\u0173 ekstraktas, Avena Sativa branduoli\u0173 ekstraktas, Karnosinas, Bisabololis, Carbomer, Alantoinas, Ksantano guma, Phenoxyethanol, Glikolio r\u016bg\u0161tis, Karamel\u0117, Maltodekstrinas, Etilheksilglicerinas, Natrio Benzoatas, Kalio Sorbatas, Disodium EDTA, Citrinos r\u016bg\u0161tis, Natrio Hidroksidas, Anthocyaninai.<\/p>\n<p data-start=\"1904\" data-end=\"1962\"><strong data-start=\"1904\" data-end=\"1914\">Talpa:<\/strong> 100 ml<br data-start=\"1921\" data-end=\"1924\" \/><strong data-start=\"1924\" data-end=\"1946\">Produkto matmenys:<\/strong> 14.2 x 3.7 cm<\/p>\n<div class=\"markdown prose dark:prose-invert w-full break-words light\">\n<p data-start=\"4988\" data-end=\"5045\"><strong>Mes esame oficial\u016bs LUMINEO produkt\u0173 atstovai Lietuvoje ir Baltijos \u0161alyse. Si\u016blome auk\u0161\u010diausios kokyb\u0117s veido prie\u017ei\u016bros sistemas, kurios sujungia inovatyvius SPA \u012frenginius ir profesionaliai pritaikyt\u0105 kosmetik\u0105, kad u\u017etikrintume matomus rezultatus ir auk\u0161\u010diausi\u0105 klient\u0173 pasitenkinim\u0105. M\u016bs\u0173 tikslas \u2013 suteikti galimyb\u0119 m\u0117gautis profesionaliomis SPA proced\u016bromis tiesiai namuose.<\/strong><\/p>\n<p data-start=\"3903\" data-end=\"3936\"><img decoding=\"async\" src=\"https:\/\/upload.cdn.baselinker.com\/products\/3016653\/5f05b907fad41a229d3e848f399c0f7f.png\" alt=\"5f05b907fad41a229d3e848f399c0f7f.png\" data-external-url=\"\" \/><\/p>\n<\/div>\n<\/div>\n<\/div>\n<\/div>\n<\/div>\n<div class=\"absolute\">\n<div class=\"flex items-center justify-center\"><\/div>\n<\/div>\n<\/div>\n<\/div>\n<\/div>\n<\/article>\n<div class=\"pointer-events-none h-px w-px\" aria-hidden=\"true\" data-edge=\"true\"><\/div>\n","protected":false},"excerpt":{"rendered":"<p>LUMINEO SUPREME CLEANSERVeido valymo gelis, skirtas jautriai ir delikatiai odai, su nat\u016braliais ingredientais.Idealus naudoti su veido \u0161epet\u0117liais.100 ml Lumineo produktai yra sukurti&hellip;<\/p>\n","protected":false},"featured_media":74862,"template":"","meta":[],"product_brand":[1324],"product_cat":[1327,537],"product_tag":[1345],"class_list":{"0":"post-55950","1":"product","2":"type-product","3":"status-publish","4":"has-post-thumbnail","6":"product_brand-lumineo","7":"product_cat-lumineo-veido-valymo-geliai","8":"product_cat-veido-valymo-priemones","9":"product_tag-lumineo","11":"first","12":"instock","13":"sale","14":"taxable","15":"shipping-taxable","16":"purchasable","17":"product-type-simple"},"yoast_head":"<!-- This site is optimized with the Yoast SEO plugin v27.4 - https:\/\/yoast.com\/product\/yoast-seo-wordpress\/ -->\n<title>LUMINEO veido gelis, 100ml (jautriai odai) - MalinaShop.lt J\u016bs\u0173 sveikatai ir gro\u017eiui.<\/title>\n<meta name=\"description\" content=\"LUMINEO Supreme Cleanser gelis \u2013 nat\u016bralus veido valymo gelis su augal\u0173 ekstraktais, skirtas visiems odos tipams. Suteikia gil\u0173 valym\u0105 ir matomus rezultatus, kai naudojamas su LUMINEO \u0161epet\u0117liu.\" \/>\n<meta name=\"robots\" content=\"index, follow, max-snippet:-1, max-image-preview:large, max-video-preview:-1\" \/>\n<link rel=\"canonical\" href=\"https:\/\/www.malinashop.lt\/en\/shop\/lumineo-veido-gelis-100ml-jautriai-odai\/\" \/>\n<meta property=\"og:locale\" content=\"en_GB\" \/>\n<meta property=\"og:type\" content=\"article\" \/>\n<meta property=\"og:title\" content=\"LUMINEO veido gelis, 100ml (jautriai odai) - MalinaShop.lt J\u016bs\u0173 sveikatai ir gro\u017eiui.\" \/>\n<meta property=\"og:description\" content=\"LUMINEO Supreme Cleanser gelis \u2013 nat\u016bralus veido valymo gelis su augal\u0173 ekstraktais, skirtas visiems odos tipams. Suteikia gil\u0173 valym\u0105 ir matomus rezultatus, kai naudojamas su LUMINEO \u0161epet\u0117liu.\" \/>\n<meta property=\"og:url\" content=\"https:\/\/www.malinashop.lt\/en\/shop\/lumineo-veido-gelis-100ml-jautriai-odai\/\" \/>\n<meta property=\"og:site_name\" content=\"MalinaShop.lt J\u016bs\u0173 sveikatai ir gro\u017eiui.\" \/>\n<meta property=\"article:modified_time\" content=\"2026-04-16T18:11:05+00:00\" \/>\n<meta property=\"og:image\" content=\"https:\/\/www.malinashop.lt\/wp-content\/uploads\/2025\/06\/Gemini_Generated_Image_1zgnye1zgnye1zgn.png\" \/>\n\t<meta property=\"og:image:width\" content=\"1024\" \/>\n\t<meta property=\"og:image:height\" content=\"1024\" \/>\n\t<meta property=\"og:image:type\" content=\"image\/png\" \/>\n<meta name=\"twitter:card\" content=\"summary_large_image\" \/>\n<script type=\"application\/ld+json\" class=\"yoast-schema-graph\">{\"@context\":\"https:\\\/\\\/schema.org\",\"@graph\":[{\"@type\":\"WebPage\",\"@id\":\"https:\\\/\\\/www.malinashop.lt\\\/shop\\\/lumineo-veido-gelis-100ml-jautriai-odai\\\/\",\"url\":\"https:\\\/\\\/www.malinashop.lt\\\/shop\\\/lumineo-veido-gelis-100ml-jautriai-odai\\\/\",\"name\":\"LUMINEO veido gelis, 100ml (jautriai odai) - MalinaShop.lt J\u016bs\u0173 sveikatai ir gro\u017eiui.\",\"isPartOf\":{\"@id\":\"https:\\\/\\\/www.malinashop.lt\\\/#website\"},\"primaryImageOfPage\":{\"@id\":\"https:\\\/\\\/www.malinashop.lt\\\/shop\\\/lumineo-veido-gelis-100ml-jautriai-odai\\\/#primaryimage\"},\"image\":{\"@id\":\"https:\\\/\\\/www.malinashop.lt\\\/shop\\\/lumineo-veido-gelis-100ml-jautriai-odai\\\/#primaryimage\"},\"thumbnailUrl\":\"https:\\\/\\\/www.malinashop.lt\\\/wp-content\\\/uploads\\\/2025\\\/06\\\/Gemini_Generated_Image_1zgnye1zgnye1zgn.png\",\"datePublished\":\"2025-06-03T19:20:00+00:00\",\"dateModified\":\"2026-04-16T18:11:05+00:00\",\"description\":\"LUMINEO Supreme Cleanser gelis \u2013 nat\u016bralus veido valymo gelis su augal\u0173 ekstraktais, skirtas visiems odos tipams. Suteikia gil\u0173 valym\u0105 ir matomus rezultatus, kai naudojamas su LUMINEO \u0161epet\u0117liu.\",\"breadcrumb\":{\"@id\":\"https:\\\/\\\/www.malinashop.lt\\\/shop\\\/lumineo-veido-gelis-100ml-jautriai-odai\\\/#breadcrumb\"},\"inLanguage\":\"en-GB\",\"potentialAction\":[{\"@type\":\"ReadAction\",\"target\":[\"https:\\\/\\\/www.malinashop.lt\\\/shop\\\/lumineo-veido-gelis-100ml-jautriai-odai\\\/\"]}]},{\"@type\":\"ImageObject\",\"inLanguage\":\"en-GB\",\"@id\":\"https:\\\/\\\/www.malinashop.lt\\\/shop\\\/lumineo-veido-gelis-100ml-jautriai-odai\\\/#primaryimage\",\"url\":\"https:\\\/\\\/www.malinashop.lt\\\/wp-content\\\/uploads\\\/2025\\\/06\\\/Gemini_Generated_Image_1zgnye1zgnye1zgn.png\",\"contentUrl\":\"https:\\\/\\\/www.malinashop.lt\\\/wp-content\\\/uploads\\\/2025\\\/06\\\/Gemini_Generated_Image_1zgnye1zgnye1zgn.png\",\"width\":1024,\"height\":1024},{\"@type\":\"BreadcrumbList\",\"@id\":\"https:\\\/\\\/www.malinashop.lt\\\/shop\\\/lumineo-veido-gelis-100ml-jautriai-odai\\\/#breadcrumb\",\"itemListElement\":[{\"@type\":\"ListItem\",\"position\":1,\"name\":\"Pagrindinis\",\"item\":\"https:\\\/\\\/www.malinashop.lt\\\/\"},{\"@type\":\"ListItem\",\"position\":2,\"name\":\"Parduotuv\u0117\",\"item\":\"https:\\\/\\\/www.malinashop.lt\\\/en\\\/parduotuve\\\/\"},{\"@type\":\"ListItem\",\"position\":3,\"name\":\"LUMINEO veido gelis, 100ml (jautriai odai)\"}]},{\"@type\":\"WebSite\",\"@id\":\"https:\\\/\\\/www.malinashop.lt\\\/#website\",\"url\":\"https:\\\/\\\/www.malinashop.lt\\\/\",\"name\":\"COM Group Ecommerce\",\"description\":\"MalinaShop.lt - Gro\u017eio ir sveikatos produktai i\u0161 patikim\u0173 preki\u0173 \u017eenkl\u0173. Atraskite auk\u0161tos kokyb\u0117s kosmetik\u0105 u\u017e puiki\u0105 kain\u0105.\",\"publisher\":{\"@id\":\"https:\\\/\\\/www.malinashop.lt\\\/#organization\"},\"potentialAction\":[{\"@type\":\"SearchAction\",\"target\":{\"@type\":\"EntryPoint\",\"urlTemplate\":\"https:\\\/\\\/www.malinashop.lt\\\/?s={search_term_string}\"},\"query-input\":{\"@type\":\"PropertyValueSpecification\",\"valueRequired\":true,\"valueName\":\"search_term_string\"}}],\"inLanguage\":\"en-GB\"},{\"@type\":\"Organization\",\"@id\":\"https:\\\/\\\/www.malinashop.lt\\\/#organization\",\"name\":\"COM Group Ecommerce\",\"url\":\"https:\\\/\\\/www.malinashop.lt\\\/\",\"logo\":{\"@type\":\"ImageObject\",\"inLanguage\":\"en-GB\",\"@id\":\"https:\\\/\\\/www.malinashop.lt\\\/#\\\/schema\\\/logo\\\/image\\\/\",\"url\":\"https:\\\/\\\/www.malinashop.lt\\\/wp-content\\\/uploads\\\/2024\\\/08\\\/462559670_3787732518133670_9795632669273463_n-e1731525914575.png\",\"contentUrl\":\"https:\\\/\\\/www.malinashop.lt\\\/wp-content\\\/uploads\\\/2024\\\/08\\\/462559670_3787732518133670_9795632669273463_n-e1731525914575.png\",\"width\":180,\"height\":60,\"caption\":\"COM Group Ecommerce\"},\"image\":{\"@id\":\"https:\\\/\\\/www.malinashop.lt\\\/#\\\/schema\\\/logo\\\/image\\\/\"}}]}<\/script>\n<!-- \/ Yoast SEO plugin. -->","yoast_head_json":{"title":"LUMINEO veido gelis, 100ml (jautriai odai) - MalinaShop.lt J\u016bs\u0173 sveikatai ir gro\u017eiui.","description":"LUMINEO Supreme Cleanser gelis \u2013 nat\u016bralus veido valymo gelis su augal\u0173 ekstraktais, skirtas visiems odos tipams. Suteikia gil\u0173 valym\u0105 ir matomus rezultatus, kai naudojamas su LUMINEO \u0161epet\u0117liu.","robots":{"index":"index","follow":"follow","max-snippet":"max-snippet:-1","max-image-preview":"max-image-preview:large","max-video-preview":"max-video-preview:-1"},"canonical":"https:\/\/www.malinashop.lt\/en\/shop\/lumineo-veido-gelis-100ml-jautriai-odai\/","og_locale":"en_GB","og_type":"article","og_title":"LUMINEO veido gelis, 100ml (jautriai odai) - MalinaShop.lt J\u016bs\u0173 sveikatai ir gro\u017eiui.","og_description":"LUMINEO Supreme Cleanser gelis \u2013 nat\u016bralus veido valymo gelis su augal\u0173 ekstraktais, skirtas visiems odos tipams. Suteikia gil\u0173 valym\u0105 ir matomus rezultatus, kai naudojamas su LUMINEO \u0161epet\u0117liu.","og_url":"https:\/\/www.malinashop.lt\/en\/shop\/lumineo-veido-gelis-100ml-jautriai-odai\/","og_site_name":"MalinaShop.lt J\u016bs\u0173 sveikatai ir gro\u017eiui.","article_modified_time":"2026-04-16T18:11:05+00:00","og_image":[{"width":1024,"height":1024,"url":"https:\/\/www.malinashop.lt\/wp-content\/uploads\/2025\/06\/Gemini_Generated_Image_1zgnye1zgnye1zgn.png","type":"image\/png"}],"twitter_card":"summary_large_image","schema":{"@context":"https:\/\/schema.org","@graph":[{"@type":"WebPage","@id":"https:\/\/www.malinashop.lt\/shop\/lumineo-veido-gelis-100ml-jautriai-odai\/","url":"https:\/\/www.malinashop.lt\/shop\/lumineo-veido-gelis-100ml-jautriai-odai\/","name":"LUMINEO veido gelis, 100ml (jautriai odai) - MalinaShop.lt J\u016bs\u0173 sveikatai ir gro\u017eiui.","isPartOf":{"@id":"https:\/\/www.malinashop.lt\/#website"},"primaryImageOfPage":{"@id":"https:\/\/www.malinashop.lt\/shop\/lumineo-veido-gelis-100ml-jautriai-odai\/#primaryimage"},"image":{"@id":"https:\/\/www.malinashop.lt\/shop\/lumineo-veido-gelis-100ml-jautriai-odai\/#primaryimage"},"thumbnailUrl":"https:\/\/www.malinashop.lt\/wp-content\/uploads\/2025\/06\/Gemini_Generated_Image_1zgnye1zgnye1zgn.png","datePublished":"2025-06-03T19:20:00+00:00","dateModified":"2026-04-16T18:11:05+00:00","description":"LUMINEO Supreme Cleanser gelis \u2013 nat\u016bralus veido valymo gelis su augal\u0173 ekstraktais, skirtas visiems odos tipams. Suteikia gil\u0173 valym\u0105 ir matomus rezultatus, kai naudojamas su LUMINEO \u0161epet\u0117liu.","breadcrumb":{"@id":"https:\/\/www.malinashop.lt\/shop\/lumineo-veido-gelis-100ml-jautriai-odai\/#breadcrumb"},"inLanguage":"en-GB","potentialAction":[{"@type":"ReadAction","target":["https:\/\/www.malinashop.lt\/shop\/lumineo-veido-gelis-100ml-jautriai-odai\/"]}]},{"@type":"ImageObject","inLanguage":"en-GB","@id":"https:\/\/www.malinashop.lt\/shop\/lumineo-veido-gelis-100ml-jautriai-odai\/#primaryimage","url":"https:\/\/www.malinashop.lt\/wp-content\/uploads\/2025\/06\/Gemini_Generated_Image_1zgnye1zgnye1zgn.png","contentUrl":"https:\/\/www.malinashop.lt\/wp-content\/uploads\/2025\/06\/Gemini_Generated_Image_1zgnye1zgnye1zgn.png","width":1024,"height":1024},{"@type":"BreadcrumbList","@id":"https:\/\/www.malinashop.lt\/shop\/lumineo-veido-gelis-100ml-jautriai-odai\/#breadcrumb","itemListElement":[{"@type":"ListItem","position":1,"name":"Pagrindinis","item":"https:\/\/www.malinashop.lt\/"},{"@type":"ListItem","position":2,"name":"Parduotuv\u0117","item":"https:\/\/www.malinashop.lt\/en\/parduotuve\/"},{"@type":"ListItem","position":3,"name":"LUMINEO veido gelis, 100ml (jautriai odai)"}]},{"@type":"WebSite","@id":"https:\/\/www.malinashop.lt\/#website","url":"https:\/\/www.malinashop.lt\/","name":"COM Group Ecommerce","description":"MalinaShop.lt - Gro\u017eio ir sveikatos produktai i\u0161 patikim\u0173 preki\u0173 \u017eenkl\u0173. Atraskite auk\u0161tos kokyb\u0117s kosmetik\u0105 u\u017e puiki\u0105 kain\u0105.","publisher":{"@id":"https:\/\/www.malinashop.lt\/#organization"},"potentialAction":[{"@type":"SearchAction","target":{"@type":"EntryPoint","urlTemplate":"https:\/\/www.malinashop.lt\/?s={search_term_string}"},"query-input":{"@type":"PropertyValueSpecification","valueRequired":true,"valueName":"search_term_string"}}],"inLanguage":"en-GB"},{"@type":"Organization","@id":"https:\/\/www.malinashop.lt\/#organization","name":"COM Group Ecommerce","url":"https:\/\/www.malinashop.lt\/","logo":{"@type":"ImageObject","inLanguage":"en-GB","@id":"https:\/\/www.malinashop.lt\/#\/schema\/logo\/image\/","url":"https:\/\/www.malinashop.lt\/wp-content\/uploads\/2024\/08\/462559670_3787732518133670_9795632669273463_n-e1731525914575.png","contentUrl":"https:\/\/www.malinashop.lt\/wp-content\/uploads\/2024\/08\/462559670_3787732518133670_9795632669273463_n-e1731525914575.png","width":180,"height":60,"caption":"COM Group Ecommerce"},"image":{"@id":"https:\/\/www.malinashop.lt\/#\/schema\/logo\/image\/"}}]}},"jetpack_sharing_enabled":true,"_links":{"self":[{"href":"https:\/\/www.malinashop.lt\/en\/wp-json\/wp\/v2\/product\/55950","targetHints":{"allow":["GET"]}}],"collection":[{"href":"https:\/\/www.malinashop.lt\/en\/wp-json\/wp\/v2\/product"}],"about":[{"href":"https:\/\/www.malinashop.lt\/en\/wp-json\/wp\/v2\/types\/product"}],"version-history":[{"count":3,"href":"https:\/\/www.malinashop.lt\/en\/wp-json\/wp\/v2\/product\/55950\/revisions"}],"predecessor-version":[{"id":61469,"href":"https:\/\/www.malinashop.lt\/en\/wp-json\/wp\/v2\/product\/55950\/revisions\/61469"}],"wp:featuredmedia":[{"embeddable":true,"href":"https:\/\/www.malinashop.lt\/en\/wp-json\/wp\/v2\/media\/74862"}],"wp:attachment":[{"href":"https:\/\/www.malinashop.lt\/en\/wp-json\/wp\/v2\/media?parent=55950"}],"wp:term":[{"taxonomy":"product_brand","embeddable":true,"href":"https:\/\/www.malinashop.lt\/en\/wp-json\/wp\/v2\/product_brand?post=55950"},{"taxonomy":"product_cat","embeddable":true,"href":"https:\/\/www.malinashop.lt\/en\/wp-json\/wp\/v2\/product_cat?post=55950"},{"taxonomy":"product_tag","embeddable":true,"href":"https:\/\/www.malinashop.lt\/en\/wp-json\/wp\/v2\/product_tag?post=55950"}],"curies":[{"name":"wp","href":"https:\/\/api.w.org\/{rel}","templated":true}]}}