{"id":55919,"date":"2025-06-03T22:20:09","date_gmt":"2025-06-03T19:20:09","guid":{"rendered":"https:\/\/malinashop.lt\/?post_type=product&#038;p=55919"},"modified":"2026-04-16T21:11:04","modified_gmt":"2026-04-16T18:11:04","slug":"lumineo-veido-gelis-100ml-visiems-odos-tipams","status":"publish","type":"product","link":"https:\/\/www.malinashop.lt\/en\/shop\/lumineo-veido-gelis-100ml-visiems-odos-tipams\/","title":{"rendered":"LUMINEO veido gelis, 100ml (visiems odos tipams)"},"content":{"rendered":"<article class=\"text-token-text-primary w-full\" dir=\"auto\" data-testid=\"conversation-turn-22\" data-scroll-anchor=\"true\">\n<div class=\"text-base my-auto mx-auto py-5 [--thread-content-margin:--spacing(4)] @[37rem]:[--thread-content-margin:--spacing(6)] @[72rem]:[--thread-content-margin:--spacing(16)] px-(--thread-content-margin)\">\n<div class=\"[--thread-content-max-width:32rem] @[34rem]:[--thread-content-max-width:40rem] @[64rem]:[--thread-content-max-width:48rem] mx-auto flex max-w-(--thread-content-max-width) flex-1 text-base gap-4 md:gap-5 lg:gap-6 group\/turn-messages focus-visible:outline-hidden\">\n<div class=\"group\/conversation-turn relative flex w-full min-w-0 flex-col agent-turn\">\n<div class=\"relative flex-col gap-1 md:gap-3\">\n<div class=\"flex max-w-full flex-col grow\">\n<div class=\"min-h-8 text-message relative flex w-full flex-col items-end gap-2 text-start break-words whitespace-normal [.text-message+&amp;]:mt-5\" dir=\"auto\" data-message-author-role=\"assistant\" data-message-id=\"fa5a73e5-dd83-4fe1-a791-eba83a3ea454\" data-message-model-slug=\"gpt-4o-mini\">\n<div class=\"flex w-full flex-col gap-1 empty:hidden first:pt-[3px]\">Lumineo produktai yra sukurti naudoti tik su oficialiais Lumineo prietaisais.<\/div>\n<\/div>\n<div class=\"min-h-8 text-message relative flex w-full flex-col items-end gap-2 text-start break-words whitespace-normal [.text-message+&amp;]:mt-5\" dir=\"auto\" data-message-author-role=\"assistant\" data-message-id=\"fa5a73e5-dd83-4fe1-a791-eba83a3ea454\" data-message-model-slug=\"gpt-4o-mini\">\n<div class=\"flex w-full flex-col gap-1 empty:hidden first:pt-[3px]\">\n<div class=\"markdown prose dark:prose-invert w-full break-words light\">\n<p data-start=\"3301\" data-end=\"3320\"><strong data-start=\"0\" data-end=\"28\">LUMINEO SUPREME CLEANSER<\/strong><br data-start=\"28\" data-end=\"31\" \/>Veido valymo gelis su nat\u016braliais ingredientais. Idealus naudoti su veido \u0161epet\u0117liais.<br data-start=\"117\" data-end=\"120\" \/><strong data-start=\"120\" data-end=\"130\">100 ml<\/strong><\/p>\n<p data-start=\"3301\" data-end=\"3320\"><img decoding=\"async\" src=\"https:\/\/upload.cdn.baselinker.com\/products\/3016653\/8001e6fcb9e440f11ed54a98b15eb156.png\" \/><img fetchpriority=\"high\" decoding=\"async\" class=\"\" src=\"https:\/\/upload.cdn.baselinker.com\/products\/3016653\/e5c654a0ce265661dd54045cd5e50e3e.png\" width=\"307\" height=\"283\" \/><\/p>\n<p data-start=\"3301\" data-end=\"3320\"><strong data-start=\"132\" data-end=\"161\">TINKA VISIEMS ODAI TIPAMS<\/strong><br data-start=\"161\" data-end=\"164\" \/>\u0160is kreminis veido valymo gelis buvo sukurtas ir i\u0161bandytas taip, kad puikiai tikt\u0173 vis\u0173 tip\u0173 odai.<br data-start=\"263\" data-end=\"266\" \/>Pasir\u016bpinome, kad jis tur\u0117t\u0173 tinkam\u0105 poveik\u012f, tekst\u016br\u0105 ir b\u016bt\u0173 patogus naudoti.<\/p>\n<p data-start=\"3301\" data-end=\"3320\"><img decoding=\"async\" class=\"\" src=\"https:\/\/upload.cdn.baselinker.com\/products\/3016653\/a838d212a196e3b9fcbe362267185f54.jpg\" width=\"307\" height=\"307\" \/><\/p>\n<p data-start=\"3301\" data-end=\"3320\"><strong data-start=\"347\" data-end=\"373\">NAT\u016aRAL\u016aS INGREDIENTAI<\/strong><br data-start=\"373\" data-end=\"376\" \/>D\u0117l turtingos gelio sud\u0117ties pamatysite rezultatus jau po pirmo naudojimo.<br data-start=\"450\" data-end=\"453\" \/><strong data-start=\"453\" data-end=\"472\">Kin\u0173 citrin\u017eol\u0117<\/strong> \u2013 valo, \u0161viesina, pagreitina epidermio regeneracij\u0105.<br data-start=\"525\" data-end=\"528\" \/><strong data-start=\"528\" data-end=\"552\">Edelveiso ekstraktas<\/strong> \u2013 turi antioksidacin\u012f ir prie\u0161 edemin\u012f poveik\u012f.<br data-start=\"600\" data-end=\"603\" \/><strong data-start=\"603\" data-end=\"616\">Nori alga<\/strong> \u2013 turtinga vitaminais A, B ir C bei mineralais, tokiais kaip kalcis, gele\u017eis, kalis ir magnis.<br data-start=\"711\" data-end=\"714\" \/><strong data-start=\"714\" data-end=\"732\">Rhodiola Rosea<\/strong> \u2013 regeneruoja, lygiina, dezinfekuoja ir valo od\u0105.<br data-start=\"782\" data-end=\"785\" \/><strong data-start=\"785\" data-end=\"803\">K\u016bdros aliejus<\/strong> \u2013 \u0161viesina d\u0117mes, turi prie\u0161u\u017edegimin\u012f poveik\u012f, dr\u0117kina ir regeneruoja od\u0105.<br data-start=\"879\" data-end=\"882\" \/><strong data-start=\"882\" data-end=\"902\">Ry\u017ei\u0173 ekstraktas<\/strong> \u2013 valo, regeneruoja, naikina saus\u0105 od\u0105.<br data-start=\"942\" data-end=\"945\" \/><strong data-start=\"945\" data-end=\"970\">Mikroalga\u0173 ekstraktas<\/strong> \u2013 suteikia puik\u0173 ir ilgalaik\u012f odos stangrinimo efekt\u0105.<\/p>\n<p data-start=\"3301\" data-end=\"3320\"><img decoding=\"async\" class=\"\" src=\"https:\/\/upload.cdn.baselinker.com\/products\/3016653\/ba7de1e7917ffd608236c382816c1f3f.jpg\" width=\"279\" height=\"279\" \/><\/p>\n<p data-start=\"1027\" data-end=\"1106\"><strong data-start=\"1027\" data-end=\"1059\">KOD\u0116L \u0160IS GELIS JUMS PATIKS?<\/strong><br data-start=\"1059\" data-end=\"1062\" \/>Nes mes suk\u016br\u0117me j\u012f matomiems rezultatams!<\/p>\n<ol data-start=\"1107\" data-end=\"1290\">\n<li data-start=\"1107\" data-end=\"1152\">\n<p data-start=\"1110\" data-end=\"1152\">Ma\u017eesn\u0117s matomos poros 100 % vartotoj\u0173*.<\/p>\n<\/li>\n<li data-start=\"1153\" data-end=\"1188\">\n<p data-start=\"1156\" data-end=\"1188\">Spindinti oda 95 % vartotoj\u0173*.<\/p>\n<\/li>\n<li data-start=\"1189\" data-end=\"1235\">\n<p data-start=\"1192\" data-end=\"1235\">Lygesn\u0117 ir \u0161velnesn\u0117 oda 95 % vartotoj\u0173*.<\/p>\n<\/li>\n<li data-start=\"1236\" data-end=\"1290\">\n<p data-start=\"1239\" data-end=\"1290\">D\u0117mi\u0173 suma\u017e\u0117jimas ir pa\u0161vies\u0117jimas 90 % vartotoj\u0173*.<\/p>\n<\/li>\n<\/ol>\n<p data-start=\"4988\" data-end=\"5045\"><img loading=\"lazy\" decoding=\"async\" class=\"\" src=\"https:\/\/upload.cdn.baselinker.com\/products\/3016653\/eceeab3a014e20b86da499731b2ca6ff.png\" width=\"363\" height=\"515\" \/><\/p>\n<p data-start=\"1292\" data-end=\"1591\"><strong data-start=\"1292\" data-end=\"1343\">LUMINEO GELIO EFEKTYVUMAS PATVIRTINTAS TYRIMAIS<\/strong><br data-start=\"1343\" data-end=\"1346\" \/>Profesionalus vertinimas buvo atliktas nepriklausomo tyrim\u0173 laboratorijos per 30 dien\u0173 in vivo vartotoj\u0173 tyrim\u0105, kuriame dalyvavo 20 moter\u0173 nuo 18 iki 75 met\u0173 am\u017eiaus, turin\u010di\u0173 \u012fvairius odos tipus: jautri\u0105, saus\u0105, normali\u0105, mi\u0161ri\u0105 ir riebi\u0105 od\u0105.<\/p>\n<p data-start=\"1593\" data-end=\"1678\">Visos dalyv\u0117s namuose ryte ir vakare 4 savaites naudojosi LUMINEO \u0161epet\u0117liu ir geliu.<\/p>\n<p data-start=\"1593\" data-end=\"1678\"><img loading=\"lazy\" decoding=\"async\" class=\"\" src=\"https:\/\/upload.cdn.baselinker.com\/products\/3016653\/f70377b8f33d2b3a86ed36e7a3fbe196.jpg\" width=\"341\" height=\"341\" \/><\/p>\n<p data-start=\"1593\" data-end=\"1678\"><strong data-start=\"1680\" data-end=\"1705\">I\u0160SKIRTINAI EFEKTYVUS<\/strong><br data-start=\"1705\" data-end=\"1708\" \/>Vienos t\u016bbel\u0117s u\u017etenka ma\u017edaug 60 proced\u016br\u0173!<\/p>\n<p data-start=\"1754\" data-end=\"2035\"><strong data-start=\"1754\" data-end=\"1782\">DUO-FASTIC TECHNOLOGIJA!<\/strong><br data-start=\"1782\" data-end=\"1785\" \/><strong data-start=\"1785\" data-end=\"1822\">I\u0160BANDYKITE SU LUMINEO \u0160EPET\u0116LIU!<\/strong><br data-start=\"1822\" data-end=\"1825\" \/>Gelio + \u0160epet\u0117lio* = Dviguba Valymo Galia<br data-start=\"1866\" data-end=\"1869\" \/>LUMINEO produktai sukurti remiantis DUO-FASTIC technologija \u2013 tai unikalus prie\u017ei\u016bros \u012frenginio ir kosmetikos produkto derinys, pritaikytas ir i\u0161bandytas efektyvumui.<\/p>\n<p data-start=\"2037\" data-end=\"2101\">D\u0117ka DUO-FASTIC technologijos, rezultatus pamatysite i\u0161 karto!<\/p>\n<ul data-start=\"2102\" data-end=\"2135\">\n<li data-start=\"2102\" data-end=\"2135\">\n<p data-start=\"2104\" data-end=\"2135\">\u0160epet\u0117lis parduodamas atskirai.<\/p>\n<\/li>\n<\/ul>\n<p data-start=\"4988\" data-end=\"5045\"><img loading=\"lazy\" decoding=\"async\" class=\"\" src=\"https:\/\/upload.cdn.baselinker.com\/products\/3016653\/0c2606933afbc670bcc261e215884e34.jpg\" width=\"327\" height=\"327\" \/><\/p>\n<p data-start=\"4988\" data-end=\"5045\"><strong data-start=\"2137\" data-end=\"2184\">KAIP NAUDOTI LUMINEO SUPREME CLEANSER GEL\u012e?<\/strong><br data-start=\"2184\" data-end=\"2187\" \/>Rekomenduojame valyti veid\u0105 kasryt ir vakare.<br data-start=\"2232\" data-end=\"2235\" \/><strong data-start=\"2235\" data-end=\"2241\">1.<\/strong> Sudr\u0117kinkite veid\u0105 \u0161iltu vandeniu.<br data-start=\"2276\" data-end=\"2279\" \/><strong data-start=\"2279\" data-end=\"2285\">2.<\/strong> U\u017etepkite gaus\u0173 LUMINEO Supreme Cleanser gelio kiek\u012f ant veido (venkite aki\u0173 vok\u0173 ir l\u016bp\u0173 srities).<br data-start=\"2385\" data-end=\"2388\" \/><strong data-start=\"2388\" data-end=\"2394\">3.<\/strong> Padalinkite veid\u0105 \u012f keturias zonas ir atlikite proced\u016br\u0105 su \u0161epet\u0117liu (po 20 sek. kiekvienoje zonoje).<br data-start=\"2497\" data-end=\"2500\" \/><strong data-start=\"2500\" data-end=\"2506\">4.<\/strong> Nuplaukite likus\u012f gel\u012f nuo veido, tada sausinkite veid\u0105 \u0161velniu rank\u0161luos\u010diu.<\/p>\n<\/div>\n<p data-start=\"4988\" data-end=\"5045\"><img loading=\"lazy\" decoding=\"async\" class=\"\" src=\"https:\/\/upload.cdn.baselinker.com\/products\/3016653\/86973a94594a835c25794d98a007b45e.jpg\" width=\"340\" height=\"340\" \/><\/p>\n<p data-start=\"2586\" data-end=\"3255\"><strong data-start=\"2586\" data-end=\"2619\">PRODUKTO MATMENYS IR SUD\u0116TIS:<\/strong><br data-start=\"2619\" data-end=\"2622\" \/><strong data-start=\"2622\" data-end=\"2634\">Sud\u0117tis:<\/strong> Vanduo, Natrio Lauroil Sarcosinatas, Glicerinas, Coco-Betaine, Acrylates\/Steareth-20 Methacrylate, Coco-Glucoside, Isoamyl Laurate, Leontopodium Alpinum g\u0117li\u0173\/lap\u0173 ekstraktas, Rhodiola Rosea ekstraktas, Porphyra Umbilicalis ekstraktas, Schisandra Chinensis vaisi\u0173 ekstraktas, Glycol Distearate, Polyquaternium-10, Oryza Sativa ekstraktas, Nannochloropsis Oculata ekstraktas, Pullulan, Phenoxyethanol, Silybum Marianum s\u0117kl\u0173 aliejus, Parfum, Kalio Sorbatas, Natrio Benzoatas, Natrio Lauryl Sulfatas, Mica, CI 77891 (Titanium Dioxide), Etilheksilglicerinas, Natrio Hidroksidas, Citric Acid, Isopropyl Alcohol, Citronellol.<\/p>\n<p data-start=\"3257\" data-end=\"3276\"><strong data-start=\"3257\" data-end=\"3267\">Talpa:<\/strong> 100 ml<\/p>\n<p data-start=\"3278\" data-end=\"3316\"><strong data-start=\"3278\" data-end=\"3300\">Produkto matmenys:<\/strong> 14.2 x 3.7 cm<\/p>\n<div class=\"markdown prose dark:prose-invert w-full break-words light\">\n<p data-start=\"4988\" data-end=\"5045\"><strong>Mes esame oficial\u016bs LUMINEO produkt\u0173 atstovai Lietuvoje ir Baltijos \u0161alyse. Si\u016blome auk\u0161\u010diausios kokyb\u0117s veido prie\u017ei\u016bros sistemas, kurios sujungia inovatyvius SPA \u012frenginius ir profesionaliai pritaikyt\u0105 kosmetik\u0105, kad u\u017etikrintume matomus rezultatus ir auk\u0161\u010diausi\u0105 klient\u0173 pasitenkinim\u0105. M\u016bs\u0173 tikslas \u2013 suteikti galimyb\u0119 m\u0117gautis profesionaliomis SPA proced\u016bromis tiesiai namuose.<\/strong><\/p>\n<p data-start=\"3903\" data-end=\"3936\"><img decoding=\"async\" src=\"https:\/\/upload.cdn.baselinker.com\/products\/3016653\/5f05b907fad41a229d3e848f399c0f7f.png\" alt=\"5f05b907fad41a229d3e848f399c0f7f.png\" data-external-url=\"\" \/><\/p>\n<\/div>\n<\/div>\n<\/div>\n<\/div>\n<\/div>\n<div class=\"absolute\">\n<div class=\"flex items-center justify-center\"><\/div>\n<\/div>\n<\/div>\n<\/div>\n<\/div>\n<\/article>\n<div class=\"pointer-events-none h-px w-px\" aria-hidden=\"true\" data-edge=\"true\"><\/div>\n","protected":false},"excerpt":{"rendered":"<p>Lumineo produktai yra sukurti naudoti tik su oficialiais Lumineo prietaisais. LUMINEO SUPREME CLEANSERVeido valymo gelis su nat\u016braliais ingredientais. Idealus naudoti su veido&hellip;<\/p>\n","protected":false},"featured_media":74864,"template":"","meta":[],"product_brand":[1324],"product_cat":[1327,537],"product_tag":[1345],"class_list":{"0":"post-55919","1":"product","2":"type-product","3":"status-publish","4":"has-post-thumbnail","6":"product_brand-lumineo","7":"product_cat-lumineo-veido-valymo-geliai","8":"product_cat-veido-valymo-priemones","9":"product_tag-lumineo","11":"first","12":"instock","13":"sale","14":"taxable","15":"shipping-taxable","16":"purchasable","17":"product-type-simple"},"yoast_head":"<!-- This site is optimized with the Yoast SEO plugin v27.4 - https:\/\/yoast.com\/product\/yoast-seo-wordpress\/ -->\n<title>LUMINEO veido gelis, 100ml (visiems odos tipams) - MalinaShop.lt J\u016bs\u0173 sveikatai ir gro\u017eiui.<\/title>\n<meta name=\"description\" content=\"LUMINEO Supreme Cleanser gelis \u2013 nat\u016bralus veido valymo gelis su augal\u0173 ekstraktais, skirtas visiems odos tipams. Suteikia gil\u0173 valym\u0105 ir matomus rezultatus, kai naudojamas su LUMINEO \u0161epet\u0117liu.\" \/>\n<meta name=\"robots\" content=\"index, follow, max-snippet:-1, max-image-preview:large, max-video-preview:-1\" \/>\n<link rel=\"canonical\" href=\"https:\/\/www.malinashop.lt\/en\/shop\/lumineo-veido-gelis-100ml-visiems-odos-tipams\/\" \/>\n<meta property=\"og:locale\" content=\"en_GB\" \/>\n<meta property=\"og:type\" content=\"article\" \/>\n<meta property=\"og:title\" content=\"LUMINEO veido gelis, 100ml (visiems odos tipams) - MalinaShop.lt J\u016bs\u0173 sveikatai ir gro\u017eiui.\" \/>\n<meta property=\"og:description\" content=\"LUMINEO Supreme Cleanser gelis \u2013 nat\u016bralus veido valymo gelis su augal\u0173 ekstraktais, skirtas visiems odos tipams. Suteikia gil\u0173 valym\u0105 ir matomus rezultatus, kai naudojamas su LUMINEO \u0161epet\u0117liu.\" \/>\n<meta property=\"og:url\" content=\"https:\/\/www.malinashop.lt\/en\/shop\/lumineo-veido-gelis-100ml-visiems-odos-tipams\/\" \/>\n<meta property=\"og:site_name\" content=\"MalinaShop.lt J\u016bs\u0173 sveikatai ir gro\u017eiui.\" \/>\n<meta property=\"article:modified_time\" content=\"2026-04-16T18:11:04+00:00\" \/>\n<meta property=\"og:image\" content=\"https:\/\/www.malinashop.lt\/wp-content\/uploads\/2025\/06\/Gemini_Generated_Image_grmnugrmnugrmnug.png\" \/>\n\t<meta property=\"og:image:width\" content=\"1024\" \/>\n\t<meta property=\"og:image:height\" content=\"1024\" \/>\n\t<meta property=\"og:image:type\" content=\"image\/png\" \/>\n<meta name=\"twitter:card\" content=\"summary_large_image\" \/>\n<script type=\"application\/ld+json\" class=\"yoast-schema-graph\">{\"@context\":\"https:\\\/\\\/schema.org\",\"@graph\":[{\"@type\":\"WebPage\",\"@id\":\"https:\\\/\\\/www.malinashop.lt\\\/shop\\\/lumineo-veido-gelis-100ml-visiems-odos-tipams\\\/\",\"url\":\"https:\\\/\\\/www.malinashop.lt\\\/shop\\\/lumineo-veido-gelis-100ml-visiems-odos-tipams\\\/\",\"name\":\"LUMINEO veido gelis, 100ml (visiems odos tipams) - MalinaShop.lt J\u016bs\u0173 sveikatai ir gro\u017eiui.\",\"isPartOf\":{\"@id\":\"https:\\\/\\\/www.malinashop.lt\\\/#website\"},\"primaryImageOfPage\":{\"@id\":\"https:\\\/\\\/www.malinashop.lt\\\/shop\\\/lumineo-veido-gelis-100ml-visiems-odos-tipams\\\/#primaryimage\"},\"image\":{\"@id\":\"https:\\\/\\\/www.malinashop.lt\\\/shop\\\/lumineo-veido-gelis-100ml-visiems-odos-tipams\\\/#primaryimage\"},\"thumbnailUrl\":\"https:\\\/\\\/www.malinashop.lt\\\/wp-content\\\/uploads\\\/2025\\\/06\\\/Gemini_Generated_Image_grmnugrmnugrmnug.png\",\"datePublished\":\"2025-06-03T19:20:09+00:00\",\"dateModified\":\"2026-04-16T18:11:04+00:00\",\"description\":\"LUMINEO Supreme Cleanser gelis \u2013 nat\u016bralus veido valymo gelis su augal\u0173 ekstraktais, skirtas visiems odos tipams. Suteikia gil\u0173 valym\u0105 ir matomus rezultatus, kai naudojamas su LUMINEO \u0161epet\u0117liu.\",\"breadcrumb\":{\"@id\":\"https:\\\/\\\/www.malinashop.lt\\\/shop\\\/lumineo-veido-gelis-100ml-visiems-odos-tipams\\\/#breadcrumb\"},\"inLanguage\":\"en-GB\",\"potentialAction\":[{\"@type\":\"ReadAction\",\"target\":[\"https:\\\/\\\/www.malinashop.lt\\\/shop\\\/lumineo-veido-gelis-100ml-visiems-odos-tipams\\\/\"]}]},{\"@type\":\"ImageObject\",\"inLanguage\":\"en-GB\",\"@id\":\"https:\\\/\\\/www.malinashop.lt\\\/shop\\\/lumineo-veido-gelis-100ml-visiems-odos-tipams\\\/#primaryimage\",\"url\":\"https:\\\/\\\/www.malinashop.lt\\\/wp-content\\\/uploads\\\/2025\\\/06\\\/Gemini_Generated_Image_grmnugrmnugrmnug.png\",\"contentUrl\":\"https:\\\/\\\/www.malinashop.lt\\\/wp-content\\\/uploads\\\/2025\\\/06\\\/Gemini_Generated_Image_grmnugrmnugrmnug.png\",\"width\":1024,\"height\":1024},{\"@type\":\"BreadcrumbList\",\"@id\":\"https:\\\/\\\/www.malinashop.lt\\\/shop\\\/lumineo-veido-gelis-100ml-visiems-odos-tipams\\\/#breadcrumb\",\"itemListElement\":[{\"@type\":\"ListItem\",\"position\":1,\"name\":\"Pagrindinis\",\"item\":\"https:\\\/\\\/www.malinashop.lt\\\/\"},{\"@type\":\"ListItem\",\"position\":2,\"name\":\"Parduotuv\u0117\",\"item\":\"https:\\\/\\\/www.malinashop.lt\\\/en\\\/parduotuve\\\/\"},{\"@type\":\"ListItem\",\"position\":3,\"name\":\"LUMINEO veido gelis, 100ml (visiems odos tipams)\"}]},{\"@type\":\"WebSite\",\"@id\":\"https:\\\/\\\/www.malinashop.lt\\\/#website\",\"url\":\"https:\\\/\\\/www.malinashop.lt\\\/\",\"name\":\"COM Group Ecommerce\",\"description\":\"MalinaShop.lt - Gro\u017eio ir sveikatos produktai i\u0161 patikim\u0173 preki\u0173 \u017eenkl\u0173. Atraskite auk\u0161tos kokyb\u0117s kosmetik\u0105 u\u017e puiki\u0105 kain\u0105.\",\"publisher\":{\"@id\":\"https:\\\/\\\/www.malinashop.lt\\\/#organization\"},\"potentialAction\":[{\"@type\":\"SearchAction\",\"target\":{\"@type\":\"EntryPoint\",\"urlTemplate\":\"https:\\\/\\\/www.malinashop.lt\\\/?s={search_term_string}\"},\"query-input\":{\"@type\":\"PropertyValueSpecification\",\"valueRequired\":true,\"valueName\":\"search_term_string\"}}],\"inLanguage\":\"en-GB\"},{\"@type\":\"Organization\",\"@id\":\"https:\\\/\\\/www.malinashop.lt\\\/#organization\",\"name\":\"COM Group Ecommerce\",\"url\":\"https:\\\/\\\/www.malinashop.lt\\\/\",\"logo\":{\"@type\":\"ImageObject\",\"inLanguage\":\"en-GB\",\"@id\":\"https:\\\/\\\/www.malinashop.lt\\\/#\\\/schema\\\/logo\\\/image\\\/\",\"url\":\"https:\\\/\\\/www.malinashop.lt\\\/wp-content\\\/uploads\\\/2024\\\/08\\\/462559670_3787732518133670_9795632669273463_n-e1731525914575.png\",\"contentUrl\":\"https:\\\/\\\/www.malinashop.lt\\\/wp-content\\\/uploads\\\/2024\\\/08\\\/462559670_3787732518133670_9795632669273463_n-e1731525914575.png\",\"width\":180,\"height\":60,\"caption\":\"COM Group Ecommerce\"},\"image\":{\"@id\":\"https:\\\/\\\/www.malinashop.lt\\\/#\\\/schema\\\/logo\\\/image\\\/\"}}]}<\/script>\n<!-- \/ Yoast SEO plugin. -->","yoast_head_json":{"title":"LUMINEO veido gelis, 100ml (visiems odos tipams) - MalinaShop.lt J\u016bs\u0173 sveikatai ir gro\u017eiui.","description":"LUMINEO Supreme Cleanser gelis \u2013 nat\u016bralus veido valymo gelis su augal\u0173 ekstraktais, skirtas visiems odos tipams. Suteikia gil\u0173 valym\u0105 ir matomus rezultatus, kai naudojamas su LUMINEO \u0161epet\u0117liu.","robots":{"index":"index","follow":"follow","max-snippet":"max-snippet:-1","max-image-preview":"max-image-preview:large","max-video-preview":"max-video-preview:-1"},"canonical":"https:\/\/www.malinashop.lt\/en\/shop\/lumineo-veido-gelis-100ml-visiems-odos-tipams\/","og_locale":"en_GB","og_type":"article","og_title":"LUMINEO veido gelis, 100ml (visiems odos tipams) - MalinaShop.lt J\u016bs\u0173 sveikatai ir gro\u017eiui.","og_description":"LUMINEO Supreme Cleanser gelis \u2013 nat\u016bralus veido valymo gelis su augal\u0173 ekstraktais, skirtas visiems odos tipams. Suteikia gil\u0173 valym\u0105 ir matomus rezultatus, kai naudojamas su LUMINEO \u0161epet\u0117liu.","og_url":"https:\/\/www.malinashop.lt\/en\/shop\/lumineo-veido-gelis-100ml-visiems-odos-tipams\/","og_site_name":"MalinaShop.lt J\u016bs\u0173 sveikatai ir gro\u017eiui.","article_modified_time":"2026-04-16T18:11:04+00:00","og_image":[{"width":1024,"height":1024,"url":"https:\/\/www.malinashop.lt\/wp-content\/uploads\/2025\/06\/Gemini_Generated_Image_grmnugrmnugrmnug.png","type":"image\/png"}],"twitter_card":"summary_large_image","schema":{"@context":"https:\/\/schema.org","@graph":[{"@type":"WebPage","@id":"https:\/\/www.malinashop.lt\/shop\/lumineo-veido-gelis-100ml-visiems-odos-tipams\/","url":"https:\/\/www.malinashop.lt\/shop\/lumineo-veido-gelis-100ml-visiems-odos-tipams\/","name":"LUMINEO veido gelis, 100ml (visiems odos tipams) - MalinaShop.lt J\u016bs\u0173 sveikatai ir gro\u017eiui.","isPartOf":{"@id":"https:\/\/www.malinashop.lt\/#website"},"primaryImageOfPage":{"@id":"https:\/\/www.malinashop.lt\/shop\/lumineo-veido-gelis-100ml-visiems-odos-tipams\/#primaryimage"},"image":{"@id":"https:\/\/www.malinashop.lt\/shop\/lumineo-veido-gelis-100ml-visiems-odos-tipams\/#primaryimage"},"thumbnailUrl":"https:\/\/www.malinashop.lt\/wp-content\/uploads\/2025\/06\/Gemini_Generated_Image_grmnugrmnugrmnug.png","datePublished":"2025-06-03T19:20:09+00:00","dateModified":"2026-04-16T18:11:04+00:00","description":"LUMINEO Supreme Cleanser gelis \u2013 nat\u016bralus veido valymo gelis su augal\u0173 ekstraktais, skirtas visiems odos tipams. Suteikia gil\u0173 valym\u0105 ir matomus rezultatus, kai naudojamas su LUMINEO \u0161epet\u0117liu.","breadcrumb":{"@id":"https:\/\/www.malinashop.lt\/shop\/lumineo-veido-gelis-100ml-visiems-odos-tipams\/#breadcrumb"},"inLanguage":"en-GB","potentialAction":[{"@type":"ReadAction","target":["https:\/\/www.malinashop.lt\/shop\/lumineo-veido-gelis-100ml-visiems-odos-tipams\/"]}]},{"@type":"ImageObject","inLanguage":"en-GB","@id":"https:\/\/www.malinashop.lt\/shop\/lumineo-veido-gelis-100ml-visiems-odos-tipams\/#primaryimage","url":"https:\/\/www.malinashop.lt\/wp-content\/uploads\/2025\/06\/Gemini_Generated_Image_grmnugrmnugrmnug.png","contentUrl":"https:\/\/www.malinashop.lt\/wp-content\/uploads\/2025\/06\/Gemini_Generated_Image_grmnugrmnugrmnug.png","width":1024,"height":1024},{"@type":"BreadcrumbList","@id":"https:\/\/www.malinashop.lt\/shop\/lumineo-veido-gelis-100ml-visiems-odos-tipams\/#breadcrumb","itemListElement":[{"@type":"ListItem","position":1,"name":"Pagrindinis","item":"https:\/\/www.malinashop.lt\/"},{"@type":"ListItem","position":2,"name":"Parduotuv\u0117","item":"https:\/\/www.malinashop.lt\/en\/parduotuve\/"},{"@type":"ListItem","position":3,"name":"LUMINEO veido gelis, 100ml (visiems odos tipams)"}]},{"@type":"WebSite","@id":"https:\/\/www.malinashop.lt\/#website","url":"https:\/\/www.malinashop.lt\/","name":"COM Group Ecommerce","description":"MalinaShop.lt - Gro\u017eio ir sveikatos produktai i\u0161 patikim\u0173 preki\u0173 \u017eenkl\u0173. Atraskite auk\u0161tos kokyb\u0117s kosmetik\u0105 u\u017e puiki\u0105 kain\u0105.","publisher":{"@id":"https:\/\/www.malinashop.lt\/#organization"},"potentialAction":[{"@type":"SearchAction","target":{"@type":"EntryPoint","urlTemplate":"https:\/\/www.malinashop.lt\/?s={search_term_string}"},"query-input":{"@type":"PropertyValueSpecification","valueRequired":true,"valueName":"search_term_string"}}],"inLanguage":"en-GB"},{"@type":"Organization","@id":"https:\/\/www.malinashop.lt\/#organization","name":"COM Group Ecommerce","url":"https:\/\/www.malinashop.lt\/","logo":{"@type":"ImageObject","inLanguage":"en-GB","@id":"https:\/\/www.malinashop.lt\/#\/schema\/logo\/image\/","url":"https:\/\/www.malinashop.lt\/wp-content\/uploads\/2024\/08\/462559670_3787732518133670_9795632669273463_n-e1731525914575.png","contentUrl":"https:\/\/www.malinashop.lt\/wp-content\/uploads\/2024\/08\/462559670_3787732518133670_9795632669273463_n-e1731525914575.png","width":180,"height":60,"caption":"COM Group Ecommerce"},"image":{"@id":"https:\/\/www.malinashop.lt\/#\/schema\/logo\/image\/"}}]}},"jetpack_sharing_enabled":true,"_links":{"self":[{"href":"https:\/\/www.malinashop.lt\/en\/wp-json\/wp\/v2\/product\/55919","targetHints":{"allow":["GET"]}}],"collection":[{"href":"https:\/\/www.malinashop.lt\/en\/wp-json\/wp\/v2\/product"}],"about":[{"href":"https:\/\/www.malinashop.lt\/en\/wp-json\/wp\/v2\/types\/product"}],"version-history":[{"count":4,"href":"https:\/\/www.malinashop.lt\/en\/wp-json\/wp\/v2\/product\/55919\/revisions"}],"predecessor-version":[{"id":57511,"href":"https:\/\/www.malinashop.lt\/en\/wp-json\/wp\/v2\/product\/55919\/revisions\/57511"}],"wp:featuredmedia":[{"embeddable":true,"href":"https:\/\/www.malinashop.lt\/en\/wp-json\/wp\/v2\/media\/74864"}],"wp:attachment":[{"href":"https:\/\/www.malinashop.lt\/en\/wp-json\/wp\/v2\/media?parent=55919"}],"wp:term":[{"taxonomy":"product_brand","embeddable":true,"href":"https:\/\/www.malinashop.lt\/en\/wp-json\/wp\/v2\/product_brand?post=55919"},{"taxonomy":"product_cat","embeddable":true,"href":"https:\/\/www.malinashop.lt\/en\/wp-json\/wp\/v2\/product_cat?post=55919"},{"taxonomy":"product_tag","embeddable":true,"href":"https:\/\/www.malinashop.lt\/en\/wp-json\/wp\/v2\/product_tag?post=55919"}],"curies":[{"name":"wp","href":"https:\/\/api.w.org\/{rel}","templated":true}]}}