{"id":55827,"date":"2025-06-03T22:20:36","date_gmt":"2025-06-03T19:20:36","guid":{"rendered":"https:\/\/malinashop.lt\/?post_type=product&#038;p=55827"},"modified":"2026-04-16T21:11:03","modified_gmt":"2026-04-16T18:11:03","slug":"lumineo-kremas-kraujagysliu-ir-voratinkliniu-venu-odai-75-ml","status":"publish","type":"product","link":"https:\/\/www.malinashop.lt\/en\/shop\/lumineo-kremas-kraujagysliu-ir-voratinkliniu-venu-odai-75-ml\/","title":{"rendered":"LUMINEO kremas kraujagysli\u0173 ir voratinklini\u0173 ven\u0173 odai, 75 ml"},"content":{"rendered":"<p data-start=\"0\" data-end=\"78\">Lumineo produktai yra sukurti naudoti tik su oficialiais Lumineo prietaisais.<\/p>\n<p data-start=\"0\" data-end=\"78\"><img decoding=\"async\" src=\"https:\/\/upload.cdn.baselinker.com\/products\/3016653\/7a4a65676e8e417e7b978a7ceb13829f.png\" alt=\"7a4a65676e8e417e7b978a7ceb13829f.png\" \/><\/p>\n<p data-start=\"0\" data-end=\"78\"><strong data-start=\"0\" data-end=\"78\">LUMINEO BIO NAT\u016aRALUS ODAI SKIRBTAS KREMAS STIPRINANTIS KRAUJAGYSLES\u00a0<\/strong><\/p>\n<p data-start=\"80\" data-end=\"261\">LUMINEO prek\u0117s \u017eenklas savo klientams si\u016blo pa\u017eangiausias veido ir k\u016bno prie\u017ei\u016bros sistemas namams, sudarytas i\u0161 inovatyvi\u0173 SPA \u012frengini\u0173 ir puikiai pritaikyt\u0173 kosmetikos priemoni\u0173.<\/p>\n<p data-start=\"263\" data-end=\"494\">Mes bendradarbiaujame su geriausiomis lenk\u0173 kosmetikos laboratorijomis, tod\u0117l m\u016bs\u0173 klientai gauna auk\u0161\u010diausios kokyb\u0117s produktus, u\u017etikrinan\u010dius matomus rezultatus ir leid\u017eian\u010dius m\u0117gautis profesionaliomis SPA proced\u016bromis namuose.<\/p>\n<p data-start=\"496\" data-end=\"636\">M\u016bs\u0173 kosmetikos efektyvum\u0105 patvirtina dermatologiniais tyrimais, o \u012frengini\u0173 saugumas ir auk\u0161\u010diausia kokyb\u0117 yra patvirtinta ES CE sertifikatu.<\/p>\n<p>U\u017etikrina kraujagysli\u0173 sutvirtinim\u0105 ir suma\u017eina odos paraudimus.<\/p>\n<p><img fetchpriority=\"high\" decoding=\"async\" class=\"\" src=\"https:\/\/upload.cdn.baselinker.com\/products\/3016653\/8573e3098316da735987c3e08d6749c2.jpg\" alt=\"8573e3098316da735987c3e08d6749c2.jpg\" width=\"349\" height=\"349\" \/><\/p>\n<p><strong data-start=\"785\" data-end=\"811\">NAT\u016aRAL\u016aS INGREDIENTAI<\/strong><br data-start=\"811\" data-end=\"814\" \/>Skatina pa\u017eeist\u0173 audini\u0173 regeneracij\u0105 d\u0117l juose esan\u010di\u0173 maistini\u0173 med\u017eiag\u0173.<br data-start=\"889\" data-end=\"892\" \/>Sukuria nat\u016bral\u0173 sluoksn\u012f, kuris stiprina hidrolipidin\u012f barjer\u0105.<br data-start=\"956\" data-end=\"959\" \/>U\u017ekerta keli\u0105 transepiderminiam vandens praradimui, u\u017etikrindamas ilgalaik\u012f odos dr\u0117kinim\u0105.<\/p>\n<p data-start=\"1052\" data-end=\"1081\"><strong data-start=\"1052\" data-end=\"1079\">AKTYVIEJI INGREDIENTAI:<\/strong><\/p>\n<ul data-start=\"1082\" data-end=\"1204\">\n<li data-start=\"1082\" data-end=\"1108\">\n<p data-start=\"1084\" data-end=\"1108\">Tara med\u017eio ekstraktas<\/p>\n<\/li>\n<li data-start=\"1109\" data-end=\"1129\">\n<p data-start=\"1111\" data-end=\"1129\">Natrio chloridas<\/p>\n<\/li>\n<li data-start=\"1130\" data-end=\"1204\">\n<p data-start=\"1132\" data-end=\"1204\">Arnica montana ekstraktas<br data-start=\"1157\" data-end=\"1160\" \/><strong data-start=\"1160\" data-end=\"1175\">Be paraben\u0173<\/strong><br data-start=\"1175\" data-end=\"1178\" \/><strong data-start=\"1178\" data-end=\"1190\">Be kvap\u0173<\/strong><br data-start=\"1190\" data-end=\"1193\" \/><strong data-start=\"1193\" data-end=\"1204\">Be da\u017e\u0173<\/strong><\/p>\n<\/li>\n<\/ul>\n<p><img decoding=\"async\" class=\"\" src=\"https:\/\/upload.cdn.baselinker.com\/products\/3016653\/e3242e69c1b9e54893d039ebc4edc0ef.jpg\" alt=\"e3242e69c1b9e54893d039ebc4edc0ef.jpg\" width=\"318\" height=\"318\" \/><\/p>\n<p data-start=\"1206\" data-end=\"1403\"><em data-start=\"1206\" data-end=\"1260\">KREMAS + LUMINEO EMS PRIETAISAS = DVIGUBAS EFEKTAS<\/em>*<br data-start=\"1261\" data-end=\"1264\" \/>Krem\u0105 taip pat galima naudoti nam\u0173 SPA proced\u016broms, naudojant LUMINEO CAVITATION PEELING prietais\u0105 su EMS funkcija (elektrostimuliacija).<\/p>\n<ul data-start=\"1404\" data-end=\"1463\">\n<li data-start=\"1404\" data-end=\"1463\">\n<p data-start=\"1406\" data-end=\"1463\">Prietaisas parduodamas atskirai, ne\u012feina \u012f kremo rinkin\u012f.<\/p>\n<\/li>\n<\/ul>\n<p><img decoding=\"async\" class=\"\" src=\"https:\/\/upload.cdn.baselinker.com\/products\/3016653\/0d5f26453a5af11abdf7b7d8727efdd3.jpg\" alt=\"0d5f26453a5af11abdf7b7d8727efdd3.jpg\" width=\"269\" height=\"269\" \/><\/p>\n<p data-start=\"1465\" data-end=\"1585\"><strong data-start=\"1465\" data-end=\"1561\">KOD\u0116L NAUDOTI LUMINEO BOOSTER KREM\u0104 SU LUMINEO CAVITATION PEELING PRIETAISU SU EMS FUNKCIJA?<\/strong><br data-start=\"1561\" data-end=\"1564\" \/><strong data-start=\"1564\" data-end=\"1583\">EMS privalumai:<\/strong><\/p>\n<ul data-start=\"1586\" data-end=\"1795\">\n<li data-start=\"1586\" data-end=\"1625\">\n<p data-start=\"1588\" data-end=\"1625\">Elektrostimuliacija veido raumenims<\/p>\n<\/li>\n<li data-start=\"1626\" data-end=\"1693\">\n<p data-start=\"1628\" data-end=\"1693\">Stimuliuoja fibroblastus gaminti kolageno ir elastino skaidulas<\/p>\n<\/li>\n<li data-start=\"1694\" data-end=\"1730\">\n<p data-start=\"1696\" data-end=\"1730\">Greitas odos atjauninimo efektas<\/p>\n<\/li>\n<li data-start=\"1731\" data-end=\"1795\">\n<p data-start=\"1733\" data-end=\"1795\">Atsipalaidavimas ir malonus vibracijos poj\u016btis proced\u016bros metu.<\/p>\n<\/li>\n<\/ul>\n<p><img loading=\"lazy\" decoding=\"async\" class=\"\" src=\"https:\/\/upload.cdn.baselinker.com\/products\/3016653\/521fa08b0608239896b20f477bce1a43.jpg\" alt=\"521fa08b0608239896b20f477bce1a43.jpg\" width=\"299\" height=\"299\" \/><\/p>\n<p><strong data-start=\"1797\" data-end=\"1837\">KAIP ATLIKTI PROCED\u016aR\u0104 SU PRIETAISU?<\/strong><br data-start=\"1837\" data-end=\"1840\" \/>Pateikus krem\u0105 ryte, palaukite apie 5 minutes, kol produktas susigers, prie\u0161 u\u017etepant makia\u017e\u0105.<br data-start=\"1934\" data-end=\"1937\" \/>Tinka kraujagysli\u0173 ir jautriai odai.<\/p>\n<p>&nbsp;<\/p>\n<p><img loading=\"lazy\" decoding=\"async\" class=\"\" src=\"https:\/\/upload.cdn.baselinker.com\/products\/3016653\/3b0f4646cff528d47da58f2bc6501e1b.jpg\" alt=\"3b0f4646cff528d47da58f2bc6501e1b.jpg\" width=\"350\" height=\"350\" \/><\/p>\n<p data-start=\"1975\" data-end=\"1995\"><strong data-start=\"1975\" data-end=\"1995\">Proced\u016bros eiga:<\/strong><\/p>\n<ol data-start=\"1997\" data-end=\"2336\">\n<li data-start=\"1997\" data-end=\"2133\">\n<p data-start=\"2000\" data-end=\"2133\">I\u0161valykite ir i\u0161d\u017eiovinkite veid\u0105 \u2013 rekomenduojame naudoti LUMINEO \u0161epet\u012f su LUMINEO SUPREME CLEANSER geliu, tada naudokite tonik\u0105.<\/p>\n<\/li>\n<li data-start=\"2134\" data-end=\"2210\">\n<p data-start=\"2137\" data-end=\"2210\">U\u017etepkite LUMINEO BOOSTER krem\u0105 ant veido (venkite aki\u0173, vok\u0173 ir l\u016bp\u0173).<\/p>\n<\/li>\n<li data-start=\"2211\" data-end=\"2281\">\n<p data-start=\"2214\" data-end=\"2281\">Pasirinkite EMS funkcij\u0105 LUMINEO prietaise ir atlikite proced\u016br\u0105.<\/p>\n<\/li>\n<li data-start=\"2282\" data-end=\"2336\">\n<p data-start=\"2285\" data-end=\"2336\">Baigus proced\u016br\u0105, masa\u017euokite likus\u012f krem\u0105 \u012f veid\u0105.<\/p>\n<\/li>\n<\/ol>\n<p data-start=\"2338\" data-end=\"2538\">Norint pasiekti geriausi\u0173 rezultat\u0173, krem\u0105 naudokite du kartus per dien\u0105 ant i\u0161valytos ir i\u0161d\u017eiovintos veido odos ma\u017eiausiai 2\u20133 m\u0117nesius.<br data-start=\"2476\" data-end=\"2479\" \/>Taip pat galite naudoti krem\u0105 ant kaklo ir dekolt\u0117 srities.<\/p>\n<p data-start=\"2338\" data-end=\"2538\"><img loading=\"lazy\" decoding=\"async\" class=\"\" src=\"https:\/\/upload.cdn.baselinker.com\/products\/3016653\/4e5f9fcf2ead8a5239cd7e6b6769c024.jpg\" alt=\"4e5f9fcf2ead8a5239cd7e6b6769c024.jpg\" width=\"334\" height=\"334\" \/><\/p>\n<p data-start=\"2540\" data-end=\"2873\"><strong data-start=\"2540\" data-end=\"2564\">MATMENYS IR SUD\u0116TIS:<\/strong><br data-start=\"2564\" data-end=\"2567\" \/>Aqua, Isononyl Isononanoate, Karbamidas, Glicerinas, Polisorbatas, Fenoksietanolis, Karbomeras, Trietanolaminas, Natrio laktaatas, Hidrolizuotas Caesalpinia Spinosa dervos, Caesalpinia Spinosa derva, Etilheksilglicerinas, Kaprilo\/kaprico trigliceridai, Natrio hialuronatas, Kalio sorbatas, Sucrose Laurate.<\/p>\n<p data-start=\"2875\" data-end=\"2891\"><strong data-start=\"2875\" data-end=\"2885\">Talpa:<\/strong> 75 ml<\/p>\n<p>&nbsp;<\/p>\n<article class=\"text-token-text-primary w-full\" dir=\"auto\" data-testid=\"conversation-turn-22\" data-scroll-anchor=\"true\">\n<div class=\"text-base my-auto mx-auto py-5 [--thread-content-margin:--spacing(4)] @[37rem]:[--thread-content-margin:--spacing(6)] @[72rem]:[--thread-content-margin:--spacing(16)] px-(--thread-content-margin)\">\n<div class=\"[--thread-content-max-width:32rem] @[34rem]:[--thread-content-max-width:40rem] @[64rem]:[--thread-content-max-width:48rem] mx-auto flex max-w-(--thread-content-max-width) flex-1 text-base gap-4 md:gap-5 lg:gap-6 group\/turn-messages focus-visible:outline-hidden\">\n<div class=\"group\/conversation-turn relative flex w-full min-w-0 flex-col agent-turn\">\n<div class=\"relative flex-col gap-1 md:gap-3\">\n<div class=\"flex max-w-full flex-col grow\">\n<div class=\"min-h-8 text-message relative flex w-full flex-col items-end gap-2 text-start break-words whitespace-normal [.text-message+&amp;]:mt-5\" dir=\"auto\" data-message-author-role=\"assistant\" data-message-id=\"fa5a73e5-dd83-4fe1-a791-eba83a3ea454\" data-message-model-slug=\"gpt-4o-mini\">\n<div class=\"flex w-full flex-col gap-1 empty:hidden first:pt-[3px]\">\n<div class=\"markdown prose dark:prose-invert w-full break-words light\">\n<p data-start=\"0\" data-end=\"453\" data-is-last-node=\"\" data-is-only-node=\"\"><strong>Mes esame oficial\u016bs LUMINEO produkt\u0173 atstovai Lietuvoje ir Baltijos \u0161alyse. Si\u016blome auk\u0161\u010diausios kokyb\u0117s veido prie\u017ei\u016bros sistemas, kurios sujungia inovatyvius SPA \u012frenginius ir profesionaliai pritaikyt\u0105 kosmetik\u0105, kad u\u017etikrintume matomus rezultatus ir auk\u0161\u010diausi\u0105 klient\u0173 pasitenkinim\u0105. M\u016bs\u0173 tikslas \u2013 suteikti galimyb\u0119 m\u0117gautis profesionaliomis SPA proced\u016bromis tiesiai namuose.<\/strong><\/p>\n<\/div>\n<\/div>\n<\/div>\n<\/div>\n<div class=\"mt-3 w-full empty:hidden\">\n<div class=\"text-center\"><\/div>\n<\/div>\n<\/div>\n<div class=\"absolute\">\n<div class=\"flex items-center justify-center\"><img decoding=\"async\" src=\"https:\/\/upload.cdn.baselinker.com\/products\/3016653\/5f05b907fad41a229d3e848f399c0f7f.png\" alt=\"5f05b907fad41a229d3e848f399c0f7f.png\" data-external-url=\"\" \/><\/div>\n<\/div>\n<\/div>\n<\/div>\n<\/div>\n<\/article>\n<div class=\"pointer-events-none h-px w-px\" aria-hidden=\"true\" data-edge=\"true\"><\/div>\n","protected":false},"excerpt":{"rendered":"<p>Lumineo produktai yra sukurti naudoti tik su oficialiais Lumineo prietaisais. LUMINEO BIO NAT\u016aRALUS ODAI SKIRBTAS KREMAS STIPRINANTIS KRAUJAGYSLES\u00a0 LUMINEO prek\u0117s \u017eenklas savo&hellip;<\/p>\n","protected":false},"featured_media":74875,"template":"","meta":[],"product_brand":[1324],"product_cat":[1323,187],"product_tag":[1345],"class_list":{"0":"post-55827","1":"product","2":"type-product","3":"status-publish","4":"has-post-thumbnail","6":"product_brand-lumineo","7":"product_cat-lumineo-veido-kremai","8":"product_cat-veido-kremai","9":"product_tag-lumineo","11":"first","12":"outofstock","13":"sale","14":"taxable","15":"shipping-taxable","16":"purchasable","17":"product-type-simple"},"yoast_head":"<!-- This site is optimized with the Yoast SEO plugin v27.4 - https:\/\/yoast.com\/product\/yoast-seo-wordpress\/ -->\n<title>LUMINEO kremas kraujagysli\u0173 ir voratinklini\u0173 ven\u0173 odai, 75 ml - MalinaShop.lt J\u016bs\u0173 sveikatai ir gro\u017eiui.<\/title>\n<meta name=\"description\" content=\"LUMINEO BIO nat\u016bralus kremas kraujagysli\u0173 stiprinimui \u2013 stiprina kraujagysles ir u\u017etikrina ilgalaik\u012f dr\u0117kinim\u0105, apsaugo od\u0105 nuo vandens praradimo.\" \/>\n<meta name=\"robots\" content=\"index, follow, max-snippet:-1, max-image-preview:large, max-video-preview:-1\" \/>\n<link rel=\"canonical\" href=\"https:\/\/www.malinashop.lt\/en\/shop\/lumineo-kremas-kraujagysliu-ir-voratinkliniu-venu-odai-75-ml\/\" \/>\n<meta property=\"og:locale\" content=\"en_GB\" \/>\n<meta property=\"og:type\" content=\"article\" \/>\n<meta property=\"og:title\" content=\"LUMINEO kremas kraujagysli\u0173 ir voratinklini\u0173 ven\u0173 odai, 75 ml - MalinaShop.lt J\u016bs\u0173 sveikatai ir gro\u017eiui.\" \/>\n<meta property=\"og:description\" content=\"LUMINEO BIO nat\u016bralus kremas kraujagysli\u0173 stiprinimui \u2013 stiprina kraujagysles ir u\u017etikrina ilgalaik\u012f dr\u0117kinim\u0105, apsaugo od\u0105 nuo vandens praradimo.\" \/>\n<meta property=\"og:url\" content=\"https:\/\/www.malinashop.lt\/en\/shop\/lumineo-kremas-kraujagysliu-ir-voratinkliniu-venu-odai-75-ml\/\" \/>\n<meta property=\"og:site_name\" content=\"MalinaShop.lt J\u016bs\u0173 sveikatai ir gro\u017eiui.\" \/>\n<meta property=\"article:modified_time\" content=\"2026-04-16T18:11:03+00:00\" \/>\n<meta property=\"og:image\" content=\"https:\/\/www.malinashop.lt\/wp-content\/uploads\/2025\/06\/Gemini_Generated_Image_6cak546cak546cak.png\" \/>\n\t<meta property=\"og:image:width\" content=\"1024\" \/>\n\t<meta property=\"og:image:height\" content=\"1024\" \/>\n\t<meta property=\"og:image:type\" content=\"image\/png\" \/>\n<meta name=\"twitter:card\" content=\"summary_large_image\" \/>\n<script type=\"application\/ld+json\" class=\"yoast-schema-graph\">{\"@context\":\"https:\\\/\\\/schema.org\",\"@graph\":[{\"@type\":\"WebPage\",\"@id\":\"https:\\\/\\\/www.malinashop.lt\\\/shop\\\/lumineo-kremas-kraujagysliu-ir-voratinkliniu-venu-odai-75-ml\\\/\",\"url\":\"https:\\\/\\\/www.malinashop.lt\\\/shop\\\/lumineo-kremas-kraujagysliu-ir-voratinkliniu-venu-odai-75-ml\\\/\",\"name\":\"LUMINEO kremas kraujagysli\u0173 ir voratinklini\u0173 ven\u0173 odai, 75 ml - MalinaShop.lt J\u016bs\u0173 sveikatai ir gro\u017eiui.\",\"isPartOf\":{\"@id\":\"https:\\\/\\\/www.malinashop.lt\\\/#website\"},\"primaryImageOfPage\":{\"@id\":\"https:\\\/\\\/www.malinashop.lt\\\/shop\\\/lumineo-kremas-kraujagysliu-ir-voratinkliniu-venu-odai-75-ml\\\/#primaryimage\"},\"image\":{\"@id\":\"https:\\\/\\\/www.malinashop.lt\\\/shop\\\/lumineo-kremas-kraujagysliu-ir-voratinkliniu-venu-odai-75-ml\\\/#primaryimage\"},\"thumbnailUrl\":\"https:\\\/\\\/www.malinashop.lt\\\/wp-content\\\/uploads\\\/2025\\\/06\\\/Gemini_Generated_Image_6cak546cak546cak.png\",\"datePublished\":\"2025-06-03T19:20:36+00:00\",\"dateModified\":\"2026-04-16T18:11:03+00:00\",\"description\":\"LUMINEO BIO nat\u016bralus kremas kraujagysli\u0173 stiprinimui \u2013 stiprina kraujagysles ir u\u017etikrina ilgalaik\u012f dr\u0117kinim\u0105, apsaugo od\u0105 nuo vandens praradimo.\",\"breadcrumb\":{\"@id\":\"https:\\\/\\\/www.malinashop.lt\\\/shop\\\/lumineo-kremas-kraujagysliu-ir-voratinkliniu-venu-odai-75-ml\\\/#breadcrumb\"},\"inLanguage\":\"en-GB\",\"potentialAction\":[{\"@type\":\"ReadAction\",\"target\":[\"https:\\\/\\\/www.malinashop.lt\\\/shop\\\/lumineo-kremas-kraujagysliu-ir-voratinkliniu-venu-odai-75-ml\\\/\"]}]},{\"@type\":\"ImageObject\",\"inLanguage\":\"en-GB\",\"@id\":\"https:\\\/\\\/www.malinashop.lt\\\/shop\\\/lumineo-kremas-kraujagysliu-ir-voratinkliniu-venu-odai-75-ml\\\/#primaryimage\",\"url\":\"https:\\\/\\\/www.malinashop.lt\\\/wp-content\\\/uploads\\\/2025\\\/06\\\/Gemini_Generated_Image_6cak546cak546cak.png\",\"contentUrl\":\"https:\\\/\\\/www.malinashop.lt\\\/wp-content\\\/uploads\\\/2025\\\/06\\\/Gemini_Generated_Image_6cak546cak546cak.png\",\"width\":1024,\"height\":1024},{\"@type\":\"BreadcrumbList\",\"@id\":\"https:\\\/\\\/www.malinashop.lt\\\/shop\\\/lumineo-kremas-kraujagysliu-ir-voratinkliniu-venu-odai-75-ml\\\/#breadcrumb\",\"itemListElement\":[{\"@type\":\"ListItem\",\"position\":1,\"name\":\"Pagrindinis\",\"item\":\"https:\\\/\\\/www.malinashop.lt\\\/\"},{\"@type\":\"ListItem\",\"position\":2,\"name\":\"Parduotuv\u0117\",\"item\":\"https:\\\/\\\/www.malinashop.lt\\\/en\\\/parduotuve\\\/\"},{\"@type\":\"ListItem\",\"position\":3,\"name\":\"LUMINEO kremas kraujagysli\u0173 ir voratinklini\u0173 ven\u0173 odai, 75 ml\"}]},{\"@type\":\"WebSite\",\"@id\":\"https:\\\/\\\/www.malinashop.lt\\\/#website\",\"url\":\"https:\\\/\\\/www.malinashop.lt\\\/\",\"name\":\"COM Group Ecommerce\",\"description\":\"MalinaShop.lt - Gro\u017eio ir sveikatos produktai i\u0161 patikim\u0173 preki\u0173 \u017eenkl\u0173. Atraskite auk\u0161tos kokyb\u0117s kosmetik\u0105 u\u017e puiki\u0105 kain\u0105.\",\"publisher\":{\"@id\":\"https:\\\/\\\/www.malinashop.lt\\\/#organization\"},\"potentialAction\":[{\"@type\":\"SearchAction\",\"target\":{\"@type\":\"EntryPoint\",\"urlTemplate\":\"https:\\\/\\\/www.malinashop.lt\\\/?s={search_term_string}\"},\"query-input\":{\"@type\":\"PropertyValueSpecification\",\"valueRequired\":true,\"valueName\":\"search_term_string\"}}],\"inLanguage\":\"en-GB\"},{\"@type\":\"Organization\",\"@id\":\"https:\\\/\\\/www.malinashop.lt\\\/#organization\",\"name\":\"COM Group Ecommerce\",\"url\":\"https:\\\/\\\/www.malinashop.lt\\\/\",\"logo\":{\"@type\":\"ImageObject\",\"inLanguage\":\"en-GB\",\"@id\":\"https:\\\/\\\/www.malinashop.lt\\\/#\\\/schema\\\/logo\\\/image\\\/\",\"url\":\"https:\\\/\\\/www.malinashop.lt\\\/wp-content\\\/uploads\\\/2024\\\/08\\\/462559670_3787732518133670_9795632669273463_n-e1731525914575.png\",\"contentUrl\":\"https:\\\/\\\/www.malinashop.lt\\\/wp-content\\\/uploads\\\/2024\\\/08\\\/462559670_3787732518133670_9795632669273463_n-e1731525914575.png\",\"width\":180,\"height\":60,\"caption\":\"COM Group Ecommerce\"},\"image\":{\"@id\":\"https:\\\/\\\/www.malinashop.lt\\\/#\\\/schema\\\/logo\\\/image\\\/\"}}]}<\/script>\n<!-- \/ Yoast SEO plugin. -->","yoast_head_json":{"title":"LUMINEO kremas kraujagysli\u0173 ir voratinklini\u0173 ven\u0173 odai, 75 ml - MalinaShop.lt J\u016bs\u0173 sveikatai ir gro\u017eiui.","description":"LUMINEO BIO nat\u016bralus kremas kraujagysli\u0173 stiprinimui \u2013 stiprina kraujagysles ir u\u017etikrina ilgalaik\u012f dr\u0117kinim\u0105, apsaugo od\u0105 nuo vandens praradimo.","robots":{"index":"index","follow":"follow","max-snippet":"max-snippet:-1","max-image-preview":"max-image-preview:large","max-video-preview":"max-video-preview:-1"},"canonical":"https:\/\/www.malinashop.lt\/en\/shop\/lumineo-kremas-kraujagysliu-ir-voratinkliniu-venu-odai-75-ml\/","og_locale":"en_GB","og_type":"article","og_title":"LUMINEO kremas kraujagysli\u0173 ir voratinklini\u0173 ven\u0173 odai, 75 ml - MalinaShop.lt J\u016bs\u0173 sveikatai ir gro\u017eiui.","og_description":"LUMINEO BIO nat\u016bralus kremas kraujagysli\u0173 stiprinimui \u2013 stiprina kraujagysles ir u\u017etikrina ilgalaik\u012f dr\u0117kinim\u0105, apsaugo od\u0105 nuo vandens praradimo.","og_url":"https:\/\/www.malinashop.lt\/en\/shop\/lumineo-kremas-kraujagysliu-ir-voratinkliniu-venu-odai-75-ml\/","og_site_name":"MalinaShop.lt J\u016bs\u0173 sveikatai ir gro\u017eiui.","article_modified_time":"2026-04-16T18:11:03+00:00","og_image":[{"width":1024,"height":1024,"url":"https:\/\/www.malinashop.lt\/wp-content\/uploads\/2025\/06\/Gemini_Generated_Image_6cak546cak546cak.png","type":"image\/png"}],"twitter_card":"summary_large_image","schema":{"@context":"https:\/\/schema.org","@graph":[{"@type":"WebPage","@id":"https:\/\/www.malinashop.lt\/shop\/lumineo-kremas-kraujagysliu-ir-voratinkliniu-venu-odai-75-ml\/","url":"https:\/\/www.malinashop.lt\/shop\/lumineo-kremas-kraujagysliu-ir-voratinkliniu-venu-odai-75-ml\/","name":"LUMINEO kremas kraujagysli\u0173 ir voratinklini\u0173 ven\u0173 odai, 75 ml - MalinaShop.lt J\u016bs\u0173 sveikatai ir gro\u017eiui.","isPartOf":{"@id":"https:\/\/www.malinashop.lt\/#website"},"primaryImageOfPage":{"@id":"https:\/\/www.malinashop.lt\/shop\/lumineo-kremas-kraujagysliu-ir-voratinkliniu-venu-odai-75-ml\/#primaryimage"},"image":{"@id":"https:\/\/www.malinashop.lt\/shop\/lumineo-kremas-kraujagysliu-ir-voratinkliniu-venu-odai-75-ml\/#primaryimage"},"thumbnailUrl":"https:\/\/www.malinashop.lt\/wp-content\/uploads\/2025\/06\/Gemini_Generated_Image_6cak546cak546cak.png","datePublished":"2025-06-03T19:20:36+00:00","dateModified":"2026-04-16T18:11:03+00:00","description":"LUMINEO BIO nat\u016bralus kremas kraujagysli\u0173 stiprinimui \u2013 stiprina kraujagysles ir u\u017etikrina ilgalaik\u012f dr\u0117kinim\u0105, apsaugo od\u0105 nuo vandens praradimo.","breadcrumb":{"@id":"https:\/\/www.malinashop.lt\/shop\/lumineo-kremas-kraujagysliu-ir-voratinkliniu-venu-odai-75-ml\/#breadcrumb"},"inLanguage":"en-GB","potentialAction":[{"@type":"ReadAction","target":["https:\/\/www.malinashop.lt\/shop\/lumineo-kremas-kraujagysliu-ir-voratinkliniu-venu-odai-75-ml\/"]}]},{"@type":"ImageObject","inLanguage":"en-GB","@id":"https:\/\/www.malinashop.lt\/shop\/lumineo-kremas-kraujagysliu-ir-voratinkliniu-venu-odai-75-ml\/#primaryimage","url":"https:\/\/www.malinashop.lt\/wp-content\/uploads\/2025\/06\/Gemini_Generated_Image_6cak546cak546cak.png","contentUrl":"https:\/\/www.malinashop.lt\/wp-content\/uploads\/2025\/06\/Gemini_Generated_Image_6cak546cak546cak.png","width":1024,"height":1024},{"@type":"BreadcrumbList","@id":"https:\/\/www.malinashop.lt\/shop\/lumineo-kremas-kraujagysliu-ir-voratinkliniu-venu-odai-75-ml\/#breadcrumb","itemListElement":[{"@type":"ListItem","position":1,"name":"Pagrindinis","item":"https:\/\/www.malinashop.lt\/"},{"@type":"ListItem","position":2,"name":"Parduotuv\u0117","item":"https:\/\/www.malinashop.lt\/en\/parduotuve\/"},{"@type":"ListItem","position":3,"name":"LUMINEO kremas kraujagysli\u0173 ir voratinklini\u0173 ven\u0173 odai, 75 ml"}]},{"@type":"WebSite","@id":"https:\/\/www.malinashop.lt\/#website","url":"https:\/\/www.malinashop.lt\/","name":"COM Group Ecommerce","description":"MalinaShop.lt - Gro\u017eio ir sveikatos produktai i\u0161 patikim\u0173 preki\u0173 \u017eenkl\u0173. Atraskite auk\u0161tos kokyb\u0117s kosmetik\u0105 u\u017e puiki\u0105 kain\u0105.","publisher":{"@id":"https:\/\/www.malinashop.lt\/#organization"},"potentialAction":[{"@type":"SearchAction","target":{"@type":"EntryPoint","urlTemplate":"https:\/\/www.malinashop.lt\/?s={search_term_string}"},"query-input":{"@type":"PropertyValueSpecification","valueRequired":true,"valueName":"search_term_string"}}],"inLanguage":"en-GB"},{"@type":"Organization","@id":"https:\/\/www.malinashop.lt\/#organization","name":"COM Group Ecommerce","url":"https:\/\/www.malinashop.lt\/","logo":{"@type":"ImageObject","inLanguage":"en-GB","@id":"https:\/\/www.malinashop.lt\/#\/schema\/logo\/image\/","url":"https:\/\/www.malinashop.lt\/wp-content\/uploads\/2024\/08\/462559670_3787732518133670_9795632669273463_n-e1731525914575.png","contentUrl":"https:\/\/www.malinashop.lt\/wp-content\/uploads\/2024\/08\/462559670_3787732518133670_9795632669273463_n-e1731525914575.png","width":180,"height":60,"caption":"COM Group Ecommerce"},"image":{"@id":"https:\/\/www.malinashop.lt\/#\/schema\/logo\/image\/"}}]}},"jetpack_sharing_enabled":true,"_links":{"self":[{"href":"https:\/\/www.malinashop.lt\/en\/wp-json\/wp\/v2\/product\/55827","targetHints":{"allow":["GET"]}}],"collection":[{"href":"https:\/\/www.malinashop.lt\/en\/wp-json\/wp\/v2\/product"}],"about":[{"href":"https:\/\/www.malinashop.lt\/en\/wp-json\/wp\/v2\/types\/product"}],"version-history":[{"count":4,"href":"https:\/\/www.malinashop.lt\/en\/wp-json\/wp\/v2\/product\/55827\/revisions"}],"predecessor-version":[{"id":57503,"href":"https:\/\/www.malinashop.lt\/en\/wp-json\/wp\/v2\/product\/55827\/revisions\/57503"}],"wp:featuredmedia":[{"embeddable":true,"href":"https:\/\/www.malinashop.lt\/en\/wp-json\/wp\/v2\/media\/74875"}],"wp:attachment":[{"href":"https:\/\/www.malinashop.lt\/en\/wp-json\/wp\/v2\/media?parent=55827"}],"wp:term":[{"taxonomy":"product_brand","embeddable":true,"href":"https:\/\/www.malinashop.lt\/en\/wp-json\/wp\/v2\/product_brand?post=55827"},{"taxonomy":"product_cat","embeddable":true,"href":"https:\/\/www.malinashop.lt\/en\/wp-json\/wp\/v2\/product_cat?post=55827"},{"taxonomy":"product_tag","embeddable":true,"href":"https:\/\/www.malinashop.lt\/en\/wp-json\/wp\/v2\/product_tag?post=55827"}],"curies":[{"name":"wp","href":"https:\/\/api.w.org\/{rel}","templated":true}]}}