{"id":55774,"date":"2025-06-03T22:20:44","date_gmt":"2025-06-03T19:20:44","guid":{"rendered":"https:\/\/malinashop.lt\/?post_type=product&#038;p=55774"},"modified":"2026-03-18T21:44:23","modified_gmt":"2026-03-18T18:44:23","slug":"lumineo-drekinamasis-kremas-su-hialurono-rugstimi-75-ml","status":"publish","type":"product","link":"https:\/\/www.malinashop.lt\/en\/shop\/lumineo-drekinamasis-kremas-su-hialurono-rugstimi-75-ml\/","title":{"rendered":"LUMINEO dr\u0117kinamasis kremas su hialurono r\u016bg\u0161timi, 75 ml"},"content":{"rendered":"<p>Lumineo produktai yra sukurti naudoti tik su oficialiais Lumineo prietaisais.<\/p>\n<p><img decoding=\"async\" src=\"https:\/\/upload.cdn.baselinker.com\/products\/3016653\/3f1bc3eaccada6d61e600adbe3e634e6.png\" alt=\"3f1bc3eaccada6d61e600adbe3e634e6.png\" \/><\/p>\n<p data-start=\"0\" data-end=\"67\"><strong data-start=\"0\" data-end=\"67\">LUMINEO BIO NAT\u016aRALUS DR\u0116KINAMASIS KREMAS SU HIALURONO R\u016aG\u0160TIMI<\/strong><\/p>\n<p data-start=\"69\" data-end=\"245\">LUMINEO prek\u0117s \u017eenklas savo klientams si\u016blo pa\u017eangias veido ir k\u016bno prie\u017ei\u016bros sistemas namams, sudarytas i\u0161 inovatyvi\u0173 SPA \u012frengini\u0173 ir tobulai suderint\u0173 kosmetikos priemoni\u0173.<\/p>\n<p data-start=\"247\" data-end=\"478\">Mes bendradarbiaujame su geriausiomis lenk\u0173 kosmetikos laboratorijomis, tod\u0117l m\u016bs\u0173 klientai gauna auk\u0161\u010diausios kokyb\u0117s produktus, u\u017etikrinan\u010dius matomus rezultatus ir leid\u017eian\u010dius m\u0117gautis profesionaliomis SPA proced\u016bromis namuose.<\/p>\n<p data-start=\"480\" data-end=\"620\">M\u016bs\u0173 kosmetikos efektyvum\u0105 patvirtina dermatologiniai tyrimai, o \u012frengini\u0173 saugumas ir auk\u0161\u010diausia kokyb\u0117 yra patvirtinta ES CE sertifikatu.<\/p>\n<p data-start=\"480\" data-end=\"620\"><strong data-start=\"622\" data-end=\"689\">LUMINEO BIO NAT\u016aRALUS DR\u0116KINAMASIS KREMAS SU HIALURONO R\u016aG\u0160TIMI<\/strong><br data-start=\"689\" data-end=\"692\" \/>Kremas sukuria nat\u016bral\u0173 sluoksn\u012f, stiprinant\u012f hidrolipidin\u012f barjer\u0105 ir u\u017ekertant\u012f keli\u0105 vandens praradimui i\u0161 odos.<\/p>\n<p data-start=\"480\" data-end=\"620\"><img fetchpriority=\"high\" decoding=\"async\" class=\"alignnone\" src=\"https:\/\/upload.cdn.baselinker.com\/products\/3016653\/22ecf9719fa3fe33724df346be690c49.jpg\" alt=\"22ecf9719fa3fe33724df346be690c49.jpg\" width=\"498\" height=\"498\" \/><\/p>\n<p data-start=\"809\" data-end=\"1068\"><strong data-start=\"809\" data-end=\"835\">NAT\u016aRAL\u016aS INGREDIENTAI<\/strong><br data-start=\"835\" data-end=\"838\" \/>Inovatyvi aktyvi formul\u0117, veikianti kaip \u201eSequential Skin Delivery System\u201c, kuri naudoja ma\u017eas dr\u0117kinan\u010di\u0173 med\u017eiag\u0173 molekules, kurios palaipsniui i\u0161siskiria tepant krem\u0105, suteikdamos i\u0161 karto ir ilgalaik\u012f intensyv\u0173 odos dr\u0117kinim\u0105.<\/p>\n<p data-start=\"1070\" data-end=\"1228\">\u0160is kremas veikia dviem lygiais: suteikia greit\u0105 ir ilgalaik\u012f dr\u0117kinim\u0105, gerina stratum corneum (odos sluoksnio) hidratacij\u0105 ir reguliuoja epidermio \u0161veitim\u0105.<\/p>\n<p data-start=\"1230\" data-end=\"1259\"><strong data-start=\"1230\" data-end=\"1257\">AKTYVIEJI INGREDIENTAI:<\/strong><\/p>\n<ul data-start=\"1260\" data-end=\"1385\">\n<li data-start=\"1260\" data-end=\"1274\">\n<p data-start=\"1262\" data-end=\"1274\">Karbamidas<\/p>\n<\/li>\n<li data-start=\"1275\" data-end=\"1295\">\n<p data-start=\"1277\" data-end=\"1295\">Natrio laktaatas<\/p>\n<\/li>\n<li data-start=\"1296\" data-end=\"1322\">\n<p data-start=\"1298\" data-end=\"1322\">Tara med\u017eio ekstraktas<\/p>\n<\/li>\n<li data-start=\"1323\" data-end=\"1344\">\n<p data-start=\"1325\" data-end=\"1344\">Hialurono r\u016bg\u0161tis<\/p>\n<\/li>\n<li data-start=\"1345\" data-end=\"1360\">\n<p data-start=\"1347\" data-end=\"1360\">Be paraben\u0173<\/p>\n<\/li>\n<li data-start=\"1361\" data-end=\"1374\">\n<p data-start=\"1363\" data-end=\"1374\">Be spalv\u0173<\/p>\n<\/li>\n<li style=\"text-align: left\" data-start=\"1361\" data-end=\"1374\">Be kvap\u0173<\/li>\n<\/ul>\n<p data-start=\"1387\" data-end=\"1584\"><em data-start=\"1387\" data-end=\"1441\"><img decoding=\"async\" class=\"alignnone\" src=\"https:\/\/upload.cdn.baselinker.com\/products\/3016653\/9407f934bae8f0462c74f2787b4c5a06.jpg\" alt=\"9407f934bae8f0462c74f2787b4c5a06.jpg\" width=\"490\" height=\"490\" \/><\/em><\/p>\n<p data-start=\"1387\" data-end=\"1584\"><em data-start=\"1387\" data-end=\"1441\">KREMAS + LUMINEO EMS PRIETAISAS = DVIGUBAS EFEKTAS<\/em>*<br data-start=\"1442\" data-end=\"1445\" \/>Krem\u0105 taip pat galima naudoti nam\u0173 SPA proced\u016broms, naudojant LUMINEO CAVITATION PEELING prietais\u0105 su EMS funkcija (elektrostimuliacija).<\/p>\n<ul data-start=\"1585\" data-end=\"1644\">\n<li data-start=\"1585\" data-end=\"1644\">\n<p data-start=\"1587\" data-end=\"1644\">Prietaisas parduodamas atskirai, ne\u012feina \u012f kremo rinkin\u012f.<\/p>\n<\/li>\n<\/ul>\n<p data-start=\"1646\" data-end=\"1762\"><strong data-start=\"1646\" data-end=\"1738\"><img decoding=\"async\" class=\"alignnone\" src=\"https:\/\/upload.cdn.baselinker.com\/products\/3016653\/38aa61333156fa944e3b23e7d4a45f95.jpg\" alt=\"38aa61333156fa944e3b23e7d4a45f95.jpg\" width=\"461\" height=\"461\" \/><\/strong><\/p>\n<p data-start=\"1646\" data-end=\"1762\"><strong data-start=\"1646\" data-end=\"1738\">KOD\u0116L NAUDOTI LUMINEO BIO KREM\u0104 SU LUMINEO CAVITATION PEELING PRIETAISU SU EMS FUNKCIJA?<\/strong><br data-start=\"1738\" data-end=\"1741\" \/><strong data-start=\"1741\" data-end=\"1760\">EMS privalumai:<\/strong><\/p>\n<ul data-start=\"1763\" data-end=\"1983\">\n<li data-start=\"1763\" data-end=\"1802\">\n<p data-start=\"1765\" data-end=\"1802\">Elektrostimuliacija veido raumenims<\/p>\n<\/li>\n<li data-start=\"1803\" data-end=\"1881\">\n<p data-start=\"1805\" data-end=\"1881\">Stimuliuoja fibroblastus, kad b\u016bt\u0173 gaminami kolageno ir elastino skaidulos<\/p>\n<\/li>\n<li data-start=\"1882\" data-end=\"1918\">\n<p data-start=\"1884\" data-end=\"1918\">Greitas odos atjauninimo efektas<\/p>\n<\/li>\n<li data-start=\"1919\" data-end=\"1983\">\n<p data-start=\"1921\" data-end=\"1983\">Atsipalaidavimas ir malonus vibracijos poj\u016btis proced\u016bros metu<\/p>\n<\/li>\n<\/ul>\n<p><strong data-start=\"1985\" data-end=\"2025\"><img loading=\"lazy\" decoding=\"async\" class=\"alignnone\" src=\"https:\/\/upload.cdn.baselinker.com\/products\/3016653\/ac5a506feeabb488e7fe5c04f43d71b1.jpg\" alt=\"ac5a506feeabb488e7fe5c04f43d71b1.jpg\" width=\"453\" height=\"453\" \/><\/strong><\/p>\n<p><strong data-start=\"1985\" data-end=\"2025\">KAIP ATLIKTI PROCED\u016aR\u0104 SU PRIETAISU?<\/strong><br data-start=\"2025\" data-end=\"2028\" \/>Patepus krem\u0105 ryte, palaukite apie 5 minutes, kol produktas susigers, prie\u0161 u\u017etepant makia\u017e\u0105.<br data-start=\"2122\" data-end=\"2125\" \/>Tinka visiems odos tipams.<\/p>\n<p data-start=\"2153\" data-end=\"2173\"><strong data-start=\"2153\" data-end=\"2173\"><img loading=\"lazy\" decoding=\"async\" class=\"alignnone\" src=\"https:\/\/upload.cdn.baselinker.com\/products\/3016653\/dc355ce2efd5b7c8634b662a8bf19368.jpg\" alt=\"dc355ce2efd5b7c8634b662a8bf19368.jpg\" width=\"453\" height=\"453\" \/><\/strong><\/p>\n<p data-start=\"2153\" data-end=\"2173\"><strong data-start=\"2153\" data-end=\"2173\">Proced\u016bros eiga:<\/strong><\/p>\n<ol data-start=\"2175\" data-end=\"2510\">\n<li data-start=\"2175\" data-end=\"2311\">\n<p data-start=\"2178\" data-end=\"2311\">I\u0161valykite ir i\u0161d\u017eiovinkite veid\u0105 \u2013 rekomenduojame naudoti LUMINEO \u0161epet\u012f su LUMINEO SUPREME CLEANSER geliu, tada naudokite tonik\u0105.<\/p>\n<\/li>\n<li data-start=\"2312\" data-end=\"2384\">\n<p data-start=\"2315\" data-end=\"2384\">U\u017etepkite LUMINEO BIO krem\u0105 ant veido (venkite aki\u0173, vok\u0173 ir l\u016bp\u0173).<\/p>\n<\/li>\n<li data-start=\"2385\" data-end=\"2455\">\n<p data-start=\"2388\" data-end=\"2455\">Pasirinkite EMS funkcij\u0105 LUMINEO prietaise ir atlikite proced\u016br\u0105.<\/p>\n<\/li>\n<li data-start=\"2456\" data-end=\"2510\">\n<p data-start=\"2459\" data-end=\"2510\">Baigus proced\u016br\u0105, masa\u017euokite likus\u012f krem\u0105 \u012f veid\u0105.<\/p>\n<\/li>\n<\/ol>\n<p data-start=\"2512\" data-end=\"2712\">Norint pasiekti geriausi\u0173 rezultat\u0173, krem\u0105 naudokite du kartus per dien\u0105 ant i\u0161valytos ir i\u0161d\u017eiovintos veido odos ma\u017eiausiai 2\u20133 m\u0117nesius.<br data-start=\"2650\" data-end=\"2653\" \/>Taip pat galite naudoti krem\u0105 ant kaklo ir dekolt\u0117 srities.<\/p>\n<p data-start=\"2714\" data-end=\"3045\"><strong data-start=\"2714\" data-end=\"2738\"><img loading=\"lazy\" decoding=\"async\" class=\"alignnone\" src=\"https:\/\/upload.cdn.baselinker.com\/products\/3016653\/afe19b4ddb06aed124050f6bd7e0747a.jpg\" alt=\"afe19b4ddb06aed124050f6bd7e0747a.jpg\" width=\"449\" height=\"449\" \/><\/strong><\/p>\n<p data-start=\"2714\" data-end=\"3045\"><strong data-start=\"2714\" data-end=\"2738\">MATMENYS IR SUD\u0116TIS:<\/strong><br data-start=\"2738\" data-end=\"2741\" \/>Aqua, Isononyl Isonanoate, Karbamidas, Glicerinas, Polisorbatas, Fenoksietanolis, Karbomeras, Trietanolaminas, Natrio laktaatas, Hidrolizuotas Caesalpinia Spinosa dervos, Caesalpinia Spinosa derva, Etilheksilglicerinas, Kaprilo\/kaprico trigliceridai, Natrio hialuronatas, Kalio sorbatas, Sucrose Laurate.<\/p>\n<p data-start=\"3047\" data-end=\"3063\"><strong data-start=\"3047\" data-end=\"3057\">Talpa:<\/strong> 75 ml<\/p>\n<article class=\"text-token-text-primary w-full\" dir=\"auto\" data-testid=\"conversation-turn-22\" data-scroll-anchor=\"true\">\n<div class=\"text-base my-auto mx-auto py-5 [--thread-content-margin:--spacing(4)] @[37rem]:[--thread-content-margin:--spacing(6)] @[72rem]:[--thread-content-margin:--spacing(16)] px-(--thread-content-margin)\">\n<div class=\"[--thread-content-max-width:32rem] @[34rem]:[--thread-content-max-width:40rem] @[64rem]:[--thread-content-max-width:48rem] mx-auto flex max-w-(--thread-content-max-width) flex-1 text-base gap-4 md:gap-5 lg:gap-6 group\/turn-messages focus-visible:outline-hidden\">\n<div class=\"group\/conversation-turn relative flex w-full min-w-0 flex-col agent-turn\">\n<div class=\"relative flex-col gap-1 md:gap-3\">\n<div class=\"flex max-w-full flex-col grow\">\n<div class=\"min-h-8 text-message relative flex w-full flex-col items-end gap-2 text-start break-words whitespace-normal [.text-message+&amp;]:mt-5\" dir=\"auto\" data-message-author-role=\"assistant\" data-message-id=\"fa5a73e5-dd83-4fe1-a791-eba83a3ea454\" data-message-model-slug=\"gpt-4o-mini\">\n<div class=\"flex w-full flex-col gap-1 empty:hidden first:pt-[3px]\">\n<div class=\"markdown prose dark:prose-invert w-full break-words light\">\n<p data-start=\"0\" data-end=\"453\" data-is-last-node=\"\" data-is-only-node=\"\"><strong>Mes esame oficial\u016bs LUMINEO produkt\u0173 atstovai Lietuvoje ir Baltijos \u0161alyse. Si\u016blome auk\u0161\u010diausios kokyb\u0117s veido prie\u017ei\u016bros sistemas, kurios sujungia inovatyvius SPA \u012frenginius ir profesionaliai pritaikyt\u0105 kosmetik\u0105, kad u\u017etikrintume matomus rezultatus ir auk\u0161\u010diausi\u0105 klient\u0173 pasitenkinim\u0105. M\u016bs\u0173 tikslas \u2013 suteikti galimyb\u0119 m\u0117gautis profesionaliomis SPA proced\u016bromis tiesiai namuose.<\/strong><\/p>\n<p data-start=\"0\" data-end=\"453\" data-is-last-node=\"\" data-is-only-node=\"\"><img decoding=\"async\" src=\"https:\/\/upload.cdn.baselinker.com\/products\/3016653\/5f05b907fad41a229d3e848f399c0f7f.png\" alt=\"5f05b907fad41a229d3e848f399c0f7f.png\" data-external-url=\"\" \/><\/p>\n<\/div>\n<\/div>\n<\/div>\n<\/div>\n<\/div>\n<\/div>\n<\/div>\n<\/div>\n<\/article>\n","protected":false},"excerpt":{"rendered":"<p>Lumineo produktai yra sukurti naudoti tik su oficialiais Lumineo prietaisais. LUMINEO BIO NAT\u016aRALUS DR\u0116KINAMASIS KREMAS SU HIALURONO R\u016aG\u0160TIMI LUMINEO prek\u0117s \u017eenklas savo&hellip;<\/p>\n","protected":false},"featured_media":74876,"template":"","meta":[],"product_brand":[1324],"product_cat":[1323,187],"product_tag":[1345],"class_list":{"0":"post-55774","1":"product","2":"type-product","3":"status-publish","4":"has-post-thumbnail","6":"product_brand-lumineo","7":"product_cat-lumineo-veido-kremai","8":"product_cat-veido-kremai","9":"product_tag-lumineo","11":"first","12":"instock","13":"sale","14":"taxable","15":"shipping-taxable","16":"purchasable","17":"product-type-simple"},"yoast_head":"<!-- This site is optimized with the Yoast SEO plugin v27.4 - https:\/\/yoast.com\/product\/yoast-seo-wordpress\/ -->\n<title>LUMINEO dr\u0117kinamasis kremas su hialurono r\u016bg\u0161timi, 75 ml - MalinaShop.lt J\u016bs\u0173 sveikatai ir gro\u017eiui.<\/title>\n<meta name=\"description\" content=\"LUMINEO BIO dr\u0117kinamasis kremas su hialurono r\u016bg\u0161timi \u2013 intensyvus odos dr\u0117kinimas, suteikia ilgalaik\u012f odos komfort\u0105 ir sveik\u0105 i\u0161vaizd\u0105.\" \/>\n<meta name=\"robots\" content=\"index, follow, max-snippet:-1, max-image-preview:large, max-video-preview:-1\" \/>\n<link rel=\"canonical\" href=\"https:\/\/www.malinashop.lt\/en\/shop\/lumineo-drekinamasis-kremas-su-hialurono-rugstimi-75-ml\/\" \/>\n<meta property=\"og:locale\" content=\"en_GB\" \/>\n<meta property=\"og:type\" content=\"article\" \/>\n<meta property=\"og:title\" content=\"LUMINEO dr\u0117kinamasis kremas su hialurono r\u016bg\u0161timi, 75 ml - MalinaShop.lt J\u016bs\u0173 sveikatai ir gro\u017eiui.\" \/>\n<meta property=\"og:description\" content=\"LUMINEO BIO dr\u0117kinamasis kremas su hialurono r\u016bg\u0161timi \u2013 intensyvus odos dr\u0117kinimas, suteikia ilgalaik\u012f odos komfort\u0105 ir sveik\u0105 i\u0161vaizd\u0105.\" \/>\n<meta property=\"og:url\" content=\"https:\/\/www.malinashop.lt\/en\/shop\/lumineo-drekinamasis-kremas-su-hialurono-rugstimi-75-ml\/\" \/>\n<meta property=\"og:site_name\" content=\"MalinaShop.lt J\u016bs\u0173 sveikatai ir gro\u017eiui.\" \/>\n<meta property=\"article:modified_time\" content=\"2026-03-18T18:44:23+00:00\" \/>\n<meta property=\"og:image\" content=\"https:\/\/www.malinashop.lt\/wp-content\/uploads\/2025\/06\/Gemini_Generated_Image_kten4ikten4ikten.png\" \/>\n\t<meta property=\"og:image:width\" content=\"1024\" \/>\n\t<meta property=\"og:image:height\" content=\"1024\" \/>\n\t<meta property=\"og:image:type\" content=\"image\/png\" \/>\n<meta name=\"twitter:card\" content=\"summary_large_image\" \/>\n<script type=\"application\/ld+json\" class=\"yoast-schema-graph\">{\"@context\":\"https:\\\/\\\/schema.org\",\"@graph\":[{\"@type\":\"WebPage\",\"@id\":\"https:\\\/\\\/www.malinashop.lt\\\/lt_lt\\\/shop\\\/lumineo-drekinamasis-kremas-su-hialurono-rugstimi-75-ml\\\/\",\"url\":\"https:\\\/\\\/www.malinashop.lt\\\/lt_lt\\\/shop\\\/lumineo-drekinamasis-kremas-su-hialurono-rugstimi-75-ml\\\/\",\"name\":\"LUMINEO dr\u0117kinamasis kremas su hialurono r\u016bg\u0161timi, 75 ml - MalinaShop.lt J\u016bs\u0173 sveikatai ir gro\u017eiui.\",\"isPartOf\":{\"@id\":\"https:\\\/\\\/www.malinashop.lt\\\/en\\\/#website\"},\"primaryImageOfPage\":{\"@id\":\"https:\\\/\\\/www.malinashop.lt\\\/lt_lt\\\/shop\\\/lumineo-drekinamasis-kremas-su-hialurono-rugstimi-75-ml\\\/#primaryimage\"},\"image\":{\"@id\":\"https:\\\/\\\/www.malinashop.lt\\\/lt_lt\\\/shop\\\/lumineo-drekinamasis-kremas-su-hialurono-rugstimi-75-ml\\\/#primaryimage\"},\"thumbnailUrl\":\"https:\\\/\\\/www.malinashop.lt\\\/wp-content\\\/uploads\\\/2025\\\/06\\\/Gemini_Generated_Image_kten4ikten4ikten.png\",\"datePublished\":\"2025-06-03T19:20:44+00:00\",\"dateModified\":\"2026-03-18T18:44:23+00:00\",\"description\":\"LUMINEO BIO dr\u0117kinamasis kremas su hialurono r\u016bg\u0161timi \u2013 intensyvus odos dr\u0117kinimas, suteikia ilgalaik\u012f odos komfort\u0105 ir sveik\u0105 i\u0161vaizd\u0105.\",\"breadcrumb\":{\"@id\":\"https:\\\/\\\/www.malinashop.lt\\\/lt_lt\\\/shop\\\/lumineo-drekinamasis-kremas-su-hialurono-rugstimi-75-ml\\\/#breadcrumb\"},\"inLanguage\":\"en-GB\",\"potentialAction\":[{\"@type\":\"ReadAction\",\"target\":[\"https:\\\/\\\/www.malinashop.lt\\\/lt_lt\\\/shop\\\/lumineo-drekinamasis-kremas-su-hialurono-rugstimi-75-ml\\\/\"]}]},{\"@type\":\"ImageObject\",\"inLanguage\":\"en-GB\",\"@id\":\"https:\\\/\\\/www.malinashop.lt\\\/lt_lt\\\/shop\\\/lumineo-drekinamasis-kremas-su-hialurono-rugstimi-75-ml\\\/#primaryimage\",\"url\":\"https:\\\/\\\/www.malinashop.lt\\\/wp-content\\\/uploads\\\/2025\\\/06\\\/Gemini_Generated_Image_kten4ikten4ikten.png\",\"contentUrl\":\"https:\\\/\\\/www.malinashop.lt\\\/wp-content\\\/uploads\\\/2025\\\/06\\\/Gemini_Generated_Image_kten4ikten4ikten.png\",\"width\":1024,\"height\":1024},{\"@type\":\"BreadcrumbList\",\"@id\":\"https:\\\/\\\/www.malinashop.lt\\\/lt_lt\\\/shop\\\/lumineo-drekinamasis-kremas-su-hialurono-rugstimi-75-ml\\\/#breadcrumb\",\"itemListElement\":[{\"@type\":\"ListItem\",\"position\":1,\"name\":\"Home\",\"item\":\"https:\\\/\\\/www.malinashop.lt\\\/\"},{\"@type\":\"ListItem\",\"position\":2,\"name\":\"Parduotuv\u0117\",\"item\":\"https:\\\/\\\/www.malinashop.lt\\\/en\\\/parduotuve\\\/\"},{\"@type\":\"ListItem\",\"position\":3,\"name\":\"LUMINEO dr\u0117kinamasis kremas su hialurono r\u016bg\u0161timi, 75 ml\"}]},{\"@type\":\"WebSite\",\"@id\":\"https:\\\/\\\/www.malinashop.lt\\\/en\\\/#website\",\"url\":\"https:\\\/\\\/www.malinashop.lt\\\/en\\\/\",\"name\":\"COM Group Ecommerce\",\"description\":\"MalinaShop.lt - Gro\u017eio ir sveikatos produktai i\u0161 patikim\u0173 preki\u0173 \u017eenkl\u0173. Atraskite auk\u0161tos kokyb\u0117s kosmetik\u0105 u\u017e puiki\u0105 kain\u0105.\",\"publisher\":{\"@id\":\"https:\\\/\\\/www.malinashop.lt\\\/en\\\/#organization\"},\"potentialAction\":[{\"@type\":\"SearchAction\",\"target\":{\"@type\":\"EntryPoint\",\"urlTemplate\":\"https:\\\/\\\/www.malinashop.lt\\\/en\\\/?s={search_term_string}\"},\"query-input\":{\"@type\":\"PropertyValueSpecification\",\"valueRequired\":true,\"valueName\":\"search_term_string\"}}],\"inLanguage\":\"en-GB\"},{\"@type\":\"Organization\",\"@id\":\"https:\\\/\\\/www.malinashop.lt\\\/en\\\/#organization\",\"name\":\"COM Group Ecommerce\",\"url\":\"https:\\\/\\\/www.malinashop.lt\\\/en\\\/\",\"logo\":{\"@type\":\"ImageObject\",\"inLanguage\":\"en-GB\",\"@id\":\"https:\\\/\\\/www.malinashop.lt\\\/en\\\/#\\\/schema\\\/logo\\\/image\\\/\",\"url\":\"https:\\\/\\\/www.malinashop.lt\\\/wp-content\\\/uploads\\\/2024\\\/08\\\/462559670_3787732518133670_9795632669273463_n-e1731525914575.png\",\"contentUrl\":\"https:\\\/\\\/www.malinashop.lt\\\/wp-content\\\/uploads\\\/2024\\\/08\\\/462559670_3787732518133670_9795632669273463_n-e1731525914575.png\",\"width\":180,\"height\":60,\"caption\":\"COM Group Ecommerce\"},\"image\":{\"@id\":\"https:\\\/\\\/www.malinashop.lt\\\/en\\\/#\\\/schema\\\/logo\\\/image\\\/\"}}]}<\/script>\n<!-- \/ Yoast SEO plugin. -->","yoast_head_json":{"title":"LUMINEO dr\u0117kinamasis kremas su hialurono r\u016bg\u0161timi, 75 ml - MalinaShop.lt J\u016bs\u0173 sveikatai ir gro\u017eiui.","description":"LUMINEO BIO dr\u0117kinamasis kremas su hialurono r\u016bg\u0161timi \u2013 intensyvus odos dr\u0117kinimas, suteikia ilgalaik\u012f odos komfort\u0105 ir sveik\u0105 i\u0161vaizd\u0105.","robots":{"index":"index","follow":"follow","max-snippet":"max-snippet:-1","max-image-preview":"max-image-preview:large","max-video-preview":"max-video-preview:-1"},"canonical":"https:\/\/www.malinashop.lt\/en\/shop\/lumineo-drekinamasis-kremas-su-hialurono-rugstimi-75-ml\/","og_locale":"en_GB","og_type":"article","og_title":"LUMINEO dr\u0117kinamasis kremas su hialurono r\u016bg\u0161timi, 75 ml - MalinaShop.lt J\u016bs\u0173 sveikatai ir gro\u017eiui.","og_description":"LUMINEO BIO dr\u0117kinamasis kremas su hialurono r\u016bg\u0161timi \u2013 intensyvus odos dr\u0117kinimas, suteikia ilgalaik\u012f odos komfort\u0105 ir sveik\u0105 i\u0161vaizd\u0105.","og_url":"https:\/\/www.malinashop.lt\/en\/shop\/lumineo-drekinamasis-kremas-su-hialurono-rugstimi-75-ml\/","og_site_name":"MalinaShop.lt J\u016bs\u0173 sveikatai ir gro\u017eiui.","article_modified_time":"2026-03-18T18:44:23+00:00","og_image":[{"width":1024,"height":1024,"url":"https:\/\/www.malinashop.lt\/wp-content\/uploads\/2025\/06\/Gemini_Generated_Image_kten4ikten4ikten.png","type":"image\/png"}],"twitter_card":"summary_large_image","schema":{"@context":"https:\/\/schema.org","@graph":[{"@type":"WebPage","@id":"https:\/\/www.malinashop.lt\/lt_lt\/shop\/lumineo-drekinamasis-kremas-su-hialurono-rugstimi-75-ml\/","url":"https:\/\/www.malinashop.lt\/lt_lt\/shop\/lumineo-drekinamasis-kremas-su-hialurono-rugstimi-75-ml\/","name":"LUMINEO dr\u0117kinamasis kremas su hialurono r\u016bg\u0161timi, 75 ml - MalinaShop.lt J\u016bs\u0173 sveikatai ir gro\u017eiui.","isPartOf":{"@id":"https:\/\/www.malinashop.lt\/en\/#website"},"primaryImageOfPage":{"@id":"https:\/\/www.malinashop.lt\/lt_lt\/shop\/lumineo-drekinamasis-kremas-su-hialurono-rugstimi-75-ml\/#primaryimage"},"image":{"@id":"https:\/\/www.malinashop.lt\/lt_lt\/shop\/lumineo-drekinamasis-kremas-su-hialurono-rugstimi-75-ml\/#primaryimage"},"thumbnailUrl":"https:\/\/www.malinashop.lt\/wp-content\/uploads\/2025\/06\/Gemini_Generated_Image_kten4ikten4ikten.png","datePublished":"2025-06-03T19:20:44+00:00","dateModified":"2026-03-18T18:44:23+00:00","description":"LUMINEO BIO dr\u0117kinamasis kremas su hialurono r\u016bg\u0161timi \u2013 intensyvus odos dr\u0117kinimas, suteikia ilgalaik\u012f odos komfort\u0105 ir sveik\u0105 i\u0161vaizd\u0105.","breadcrumb":{"@id":"https:\/\/www.malinashop.lt\/lt_lt\/shop\/lumineo-drekinamasis-kremas-su-hialurono-rugstimi-75-ml\/#breadcrumb"},"inLanguage":"en-GB","potentialAction":[{"@type":"ReadAction","target":["https:\/\/www.malinashop.lt\/lt_lt\/shop\/lumineo-drekinamasis-kremas-su-hialurono-rugstimi-75-ml\/"]}]},{"@type":"ImageObject","inLanguage":"en-GB","@id":"https:\/\/www.malinashop.lt\/lt_lt\/shop\/lumineo-drekinamasis-kremas-su-hialurono-rugstimi-75-ml\/#primaryimage","url":"https:\/\/www.malinashop.lt\/wp-content\/uploads\/2025\/06\/Gemini_Generated_Image_kten4ikten4ikten.png","contentUrl":"https:\/\/www.malinashop.lt\/wp-content\/uploads\/2025\/06\/Gemini_Generated_Image_kten4ikten4ikten.png","width":1024,"height":1024},{"@type":"BreadcrumbList","@id":"https:\/\/www.malinashop.lt\/lt_lt\/shop\/lumineo-drekinamasis-kremas-su-hialurono-rugstimi-75-ml\/#breadcrumb","itemListElement":[{"@type":"ListItem","position":1,"name":"Home","item":"https:\/\/www.malinashop.lt\/"},{"@type":"ListItem","position":2,"name":"Parduotuv\u0117","item":"https:\/\/www.malinashop.lt\/en\/parduotuve\/"},{"@type":"ListItem","position":3,"name":"LUMINEO dr\u0117kinamasis kremas su hialurono r\u016bg\u0161timi, 75 ml"}]},{"@type":"WebSite","@id":"https:\/\/www.malinashop.lt\/en\/#website","url":"https:\/\/www.malinashop.lt\/en\/","name":"COM Group Ecommerce","description":"MalinaShop.lt - Gro\u017eio ir sveikatos produktai i\u0161 patikim\u0173 preki\u0173 \u017eenkl\u0173. Atraskite auk\u0161tos kokyb\u0117s kosmetik\u0105 u\u017e puiki\u0105 kain\u0105.","publisher":{"@id":"https:\/\/www.malinashop.lt\/en\/#organization"},"potentialAction":[{"@type":"SearchAction","target":{"@type":"EntryPoint","urlTemplate":"https:\/\/www.malinashop.lt\/en\/?s={search_term_string}"},"query-input":{"@type":"PropertyValueSpecification","valueRequired":true,"valueName":"search_term_string"}}],"inLanguage":"en-GB"},{"@type":"Organization","@id":"https:\/\/www.malinashop.lt\/en\/#organization","name":"COM Group Ecommerce","url":"https:\/\/www.malinashop.lt\/en\/","logo":{"@type":"ImageObject","inLanguage":"en-GB","@id":"https:\/\/www.malinashop.lt\/en\/#\/schema\/logo\/image\/","url":"https:\/\/www.malinashop.lt\/wp-content\/uploads\/2024\/08\/462559670_3787732518133670_9795632669273463_n-e1731525914575.png","contentUrl":"https:\/\/www.malinashop.lt\/wp-content\/uploads\/2024\/08\/462559670_3787732518133670_9795632669273463_n-e1731525914575.png","width":180,"height":60,"caption":"COM Group Ecommerce"},"image":{"@id":"https:\/\/www.malinashop.lt\/en\/#\/schema\/logo\/image\/"}}]}},"jetpack_sharing_enabled":true,"_links":{"self":[{"href":"https:\/\/www.malinashop.lt\/en\/wp-json\/wp\/v2\/product\/55774","targetHints":{"allow":["GET"]}}],"collection":[{"href":"https:\/\/www.malinashop.lt\/en\/wp-json\/wp\/v2\/product"}],"about":[{"href":"https:\/\/www.malinashop.lt\/en\/wp-json\/wp\/v2\/types\/product"}],"version-history":[{"count":8,"href":"https:\/\/www.malinashop.lt\/en\/wp-json\/wp\/v2\/product\/55774\/revisions"}],"predecessor-version":[{"id":75550,"href":"https:\/\/www.malinashop.lt\/en\/wp-json\/wp\/v2\/product\/55774\/revisions\/75550"}],"wp:featuredmedia":[{"embeddable":true,"href":"https:\/\/www.malinashop.lt\/en\/wp-json\/wp\/v2\/media\/74876"}],"wp:attachment":[{"href":"https:\/\/www.malinashop.lt\/en\/wp-json\/wp\/v2\/media?parent=55774"}],"wp:term":[{"taxonomy":"product_brand","embeddable":true,"href":"https:\/\/www.malinashop.lt\/en\/wp-json\/wp\/v2\/product_brand?post=55774"},{"taxonomy":"product_cat","embeddable":true,"href":"https:\/\/www.malinashop.lt\/en\/wp-json\/wp\/v2\/product_cat?post=55774"},{"taxonomy":"product_tag","embeddable":true,"href":"https:\/\/www.malinashop.lt\/en\/wp-json\/wp\/v2\/product_tag?post=55774"}],"curies":[{"name":"wp","href":"https:\/\/api.w.org\/{rel}","templated":true}]}}